{"id":1053,"date":"2017-10-30T19:04:43","date_gmt":"2017-10-30T19:04:43","guid":{"rendered":"http:\/\/thibaut.wpengine.com\/?page_id=1053"},"modified":"2025-10-13T13:35:54","modified_gmt":"2025-10-13T13:35:54","slug":"privater-transfer-flughafen-barcelona","status":"publish","type":"page","link":"https:\/\/bonjourbarcelone.fr\/de\/privater-transfer-flughafen-barcelona\/","title":{"rendered":"Machen Sie denselben Fehler wie 99% von Leuten, die Barcelona besuchen?"},"content":{"rendered":"<p>Hinweis: Wenn Sie an einer R\u00fcckreise zum Flughafen interessiert sind, sollten Sie sich f\u00fcr die R\u00fcckreise entscheiden, <a href=\"https:\/\/bonjourbarcelone.fr\/de\/transfer-vom-stadtzentrum-zu-einem-flughafen-in-franzosischer-sprache\/\" target=\"_blank\" rel=\"noopener noreferrer\">klicken Sie hier<\/a>.<\/p>\n<p><strong>Sie kommen wie 9O% der Reisenden mit dem Flugzeug in Barcelona an?<\/strong><\/p>\n<p>Lesen Sie genau, was folgt...<\/p>\n<h2><center>Denn die meisten Reisenden machen den Fehler, bei ihrer Ankunft ein Taxi zu nehmen.<\/center><\/h2>\n<h2><center>Oder <strong>noch schlimmer<\/strong>.<\/center><\/h2>\n<h2><center>Sie machen den Fehler, \u00f6ffentliche Verkehrsmittel zu benutzen.<\/center><\/h2>\n<p>Vielleicht sind Sie gerade dabei, sich \u00fcber die Stadt Barcelona zu informieren.<\/p>\n<p>So finden Sie heraus, was Sie als Erstes besuchen sollten.<\/p>\n<p>Wie man sich in der Stadt fortbewegt.<\/p>\n<p>Gute Tipps finden.<\/p>\n<p>Und <strong>Sie haben Recht<\/strong>.<\/p>\n<p>Ich mache das Gleiche, wenn ich auf Reisen gehe.<\/p>\n<p>Es gibt nichts Schlimmeres, als in eine Stadt zu kommen, die man nicht kennt...<\/p>\n<p>Ohne etwas vorbereitet zu haben!<\/p>\n<p>Ohne die Sprache zu sprechen.<\/p>\n<p>Ohne zu wissen, was uns Zeit sparen (oder verlieren) wird.<\/p>\n<h2><center><strong>In Ihrem Fall<\/strong>:<\/center><\/h2>\n<p>Sie reisen mit Ihren Taschen und Koffern nach Barcelona.<\/p>\n<p>Sie kommen vom Flughafen aus an.<\/p>\n<p>Und Sie m\u00f6chten sich zu Ihrer Unterkunft begeben. M\u00f6glichst schnell, wenn m\u00f6glich.<\/p>\n<p>Ohne dass es in \u00f6ffentlichen Verkehrsmitteln, in denen Sie dicht gedr\u00e4ngt stehen, zur Qual wird.<\/p>\n<p>Die vielleicht eine Ewigkeit brauchen, um zu Ihrer Unterkunft zu gelangen.<\/p>\n<p>Und voller Taschendiebe.<\/p>\n<p><strong>Stellen Sie sich vor<\/strong>...<\/p>\n<p>Sie sind mit Ihren Koffern und Taschen unterwegs.<\/p>\n<p>Sie laufen Gefahr, bestohlen zu werden.<\/p>\n<p>Sie haben Ihr gesamtes Geld bei sich.<\/p>\n<p>Ihre P\u00e4sse, Dokumente<\/p>\n<h2><center>Es gibt nichts Schlimmeres, als eine Reise anzutreten und am ersten Tag bestohlen zu werden.<\/center><\/h2>\n<p>Anschlie\u00dfend m\u00fcssen Sie Ihre Bank anrufen und Ihre EC-Karten sperren lassen.<\/p>\n<p>Sie m\u00fcssen zur Polizei gehen und eine Diebstahlanzeige machen.<\/p>\n<p>Sie m\u00fcssen zur franz\u00f6sischen Botschaft gehen, um anschlie\u00dfend mit einem vorl\u00e4ufigen Dokument nach Hause reisen zu k\u00f6nnen.<\/p>\n<p>Kurz und gut.<\/p>\n<p><strong>Es geht drunter und dr\u00fcber<\/strong>.<\/p>\n<p>Und leider passiert das ziemlich h\u00e4ufig Reisenden, die mit \u00f6ffentlichen Verkehrsmitteln wie der U-Bahn oder dem Bus fahren.<\/p>\n<h2><center>Haben Sie daran gedacht, ein Taxi zu nehmen?<\/center><\/h2>\n<p>Das ist nicht viel besser.<\/p>\n<p>Zwischen falschen Taxis.<\/p>\n<p>Taxis, die den Taxameter nicht einschalten, die sagen, dass er nicht funktioniert oder wenn er so ver\u00e4ndert wird, dass er schneller als normal f\u00e4hrt.<\/p>\n<p>Diejenigen, die Ihnen riesige Umwege machen, ohne dass Sie es bemerken.<\/p>\n<p>Es ist leicht, betrogen zu werden.<\/p>\n<p>Eine Freundin von mir zahlte \u00fcber 100,00 Euro f\u00fcr eine Fahrt vom Flughafen zu ihrer Unterkunft im Stadtzentrum.<\/p>\n<p><strong>Ein sch\u00f6ner Schwindel<\/strong> !<\/p>\n<p>Nicht zu vergessen, dass man oft eine Stunde oder l\u00e4nger auf ein Taxi warten muss.<\/p>\n<p>In Wirklichkeit ist dies das eigentliche Problem:<\/p>\n<h2><center><strong>Sie kennen kein Verkehrsmittel, das zuverl\u00e4ssig, bequem und schnell ist<\/strong>.<\/center><\/h2>\n<p>Und Sie nehmen entweder ein Taxi oder die \u00f6ffentlichen Verkehrsmittel und hoffen, dass alles gut geht.<\/p>\n<p>Genau um diese Unannehmlichkeiten zu vermeiden, habe ich beschlossen, einen Service anzubieten, der f\u00fcr Reisende wie Sie perfekt ist.<\/p>\n<h2><center>Mit einem vertrauensw\u00fcrdigen Transferunternehmen bieten wir Ihnen LE <strong>Idealtransfer<\/strong> um Ihren Urlaub zu beginnen.<\/center><\/h2>\n<p>Auch f\u00fcr Personen, die nicht viel Geld zur Verf\u00fcgung haben.<\/p>\n<aside class=\"block-note\">\n<p class=\"block-offer-desc\"><strong>Unsere Begleiter haben einzigartige Vorteile<\/strong>:<\/p>\n<ul>\n<li>sie sprechen <strong>Franz\u00f6sisch<\/strong> was die Kommunikation einfach macht<\/li>\n<li>sie warten bei Ihrer Ankunft am Flughafen mit einem Schild mit Ihrem Namen auf Sie, um Sie <strong>Warten vermeiden<\/strong> 1 bis 2 Stunden ein Taxi<\/li>\n<li>sie dich <strong>helfen mit den Koffern<\/strong> damit Sie nach Ihrem Flug nicht m\u00fcde werden<\/li>\n<li>die <strong>Preis ist fest<\/strong>Dies verhindert m\u00f6gliche Betr\u00fcgereien.<\/li>\n<li>wenn Ihr Flugzeug Versp\u00e4tung hat, wartet die Begleitperson auf Sie <strong>ohne Mehrkosten<\/strong><\/li>\n<li>Ihre Begleitperson <strong>beantwortet alle Ihre Fragen<\/strong> w\u00e4hrend der Fahrt<\/li>\n<li>gibt es <strong>Baby-\/Kinderautositze<\/strong> bei Bedarf (was Taxis so gut wie nie haben)<\/li>\n<\/ul>\n<\/aside>\n<p>Mit unserem Transferservice...<\/p>\n<p>Sie sind sicher, dass Sie schnell zu Ihrer Unterkunft gelangen.<\/p>\n<p>Ohne bestohlen oder betrogen worden zu sein<\/p>\n<p>Und entspannt, weil wir Ihnen mit den Koffern geholfen haben.<\/p>\n<p>Und Sie sind einfach gem\u00fctlich im Auto sitzen geblieben.<\/p>\n<p>Hier sind einige <strong>R\u00fcckmeldungen von Reisenden, die einen Transfer bei uns gebucht haben<\/strong>:<\/p>\n<blockquote><p>Einwandfreier Transfer mit Paul, der perfekt Franz\u00f6sisch spricht. Angenehmes Fahren und er beantwortet Ihre Fragen.<br \/>\nWir empfehlen es!<\/p>\n<p style=\"text-align: right;\">Alexandre und Nathalie<\/p>\n<p>Danke Hallo Barcelona! Unser Flugzeug hatte Versp\u00e4tung, aber die Person war wirklich da und hat auf uns gewartet. Super freundlich noch dazu. Wir beschlossen, gleich einen R\u00fcckflug zu buchen.<\/p>\n<p style=\"text-align: right;\">Jean-Pierre und seine Freunde<\/p>\n<p>Perfekter Transfer vom Hotel zum Flughafen. Paul war um 4:20 Uhr morgens zu fr\u00fch da!!! und ist sehr freundlich und viel angenehmer gefahren als unser Taxi auf dem Hinweg!!! Ich empfehle es weiter<\/p>\n<p style=\"text-align: right;\">Jos\u00e9<\/p>\n<p>Ich wollte mich bei Ihnen f\u00fcr alles bedanken, was Sie f\u00fcr uns bez\u00fcglich des Transfers vom Flughafen zum Hotel und der F\u00fchrung getan haben.<br \/>\nWir wurden vom Fahrer und von Floriane sehr gut empfangen.<br \/>\nWir sind sehr zufrieden mit unserem Aufenthalt und dank Ihnen war alles perfekt.<br \/>\nFloriane war charmant und angenehm und beherrscht ihr Thema super gut, und dank ihr haben wir gesehen, was wir wollten.<br \/>\nAuch der Fahrer war gro\u00dfartig und wir werden ihn am Sonntag auf unserer R\u00fcckreise nach Frankreich dabei haben.<br \/>\nWir werden diesen Aufenthalt auf jeden Fall nicht vergessen und beim n\u00e4chsten Mal werden wir uns auf jeden Fall wieder an Sie wenden, das ist sicher.<br \/>\nTausend Dank f\u00fcr alles und wir genie\u00dfen unseren letzten Abend in der sch\u00f6nen Stadt Barcelona.<\/p>\n<p style=\"text-align: right;\">Violette<\/p>\n<p>Sehr guter Service. Vor allem, wenn der Flug um Mitternacht kommt, und sie warten auf uns, wenn es eine Versp\u00e4tung gibt. Es gibt keine \u00dcberraschungen. Danke an die Fahrer.<\/p>\n<p style=\"text-align: right;\">SCHOEMANN<\/p>\n<p>Es war ein toller Service, den ich \u00fcber Ihre Website kennengelernt habe, ein einwandfreier Flughafentransfer mit einer zus\u00e4tzlichen Stadtf\u00fchrung, der Fahrer war super freundlich, es w\u00e4re ein Taxi mit Umleitungen gewesen, der Tarif w\u00e4re nicht derselbe gewesen, mit diesem Service gibt es keine \u00dcberraschungen bei der Ankunft, der Tarif ist fest, sehr empfehlenswert, danke Paul.<\/p>\n<p style=\"text-align: right;\">DI PENTIMA MARINA<\/p>\n<p>Hochwertiger VIP-Service<br \/>\nF\u00fcr einen Low-Cost-Preis<br \/>\nBravo zu Ihrer Firma und Bravo zu Ihren Fahrern<br \/>\nNochmals vielen Dank<\/p>\n<p style=\"text-align: right;\"> Bettioui <\/p>\n<p>Transfer vom Hotel zum Flughafen am 26.02. von Paul durchgef\u00fchrt, einwandfrei. P\u00fcnktlich zur richtigen Zeit vor dem Hotel, sehr hilfsbereit, angenehm und professionell. Er spricht perfekt Franz\u00f6sisch.<\/p>\n<p>Ich empfehle diesen Dienst wirklich.<\/p>\n<p style=\"text-align: right;\"> Magn\u00e9 <\/p>\n<p>Sehr angenehm und sehr professionell. Und extrem p\u00fcnktlich.<br \/>\neine fehlerlose!<br \/>\nZu empfehlen +++<\/p>\n<p style=\"text-align: right;\">Herv\u00e9<\/p>\n<p>Wir haben uns sehr wohl gef\u00fchlt und waren sehr zufrieden mit unserem Aufenthalt in Barcelona. Er hat uns viele kleine Infos f\u00fcr unseren Aufenthalt in Barcelona gegeben und wir haben sogar eine F\u00fchrung bis zum Meer bekommen.<br \/>\nViel Geselligkeit und Freundlichkeit .<br \/>\nWir haben nur einen Wunsch, wiederzukommen!<\/p>\n<p style=\"text-align: right;\">Geoffroy<\/p>\n<p>Wir empfehlen diesen Service.<br \/>\nPaul war sofort zur Stelle, als wir aus dem Flugzeug stiegen, und war w\u00e4hrend der gesamten Fahrt sehr angenehm. Sehr netter Fahrer, der uns in tadellosem Franz\u00f6sisch mehrere katalanische Anekdoten erz\u00e4hlte.<br \/>\nDanke Paul!!!<\/p>\n<p style=\"text-align: right;\">Monteiro<\/p>\n<p>Service von sehr guter Qualit\u00e4t. Wir hatten Paul nicht, aber er hat alles getan, um einen anderen Fahrer f\u00fcr uns zu finden, und sich nach unserer Ankunft nach uns erkundigt. Das Fahrzeug war sehr komfortabel und sauber. Unser Fahrer war h\u00f6flich, vorausschauend, p\u00fcnktlich und hat uns zugeh\u00f6rt. Es ist sehr angenehm, diesen Service zu haben, wenn man in ein Land kommt, das man nicht kennt. Ein gro\u00dfes Dankesch\u00f6n an Gloria und Paul f\u00fcr ihr Wissen und K\u00f6nnen. Viel Erfolg weiterhin. Patricia und cyrille<\/p>\n<p style=\"text-align: right;\">Patricia Pelletier<\/p>\n<p>Eine sehr gute Kommunikation, Paul war sehr nett zu uns und hat uns beraten... Ein sehr aufmerksamer Service, den ich 100% empfehlen kann.<\/p>\n<p style=\"text-align: right;\">Stephanie Matias<\/p>\n<p>Vielen Dank f\u00fcr den Transfer vom Flughafen zum Hotel und zur\u00fcck! Einwandfrei! Sehr sauberes Auto, sehr h\u00f6flicher und netter Fahrer! Sprach sehr gut Franz\u00f6sisch! Es tut gut, in einem unbekannten Land anzukommen und so empfangen zu werden! Keine falsche Note! Wir empfehlen diesen Service .<\/p>\n<p style=\"text-align: right;\">Ragot<\/p>\n<p>Perfekter Taxiservice, ich wurde bei meiner Ankunft am Flughafen von einem Fahrer abgeholt, der sehr freundlich und professionell war, mir sehr geholfen hat und mir gute Tipps f\u00fcr meine weitere Reise gegeben hat, und das alles in perfektem Franz\u00f6sisch ;)<br \/>\nZu empfehlen!<\/p>\n<p style=\"text-align: right;\">Ade<\/p>\n<p>Wir waren sehr zufrieden mit dem Service und der P\u00fcnktlichkeit, die wir an den Tag gelegt haben.<\/p>\n<p>Im Vergleich dazu sind wir auf Taxifahrer gesto\u00dfen, die kein Wort Franz\u00f6sisch sprachen, und da merkt man, dass der Service einen angenehmen Komfort bietet.<\/p>\n<p style=\"text-align: right;\">Stevender<\/p>\n<p>Perfekt, sowohl auf dem Hin- als auch auf dem R\u00fcckweg. Unser freundlicher Fahrer Paul sprach ein tadelloses Franz\u00f6sisch und gab uns viele Tipps und Informationen. Festpreis mehr als angemessen, vor allem, wenn Ihr Hotel weit vom Flughafen entfernt liegt. Zu empfehlen +++<\/p>\n<p style=\"text-align: right;\"> Dominique <\/p>\n<p>Der Service war sehr professionell. Unser Fahrer war wirklich sehr nett und hat uns w\u00e4hrend der Fahrt sogar eine kleine F\u00fchrung gegeben. Sehr angenehm und sehr professionell. Und extrem p\u00fcnktlich.<\/p>\n<p style=\"text-align: right;\">Labergere<\/p>\n<\/blockquote>\n<p>Sie wissen jetzt, dass unser Transferservice die ideale M\u00f6glichkeit ist, Ihren Urlaub in Barcelona zu beginnen.<\/p>\n<p><strong>Hier ist eine einfache Berechnung<\/strong>:<\/p>\n<p>Angenommen, Sie sind ein Paar und fahren vier Tage weg.<\/p>\n<p>Eine Reise kostet:<br \/>\n- 400.00 Euro in der Unterkunft (100.00 Euro pro Nacht im Stadtzentrum)<br \/>\n- 300.00 Euro mit dem Flugzeug (150.00 Euro pro Person f\u00fcr einen Hin- und R\u00fcckflug)<br \/>\n- 240.00 Euro in Restaurants (8 Restaurants \u00e0 30.00 Euro pro Person)<\/p>\n<p>Dies entspricht bereits 940,00 Euro an Ausgaben.<\/p>\n<p>Dazu kommt noch der Transport.<\/p>\n<p>Der Preis f\u00fcr den Eintritt in die Sehensw\u00fcrdigkeiten.<\/p>\n<p>Die Fr\u00fchst\u00fccke.<\/p>\n<p>Ausgehen am Abend.<\/p>\n<p>Eink\u00e4ufe vor Ort.<\/p>\n<p>M\u00f6gliche Betrugsrisiken.<\/p>\n<p>So kommt man schnell auf fast 1.500,00 Euro an Ausgaben.<\/p>\n<h2><center>Reisen ist eine gro\u00dfe Investition in Geld.<\/center><\/h2>\n<p>Aber auch in Zeit.<\/p>\n<p>Denn wir haben nur wenige Ferien im Jahr.<\/p>\n<p>Und sie m\u00fcssen unbedingt auf die bestm\u00f6gliche Art und Weise ablaufen.<\/p>\n<h2><center>Deshalb ist das Nehmen eines Transfers bei uns <strong>f\u00fcr jeden zug\u00e4nglich<\/strong>.<\/center><\/h2>\n<p>Der Preis betr\u00e4gt nur 59\u20ac, um einen idealen Transfer zu erhalten.<\/p>\n<p>Und wer wird Sie <strong>Ihren Urlaub auf die beste Art und Weise beginnen<\/strong>.<\/p>\n<div class=\"su-box su-box-style-default\" id=\"\" style=\"border-color:#017520;border-radius:3px;\"><div class=\"su-box-title\" style=\"background-color:#34A853;color:#FFFFFF;border-top-left-radius:1px;border-top-right-radius:1px\">Reservierung<\/div><div class=\"su-box-content su-u-clearfix su-u-trim\" style=\"border-bottom-left-radius:1px;border-bottom-right-radius:1px\">\n<strong>Fester Tarif<\/strong>:<br \/>\nVon 1 bis 3 Personen: 59\u20ac.<br \/>\nVon 4 bis 6 Personen: 69\u20ac.<br \/>\n7-8 Personen: 99\u20ac.<\/p>\n<p><strong>Beispiel<\/strong>: Wenn Sie zu zweit sind, betr\u00e4gt die Gesamtgeb\u00fchr tats\u00e4chlich 59\u20ac.<\/p>\n<p>Die Bezahlung erfolgt in bar am Ende Ihres Transfers.<\/p>\n<p><strong>Hinweis<\/strong>: Wenn es sich um eine R\u00fcckfahrt zum Flughafen handelt, an der Sie interessiert sind, <a href=\"https:\/\/bonjourbarcelone.fr\/de\/transfert-centre-ville-vers-aeroport\/\" target=\"_blank\" rel=\"noopener noreferrer\">klicken Sie hier<\/a>.<\/p>\n<p>Wenn Sie mit Ihrer \u00dcberweisung nicht zufrieden sind, zahlen Sie nicht. Wir sind so sicher, dass Sie mit unserem Service zufrieden sein werden, dass wir diese <strong>Geld-zur\u00fcck-Garantie<\/strong>. Sie nehmen also nicht <strong>kein Risiko<\/strong> bei uns zu buchen.<\/p>\n<p><strong>ERINNERUNG<\/strong>: Der Transfer ist sehr privat. Sie haben ein Fahrzeug und einen Begleiter ganz f\u00fcr sich allein!<br \/>\n<\/div><\/div>\n<strong>F\u00fcllen Sie das folgende Formular aus, um Ihren privaten Transfer auf Deutsch zu buchen:<\/strong><br \/>\n\u2028\u2028<\/p>\n<h4><strong>FAQ (h\u00e4ufig gestellte Fragen):<\/strong><\/h4>\n<p><strong>\"Wir haben ein Baby\/Kleinkind, haben Sie einen passenden Sitz?\"<\/strong><br \/>\nJa, nat\u00fcrlich. Geben Sie dies einfach an, wenn Sie das Buchungsformular ausf\u00fcllen.<br \/>\n<strong>\"Wie k\u00f6nnen wir sicher sein, dass wir unseren Fahrer wiederfinden?\"<\/strong><br \/>\nIhre Begleitperson wird am Ausgang der Passagiere auf Sie warten, sodass Sie sich nicht irren k\u00f6nnen.<br \/>\nSie haben seine Telefonnummer f\u00fcr den Fall der F\u00e4lle, und er hat auch Ihre. Denken Sie daran, Ihr Telefon einzuschalten, wenn das Flugzeug gelandet ist.<br \/>\n<strong>\" Was sind die Zahlungsmittel \"<\/strong><br \/>\nDie Bezahlung erfolgt immer erst am Zielort, wenn Sie mit dem Service zufrieden sind. Die Zahlung erfolgt in bar.<br \/>\n<strong>\"Ist es m\u00f6glich, eine Rechnung zu bekommen?\"<\/strong><br \/>\nJa, nat\u00fcrlich. Fragen Sie einfach beim Ausf\u00fcllen des Formulars oder Ihre Begleitperson, wenn Sie in Barcelona sind.<\/p>\n<p>&nbsp;<\/p>\n<h4><strong>Haben Sie noch weitere Fragen?<\/strong><\/h4>\n<p>Sie k\u00f6nnen sie uns per E-Mail an folgende Adresse schicken: bonjourbarcelone.marie@gmail.com<br \/>\nWir werden Ihnen innerhalb weniger Stunden antworten.<\/p>","protected":false},"excerpt":{"rendered":"<p>Hinweis: Wenn Sie an einer R\u00fcckfahrt zum Flughafen interessiert sind, klicken Sie hier. Sie kommen wie 9O% der Reisenden mit dem Flugzeug in Barcelona an? Lesen Sie weiter... Die meisten Reisenden machen den Fehler, bei ihrer Ankunft ein Taxi zu nehmen. Oder noch schlimmer. Sie machen den Fehler, die \u00f6ffentlichen Verkehrsmittel zu benutzen. [...]<\/p>","protected":false},"author":2,"featured_media":3660,"parent":0,"menu_order":0,"comment_status":"closed","ping_status":"closed","template":"page_landing.php","meta":{"om_disable_all_campaigns":false,"_genesis_hide_title":false,"_genesis_hide_breadcrumbs":false,"_genesis_hide_singular_image":false,"_genesis_hide_footer_widgets":false,"_genesis_custom_body_class":"","_genesis_custom_post_class":"","_genesis_layout":"content-sidebar","footnotes":""},"class_list":{"0":"post-1053","1":"page","2":"type-page","3":"status-publish","4":"has-post-thumbnail","6":"entry"},"yoast_head":"<!-- This site is optimized with the Yoast SEO plugin v26.5 - https:\/\/yoast.com\/wordpress\/plugins\/seo\/ -->\n<title>Fa\u00eetes-vous la m\u00eame erreur que 99% des gens qui visitent Barcelone ?<\/title>\n<meta name=\"robots\" content=\"noindex, nofollow\" \/>\n<meta property=\"og:locale\" content=\"de_DE\" \/>\n<meta property=\"og:type\" content=\"article\" \/>\n<meta property=\"og:title\" content=\"Fa\u00eetes-vous la m\u00eame erreur que 99% des gens qui visitent Barcelone ?\" \/>\n<meta property=\"og:description\" content=\"Note: si c&rsquo;est un retour vers l&rsquo;a\u00e9roport qui vous int\u00e9resse, cliquez ici. Vous arrivez \u00e0 Barcelone en avion comme 9O% des voyageurs ? Lisez bien ce qui va suivre\u2026 Car la plupart des voyageurs font l\u2019erreur de prendre un taxi \u00e0 leur arriv\u00e9e. Ou encore pire. Ils font l\u2019erreur de prendre les transports en commun. [&hellip;]\" \/>\n<meta property=\"og:url\" content=\"https:\/\/bonjourbarcelone.fr\/de\/privater-transfer-flughafen-barcelona\/\" \/>\n<meta property=\"og:site_name\" content=\"Visiter Barcelone\" \/>\n<meta property=\"article:modified_time\" content=\"2025-10-13T13:35:54+00:00\" \/>\n<meta property=\"og:image\" content=\"https:\/\/bonjourbarcelone.fr\/wp-content\/uploads\/2024\/03\/transfer-aeroport-barcelone.jpeg\" \/>\n\t<meta property=\"og:image:width\" content=\"482\" \/>\n\t<meta property=\"og:image:height\" content=\"319\" \/>\n\t<meta property=\"og:image:type\" content=\"image\/jpeg\" \/>\n<meta name=\"twitter:card\" content=\"summary_large_image\" \/>\n<meta name=\"twitter:label1\" content=\"Gesch\u00e4tzte Lesezeit\" \/>\n\t<meta name=\"twitter:data1\" content=\"6\u00a0Minuten\" \/>\n<script type=\"application\/ld+json\" class=\"yoast-schema-graph\">{\"@context\":\"https:\/\/schema.org\",\"@graph\":[{\"@type\":\"WebPage\",\"@id\":\"https:\/\/bonjourbarcelone.fr\/transfert-prive-aeroport-barcelone\/\",\"url\":\"https:\/\/bonjourbarcelone.fr\/transfert-prive-aeroport-barcelone\/\",\"name\":\"Fa\u00eetes-vous la m\u00eame erreur que 99% des gens qui visitent Barcelone ?\",\"isPartOf\":{\"@id\":\"https:\/\/bonjourbarcelone.fr\/#website\"},\"primaryImageOfPage\":{\"@id\":\"https:\/\/bonjourbarcelone.fr\/transfert-prive-aeroport-barcelone\/#primaryimage\"},\"image\":{\"@id\":\"https:\/\/bonjourbarcelone.fr\/transfert-prive-aeroport-barcelone\/#primaryimage\"},\"thumbnailUrl\":\"https:\/\/bonjourbarcelone.fr\/wp-content\/uploads\/2024\/03\/transfer-aeroport-barcelone.jpeg\",\"datePublished\":\"2017-10-30T19:04:43+00:00\",\"dateModified\":\"2025-10-13T13:35:54+00:00\",\"breadcrumb\":{\"@id\":\"https:\/\/bonjourbarcelone.fr\/transfert-prive-aeroport-barcelone\/#breadcrumb\"},\"inLanguage\":\"de\",\"potentialAction\":[{\"@type\":\"ReadAction\",\"target\":[\"https:\/\/bonjourbarcelone.fr\/transfert-prive-aeroport-barcelone\/\"]}]},{\"@type\":\"ImageObject\",\"inLanguage\":\"de\",\"@id\":\"https:\/\/bonjourbarcelone.fr\/transfert-prive-aeroport-barcelone\/#primaryimage\",\"url\":\"https:\/\/bonjourbarcelone.fr\/wp-content\/uploads\/2024\/03\/transfer-aeroport-barcelone.jpeg\",\"contentUrl\":\"https:\/\/bonjourbarcelone.fr\/wp-content\/uploads\/2024\/03\/transfer-aeroport-barcelone.jpeg\",\"width\":482,\"height\":319,\"caption\":\"transfer aeroport barcelone\"},{\"@type\":\"BreadcrumbList\",\"@id\":\"https:\/\/bonjourbarcelone.fr\/transfert-prive-aeroport-barcelone\/#breadcrumb\",\"itemListElement\":[{\"@type\":\"ListItem\",\"position\":1,\"name\":\"Accueil\",\"item\":\"https:\/\/bonjourbarcelone.fr\/\"},{\"@type\":\"ListItem\",\"position\":2,\"name\":\"Fa\u00eetes-vous la m\u00eame erreur que 99% des gens qui visitent Barcelone ?\"}]},{\"@type\":\"WebSite\",\"@id\":\"https:\/\/bonjourbarcelone.fr\/#website\",\"url\":\"https:\/\/bonjourbarcelone.fr\/\",\"name\":\"Visiter Barcelone\",\"description\":\"Tout pour passer un s\u00e9jour inoubliable en 2026 !\",\"potentialAction\":[{\"@type\":\"SearchAction\",\"target\":{\"@type\":\"EntryPoint\",\"urlTemplate\":\"https:\/\/bonjourbarcelone.fr\/?s={search_term_string}\"},\"query-input\":{\"@type\":\"PropertyValueSpecification\",\"valueRequired\":true,\"valueName\":\"search_term_string\"}}],\"inLanguage\":\"de\"}]}<\/script>\n<!-- \/ Yoast SEO plugin. -->","yoast_head_json":{"title":"Machen Sie denselben Fehler wie 99% von Leuten, die Barcelona besuchen?","robots":{"index":"noindex","follow":"nofollow"},"og_locale":"de_DE","og_type":"article","og_title":"Fa\u00eetes-vous la m\u00eame erreur que 99% des gens qui visitent Barcelone ?","og_description":"Note: si c&rsquo;est un retour vers l&rsquo;a\u00e9roport qui vous int\u00e9resse, cliquez ici. Vous arrivez \u00e0 Barcelone en avion comme 9O% des voyageurs ? Lisez bien ce qui va suivre\u2026 Car la plupart des voyageurs font l\u2019erreur de prendre un taxi \u00e0 leur arriv\u00e9e. Ou encore pire. Ils font l\u2019erreur de prendre les transports en commun. [&hellip;]","og_url":"https:\/\/bonjourbarcelone.fr\/de\/privater-transfer-flughafen-barcelona\/","og_site_name":"Visiter Barcelone","article_modified_time":"2025-10-13T13:35:54+00:00","og_image":[{"width":482,"height":319,"url":"https:\/\/bonjourbarcelone.fr\/wp-content\/uploads\/2024\/03\/transfer-aeroport-barcelone.jpeg","type":"image\/jpeg"}],"twitter_card":"summary_large_image","twitter_misc":{"Gesch\u00e4tzte Lesezeit":"6\u00a0Minuten"},"schema":{"@context":"https:\/\/schema.org","@graph":[{"@type":"WebPage","@id":"https:\/\/bonjourbarcelone.fr\/transfert-prive-aeroport-barcelone\/","url":"https:\/\/bonjourbarcelone.fr\/transfert-prive-aeroport-barcelone\/","name":"Machen Sie denselben Fehler wie 99% von Leuten, die Barcelona besuchen?","isPartOf":{"@id":"https:\/\/bonjourbarcelone.fr\/#website"},"primaryImageOfPage":{"@id":"https:\/\/bonjourbarcelone.fr\/transfert-prive-aeroport-barcelone\/#primaryimage"},"image":{"@id":"https:\/\/bonjourbarcelone.fr\/transfert-prive-aeroport-barcelone\/#primaryimage"},"thumbnailUrl":"https:\/\/bonjourbarcelone.fr\/wp-content\/uploads\/2024\/03\/transfer-aeroport-barcelone.jpeg","datePublished":"2017-10-30T19:04:43+00:00","dateModified":"2025-10-13T13:35:54+00:00","breadcrumb":{"@id":"https:\/\/bonjourbarcelone.fr\/transfert-prive-aeroport-barcelone\/#breadcrumb"},"inLanguage":"de","potentialAction":[{"@type":"ReadAction","target":["https:\/\/bonjourbarcelone.fr\/transfert-prive-aeroport-barcelone\/"]}]},{"@type":"ImageObject","inLanguage":"de","@id":"https:\/\/bonjourbarcelone.fr\/transfert-prive-aeroport-barcelone\/#primaryimage","url":"https:\/\/bonjourbarcelone.fr\/wp-content\/uploads\/2024\/03\/transfer-aeroport-barcelone.jpeg","contentUrl":"https:\/\/bonjourbarcelone.fr\/wp-content\/uploads\/2024\/03\/transfer-aeroport-barcelone.jpeg","width":482,"height":319,"caption":"transfer aeroport barcelone"},{"@type":"BreadcrumbList","@id":"https:\/\/bonjourbarcelone.fr\/transfert-prive-aeroport-barcelone\/#breadcrumb","itemListElement":[{"@type":"ListItem","position":1,"name":"Accueil","item":"https:\/\/bonjourbarcelone.fr\/"},{"@type":"ListItem","position":2,"name":"Fa\u00eetes-vous la m\u00eame erreur que 99% des gens qui visitent Barcelone ?"}]},{"@type":"WebSite","@id":"https:\/\/bonjourbarcelone.fr\/#website","url":"https:\/\/bonjourbarcelone.fr\/","name":"Barcelona besuchen","description":"Tout pour passer un s\u00e9jour inoubliable en 2026 !","potentialAction":[{"@type":"SearchAction","target":{"@type":"EntryPoint","urlTemplate":"https:\/\/bonjourbarcelone.fr\/?s={search_term_string}"},"query-input":{"@type":"PropertyValueSpecification","valueRequired":true,"valueName":"search_term_string"}}],"inLanguage":"de"}]}},"_links":{"self":[{"href":"https:\/\/bonjourbarcelone.fr\/de\/wp-json\/wp\/v2\/pages\/1053","targetHints":{"allow":["GET"]}}],"collection":[{"href":"https:\/\/bonjourbarcelone.fr\/de\/wp-json\/wp\/v2\/pages"}],"about":[{"href":"https:\/\/bonjourbarcelone.fr\/de\/wp-json\/wp\/v2\/types\/page"}],"author":[{"embeddable":true,"href":"https:\/\/bonjourbarcelone.fr\/de\/wp-json\/wp\/v2\/users\/2"}],"replies":[{"embeddable":true,"href":"https:\/\/bonjourbarcelone.fr\/de\/wp-json\/wp\/v2\/comments?post=1053"}],"version-history":[{"count":6,"href":"https:\/\/bonjourbarcelone.fr\/de\/wp-json\/wp\/v2\/pages\/1053\/revisions"}],"predecessor-version":[{"id":3992,"href":"https:\/\/bonjourbarcelone.fr\/de\/wp-json\/wp\/v2\/pages\/1053\/revisions\/3992"}],"wp:featuredmedia":[{"embeddable":true,"href":"https:\/\/bonjourbarcelone.fr\/de\/wp-json\/wp\/v2\/media\/3660"}],"wp:attachment":[{"href":"https:\/\/bonjourbarcelone.fr\/de\/wp-json\/wp\/v2\/media?parent=1053"}],"curies":[{"name":"wp","href":"https:\/\/api.w.org\/{rel}","templated":true}]}}