{"id":1074,"date":"2018-01-12T18:11:50","date_gmt":"2018-01-12T18:11:50","guid":{"rendered":"http:\/\/thibaut.wpengine.com\/?page_id=1074"},"modified":"2018-01-12T18:13:01","modified_gmt":"2018-01-12T18:13:01","slug":"cgv","status":"publish","type":"page","link":"https:\/\/bonjourbarcelone.fr\/de\/cgv\/","title":{"rendered":"Allgemeine Gesch\u00e4fts- und Nutzungsbedingungen"},"content":{"rendered":"<p>1. Durch den Besuch dieses Blogs (bonjourbarcelone.de) erkl\u00e4ren Sie sich damit einverstanden, dass Sie die Nutzungsbedingungen dieses Blogs gelesen, verstanden und akzeptiert haben.<\/p>\n<p>&nbsp;<\/p>\n<p>2. Die in diesem Blog angebotenen Dienste und Ratschl\u00e4ge richten sich an jedermann. Wenn Sie die Informationen und Ratschl\u00e4ge dieses Blogs zu kommerziellen Zwecken nutzen, schulden Sie dem Autor von Rechts wegen eine Entsch\u00e4digung in H\u00f6he von 75% der Einnahmen, die durch die Nutzung der Ratschl\u00e4ge und Informationen des Autors erzielt wurden. Jegliche Nutzung, Vervielf\u00e4ltigung, Weiterverkauf oder einfache schriftliche oder m\u00fcndliche Kommunikation der Produkte, Dienstleistungen und Inhalte, die in diesem Blog angeboten werden, ist ohne die schriftliche Zustimmung dieses Blogs und seines Vertreters strengstens verboten und wird systematisch verfolgt.<\/p>\n<p>&nbsp;<\/p>\n<p>3. Der Inhalt dieses Blogs dient dem Austausch von Informationen, Gedanken und Ratschl\u00e4gen.<\/p>\n<p>&nbsp;<\/p>\n<p>4. Sie verstehen und stimmen zu, dass die in diesem Blog angebotenen Informationen und Ratschl\u00e4ge nicht f\u00fcr illegale Zwecke verwendet werden d\u00fcrfen. Sie verstehen und stimmen zu, dass Sie allein f\u00fcr Ihre Handlungen und deren Folgen verantwortlich sind. Dieser Blog, sein Vertreter und seine Partner haften nicht f\u00fcr eine unangemessene Nutzung seiner Informationen und Ratschl\u00e4ge oder generell f\u00fcr jegliche direkte oder indirekte Folgen Ihrer Handlungen. Dieser Blog, sein Vertreter und seine Partner garantieren keine Ergebnisse, die sich aus der Anwendung von Ratschl\u00e4gen ergeben.<\/p>\n<p>&nbsp;<\/p>\n<p>6. bonjourbarcelone.fr haftet weder f\u00fcr inhaltliche Fehler noch f\u00fcr Viren oder andere Elemente, die die Integrit\u00e4t Ihrer Computerhardware beeintr\u00e4chtigen k\u00f6nnen, noch f\u00fcr m\u00f6gliche Folgen einer Sicherheitsl\u00fccke in seinem Paypal\u2122-Zahlungssystem. Sie tragen allein die Risiken, die mit der Nutzung dieses Blogs sowie aller Websites, zu denen dieser Blog Links enth\u00e4lt, verbunden sind.<\/p>\n<p>&nbsp;<\/p>\n<p>7. Sie verstehen und stimmen zu, dass, wenn Sie diesem Blog eine schriftliche oder m\u00fcndliche Aussage \u00fcber eines seiner Produkte oder Dienstleistungen \u00fcbermitteln, diese Aussage in das Eigentum des Blogs \u00fcbergeht, was die \u00dcbertragung des Rechts auf Vervielf\u00e4ltigung, Bearbeitung und Ver\u00f6ffentlichung einschlie\u00dft. Sofern Sie nicht schriftlich darum bitten, darf diese Ver\u00f6ffentlichung Ihren Vornamen, Ihren Beruf und Ihren Wohnort enthalten.<\/p>\n<p>&nbsp;<\/p>\n<p>8. Bestimmte Teile des Blogs sind privat und das Moderationsteam beh\u00e4lt sich das Recht auf Zutritt vor. Der Zugang zu diesen Bereichen kann Ihnen daher ohne Vorwarnung oder Begr\u00fcndung verweigert werden.<\/p>\n<p>9. Weder dieser Blog noch sein Autor oder das mit ihm verbundene Unternehmen sind f\u00fcr Ereignisse verantwortlich, die an Orten, mit bestimmten Diensten oder mit bestimmten Personen, die in diesem Blog empfohlen werden, stattfinden k\u00f6nnen.<\/p>\n<p>10. Die in diesem Blog angebotenen Dienstleistungen sind nicht ergebnisorientiert, ebenso wenig wie die der empfohlenen Partner und Unternehmen.<\/p>\n<p>&nbsp;<\/p>\n<p>11. Sie verstehen und stimmen zu, dass im Falle von Meinungsverschiedenheiten die Bedingungen dieser Allgemeinen Gesch\u00e4fts- und Nutzungsbedingungen Vorrang vor jeglicher m\u00fcndlichen oder schriftlichen Kommunikation haben, die zwischen Ihnen und einem der Vertreter oder Partner dieses Blogs stattfindet.<\/p>\n<p>&nbsp;<\/p>\n<p>12. Wenn Sie sich f\u00fcr den Newsletter anmelden, stimmen Sie zu, Artikel, Videos, Gesch\u00e4ftsangebote, Podcasts und andere Tipps zu erhalten, die Ihnen helfen, Ihre Reise nach Barcelona besser zu genie\u00dfen.<\/p>","protected":false},"excerpt":{"rendered":"<p>1. En visitant ce blog (bonjourbarcelone.fr), vous vous engagez \u00e0 avoir lu, compris et accept\u00e9 les conditions g\u00e9n\u00e9rales d&rsquo;utilisation de ce blog. &nbsp; 2. Les services et les conseils propos\u00e9s par ce blog s&rsquo;adressent \u00e0 tout le monde. En cas d&rsquo;utilisation des informations et conseils prodigu\u00e9s sur ce blog \u00e0 des fins commerciales, vous serez [&hellip;]<\/p>","protected":false},"author":2,"featured_media":0,"parent":0,"menu_order":0,"comment_status":"closed","ping_status":"closed","template":"","meta":{"om_disable_all_campaigns":false,"_genesis_hide_title":false,"_genesis_hide_breadcrumbs":false,"_genesis_hide_singular_image":false,"_genesis_hide_footer_widgets":false,"_genesis_custom_body_class":"","_genesis_custom_post_class":"","_genesis_layout":"","footnotes":""},"class_list":{"0":"post-1074","1":"page","2":"type-page","3":"status-publish","5":"entry"},"yoast_head":"<!-- This site is optimized with the Yoast SEO plugin v26.5 - https:\/\/yoast.com\/wordpress\/plugins\/seo\/ -->\n<title>Conditions g\u00e9n\u00e9rales de vente et d\u2019utilisation<\/title>\n<meta name=\"robots\" content=\"noindex, nofollow\" \/>\n<meta property=\"og:locale\" content=\"de_DE\" \/>\n<meta property=\"og:type\" content=\"article\" \/>\n<meta property=\"og:title\" content=\"Conditions g\u00e9n\u00e9rales de vente et d\u2019utilisation\" \/>\n<meta property=\"og:description\" content=\"1. En visitant ce blog (bonjourbarcelone.fr), vous vous engagez \u00e0 avoir lu, compris et accept\u00e9 les conditions g\u00e9n\u00e9rales d&rsquo;utilisation de ce blog. &nbsp; 2. Les services et les conseils propos\u00e9s par ce blog s&rsquo;adressent \u00e0 tout le monde. En cas d&rsquo;utilisation des informations et conseils prodigu\u00e9s sur ce blog \u00e0 des fins commerciales, vous serez [&hellip;]\" \/>\n<meta property=\"og:url\" content=\"https:\/\/bonjourbarcelone.fr\/de\/cgv\/\" \/>\n<meta property=\"og:site_name\" content=\"Visiter Barcelone\" \/>\n<meta property=\"article:modified_time\" content=\"2018-01-12T18:13:01+00:00\" \/>\n<meta name=\"twitter:card\" content=\"summary_large_image\" \/>\n<meta name=\"twitter:label1\" content=\"Gesch\u00e4tzte Lesezeit\" \/>\n\t<meta name=\"twitter:data1\" content=\"3\u00a0Minuten\" \/>\n<script type=\"application\/ld+json\" class=\"yoast-schema-graph\">{\"@context\":\"https:\/\/schema.org\",\"@graph\":[{\"@type\":\"WebPage\",\"@id\":\"https:\/\/bonjourbarcelone.fr\/cgv\/\",\"url\":\"https:\/\/bonjourbarcelone.fr\/cgv\/\",\"name\":\"Conditions g\u00e9n\u00e9rales de vente et d\u2019utilisation\",\"isPartOf\":{\"@id\":\"https:\/\/bonjourbarcelone.fr\/#website\"},\"datePublished\":\"2018-01-12T18:11:50+00:00\",\"dateModified\":\"2018-01-12T18:13:01+00:00\",\"breadcrumb\":{\"@id\":\"https:\/\/bonjourbarcelone.fr\/cgv\/#breadcrumb\"},\"inLanguage\":\"de\",\"potentialAction\":[{\"@type\":\"ReadAction\",\"target\":[\"https:\/\/bonjourbarcelone.fr\/cgv\/\"]}]},{\"@type\":\"BreadcrumbList\",\"@id\":\"https:\/\/bonjourbarcelone.fr\/cgv\/#breadcrumb\",\"itemListElement\":[{\"@type\":\"ListItem\",\"position\":1,\"name\":\"Accueil\",\"item\":\"https:\/\/bonjourbarcelone.fr\/\"},{\"@type\":\"ListItem\",\"position\":2,\"name\":\"Conditions g\u00e9n\u00e9rales de vente et d\u2019utilisation\"}]},{\"@type\":\"WebSite\",\"@id\":\"https:\/\/bonjourbarcelone.fr\/#website\",\"url\":\"https:\/\/bonjourbarcelone.fr\/\",\"name\":\"Visiter Barcelone\",\"description\":\"Tout pour passer un s\u00e9jour inoubliable en 2026 !\",\"potentialAction\":[{\"@type\":\"SearchAction\",\"target\":{\"@type\":\"EntryPoint\",\"urlTemplate\":\"https:\/\/bonjourbarcelone.fr\/?s={search_term_string}\"},\"query-input\":{\"@type\":\"PropertyValueSpecification\",\"valueRequired\":true,\"valueName\":\"search_term_string\"}}],\"inLanguage\":\"de\"}]}<\/script>\n<!-- \/ Yoast SEO plugin. -->","yoast_head_json":{"title":"Allgemeine Gesch\u00e4fts- und Nutzungsbedingungen","robots":{"index":"noindex","follow":"nofollow"},"og_locale":"de_DE","og_type":"article","og_title":"Conditions g\u00e9n\u00e9rales de vente et d\u2019utilisation","og_description":"1. En visitant ce blog (bonjourbarcelone.fr), vous vous engagez \u00e0 avoir lu, compris et accept\u00e9 les conditions g\u00e9n\u00e9rales d&rsquo;utilisation de ce blog. &nbsp; 2. Les services et les conseils propos\u00e9s par ce blog s&rsquo;adressent \u00e0 tout le monde. En cas d&rsquo;utilisation des informations et conseils prodigu\u00e9s sur ce blog \u00e0 des fins commerciales, vous serez [&hellip;]","og_url":"https:\/\/bonjourbarcelone.fr\/de\/cgv\/","og_site_name":"Visiter Barcelone","article_modified_time":"2018-01-12T18:13:01+00:00","twitter_card":"summary_large_image","twitter_misc":{"Gesch\u00e4tzte Lesezeit":"3\u00a0Minuten"},"schema":{"@context":"https:\/\/schema.org","@graph":[{"@type":"WebPage","@id":"https:\/\/bonjourbarcelone.fr\/cgv\/","url":"https:\/\/bonjourbarcelone.fr\/cgv\/","name":"Allgemeine Gesch\u00e4fts- und Nutzungsbedingungen","isPartOf":{"@id":"https:\/\/bonjourbarcelone.fr\/#website"},"datePublished":"2018-01-12T18:11:50+00:00","dateModified":"2018-01-12T18:13:01+00:00","breadcrumb":{"@id":"https:\/\/bonjourbarcelone.fr\/cgv\/#breadcrumb"},"inLanguage":"de","potentialAction":[{"@type":"ReadAction","target":["https:\/\/bonjourbarcelone.fr\/cgv\/"]}]},{"@type":"BreadcrumbList","@id":"https:\/\/bonjourbarcelone.fr\/cgv\/#breadcrumb","itemListElement":[{"@type":"ListItem","position":1,"name":"Accueil","item":"https:\/\/bonjourbarcelone.fr\/"},{"@type":"ListItem","position":2,"name":"Conditions g\u00e9n\u00e9rales de vente et d\u2019utilisation"}]},{"@type":"WebSite","@id":"https:\/\/bonjourbarcelone.fr\/#website","url":"https:\/\/bonjourbarcelone.fr\/","name":"Barcelona besuchen","description":"Tout pour passer un s\u00e9jour inoubliable en 2026 !","potentialAction":[{"@type":"SearchAction","target":{"@type":"EntryPoint","urlTemplate":"https:\/\/bonjourbarcelone.fr\/?s={search_term_string}"},"query-input":{"@type":"PropertyValueSpecification","valueRequired":true,"valueName":"search_term_string"}}],"inLanguage":"de"}]}},"_links":{"self":[{"href":"https:\/\/bonjourbarcelone.fr\/de\/wp-json\/wp\/v2\/pages\/1074","targetHints":{"allow":["GET"]}}],"collection":[{"href":"https:\/\/bonjourbarcelone.fr\/de\/wp-json\/wp\/v2\/pages"}],"about":[{"href":"https:\/\/bonjourbarcelone.fr\/de\/wp-json\/wp\/v2\/types\/page"}],"author":[{"embeddable":true,"href":"https:\/\/bonjourbarcelone.fr\/de\/wp-json\/wp\/v2\/users\/2"}],"replies":[{"embeddable":true,"href":"https:\/\/bonjourbarcelone.fr\/de\/wp-json\/wp\/v2\/comments?post=1074"}],"version-history":[{"count":0,"href":"https:\/\/bonjourbarcelone.fr\/de\/wp-json\/wp\/v2\/pages\/1074\/revisions"}],"wp:attachment":[{"href":"https:\/\/bonjourbarcelone.fr\/de\/wp-json\/wp\/v2\/media?parent=1074"}],"curies":[{"name":"wp","href":"https:\/\/api.w.org\/{rel}","templated":true}]}}