{"id":1385,"date":"2019-02-24T19:06:16","date_gmt":"2019-02-24T19:06:16","guid":{"rendered":"https:\/\/bonjourbarcelone.fr\/?page_id=1385"},"modified":"2019-08-15T09:05:40","modified_gmt":"2019-08-15T09:05:40","slug":"alle-artikel-von-bonjourbarcelone-de","status":"publish","type":"page","link":"https:\/\/bonjourbarcelone.fr\/de\/alle-artikel-von-bonjourbarcelone-de\/","title":{"rendered":"Alle Artikel von Bonjourbarcelone.fr"},"content":{"rendered":"<p><a href=\"https:\/\/bonjourbarcelone.fr\/de\/gefuhrte-tour-durch-barcelona\/\">Buchen Sie einen Besuch bei uns und machen Sie Ihren Aufenthalt unvergesslich<\/a><\/p>\n<h2>Wesentliche Artikel:<\/h2>\n<p><a href=\"https:\/\/bonjourbarcelone.fr\/de\/flughafen-barcelona\/\">Flughafen Barcelona: Wie man schnell ins Zentrum gelangt<\/a><br \/>\n<a href=\"https:\/\/bonjourbarcelone.fr\/de\/hotel-barcelona-center\/\">Wo man in Barcelona schlafen kann<\/a><br \/>\n<a href=\"https:\/\/bonjourbarcelone.fr\/de\/was-tun-in-barcelona\/\">Was man in Barcelona unternehmen kann<\/a><br \/>\n<a href=\"https:\/\/bonjourbarcelone.fr\/de\/restaurant-barcelona\/\">Wo man in Barcelona essen kann<\/a><\/p>\n<h2>Denkm\u00e4ler:<\/h2>\n<p><a href=\"https:\/\/bonjourbarcelone.fr\/de\/sagrada-familia-interieur-tickets\/\">Sagrada Familia<\/a><br \/>\n<a href=\"https:\/\/bonjourbarcelone.fr\/de\/picasso-museum-barcelona\/\">Picasso-Museum<\/a><br \/>\n<a href=\"https:\/\/bonjourbarcelone.fr\/de\/palast-der-katalanischen-musik\/\">Palast der katalanischen Musik<\/a><br \/>\n<a href=\"https:\/\/bonjourbarcelone.fr\/de\/kathedrale-heiliges-kreuz-barcelona\/\">Kathedrale des Heiligen Kreuzes<\/a><br \/>\n<a href=\"https:\/\/bonjourbarcelone.fr\/de\/casa-batllo-barcelona\/\">Casa Batllo<\/a><br \/>\n<a href=\"https:\/\/bonjourbarcelone.fr\/de\/casa-mila-barcelona-pedrera\/\">Casa Mila\/Pedrera<\/a><br \/>\n<a href=\"https:\/\/bonjourbarcelone.fr\/de\/stiftung-miro-barcelona\/\">Miro-Stiftung<\/a><\/p>\n<h2>Andere Artikel:<\/h2>\n<p><a href=\"https:\/\/bonjourbarcelone.fr\/de\/park-montjuic-barcelona\/\">Montjuic-Park<\/a><br \/>\n<a href=\"https:\/\/bonjourbarcelone.fr\/de\/barceloneta-viertel\/\">Barceloneta<\/a><br \/>\n<a href=\"https:\/\/bonjourbarcelone.fr\/de\/parc-guell-barcelona\/\">Park Guell<\/a><br \/>\n<a href=\"https:\/\/bonjourbarcelone.fr\/de\/camp-nou-barcelona\/\">Camp Nou<\/a><br \/>\n<a href=\"https:\/\/bonjourbarcelone.fr\/de\/las-ramblas-barcelona\/\">Las Ramblas<\/a><br \/>\n<a href=\"https:\/\/bonjourbarcelone.fr\/de\/offentlicher-transport-barcelona\/\">\u00d6ffentliche Verkehrsmittel<\/a><br \/>\n<a href=\"https:\/\/bonjourbarcelone.fr\/de\/strand-barcelona\/\">Barcelonas Str\u00e4nde<\/a><br \/>\n<a href=\"https:\/\/bonjourbarcelone.fr\/de\/veganes-restaurant-barcelona\/\">Wo man vegan essen kann<\/a><br \/>\n<a href=\"https:\/\/bonjourbarcelone.fr\/de\/metro-barcelona\/\">Die U-Bahn in Barcelona<\/a><br \/>\n<a href=\"https:\/\/bonjourbarcelone.fr\/de\/bus-barcelona\/\">Der Bus in Barcelona<\/a><br \/>\n<a href=\"https:\/\/bonjourbarcelone.fr\/de\/spanische-gerichte\/\">Spanische Gerichte<\/a><br \/>\n<a href=\"https:\/\/bonjourbarcelone.fr\/de\/shopping-barcelona\/\">Einkaufen in Barcelona<\/a><br \/>\n<a href=\"https:\/\/bonjourbarcelone.fr\/de\/wochenendausflug-nach-barcelona\/\">Wochenende in Barcelona<\/a><br \/>\n<a href=\"https:\/\/bonjourbarcelone.fr\/de\/touristischer-bus-barcelona\/\">Barcelona Sightseeing Bus<\/a><br \/>\n<a href=\"https:\/\/bonjourbarcelone.fr\/de\/la-boqueria\/\">La Boqueria<\/a><br \/>\n<a href=\"https:\/\/bonjourbarcelone.fr\/de\/nachtclub-barcelona\/\">Nachtclubs<\/a><br \/>\n<a href=\"https:\/\/bonjourbarcelone.fr\/de\/aktivitat-barcelona\/\">10 Aktivit\u00e4ten, die Sie in Barcelona unternehmen k\u00f6nnen<\/a><br \/>\n<a href=\"https:\/\/bonjourbarcelone.fr\/de\/tauchen-barcelona\/\">Tauchen in Barcelona<\/a><br \/>\n<a href=\"https:\/\/bonjourbarcelone.fr\/de\/telefonieren-barcelona\/\">Barcelonas Seilbahnen<\/a><br \/>\n<a href=\"https:\/\/bonjourbarcelone.fr\/de\/taxi-barcelona\/\">Taxis in Barcelona<\/a><br \/>\n<a href=\"https:\/\/bonjourbarcelone.fr\/de\/oder-baden-die-schwimmbader-von-barcelona\/\">Barcelonas Pools<\/a><br \/>\n<a href=\"https:\/\/bonjourbarcelone.fr\/de\/parkplatz-barcelona\/\">Parkpl\u00e4tze in Barcelona<\/a><br \/>\n<a href=\"https:\/\/bonjourbarcelone.fr\/de\/barcelona-card\/\">Die Barcelona Card<\/a><br \/>\n<a href=\"https:\/\/bonjourbarcelone.fr\/de\/barcelona-city-pass\/\">Der Barcelona City Pass<\/a><br \/>\n<a href=\"https:\/\/bonjourbarcelone.fr\/de\/marathon-barcelona\/\">Der Marathon in Barcelona<\/a><br \/>\n<a href=\"https:\/\/bonjourbarcelone.fr\/de\/zara-barcelona\/\">Einkaufen bei Zara in Barcelona<\/a><br \/>\n<a href=\"https:\/\/bonjourbarcelone.fr\/de\/ou-ecouter-de-la-musique-a-barcelone-voici-les-meilleurs-endroits-2019\/\">Wo man in Barcelona Musik h\u00f6ren kann<\/a><br \/>\n<a href=\"https:\/\/bonjourbarcelone.fr\/de\/camping-barcelona\/\">Campingplatz Barcelona<\/a><br \/>\n<a href=\"https:\/\/bonjourbarcelone.fr\/de\/primark-barcelona\/\">Primark Barcelona<\/a><br \/>\n<a href=\"https:\/\/bonjourbarcelone.fr\/de\/paella\/\">Die Pa\u00eblla<\/a><br \/>\n<a href=\"https:\/\/bonjourbarcelone.fr\/de\/jugendherberge-barcelona\/\">Die 5 besten Jugendherbergen in Barcelona<\/a><br \/>\n<a href=\"https:\/\/bonjourbarcelone.fr\/de\/ciutadella-park\/\">Parc de la Ciutadella<\/a><br \/>\n<a href=\"https:\/\/bonjourbarcelone.fr\/de\/gaudi-barcelona\/\">Gaudi<\/a><br \/>\n<a href=\"https:\/\/bonjourbarcelone.fr\/de\/passeig-de-gracia\/\">Passeig de Gracia<\/a><br \/>\n<a href=\"https:\/\/bonjourbarcelone.fr\/de\/denkmal-barcelona\/\">TOP 6 Sehensw\u00fcrdigkeiten in Barcelona<\/a><br \/>\n<a href=\"https:\/\/bonjourbarcelone.fr\/de\/spiel-barcelona\/\">Ein Spiel des FC Barcelona besuchen<\/a><br \/>\n<a href=\"https:\/\/bonjourbarcelone.fr\/de\/aquarium-barcelona\/\">Das Aquarium in Barcelona<\/a><br \/>\n<a href=\"https:\/\/bonjourbarcelone.fr\/de\/nationales-kunstmuseum-von-katalonien\/\">Nationales Kunstmuseum von Katalonien<\/a><br \/>\n<a href=\"https:\/\/bonjourbarcelone.fr\/de\/sant-jordi\/\">Sant Jordi<\/a><br \/>\n<a href=\"https:\/\/bonjourbarcelone.fr\/de\/zoo-barcelona\/\">Der Zoo von Barcelona<\/a><br \/>\n<a href=\"https:\/\/bonjourbarcelone.fr\/de\/gotisches-viertel-barcelona\/\">Das Gotische Viertel in Barcelona<\/a><br \/>\n<a href=\"https:\/\/bonjourbarcelone.fr\/de\/plan-barcelona-karte\/\">Stadtplan von Barcelona<\/a><br \/>\n<a href=\"https:\/\/bonjourbarcelone.fr\/de\/merce-barcelona\/\">Merc\u00e9 aus Barcelona<\/a><br \/>\n<a href=\"https:\/\/bonjourbarcelone.fr\/de\/poble-espanyol\/\">Poble Espanyol<\/a><br \/>\n<a href=\"https:\/\/bonjourbarcelone.fr\/de\/tourist-office-barcelona\/\">Die Touristeninformation von Barcelona<\/a><br \/>\n<a href=\"https:\/\/bonjourbarcelone.fr\/de\/sardanentanz\/\">Der Sardana-Tanz<\/a><br \/>\n<a href=\"https:\/\/bonjourbarcelone.fr\/de\/cosmocaixa\/\">CosmoCaixa<\/a><br \/>\n<a href=\"https:\/\/bonjourbarcelone.fr\/de\/maremagnum\/\">Maremagnum<\/a><br \/>\n<a href=\"https:\/\/bonjourbarcelone.fr\/de\/turron\/\">turron<\/a><\/p>\n<h2>Am Stadtrand von Barcelona:<\/h2>\n<p><a href=\"https:\/\/bonjourbarcelone.fr\/de\/tibidabo\/\">Tibidabo<\/a><br \/>\n<a href=\"https:\/\/bonjourbarcelone.fr\/de\/sitges\/\">Sitges<\/a><br \/>\n<a href=\"https:\/\/bonjourbarcelone.fr\/de\/montserrat\/\">Montserrat<\/a><br \/>\n<a href=\"https:\/\/bonjourbarcelone.fr\/de\/portaventura\/\">PortAventura World<\/a><br \/>\n<a href=\"https:\/\/bonjourbarcelone.fr\/de\/ferrari-land\/\">Ferrari Land<\/a><br \/>\n<a href=\"https:\/\/bonjourbarcelone.fr\/de\/la-roca-dorf\/\">La Roca Dorf<\/a><\/p>","protected":false},"excerpt":{"rendered":"<p>R\u00e9server une visite avec nous et rendre votre s\u00e9jour inoubliable Articles essentiels: A\u00e9roport Barcelone: comment rejoindre le centre rapidement O\u00f9 dormir \u00e0 Barcelone Que faire \u00e0 Barcelone O\u00f9 manger \u00e0 Barcelone Monuments: Sagrada Familia Mus\u00e9e Picasso Palais de la musique catalane Cath\u00e9drale Sainte Croix Casa Batllo Casa Mila\/Pedrera Fondation Miro Autres articles: Parc Montjuic Barceloneta [&hellip;]<\/p>","protected":false},"author":2,"featured_media":0,"parent":0,"menu_order":0,"comment_status":"closed","ping_status":"closed","template":"","meta":{"om_disable_all_campaigns":false,"_genesis_hide_title":false,"_genesis_hide_breadcrumbs":false,"_genesis_hide_singular_image":false,"_genesis_hide_footer_widgets":false,"_genesis_custom_body_class":"","_genesis_custom_post_class":"","_genesis_layout":"","footnotes":""},"class_list":{"0":"post-1385","1":"page","2":"type-page","3":"status-publish","5":"entry"},"yoast_head":"<!-- This site is optimized with the Yoast SEO plugin v26.5 - https:\/\/yoast.com\/wordpress\/plugins\/seo\/ -->\n<title>Tous les articles de Bonjourbarcelone.fr<\/title>\n<meta name=\"robots\" content=\"index, follow, max-snippet:-1, max-image-preview:large, max-video-preview:-1\" \/>\n<link rel=\"canonical\" href=\"https:\/\/bonjourbarcelone.fr\/de\/alle-artikel-von-bonjourbarcelone-de\/\" \/>\n<meta property=\"og:locale\" content=\"de_DE\" \/>\n<meta property=\"og:type\" content=\"article\" \/>\n<meta property=\"og:title\" content=\"Tous les articles de Bonjourbarcelone.fr\" \/>\n<meta property=\"og:description\" content=\"R\u00e9server une visite avec nous et rendre votre s\u00e9jour inoubliable Articles essentiels: A\u00e9roport Barcelone: comment rejoindre le centre rapidement O\u00f9 dormir \u00e0 Barcelone Que faire \u00e0 Barcelone O\u00f9 manger \u00e0 Barcelone Monuments: Sagrada Familia Mus\u00e9e Picasso Palais de la musique catalane Cath\u00e9drale Sainte Croix Casa Batllo Casa Mila\/Pedrera Fondation Miro Autres articles: Parc Montjuic Barceloneta [&hellip;]\" \/>\n<meta property=\"og:url\" content=\"https:\/\/bonjourbarcelone.fr\/de\/alle-artikel-von-bonjourbarcelone-de\/\" \/>\n<meta property=\"og:site_name\" content=\"Visiter Barcelone\" \/>\n<meta property=\"article:modified_time\" content=\"2019-08-15T09:05:40+00:00\" \/>\n<meta name=\"twitter:card\" content=\"summary_large_image\" \/>\n<meta name=\"twitter:label1\" content=\"Gesch\u00e4tzte Lesezeit\" \/>\n\t<meta name=\"twitter:data1\" content=\"1\u00a0Minute\" \/>\n<script type=\"application\/ld+json\" class=\"yoast-schema-graph\">{\"@context\":\"https:\/\/schema.org\",\"@graph\":[{\"@type\":\"WebPage\",\"@id\":\"https:\/\/bonjourbarcelone.fr\/tous-les-articles-de-bonjourbarcelone-fr\/\",\"url\":\"https:\/\/bonjourbarcelone.fr\/tous-les-articles-de-bonjourbarcelone-fr\/\",\"name\":\"Tous les articles de Bonjourbarcelone.fr\",\"isPartOf\":{\"@id\":\"https:\/\/bonjourbarcelone.fr\/#website\"},\"datePublished\":\"2019-02-24T19:06:16+00:00\",\"dateModified\":\"2019-08-15T09:05:40+00:00\",\"breadcrumb\":{\"@id\":\"https:\/\/bonjourbarcelone.fr\/tous-les-articles-de-bonjourbarcelone-fr\/#breadcrumb\"},\"inLanguage\":\"de\",\"potentialAction\":[{\"@type\":\"ReadAction\",\"target\":[\"https:\/\/bonjourbarcelone.fr\/tous-les-articles-de-bonjourbarcelone-fr\/\"]}]},{\"@type\":\"BreadcrumbList\",\"@id\":\"https:\/\/bonjourbarcelone.fr\/tous-les-articles-de-bonjourbarcelone-fr\/#breadcrumb\",\"itemListElement\":[{\"@type\":\"ListItem\",\"position\":1,\"name\":\"Accueil\",\"item\":\"https:\/\/bonjourbarcelone.fr\/\"},{\"@type\":\"ListItem\",\"position\":2,\"name\":\"Tous les articles de Bonjourbarcelone.fr\"}]},{\"@type\":\"WebSite\",\"@id\":\"https:\/\/bonjourbarcelone.fr\/#website\",\"url\":\"https:\/\/bonjourbarcelone.fr\/\",\"name\":\"Visiter Barcelone\",\"description\":\"Tout pour passer un s\u00e9jour inoubliable en 2026 !\",\"potentialAction\":[{\"@type\":\"SearchAction\",\"target\":{\"@type\":\"EntryPoint\",\"urlTemplate\":\"https:\/\/bonjourbarcelone.fr\/?s={search_term_string}\"},\"query-input\":{\"@type\":\"PropertyValueSpecification\",\"valueRequired\":true,\"valueName\":\"search_term_string\"}}],\"inLanguage\":\"de\"}]}<\/script>\n<!-- \/ Yoast SEO plugin. -->","yoast_head_json":{"title":"Alle Artikel von Bonjourbarcelone.fr","robots":{"index":"index","follow":"follow","max-snippet":"max-snippet:-1","max-image-preview":"max-image-preview:large","max-video-preview":"max-video-preview:-1"},"canonical":"https:\/\/bonjourbarcelone.fr\/de\/alle-artikel-von-bonjourbarcelone-de\/","og_locale":"de_DE","og_type":"article","og_title":"Tous les articles de Bonjourbarcelone.fr","og_description":"R\u00e9server une visite avec nous et rendre votre s\u00e9jour inoubliable Articles essentiels: A\u00e9roport Barcelone: comment rejoindre le centre rapidement O\u00f9 dormir \u00e0 Barcelone Que faire \u00e0 Barcelone O\u00f9 manger \u00e0 Barcelone Monuments: Sagrada Familia Mus\u00e9e Picasso Palais de la musique catalane Cath\u00e9drale Sainte Croix Casa Batllo Casa Mila\/Pedrera Fondation Miro Autres articles: Parc Montjuic Barceloneta [&hellip;]","og_url":"https:\/\/bonjourbarcelone.fr\/de\/alle-artikel-von-bonjourbarcelone-de\/","og_site_name":"Visiter Barcelone","article_modified_time":"2019-08-15T09:05:40+00:00","twitter_card":"summary_large_image","twitter_misc":{"Gesch\u00e4tzte Lesezeit":"1\u00a0Minute"},"schema":{"@context":"https:\/\/schema.org","@graph":[{"@type":"WebPage","@id":"https:\/\/bonjourbarcelone.fr\/tous-les-articles-de-bonjourbarcelone-fr\/","url":"https:\/\/bonjourbarcelone.fr\/tous-les-articles-de-bonjourbarcelone-fr\/","name":"Alle Artikel von Bonjourbarcelone.fr","isPartOf":{"@id":"https:\/\/bonjourbarcelone.fr\/#website"},"datePublished":"2019-02-24T19:06:16+00:00","dateModified":"2019-08-15T09:05:40+00:00","breadcrumb":{"@id":"https:\/\/bonjourbarcelone.fr\/tous-les-articles-de-bonjourbarcelone-fr\/#breadcrumb"},"inLanguage":"de","potentialAction":[{"@type":"ReadAction","target":["https:\/\/bonjourbarcelone.fr\/tous-les-articles-de-bonjourbarcelone-fr\/"]}]},{"@type":"BreadcrumbList","@id":"https:\/\/bonjourbarcelone.fr\/tous-les-articles-de-bonjourbarcelone-fr\/#breadcrumb","itemListElement":[{"@type":"ListItem","position":1,"name":"Accueil","item":"https:\/\/bonjourbarcelone.fr\/"},{"@type":"ListItem","position":2,"name":"Tous les articles de Bonjourbarcelone.fr"}]},{"@type":"WebSite","@id":"https:\/\/bonjourbarcelone.fr\/#website","url":"https:\/\/bonjourbarcelone.fr\/","name":"Barcelona besuchen","description":"Tout pour passer un s\u00e9jour inoubliable en 2026 !","potentialAction":[{"@type":"SearchAction","target":{"@type":"EntryPoint","urlTemplate":"https:\/\/bonjourbarcelone.fr\/?s={search_term_string}"},"query-input":{"@type":"PropertyValueSpecification","valueRequired":true,"valueName":"search_term_string"}}],"inLanguage":"de"}]}},"_links":{"self":[{"href":"https:\/\/bonjourbarcelone.fr\/de\/wp-json\/wp\/v2\/pages\/1385","targetHints":{"allow":["GET"]}}],"collection":[{"href":"https:\/\/bonjourbarcelone.fr\/de\/wp-json\/wp\/v2\/pages"}],"about":[{"href":"https:\/\/bonjourbarcelone.fr\/de\/wp-json\/wp\/v2\/types\/page"}],"author":[{"embeddable":true,"href":"https:\/\/bonjourbarcelone.fr\/de\/wp-json\/wp\/v2\/users\/2"}],"replies":[{"embeddable":true,"href":"https:\/\/bonjourbarcelone.fr\/de\/wp-json\/wp\/v2\/comments?post=1385"}],"version-history":[{"count":0,"href":"https:\/\/bonjourbarcelone.fr\/de\/wp-json\/wp\/v2\/pages\/1385\/revisions"}],"wp:attachment":[{"href":"https:\/\/bonjourbarcelone.fr\/de\/wp-json\/wp\/v2\/media?parent=1385"}],"curies":[{"name":"wp","href":"https:\/\/api.w.org\/{rel}","templated":true}]}}