{"id":1654,"date":"2019-06-15T14:27:39","date_gmt":"2019-06-15T14:27:39","guid":{"rendered":"https:\/\/bonjourbarcelone.fr\/?page_id=1654"},"modified":"2019-06-15T14:27:39","modified_gmt":"2019-06-15T14:27:39","slug":"kategorie-verkehr","status":"publish","type":"page","link":"https:\/\/bonjourbarcelone.fr\/de\/kategorie-verkehr\/","title":{"rendered":"Kategorie Verkehr"},"content":{"rendered":"<p><a href=\"https:\/\/bonjourbarcelone.fr\/de\/flughafen-barcelona\/\">Ankunft vom Flughafen Barcelona<\/a><br \/>\n<a href=\"https:\/\/bonjourbarcelone.fr\/de\/barcelona-card\/\">Die Barcelona Card<\/a><br \/>\n<a href=\"https:\/\/bonjourbarcelone.fr\/de\/barcelona-city-pass\/\">Der Barcelona-Stadtpass<\/a><br \/>\n<a href=\"https:\/\/bonjourbarcelone.fr\/de\/offentlicher-transport-barcelona\/\">TOP 10 \u00d6ffentliche Verkehrsmittel<\/a><br \/>\n<a href=\"https:\/\/bonjourbarcelone.fr\/de\/metro-barcelona\/\">Die U-Bahn<\/a><br \/>\n<a href=\"https:\/\/bonjourbarcelone.fr\/de\/bus-barcelona\/\">Die Busse<\/a><br \/>\n<a href=\"https:\/\/bonjourbarcelone.fr\/de\/touristischer-bus-barcelona\/\">Der Touristenbus<\/a><br \/>\n<a href=\"https:\/\/bonjourbarcelone.fr\/de\/taxi-barcelona\/\">Die Taxis<\/a><br \/>\n<a href=\"https:\/\/bonjourbarcelone.fr\/de\/telefonieren-barcelona\/\">Die Seilbahnen<\/a><br \/>\n<a href=\"https:\/\/bonjourbarcelone.fr\/de\/parkplatz-barcelona\/\">Parkpl\u00e4tze in Barcelona<\/a><\/p>","protected":false},"excerpt":{"rendered":"<p>Arriv\u00e9e depuis l&rsquo;a\u00e9roport de Barcelone La Barcelona Card Le Barcelona city pass TOP 10 transports en commun Le m\u00e9tro Les bus Le bus touristiques Les taxis Les t\u00e9l\u00e9ph\u00e9riques Les parkings \u00e0 Barcelone<\/p>","protected":false},"author":2,"featured_media":0,"parent":0,"menu_order":0,"comment_status":"closed","ping_status":"closed","template":"","meta":{"om_disable_all_campaigns":false,"_genesis_hide_title":false,"_genesis_hide_breadcrumbs":false,"_genesis_hide_singular_image":false,"_genesis_hide_footer_widgets":false,"_genesis_custom_body_class":"","_genesis_custom_post_class":"","_genesis_layout":"","footnotes":""},"class_list":{"0":"post-1654","1":"page","2":"type-page","3":"status-publish","5":"entry"},"yoast_head":"<!-- This site is optimized with the Yoast SEO plugin v26.5 - https:\/\/yoast.com\/wordpress\/plugins\/seo\/ -->\n<title>Cat\u00e9gorie transports<\/title>\n<meta name=\"robots\" content=\"index, follow, max-snippet:-1, max-image-preview:large, max-video-preview:-1\" \/>\n<link rel=\"canonical\" href=\"https:\/\/bonjourbarcelone.fr\/de\/kategorie-verkehr\/\" \/>\n<meta property=\"og:locale\" content=\"de_DE\" \/>\n<meta property=\"og:type\" content=\"article\" \/>\n<meta property=\"og:title\" content=\"Cat\u00e9gorie transports\" \/>\n<meta property=\"og:description\" content=\"Arriv\u00e9e depuis l&rsquo;a\u00e9roport de Barcelone La Barcelona Card Le Barcelona city pass TOP 10 transports en commun Le m\u00e9tro Les bus Le bus touristiques Les taxis Les t\u00e9l\u00e9ph\u00e9riques Les parkings \u00e0 Barcelone\" \/>\n<meta property=\"og:url\" content=\"https:\/\/bonjourbarcelone.fr\/de\/kategorie-verkehr\/\" \/>\n<meta property=\"og:site_name\" content=\"Visiter Barcelone\" \/>\n<meta name=\"twitter:card\" content=\"summary_large_image\" \/>\n<script type=\"application\/ld+json\" class=\"yoast-schema-graph\">{\"@context\":\"https:\/\/schema.org\",\"@graph\":[{\"@type\":\"WebPage\",\"@id\":\"https:\/\/bonjourbarcelone.fr\/categorie-transports\/\",\"url\":\"https:\/\/bonjourbarcelone.fr\/categorie-transports\/\",\"name\":\"Cat\u00e9gorie transports\",\"isPartOf\":{\"@id\":\"https:\/\/bonjourbarcelone.fr\/#website\"},\"datePublished\":\"2019-06-15T14:27:39+00:00\",\"breadcrumb\":{\"@id\":\"https:\/\/bonjourbarcelone.fr\/categorie-transports\/#breadcrumb\"},\"inLanguage\":\"de\",\"potentialAction\":[{\"@type\":\"ReadAction\",\"target\":[\"https:\/\/bonjourbarcelone.fr\/categorie-transports\/\"]}]},{\"@type\":\"BreadcrumbList\",\"@id\":\"https:\/\/bonjourbarcelone.fr\/categorie-transports\/#breadcrumb\",\"itemListElement\":[{\"@type\":\"ListItem\",\"position\":1,\"name\":\"Accueil\",\"item\":\"https:\/\/bonjourbarcelone.fr\/\"},{\"@type\":\"ListItem\",\"position\":2,\"name\":\"Cat\u00e9gorie transports\"}]},{\"@type\":\"WebSite\",\"@id\":\"https:\/\/bonjourbarcelone.fr\/#website\",\"url\":\"https:\/\/bonjourbarcelone.fr\/\",\"name\":\"Visiter Barcelone\",\"description\":\"Tout pour passer un s\u00e9jour inoubliable en 2026 !\",\"potentialAction\":[{\"@type\":\"SearchAction\",\"target\":{\"@type\":\"EntryPoint\",\"urlTemplate\":\"https:\/\/bonjourbarcelone.fr\/?s={search_term_string}\"},\"query-input\":{\"@type\":\"PropertyValueSpecification\",\"valueRequired\":true,\"valueName\":\"search_term_string\"}}],\"inLanguage\":\"de\"}]}<\/script>\n<!-- \/ Yoast SEO plugin. -->","yoast_head_json":{"title":"Kategorie Verkehr","robots":{"index":"index","follow":"follow","max-snippet":"max-snippet:-1","max-image-preview":"max-image-preview:large","max-video-preview":"max-video-preview:-1"},"canonical":"https:\/\/bonjourbarcelone.fr\/de\/kategorie-verkehr\/","og_locale":"de_DE","og_type":"article","og_title":"Cat\u00e9gorie transports","og_description":"Arriv\u00e9e depuis l&rsquo;a\u00e9roport de Barcelone La Barcelona Card Le Barcelona city pass TOP 10 transports en commun Le m\u00e9tro Les bus Le bus touristiques Les taxis Les t\u00e9l\u00e9ph\u00e9riques Les parkings \u00e0 Barcelone","og_url":"https:\/\/bonjourbarcelone.fr\/de\/kategorie-verkehr\/","og_site_name":"Visiter Barcelone","twitter_card":"summary_large_image","schema":{"@context":"https:\/\/schema.org","@graph":[{"@type":"WebPage","@id":"https:\/\/bonjourbarcelone.fr\/categorie-transports\/","url":"https:\/\/bonjourbarcelone.fr\/categorie-transports\/","name":"Kategorie Verkehr","isPartOf":{"@id":"https:\/\/bonjourbarcelone.fr\/#website"},"datePublished":"2019-06-15T14:27:39+00:00","breadcrumb":{"@id":"https:\/\/bonjourbarcelone.fr\/categorie-transports\/#breadcrumb"},"inLanguage":"de","potentialAction":[{"@type":"ReadAction","target":["https:\/\/bonjourbarcelone.fr\/categorie-transports\/"]}]},{"@type":"BreadcrumbList","@id":"https:\/\/bonjourbarcelone.fr\/categorie-transports\/#breadcrumb","itemListElement":[{"@type":"ListItem","position":1,"name":"Accueil","item":"https:\/\/bonjourbarcelone.fr\/"},{"@type":"ListItem","position":2,"name":"Cat\u00e9gorie transports"}]},{"@type":"WebSite","@id":"https:\/\/bonjourbarcelone.fr\/#website","url":"https:\/\/bonjourbarcelone.fr\/","name":"Barcelona besuchen","description":"Tout pour passer un s\u00e9jour inoubliable en 2026 !","potentialAction":[{"@type":"SearchAction","target":{"@type":"EntryPoint","urlTemplate":"https:\/\/bonjourbarcelone.fr\/?s={search_term_string}"},"query-input":{"@type":"PropertyValueSpecification","valueRequired":true,"valueName":"search_term_string"}}],"inLanguage":"de"}]}},"_links":{"self":[{"href":"https:\/\/bonjourbarcelone.fr\/de\/wp-json\/wp\/v2\/pages\/1654","targetHints":{"allow":["GET"]}}],"collection":[{"href":"https:\/\/bonjourbarcelone.fr\/de\/wp-json\/wp\/v2\/pages"}],"about":[{"href":"https:\/\/bonjourbarcelone.fr\/de\/wp-json\/wp\/v2\/types\/page"}],"author":[{"embeddable":true,"href":"https:\/\/bonjourbarcelone.fr\/de\/wp-json\/wp\/v2\/users\/2"}],"replies":[{"embeddable":true,"href":"https:\/\/bonjourbarcelone.fr\/de\/wp-json\/wp\/v2\/comments?post=1654"}],"version-history":[{"count":0,"href":"https:\/\/bonjourbarcelone.fr\/de\/wp-json\/wp\/v2\/pages\/1654\/revisions"}],"wp:attachment":[{"href":"https:\/\/bonjourbarcelone.fr\/de\/wp-json\/wp\/v2\/media?parent=1654"}],"curies":[{"name":"wp","href":"https:\/\/api.w.org\/{rel}","templated":true}]}}