{"id":2998,"date":"2023-05-23T12:18:47","date_gmt":"2023-05-23T12:18:47","guid":{"rendered":"https:\/\/bonjourbarcelone.fr\/?page_id=2998"},"modified":"2024-05-22T14:34:56","modified_gmt":"2024-05-22T14:34:56","slug":"a-propos","status":"publish","type":"page","link":"https:\/\/bonjourbarcelone.fr\/de\/a-propos\/","title":{"rendered":"\u00dcber uns"},"content":{"rendered":"<p><img decoding=\"async\" src=\"https:\/\/bonjourbarcelone.fr\/wp-content\/uploads\/2024\/04\/Thibaut-profil-200x300.jpg\" alt=\"Thibaut Profil\" width=\"200\" height=\"300\" class=\"alignright size-medium wp-image-4982\" \/>Hallo,<\/p>\n<p>Ich bin Thibaut und habe beschlossen, die Website Bonjour Barcelone zu erstellen, um Ihnen dabei zu helfen <strong>Ihren Aufenthalt besser genie\u00dfen<\/strong> in dieser wundersch\u00f6nen Stadt!<\/p>\n<h2><strong>Warum genau diese Seite?<\/strong><\/h2>\n<p>Alles begann im Jahr 2012, als ich beschloss, Frankreich zu verlassen und nach Lissabon zu ziehen.<\/p>\n<p>Als ich dort ankam, war ich sehr entt\u00e4uscht, dass ich im Internet keine qualitativ hochwertigen Seiten f\u00fcr einen Besuch der portugiesischen Hauptstadt finden konnte.<\/p>\n<p>Die meisten Artikel stammten von Leuten, die einfach nur auf der Durchreise in der Stadt waren, und die Papierf\u00fchrer werden bestenfalls einmal im Jahr aktualisiert...<\/p>\n<p>Ich sagte zu mir selbst:<\/p>\n<blockquote><p>Man muss eine Seite starten <strong>von einem Einwohner gehalten<\/strong> das alles Wissenswerte \u00fcber einen Besuch in Lissabon zusammenfasst, mit Adressen, die <strong>t\u00e4glich aktualisiert<\/strong> !<\/p>\n<p>Eine umfassende, \u00fcbersichtliche und einfach zu navigierende Seite mit aktuellen Adressen!<br \/>\nJeder findet dort die Informationen, die er braucht, ohne Zeit zu verlieren.<\/p><\/blockquote>\n<p>Also beschloss ich, die Seite <a href=\"https:\/\/bonjourlisbonne.fr\/\" rel=\"noopener noreferrer\" target=\"_blank\">Hallolisbonne.de<\/a>die eine <strong>enormer Erfolg bei den Reisenden<\/strong>.<\/p>\n<p>Da ich die Stadt Barcelona sehr gut kenne und das gleiche Problem habe, relevante und aktuelle Informationen \u00fcber die Stadt Barcelona zu finden, ...<br \/>\nIch entschied mich einige Jahre sp\u00e4ter <strong>werfen Hallobarcelona.de<\/strong> (die Seite, auf der Sie sich gerade befinden!) <strong>mit Personen vor Ort<\/strong>.<\/p>\n<p>Und der Erfolg war ebenfalls sofort da, mit de <strong>zahlreiche positive R\u00fcckmeldungen<\/strong> von Reisenden, die die Website zur Planung ihrer Reise nutzten.<\/p>\n<h2><strong>Unsere anderen \"Guten Morgen\"<\/strong><\/h2>\n<p>Nach dem Erfolg des Konzepts \"Hallo\" haben wir beschlossen, weiterzumachen <strong>mit anderen St\u00e4dten<\/strong> in Europa.<\/p>\n<p>Die angebotenen Artikel und Dienstleistungen werden <strong>von lokalen Experten<\/strong> um Ihnen die <strong>bestm\u00f6gliche Erfahrungen<\/strong> !<\/p>\n<p>Die Liste all unserer Standorte hier: <a href=\"https:\/\/bonjourevasion.fr\/\" rel=\"noopener\" target=\"_blank\">https:\/\/bonjourevasion.fr\/<\/a><\/p>\n<p>Wir wurden \u00fcbrigens vom Guide du Routard empfohlen.<br \/>\n<img decoding=\"async\" src=\"https:\/\/bonjourbarcelone.fr\/wp-content\/uploads\/2024\/01\/logo-recommandation-routard-300x170.png\" alt=\"\" width=\"300\" height=\"170\" class=\"aligncenter size-medium wp-image-3604\" srcset=\"https:\/\/bonjourbarcelone.fr\/wp-content\/uploads\/2024\/01\/logo-recommandation-routard-300x170.png 300w, https:\/\/bonjourbarcelone.fr\/wp-content\/uploads\/2024\/01\/logo-recommandation-routard.png 420w\" sizes=\"(max-width: 300px) 100vw, 300px\" \/><\/p>\n<p>Auf Instagram k\u00f6nnen Sie eine Videopr\u00e4sentation von mir und dem Konzept Bonjour \u00c9vasion sehen:<\/p>\n<blockquote class=\"instagram-media\" data-instgrm-captioned data-instgrm-permalink=\"https:\/\/www.instagram.com\/reel\/C6eJ4JlM-Ee\/?utm_source=ig_embed&amp;utm_campaign=loading\" data-instgrm-version=\"14\" style=\" background:#FFF; border:0; border-radius:3px; box-shadow:0 0 1px 0 rgba(0,0,0,0.5),0 1px 10px 0 rgba(0,0,0,0.15); margin: 1px; max-width:540px; min-width:326px; padding:0; width:99.375%; width:-webkit-calc(100% - 2px); width:calc(100% - 2px);\">\n<div style=\"padding:16px;\"> <a href=\"https:\/\/www.instagram.com\/reel\/C6eJ4JlM-Ee\/?utm_source=ig_embed&amp;utm_campaign=loading\" style=\" background:#FFFFFF; line-height:0; padding:0 0; text-align:center; text-decoration:none; width:100%;\" target=\"_blank\" rel=\"noopener\"> <\/p>\n<div style=\" display: flex; flex-direction: row; align-items: center;\">\n<div style=\"background-color: #F4F4F4; border-radius: 50%; flex-grow: 0; height: 40px; margin-right: 14px; width: 40px;\"><\/div>\n<div style=\"display: flex; flex-direction: column; flex-grow: 1; justify-content: center;\">\n<div style=\" background-color: #F4F4F4; border-radius: 4px; flex-grow: 0; height: 14px; margin-bottom: 6px; width: 100px;\"><\/div>\n<div style=\" background-color: #F4F4F4; border-radius: 4px; flex-grow: 0; height: 14px; width: 60px;\"><\/div>\n<\/div>\n<\/div>\n<div style=\"padding: 19% 0;\"><\/div>\n<div style=\"display:block; height:50px; margin:0 auto 12px; width:50px;\"><svg width=\"50px\" height=\"50px\" viewbox=\"0 0 60 60\" version=\"1.1\" xmlns=\"https:\/\/www.w3.org\/2000\/svg\" xmlns:xlink=\"https:\/\/www.w3.org\/1999\/xlink\"><g stroke=\"none\" stroke-width=\"1\" fill=\"none\" fill-rule=\"evenodd\"><g transform=\"translate(-511.000000, -20.000000)\" fill=\"#000000\"><g><path d=\"M556.869,30.41 C554.814,30.41 553.148,32.076 553.148,34.131 C553.148,36.186 554.814,37.852 556.869,37.852 C558.924,37.852 560.59,36.186 560.59,34.131 C560.59,32.076 558.924,30.41 556.869,30.41 M541,60.657 C535.114,60.657 530.342,55.887 530.342,50 C530.342,44.114 535.114,39.342 541,39.342 C546.887,39.342 551.658,44.114 551.658,50 C551.658,55.887 546.887,60.657 541,60.657 M541,33.886 C532.1,33.886 524.886,41.1 524.886,50 C524.886,58.899 532.1,66.113 541,66.113 C549.9,66.113 557.115,58.899 557.115,50 C557.115,41.1 549.9,33.886 541,33.886 M565.378,62.101 C565.244,65.022 564.756,66.606 564.346,67.663 C563.803,69.06 563.154,70.057 562.106,71.106 C561.058,72.155 560.06,72.803 558.662,73.347 C557.607,73.757 556.021,74.244 553.102,74.378 C549.944,74.521 548.997,74.552 541,74.552 C533.003,74.552 532.056,74.521 528.898,74.378 C525.979,74.244 524.393,73.757 523.338,73.347 C521.94,72.803 520.942,72.155 519.894,71.106 C518.846,70.057 518.197,69.06 517.654,67.663 C517.244,66.606 516.755,65.022 516.623,62.101 C516.479,58.943 516.448,57.996 516.448,50 C516.448,42.003 516.479,41.056 516.623,37.899 C516.755,34.978 517.244,33.391 517.654,32.338 C518.197,30.938 518.846,29.942 519.894,28.894 C520.942,27.846 521.94,27.196 523.338,26.654 C524.393,26.244 525.979,25.756 528.898,25.623 C532.057,25.479 533.004,25.448 541,25.448 C548.997,25.448 549.943,25.479 553.102,25.623 C556.021,25.756 557.607,26.244 558.662,26.654 C560.06,27.196 561.058,27.846 562.106,28.894 C563.154,29.942 563.803,30.938 564.346,32.338 C564.756,33.391 565.244,34.978 565.378,37.899 C565.522,41.056 565.552,42.003 565.552,50 C565.552,57.996 565.522,58.943 565.378,62.101 M570.82,37.631 C570.674,34.438 570.167,32.258 569.425,30.349 C568.659,28.377 567.633,26.702 565.965,25.035 C564.297,23.368 562.623,22.342 560.652,21.575 C558.743,20.834 556.562,20.326 553.369,20.18 C550.169,20.033 549.148,20 541,20 C532.853,20 531.831,20.033 528.631,20.18 C525.438,20.326 523.257,20.834 521.349,21.575 C519.376,22.342 517.703,23.368 516.035,25.035 C514.368,26.702 513.342,28.377 512.574,30.349 C511.834,32.258 511.326,34.438 511.181,37.631 C511.035,40.831 511,41.851 511,50 C511,58.147 511.035,59.17 511.181,62.369 C511.326,65.562 511.834,67.743 512.574,69.651 C513.342,71.625 514.368,73.296 516.035,74.965 C517.703,76.634 519.376,77.658 521.349,78.425 C523.257,79.167 525.438,79.673 528.631,79.82 C531.831,79.965 532.853,80.001 541,80.001 C549.148,80.001 550.169,79.965 553.369,79.82 C556.562,79.673 558.743,79.167 560.652,78.425 C562.623,77.658 564.297,76.634 565.965,74.965 C567.633,73.296 568.659,71.625 569.425,69.651 C570.167,67.743 570.674,65.562 570.82,62.369 C570.966,59.17 571,58.147 571,50 C571,41.851 570.966,40.831 570.82,37.631\"><\/path><\/g><\/g><\/g><\/svg><\/div>\n<div style=\"padding-top: 8px;\">\n<div style=\" color:#3897f0; font-family:Arial,sans-serif; font-size:14px; font-style:normal; font-weight:550; line-height:18px;\">Diesen Beitrag auf Instagram ansehen<\/div>\n<\/div>\n<div style=\"padding: 12.5% 0;\"><\/div>\n<div style=\"display: flex; flex-direction: row; margin-bottom: 14px; align-items: center;\">\n<div>\n<div style=\"background-color: #F4F4F4; border-radius: 50%; height: 12.5px; width: 12.5px; transform: translateX(0px) translateY(7px);\"><\/div>\n<div style=\"background-color: #F4F4F4; height: 12.5px; transform: rotate(-45deg) translateX(3px) translateY(1px); width: 12.5px; flex-grow: 0; margin-right: 14px; margin-left: 2px;\"><\/div>\n<div style=\"background-color: #F4F4F4; border-radius: 50%; height: 12.5px; width: 12.5px; transform: translateX(9px) translateY(-18px);\"><\/div>\n<\/div>\n<div style=\"margin-left: 8px;\">\n<div style=\" background-color: #F4F4F4; border-radius: 50%; flex-grow: 0; height: 20px; width: 20px;\"><\/div>\n<div style=\" width: 0; height: 0; border-top: 2px solid transparent; border-left: 6px solid #f4f4f4; border-bottom: 2px solid transparent; transform: translateX(16px) translateY(-4px) rotate(30deg)\"><\/div>\n<\/div>\n<div style=\"margin-left: auto;\">\n<div style=\" width: 0px; border-top: 8px solid #F4F4F4; border-right: 8px solid transparent; transform: translateY(16px);\"><\/div>\n<div style=\" background-color: #F4F4F4; flex-grow: 0; height: 12px; width: 16px; transform: translateY(-4px);\"><\/div>\n<div style=\" width: 0; height: 0; border-top: 8px solid #F4F4F4; border-left: 8px solid transparent; transform: translateY(-4px) translateX(8px);\"><\/div>\n<\/div>\n<\/div>\n<div style=\"display: flex; flex-direction: column; flex-grow: 1; justify-content: center; margin-bottom: 24px;\">\n<div style=\" background-color: #F4F4F4; border-radius: 4px; flex-grow: 0; height: 14px; margin-bottom: 6px; width: 224px;\"><\/div>\n<div style=\" background-color: #F4F4F4; border-radius: 4px; flex-grow: 0; height: 14px; width: 144px;\"><\/div>\n<\/div>\n<p><\/a><\/p>\n<p style=\" color:#c9c8cd; font-family:Arial,sans-serif; font-size:14px; line-height:17px; margin-bottom:0; margin-top:8px; overflow:hidden; padding:8px 0 7px; text-align:center; text-overflow:ellipsis; white-space:nowrap;\"><a href=\"https:\/\/www.instagram.com\/reel\/C6eJ4JlM-Ee\/?utm_source=ig_embed&amp;utm_campaign=loading\" style=\" color:#c9c8cd; font-family:Arial,sans-serif; font-size:14px; font-style:normal; font-weight:normal; line-height:17px; text-decoration:none;\" target=\"_blank\" rel=\"noopener\">Ein Beitrag geteilt von Bonjour \u00c9vasion | Blogs und Reiseb\u00fcro \u2708\ufe0f (@bonjourevasion)<\/a><\/p>\n<\/div>\n<\/blockquote>\n<p> <script async src=\"\/\/www.instagram.com\/embed.js\"><\/script><\/p>\n<p>Uns in sozialen Netzwerken unter dem Namen \"Bonjour \u00c9vasion\" finden:<br \/>\n<a href=\"https:\/\/www.instagram.com\/bonjourevasion\" target=\"_blank\" rel=\"nofollow noopener noreferrer\">Instagram<\/a>.<br \/>\n<a href=\"https:\/\/www.facebook.com\/bonjourevasion\" target=\"_blank\" rel=\"nofollow noopener noreferrer\">Facebook<\/a>.<br \/>\n<a href=\"https:\/\/www.tiktok.com\/@bonjourevasion\" target=\"_blank\" rel=\"nofollow noopener noreferrer\">TikTok<\/a>.<\/p>\n<p>Sehen Sie sich unsere Videos auf YouTube an:<br \/>\n<a href=\"https:\/\/www.youtube.com\/@BonjourEvasion\" target=\"_blank\" rel=\"nofollow noopener noreferrer\">YouTube<\/a>.<\/p>","protected":false},"excerpt":{"rendered":"<p>Hallo, ich bin Thibaut und ich habe beschlossen, die Website Bonjour Barcelone zu erstellen, damit Sie Ihren Aufenthalt in dieser wundersch\u00f6nen Stadt besser genie\u00dfen k\u00f6nnen! Warum genau diese Website? Alles begann im Jahr 2012, als ich beschloss, Frankreich zu verlassen und nach Lissabon zu ziehen. Als ich dort ankam, war ich sehr entt\u00e4uscht [...].<\/p>","protected":false},"author":2,"featured_media":0,"parent":0,"menu_order":0,"comment_status":"closed","ping_status":"closed","template":"","meta":{"om_disable_all_campaigns":false,"_genesis_hide_title":false,"_genesis_hide_breadcrumbs":false,"_genesis_hide_singular_image":false,"_genesis_hide_footer_widgets":false,"_genesis_custom_body_class":"","_genesis_custom_post_class":"","_genesis_layout":"","footnotes":""},"class_list":{"0":"post-2998","1":"page","2":"type-page","3":"status-publish","5":"entry"},"yoast_head":"<!-- This site is optimized with the Yoast SEO plugin v26.5 - https:\/\/yoast.com\/wordpress\/plugins\/seo\/ -->\n<title>\u00c0 Propos<\/title>\n<meta name=\"robots\" content=\"index, follow, max-snippet:-1, max-image-preview:large, max-video-preview:-1\" \/>\n<link rel=\"canonical\" href=\"https:\/\/bonjourbarcelone.fr\/de\/a-propos\/\" \/>\n<meta property=\"og:locale\" content=\"de_DE\" \/>\n<meta property=\"og:type\" content=\"article\" \/>\n<meta property=\"og:title\" content=\"\u00c0 Propos\" \/>\n<meta property=\"og:description\" content=\"Bonjour, Je suis Thibaut, et j&rsquo;ai d\u00e9cid\u00e9 de cr\u00e9er le site Bonjour Barcelone pour vous aider \u00e0 mieux profiter de votre s\u00e9jour dans cette magnifique ville ! Pourquoi ce site exactement ? Tout \u00e0 commenc\u00e9 en 2012, quand j&rsquo;ai d\u00e9cid\u00e9 de quitter la France pour aller vivre \u00e0 Lisbonne. En arrivant l\u00e0-bas, j&rsquo;\u00e9tais tr\u00e8s d\u00e9\u00e7u [&hellip;]\" \/>\n<meta property=\"og:url\" content=\"https:\/\/bonjourbarcelone.fr\/de\/a-propos\/\" \/>\n<meta property=\"og:site_name\" content=\"Visiter Barcelone\" \/>\n<meta property=\"article:modified_time\" content=\"2024-05-22T14:34:56+00:00\" \/>\n<meta property=\"og:image\" content=\"https:\/\/bonjourbarcelone.fr\/wp-content\/uploads\/2024\/04\/Thibaut-profil-200x300.jpg\" \/>\n<meta name=\"twitter:card\" content=\"summary_large_image\" \/>\n<meta name=\"twitter:label1\" content=\"Gesch\u00e4tzte Lesezeit\" \/>\n\t<meta name=\"twitter:data1\" content=\"2\u00a0Minuten\" \/>\n<script type=\"application\/ld+json\" class=\"yoast-schema-graph\">{\"@context\":\"https:\/\/schema.org\",\"@graph\":[{\"@type\":\"WebPage\",\"@id\":\"https:\/\/bonjourbarcelone.fr\/a-propos\/\",\"url\":\"https:\/\/bonjourbarcelone.fr\/a-propos\/\",\"name\":\"\u00c0 Propos\",\"isPartOf\":{\"@id\":\"https:\/\/bonjourbarcelone.fr\/#website\"},\"primaryImageOfPage\":{\"@id\":\"https:\/\/bonjourbarcelone.fr\/a-propos\/#primaryimage\"},\"image\":{\"@id\":\"https:\/\/bonjourbarcelone.fr\/a-propos\/#primaryimage\"},\"thumbnailUrl\":\"https:\/\/bonjourbarcelone.fr\/wp-content\/uploads\/2024\/04\/Thibaut-profil-200x300.jpg\",\"datePublished\":\"2023-05-23T12:18:47+00:00\",\"dateModified\":\"2024-05-22T14:34:56+00:00\",\"breadcrumb\":{\"@id\":\"https:\/\/bonjourbarcelone.fr\/a-propos\/#breadcrumb\"},\"inLanguage\":\"de\",\"potentialAction\":[{\"@type\":\"ReadAction\",\"target\":[\"https:\/\/bonjourbarcelone.fr\/a-propos\/\"]}]},{\"@type\":\"ImageObject\",\"inLanguage\":\"de\",\"@id\":\"https:\/\/bonjourbarcelone.fr\/a-propos\/#primaryimage\",\"url\":\"https:\/\/bonjourbarcelone.fr\/wp-content\/uploads\/2024\/04\/Thibaut-profil-200x300.jpg\",\"contentUrl\":\"https:\/\/bonjourbarcelone.fr\/wp-content\/uploads\/2024\/04\/Thibaut-profil-200x300.jpg\"},{\"@type\":\"BreadcrumbList\",\"@id\":\"https:\/\/bonjourbarcelone.fr\/a-propos\/#breadcrumb\",\"itemListElement\":[{\"@type\":\"ListItem\",\"position\":1,\"name\":\"Accueil\",\"item\":\"https:\/\/bonjourbarcelone.fr\/\"},{\"@type\":\"ListItem\",\"position\":2,\"name\":\"\u00c0 Propos\"}]},{\"@type\":\"WebSite\",\"@id\":\"https:\/\/bonjourbarcelone.fr\/#website\",\"url\":\"https:\/\/bonjourbarcelone.fr\/\",\"name\":\"Visiter Barcelone\",\"description\":\"Tout pour passer un s\u00e9jour inoubliable en 2026 !\",\"potentialAction\":[{\"@type\":\"SearchAction\",\"target\":{\"@type\":\"EntryPoint\",\"urlTemplate\":\"https:\/\/bonjourbarcelone.fr\/?s={search_term_string}\"},\"query-input\":{\"@type\":\"PropertyValueSpecification\",\"valueRequired\":true,\"valueName\":\"search_term_string\"}}],\"inLanguage\":\"de\"}]}<\/script>\n<!-- \/ Yoast SEO plugin. -->","yoast_head_json":{"title":"\u00dcber uns","robots":{"index":"index","follow":"follow","max-snippet":"max-snippet:-1","max-image-preview":"max-image-preview:large","max-video-preview":"max-video-preview:-1"},"canonical":"https:\/\/bonjourbarcelone.fr\/de\/a-propos\/","og_locale":"de_DE","og_type":"article","og_title":"\u00c0 Propos","og_description":"Bonjour, Je suis Thibaut, et j&rsquo;ai d\u00e9cid\u00e9 de cr\u00e9er le site Bonjour Barcelone pour vous aider \u00e0 mieux profiter de votre s\u00e9jour dans cette magnifique ville ! Pourquoi ce site exactement ? Tout \u00e0 commenc\u00e9 en 2012, quand j&rsquo;ai d\u00e9cid\u00e9 de quitter la France pour aller vivre \u00e0 Lisbonne. En arrivant l\u00e0-bas, j&rsquo;\u00e9tais tr\u00e8s d\u00e9\u00e7u [&hellip;]","og_url":"https:\/\/bonjourbarcelone.fr\/de\/a-propos\/","og_site_name":"Visiter Barcelone","article_modified_time":"2024-05-22T14:34:56+00:00","og_image":[{"url":"https:\/\/bonjourbarcelone.fr\/wp-content\/uploads\/2024\/04\/Thibaut-profil-200x300.jpg","type":"","width":"","height":""}],"twitter_card":"summary_large_image","twitter_misc":{"Gesch\u00e4tzte Lesezeit":"2\u00a0Minuten"},"schema":{"@context":"https:\/\/schema.org","@graph":[{"@type":"WebPage","@id":"https:\/\/bonjourbarcelone.fr\/a-propos\/","url":"https:\/\/bonjourbarcelone.fr\/a-propos\/","name":"\u00dcber uns","isPartOf":{"@id":"https:\/\/bonjourbarcelone.fr\/#website"},"primaryImageOfPage":{"@id":"https:\/\/bonjourbarcelone.fr\/a-propos\/#primaryimage"},"image":{"@id":"https:\/\/bonjourbarcelone.fr\/a-propos\/#primaryimage"},"thumbnailUrl":"https:\/\/bonjourbarcelone.fr\/wp-content\/uploads\/2024\/04\/Thibaut-profil-200x300.jpg","datePublished":"2023-05-23T12:18:47+00:00","dateModified":"2024-05-22T14:34:56+00:00","breadcrumb":{"@id":"https:\/\/bonjourbarcelone.fr\/a-propos\/#breadcrumb"},"inLanguage":"de","potentialAction":[{"@type":"ReadAction","target":["https:\/\/bonjourbarcelone.fr\/a-propos\/"]}]},{"@type":"ImageObject","inLanguage":"de","@id":"https:\/\/bonjourbarcelone.fr\/a-propos\/#primaryimage","url":"https:\/\/bonjourbarcelone.fr\/wp-content\/uploads\/2024\/04\/Thibaut-profil-200x300.jpg","contentUrl":"https:\/\/bonjourbarcelone.fr\/wp-content\/uploads\/2024\/04\/Thibaut-profil-200x300.jpg"},{"@type":"BreadcrumbList","@id":"https:\/\/bonjourbarcelone.fr\/a-propos\/#breadcrumb","itemListElement":[{"@type":"ListItem","position":1,"name":"Accueil","item":"https:\/\/bonjourbarcelone.fr\/"},{"@type":"ListItem","position":2,"name":"\u00c0 Propos"}]},{"@type":"WebSite","@id":"https:\/\/bonjourbarcelone.fr\/#website","url":"https:\/\/bonjourbarcelone.fr\/","name":"Barcelona besuchen","description":"Tout pour passer un s\u00e9jour inoubliable en 2026 !","potentialAction":[{"@type":"SearchAction","target":{"@type":"EntryPoint","urlTemplate":"https:\/\/bonjourbarcelone.fr\/?s={search_term_string}"},"query-input":{"@type":"PropertyValueSpecification","valueRequired":true,"valueName":"search_term_string"}}],"inLanguage":"de"}]}},"_links":{"self":[{"href":"https:\/\/bonjourbarcelone.fr\/de\/wp-json\/wp\/v2\/pages\/2998","targetHints":{"allow":["GET"]}}],"collection":[{"href":"https:\/\/bonjourbarcelone.fr\/de\/wp-json\/wp\/v2\/pages"}],"about":[{"href":"https:\/\/bonjourbarcelone.fr\/de\/wp-json\/wp\/v2\/types\/page"}],"author":[{"embeddable":true,"href":"https:\/\/bonjourbarcelone.fr\/de\/wp-json\/wp\/v2\/users\/2"}],"replies":[{"embeddable":true,"href":"https:\/\/bonjourbarcelone.fr\/de\/wp-json\/wp\/v2\/comments?post=2998"}],"version-history":[{"count":13,"href":"https:\/\/bonjourbarcelone.fr\/de\/wp-json\/wp\/v2\/pages\/2998\/revisions"}],"predecessor-version":[{"id":3752,"href":"https:\/\/bonjourbarcelone.fr\/de\/wp-json\/wp\/v2\/pages\/2998\/revisions\/3752"}],"wp:attachment":[{"href":"https:\/\/bonjourbarcelone.fr\/de\/wp-json\/wp\/v2\/media?parent=2998"}],"curies":[{"name":"wp","href":"https:\/\/api.w.org\/{rel}","templated":true}]}}