{"id":3622,"date":"2025-09-01T13:49:36","date_gmt":"2025-09-01T13:49:36","guid":{"rendered":"https:\/\/bonjourbarcelone.fr\/?page_id=3622"},"modified":"2025-09-02T10:03:09","modified_gmt":"2025-09-02T10:03:09","slug":"meinungen-und-erfahrungsberichte-hallo-barcelona","status":"publish","type":"page","link":"https:\/\/bonjourbarcelone.fr\/de\/meinungen-und-erfahrungsberichte-hallo-barcelona\/","title":{"rendered":"Meinungen und Erfahrungsberichte Hallo Barcelona"},"content":{"rendered":"<p>Hier sind die <strong>Meinungen und Erfahrungsberichte von unseren gef\u00fchrten Touren zu Fu\u00df<\/strong> in Barcelona.<\/p>\n<p>Das macht uns super <strong>Vergn\u00fcgen<\/strong> und wir sagen: Bis bald in Barcelona!<\/p>\n<p><a href=\"https:\/\/bonjourbarcelone.fr\/de\/gefuhrte-tour-durch-barcelona\/\" target=\"_blank\" rel=\"noopener noreferrer\">Klicken Sie hier, um eine gef\u00fchrte Tour mit uns zu buchen und einen unvergesslichen Moment zu erleben.<\/a>.<\/p>\n<h3><strong>Einige aktuelle Zeugnisse:<\/strong><\/h3>\n<blockquote><p>Super visite du quartier gothique. Val\u00e9rie a \u00e9t\u00e9 tr\u00e8s int\u00e9ressante et m\u00eame passionnante tout au long de nos d\u00e9ambulations \u00e0 travers l histoire de ce quartier. Elle a r\u00e9pondu \u00e0 toutes nos questions, en nous montrant m\u00eame des documents de temps en temps. On n a pas vu le temps pass\u00e9 ni les quelques kilom\u00e8tres parcourus tout en douceur. Et m\u00eame les enfants de 9 et 12 ans ont ador\u00e9 cette promenade cont\u00e9e, qui pour eux \u00e9tait la meilleure visite guid\u00e9e de la semaine. En plus, nous sommes reparti avec plein de bons plans et de bonnes adresses pour le reste de notre s\u00e9jour. Encore un grand merci!<\/p>\n<p style=\"text-align: right;\">Emelyne<\/p>\n<p>Wir m\u00f6chten uns bei Ihnen f\u00fcr die F\u00fchrung durch das historische Barcelona bedanken. Unsere F\u00fchrerin Valerie war perfekt und hat die Tour an die Morphologie unserer kleinen Gruppe angepasst. Sie war sehr kompetent und angenehm. Wir haben viel gelernt und die Geschichte des Viertels kennengelernt.<\/p>\n<p style=\"text-align: right;\">Conchita<\/p>\n<p>Der Besuch mit unserer F\u00fchrerin Valerie verlief sehr gut. Wir hatten eine gute Zeit und einen sch\u00f6nen Spaziergang durch die Stra\u00dfen der Stadt.<br \/>\nWir kannten die Stadt bereits ein wenig, aber wir haben viel entdeckt und gelernt.<br \/>\nSie hat uns viele gute Adressen empfohlen.<br \/>\nIch empfehle, eine F\u00fchrung mit Bonjour Barcelona zu machen. <\/p>\n<p style=\"text-align: right;\"> Helene <\/p>\n<p>Val\u00e9rie est tr\u00e8s sympathique elle a su s&rsquo;adapter \u00e0 nos demandes. Tr\u00e8s professionnelle.<br \/>\nNous avons pass\u00e9 un agr\u00e9able moment. Nous la recommanderons sans h\u00e9sitation pour une visite du centre de Barcelone.<\/p>\n<p style=\"text-align: right;\">Corinne<\/p>\n<p>M\u00eame si nous avions \u00e9t\u00e9 de nombreuses fois \u00e0 Barcelone, ville que nous arpentons d\u2019habitude seules et o\u00f9 nous continuons \u00e0 d\u00e9couvrir de nouvelles choses. Cette fois, nous avions d\u00e9cid\u00e9 de nous offrir un tour \u00ab like a friend \u00bb avec l\u2019\u00e9quipe de Bonjour Barcelone.<br \/>\nVal\u00e9rie notre guide a vraiment \u00e9t\u00e9 top nous aimons beaucoup le street art alors elle nous a fait un tour sp\u00e9cial pour nous faire d\u00e9couvrir les \u0153uvres sur les mur de la ville. Nous sommes \u00e9galement rentr\u00e9 dans un atelier d\u2019artistes ou une petite dizaine d\u2019artistes de diff\u00e9rentes nationalit\u00e9s cr\u00e9\u00e9s c\u2019\u00e9tait top.<br \/>\nBien s\u00fbr elle nous a parl\u00e9 des moments de la ville et de ce qui fait qu\u2019elle aime Barcelone.<br \/>\nFranchement une super exp\u00e9rience riche culturellement et humainement.<br \/>\nUn grand merci \u00e0 Val\u00e9rie et \u00e0 Bonjour Barcelone<\/p>\n<p style=\"text-align: right;\">Pegla<\/p>\n<p>Nous avons \u00e9t\u00e9 enchant\u00e9s par notre visite! Val\u00e9rie est une guide merveilleuse et tr\u00e8s g\u00e9n\u00e9reuse! Elle nous a amen\u00e9s dans des recoins o\u00f9 nous ne nous serions pas aventur\u00e9s. Ses expos\u00e9s \u00e9taient tr\u00e8s int\u00e9ressants et bien dos\u00e9s. Elle a aimablement r\u00e9pondu \u00e0 toutes nos questions, elle nous a donn\u00e9 des informations tr\u00e8s pertinentes et elle nous a recommand\u00e9 de bons restos. Les trois heures ont pass\u00e9 tr\u00e8s vites! Nous recommandons tr\u00e8s fortement cette visite! Elle nous a \u00e9t\u00e9 tr\u00e8s utile pour le reste de notre s\u00e9jour, surtout que nous habitions dans le quartier El Born. Merci Val\u00e9rie!<\/p>\n<p style=\"text-align: right;\">Dany<\/p>\n<p>Val\u00e9rie a \u00e9t\u00e9 une guide vraiment tr\u00e8s sympathique et pro. avec une grande connaissance de l&rsquo;histoire de Barcelone. la visite nous a permis d&rsquo;aller hors des \u00ab\u00a0sentiers battus\u00a0\u00bb touristiques, nous avons vraiment aim\u00e9 ce parcours. de plus Val\u00e9rie nous a indiqu\u00e9 de bonnes adresses de restaurants typiques. Nous recommandons cette visite.<\/p>\n<p style=\"text-align: right;\">Laurent<\/p>\n<p>Val\u00e9rie est une super guide qui a su s&rsquo;adapter \u00e0 nos envies (2 ados filles 17 et 13 ans) avec des int\u00e9r\u00eats sur pleins d&rsquo;anecdotes historiques, de l&rsquo;architecture, du street-art, des sp\u00e9cialit\u00e9s culinaires et du shopping. Une visite qu&rsquo;on n&rsquo;oubliera pas, merci Val\u00e9rie et bravo \u00ab\u00a0Bonjour Barcelonne\u00a0\u00bb pour le concept qu&rsquo;on ne manquera pas de r\u00e9it\u00e9rer dans une autre ville !<\/p>\n<p style=\"text-align: right;\"> Virginie <\/p>\n<\/blockquote>\n<p>Warum lassen Sie sich dann nicht zu einem Besuch mit uns verf\u00fchren?<\/p>\n<p><a href=\"https:\/\/bonjourbarcelone.fr\/de\/gefuhrte-tour-durch-barcelona\/\" target=\"_blank\" rel=\"noopener noreferrer\">Klicken Sie hier, um eine gef\u00fchrte Tour mit uns zu buchen und einen unvergesslichen Moment zu erleben.<\/a>.<\/p>","protected":false},"excerpt":{"rendered":"<p>Voici les avis et t\u00e9moignages de nos visites guid\u00e9es \u00e0 pied \u00e0 Barcelone. Cela nous fait super plaisir et on vous dit \u00e0 bient\u00f4t \u00e0 Barcelone ! Cliquez ici pour r\u00e9server une visite guid\u00e9e avec nous et vivre un moment inoubliable. Quelques t\u00e9moignages r\u00e9cents: Super visite du quartier gothique. Val\u00e9rie a \u00e9t\u00e9 tr\u00e8s int\u00e9ressante et [&hellip;]<\/p>","protected":false},"author":2,"featured_media":0,"parent":0,"menu_order":0,"comment_status":"closed","ping_status":"closed","template":"page_landing.php","meta":{"om_disable_all_campaigns":true,"_genesis_hide_title":false,"_genesis_hide_breadcrumbs":false,"_genesis_hide_singular_image":false,"_genesis_hide_footer_widgets":false,"_genesis_custom_body_class":"","_genesis_custom_post_class":"","_genesis_layout":"","footnotes":""},"class_list":{"0":"post-3622","1":"page","2":"type-page","3":"status-publish","5":"entry"},"yoast_head":"<!-- This site is optimized with the Yoast SEO plugin v26.5 - https:\/\/yoast.com\/wordpress\/plugins\/seo\/ -->\n<title>Avis et t\u00e9moignages Bonjour Barcelone<\/title>\n<meta name=\"description\" content=\"Voici les avis et t\u00e9moignages de nos visites guid\u00e9es \u00e0 pied \u00e0 Barcelone. Beaucoup de personnes tr\u00e8s satisfaites et heureuses de leur visite !\" \/>\n<meta name=\"robots\" content=\"index, follow, max-snippet:-1, max-image-preview:large, max-video-preview:-1\" \/>\n<link rel=\"canonical\" href=\"https:\/\/bonjourbarcelone.fr\/de\/meinungen-und-erfahrungsberichte-hallo-barcelona\/\" \/>\n<meta property=\"og:locale\" content=\"de_DE\" \/>\n<meta property=\"og:type\" content=\"article\" \/>\n<meta property=\"og:title\" content=\"Avis et t\u00e9moignages Bonjour Barcelone\" \/>\n<meta property=\"og:description\" content=\"Voici les avis et t\u00e9moignages de nos visites guid\u00e9es \u00e0 pied \u00e0 Barcelone. Beaucoup de personnes tr\u00e8s satisfaites et heureuses de leur visite !\" \/>\n<meta property=\"og:url\" content=\"https:\/\/bonjourbarcelone.fr\/de\/meinungen-und-erfahrungsberichte-hallo-barcelona\/\" \/>\n<meta property=\"og:site_name\" content=\"Visiter Barcelone\" \/>\n<meta property=\"article:modified_time\" content=\"2025-09-02T10:03:09+00:00\" \/>\n<meta name=\"twitter:card\" content=\"summary_large_image\" \/>\n<meta name=\"twitter:label1\" content=\"Gesch\u00e4tzte Lesezeit\" \/>\n\t<meta name=\"twitter:data1\" content=\"1\u00a0Minute\" \/>\n<script type=\"application\/ld+json\" class=\"yoast-schema-graph\">{\"@context\":\"https:\/\/schema.org\",\"@graph\":[{\"@type\":\"WebPage\",\"@id\":\"https:\/\/bonjourbarcelone.fr\/avis-et-temoignages-bonjour-barcelone\/\",\"url\":\"https:\/\/bonjourbarcelone.fr\/avis-et-temoignages-bonjour-barcelone\/\",\"name\":\"Avis et t\u00e9moignages Bonjour Barcelone\",\"isPartOf\":{\"@id\":\"https:\/\/bonjourbarcelone.fr\/#website\"},\"datePublished\":\"2025-09-01T13:49:36+00:00\",\"dateModified\":\"2025-09-02T10:03:09+00:00\",\"description\":\"Voici les avis et t\u00e9moignages de nos visites guid\u00e9es \u00e0 pied \u00e0 Barcelone. Beaucoup de personnes tr\u00e8s satisfaites et heureuses de leur visite !\",\"breadcrumb\":{\"@id\":\"https:\/\/bonjourbarcelone.fr\/avis-et-temoignages-bonjour-barcelone\/#breadcrumb\"},\"inLanguage\":\"de\",\"potentialAction\":[{\"@type\":\"ReadAction\",\"target\":[\"https:\/\/bonjourbarcelone.fr\/avis-et-temoignages-bonjour-barcelone\/\"]}]},{\"@type\":\"BreadcrumbList\",\"@id\":\"https:\/\/bonjourbarcelone.fr\/avis-et-temoignages-bonjour-barcelone\/#breadcrumb\",\"itemListElement\":[{\"@type\":\"ListItem\",\"position\":1,\"name\":\"Accueil\",\"item\":\"https:\/\/bonjourbarcelone.fr\/\"},{\"@type\":\"ListItem\",\"position\":2,\"name\":\"Avis et t\u00e9moignages Bonjour Barcelone\"}]},{\"@type\":\"WebSite\",\"@id\":\"https:\/\/bonjourbarcelone.fr\/#website\",\"url\":\"https:\/\/bonjourbarcelone.fr\/\",\"name\":\"Visiter Barcelone\",\"description\":\"Tout pour passer un s\u00e9jour inoubliable en 2026 !\",\"potentialAction\":[{\"@type\":\"SearchAction\",\"target\":{\"@type\":\"EntryPoint\",\"urlTemplate\":\"https:\/\/bonjourbarcelone.fr\/?s={search_term_string}\"},\"query-input\":{\"@type\":\"PropertyValueSpecification\",\"valueRequired\":true,\"valueName\":\"search_term_string\"}}],\"inLanguage\":\"de\"}]}<\/script>\n<!-- \/ Yoast SEO plugin. -->","yoast_head_json":{"title":"Meinungen und Erfahrungsberichte Hallo Barcelona","description":"Hier finden Sie Meinungen und Erfahrungsberichte zu unseren Stadtf\u00fchrungen zu Fu\u00df in Barcelona. Viele Menschen sind sehr zufrieden und gl\u00fccklich mit ihrem Besuch!","robots":{"index":"index","follow":"follow","max-snippet":"max-snippet:-1","max-image-preview":"max-image-preview:large","max-video-preview":"max-video-preview:-1"},"canonical":"https:\/\/bonjourbarcelone.fr\/de\/meinungen-und-erfahrungsberichte-hallo-barcelona\/","og_locale":"de_DE","og_type":"article","og_title":"Avis et t\u00e9moignages Bonjour Barcelone","og_description":"Voici les avis et t\u00e9moignages de nos visites guid\u00e9es \u00e0 pied \u00e0 Barcelone. Beaucoup de personnes tr\u00e8s satisfaites et heureuses de leur visite !","og_url":"https:\/\/bonjourbarcelone.fr\/de\/meinungen-und-erfahrungsberichte-hallo-barcelona\/","og_site_name":"Visiter Barcelone","article_modified_time":"2025-09-02T10:03:09+00:00","twitter_card":"summary_large_image","twitter_misc":{"Gesch\u00e4tzte Lesezeit":"1\u00a0Minute"},"schema":{"@context":"https:\/\/schema.org","@graph":[{"@type":"WebPage","@id":"https:\/\/bonjourbarcelone.fr\/avis-et-temoignages-bonjour-barcelone\/","url":"https:\/\/bonjourbarcelone.fr\/avis-et-temoignages-bonjour-barcelone\/","name":"Meinungen und Erfahrungsberichte Hallo Barcelona","isPartOf":{"@id":"https:\/\/bonjourbarcelone.fr\/#website"},"datePublished":"2025-09-01T13:49:36+00:00","dateModified":"2025-09-02T10:03:09+00:00","description":"Hier finden Sie Meinungen und Erfahrungsberichte zu unseren Stadtf\u00fchrungen zu Fu\u00df in Barcelona. Viele Menschen sind sehr zufrieden und gl\u00fccklich mit ihrem Besuch!","breadcrumb":{"@id":"https:\/\/bonjourbarcelone.fr\/avis-et-temoignages-bonjour-barcelone\/#breadcrumb"},"inLanguage":"de","potentialAction":[{"@type":"ReadAction","target":["https:\/\/bonjourbarcelone.fr\/avis-et-temoignages-bonjour-barcelone\/"]}]},{"@type":"BreadcrumbList","@id":"https:\/\/bonjourbarcelone.fr\/avis-et-temoignages-bonjour-barcelone\/#breadcrumb","itemListElement":[{"@type":"ListItem","position":1,"name":"Accueil","item":"https:\/\/bonjourbarcelone.fr\/"},{"@type":"ListItem","position":2,"name":"Avis et t\u00e9moignages Bonjour Barcelone"}]},{"@type":"WebSite","@id":"https:\/\/bonjourbarcelone.fr\/#website","url":"https:\/\/bonjourbarcelone.fr\/","name":"Barcelona besuchen","description":"Tout pour passer un s\u00e9jour inoubliable en 2026 !","potentialAction":[{"@type":"SearchAction","target":{"@type":"EntryPoint","urlTemplate":"https:\/\/bonjourbarcelone.fr\/?s={search_term_string}"},"query-input":{"@type":"PropertyValueSpecification","valueRequired":true,"valueName":"search_term_string"}}],"inLanguage":"de"}]}},"_links":{"self":[{"href":"https:\/\/bonjourbarcelone.fr\/de\/wp-json\/wp\/v2\/pages\/3622","targetHints":{"allow":["GET"]}}],"collection":[{"href":"https:\/\/bonjourbarcelone.fr\/de\/wp-json\/wp\/v2\/pages"}],"about":[{"href":"https:\/\/bonjourbarcelone.fr\/de\/wp-json\/wp\/v2\/types\/page"}],"author":[{"embeddable":true,"href":"https:\/\/bonjourbarcelone.fr\/de\/wp-json\/wp\/v2\/users\/2"}],"replies":[{"embeddable":true,"href":"https:\/\/bonjourbarcelone.fr\/de\/wp-json\/wp\/v2\/comments?post=3622"}],"version-history":[{"count":3,"href":"https:\/\/bonjourbarcelone.fr\/de\/wp-json\/wp\/v2\/pages\/3622\/revisions"}],"predecessor-version":[{"id":3986,"href":"https:\/\/bonjourbarcelone.fr\/de\/wp-json\/wp\/v2\/pages\/3622\/revisions\/3986"}],"wp:attachment":[{"href":"https:\/\/bonjourbarcelone.fr\/de\/wp-json\/wp\/v2\/media?parent=3622"}],"curies":[{"name":"wp","href":"https:\/\/api.w.org\/{rel}","templated":true}]}}