{"id":3640,"date":"2024-02-21T15:28:09","date_gmt":"2024-02-21T15:28:09","guid":{"rendered":"https:\/\/bonjourbarcelone.fr\/?page_id=3640"},"modified":"2024-02-21T15:28:09","modified_gmt":"2024-02-21T15:28:09","slug":"anfrage-restaurant-2","status":"publish","type":"page","link":"https:\/\/bonjourbarcelone.fr\/de\/anfrage-restaurant-2\/","title":{"rendered":"<p style=\"color:#FF0000\"><font size=\"6\"> Ihre Buchungsanfrage wurde noch nicht best\u00e4tigt<\/font><\/p>"},"content":{"rendered":"<p>Wir werden Sie per E-Mail kontaktieren, um Ihre Buchung zu best\u00e4tigen (oder Ihnen einen anderen Zeitpunkt vorzuschlagen, falls sie zu diesem Zeitpunkt bereits ausgebucht sind).<br \/>\nSeien Sie gut <strong>aufmerksam auf Ihre Mailbox<\/strong> in den n\u00e4chsten Minuten\/Stunden. <\/p>\n<p>Wenn Sie nicht bald eine Antwort erhalten, k\u00f6nnen Sie sich an bonjourbarcelone.marie@gmail.com wenden.<\/p>","protected":false},"excerpt":{"rendered":"<p>Nous allons vous contacter par email pour confirmer votre r\u00e9servation (ou vous proposer un autre moment s&rsquo;ils sont d\u00e9j\u00e0 complets \u00e0 ce moment-l\u00e0). Soyez bien attentif \u00e0 votre bo\u00eete mail dans les prochaines minutes\/heures. Si vous n&rsquo;avez pas de r\u00e9ponse rapidement, vous pouvez contacter bonjourbarcelone.marie@gmail.com.<\/p>","protected":false},"author":2,"featured_media":0,"parent":0,"menu_order":0,"comment_status":"closed","ping_status":"closed","template":"page_landing.php","meta":{"om_disable_all_campaigns":false,"_genesis_hide_title":false,"_genesis_hide_breadcrumbs":false,"_genesis_hide_singular_image":false,"_genesis_hide_footer_widgets":false,"_genesis_custom_body_class":"","_genesis_custom_post_class":"","_genesis_layout":"","footnotes":""},"class_list":{"0":"post-3640","1":"page","2":"type-page","3":"status-publish","5":"entry"},"yoast_head":"<!-- This site is optimized with the Yoast SEO plugin v26.5 - https:\/\/yoast.com\/wordpress\/plugins\/seo\/ -->\n<title>Votre demande de r\u00e9servation n&#039;est pas encore confirm\u00e9e<\/title>\n<meta name=\"robots\" content=\"index, follow, max-snippet:-1, max-image-preview:large, max-video-preview:-1\" \/>\n<link rel=\"canonical\" href=\"https:\/\/bonjourbarcelone.fr\/de\/anfrage-restaurant-2\/\" \/>\n<meta property=\"og:locale\" content=\"de_DE\" \/>\n<meta property=\"og:type\" content=\"article\" \/>\n<meta property=\"og:title\" content=\"Votre demande de r\u00e9servation n&#039;est pas encore confirm\u00e9e\" \/>\n<meta property=\"og:description\" content=\"Nous allons vous contacter par email pour confirmer votre r\u00e9servation (ou vous proposer un autre moment s&rsquo;ils sont d\u00e9j\u00e0 complets \u00e0 ce moment-l\u00e0). Soyez bien attentif \u00e0 votre bo\u00eete mail dans les prochaines minutes\/heures. Si vous n&rsquo;avez pas de r\u00e9ponse rapidement, vous pouvez contacter bonjourbarcelone.marie@gmail.com.\" \/>\n<meta property=\"og:url\" content=\"https:\/\/bonjourbarcelone.fr\/de\/anfrage-restaurant-2\/\" \/>\n<meta property=\"og:site_name\" content=\"Visiter Barcelone\" \/>\n<meta name=\"twitter:card\" content=\"summary_large_image\" \/>\n<script type=\"application\/ld+json\" class=\"yoast-schema-graph\">{\"@context\":\"https:\/\/schema.org\",\"@graph\":[{\"@type\":\"WebPage\",\"@id\":\"https:\/\/bonjourbarcelone.fr\/demande-restaurant-2\/\",\"url\":\"https:\/\/bonjourbarcelone.fr\/demande-restaurant-2\/\",\"name\":\"Votre demande de r\u00e9servation n'est pas encore confirm\u00e9e\",\"isPartOf\":{\"@id\":\"https:\/\/bonjourbarcelone.fr\/#website\"},\"datePublished\":\"2024-02-21T15:28:09+00:00\",\"breadcrumb\":{\"@id\":\"https:\/\/bonjourbarcelone.fr\/demande-restaurant-2\/#breadcrumb\"},\"inLanguage\":\"de\",\"potentialAction\":[{\"@type\":\"ReadAction\",\"target\":[\"https:\/\/bonjourbarcelone.fr\/demande-restaurant-2\/\"]}]},{\"@type\":\"BreadcrumbList\",\"@id\":\"https:\/\/bonjourbarcelone.fr\/demande-restaurant-2\/#breadcrumb\",\"itemListElement\":[{\"@type\":\"ListItem\",\"position\":1,\"name\":\"Accueil\",\"item\":\"https:\/\/bonjourbarcelone.fr\/\"},{\"@type\":\"ListItem\",\"position\":2,\"name\":\"Votre demande de r\u00e9servation n&rsquo;est pas encore confirm\u00e9e\"}]},{\"@type\":\"WebSite\",\"@id\":\"https:\/\/bonjourbarcelone.fr\/#website\",\"url\":\"https:\/\/bonjourbarcelone.fr\/\",\"name\":\"Visiter Barcelone\",\"description\":\"Tout pour passer un s\u00e9jour inoubliable en 2026 !\",\"potentialAction\":[{\"@type\":\"SearchAction\",\"target\":{\"@type\":\"EntryPoint\",\"urlTemplate\":\"https:\/\/bonjourbarcelone.fr\/?s={search_term_string}\"},\"query-input\":{\"@type\":\"PropertyValueSpecification\",\"valueRequired\":true,\"valueName\":\"search_term_string\"}}],\"inLanguage\":\"de\"}]}<\/script>\n<!-- \/ Yoast SEO plugin. -->","yoast_head_json":{"title":"Ihre Buchungsanfrage wurde noch nicht best\u00e4tigt","robots":{"index":"index","follow":"follow","max-snippet":"max-snippet:-1","max-image-preview":"max-image-preview:large","max-video-preview":"max-video-preview:-1"},"canonical":"https:\/\/bonjourbarcelone.fr\/de\/anfrage-restaurant-2\/","og_locale":"de_DE","og_type":"article","og_title":"Votre demande de r\u00e9servation n'est pas encore confirm\u00e9e","og_description":"Nous allons vous contacter par email pour confirmer votre r\u00e9servation (ou vous proposer un autre moment s&rsquo;ils sont d\u00e9j\u00e0 complets \u00e0 ce moment-l\u00e0). Soyez bien attentif \u00e0 votre bo\u00eete mail dans les prochaines minutes\/heures. Si vous n&rsquo;avez pas de r\u00e9ponse rapidement, vous pouvez contacter bonjourbarcelone.marie@gmail.com.","og_url":"https:\/\/bonjourbarcelone.fr\/de\/anfrage-restaurant-2\/","og_site_name":"Visiter Barcelone","twitter_card":"summary_large_image","schema":{"@context":"https:\/\/schema.org","@graph":[{"@type":"WebPage","@id":"https:\/\/bonjourbarcelone.fr\/demande-restaurant-2\/","url":"https:\/\/bonjourbarcelone.fr\/demande-restaurant-2\/","name":"Ihre Buchungsanfrage wurde noch nicht best\u00e4tigt","isPartOf":{"@id":"https:\/\/bonjourbarcelone.fr\/#website"},"datePublished":"2024-02-21T15:28:09+00:00","breadcrumb":{"@id":"https:\/\/bonjourbarcelone.fr\/demande-restaurant-2\/#breadcrumb"},"inLanguage":"de","potentialAction":[{"@type":"ReadAction","target":["https:\/\/bonjourbarcelone.fr\/demande-restaurant-2\/"]}]},{"@type":"BreadcrumbList","@id":"https:\/\/bonjourbarcelone.fr\/demande-restaurant-2\/#breadcrumb","itemListElement":[{"@type":"ListItem","position":1,"name":"Accueil","item":"https:\/\/bonjourbarcelone.fr\/"},{"@type":"ListItem","position":2,"name":"Votre demande de r\u00e9servation n&rsquo;est pas encore confirm\u00e9e"}]},{"@type":"WebSite","@id":"https:\/\/bonjourbarcelone.fr\/#website","url":"https:\/\/bonjourbarcelone.fr\/","name":"Barcelona besuchen","description":"Tout pour passer un s\u00e9jour inoubliable en 2026 !","potentialAction":[{"@type":"SearchAction","target":{"@type":"EntryPoint","urlTemplate":"https:\/\/bonjourbarcelone.fr\/?s={search_term_string}"},"query-input":{"@type":"PropertyValueSpecification","valueRequired":true,"valueName":"search_term_string"}}],"inLanguage":"de"}]}},"_links":{"self":[{"href":"https:\/\/bonjourbarcelone.fr\/de\/wp-json\/wp\/v2\/pages\/3640","targetHints":{"allow":["GET"]}}],"collection":[{"href":"https:\/\/bonjourbarcelone.fr\/de\/wp-json\/wp\/v2\/pages"}],"about":[{"href":"https:\/\/bonjourbarcelone.fr\/de\/wp-json\/wp\/v2\/types\/page"}],"author":[{"embeddable":true,"href":"https:\/\/bonjourbarcelone.fr\/de\/wp-json\/wp\/v2\/users\/2"}],"replies":[{"embeddable":true,"href":"https:\/\/bonjourbarcelone.fr\/de\/wp-json\/wp\/v2\/comments?post=3640"}],"version-history":[{"count":1,"href":"https:\/\/bonjourbarcelone.fr\/de\/wp-json\/wp\/v2\/pages\/3640\/revisions"}],"predecessor-version":[{"id":3641,"href":"https:\/\/bonjourbarcelone.fr\/de\/wp-json\/wp\/v2\/pages\/3640\/revisions\/3641"}],"wp:attachment":[{"href":"https:\/\/bonjourbarcelone.fr\/de\/wp-json\/wp\/v2\/media?parent=3640"}],"curies":[{"name":"wp","href":"https:\/\/api.w.org\/{rel}","templated":true}]}}