{"id":3656,"date":"2024-03-06T14:28:14","date_gmt":"2024-03-06T14:28:14","guid":{"rendered":"https:\/\/bonjourbarcelone.fr\/?page_id=3656"},"modified":"2025-10-13T13:36:05","modified_gmt":"2025-10-13T13:36:05","slug":"transfer-vom-stadtzentrum-zu-einem-flughafen-in-franzosischer-sprache","status":"publish","type":"page","link":"https:\/\/bonjourbarcelone.fr\/de\/transfer-vom-stadtzentrum-zu-einem-flughafen-in-franzosischer-sprache\/","title":{"rendered":"Transfer vom Stadtzentrum zum Flughafen auf Franz\u00f6sisch!"},"content":{"rendered":"<p>Der Partner von Bonjour Barcelone bietet an, Folgendes durchzuf\u00fchren <strong>Ihre R\u00fcckfahrt von Ihrer Unterkunft oder einem beliebigen Ort im Stadtzentrum zum Flughafen<\/strong>.<\/p>\n<aside class=\"block-note\">\n<p class=\"block-offer-desc\">\n<strong>Unsere Begleiter haben einzigartige Vorteile<\/strong>:<\/p>\n<ul>\n<li>sie <strong>sprechen Franz\u00f6sisch<\/strong> was die Kommunikation einfach macht<\/li>\n<li>sie warten unten in Ihrem Hotel\/Immobilie auf Sie, um Sie <strong>Warten vermeiden<\/strong> ein Taxi auf der Stra\u00dfe<\/li>\n<li>sie <strong>helfen Ihnen<\/strong> mit den Koffern, damit Sie sich nicht anstrengen m\u00fcssen<\/li>\n<li>die <strong>Preis ist fest<\/strong>Dies verhindert m\u00f6gliche Betr\u00fcgereien.<\/li>\n<\/ul>\n<\/aside>\n<h4><strong>Einige Erfahrungsberichte:<\/strong><\/h4>\n<blockquote><p>Ein toller Service! Wir kamen am 23. September in Barcelona an, Paul wartete schon auf uns, wir bekamen viele gute Ratschl\u00e4ge w\u00e4hrend der Fahrt und hielten sogar an, um eine tolle Aussicht auf Barcelona zu genie\u00dfen!<br \/>\nWir hatten das Gef\u00fchl, von einem Freund begr\u00fc\u00dft zu werden, der uns alle notwendigen Informationen gab.<br \/>\nWir haben also f\u00fcr den R\u00fcckflug gebucht, und selbst die Uhrzeit um 4 Uhr morgens hat ihn nicht abgeschreckt.<br \/>\nNochmals vielen Dank Paul f\u00fcr den tollen Empfang, der bei unserer Ankunft sehr wichtig war. Wir werden auf jeden Fall wieder nach Barcelona kommen!<\/p>\n<p style=\"text-align: right;\">Isa und Steph<\/p>\n<p>Danke Hallo Barcelona! Und danke Paul! Sehr einfach mit der Website und dem Buchungsformular....<br \/>\nWir kamen am 16. August an. Paul holte uns am Flughafen ab und brachte uns zu unserer Unterkunft. Alles war super. Viele kleine Tipps w\u00e4hrend der Reise.<\/p>\n<p>Daher beschlossen wir, uns bei der R\u00fcckreise nicht den Kopf zu zerbrechen....und baten sie, uns ebenfalls abzuholen und zum Flughafen zu begleiten.<\/p>\n<p>Zu empfehlen!<\/p>\n<p style=\"text-align: right;\">Muriel<\/p>\n<p>Obwohl wir eine Stunde auf unsere Koffer warten mussten, war unser Fahrer Paul p\u00fcnktlich zur Stelle. W\u00e4hrend der Fahrt gab er uns ein paar Ideen, was wir machen k\u00f6nnten.<br \/>\nIch kann nur empfehlen, diesen n\u00fctzlichen, kosteng\u00fcnstigen und praktischen Service zu nutzen. Der Fahrer war freundlich und zuvorkommend.<\/p>\n<p style=\"text-align: right;\">Da Rocha<\/p>\n<p>Wir hatten auch den R\u00fccktransport zum Flughafen gebucht, als wir in Barcelona ankamen.<br \/>\nIch empfehle !!!!!<br \/>\nDanke<\/p>\n<p style=\"text-align: right;\">Corinne<\/p>\n<\/blockquote>\n<div class=\"su-box su-box-style-default\" id=\"\" style=\"border-color:#017520;border-radius:3px;\"><div class=\"su-box-title\" style=\"background-color:#34A853;color:#FFFFFF;border-top-left-radius:1px;border-top-right-radius:1px\">Reservierung<\/div><div class=\"su-box-content su-u-clearfix su-u-trim\" style=\"border-bottom-left-radius:1px;border-bottom-right-radius:1px\">\n<strong>Fester Tarif<\/strong>:<br \/>\nVon 1 bis 3 Personen: 59\u20ac.<br \/>\nVon 4 bis 6 Personen: 69\u20ac.<br \/>\n7-8 Personen: 99\u20ac.<\/p>\n<p><strong>Beispiel<\/strong>: Wenn Sie zu zweit sind, betr\u00e4gt die Gesamtgeb\u00fchr tats\u00e4chlich 59\u20ac.<\/p>\n<p>Die Bezahlung erfolgt in bar am Ende Ihres Transfers.<br \/>\n<\/div><\/div>","protected":false},"excerpt":{"rendered":"<p>Der Partner von Bonjour Barcelona bietet Ihnen die M\u00f6glichkeit, von Ihrer Unterkunft oder einem beliebigen Ort im Stadtzentrum zum Flughafen zur\u00fcckzufahren. Unsere Begleiter haben einzigartige Vorteile: Sie sprechen Deutsch, was die Kommunikation einfach macht Sie warten unten an Ihrem Hotel\/Immobilie, damit Sie nicht auf der Stra\u00dfe auf ein Taxi warten m\u00fcssen Sie helfen Ihnen [...].<\/p>","protected":false},"author":2,"featured_media":0,"parent":0,"menu_order":0,"comment_status":"closed","ping_status":"closed","template":"page_landing.php","meta":{"om_disable_all_campaigns":false,"_genesis_hide_title":false,"_genesis_hide_breadcrumbs":false,"_genesis_hide_singular_image":false,"_genesis_hide_footer_widgets":false,"_genesis_custom_body_class":"","_genesis_custom_post_class":"","_genesis_layout":"","footnotes":""},"class_list":{"0":"post-3656","1":"page","2":"type-page","3":"status-publish","5":"entry"},"yoast_head":"<!-- This site is optimized with the Yoast SEO plugin v26.5 - https:\/\/yoast.com\/wordpress\/plugins\/seo\/ -->\n<title>Transfert depuis le centre-ville vers l&#039;a\u00e9roport en fran\u00e7ais !<\/title>\n<meta name=\"robots\" content=\"noindex, nofollow\" \/>\n<meta property=\"og:locale\" content=\"de_DE\" \/>\n<meta property=\"og:type\" content=\"article\" \/>\n<meta property=\"og:title\" content=\"Transfert depuis le centre-ville vers l&#039;a\u00e9roport en fran\u00e7ais !\" \/>\n<meta property=\"og:description\" content=\"Le partenaire de Bonjour Barcelone propose d&rsquo;effectuer votre retour depuis votre h\u00e9bergement ou n&rsquo;importe quel endroit en centre-ville jusqu&rsquo;\u00e0 l&rsquo;a\u00e9roport. Nos accompagnateurs ont des avantages uniques: ils parlent fran\u00e7ais ce qui rend la communication facile ils vous attendent en bas de votre h\u00f4tel\/immeuble pour vous \u00e9viter d&rsquo;attendre un taxi dans la rue ils vous aident [&hellip;]\" \/>\n<meta property=\"og:url\" content=\"https:\/\/bonjourbarcelone.fr\/de\/transfer-vom-stadtzentrum-zu-einem-flughafen-in-franzosischer-sprache\/\" \/>\n<meta property=\"og:site_name\" content=\"Visiter Barcelone\" \/>\n<meta property=\"article:modified_time\" content=\"2025-10-13T13:36:05+00:00\" \/>\n<meta name=\"twitter:card\" content=\"summary_large_image\" \/>\n<meta name=\"twitter:label1\" content=\"Gesch\u00e4tzte Lesezeit\" \/>\n\t<meta name=\"twitter:data1\" content=\"1\u00a0Minute\" \/>\n<script type=\"application\/ld+json\" class=\"yoast-schema-graph\">{\"@context\":\"https:\/\/schema.org\",\"@graph\":[{\"@type\":\"WebPage\",\"@id\":\"https:\/\/bonjourbarcelone.fr\/transfert-depuis-le-centre-ville-vers-un-aeroport-en-francais\/\",\"url\":\"https:\/\/bonjourbarcelone.fr\/transfert-depuis-le-centre-ville-vers-un-aeroport-en-francais\/\",\"name\":\"Transfert depuis le centre-ville vers l'a\u00e9roport en fran\u00e7ais !\",\"isPartOf\":{\"@id\":\"https:\/\/bonjourbarcelone.fr\/#website\"},\"datePublished\":\"2024-03-06T14:28:14+00:00\",\"dateModified\":\"2025-10-13T13:36:05+00:00\",\"breadcrumb\":{\"@id\":\"https:\/\/bonjourbarcelone.fr\/transfert-depuis-le-centre-ville-vers-un-aeroport-en-francais\/#breadcrumb\"},\"inLanguage\":\"de\",\"potentialAction\":[{\"@type\":\"ReadAction\",\"target\":[\"https:\/\/bonjourbarcelone.fr\/transfert-depuis-le-centre-ville-vers-un-aeroport-en-francais\/\"]}]},{\"@type\":\"BreadcrumbList\",\"@id\":\"https:\/\/bonjourbarcelone.fr\/transfert-depuis-le-centre-ville-vers-un-aeroport-en-francais\/#breadcrumb\",\"itemListElement\":[{\"@type\":\"ListItem\",\"position\":1,\"name\":\"Accueil\",\"item\":\"https:\/\/bonjourbarcelone.fr\/\"},{\"@type\":\"ListItem\",\"position\":2,\"name\":\"Transfert depuis le centre-ville vers l&rsquo;a\u00e9roport en fran\u00e7ais !\"}]},{\"@type\":\"WebSite\",\"@id\":\"https:\/\/bonjourbarcelone.fr\/#website\",\"url\":\"https:\/\/bonjourbarcelone.fr\/\",\"name\":\"Visiter Barcelone\",\"description\":\"Tout pour passer un s\u00e9jour inoubliable en 2026 !\",\"potentialAction\":[{\"@type\":\"SearchAction\",\"target\":{\"@type\":\"EntryPoint\",\"urlTemplate\":\"https:\/\/bonjourbarcelone.fr\/?s={search_term_string}\"},\"query-input\":{\"@type\":\"PropertyValueSpecification\",\"valueRequired\":true,\"valueName\":\"search_term_string\"}}],\"inLanguage\":\"de\"}]}<\/script>\n<!-- \/ Yoast SEO plugin. -->","yoast_head_json":{"title":"Transfer vom Stadtzentrum zum Flughafen auf Franz\u00f6sisch!","robots":{"index":"noindex","follow":"nofollow"},"og_locale":"de_DE","og_type":"article","og_title":"Transfert depuis le centre-ville vers l'a\u00e9roport en fran\u00e7ais !","og_description":"Le partenaire de Bonjour Barcelone propose d&rsquo;effectuer votre retour depuis votre h\u00e9bergement ou n&rsquo;importe quel endroit en centre-ville jusqu&rsquo;\u00e0 l&rsquo;a\u00e9roport. Nos accompagnateurs ont des avantages uniques: ils parlent fran\u00e7ais ce qui rend la communication facile ils vous attendent en bas de votre h\u00f4tel\/immeuble pour vous \u00e9viter d&rsquo;attendre un taxi dans la rue ils vous aident [&hellip;]","og_url":"https:\/\/bonjourbarcelone.fr\/de\/transfer-vom-stadtzentrum-zu-einem-flughafen-in-franzosischer-sprache\/","og_site_name":"Visiter Barcelone","article_modified_time":"2025-10-13T13:36:05+00:00","twitter_card":"summary_large_image","twitter_misc":{"Gesch\u00e4tzte Lesezeit":"1\u00a0Minute"},"schema":{"@context":"https:\/\/schema.org","@graph":[{"@type":"WebPage","@id":"https:\/\/bonjourbarcelone.fr\/transfert-depuis-le-centre-ville-vers-un-aeroport-en-francais\/","url":"https:\/\/bonjourbarcelone.fr\/transfert-depuis-le-centre-ville-vers-un-aeroport-en-francais\/","name":"Transfer vom Stadtzentrum zum Flughafen auf Franz\u00f6sisch!","isPartOf":{"@id":"https:\/\/bonjourbarcelone.fr\/#website"},"datePublished":"2024-03-06T14:28:14+00:00","dateModified":"2025-10-13T13:36:05+00:00","breadcrumb":{"@id":"https:\/\/bonjourbarcelone.fr\/transfert-depuis-le-centre-ville-vers-un-aeroport-en-francais\/#breadcrumb"},"inLanguage":"de","potentialAction":[{"@type":"ReadAction","target":["https:\/\/bonjourbarcelone.fr\/transfert-depuis-le-centre-ville-vers-un-aeroport-en-francais\/"]}]},{"@type":"BreadcrumbList","@id":"https:\/\/bonjourbarcelone.fr\/transfert-depuis-le-centre-ville-vers-un-aeroport-en-francais\/#breadcrumb","itemListElement":[{"@type":"ListItem","position":1,"name":"Accueil","item":"https:\/\/bonjourbarcelone.fr\/"},{"@type":"ListItem","position":2,"name":"Transfert depuis le centre-ville vers l&rsquo;a\u00e9roport en fran\u00e7ais !"}]},{"@type":"WebSite","@id":"https:\/\/bonjourbarcelone.fr\/#website","url":"https:\/\/bonjourbarcelone.fr\/","name":"Barcelona besuchen","description":"Tout pour passer un s\u00e9jour inoubliable en 2026 !","potentialAction":[{"@type":"SearchAction","target":{"@type":"EntryPoint","urlTemplate":"https:\/\/bonjourbarcelone.fr\/?s={search_term_string}"},"query-input":{"@type":"PropertyValueSpecification","valueRequired":true,"valueName":"search_term_string"}}],"inLanguage":"de"}]}},"_links":{"self":[{"href":"https:\/\/bonjourbarcelone.fr\/de\/wp-json\/wp\/v2\/pages\/3656","targetHints":{"allow":["GET"]}}],"collection":[{"href":"https:\/\/bonjourbarcelone.fr\/de\/wp-json\/wp\/v2\/pages"}],"about":[{"href":"https:\/\/bonjourbarcelone.fr\/de\/wp-json\/wp\/v2\/types\/page"}],"author":[{"embeddable":true,"href":"https:\/\/bonjourbarcelone.fr\/de\/wp-json\/wp\/v2\/users\/2"}],"replies":[{"embeddable":true,"href":"https:\/\/bonjourbarcelone.fr\/de\/wp-json\/wp\/v2\/comments?post=3656"}],"version-history":[{"count":6,"href":"https:\/\/bonjourbarcelone.fr\/de\/wp-json\/wp\/v2\/pages\/3656\/revisions"}],"predecessor-version":[{"id":3990,"href":"https:\/\/bonjourbarcelone.fr\/de\/wp-json\/wp\/v2\/pages\/3656\/revisions\/3990"}],"wp:attachment":[{"href":"https:\/\/bonjourbarcelone.fr\/de\/wp-json\/wp\/v2\/media?parent=3656"}],"curies":[{"name":"wp","href":"https:\/\/api.w.org\/{rel}","templated":true}]}}