{"id":3665,"date":"2024-03-06T14:45:37","date_gmt":"2024-03-06T14:45:37","guid":{"rendered":"https:\/\/bonjourbarcelone.fr\/?page_id=3665"},"modified":"2024-03-06T14:45:37","modified_gmt":"2024-03-06T14:45:37","slug":"antrag-auf-transfer-zum-flughafen-berucksichtigt","status":"publish","type":"page","link":"https:\/\/bonjourbarcelone.fr\/de\/antrag-auf-transfer-zum-flughafen-berucksichtigt\/","title":{"rendered":"Antrag auf Transfer zum Flughafen ber\u00fccksichtigt"},"content":{"rendered":"<p>Danke!<br \/>\nIhr Antrag auf einen Transfer von Ihrer Unterkunft zum Flughafen ist <strong>ber\u00fccksichtigt.<\/strong>.<br \/>\nWir werden uns so bald wie m\u00f6glich mit Ihnen in Verbindung setzen, um Ihre Buchung zu best\u00e4tigen.<\/p>\n<p style=\"color:#FF0000\"><font size=\"6\"> -&gt; 20% Rabatt nur hier. Wenn Sie diese Seite schlie\u00dfen, wird Ihnen dieser Rabatt nicht mehr gew\u00e4hrt!<\/font><\/p>\n<p><strong><\/p>\n<h2>Die unglaubliche Tour durch das historische Zentrum Barcelonas<\/strong><\/h2>\n<p>M\u00f6chten Sie das Beste des historischen Zentrums von Barcelona in nur wenigen Stunden entdecken?<\/p>\n<p><strong><\/p>\n<h2>Wir bieten private F\u00fchrungen auf Franz\u00f6sisch an!<\/strong><\/h2>\n<p><img decoding=\"async\" src=\"https:\/\/bonjourbarcelone.fr\/wp-content\/uploads\/2022\/08\/montage-visite-guidee-barcelone-copie.jpg\" alt=\"montage f\u00fchrer barcelona\" width=\"1700\" height=\"1275\" class=\"alignnone size-full wp-image-1724\" srcset=\"https:\/\/bonjourbarcelone.fr\/wp-content\/uploads\/2022\/08\/montage-visite-guidee-barcelone-copie.jpg 1700w, https:\/\/bonjourbarcelone.fr\/wp-content\/uploads\/2022\/08\/montage-visite-guidee-barcelone-copie-300x225.jpg 300w, https:\/\/bonjourbarcelone.fr\/wp-content\/uploads\/2022\/08\/montage-visite-guidee-barcelone-copie-1024x768.jpg 1024w, https:\/\/bonjourbarcelone.fr\/wp-content\/uploads\/2022\/08\/montage-visite-guidee-barcelone-copie-768x576.jpg 768w, https:\/\/bonjourbarcelone.fr\/wp-content\/uploads\/2022\/08\/montage-visite-guidee-barcelone-copie-1536x1152.jpg 1536w\" sizes=\"(max-width: 1700px) 100vw, 1700px\" \/><br \/>\n<img decoding=\"async\" class=\"img-full\" title=\"gesehen auf\" src=\"https:\/\/bonjourbarcelone.fr\/wp-content\/uploads\/2024\/03\/banniere_logos_soccial.png\" alt=\"gesehen auf\" \/><\/p>\n<p><strong><\/p>\n<h3>Wie l\u00e4uft der Besuch ab und was wird gesehen?<\/strong><\/h3>\n<p>Der Startpunkt der Tour wird mit dem Reiseleiter im historischen Zentrum festgelegt.<\/p>\n<aside class=\"block-note\">\n<p class=\"block-offer-desc\">Hier sind einige <strong>Vorteile<\/strong> einen Besuch bei uns zu buchen:<\/p>\n<ul>\n<li>Ihr Reisef\u00fchrer <strong>perfekt Franz\u00f6sisch sprechen wird<\/strong>Damit es keine Kommunikationsprobleme gibt.<\/li>\n<li>Er zeigt Ihnen <strong>typische Orte<\/strong>die ihre Authentizit\u00e4t noch bewahrt haben<\/li>\n<li>Er wird Ihnen erz\u00e4hlen <strong>Anekdoten und Geschichten<\/strong> die die besuchten Orte spannend machen werden<\/li>\n<li>Er zeigt Ihnen <strong>die sch\u00f6nsten Orte<\/strong> aus Barcelona<\/li>\n<li>Er zeigt Ihnen <strong>geheime Orte<\/strong>Diejenigen, die in keinem Reisef\u00fchrer stehen und die die Katalanen nicht mit den Touristen teilen wollen.<\/li>\n<li>Er wird Ihnen eine <strong>pers\u00f6nlicher Besuch<\/strong> je nach Ihrem Geschmack und Ihrem Lauftempo<\/li>\n<li>Bonus: Er wird sich die Zeit nehmen <strong>Ihnen ein individuelles Programm f\u00fcr den Rest Ihres Aufenthalts zusammenstellen<\/strong> (Sehensw\u00fcrdigkeiten, Aktivit\u00e4ten, Restaurants, Orte zum Ausgehen...)<\/li>\n<\/ul>\n<\/aside>\n<h3><strong>Route des Besuchs<\/strong><\/h3>\n<p>Dies ist die Route der Tour, die wir Ihnen vorschlagen. Manchmal kann es vorkommen, dass er leicht abge\u00e4ndert wird, um Ihnen die <strong>bestm\u00f6gliches Erlebnis<\/strong> !<\/p>\n<p><strong>1) Das Gotico-Viertel<\/strong><br \/>\nSie werden das Vergn\u00fcgen haben, die <strong>prestigetr\u00e4chtige<\/strong> Kathedrale Santa Cruz de Barcelona und ihre Geschichte (u. a. die Legende von Santa Eulalia, der Schutzpatronin der Stadt Barcelona).<\/p>\n<p>Sie spazieren durch den <strong>wunderbar<\/strong> Judenviertel mit seinen kleinen Gassen, gehen Sie \u00fcber die Pla\u00e7a Reial, die Pla\u00e7a San Jaume und die Pla\u00e7a del Rei, drei sehr unterschiedliche Pl\u00e4tze, die aber allesamt in der N\u00e4he des Platzes liegen. <strong>wundersch\u00f6nen<\/strong>!<br \/>\n<img decoding=\"async\" src=\"https:\/\/bonjourbarcelone.fr\/wp-content\/uploads\/2023\/10\/placa-reial-1024x576.jpg\" alt=\"Placa reial\" width=\"1024\" height=\"576\" class=\"alignnone size-large wp-image-3198\" srcset=\"https:\/\/bonjourbarcelone.fr\/wp-content\/uploads\/2023\/10\/placa-reial-1024x576.jpg 1024w, https:\/\/bonjourbarcelone.fr\/wp-content\/uploads\/2023\/10\/placa-reial-300x169.jpg 300w, https:\/\/bonjourbarcelone.fr\/wp-content\/uploads\/2023\/10\/placa-reial-768x432.jpg 768w, https:\/\/bonjourbarcelone.fr\/wp-content\/uploads\/2023\/10\/placa-reial.jpg 1365w\" sizes=\"(max-width: 1024px) 100vw, 1024px\" \/><br \/>\n<strong>2) Das Viertel El Born<\/strong><br \/>\nEin Viertel, das Sie unbedingt sehen sollten!<\/p>\n<p>Mit <strong>seine ganz besonderen Gassen<\/strong> deren Namen an die Handelsaktivit\u00e4ten zur Zeit des Mittelalters erinnern.<br \/>\n<img decoding=\"async\" src=\"https:\/\/bonjourbarcelone.fr\/wp-content\/uploads\/2023\/10\/basilique-Santa-Maria-del-Mar-1024x830.jpg\" alt=\"basilika santa maria\" width=\"1024\" height=\"830\" class=\"alignnone size-large wp-image-3199\" srcset=\"https:\/\/bonjourbarcelone.fr\/wp-content\/uploads\/2023\/10\/basilique-Santa-Maria-del-Mar-1024x830.jpg 1024w, https:\/\/bonjourbarcelone.fr\/wp-content\/uploads\/2023\/10\/basilique-Santa-Maria-del-Mar-300x243.jpg 300w, https:\/\/bonjourbarcelone.fr\/wp-content\/uploads\/2023\/10\/basilique-Santa-Maria-del-Mar-768x623.jpg 768w, https:\/\/bonjourbarcelone.fr\/wp-content\/uploads\/2023\/10\/basilique-Santa-Maria-del-Mar.jpg 1137w\" sizes=\"(max-width: 1024px) 100vw, 1024px\" \/><br \/>\nSie sehen eine Basilika <strong>auf keinen Fall verpassen<\/strong>Die Carrer Moncada ist eine der faszinierendsten Stra\u00dfen mit ihren alten Kaufmannspal\u00e4sten.<\/p>\n<p><strong>3) Das Viertel El Raval<\/strong><br \/>\n<img decoding=\"async\" src=\"https:\/\/bonjourbarcelone.fr\/wp-content\/uploads\/2023\/10\/raval-1024x775.jpg\" alt=\"raval\" width=\"1024\" height=\"775\" class=\"alignnone size-large wp-image-3197\" srcset=\"https:\/\/bonjourbarcelone.fr\/wp-content\/uploads\/2023\/10\/raval-1024x775.jpg 1024w, https:\/\/bonjourbarcelone.fr\/wp-content\/uploads\/2023\/10\/raval-300x227.jpg 300w, https:\/\/bonjourbarcelone.fr\/wp-content\/uploads\/2023\/10\/raval-768x581.jpg 768w, https:\/\/bonjourbarcelone.fr\/wp-content\/uploads\/2023\/10\/raval.jpg 1400w\" sizes=\"(max-width: 1024px) 100vw, 1024px\" \/><br \/>\nEs ist DER <strong>atypisches Viertel<\/strong> mit seinen so unterschiedlichen kleinen Stra\u00dfen.<\/p>\n<p>Auf dem Programm stehen alte Kl\u00f6ster, das Wandgem\u00e4lde von Keith Haring, die katalanische Nationalbibliothek und die Rambla (die bekannteste Stra\u00dfe Barcelonas).<\/p>\n<p>Es ist ganz einfach, Sie sehen den <strong>beste der Altstadt<\/strong> aus Barcelona!<\/p>\n<p>Diese Route wurde so konzipiert, dass sie Ihnen sowohl die<strong>unumg\u00e4nglich<\/strong> in Barcelona, sondern auch Ungew\u00f6hnliches, \"Verstecktes\", interessante Geschichten, einzigartige Anekdoten, die Sie sonst nicht finden <strong>nirgends sonst<\/strong>.<\/p>\n<p>Hier sind einige Beispiele f\u00fcr R\u00fcckmeldungen von Reisenden, die mit uns die Tour durch das historische Zentrum gemacht haben:<\/p>\n<blockquote><p>Ein wunderbarer Moment mit Antonio, einem leidenschaftlichen und begeisterten F\u00fchrer. Er hat uns seine Stadt, ihre Geschichte und ihre Anekdoten n\u00e4her gebracht ... wir k\u00f6nnen ihn mit seinem tadellosen Franz\u00f6sisch nur empfehlen!<br \/>\nDANKE an ihn<\/p>\n<p style=\"text-align: right;\">Jean-Pierre Challier<\/p>\n<p>Wir hatten eine tolle Tour mit Tony, der sehr zug\u00e4nglich ist und sich perfekt an unseren Rhythmus angepasst hat. Vielen Dank f\u00fcr seine Tipps und Tricks, die uns bei unserem weiteren Aufenthalt sehr n\u00fctzlich waren.<br \/>\nEin Besuch, den man ohne Fragen machen sollte!!!<br \/>\nDanke!<\/p>\n<p style=\"text-align: right;\">Claire D.<\/p>\n<p>Drei magische Stunden in Begleitung von Tony! Ein geduldiger, kultivierter, pedantischer Reiseleiter, der seinen G\u00e4sten zuh\u00f6rt.<br \/>\nEine gef\u00fchrte Tour, um in die Kultur der Stadt einzutauchen und sich an ihr zu bereichern! Ungew\u00f6hnliche, unwahrscheinliche Orte, ...., die man auf eigene Faust kaum entdeckt h\u00e4tte ... Ein einziger Ratschlag: Reservieren Sie gleich nach Ihrer Ankunft, damit Sie die guten Adressen, die Ihnen mitgeteilt werden, voll ausnutzen k\u00f6nnen.<br \/>\nEin gro\u00dfes Dankesch\u00f6n .... und Bravo f\u00fcr diese Professionalit\u00e4t!<\/p>\n<p style=\"text-align: right;\">Ciomei<\/p>\n<p>Wir danken unserem tollen Reisef\u00fchrer (Jeremy), dass er uns Barcelona gezeigt hat.<br \/>\nin unserem Tempo und mit vielen Anekdoten und guter Laune. Es gibt viele Orte, die wir ohne seine Hilfe nie entdeckt h\u00e4tten.<br \/>\nEr hat uns sogar einen Plan mit den richtigen Adressen f\u00fcr die anderen Tage erstellt.<br \/>\nWir waren zu viert und k\u00f6nnen Ihre Dienste w\u00e4rmstens empfehlen, da sie sich wirklich lohnen.<br \/>\nEs war unser erster Aufenthalt in Barcelona, aber wir werden wiederkommen.<br \/>\nViel Spa\u00df beim Weitermachen.<\/p>\n<p style=\"text-align: right;\">Lardinois Christiane<\/p>\n<p>Wir verbrachten einen tollen Nachmittag mit Tania, die uns durch ihre Stadt f\u00fchrte und uns Orte zeigte, die wir alleine nicht gefunden h\u00e4tten. Wir empfehlen diese Art, Barcelona zu entdecken, w\u00e4rmstens. Ein besonderer Dank geht an Tania f\u00fcr ihr Wissen, ihre Art, es zu teilen und ihre Freundlichkeit.<\/p>\n<p style=\"text-align: right;\">Philippe Cabanel<\/p>\n<p>Wir haben unsere F\u00fchrung mit Tony wirklich genossen, es war wirklich spannend... Wenn Sie Barcelona entdecken wollen, ist diese F\u00fchrung ein Muss. Au\u00dferdem gibt er einem viele gute Adressen von Restaurants (das verhindert, dass man auf Touristenf\u00e4nger-Restaurants hereinf\u00e4llt). Das war unsere beste Erinnerung!!! Nochmals vielen Dank ....<\/p>\n<p style=\"text-align: right;\">Christine Troux<\/p>\n<p>Frisch in Barcelona angekommen, schlossen wir unsere Stadtf\u00fchrung mit Antonio an. Wir verbrachten eine herrliche Zeit, w\u00e4hrend wir durch die verschiedenen Viertel Barcelonas schlenderten. Wir profitierten von seiner enormen Erfahrung, seiner gro\u00dfen Kultur und seinen vielen Anekdoten, die der Tour eine besondere Note verliehen! Vielen Dank, Antonio, und Sie, zuk\u00fcnftige Reisende, sollten nicht z\u00f6gern und sich f\u00fcr dieses Angebot entscheiden!<\/p>\n<p style=\"text-align: right;\">Nathalie RELAND<\/p>\n<p>Eine Tour mit Jeremy ist uns in sehr guter Erinnerung geblieben: Er hat uns zugeh\u00f6rt, war sehr gelehrt und hat uns Orte gezeigt, die wir alleine nicht besucht h\u00e4tten. Seine gute Laune hat uns begeistert !!!!<br \/>\nIch empfehle diese Seite meiner Familie und meinen Freunden.<br \/>\nVielen Dank noch einmal f\u00fcr die sch\u00f6nen Momente.<\/p>\n<p style=\"text-align: right;\"> Chassagne <\/p>\n<p>Vielen Dank an Jeremie f\u00fcr die tolle Tour durch Barcelona und seine Begeisterung f\u00fcr diese Stadt! Mit seinem Wissen hat er uns viele tolle Ecken und Ansichten gezeigt.<br \/>\nEr half uns auch dabei, weitere Besichtigungen f\u00fcr die n\u00e4chsten Tage unseres Aufenthalts zu planen. Wir empfehlen ihn. Gracias!<\/p>\n<p style=\"text-align: right;\"> Deschampsch <\/p>\n<\/blockquote>\n<p><strong><\/p>\n<h3>Wie lange dauert der Besuch?<\/strong><\/h3>\n<p>Dies ist ein Rundgang zu Fu\u00df, der etwa drei Stunden dauert.<\/p>\n<p><strong><\/p>\n<h3>Werden andere Personen bei uns sein?<\/strong><\/h3>\n<p>Nein <strong>der Besuch ist sehr privat<\/strong>.<br \/>\nWir bieten nur diese Art von Besuch an, um <strong>die bestm\u00f6gliche Erfahrung<\/strong> und so nah wie m\u00f6glich an Ihrem Reisef\u00fchrer sein.<\/p>\n<p>Ihr Reiseleiter wird sich auf Sie einstellen und eine ganze Reihe von Informationen, Geschichten, Geheimnissen und Anekdoten mit Ihnen teilen, die Sie nirgendwo sonst finden werden...<br \/>\nUnd Sie k\u00f6nnen ihn <strong>alle Fragen stellen, die Sie wollen<\/strong> !<\/p>\n<h3><strong> Inwiefern sind wir legitimiert, Ihnen eine pers\u00f6nliche Tour durch Barcelona wie ein echter Katalane anzubieten? <\/strong><\/h3>\n<p><strong>Hier sind einige wichtige Zahlen, die Sie \u00fcber uns wissen sollten:<\/strong><\/p>\n<ul>\n<li>Die Website Hallo Barcelona wurde 2016 gegr\u00fcndet und ist die <strong>Referenz<\/strong> im Internet f\u00fcr deutschsprachige Reisende, die die Stadt Barcelona besuchen wollen<\/li>\n<li>Wir begleiteten fast <strong>5.000 Reisende<\/strong> die uns <strong>Vertrauen<\/strong> und die eine <strong>pers\u00f6nliche F\u00fchrung mit uns<\/strong><\/li>\n<li>Die Website Bonjour Barcelone wird von mehr als <strong>300.000 Reisende<\/strong> jedes Jahr<\/li>\n<li>Wir sind ein Team von 7 Personen, das Ihnen zu Diensten steht, um Ihnen Barcelona wie ein Katalane zu zeigen.<\/li>\n<li>Die Seite Hallo Barcelona wurde <strong>empfohlen vom Guide du Routard<\/strong><\/li>\n<\/ul>\n<p><img decoding=\"async\" src=\"https:\/\/bonjourbarcelone.fr\/wp-content\/uploads\/2024\/01\/logo-recommandation-routard.png\" alt=\"Logo Empfehlung Backpacker\" width=\"300\" height=\"170\" class=\"aligncenter size-medium wp-image-1937\" \/><\/p>\n<h3><strong>EINMALIGE Garantie<\/strong><\/h3>\n<p>Wenn Ihnen Ihr Besuch nicht gefallen hat, zahlen Sie einfach nicht und wir verpflichten uns, Ihnen 50\u20ac als Entsch\u00e4digung f\u00fcr die \"verlorene Zeit\" zu geben (<strong>Garantie gilt nur<\/strong> wenn Sie die gesamte Tour absolviert haben und Ihrem Reiseleiter erkl\u00e4rt haben, was Ihnen nicht gefallen hat und warum Sie entt\u00e4uscht waren).<\/p>\n<p>Sie haben also <strong>kein Risiko<\/strong> eine Tour mit uns zu buchen und Sie werden garantiert eine tolle Zeit haben!<\/p>\n<p><strong><\/p>\n<h3>Wie hoch ist der Preis f\u00fcr eine private Tour? (-20% Rabatt auf dieser Seite)<\/strong><\/h3>\n<p>Die private Tour kostet nur 129\u20ac f\u00fcr 1 oder 2 Personen (statt <del datetime=\"2018-01-29T10:10:04+00:00\">169<\/del>\u20ac normalerweise), +15\u20ac\/zus\u00e4tzliche Person bei mehr als 2 Personen. Kostenlos f\u00fcr Kinder unter 10 Jahren.<br \/>\n<strong>Beispiel<\/strong>Wenn Sie zu zweit sind, betr\u00e4gt der Gesamtpreis 129\u20ac. Wenn Sie 4 Personen sind, betr\u00e4gt der Gesamtpreis 159\u20ac.<\/p>\n<p>EDIT: Zur Erinnerung: Die Tour ist privat, Sie bekommen nur einen F\u00fchrer. <strong>f\u00fcr Sie<\/strong>.<\/p>\n<p><strong><\/p>\n<h3>Wie kann ich buchen?<\/strong><\/h3>\n<p>F\u00fcllen Sie einfach das folgende Formular aus.<\/p>\n<p>Ihr Reiseleiter wird Ihnen dann eine Nachricht schicken, um die Tour zu best\u00e4tigen und Ihnen den genauen Treffpunkt mitzuteilen.<\/p>\n<p>Sie k\u00f6nnen das folgende Formular ausf\u00fcllen :<\/p>\n<div data-tf-widget=\"tTml6tMW\" data-tf-inline-on-mobile data-tf-iframe-props=\"title=Demande visite guidee barcelone (-20%)\" data-tf-medium=\"snippet\" style=\"width:100%;height:400px;\"><\/div>\n<p><script src=\"\/\/embed.typeform.com\/next\/embed.js\"><\/script><\/p>\n<p><strong><\/p>\n<h3>FAQ<\/strong><\/h3>\n<p><strong><\/p>\n<h4>Muss ich lange im Voraus buchen?<\/strong><\/h4>\n<p>Sobald Sie sich f\u00fcr eine Tour mit uns entschieden haben, sollten Sie so schnell wie m\u00f6glich buchen, da wir nur wenige freie Termine haben. Dies gilt insbesondere f\u00fcr Wochenenden und Schulferienzeiten.<br \/>\n<strong><\/p>\n<h4>Machen Sie Gruppenbesuche?<\/strong><\/h4>\n<p>Nein, wir bieten nur private F\u00fchrungen an, um Ihnen das bestm\u00f6gliche Erlebnis zu bieten.<br \/>\n<strong><\/p>\n<h4>Was passiert bei schlechtem Wetter?<\/strong><\/h4>\n<p>Normalerweise wird die Tour fortgesetzt. Es kann aber sein, dass Ihr Reiseleiter bei wirklich schlechtem Wetter beschlie\u00dft, die Tour abzusagen, und Ihnen einen anderen Tag vorschl\u00e4gt, sofern dies m\u00f6glich ist.<br \/>\n<strong><\/p>\n<h4>Ist eine Tour f\u00fcr Kinder geeignet?<\/strong><\/h4>\n<p>Ihr Reiseleiter passt sich immer an und schafft es, auch die J\u00fcngsten zu fesseln, also ja!<br \/>\nIhr Reiseleiter wird Ihnen mehr Pausen vorschlagen, damit sie nicht zu sehr erm\u00fcden. Sie sollten jedoch in der Lage sein, mehrere Stunden zu laufen.<br \/>\n<strong><\/p>\n<h4>Ich kenne die Stadt bereits, ist die Tour f\u00fcr mich interessant?<\/strong><\/h4>\n<p>Die Antwort ist ja! Es ist immer m\u00f6glich, die Stadt aus einem anderen Blickwinkel neu zu entdecken, mit einem neuen Aspekt, mit Anekdoten und Geschichten, die Sie noch nicht kennen.<br \/>\nSie k\u00f6nnen dies im Feld \"Zus\u00e4tzliche Informationen bei Bedarf\" oder z. B. ganz am Anfang der Tour angeben, damit sich Ihr Reiseleiter darauf einstellen kann.<br \/>\n<strong><\/p>\n<h4>Ist es m\u00f6glich, am Ende des Besuchs anders als in bar zu bezahlen?<\/strong><\/h4>\n<p>Ja, das k\u00f6nnen Sie direkt per E-Mail mit Ihrem Reisef\u00fchrer sehen, nachdem Sie Ihre Anfrage gestellt haben.<br \/>\n<strong><\/p>\n<h4>Ist es m\u00f6glich, eine Rechnung f\u00fcr diesen Besuch zu erhalten?<\/strong><\/h4>\n<p>Ja, Sie k\u00f6nnen dies auch direkt per E-Mail mit Ihrem Reiseleiter abkl\u00e4ren, nachdem Sie Ihre Anfrage gestellt haben.<\/p>\n<p><strong><\/p>\n<h3>Und wenn ich noch weitere Fragen habe?<\/strong><\/h3>\n<p>Sie k\u00f6nnen sie an bonjourbarcelone.marie@gmail.com stellen und Marie wird Ihnen so schnell wie m\u00f6glich antworten.<br \/>\nDenken Sie auch daran, m\u00f6glichst Ihre Telefonnummer zu hinterlassen, denn es kann sein, dass wir Sie per Telefon\/WhatsApp kontaktieren, um Ihre Fragen besser beantworten zu k\u00f6nnen.<\/p>\n<p>Bis bald und ausgezeichneter Besuch f\u00fcr Sie!<\/p>","protected":false},"excerpt":{"rendered":"<p>Merci ! Votre demande de transfert depuis votre logement vers l&rsquo;a\u00e9roport est prise en compte.. Nous vous contacterons dans les plus brefs d\u00e9lais pour confirmer votre r\u00e9servation. \u2013> 20% de r\u00e9duction ici seulement. En refermant cette page, vous n\u2019aurez plus droit \u00e0 cette r\u00e9duction! L&rsquo;incroyable visite du centre historique de Barcelone Vous aimeriez d\u00e9couvrir le [&hellip;]<\/p>","protected":false},"author":2,"featured_media":0,"parent":0,"menu_order":0,"comment_status":"closed","ping_status":"closed","template":"page_landing.php","meta":{"om_disable_all_campaigns":false,"_genesis_hide_title":false,"_genesis_hide_breadcrumbs":false,"_genesis_hide_singular_image":false,"_genesis_hide_footer_widgets":false,"_genesis_custom_body_class":"","_genesis_custom_post_class":"","_genesis_layout":"","footnotes":""},"class_list":{"0":"post-3665","1":"page","2":"type-page","3":"status-publish","5":"entry"},"yoast_head":"<!-- This site is optimized with the Yoast SEO plugin v26.5 - https:\/\/yoast.com\/wordpress\/plugins\/seo\/ -->\n<title>Demande de transfert vers a\u00e9roport prise en compte<\/title>\n<meta name=\"robots\" content=\"index, follow, max-snippet:-1, max-image-preview:large, max-video-preview:-1\" \/>\n<link rel=\"canonical\" href=\"https:\/\/bonjourbarcelone.fr\/de\/antrag-auf-transfer-zum-flughafen-berucksichtigt\/\" \/>\n<meta property=\"og:locale\" content=\"de_DE\" \/>\n<meta property=\"og:type\" content=\"article\" \/>\n<meta property=\"og:title\" content=\"Demande de transfert vers a\u00e9roport prise en compte\" \/>\n<meta property=\"og:description\" content=\"Merci ! Votre demande de transfert depuis votre logement vers l&rsquo;a\u00e9roport est prise en compte.. Nous vous contacterons dans les plus brefs d\u00e9lais pour confirmer votre r\u00e9servation. \u2013&gt; 20% de r\u00e9duction ici seulement. En refermant cette page, vous n\u2019aurez plus droit \u00e0 cette r\u00e9duction! L&rsquo;incroyable visite du centre historique de Barcelone Vous aimeriez d\u00e9couvrir le [&hellip;]\" \/>\n<meta property=\"og:url\" content=\"https:\/\/bonjourbarcelone.fr\/de\/antrag-auf-transfer-zum-flughafen-berucksichtigt\/\" \/>\n<meta property=\"og:site_name\" content=\"Visiter Barcelone\" \/>\n<meta property=\"og:image\" content=\"https:\/\/bonjourbarcelone.fr\/wp-content\/uploads\/2022\/08\/montage-visite-guidee-barcelone-copie.jpg\" \/>\n<meta name=\"twitter:card\" content=\"summary_large_image\" \/>\n<script type=\"application\/ld+json\" class=\"yoast-schema-graph\">{\"@context\":\"https:\/\/schema.org\",\"@graph\":[{\"@type\":\"WebPage\",\"@id\":\"https:\/\/bonjourbarcelone.fr\/demande-de-transfert-vers-aeroport-prise-en-compte\/\",\"url\":\"https:\/\/bonjourbarcelone.fr\/demande-de-transfert-vers-aeroport-prise-en-compte\/\",\"name\":\"Demande de transfert vers a\u00e9roport prise en compte\",\"isPartOf\":{\"@id\":\"https:\/\/bonjourbarcelone.fr\/#website\"},\"primaryImageOfPage\":{\"@id\":\"https:\/\/bonjourbarcelone.fr\/demande-de-transfert-vers-aeroport-prise-en-compte\/#primaryimage\"},\"image\":{\"@id\":\"https:\/\/bonjourbarcelone.fr\/demande-de-transfert-vers-aeroport-prise-en-compte\/#primaryimage\"},\"thumbnailUrl\":\"https:\/\/bonjourbarcelone.fr\/wp-content\/uploads\/2022\/08\/montage-visite-guidee-barcelone-copie.jpg\",\"datePublished\":\"2024-03-06T14:45:37+00:00\",\"breadcrumb\":{\"@id\":\"https:\/\/bonjourbarcelone.fr\/demande-de-transfert-vers-aeroport-prise-en-compte\/#breadcrumb\"},\"inLanguage\":\"de\",\"potentialAction\":[{\"@type\":\"ReadAction\",\"target\":[\"https:\/\/bonjourbarcelone.fr\/demande-de-transfert-vers-aeroport-prise-en-compte\/\"]}]},{\"@type\":\"ImageObject\",\"inLanguage\":\"de\",\"@id\":\"https:\/\/bonjourbarcelone.fr\/demande-de-transfert-vers-aeroport-prise-en-compte\/#primaryimage\",\"url\":\"https:\/\/bonjourbarcelone.fr\/wp-content\/uploads\/2022\/08\/montage-visite-guidee-barcelone-copie.jpg\",\"contentUrl\":\"https:\/\/bonjourbarcelone.fr\/wp-content\/uploads\/2022\/08\/montage-visite-guidee-barcelone-copie.jpg\"},{\"@type\":\"BreadcrumbList\",\"@id\":\"https:\/\/bonjourbarcelone.fr\/demande-de-transfert-vers-aeroport-prise-en-compte\/#breadcrumb\",\"itemListElement\":[{\"@type\":\"ListItem\",\"position\":1,\"name\":\"Accueil\",\"item\":\"https:\/\/bonjourbarcelone.fr\/\"},{\"@type\":\"ListItem\",\"position\":2,\"name\":\"Demande de transfert vers a\u00e9roport prise en compte\"}]},{\"@type\":\"WebSite\",\"@id\":\"https:\/\/bonjourbarcelone.fr\/#website\",\"url\":\"https:\/\/bonjourbarcelone.fr\/\",\"name\":\"Visiter Barcelone\",\"description\":\"Tout pour passer un s\u00e9jour inoubliable en 2026 !\",\"potentialAction\":[{\"@type\":\"SearchAction\",\"target\":{\"@type\":\"EntryPoint\",\"urlTemplate\":\"https:\/\/bonjourbarcelone.fr\/?s={search_term_string}\"},\"query-input\":{\"@type\":\"PropertyValueSpecification\",\"valueRequired\":true,\"valueName\":\"search_term_string\"}}],\"inLanguage\":\"de\"}]}<\/script>\n<!-- \/ Yoast SEO plugin. -->","yoast_head_json":{"title":"Antrag auf Transfer zum Flughafen ber\u00fccksichtigt","robots":{"index":"index","follow":"follow","max-snippet":"max-snippet:-1","max-image-preview":"max-image-preview:large","max-video-preview":"max-video-preview:-1"},"canonical":"https:\/\/bonjourbarcelone.fr\/de\/antrag-auf-transfer-zum-flughafen-berucksichtigt\/","og_locale":"de_DE","og_type":"article","og_title":"Demande de transfert vers a\u00e9roport prise en compte","og_description":"Merci ! Votre demande de transfert depuis votre logement vers l&rsquo;a\u00e9roport est prise en compte.. Nous vous contacterons dans les plus brefs d\u00e9lais pour confirmer votre r\u00e9servation. \u2013> 20% de r\u00e9duction ici seulement. En refermant cette page, vous n\u2019aurez plus droit \u00e0 cette r\u00e9duction! L&rsquo;incroyable visite du centre historique de Barcelone Vous aimeriez d\u00e9couvrir le [&hellip;]","og_url":"https:\/\/bonjourbarcelone.fr\/de\/antrag-auf-transfer-zum-flughafen-berucksichtigt\/","og_site_name":"Visiter Barcelone","og_image":[{"url":"https:\/\/bonjourbarcelone.fr\/wp-content\/uploads\/2022\/08\/montage-visite-guidee-barcelone-copie.jpg","type":"","width":"","height":""}],"twitter_card":"summary_large_image","schema":{"@context":"https:\/\/schema.org","@graph":[{"@type":"WebPage","@id":"https:\/\/bonjourbarcelone.fr\/demande-de-transfert-vers-aeroport-prise-en-compte\/","url":"https:\/\/bonjourbarcelone.fr\/demande-de-transfert-vers-aeroport-prise-en-compte\/","name":"Antrag auf Transfer zum Flughafen ber\u00fccksichtigt","isPartOf":{"@id":"https:\/\/bonjourbarcelone.fr\/#website"},"primaryImageOfPage":{"@id":"https:\/\/bonjourbarcelone.fr\/demande-de-transfert-vers-aeroport-prise-en-compte\/#primaryimage"},"image":{"@id":"https:\/\/bonjourbarcelone.fr\/demande-de-transfert-vers-aeroport-prise-en-compte\/#primaryimage"},"thumbnailUrl":"https:\/\/bonjourbarcelone.fr\/wp-content\/uploads\/2022\/08\/montage-visite-guidee-barcelone-copie.jpg","datePublished":"2024-03-06T14:45:37+00:00","breadcrumb":{"@id":"https:\/\/bonjourbarcelone.fr\/demande-de-transfert-vers-aeroport-prise-en-compte\/#breadcrumb"},"inLanguage":"de","potentialAction":[{"@type":"ReadAction","target":["https:\/\/bonjourbarcelone.fr\/demande-de-transfert-vers-aeroport-prise-en-compte\/"]}]},{"@type":"ImageObject","inLanguage":"de","@id":"https:\/\/bonjourbarcelone.fr\/demande-de-transfert-vers-aeroport-prise-en-compte\/#primaryimage","url":"https:\/\/bonjourbarcelone.fr\/wp-content\/uploads\/2022\/08\/montage-visite-guidee-barcelone-copie.jpg","contentUrl":"https:\/\/bonjourbarcelone.fr\/wp-content\/uploads\/2022\/08\/montage-visite-guidee-barcelone-copie.jpg"},{"@type":"BreadcrumbList","@id":"https:\/\/bonjourbarcelone.fr\/demande-de-transfert-vers-aeroport-prise-en-compte\/#breadcrumb","itemListElement":[{"@type":"ListItem","position":1,"name":"Accueil","item":"https:\/\/bonjourbarcelone.fr\/"},{"@type":"ListItem","position":2,"name":"Demande de transfert vers a\u00e9roport prise en compte"}]},{"@type":"WebSite","@id":"https:\/\/bonjourbarcelone.fr\/#website","url":"https:\/\/bonjourbarcelone.fr\/","name":"Barcelona besuchen","description":"Tout pour passer un s\u00e9jour inoubliable en 2026 !","potentialAction":[{"@type":"SearchAction","target":{"@type":"EntryPoint","urlTemplate":"https:\/\/bonjourbarcelone.fr\/?s={search_term_string}"},"query-input":{"@type":"PropertyValueSpecification","valueRequired":true,"valueName":"search_term_string"}}],"inLanguage":"de"}]}},"_links":{"self":[{"href":"https:\/\/bonjourbarcelone.fr\/de\/wp-json\/wp\/v2\/pages\/3665","targetHints":{"allow":["GET"]}}],"collection":[{"href":"https:\/\/bonjourbarcelone.fr\/de\/wp-json\/wp\/v2\/pages"}],"about":[{"href":"https:\/\/bonjourbarcelone.fr\/de\/wp-json\/wp\/v2\/types\/page"}],"author":[{"embeddable":true,"href":"https:\/\/bonjourbarcelone.fr\/de\/wp-json\/wp\/v2\/users\/2"}],"replies":[{"embeddable":true,"href":"https:\/\/bonjourbarcelone.fr\/de\/wp-json\/wp\/v2\/comments?post=3665"}],"version-history":[{"count":1,"href":"https:\/\/bonjourbarcelone.fr\/de\/wp-json\/wp\/v2\/pages\/3665\/revisions"}],"predecessor-version":[{"id":3667,"href":"https:\/\/bonjourbarcelone.fr\/de\/wp-json\/wp\/v2\/pages\/3665\/revisions\/3667"}],"wp:attachment":[{"href":"https:\/\/bonjourbarcelone.fr\/de\/wp-json\/wp\/v2\/media?parent=3665"}],"curies":[{"name":"wp","href":"https:\/\/api.w.org\/{rel}","templated":true}]}}