{"id":773,"date":"2025-12-08T15:56:03","date_gmt":"2025-12-08T15:56:03","guid":{"rendered":"http:\/\/thibaut.wpengine.com\/?page_id=773"},"modified":"2025-12-26T18:30:55","modified_gmt":"2025-12-26T18:30:55","slug":"casa-mila-barcelona-pedrera","status":"publish","type":"page","link":"https:\/\/bonjourbarcelone.fr\/de\/casa-mila-barcelona-pedrera\/","title":{"rendered":"Casa Mila Barcelone (la pedrera) : guide complet [2026]"},"content":{"rendered":"<p>Dans cet article, je vous pr\u00e9sente la <strong>Casa Mila de Barcelone<\/strong> (la pedrera), un \u00e9difice majeur de Barcelone sign\u00e9 du ma\u00eetre Gaudi.<\/p>\n<p>Vous trouverez notamment :<\/p>\n<ul>\n<li>Des explications sur cette Casa Mil\u00e0<\/li>\n<li>O\u00f9 et comment la visiter<\/li>\n<li>Ce qu&rsquo;on peut voir durant la visite<\/li>\n<li>Des informations pratiques : tarifs, horaires, r\u00e9servation, etc.<\/li>\n<li>Et bien d&rsquo;autres choses !<\/li>\n<\/ul>\n<p>Si vous \u00eates curieux et que vous souhaitez mieux appr\u00e9hender cette Casa Mil\u00e0 de Barcelone, vous allez adorer cet article.<\/p>\n<p>Folgen Sie dem Leitfaden!<\/p>\n<p><a href=\"https:\/\/bonjourbarcelone.fr\/wp-content\/uploads\/2025\/12\/casa-mila-barcelone.jpg\"><img decoding=\"async\" class=\"aligncenter size-full wp-image-4081\" src=\"https:\/\/bonjourbarcelone.fr\/wp-content\/uploads\/2025\/12\/casa-mila-barcelone.jpg\" alt=\"casa mil\u00e0 barcelone\" width=\"600\" height=\"400\" srcset=\"https:\/\/bonjourbarcelone.fr\/wp-content\/uploads\/2025\/12\/casa-mila-barcelone.jpg 600w, https:\/\/bonjourbarcelone.fr\/wp-content\/uploads\/2025\/12\/casa-mila-barcelone-300x200.jpg 300w, https:\/\/bonjourbarcelone.fr\/wp-content\/uploads\/2025\/12\/casa-mila-barcelone-18x12.jpg 18w\" sizes=\"(max-width: 600px) 100vw, 600px\" \/><\/a><\/p>\n<h2 class=\"summary-title\">Casa Mila Barcelone (la pedrera): sommaire de l&rsquo;article<\/h2>\n<div class=\"summary-box\">\n<ul class=\"summary-list\">\n<li><a href=\"#1\">La Casa Mil\u00e0 ou la Pedrera de Barcelone<br \/>\n<\/a><\/li>\n<li><a href=\"#2\">Casa Mila Barcelone : tarifs et horaires<br \/>\n<\/a><\/li>\n<li><a href=\"#3\">Comment se rendre \u00e0 la Casa Mila \u2013 La Pedrera<br \/>\n<\/a><\/li>\n<li><a href=\"#4\">Description et histoire de la Casa Mila \u2013 La Pedrera<br \/>\n<\/a><\/li>\n<li><a href=\"#5\">Casa Mil\u00e0 : informations pratiques et FAQ<br \/>\n<\/a><\/li>\n<\/ul>\n<\/div>\n<p><a name=\"1\"><\/a><\/p>\n<h2><strong>La Casa Mil\u00e0 ou la Pedrera de Barcelone<\/strong><\/h2>\n<p>Die <strong>Casa Mil\u00e0<\/strong> oder \" <strong>La Pedrera<\/strong> \"ist ein ber\u00fchmtes Geb\u00e4ude in Barcelona, das von dem nicht weniger ber\u00fchmten katalanischen Architekten <a href=\"https:\/\/bonjourbarcelone.fr\/de\/gaudi-barcelona\/\">Antoni Gaud\u00ed<\/a>.<\/p>\n<p><strong>Erbaut zwischen 1906 und 1912<\/strong>Die Casa Mil\u00e0 war als Privathaus konzipiert und wurde in den 1960er Jahren von der Familie Mil\u00e0 gebaut. <strong>das vorletzte von Antoni Gaud\u00ed geleitete Projekt<\/strong>.<\/p>\n<p>Hier verwendete er seine eigenen Marken:<strong> die Natur und organische Formen<\/strong>.<\/p>\n<aside class=\"block-note\">\n<p class=\"block-offer-desc\"><strong>Anekdote<\/strong> :\u00a0 La Casa Mila <strong>n\u2019\u00e9tait pas forc\u00e9ment du go\u00fbt des Barcelonais<\/strong> lors de sa cr\u00e9ation, notamment en raison de son originalit\u00e9 et de sa fantaisie trop marqu\u00e9es. Elle fait pourtant partie aujourd&rsquo;hui, plus d\u2019un si\u00e8cle apr\u00e8s sa construction, des monuments les plus <strong>emblematische<\/strong> de la ville (et des <a href=\"https:\/\/bonjourbarcelone.fr\/de\/was-tun-in-barcelona\/\">dix sites les plus visit\u00e9s de Barcelone<\/a>).<\/p>\n<p class=\"block-offer-desc\">Sie ist sogar im <strong>patrimoine mondial de l&rsquo;UNESCO !\u00a0<\/strong><\/p>\n<\/aside>\n<p><a href=\"https:\/\/bonjourbarcelone.fr\/wp-content\/uploads\/2025\/12\/casa-mila.jpg\"><img decoding=\"async\" class=\"aligncenter size-full wp-image-4082\" src=\"https:\/\/bonjourbarcelone.fr\/wp-content\/uploads\/2025\/12\/casa-mila.jpg\" alt=\"casa mil\u00e0\" width=\"600\" height=\"450\" srcset=\"https:\/\/bonjourbarcelone.fr\/wp-content\/uploads\/2025\/12\/casa-mila.jpg 600w, https:\/\/bonjourbarcelone.fr\/wp-content\/uploads\/2025\/12\/casa-mila-300x225.jpg 300w, https:\/\/bonjourbarcelone.fr\/wp-content\/uploads\/2025\/12\/casa-mila-16x12.jpg 16w\" sizes=\"(max-width: 600px) 100vw, 600px\" \/><\/a><\/p>\n<p>Je vous conseille de la visiter lors de votre s\u00e9jour \u00e0 Barcelone, pour d\u00e9couvrir le g\u00e9nie de Gaudi en parcourant l&rsquo;une de ses \u0153uvres les plus embl\u00e9matiques.<\/p>\n<div class=\"su-button-center\"><a href=\"https:\/\/www.tiqets.com\/fr\/billets-casa-mila-la-pedrera-l145464\/?partner=bonjourbarcelone\" class=\"su-button su-button-style-default\" style=\"color:#FFFFFF;background-color:#659A16;border-color:#517c12;border-radius:9px\" target=\"_blank\" rel=\"nofollow noopener noreferrer\"><span style=\"color:#FFFFFF;padding:8px 24px;font-size:18px;line-height:27px;border-color:#94b95c;border-radius:9px;text-shadow:none\"><i class=\"sui sui-long-arrow-right\" style=\"font-size:18px;color:#FFFFFF\"><\/i> Cliquez ici pour r\u00e9server votre billet pour la Casa Mil\u00e0 au meilleur tarif <\/span><\/a><\/div>\n<p><a name=\"2\"><\/a><\/p>\n<h2><strong>Casa Mila Barcelone : tarifs et horaires\u00a0\u00a0<\/strong><\/h2>\n<p>Voici des informations pratiques pour visiter facilement la Casa Mil\u00e0 durant votre s\u00e9jour \u00e0 Barcelone.<\/p>\n<h3><strong>Horaires de la Casa Mil\u00e0\u00a0<\/strong><\/h3>\n<h4>En \u00e9t\u00e9 :<\/h4>\n<ul>\n<li>6 mars 2026 &#8211; 1 novembre 2026, du lundi au dimanche et jours f\u00e9ri\u00e9s : 9h00 &#8211; 20h30 + Sessions de visite nocturne : 20h40 &#8211; 22h20<\/li>\n<\/ul>\n<h4>En hiver :<\/h4>\n<ul>\n<li>10 novembre 2025 &#8211; 5 mars 2026, du lundi au dimanche et jours f\u00e9ri\u00e9s : 9h00 &#8211; 18h30 + S\u00e9ances de visite nocturne : 19h00 &#8211; 23h00<\/li>\n<\/ul>\n<p><strong>Schlie\u00dfen<\/strong>: le 25 d\u00e9cembre.<\/p>\n<p>Pour information, le 1er janvier La Casa Mil\u00e0 ouvre \u00e0 11h00 et ferme \u00e0 23h30.<\/p>\n<h3><strong>Eintrittspreise f\u00fcr Casa Mila<\/strong><\/h3>\n<h4><strong>Klassische Tagestour (inkl. Audioguide) zur Casa Mila<\/strong><\/h4>\n<ul>\n<li>Tarif normal : \u00e0 partir de 25 euros<\/li>\n<li>Enfants de 7 \u00e0 12 ans : 12,5 euros<\/li>\n<li>Enfants de moins de 11 ans : visite gratuite<\/li>\n<\/ul>\n<p>Il existe diff\u00e9rents billets, incluant des visites nocturnes ou une entr\u00e9e matinale pour \u00e9viter la foule, l&rsquo;acc\u00e8s aux expositions temporaires ainsi que des tickets combin\u00e9s pour d\u00e9couvrir plusieurs des <a href=\"https:\/\/bonjourbarcelone.fr\/de\/casas-gaudi\/\">Maisons de Gaudi<\/a>.<\/p>\n<div class=\"su-button-center\"><a href=\"https:\/\/www.tiqets.com\/fr\/billets-casa-mila-la-pedrera-l145464\/?partner=bonjourbarcelone\" class=\"su-button su-button-style-default\" style=\"color:#FFFFFF;background-color:#659A16;border-color:#517c12;border-radius:9px\" target=\"_blank\" rel=\"nofollow noopener noreferrer\"><span style=\"color:#FFFFFF;padding:8px 24px;font-size:18px;line-height:27px;border-color:#94b95c;border-radius:9px;text-shadow:none\"><i class=\"sui sui-long-arrow-right\" style=\"font-size:18px;color:#FFFFFF\"><\/i> Cliquez ici pour d\u00e9couvrir les billets pour la Casa Mil\u00e0 aux meilleurs prix<\/span><\/a><\/div>\n<p><a name=\"3\"><\/a><\/p>\n<h2><strong>Wie man zu Casa Mila - La Pedrera gelangt<\/strong><\/h2>\n<p>\u00c0 l&rsquo;instar de <a href=\"https:\/\/bonjourbarcelone.fr\/de\/casa-batllo-barcelona\/\">la Casa Battlo<\/a>, autre merveille de Gaudi, la Casa Mil\u00e0 se trouve sur <a href=\"https:\/\/bonjourbarcelone.fr\/de\/passeig-de-gracia\/\">le Passeig de Gr\u00e0cia<\/a>, au num\u00e9ro 92, au coeur du quartier de l&rsquo;Eixample.<\/p>\n<p>Vous pourrez vous y rendre facilement via :<\/p>\n<ul>\n<li><strong>Metro<\/strong> : gelbe Linie L4 und blaue Linie L5 Station Diagonal<\/li>\n<li><strong>Bus:<\/strong> 7, 20, 22, 24, 39, H10, V15<\/li>\n<\/ul>\n<aside class=\"block-note\">\n<p class=\"block-offer-desc\">Pour consulter la page Bonjour Barcelone d\u00e9di\u00e9e aux transports \u00e0 Barcelone, <a href=\"https:\/\/bonjourbarcelone.fr\/de\/offentlicher-transport-barcelona\/\">klicken Sie hier<\/a><\/p>\n<\/aside>\n<p><a name=\"4\"><\/a><\/p>\n<h2><strong>Beschreibung und Geschichte der Casa Mila - La Pedrera<\/strong><\/h2>\n<p><img decoding=\"async\" class=\"img-full\" title=\"La Pedrera\" src=\"https:\/\/bonjourbarcelone.fr\/wp-content\/uploads\/2017\/07\/Pedrera-1.jpg\" alt=\"La Pedrera\" \/><\/p>\n<p><strong>Der Passeig de Gracia<\/strong> \u00e9tait au d\u00e9but du XX\u1d49 si\u00e8cle l\u2019endroit o\u00f9 s&rsquo;installait la <strong>Barcelonas Bourgeoisie<\/strong>.<\/p>\n<p>Aus diesem Grund ist der <strong>P\u00e8re Mil\u00e0 i Camps<\/strong>Er war ein erfolgreicher Unternehmer aus der Zeit, der in der lokalen Politik gut vernetzt war, <strong>gab bei Gaudi ein besonderes Hotel in Auftrag <\/strong>auf der ber\u00fchmten Arterie.<\/p>\n<p>Der Name \" <strong>Pedrera<\/strong> \" wurde ihr aufgrund ihrer \u00c4hnlichkeit mit einer <strong>carri\u00e8re de pierre, voire \u00e0 un rocher model\u00e9 par les vagues<\/strong>.<\/p>\n<p>La Pedrera (et ses 1835 m\u00b2) fut construite <strong>zwischen 1906 und 1912<\/strong>.<\/p>\n<p><img decoding=\"async\" class=\"img-full aligncenter\" title=\"La Pedrera innen\" src=\"https:\/\/bonjourbarcelone.fr\/wp-content\/uploads\/2017\/07\/pedrera-6.jpg\" alt=\"La Pedrera innen\" \/><\/p>\n<p>Das Ensemble besteht insgesamt aus <strong>9 Stufen<\/strong> (einschlie\u00dflich Keller und Dachboden) und wird von einer <strong>Terrasse<\/strong>.<\/p>\n<p><img decoding=\"async\" class=\"img-full aligncenter\" title=\"La Pedrera Dach\" src=\"https:\/\/bonjourbarcelone.fr\/wp-content\/uploads\/2017\/07\/pedrera-2.jpg\" alt=\"La Pedrera Dach\" \/><\/p>\n<p>Die Struktur beherbergt au\u00dferdem 2 unabh\u00e4ngige Geb\u00e4ude, die jeweils \u00fcber einen eigenen Zugang verf\u00fcgen.<\/p>\n<p>Die <strong>3 parties communiquent uniquement via le rez-de-chauss\u00e9e,<\/strong> aber die gemeinsame Fassade erm\u00f6glicht einen <strong>einheitliches Ensemble von au\u00dfen betrachtet<\/strong>.<\/p>\n<p>PS : Si vous souhaitez d\u00e9couvrir tous les secrets de la Pedrera, je vous recommande d\u2019aller consulter la page wikipedia d\u00e9di\u00e9e qui est tr\u00e8s compl\u00e8te : <a href=\"https:\/\/fr.wikipedia.org\/wiki\/Casa_Mil%C3%A0\" target=\"_blank\" rel=\"noopener noreferrer\">hier klicken, um zur Seite zu gelangen<\/a><br \/>\n<a name=\"5\"><\/a><\/p>\n<h2><strong>Casa Mil\u00e0 : informations pratiques et FAQ<\/strong><\/h2>\n<p>Voici les informations compl\u00e9mentaires \u00e0 conna\u00eetre, avant de visiter cette Casa Mil\u00e0 \u00e0 Barcelone.<\/p>\n<h3><strong>Que peut-on voir durant la visite ?\u00a0<\/strong><\/h3>\n<p>Avec un billet d&rsquo;entr\u00e9e classique, vous acc\u00e8derez \u00e0 <strong>une exp\u00e9rience immersive<\/strong>, qui comprend notamment :<\/p>\n<ul>\n<li>un audioguide (en fran\u00e7ais)<\/li>\n<li>la reproduction d&rsquo;un appartement du d\u00e9but du XXe si\u00e8cle<\/li>\n<li>le mus\u00e9e de la Casa Mil\u00e0<\/li>\n<li>une exposition pr\u00e9sentant des \u0153uvres de Gaud\u00ed<\/li>\n<li>l&rsquo;acc\u00e8s \u00e0 un rooftop, pour contempler Barcelone<\/li>\n<\/ul>\n<h3 class=\"JlqpRe\"><strong><span class=\"JCzEY tNxQIb\"><span class=\"CSkcDe\">Pourquoi visiter la Casa Mil\u00e0 ?<\/span><\/span><\/strong><\/h3>\n<p>S&rsquo;il y a beaucoup d&rsquo;\u0153uvres marquantes de Gaud\u00ed \u00e0 d\u00e9couvrir \u00e0 Barcelone (avec, en premier lieu, <a href=\"https:\/\/bonjourbarcelone.fr\/de\/sagrada-familia-interieur-tickets\/\">l&rsquo;incroyable Sagrada Familia<\/a>), la Casa Mil\u00e0 propose de d\u00e9couvrir\u00a0<strong><em>Tout Gaudi en un seul lieu<\/em><\/strong>, comme le sp\u00e9cifie le site officiel. Pour les amateurs d&rsquo;art, comme pour les curieux, c&rsquo;est une visite fascinante !<\/p>\n<p><strong>Gut zu wissen<\/strong> : si vous voulez \u00eatre accompagn\u00e9 lors de votre d\u00e9couverte du centre de Barcelone, sachez que Bonjour Barcelone propose les meilleures visites guid\u00e9es en fran\u00e7ais, pour d\u00e9couvrir la ville \u00e0 pied. <a href=\"https:\/\/bonjourbarcelone.fr\/de\/gefuhrte-tour-durch-barcelona\/\">&gt;&gt; Cliquez ici pour en savoir plus !\u00a0<\/a><\/p>\n<h3><strong>Combien de temps dure la visite de la Casa Mil\u00e0 ?<\/strong><\/h3>\n<p>Z\u00e4hlen Sie <strong>etwa eine Stunde<\/strong> pour faire le tour de la Casa Mil\u00e0 et de ce qu&rsquo;elle a \u00e0 offrir en son sein. Ensuite ? Vous pourrez arpenter le Passeig de Gra\u00e7ia pour faire du shopping et rejoindre <a href=\"https:\/\/bonjourbarcelone.fr\/de\/place-catalunya-barcelona\/\">der Plaza Catalunya<\/a> !<\/p>\n<div class=\"su-button-center\"><a href=\"https:\/\/www.tiqets.com\/fr\/billets-casa-mila-la-pedrera-l145464\/?partner=bonjourbarcelone\" class=\"su-button su-button-style-default\" style=\"color:#FFFFFF;background-color:#659A16;border-color:#517c12;border-radius:9px\" target=\"_blank\" rel=\"nofollow noopener noreferrer\"><span style=\"color:#FFFFFF;padding:8px 24px;font-size:18px;line-height:27px;border-color:#94b95c;border-radius:9px;text-shadow:none\"><i class=\"sui sui-long-arrow-right\" style=\"font-size:18px;color:#FFFFFF\"><\/i> Cliquez ici pour r\u00e9server votre billet pour la Casa Mil\u00e0 au meilleur tarif <\/span><\/a><\/div>\n<p>&nbsp;<\/p>\n<div class=\"p8Jhnd\">\n<div class=\"aj35ze\"><\/div>\n<\/div>","protected":false},"excerpt":{"rendered":"<p>Dans cet article, je vous pr\u00e9sente la Casa Mila de Barcelone (la pedrera), un \u00e9difice majeur de Barcelone sign\u00e9 du ma\u00eetre Gaudi. Vous trouverez notamment : Des explications sur cette Casa Mil\u00e0 O\u00f9 et comment la visiter Ce qu&rsquo;on peut voir durant la visite Des informations pratiques : tarifs, horaires, r\u00e9servation, etc. Et bien d&rsquo;autres [&hellip;]<\/p>","protected":false},"author":2,"featured_media":622,"parent":0,"menu_order":0,"comment_status":"open","ping_status":"closed","template":"","meta":{"om_disable_all_campaigns":false,"_genesis_hide_title":false,"_genesis_hide_breadcrumbs":false,"_genesis_hide_singular_image":false,"_genesis_hide_footer_widgets":false,"_genesis_custom_body_class":"","_genesis_custom_post_class":"","_genesis_layout":"","footnotes":""},"class_list":{"0":"post-773","1":"page","2":"type-page","3":"status-publish","4":"has-post-thumbnail","6":"entry"},"yoast_head":"<!-- This site is optimized with the Yoast SEO plugin v26.5 - https:\/\/yoast.com\/wordpress\/plugins\/seo\/ -->\n<title>Casa Mila Barcelone (la pedrera) : guide complet [2026]<\/title>\n<meta name=\"description\" content=\"Voici le guide complet pour visiter la casa mila (la pedrera) \u00e0 Barcelone ! Informations pratiques, comment s&#039;y rendre, tout y est !\" \/>\n<meta name=\"robots\" content=\"index, follow, max-snippet:-1, max-image-preview:large, max-video-preview:-1\" \/>\n<link rel=\"canonical\" href=\"https:\/\/bonjourbarcelone.fr\/de\/casa-mila-barcelona-pedrera\/\" \/>\n<meta property=\"og:locale\" content=\"de_DE\" \/>\n<meta property=\"og:type\" content=\"article\" \/>\n<meta property=\"og:title\" content=\"Casa Mila Barcelone (la pedrera) : guide complet [2026]\" \/>\n<meta property=\"og:description\" content=\"Voici le guide complet pour visiter la casa mila (la pedrera) \u00e0 Barcelone ! Informations pratiques, comment s&#039;y rendre, tout y est !\" \/>\n<meta property=\"og:url\" content=\"https:\/\/bonjourbarcelone.fr\/de\/casa-mila-barcelona-pedrera\/\" \/>\n<meta property=\"og:site_name\" content=\"Visiter Barcelone\" \/>\n<meta property=\"article:modified_time\" content=\"2025-12-26T18:30:55+00:00\" \/>\n<meta property=\"og:image\" content=\"https:\/\/bonjourbarcelone.fr\/wp-content\/uploads\/2017\/07\/pedrera-8-e1550160134405.jpg\" \/>\n\t<meta property=\"og:image:width\" content=\"280\" \/>\n\t<meta property=\"og:image:height\" content=\"187\" \/>\n\t<meta property=\"og:image:type\" content=\"image\/jpeg\" \/>\n<meta name=\"twitter:card\" content=\"summary_large_image\" \/>\n<meta name=\"twitter:label1\" content=\"Gesch\u00e4tzte Lesezeit\" \/>\n\t<meta name=\"twitter:data1\" content=\"7\u00a0Minuten\" \/>\n<script type=\"application\/ld+json\" class=\"yoast-schema-graph\">{\"@context\":\"https:\/\/schema.org\",\"@graph\":[{\"@type\":\"WebPage\",\"@id\":\"https:\/\/bonjourbarcelone.fr\/casa-mila-barcelone-pedrera\/\",\"url\":\"https:\/\/bonjourbarcelone.fr\/casa-mila-barcelone-pedrera\/\",\"name\":\"Casa Mila Barcelone (la pedrera) : guide complet [2026]\",\"isPartOf\":{\"@id\":\"https:\/\/bonjourbarcelone.fr\/#website\"},\"primaryImageOfPage\":{\"@id\":\"https:\/\/bonjourbarcelone.fr\/casa-mila-barcelone-pedrera\/#primaryimage\"},\"image\":{\"@id\":\"https:\/\/bonjourbarcelone.fr\/casa-mila-barcelone-pedrera\/#primaryimage\"},\"thumbnailUrl\":\"https:\/\/bonjourbarcelone.fr\/wp-content\/uploads\/2017\/07\/pedrera-8-e1550160134405.jpg\",\"datePublished\":\"2025-12-08T15:56:03+00:00\",\"dateModified\":\"2025-12-26T18:30:55+00:00\",\"description\":\"Voici le guide complet pour visiter la casa mila (la pedrera) \u00e0 Barcelone ! Informations pratiques, comment s'y rendre, tout y est !\",\"breadcrumb\":{\"@id\":\"https:\/\/bonjourbarcelone.fr\/casa-mila-barcelone-pedrera\/#breadcrumb\"},\"inLanguage\":\"de\",\"potentialAction\":[{\"@type\":\"ReadAction\",\"target\":[\"https:\/\/bonjourbarcelone.fr\/casa-mila-barcelone-pedrera\/\"]}]},{\"@type\":\"ImageObject\",\"inLanguage\":\"de\",\"@id\":\"https:\/\/bonjourbarcelone.fr\/casa-mila-barcelone-pedrera\/#primaryimage\",\"url\":\"https:\/\/bonjourbarcelone.fr\/wp-content\/uploads\/2017\/07\/pedrera-8-e1550160134405.jpg\",\"contentUrl\":\"https:\/\/bonjourbarcelone.fr\/wp-content\/uploads\/2017\/07\/pedrera-8-e1550160134405.jpg\",\"width\":280,\"height\":187},{\"@type\":\"BreadcrumbList\",\"@id\":\"https:\/\/bonjourbarcelone.fr\/casa-mila-barcelone-pedrera\/#breadcrumb\",\"itemListElement\":[{\"@type\":\"ListItem\",\"position\":1,\"name\":\"Accueil\",\"item\":\"https:\/\/bonjourbarcelone.fr\/\"},{\"@type\":\"ListItem\",\"position\":2,\"name\":\"Casa Mila Barcelone (la pedrera) : guide complet [2026]\"}]},{\"@type\":\"WebSite\",\"@id\":\"https:\/\/bonjourbarcelone.fr\/#website\",\"url\":\"https:\/\/bonjourbarcelone.fr\/\",\"name\":\"Visiter Barcelone\",\"description\":\"Tout pour passer un s\u00e9jour inoubliable en 2026 !\",\"potentialAction\":[{\"@type\":\"SearchAction\",\"target\":{\"@type\":\"EntryPoint\",\"urlTemplate\":\"https:\/\/bonjourbarcelone.fr\/?s={search_term_string}\"},\"query-input\":{\"@type\":\"PropertyValueSpecification\",\"valueRequired\":true,\"valueName\":\"search_term_string\"}}],\"inLanguage\":\"de\"}]}<\/script>\n<!-- \/ Yoast SEO plugin. -->","yoast_head_json":{"title":"Casa Mila Barcelone (la pedrera) : guide complet [2026]","description":"Hier ist der komplette Reisef\u00fchrer f\u00fcr den Besuch der Casa Mila (la pedrera) in Barcelona! Praktische Informationen, wie man hinkommt, alles ist dabei!","robots":{"index":"index","follow":"follow","max-snippet":"max-snippet:-1","max-image-preview":"max-image-preview:large","max-video-preview":"max-video-preview:-1"},"canonical":"https:\/\/bonjourbarcelone.fr\/de\/casa-mila-barcelona-pedrera\/","og_locale":"de_DE","og_type":"article","og_title":"Casa Mila Barcelone (la pedrera) : guide complet [2026]","og_description":"Voici le guide complet pour visiter la casa mila (la pedrera) \u00e0 Barcelone ! Informations pratiques, comment s'y rendre, tout y est !","og_url":"https:\/\/bonjourbarcelone.fr\/de\/casa-mila-barcelona-pedrera\/","og_site_name":"Visiter Barcelone","article_modified_time":"2025-12-26T18:30:55+00:00","og_image":[{"width":280,"height":187,"url":"https:\/\/bonjourbarcelone.fr\/wp-content\/uploads\/2017\/07\/pedrera-8-e1550160134405.jpg","type":"image\/jpeg"}],"twitter_card":"summary_large_image","twitter_misc":{"Gesch\u00e4tzte Lesezeit":"7\u00a0Minuten"},"schema":{"@context":"https:\/\/schema.org","@graph":[{"@type":"WebPage","@id":"https:\/\/bonjourbarcelone.fr\/casa-mila-barcelone-pedrera\/","url":"https:\/\/bonjourbarcelone.fr\/casa-mila-barcelone-pedrera\/","name":"Casa Mila Barcelone (la pedrera) : guide complet [2026]","isPartOf":{"@id":"https:\/\/bonjourbarcelone.fr\/#website"},"primaryImageOfPage":{"@id":"https:\/\/bonjourbarcelone.fr\/casa-mila-barcelone-pedrera\/#primaryimage"},"image":{"@id":"https:\/\/bonjourbarcelone.fr\/casa-mila-barcelone-pedrera\/#primaryimage"},"thumbnailUrl":"https:\/\/bonjourbarcelone.fr\/wp-content\/uploads\/2017\/07\/pedrera-8-e1550160134405.jpg","datePublished":"2025-12-08T15:56:03+00:00","dateModified":"2025-12-26T18:30:55+00:00","description":"Hier ist der komplette Reisef\u00fchrer f\u00fcr den Besuch der Casa Mila (la pedrera) in Barcelona! Praktische Informationen, wie man hinkommt, alles ist dabei!","breadcrumb":{"@id":"https:\/\/bonjourbarcelone.fr\/casa-mila-barcelone-pedrera\/#breadcrumb"},"inLanguage":"de","potentialAction":[{"@type":"ReadAction","target":["https:\/\/bonjourbarcelone.fr\/casa-mila-barcelone-pedrera\/"]}]},{"@type":"ImageObject","inLanguage":"de","@id":"https:\/\/bonjourbarcelone.fr\/casa-mila-barcelone-pedrera\/#primaryimage","url":"https:\/\/bonjourbarcelone.fr\/wp-content\/uploads\/2017\/07\/pedrera-8-e1550160134405.jpg","contentUrl":"https:\/\/bonjourbarcelone.fr\/wp-content\/uploads\/2017\/07\/pedrera-8-e1550160134405.jpg","width":280,"height":187},{"@type":"BreadcrumbList","@id":"https:\/\/bonjourbarcelone.fr\/casa-mila-barcelone-pedrera\/#breadcrumb","itemListElement":[{"@type":"ListItem","position":1,"name":"Accueil","item":"https:\/\/bonjourbarcelone.fr\/"},{"@type":"ListItem","position":2,"name":"Casa Mila Barcelone (la pedrera) : guide complet [2026]"}]},{"@type":"WebSite","@id":"https:\/\/bonjourbarcelone.fr\/#website","url":"https:\/\/bonjourbarcelone.fr\/","name":"Barcelona besuchen","description":"Tout pour passer un s\u00e9jour inoubliable en 2026 !","potentialAction":[{"@type":"SearchAction","target":{"@type":"EntryPoint","urlTemplate":"https:\/\/bonjourbarcelone.fr\/?s={search_term_string}"},"query-input":{"@type":"PropertyValueSpecification","valueRequired":true,"valueName":"search_term_string"}}],"inLanguage":"de"}]}},"_links":{"self":[{"href":"https:\/\/bonjourbarcelone.fr\/de\/wp-json\/wp\/v2\/pages\/773","targetHints":{"allow":["GET"]}}],"collection":[{"href":"https:\/\/bonjourbarcelone.fr\/de\/wp-json\/wp\/v2\/pages"}],"about":[{"href":"https:\/\/bonjourbarcelone.fr\/de\/wp-json\/wp\/v2\/types\/page"}],"author":[{"embeddable":true,"href":"https:\/\/bonjourbarcelone.fr\/de\/wp-json\/wp\/v2\/users\/2"}],"replies":[{"embeddable":true,"href":"https:\/\/bonjourbarcelone.fr\/de\/wp-json\/wp\/v2\/comments?post=773"}],"version-history":[{"count":3,"href":"https:\/\/bonjourbarcelone.fr\/de\/wp-json\/wp\/v2\/pages\/773\/revisions"}],"predecessor-version":[{"id":4116,"href":"https:\/\/bonjourbarcelone.fr\/de\/wp-json\/wp\/v2\/pages\/773\/revisions\/4116"}],"wp:featuredmedia":[{"embeddable":true,"href":"https:\/\/bonjourbarcelone.fr\/de\/wp-json\/wp\/v2\/media\/622"}],"wp:attachment":[{"href":"https:\/\/bonjourbarcelone.fr\/de\/wp-json\/wp\/v2\/media?parent=773"}],"curies":[{"name":"wp","href":"https:\/\/api.w.org\/{rel}","templated":true}]}}