{"id":983,"date":"2017-09-07T11:22:35","date_gmt":"2017-09-07T11:22:35","guid":{"rendered":"http:\/\/thibaut.wpengine.com\/?page_id=983"},"modified":"2018-01-12T18:12:27","modified_gmt":"2018-01-12T18:12:27","slug":"rechtliche-hinweise","status":"publish","type":"page","link":"https:\/\/bonjourbarcelone.fr\/de\/rechtliche-hinweise\/","title":{"rendered":"Rechtliche Hinweise"},"content":{"rendered":"<p>Die vorliegenden Allgemeinen Gesch\u00e4ftsbedingungen legen die Bedingungen f\u00fcr die Nutzung des Webdienstes http:\/\/thibaut.wpengine.com fest.<br \/>\nDer Nutzer best\u00e4tigt, dass er dieses Dokument zur Kenntnis genommen hat und alle Informationen akzeptiert, unabh\u00e4ngig davon, ob die Nutzung privat oder beruflich erfolgt. Wenn die Nutzung aus beruflichen Gr\u00fcnden erfolgt, garantiert der Nutzer, dass er \u00fcber die notwendigen Befugnisse verf\u00fcgt, um diese Allgemeinen Gesch\u00e4ftsbedingungen innerhalb seiner Organisation zu akzeptieren.<\/p>\n<p><strong>Herausgeber der Seite<\/strong><br \/>\nDiese Website wird von Thibaut Pakiry herausgegeben.<br \/>\nPartnerunternehmen: Thibaut Pakiry Unipessoal Lda.<br \/>\nReg. Steuer: 513 876 707<\/p>\n<p><strong>Unterkunft<\/strong><br \/>\nDiese Website wird von der Firma Rainmaker digital, LLC gehostet:<\/p>\n<p><strong>Verantwortung<\/strong><br \/>\nDer Herausgeber der Website stellt einen breiten Inhalt an Informationen kostenlos zur Verf\u00fcgung. Er bem\u00fcht sich st\u00e4ndig, die ihm zur Verf\u00fcgung stehenden Mittel einzusetzen, um die Qualit\u00e4t dieser Inhalte zu gew\u00e4hrleisten. Es obliegt jedoch dem Nutzer, sich zu vergewissern, dass diese Informationen f\u00fcr seine Situation relevant sind. Der Nutzer verpflichtet sich daher, diese Informationen auf eigene Verantwortung zu nutzen und entbindet den Herausgeber von jeglicher Haftung in diesem Zusammenhang.<\/p>\n<p><strong>Geistiges Eigentum<\/strong><br \/>\nDie allgemeine Struktur sowie die Texte, Bilder und Videos, ihr Know-how und alle anderen Elemente, aus denen die Website besteht, sind das ausschlie\u00dfliche Eigentum des Herausgebers der Website, sofern nicht anders angegeben.<\/p>\n<p>Jede vollst\u00e4ndige oder teilweise Darstellung dieser Website durch eine beliebige Person ohne die ausdr\u00fcckliche Genehmigung des Herausgebers ist untersagt und stellt eine F\u00e4lschung dar, die gem\u00e4\u00df Artikel L. 335-2 ff. des Gesetzes \u00fcber geistiges Eigentum bestraft wird. Gem\u00e4\u00df Artikel L. 122-5 des Gesetzes \u00fcber geistiges Eigentum sind kurze Zitate des Inhalts unter der Voraussetzung erlaubt, dass der Name des Autors und die Quelle deutlich angegeben werden.<\/p>\n<p><strong>Verantwortung bei der Nutzung des Dienstes<\/strong><br \/>\nDer Nutzer verpflichtet sich, den Betrieb des auf http:\/\/thibaut.wpengine.com angebotenen Dienstes nicht in irgendeiner Weise zu st\u00f6ren.<br \/>\nInsbesondere verpflichtet sich der Nutzer, keine rechtswidrigen, diffamierenden oder beleidigenden Nachrichten auf der gesamten Website oder Teilen davon zu posten.<\/p>\n<p>Die von den Internetnutzern abgegebenen Kommentare geben ausschlie\u00dflich die Meinung der Verfasser wieder und bleiben unter deren Verantwortung. Durch das Schreiben von Kommentaren auf der Website erkl\u00e4rt sich der Internetnutzer damit einverstanden, sich den franz\u00f6sischen und internationalen Gesetzen zu unterwerfen.<\/p>\n<p>Die Administratoren der Seite behalten sich das Recht vor, Kommentare, die ihrer Meinung nach gegen diese Gesetze versto\u00dfen, zu moderieren, zu \u00e4ndern oder zu l\u00f6schen.<\/p>\n<p><strong>Cookies<\/strong><br \/>\nDer Nutzer wird dar\u00fcber informiert, dass Cookies in seinem Browser installiert werden k\u00f6nnen. In jedem Fall kann der Nutzer seine Cookies frei aus seinem Browser l\u00f6schen.<\/p>\n<p><strong>Mitgliedschaft\/Partnerschaft<\/strong><br \/>\nMit diesem Blog versuche ich vor allem, Ihnen auf kostenlose Weise den gr\u00f6\u00dftm\u00f6glichen Nutzen zu bieten. Um dies zu erreichen, habe ich eine Affiliate-\/Partnerschaftsbeziehung mit bestimmten Anbietern von Waren und Dienstleistungen, \u00fcber die ich in diesem Blog schreibe. Ich erhalte also eine Verg\u00fctung, wenn Sie eine Ware oder Dienstleistung von diesen Anbietern kaufen, ohne dass sich dadurch der von Ihnen zu zahlende Endpreis erh\u00f6ht. Diese Provisionen erm\u00f6glichen es mir, Ihnen immer mehr Inhalte kostenlos anzubieten, also vielen Dank, wenn Sie \u00fcber meine Links\/Partner gehen! Sie sollten wissen, dass ich aus Gr\u00fcnden der intellektuellen und beruflichen Integrit\u00e4t niemals ein Produkt empfehlen werde, das ich nicht aufrichtig f\u00fcr qualitativ hochwertig halte.<\/p>\n<p><strong>Eigentum<\/strong><br \/>\nDiese Website ist das alleinige Eigentum von Thibaut Pakiry.<\/p>","protected":false},"excerpt":{"rendered":"<p>Les pr\u00e9sentes conditions g\u00e9n\u00e9rales fixent les modalit\u00e9s d\u2019utilisation du service web http:\/\/thibaut.wpengine.com. L\u2019utilisateur reconnait avoir pris connaissance de ce document et accept\u00e9 l\u2019ensemble de ces informations, que cet usage soit fait \u00e0 titre personnel ou professionnel. Si cet usage est fait \u00e0 titre professionnel, l\u2019utilisateur garantit d\u00e9tenir les pouvoirs n\u00e9cessaires pour accepter ces conditions g\u00e9n\u00e9rales [&hellip;]<\/p>","protected":false},"author":2,"featured_media":0,"parent":0,"menu_order":0,"comment_status":"closed","ping_status":"closed","template":"","meta":{"om_disable_all_campaigns":false,"_genesis_hide_title":false,"_genesis_hide_breadcrumbs":false,"_genesis_hide_singular_image":false,"_genesis_hide_footer_widgets":false,"_genesis_custom_body_class":"","_genesis_custom_post_class":"","_genesis_layout":"","footnotes":""},"class_list":{"0":"post-983","1":"page","2":"type-page","3":"status-publish","5":"entry"},"yoast_head":"<!-- This site is optimized with the Yoast SEO plugin v26.5 - https:\/\/yoast.com\/wordpress\/plugins\/seo\/ -->\n<title>Mentions l\u00e9gales<\/title>\n<meta name=\"robots\" content=\"noindex, nofollow\" \/>\n<meta property=\"og:locale\" content=\"de_DE\" \/>\n<meta property=\"og:type\" content=\"article\" \/>\n<meta property=\"og:title\" content=\"Mentions l\u00e9gales\" \/>\n<meta property=\"og:description\" content=\"Les pr\u00e9sentes conditions g\u00e9n\u00e9rales fixent les modalit\u00e9s d\u2019utilisation du service web http:\/\/thibaut.wpengine.com. L\u2019utilisateur reconnait avoir pris connaissance de ce document et accept\u00e9 l\u2019ensemble de ces informations, que cet usage soit fait \u00e0 titre personnel ou professionnel. Si cet usage est fait \u00e0 titre professionnel, l\u2019utilisateur garantit d\u00e9tenir les pouvoirs n\u00e9cessaires pour accepter ces conditions g\u00e9n\u00e9rales [&hellip;]\" \/>\n<meta property=\"og:url\" content=\"https:\/\/bonjourbarcelone.fr\/de\/rechtliche-hinweise\/\" \/>\n<meta property=\"og:site_name\" content=\"Visiter Barcelone\" \/>\n<meta property=\"article:modified_time\" content=\"2018-01-12T18:12:27+00:00\" \/>\n<meta name=\"twitter:card\" content=\"summary_large_image\" \/>\n<meta name=\"twitter:label1\" content=\"Gesch\u00e4tzte Lesezeit\" \/>\n\t<meta name=\"twitter:data1\" content=\"3\u00a0Minuten\" \/>\n<script type=\"application\/ld+json\" class=\"yoast-schema-graph\">{\"@context\":\"https:\/\/schema.org\",\"@graph\":[{\"@type\":\"WebPage\",\"@id\":\"https:\/\/bonjourbarcelone.fr\/mentions-legales\/\",\"url\":\"https:\/\/bonjourbarcelone.fr\/mentions-legales\/\",\"name\":\"Mentions l\u00e9gales\",\"isPartOf\":{\"@id\":\"https:\/\/bonjourbarcelone.fr\/#website\"},\"datePublished\":\"2017-09-07T11:22:35+00:00\",\"dateModified\":\"2018-01-12T18:12:27+00:00\",\"breadcrumb\":{\"@id\":\"https:\/\/bonjourbarcelone.fr\/mentions-legales\/#breadcrumb\"},\"inLanguage\":\"de\",\"potentialAction\":[{\"@type\":\"ReadAction\",\"target\":[\"https:\/\/bonjourbarcelone.fr\/mentions-legales\/\"]}]},{\"@type\":\"BreadcrumbList\",\"@id\":\"https:\/\/bonjourbarcelone.fr\/mentions-legales\/#breadcrumb\",\"itemListElement\":[{\"@type\":\"ListItem\",\"position\":1,\"name\":\"Accueil\",\"item\":\"https:\/\/bonjourbarcelone.fr\/\"},{\"@type\":\"ListItem\",\"position\":2,\"name\":\"Mentions l\u00e9gales\"}]},{\"@type\":\"WebSite\",\"@id\":\"https:\/\/bonjourbarcelone.fr\/#website\",\"url\":\"https:\/\/bonjourbarcelone.fr\/\",\"name\":\"Visiter Barcelone\",\"description\":\"Tout pour passer un s\u00e9jour inoubliable en 2026 !\",\"potentialAction\":[{\"@type\":\"SearchAction\",\"target\":{\"@type\":\"EntryPoint\",\"urlTemplate\":\"https:\/\/bonjourbarcelone.fr\/?s={search_term_string}\"},\"query-input\":{\"@type\":\"PropertyValueSpecification\",\"valueRequired\":true,\"valueName\":\"search_term_string\"}}],\"inLanguage\":\"de\"}]}<\/script>\n<!-- \/ Yoast SEO plugin. -->","yoast_head_json":{"title":"Rechtliche Hinweise","robots":{"index":"noindex","follow":"nofollow"},"og_locale":"de_DE","og_type":"article","og_title":"Mentions l\u00e9gales","og_description":"Les pr\u00e9sentes conditions g\u00e9n\u00e9rales fixent les modalit\u00e9s d\u2019utilisation du service web http:\/\/thibaut.wpengine.com. L\u2019utilisateur reconnait avoir pris connaissance de ce document et accept\u00e9 l\u2019ensemble de ces informations, que cet usage soit fait \u00e0 titre personnel ou professionnel. Si cet usage est fait \u00e0 titre professionnel, l\u2019utilisateur garantit d\u00e9tenir les pouvoirs n\u00e9cessaires pour accepter ces conditions g\u00e9n\u00e9rales [&hellip;]","og_url":"https:\/\/bonjourbarcelone.fr\/de\/rechtliche-hinweise\/","og_site_name":"Visiter Barcelone","article_modified_time":"2018-01-12T18:12:27+00:00","twitter_card":"summary_large_image","twitter_misc":{"Gesch\u00e4tzte Lesezeit":"3\u00a0Minuten"},"schema":{"@context":"https:\/\/schema.org","@graph":[{"@type":"WebPage","@id":"https:\/\/bonjourbarcelone.fr\/mentions-legales\/","url":"https:\/\/bonjourbarcelone.fr\/mentions-legales\/","name":"Rechtliche Hinweise","isPartOf":{"@id":"https:\/\/bonjourbarcelone.fr\/#website"},"datePublished":"2017-09-07T11:22:35+00:00","dateModified":"2018-01-12T18:12:27+00:00","breadcrumb":{"@id":"https:\/\/bonjourbarcelone.fr\/mentions-legales\/#breadcrumb"},"inLanguage":"de","potentialAction":[{"@type":"ReadAction","target":["https:\/\/bonjourbarcelone.fr\/mentions-legales\/"]}]},{"@type":"BreadcrumbList","@id":"https:\/\/bonjourbarcelone.fr\/mentions-legales\/#breadcrumb","itemListElement":[{"@type":"ListItem","position":1,"name":"Accueil","item":"https:\/\/bonjourbarcelone.fr\/"},{"@type":"ListItem","position":2,"name":"Mentions l\u00e9gales"}]},{"@type":"WebSite","@id":"https:\/\/bonjourbarcelone.fr\/#website","url":"https:\/\/bonjourbarcelone.fr\/","name":"Barcelona besuchen","description":"Tout pour passer un s\u00e9jour inoubliable en 2026 !","potentialAction":[{"@type":"SearchAction","target":{"@type":"EntryPoint","urlTemplate":"https:\/\/bonjourbarcelone.fr\/?s={search_term_string}"},"query-input":{"@type":"PropertyValueSpecification","valueRequired":true,"valueName":"search_term_string"}}],"inLanguage":"de"}]}},"_links":{"self":[{"href":"https:\/\/bonjourbarcelone.fr\/de\/wp-json\/wp\/v2\/pages\/983","targetHints":{"allow":["GET"]}}],"collection":[{"href":"https:\/\/bonjourbarcelone.fr\/de\/wp-json\/wp\/v2\/pages"}],"about":[{"href":"https:\/\/bonjourbarcelone.fr\/de\/wp-json\/wp\/v2\/types\/page"}],"author":[{"embeddable":true,"href":"https:\/\/bonjourbarcelone.fr\/de\/wp-json\/wp\/v2\/users\/2"}],"replies":[{"embeddable":true,"href":"https:\/\/bonjourbarcelone.fr\/de\/wp-json\/wp\/v2\/comments?post=983"}],"version-history":[{"count":0,"href":"https:\/\/bonjourbarcelone.fr\/de\/wp-json\/wp\/v2\/pages\/983\/revisions"}],"wp:attachment":[{"href":"https:\/\/bonjourbarcelone.fr\/de\/wp-json\/wp\/v2\/media?parent=983"}],"curies":[{"name":"wp","href":"https:\/\/api.w.org\/{rel}","templated":true}]}}