{"id":1053,"date":"2017-10-30T19:04:43","date_gmt":"2017-10-30T19:04:43","guid":{"rendered":"http:\/\/thibaut.wpengine.com\/?page_id=1053"},"modified":"2025-10-13T13:35:54","modified_gmt":"2025-10-13T13:35:54","slug":"private-airport-transfer-barcelona","status":"publish","type":"page","link":"https:\/\/bonjourbarcelone.fr\/en\/private-airport-transfer-barcelona\/","title":{"rendered":"Are you making the same mistake as 99% of people visiting Barcelona?"},"content":{"rendered":"<p>Note: if you are interested in returning to the airport, <a href=\"https:\/\/bonjourbarcelone.fr\/en\/transfer-from-city-center-to-airport-in-french\/\" target=\"_blank\" rel=\"noopener noreferrer\">click here<\/a>.<\/p>\n<p><strong>Do you arrive in Barcelona by plane like 9O% of travellers?<\/strong><\/p>\n<p>Read on...<\/p>\n<h2><center>Because most travellers make the mistake of taking a cab on arrival.<\/center><\/h2>\n<h2><center>Or <strong>even worse<\/strong>.<\/center><\/h2>\n<h2><center>They make the mistake of taking public transport.<\/center><\/h2>\n<p>Perhaps you're looking into the city of Barcelona.<\/p>\n<p>Find out what to visit first.<\/p>\n<p>How to get around the city.<\/p>\n<p>Find good deals.<\/p>\n<p>And <strong>you are right<\/strong>.<\/p>\n<p>I do the same thing when I travel.<\/p>\n<p>There's nothing worse than arriving in a city you don't know...<\/p>\n<p>Without having prepared anything!<\/p>\n<p>Without speaking the language.<\/p>\n<p>Without knowing what will save us time (or lose it).<\/p>\n<h2><center><strong>In your case<\/strong>:<\/center><\/h2>\n<p>You go to Barcelona with your bags and suitcases.<\/p>\n<p>You arrive from the airport.<\/p>\n<p>And you want to get to your accommodation. As quickly as possible, if possible.<\/p>\n<p>Without it being a hassle on crowded public transport.<\/p>\n<p>Which can take forever to reach your accommodation.<\/p>\n<p>And full of pickpockets.<\/p>\n<p><strong>Imagine<\/strong>...<\/p>\n<p>You're here with your suitcases and bags.<\/p>\n<p>You run the risk of being robbed.<\/p>\n<p>You have all your money with you.<\/p>\n<p>Your passports, your documents...<\/p>\n<h2><center>There's nothing worse than starting a trip and being robbed on the very first day.<\/center><\/h2>\n<p>You must then call your bank to block your credit cards.<\/p>\n<p>You must go to the police to report the theft.<\/p>\n<p>You have to go to the French embassy to be able to return home with a provisional document.<\/p>\n<p>In a nutshell.<\/p>\n<p><strong>It's a nightmare<\/strong>.<\/p>\n<p>And unfortunately, this happens quite often to travellers on public transport such as the metro or bus.<\/p>\n<h2><center>Have you thought about taking a cab?<\/center><\/h2>\n<p>It's not much better.<\/p>\n<p>Between fake cabs.<\/p>\n<p>Cabs that don't turn on the meter, that say it's not working, or when it's been modified to go faster than normal.<\/p>\n<p>The ones that take you on huge detours without you noticing.<\/p>\n<p>It's easy to get ripped off.<\/p>\n<p>A friend of mine paid over 100.00 euros for a trip from the airport to her accommodation in the city center.<\/p>\n<p><strong>A great scam<\/strong> !<\/p>\n<p>Not to mention that it often takes 1 hour or more to get a cab.<\/p>\n<p>In fact, the real problem is this one:<\/p>\n<h2><center><strong>You don't know of any means of transport that is reliable, comfortable and fast<\/strong>.<\/center><\/h2>\n<p>And you either take a cab or public transport and hope for the best.<\/p>\n<p>It's exactly to avoid these inconveniences that I've decided to offer a service that's perfect for travelers like you.<\/p>\n<h2><center>With a transfer company you can trust, we offer you LE <strong>ideal transfer<\/strong> to start your vacation.<\/center><\/h2>\n<p>Even for those on a tight budget.<\/p>\n<aside class=\"block-note\">\n<p class=\"block-offer-desc\"><strong>Our guides have unique advantages<\/strong>:<\/p>\n<ul>\n<li>they talk <strong>French<\/strong> which makes communication easy<\/li>\n<li>they'll be waiting for you at the airport with a sign with your name on it. <strong>avoid waiting<\/strong> 1 to 2 hours a cab<\/li>\n<li>they will <strong>help with suitcases<\/strong> so you don't get tired after your flight<\/li>\n<li>the <strong>price is fixed<\/strong>to avoid any possible scams<\/li>\n<li>if your plane is delayed, the attendant will be waiting for you <strong>at no extra cost<\/strong><\/li>\n<li>your guide <strong>answers all your questions<\/strong> during the journey<\/li>\n<li>there are <strong>infant\/child car seats<\/strong> if needed (which cabs almost never have)<\/li>\n<\/ul>\n<\/aside>\n<p>With our transfer service...<\/p>\n<p>You're sure to reach your accommodation quickly.<\/p>\n<p>Without having been robbed or ripped off.<\/p>\n<p>And relaxed, because we'll have helped you pack.<\/p>\n<p>And you just sat comfortably in the car.<\/p>\n<p>Here are a few <strong>feedback from travellers who booked a transfer with us<\/strong>:<\/p>\n<blockquote><p>Perfect transfer with Paul, who speaks perfect French. Pleasant drive and he answers all your questions.<br \/>\nWe recommend it!<\/p>\n<p style=\"text-align: right;\">Alexandre and Nathalie<\/p>\n<p>Thank you Bonjour Barcelone! Our plane was late but the person was there waiting for us. Super nice too. We decided to book a return flight right away.<\/p>\n<p style=\"text-align: right;\">Jean-Pierre and friends<\/p>\n<p>Perfect transfer from hotel to airport. Paul was early at 4:20 a.m. and was very friendly, driving much more pleasantly than our cab on the outward journey! I recommend<\/p>\n<p style=\"text-align: right;\">Jos\u00e9<\/p>\n<p>I wanted to thank you for everything you did for us regarding the transfer from the airport to the hotel and the guided tour.<br \/>\nWe were very well received by the driver and Floriane.<br \/>\nWe are very happy with our stay, and thanks to you everything was perfect.<br \/>\nFloriane was charming and pleasant, with a great command of her subject, and thanks to her we saw what we wanted to see.<br \/>\nThe driver was great too, and we'll have him on Sunday for our return to France.<br \/>\nIn any case, we won't forget this stay and next time we'll be calling on you again, that's for sure.<br \/>\nMany thanks for everything and we're enjoying our last evening in this beautiful city of Barcelona.<\/p>\n<p style=\"text-align: right;\">Violette<\/p>\n<p>Very good service. Especially when the flight arrives at midnight and they wait for us when there is a delay. No surprises. Thanks to the drivers.<\/p>\n<p style=\"text-align: right;\">SCHOEMANN<\/p>\n<p>Excellent service, which I knew from your site, impeccable airport transfer with a guided tour of the city, the driver was super friendly, it would have been a cab with detour the fare would not have been the same, with this service no surprises on arrival, the fare is fixed, to be fully recommended, thank you Paul, see you soon.<\/p>\n<p style=\"text-align: right;\">DI PENTIMA MARINA<\/p>\n<p>Top-of-the-range VIP service<br \/>\nFor a low-cost price<br \/>\nBravo to your company and bravo to your drivers.<br \/>\nThanks again<\/p>\n<p style=\"text-align: right;\"> Bettioui <\/p>\n<p>Transfer from hotel to airport by Paul on 26.02, impeccable. On time in front of the hotel, very helpful, pleasant and professional. He speaks perfect French.<\/p>\n<p>I really recommend this service.<\/p>\n<p style=\"text-align: right;\"> Magne <\/p>\n<p>Very pleasant and professional. And extremely punctual.<br \/>\na flawless performance!<br \/>\nTo be recommended +++.<\/p>\n<p style=\"text-align: right;\">Herv\u00e9<\/p>\n<p>A big thank you to Paul for this impeccable transfer! A very warm welcome and moreover in French. He gave us lots of information for our stay in Barcelona and we even had a guided tour to the sea.<br \/>\nA lot of friendliness and kindness.<br \/>\nWe just want to come back!<\/p>\n<p style=\"text-align: right;\">Geoffroy<\/p>\n<p>We recommend this service.<br \/>\nPaul was there as soon as we got off the plane and was very pleasant throughout the ride. A very nice driver who told us several Catalan anecdotes in impeccable French.<br \/>\nThanks Paul!<\/p>\n<p style=\"text-align: right;\">Monteiro<\/p>\n<p>Very good service. We didn't have Paul, but he did everything he could to find us another driver and made sure to check up on us after we arrived. Very comfortable and clean vehicle. Our driver was courteous, thoughtful, punctual and attentive to our needs. It's very nice to have this service when you arrive in a country you don't know. A huge thank you to Gloria and Paul for their know-how. Bonne continuation. Patricia and cyrille<\/p>\n<p style=\"text-align: right;\">Patricia Pelletier<\/p>\n<p>A very good communication, Paul was adorable with us and advised us... Service with the small care that I recommend to 100%<\/p>\n<p style=\"text-align: right;\">St\u00e9phanie Matias<\/p>\n<p>Thank you for the transfer from the airport to the hotel and back! Impeccable! Very clean car, very courteous and kind driver! Spoke very good French! It's great to arrive in an unfamiliar country and be welcomed like this! No false notes! We recommend this service.<\/p>\n<p style=\"text-align: right;\">Ragot<\/p>\n<p>Perfect cab service, I was greeted on arrival at the airport by a driver who was very friendly and professional, he was very helpful and gave me good advice for the rest of my trip, all in perfect French ;)<br \/>\nHighly recommended!<\/p>\n<p style=\"text-align: right;\">Ade<\/p>\n<p>Impeccable service , perfect punctuality , our best-spent euros of the stay .<\/p>\n<p>In comparison, we've come across cab drivers who don't speak a word of French, and that's when you realize that the service provides appreciable comfort.<\/p>\n<p style=\"text-align: right;\">Stevender<\/p>\n<p>Perfect on both the outward and return journeys. Our friendly driver Paul spoke impeccable French and gave us lots of advice and information. More than reasonable fixed price, especially if your hotel is far from the airport. To be recommended +++<\/p>\n<p style=\"text-align: right;\"> Dominique <\/p>\n<p>The service is very professional. Our driver was really nice, even giving us a little guided tour on the way. Very pleasant and very professional. And extremely punctual.<\/p>\n<p style=\"text-align: right;\">Labergere<\/p>\n<\/blockquote>\n<p>Now you know that our transfer service is the ideal way to start your vacation in Barcelona.<\/p>\n<p><strong>Here's a simple calculation<\/strong>:<\/p>\n<p>Let's say you're a couple and you're going away for 4 days.<\/p>\n<p>A trip costs:<br \/>\n- 400.00 euros for accommodation (100.00 euros per night in the city center)<br \/>\n- 300.00 euros by plane (150.00 euros per person for a round trip)<br \/>\n- 240.00 euros in restaurants (8 restaurants at 30.00 euros per person)<\/p>\n<p>This already amounts to 940.00 euros in expenses.<\/p>\n<p>Not to mention transportation.<\/p>\n<p>Entrance fees to monuments.<\/p>\n<p>Breakfasts.<\/p>\n<p>Evening outings.<\/p>\n<p>On-site shopping.<\/p>\n<p>The risks of possible scams.<\/p>\n<p>We soon reach a total of almost 1,500.00 euros in expenses.<\/p>\n<h2><center>Travelling is a big investment.<\/center><\/h2>\n<p>But also in time.<\/p>\n<p>Because we don't have many vacations in the year.<\/p>\n<p>And it's vital that they go as smoothly as possible.<\/p>\n<h2><center>That's why taking a transfer with us is so important. <strong>accessible to everyone<\/strong>.<\/center><\/h2>\n<p>The price is just \u20ac59 for an ideal transfer.<\/p>\n<p>And that will make you <strong>start your vacation in the best possible way<\/strong>.<\/p>\n<div class=\"su-box su-box-style-default\" id=\"\" style=\"border-color:#017520;border-radius:3px;\"><div class=\"su-box-title\" style=\"background-color:#34A853;color:#FFFFFF;border-top-left-radius:1px;border-top-right-radius:1px\">Reservation<\/div><div class=\"su-box-content su-u-clearfix su-u-trim\" style=\"border-bottom-left-radius:1px;border-bottom-right-radius:1px\">\n<strong>Fixed rate<\/strong>:<br \/>\nFrom 1 to 3 people: \u20ac59<br \/>\nFor 4 to 6 people: \u20ac69<br \/>\n7-8 people: \u20ac99<\/p>\n<p><strong>Example<\/strong>If there are 2 of you, the total price is \u20ac59.<\/p>\n<p>Payment is made in cash at the end of your transfer.<\/p>\n<p><strong>Note<\/strong>If you're interested in returning to the airport, <a href=\"https:\/\/bonjourbarcelone.fr\/en\/transfert-centre-ville-vers-aeroport\/\" target=\"_blank\" rel=\"noopener noreferrer\">click here<\/a>.<\/p>\n<p>If you're not satisfied with your transfer, you don't pay. We're so confident that you'll be satisfied with our service that we're offering this <strong>money-back guarantee<\/strong>. So you don't <strong>no risk<\/strong> to book with us.<\/p>\n<p><strong>REMINDER<\/strong>The transfer is private. You'll have a vehicle and a guide just for you!<br \/>\n<\/div><\/div>\n<strong>Fill in the form below to book your private transfer in French:<\/strong><br \/>\n\u2028\u2028<\/p>\n<h4><strong>FAQ (frequently asked questions):<\/strong><\/h4>\n<p><strong>\"We have a baby\/toddler, do you have a suitable seat?\"<\/strong><br \/>\nYes, of course, just specify it when you fill in the booking form.<br \/>\n<strong>\"How can we be sure we'll find our driver?\"<\/strong><br \/>\nYour guide will be waiting for you at the passenger exit, so you can't go wrong.<br \/>\nYou'll have his phone number just in case, and he'll have yours too. Don't forget to turn your phone on when the plane lands.<br \/>\n<strong>\"What are the means of payment?<\/strong><br \/>\nPayment is always made once you have arrived at your destination, if you are satisfied with the service. Payment is in cash.<br \/>\n<strong>\"Is it possible to get an invoice?\"<\/strong><br \/>\nYes, of course, just ask when you fill in the form or ask your guide once you're in Barcelona.<\/p>\n<p>&nbsp;<\/p>\n<h4><strong>Any other questions?<\/strong><\/h4>\n<p>You can send them to us by sending an e-mail to the following address: bonjourbarcelone.marie@gmail.com<br \/>\nWe'll get back to you within a few hours.<\/p>","protected":false},"excerpt":{"rendered":"<p>Note: if you're interested in returning to the airport, click here. Arriving in Barcelona by plane, like 9O% of travellers? Read on... Because most travelers make the mistake of taking a cab on arrival. Or even worse. They make the mistake of taking public transport. [...]<\/p>","protected":false},"author":2,"featured_media":3660,"parent":0,"menu_order":0,"comment_status":"closed","ping_status":"closed","template":"page_landing.php","meta":{"om_disable_all_campaigns":false,"_genesis_hide_title":false,"_genesis_hide_breadcrumbs":false,"_genesis_hide_singular_image":false,"_genesis_hide_footer_widgets":false,"_genesis_custom_body_class":"","_genesis_custom_post_class":"","_genesis_layout":"content-sidebar","footnotes":""},"class_list":{"0":"post-1053","1":"page","2":"type-page","3":"status-publish","4":"has-post-thumbnail","6":"entry"},"yoast_head":"<!-- This site is optimized with the Yoast SEO plugin v26.5 - https:\/\/yoast.com\/wordpress\/plugins\/seo\/ -->\n<title>Fa\u00eetes-vous la m\u00eame erreur que 99% des gens qui visitent Barcelone ?<\/title>\n<meta name=\"robots\" content=\"noindex, nofollow\" \/>\n<meta property=\"og:locale\" content=\"en_US\" \/>\n<meta property=\"og:type\" content=\"article\" \/>\n<meta property=\"og:title\" content=\"Fa\u00eetes-vous la m\u00eame erreur que 99% des gens qui visitent Barcelone ?\" \/>\n<meta property=\"og:description\" content=\"Note: si c&rsquo;est un retour vers l&rsquo;a\u00e9roport qui vous int\u00e9resse, cliquez ici. Vous arrivez \u00e0 Barcelone en avion comme 9O% des voyageurs ? Lisez bien ce qui va suivre\u2026 Car la plupart des voyageurs font l\u2019erreur de prendre un taxi \u00e0 leur arriv\u00e9e. Ou encore pire. Ils font l\u2019erreur de prendre les transports en commun. [&hellip;]\" \/>\n<meta property=\"og:url\" content=\"https:\/\/bonjourbarcelone.fr\/en\/private-airport-transfer-barcelona\/\" \/>\n<meta property=\"og:site_name\" content=\"Visiter Barcelone\" \/>\n<meta property=\"article:modified_time\" content=\"2025-10-13T13:35:54+00:00\" \/>\n<meta property=\"og:image\" content=\"https:\/\/bonjourbarcelone.fr\/wp-content\/uploads\/2024\/03\/transfer-aeroport-barcelone.jpeg\" \/>\n\t<meta property=\"og:image:width\" content=\"482\" \/>\n\t<meta property=\"og:image:height\" content=\"319\" \/>\n\t<meta property=\"og:image:type\" content=\"image\/jpeg\" \/>\n<meta name=\"twitter:card\" content=\"summary_large_image\" \/>\n<meta name=\"twitter:label1\" content=\"Est. reading time\" \/>\n\t<meta name=\"twitter:data1\" content=\"6 minutes\" \/>\n<script type=\"application\/ld+json\" class=\"yoast-schema-graph\">{\"@context\":\"https:\/\/schema.org\",\"@graph\":[{\"@type\":\"WebPage\",\"@id\":\"https:\/\/bonjourbarcelone.fr\/transfert-prive-aeroport-barcelone\/\",\"url\":\"https:\/\/bonjourbarcelone.fr\/transfert-prive-aeroport-barcelone\/\",\"name\":\"Fa\u00eetes-vous la m\u00eame erreur que 99% des gens qui visitent Barcelone ?\",\"isPartOf\":{\"@id\":\"https:\/\/bonjourbarcelone.fr\/#website\"},\"primaryImageOfPage\":{\"@id\":\"https:\/\/bonjourbarcelone.fr\/transfert-prive-aeroport-barcelone\/#primaryimage\"},\"image\":{\"@id\":\"https:\/\/bonjourbarcelone.fr\/transfert-prive-aeroport-barcelone\/#primaryimage\"},\"thumbnailUrl\":\"https:\/\/bonjourbarcelone.fr\/wp-content\/uploads\/2024\/03\/transfer-aeroport-barcelone.jpeg\",\"datePublished\":\"2017-10-30T19:04:43+00:00\",\"dateModified\":\"2025-10-13T13:35:54+00:00\",\"breadcrumb\":{\"@id\":\"https:\/\/bonjourbarcelone.fr\/transfert-prive-aeroport-barcelone\/#breadcrumb\"},\"inLanguage\":\"en-US\",\"potentialAction\":[{\"@type\":\"ReadAction\",\"target\":[\"https:\/\/bonjourbarcelone.fr\/transfert-prive-aeroport-barcelone\/\"]}]},{\"@type\":\"ImageObject\",\"inLanguage\":\"en-US\",\"@id\":\"https:\/\/bonjourbarcelone.fr\/transfert-prive-aeroport-barcelone\/#primaryimage\",\"url\":\"https:\/\/bonjourbarcelone.fr\/wp-content\/uploads\/2024\/03\/transfer-aeroport-barcelone.jpeg\",\"contentUrl\":\"https:\/\/bonjourbarcelone.fr\/wp-content\/uploads\/2024\/03\/transfer-aeroport-barcelone.jpeg\",\"width\":482,\"height\":319,\"caption\":\"transfer aeroport barcelone\"},{\"@type\":\"BreadcrumbList\",\"@id\":\"https:\/\/bonjourbarcelone.fr\/transfert-prive-aeroport-barcelone\/#breadcrumb\",\"itemListElement\":[{\"@type\":\"ListItem\",\"position\":1,\"name\":\"Accueil\",\"item\":\"https:\/\/bonjourbarcelone.fr\/\"},{\"@type\":\"ListItem\",\"position\":2,\"name\":\"Fa\u00eetes-vous la m\u00eame erreur que 99% des gens qui visitent Barcelone ?\"}]},{\"@type\":\"WebSite\",\"@id\":\"https:\/\/bonjourbarcelone.fr\/#website\",\"url\":\"https:\/\/bonjourbarcelone.fr\/\",\"name\":\"Visiter Barcelone\",\"description\":\"Tout pour passer un s\u00e9jour inoubliable en 2026 !\",\"potentialAction\":[{\"@type\":\"SearchAction\",\"target\":{\"@type\":\"EntryPoint\",\"urlTemplate\":\"https:\/\/bonjourbarcelone.fr\/?s={search_term_string}\"},\"query-input\":{\"@type\":\"PropertyValueSpecification\",\"valueRequired\":true,\"valueName\":\"search_term_string\"}}],\"inLanguage\":\"en-US\"}]}<\/script>\n<!-- \/ Yoast SEO plugin. -->","yoast_head_json":{"title":"Are you making the same mistake as 99% of people visiting Barcelona?","robots":{"index":"noindex","follow":"nofollow"},"og_locale":"en_US","og_type":"article","og_title":"Fa\u00eetes-vous la m\u00eame erreur que 99% des gens qui visitent Barcelone ?","og_description":"Note: si c&rsquo;est un retour vers l&rsquo;a\u00e9roport qui vous int\u00e9resse, cliquez ici. Vous arrivez \u00e0 Barcelone en avion comme 9O% des voyageurs ? Lisez bien ce qui va suivre\u2026 Car la plupart des voyageurs font l\u2019erreur de prendre un taxi \u00e0 leur arriv\u00e9e. Ou encore pire. Ils font l\u2019erreur de prendre les transports en commun. [&hellip;]","og_url":"https:\/\/bonjourbarcelone.fr\/en\/private-airport-transfer-barcelona\/","og_site_name":"Visiter Barcelone","article_modified_time":"2025-10-13T13:35:54+00:00","og_image":[{"width":482,"height":319,"url":"https:\/\/bonjourbarcelone.fr\/wp-content\/uploads\/2024\/03\/transfer-aeroport-barcelone.jpeg","type":"image\/jpeg"}],"twitter_card":"summary_large_image","twitter_misc":{"Est. reading time":"6 minutes"},"schema":{"@context":"https:\/\/schema.org","@graph":[{"@type":"WebPage","@id":"https:\/\/bonjourbarcelone.fr\/transfert-prive-aeroport-barcelone\/","url":"https:\/\/bonjourbarcelone.fr\/transfert-prive-aeroport-barcelone\/","name":"Are you making the same mistake as 99% of people visiting Barcelona?","isPartOf":{"@id":"https:\/\/bonjourbarcelone.fr\/#website"},"primaryImageOfPage":{"@id":"https:\/\/bonjourbarcelone.fr\/transfert-prive-aeroport-barcelone\/#primaryimage"},"image":{"@id":"https:\/\/bonjourbarcelone.fr\/transfert-prive-aeroport-barcelone\/#primaryimage"},"thumbnailUrl":"https:\/\/bonjourbarcelone.fr\/wp-content\/uploads\/2024\/03\/transfer-aeroport-barcelone.jpeg","datePublished":"2017-10-30T19:04:43+00:00","dateModified":"2025-10-13T13:35:54+00:00","breadcrumb":{"@id":"https:\/\/bonjourbarcelone.fr\/transfert-prive-aeroport-barcelone\/#breadcrumb"},"inLanguage":"en-US","potentialAction":[{"@type":"ReadAction","target":["https:\/\/bonjourbarcelone.fr\/transfert-prive-aeroport-barcelone\/"]}]},{"@type":"ImageObject","inLanguage":"en-US","@id":"https:\/\/bonjourbarcelone.fr\/transfert-prive-aeroport-barcelone\/#primaryimage","url":"https:\/\/bonjourbarcelone.fr\/wp-content\/uploads\/2024\/03\/transfer-aeroport-barcelone.jpeg","contentUrl":"https:\/\/bonjourbarcelone.fr\/wp-content\/uploads\/2024\/03\/transfer-aeroport-barcelone.jpeg","width":482,"height":319,"caption":"transfer aeroport barcelone"},{"@type":"BreadcrumbList","@id":"https:\/\/bonjourbarcelone.fr\/transfert-prive-aeroport-barcelone\/#breadcrumb","itemListElement":[{"@type":"ListItem","position":1,"name":"Accueil","item":"https:\/\/bonjourbarcelone.fr\/"},{"@type":"ListItem","position":2,"name":"Fa\u00eetes-vous la m\u00eame erreur que 99% des gens qui visitent Barcelone ?"}]},{"@type":"WebSite","@id":"https:\/\/bonjourbarcelone.fr\/#website","url":"https:\/\/bonjourbarcelone.fr\/","name":"Visiting Barcelona","description":"Tout pour passer un s\u00e9jour inoubliable en 2026 !","potentialAction":[{"@type":"SearchAction","target":{"@type":"EntryPoint","urlTemplate":"https:\/\/bonjourbarcelone.fr\/?s={search_term_string}"},"query-input":{"@type":"PropertyValueSpecification","valueRequired":true,"valueName":"search_term_string"}}],"inLanguage":"en-US"}]}},"_links":{"self":[{"href":"https:\/\/bonjourbarcelone.fr\/en\/wp-json\/wp\/v2\/pages\/1053","targetHints":{"allow":["GET"]}}],"collection":[{"href":"https:\/\/bonjourbarcelone.fr\/en\/wp-json\/wp\/v2\/pages"}],"about":[{"href":"https:\/\/bonjourbarcelone.fr\/en\/wp-json\/wp\/v2\/types\/page"}],"author":[{"embeddable":true,"href":"https:\/\/bonjourbarcelone.fr\/en\/wp-json\/wp\/v2\/users\/2"}],"replies":[{"embeddable":true,"href":"https:\/\/bonjourbarcelone.fr\/en\/wp-json\/wp\/v2\/comments?post=1053"}],"version-history":[{"count":6,"href":"https:\/\/bonjourbarcelone.fr\/en\/wp-json\/wp\/v2\/pages\/1053\/revisions"}],"predecessor-version":[{"id":3992,"href":"https:\/\/bonjourbarcelone.fr\/en\/wp-json\/wp\/v2\/pages\/1053\/revisions\/3992"}],"wp:featuredmedia":[{"embeddable":true,"href":"https:\/\/bonjourbarcelone.fr\/en\/wp-json\/wp\/v2\/media\/3660"}],"wp:attachment":[{"href":"https:\/\/bonjourbarcelone.fr\/en\/wp-json\/wp\/v2\/media?parent=1053"}],"curies":[{"name":"wp","href":"https:\/\/api.w.org\/{rel}","templated":true}]}}