{"id":1074,"date":"2018-01-12T18:11:50","date_gmt":"2018-01-12T18:11:50","guid":{"rendered":"http:\/\/thibaut.wpengine.com\/?page_id=1074"},"modified":"2018-01-12T18:13:01","modified_gmt":"2018-01-12T18:13:01","slug":"cgv","status":"publish","type":"page","link":"https:\/\/bonjourbarcelone.fr\/en\/cgv\/","title":{"rendered":"General terms and conditions of sale and use"},"content":{"rendered":"<p>1. By visiting this blog (bonjourbarcelone.fr), you agree to have read, understood and accepted the general conditions of use of this blog.<\/p>\n<p>&nbsp;<\/p>\n<p>2. The services and advice offered by this blog are intended for everyone. In the event that the information and advice provided on this blog is used for commercial purposes, you will be automatically liable to the author for compensation equal to 75% of the revenue generated by the use of the author's advice and information. Any use, reproduction, resale, or simple communication, written or oral, of the products, services and content offered by this blog is formally prohibited without the written consent of this blog and its representative and will be systematically prosecuted.<\/p>\n<p>&nbsp;<\/p>\n<p>3. The content of this blog is intended to share information, thoughts and advice.<\/p>\n<p>&nbsp;<\/p>\n<p>4. You understand and agree that the information and advice offered by this blog may not be used for illegal purposes. You understand and agree that you are solely responsible for your actions and their consequences. This blog, its representative and its partners cannot be held responsible in the event of inappropriate use of its information and advice, nor more generally for any direct or indirect consequence of your actions. This blog, its representative and its partners do not guarantee any results following the application of the advice given.<\/p>\n<p>&nbsp;<\/p>\n<p>6. bonjourbarcelone.fr cannot be held responsible for errors in content, nor for viruses or any other element that may affect the integrity of your computer equipment, nor for the possible consequences of a security breach in its Paypal\u2122 payment system. You alone assume the risks associated with the use of this blog, as well as with all the sites whose links appear on this blog.<\/p>\n<p>&nbsp;<\/p>\n<p>7. You understand and agree that when you send this blog a written or oral testimonial about one of its products or services, it becomes the property of the blog, which implies the transfer of reproduction, editing and publication rights. Unless you request otherwise in writing, this publication may mention your first name, profession and place of residence.<\/p>\n<p>&nbsp;<\/p>\n<p>8. Some parts of the blog are private and the moderation team reserves the right of entry. Access to these areas may be denied without warning or justification.<\/p>\n<p>9. Neither this blog, nor its author or associated company, is responsible for events that may take place at certain locations, with certain services or with certain people recommended on this blog.<\/p>\n<p>10. The services offered on this blog have no obligation of result, nor those of the recommended partners and companies.<\/p>\n<p>&nbsp;<\/p>\n<p>11. You understand and agree that in the event of any disagreement, the terms of these Terms and Conditions of Sale and Use shall prevail over any oral or written communication between you and any of the representatives or partners of this blog.<\/p>\n<p>&nbsp;<\/p>\n<p>12. By subscribing to the newsletter, you agree to receive articles, videos, commercial offers, podcasts and other tips to help you make the most of your trip to Barcelona.<\/p>","protected":false},"excerpt":{"rendered":"<p>1. By visiting this blog (bonjourbarcelone.fr), you agree to have read, understood and accepted the general conditions of use of this blog.   2. The services and advice offered by this blog are intended for everyone. If you use the information and advice provided on this blog for commercial purposes, you will be [...]<\/p>","protected":false},"author":2,"featured_media":0,"parent":0,"menu_order":0,"comment_status":"closed","ping_status":"closed","template":"","meta":{"om_disable_all_campaigns":false,"_genesis_hide_title":false,"_genesis_hide_breadcrumbs":false,"_genesis_hide_singular_image":false,"_genesis_hide_footer_widgets":false,"_genesis_custom_body_class":"","_genesis_custom_post_class":"","_genesis_layout":"","footnotes":""},"class_list":{"0":"post-1074","1":"page","2":"type-page","3":"status-publish","5":"entry"},"yoast_head":"<!-- This site is optimized with the Yoast SEO plugin v26.5 - https:\/\/yoast.com\/wordpress\/plugins\/seo\/ -->\n<title>Conditions g\u00e9n\u00e9rales de vente et d\u2019utilisation<\/title>\n<meta name=\"robots\" content=\"noindex, nofollow\" \/>\n<meta property=\"og:locale\" content=\"en_US\" \/>\n<meta property=\"og:type\" content=\"article\" \/>\n<meta property=\"og:title\" content=\"Conditions g\u00e9n\u00e9rales de vente et d\u2019utilisation\" \/>\n<meta property=\"og:description\" content=\"1. En visitant ce blog (bonjourbarcelone.fr), vous vous engagez \u00e0 avoir lu, compris et accept\u00e9 les conditions g\u00e9n\u00e9rales d&rsquo;utilisation de ce blog. &nbsp; 2. Les services et les conseils propos\u00e9s par ce blog s&rsquo;adressent \u00e0 tout le monde. En cas d&rsquo;utilisation des informations et conseils prodigu\u00e9s sur ce blog \u00e0 des fins commerciales, vous serez [&hellip;]\" \/>\n<meta property=\"og:url\" content=\"https:\/\/bonjourbarcelone.fr\/en\/cgv\/\" \/>\n<meta property=\"og:site_name\" content=\"Visiter Barcelone\" \/>\n<meta property=\"article:modified_time\" content=\"2018-01-12T18:13:01+00:00\" \/>\n<meta name=\"twitter:card\" content=\"summary_large_image\" \/>\n<meta name=\"twitter:label1\" content=\"Est. reading time\" \/>\n\t<meta name=\"twitter:data1\" content=\"3 minutes\" \/>\n<script type=\"application\/ld+json\" class=\"yoast-schema-graph\">{\"@context\":\"https:\/\/schema.org\",\"@graph\":[{\"@type\":\"WebPage\",\"@id\":\"https:\/\/bonjourbarcelone.fr\/cgv\/\",\"url\":\"https:\/\/bonjourbarcelone.fr\/cgv\/\",\"name\":\"Conditions g\u00e9n\u00e9rales de vente et d\u2019utilisation\",\"isPartOf\":{\"@id\":\"https:\/\/bonjourbarcelone.fr\/#website\"},\"datePublished\":\"2018-01-12T18:11:50+00:00\",\"dateModified\":\"2018-01-12T18:13:01+00:00\",\"breadcrumb\":{\"@id\":\"https:\/\/bonjourbarcelone.fr\/cgv\/#breadcrumb\"},\"inLanguage\":\"en-US\",\"potentialAction\":[{\"@type\":\"ReadAction\",\"target\":[\"https:\/\/bonjourbarcelone.fr\/cgv\/\"]}]},{\"@type\":\"BreadcrumbList\",\"@id\":\"https:\/\/bonjourbarcelone.fr\/cgv\/#breadcrumb\",\"itemListElement\":[{\"@type\":\"ListItem\",\"position\":1,\"name\":\"Accueil\",\"item\":\"https:\/\/bonjourbarcelone.fr\/\"},{\"@type\":\"ListItem\",\"position\":2,\"name\":\"Conditions g\u00e9n\u00e9rales de vente et d\u2019utilisation\"}]},{\"@type\":\"WebSite\",\"@id\":\"https:\/\/bonjourbarcelone.fr\/#website\",\"url\":\"https:\/\/bonjourbarcelone.fr\/\",\"name\":\"Visiter Barcelone\",\"description\":\"Tout pour passer un s\u00e9jour inoubliable en 2026 !\",\"potentialAction\":[{\"@type\":\"SearchAction\",\"target\":{\"@type\":\"EntryPoint\",\"urlTemplate\":\"https:\/\/bonjourbarcelone.fr\/?s={search_term_string}\"},\"query-input\":{\"@type\":\"PropertyValueSpecification\",\"valueRequired\":true,\"valueName\":\"search_term_string\"}}],\"inLanguage\":\"en-US\"}]}<\/script>\n<!-- \/ Yoast SEO plugin. -->","yoast_head_json":{"title":"General terms and conditions of sale and use","robots":{"index":"noindex","follow":"nofollow"},"og_locale":"en_US","og_type":"article","og_title":"Conditions g\u00e9n\u00e9rales de vente et d\u2019utilisation","og_description":"1. En visitant ce blog (bonjourbarcelone.fr), vous vous engagez \u00e0 avoir lu, compris et accept\u00e9 les conditions g\u00e9n\u00e9rales d&rsquo;utilisation de ce blog. &nbsp; 2. Les services et les conseils propos\u00e9s par ce blog s&rsquo;adressent \u00e0 tout le monde. En cas d&rsquo;utilisation des informations et conseils prodigu\u00e9s sur ce blog \u00e0 des fins commerciales, vous serez [&hellip;]","og_url":"https:\/\/bonjourbarcelone.fr\/en\/cgv\/","og_site_name":"Visiter Barcelone","article_modified_time":"2018-01-12T18:13:01+00:00","twitter_card":"summary_large_image","twitter_misc":{"Est. reading time":"3 minutes"},"schema":{"@context":"https:\/\/schema.org","@graph":[{"@type":"WebPage","@id":"https:\/\/bonjourbarcelone.fr\/cgv\/","url":"https:\/\/bonjourbarcelone.fr\/cgv\/","name":"General terms and conditions of sale and use","isPartOf":{"@id":"https:\/\/bonjourbarcelone.fr\/#website"},"datePublished":"2018-01-12T18:11:50+00:00","dateModified":"2018-01-12T18:13:01+00:00","breadcrumb":{"@id":"https:\/\/bonjourbarcelone.fr\/cgv\/#breadcrumb"},"inLanguage":"en-US","potentialAction":[{"@type":"ReadAction","target":["https:\/\/bonjourbarcelone.fr\/cgv\/"]}]},{"@type":"BreadcrumbList","@id":"https:\/\/bonjourbarcelone.fr\/cgv\/#breadcrumb","itemListElement":[{"@type":"ListItem","position":1,"name":"Accueil","item":"https:\/\/bonjourbarcelone.fr\/"},{"@type":"ListItem","position":2,"name":"Conditions g\u00e9n\u00e9rales de vente et d\u2019utilisation"}]},{"@type":"WebSite","@id":"https:\/\/bonjourbarcelone.fr\/#website","url":"https:\/\/bonjourbarcelone.fr\/","name":"Visiting Barcelona","description":"Tout pour passer un s\u00e9jour inoubliable en 2026 !","potentialAction":[{"@type":"SearchAction","target":{"@type":"EntryPoint","urlTemplate":"https:\/\/bonjourbarcelone.fr\/?s={search_term_string}"},"query-input":{"@type":"PropertyValueSpecification","valueRequired":true,"valueName":"search_term_string"}}],"inLanguage":"en-US"}]}},"_links":{"self":[{"href":"https:\/\/bonjourbarcelone.fr\/en\/wp-json\/wp\/v2\/pages\/1074","targetHints":{"allow":["GET"]}}],"collection":[{"href":"https:\/\/bonjourbarcelone.fr\/en\/wp-json\/wp\/v2\/pages"}],"about":[{"href":"https:\/\/bonjourbarcelone.fr\/en\/wp-json\/wp\/v2\/types\/page"}],"author":[{"embeddable":true,"href":"https:\/\/bonjourbarcelone.fr\/en\/wp-json\/wp\/v2\/users\/2"}],"replies":[{"embeddable":true,"href":"https:\/\/bonjourbarcelone.fr\/en\/wp-json\/wp\/v2\/comments?post=1074"}],"version-history":[{"count":0,"href":"https:\/\/bonjourbarcelone.fr\/en\/wp-json\/wp\/v2\/pages\/1074\/revisions"}],"wp:attachment":[{"href":"https:\/\/bonjourbarcelone.fr\/en\/wp-json\/wp\/v2\/media?parent=1074"}],"curies":[{"name":"wp","href":"https:\/\/api.w.org\/{rel}","templated":true}]}}