{"id":1419,"date":"2019-03-05T14:53:59","date_gmt":"2019-03-05T14:53:59","guid":{"rendered":"https:\/\/bonjourbarcelone.fr\/?page_id=1419"},"modified":"2025-09-02T10:04:08","modified_gmt":"2025-09-02T10:04:08","slug":"follow-up-1-mail","status":"publish","type":"page","link":"https:\/\/bonjourbarcelone.fr\/en\/follow-up-1-mail\/","title":{"rendered":"<p style=\"color:#FF0000\"><font size=\"6\"> -&gt; 20% discount here only. By closing this page, you will no longer be entitled to this discount!<\/font><\/p>"},"content":{"rendered":"<p><strong><\/p>\n<h2>An incredible tour of Barcelona's historic center<\/strong><\/h2>\n<p>Would you like to discover the best of Barcelona's historic center in just a few hours?<\/p>\n<p><strong><\/p>\n<h2>We offer private guided tours in French!<\/strong><\/h2>\n<p><img decoding=\"async\" src=\"https:\/\/bonjourbarcelone.fr\/wp-content\/uploads\/2022\/08\/montage-visite-guidee-barcelone-copie.jpg\" alt=\"assembly guided tour barcelona\" width=\"1700\" height=\"1275\" class=\"alignnone size-full wp-image-1724\" srcset=\"https:\/\/bonjourbarcelone.fr\/wp-content\/uploads\/2022\/08\/montage-visite-guidee-barcelone-copie.jpg 1700w, https:\/\/bonjourbarcelone.fr\/wp-content\/uploads\/2022\/08\/montage-visite-guidee-barcelone-copie-300x225.jpg 300w, https:\/\/bonjourbarcelone.fr\/wp-content\/uploads\/2022\/08\/montage-visite-guidee-barcelone-copie-1024x768.jpg 1024w, https:\/\/bonjourbarcelone.fr\/wp-content\/uploads\/2022\/08\/montage-visite-guidee-barcelone-copie-768x576.jpg 768w, https:\/\/bonjourbarcelone.fr\/wp-content\/uploads\/2022\/08\/montage-visite-guidee-barcelone-copie-1536x1152.jpg 1536w\" sizes=\"(max-width: 1700px) 100vw, 1700px\" \/><br \/>\n<img decoding=\"async\" class=\"img-full\" title=\"seen on\" src=\"https:\/\/bonjourbarcelone.fr\/wp-content\/uploads\/2024\/04\/3_banniere_logos_soccial.png\" alt=\"seen on\" \/><\/p>\n<div style=\"padding:56.25% 0 0 0;position:relative;\"><iframe src=\"https:\/\/player.vimeo.com\/video\/946937016?h=e069d40e81&amp;badge=0&amp;autopause=0&amp;player_id=0&amp;app_id=58479\" frameborder=\"0\" allow=\"autoplay; fullscreen; picture-in-picture; clipboard-write\" style=\"position:absolute;top:0;left:0;width:100%;height:100%;\" title=\"Guided tour of Barcelona in French\"><\/iframe><\/div>\n<p><script src=\"https:\/\/player.vimeo.com\/api\/player.js\"><\/script><br \/>\n<strong><\/p>\n<h3>How is the visit organized and what is seen?<\/strong><\/h3>\n<p>The starting point for the tour is agreed with the guide, in the historic center.<\/p>\n<aside class=\"block-note\">\n<p class=\"block-offer-desc\">Here are a few <strong>benefits<\/strong> to book a visit with us:<\/p>\n<ul>\n<li>Your guide <strong>speak perfect French<\/strong>so that there are no communication problems<\/li>\n<li>It will show you <strong>typical places<\/strong>that still retain their authenticity<\/li>\n<li>He'll tell you <strong>anecdotes and stories<\/strong> that will make the places you visit fascinating<\/li>\n<li>It will show you <strong>the most beautiful places<\/strong> Barcelona<\/li>\n<li>It will show you <strong>secret places<\/strong>that are not in any guidebook and that Catalans don't want to share with tourists.<\/li>\n<li>He'll make you a <strong>personalized tour<\/strong> to suit your tastes and walking pace<\/li>\n<li>Bonus: he'll take the time to <strong>create a personalized program for the rest of your stay<\/strong> (monuments, activities, restaurants, places to go out...)<\/li>\n<\/ul>\n<\/aside>\n<h3><strong>Tour itinerary<\/strong><\/h3>\n<p>This is the proposed itinerary for your visit. Occasionally, it may be modified slightly, in order to offer you the best possible experience. <strong>best possible experience<\/strong> !<\/p>\n<p><strong>1) The gotico district<\/strong><br \/>\nYou'll have the pleasure of discovering the <strong>prestigious<\/strong> Barcelona's Holy Cross Cathedral and its history (including the legend of Santa Eulalia, patron saint of Barcelona).<\/p>\n<p>Stroll through the <strong>wonderful<\/strong> Jewish quarter and its narrow streets, pass through pla\u00e7a Reial, pla\u00e7a san Jaume and pla\u00e7a del Rei, 3 very different squares, but all of them <strong>beautiful<\/strong>!<br \/>\n<img decoding=\"async\" src=\"https:\/\/bonjourbarcelone.fr\/wp-content\/uploads\/2023\/10\/placa-reial-1024x576.jpg\" alt=\"placa reial\" width=\"1024\" height=\"576\" class=\"alignnone size-large wp-image-3198\" srcset=\"https:\/\/bonjourbarcelone.fr\/wp-content\/uploads\/2023\/10\/placa-reial-1024x576.jpg 1024w, https:\/\/bonjourbarcelone.fr\/wp-content\/uploads\/2023\/10\/placa-reial-300x169.jpg 300w, https:\/\/bonjourbarcelone.fr\/wp-content\/uploads\/2023\/10\/placa-reial-768x432.jpg 768w, https:\/\/bonjourbarcelone.fr\/wp-content\/uploads\/2023\/10\/placa-reial.jpg 1365w\" sizes=\"(max-width: 1024px) 100vw, 1024px\" \/><br \/>\n<strong>2) The El Born district<\/strong><br \/>\nA must-see neighbourhood!<\/p>\n<p>With <strong>its distinctive alleyways<\/strong> whose names recall trading activities in medieval times.<br \/>\n<img decoding=\"async\" src=\"https:\/\/bonjourbarcelone.fr\/wp-content\/uploads\/2023\/10\/basilique-Santa-Maria-del-Mar-1024x830.jpg\" alt=\"basilica santa maria\" width=\"1024\" height=\"830\" class=\"alignnone size-large wp-image-3199\" srcset=\"https:\/\/bonjourbarcelone.fr\/wp-content\/uploads\/2023\/10\/basilique-Santa-Maria-del-Mar-1024x830.jpg 1024w, https:\/\/bonjourbarcelone.fr\/wp-content\/uploads\/2023\/10\/basilique-Santa-Maria-del-Mar-300x243.jpg 300w, https:\/\/bonjourbarcelone.fr\/wp-content\/uploads\/2023\/10\/basilique-Santa-Maria-del-Mar-768x623.jpg 768w, https:\/\/bonjourbarcelone.fr\/wp-content\/uploads\/2023\/10\/basilique-Santa-Maria-del-Mar.jpg 1137w\" sizes=\"(max-width: 1024px) 100vw, 1024px\" \/><br \/>\nYou'll see a basilica <strong>not to be missed<\/strong>Santa Maria del Mar basilica, and Carrer Moncada, one of the most intriguing streets with its former merchant palaces.<\/p>\n<p><strong>3) The El Raval district<\/strong><br \/>\n<img decoding=\"async\" src=\"https:\/\/bonjourbarcelone.fr\/wp-content\/uploads\/2023\/10\/raval-1024x775.jpg\" alt=\"raval\" width=\"1024\" height=\"775\" class=\"alignnone size-large wp-image-3197\" srcset=\"https:\/\/bonjourbarcelone.fr\/wp-content\/uploads\/2023\/10\/raval-1024x775.jpg 1024w, https:\/\/bonjourbarcelone.fr\/wp-content\/uploads\/2023\/10\/raval-300x227.jpg 300w, https:\/\/bonjourbarcelone.fr\/wp-content\/uploads\/2023\/10\/raval-768x581.jpg 768w, https:\/\/bonjourbarcelone.fr\/wp-content\/uploads\/2023\/10\/raval.jpg 1400w\" sizes=\"(max-width: 1024px) 100vw, 1024px\" \/><br \/>\nThis is THE <strong>atypical neighborhood<\/strong> with its distinctive little streets.<\/p>\n<p>On the program: ancient monasteries, Keith Haring's mural, the National Library of Catalonia and the rambla (Barcelona's most famous street!).<\/p>\n<p>It's simple, you'll see the <strong>best of the old town<\/strong> from Barcelona!<\/p>\n<p>This itinerary has been designed to show you both the<strong>unmissable<\/strong> but also the unusual, the \"hidden\", interesting stories and unique anecdotes that you won't find anywhere else. <strong>nowhere else<\/strong>.<\/p>\n<p>Here are a few examples of feedback from travelers who have visited the historic center with us:<\/p>\n<blockquote><p>Super visite du quartier gothique. Val\u00e9rie a \u00e9t\u00e9 tr\u00e8s int\u00e9ressante et m\u00eame passionnante tout au long de nos d\u00e9ambulations \u00e0 travers l histoire de ce quartier. Elle a r\u00e9pondu \u00e0 toutes nos questions, en nous montrant m\u00eame des documents de temps en temps. On n a pas vu le temps pass\u00e9 ni les quelques kilom\u00e8tres parcourus tout en douceur. Et m\u00eame les enfants de 9 et 12 ans ont ador\u00e9 cette promenade cont\u00e9e, qui pour eux \u00e9tait la meilleure visite guid\u00e9e de la semaine. En plus, nous sommes reparti avec plein de bons plans et de bonnes adresses pour le reste de notre s\u00e9jour. Encore un grand merci!<\/p>\n<p style=\"text-align: right;\">Emelyne<\/p>\n<p>We wanted to thank you for the guided tour of historic Barcelona. Our guide Val\u00e9rie was perfect and was able to adapt the tour to the morphology of our small group. Very competent and pleasant. We learned a lot and discovered the history of this district.<\/p>\n<p style=\"text-align: right;\">Conchita<\/p>\n<p>The visit with our guide, Val\u00e9rie, went very well. We had a great time and a lovely walk through the city streets.<br \/>\nWe already knew a bit about the city, but we discovered and learned a lot.<br \/>\nShe gave us lots of good addresses.<br \/>\nI recommend taking a guided tour with Bonjour Barcelone. <\/p>\n<p style=\"text-align: right;\"> H\u00e9l\u00e8ne <\/p>\n<p>Val\u00e9rie est tr\u00e8s sympathique elle a su s&rsquo;adapter \u00e0 nos demandes. Tr\u00e8s professionnelle.<br \/>\nNous avons pass\u00e9 un agr\u00e9able moment. Nous la recommanderons sans h\u00e9sitation pour une visite du centre de Barcelone.<\/p>\n<p style=\"text-align: right;\">Corinne<\/p>\n<p>M\u00eame si nous avions \u00e9t\u00e9 de nombreuses fois \u00e0 Barcelone, ville que nous arpentons d\u2019habitude seules et o\u00f9 nous continuons \u00e0 d\u00e9couvrir de nouvelles choses. Cette fois, nous avions d\u00e9cid\u00e9 de nous offrir un tour \u00ab like a friend \u00bb avec l\u2019\u00e9quipe de Bonjour Barcelone.<br \/>\nVal\u00e9rie notre guide a vraiment \u00e9t\u00e9 top nous aimons beaucoup le street art alors elle nous a fait un tour sp\u00e9cial pour nous faire d\u00e9couvrir les \u0153uvres sur les mur de la ville. Nous sommes \u00e9galement rentr\u00e9 dans un atelier d\u2019artistes ou une petite dizaine d\u2019artistes de diff\u00e9rentes nationalit\u00e9s cr\u00e9\u00e9s c\u2019\u00e9tait top.<br \/>\nBien s\u00fbr elle nous a parl\u00e9 des moments de la ville et de ce qui fait qu\u2019elle aime Barcelone.<br \/>\nFranchement une super exp\u00e9rience riche culturellement et humainement.<br \/>\nUn grand merci \u00e0 Val\u00e9rie et \u00e0 Bonjour Barcelone<\/p>\n<p style=\"text-align: right;\">Pegla<\/p>\n<p>Nous avons \u00e9t\u00e9 enchant\u00e9s par notre visite! Val\u00e9rie est une guide merveilleuse et tr\u00e8s g\u00e9n\u00e9reuse! Elle nous a amen\u00e9s dans des recoins o\u00f9 nous ne nous serions pas aventur\u00e9s. Ses expos\u00e9s \u00e9taient tr\u00e8s int\u00e9ressants et bien dos\u00e9s. Elle a aimablement r\u00e9pondu \u00e0 toutes nos questions, elle nous a donn\u00e9 des informations tr\u00e8s pertinentes et elle nous a recommand\u00e9 de bons restos. Les trois heures ont pass\u00e9 tr\u00e8s vites! Nous recommandons tr\u00e8s fortement cette visite! Elle nous a \u00e9t\u00e9 tr\u00e8s utile pour le reste de notre s\u00e9jour, surtout que nous habitions dans le quartier El Born. Merci Val\u00e9rie!<\/p>\n<p style=\"text-align: right;\">Dany<\/p>\n<p>Val\u00e9rie a \u00e9t\u00e9 une guide vraiment tr\u00e8s sympathique et pro. avec une grande connaissance de l&rsquo;histoire de Barcelone. la visite nous a permis d&rsquo;aller hors des \u00ab\u00a0sentiers battus\u00a0\u00bb touristiques, nous avons vraiment aim\u00e9 ce parcours. de plus Val\u00e9rie nous a indiqu\u00e9 de bonnes adresses de restaurants typiques. Nous recommandons cette visite.<\/p>\n<p style=\"text-align: right;\">Laurent<\/p>\n<p>Val\u00e9rie est une super guide qui a su s&rsquo;adapter \u00e0 nos envies (2 ados filles 17 et 13 ans) avec des int\u00e9r\u00eats sur pleins d&rsquo;anecdotes historiques, de l&rsquo;architecture, du street-art, des sp\u00e9cialit\u00e9s culinaires et du shopping. Une visite qu&rsquo;on n&rsquo;oubliera pas, merci Val\u00e9rie et bravo \u00ab\u00a0Bonjour Barcelonne\u00a0\u00bb pour le concept qu&rsquo;on ne manquera pas de r\u00e9it\u00e9rer dans une autre ville !<\/p>\n<p style=\"text-align: right;\"> Virginie <\/p>\n<\/blockquote>\n<p><strong><\/p>\n<h3>How long does the tour last?<\/strong><\/h3>\n<p>It's a walking tour that lasts about 3 hours.<\/p>\n<p><strong><\/p>\n<h3>Will others be joining us?<\/strong><\/h3>\n<p>No, <strong>the visit is quite private<\/strong>.<br \/>\nWe only offer this type of tour if you want to <strong>the best possible experience<\/strong> and be as close as possible to your guide.<\/p>\n<p>Your guide will adapt to you, sharing a wealth of information, stories, secrets and anecdotes that you won't find anywhere else...<br \/>\nAnd you can <strong>ask all the questions you want<\/strong> !<\/p>\n<h3><strong> How can we offer you a personalized tour of Barcelona like a true Catalan? <\/strong><\/h3>\n<p><strong>Here are some important facts about us:<\/strong><\/p>\n<ul>\n<li>The Bonjour Barcelone website was created in 2016 and has become the <strong>reference<\/strong> on the internet for French-speaking travellers to Barcelona<\/li>\n<li>We have supported nearly <strong>5,000 passengers<\/strong> who made us <strong>trust<\/strong> and have booked a <strong>personalized guided tour with us<\/strong><\/li>\n<li>The Bonjour Barcelone website is visited by more than <strong>300,000 passengers<\/strong> every year<\/li>\n<li>We are a team of 7 people at your service to help you discover Barcelona like a Catalan.<\/li>\n<li>The Bonjour Barcelone website has been <strong>recommended by the Guide du Routard<\/strong><\/li>\n<\/ul>\n<p><img decoding=\"async\" src=\"https:\/\/bonjourbarcelone.fr\/wp-content\/uploads\/2024\/01\/logo-recommandation-routard.png\" alt=\"routard recommendation logo\" width=\"300\" height=\"170\" class=\"aligncenter size-medium wp-image-1937\" \/><\/p>\n<h3><strong>UNIQUE warranty<\/strong><\/h3>\n<p>If you didn't enjoy your visit, you simply don't pay and we promise to give you \u20ac50 to compensate you for your \"lost time\" (<strong>warranty valid only<\/strong> if you have completed the entire tour and explained to your guide what you didn't like and why you were disappointed).<\/p>\n<p>So you don't have <strong>no risk<\/strong> book a tour with us and you're sure to have a great time!<\/p>\n<p><strong><\/p>\n<h3>How much does a private tour cost? (-20% discount on this page)<\/strong><\/h3>\n<p>The private tour costs just 129\u20ac for 1 or 2 people (instead of <del datetime=\"2018-01-29T10:10:04+00:00\">169<\/del>\u20ac normally), +15\u20ac\/additional person for more than 2 people. Free for children under 10.<br \/>\n<strong>Example<\/strong>If you are 2, the total price is 129\u20ac. If you are 4, the total price is 159\u20ac.<\/p>\n<p>EDIT: as a reminder, the visit is private, you will have a guide just for you. <strong>for you<\/strong>.<\/p>\n<p><strong><\/p>\n<h3>How do I make a reservation?<\/strong><\/h3>\n<p>Simply fill in the following form.<\/p>\n<p>Your guide will then send you a message to confirm your visit and give you the exact meeting point.<\/p>\n<p>You can fill in the form below:<\/p>\n<div data-tf-widget=\"tTml6tMW\" data-tf-inline-on-mobile data-tf-iframe-props=\"title=Demande visite guidee barcelone (-20%)\" data-tf-medium=\"snippet\" style=\"width:100%;height:400px;\"><\/div>\n<p><script src=\"\/\/embed.typeform.com\/next\/embed.js\"><\/script><\/p>\n<p><strong><\/p>\n<h3>FAQ<\/strong><\/h3>\n<p><strong><\/p>\n<h4>Do I need to book far in advance?<\/strong><\/h4>\n<p>Once you've made your decision to visit with us, please book as soon as possible, as we only have limited availability. This is particularly true at weekends and during school vacations.<br \/>\n<strong><\/p>\n<h4>Do you offer group tours?<\/strong><\/h4>\n<p>No, we only offer private guided tours to give you the best possible experience.<br \/>\n<strong><\/p>\n<h4>What happens in bad weather?<\/strong><\/h4>\n<p>Normally, the tour will go ahead. But your guide may decide to cancel if the weather is really bad, and suggest another day if possible.<br \/>\n<strong><\/p>\n<h4>Is a tour suitable for children?<\/strong><\/h4>\n<p>Your guide is always adaptable and manages to captivate even the youngest visitors, so yes!<br \/>\nYour guide will suggest more breaks to avoid tiring them too much. However, they do need to be capable of walking for several hours.<br \/>\n<strong><\/p>\n<h4>I'm already familiar with the city, is the tour interesting for me?<\/strong><\/h4>\n<p>The answer is yes! You can always rediscover the city from a different angle, a new aspect, with anecdotes and stories you've never heard before.<br \/>\nYou can specify this in the \"Additional information if required\" field, or at the very beginning of the tour, for example, so that your guide can adapt.<br \/>\n<strong><\/p>\n<h4>Is it possible to pay by any means other than cash at the end of the tour?<\/strong><\/h4>\n<p>Yes, you can check this directly by e-mail with your guide after making your request.<br \/>\n<strong><\/p>\n<h4>Is it possible to get an invoice for this visit?<\/strong><\/h4>\n<p>Yes, you can also view this directly by e-mail with your guide after making your request.<\/p>\n<p><strong><\/p>\n<h3>What if I have more questions?<\/strong><\/h3>\n<p>You can send them to bonjourbarcelone.marie@gmail.com and Marie will get back to you as soon as possible.<br \/>\nPlease also remember to leave your phone number if possible, as we may contact you by phone\/WhatsApp to better answer your questions.<\/p>\n<p>See you soon and enjoy your visit!<\/p>","protected":false},"excerpt":{"rendered":"<p>L&rsquo;incroyable visite du centre historique de Barcelone Vous aimeriez d\u00e9couvrir le meilleur du centre historique de Barcelone en quelques heures seulement ? Nous proposons des visites guid\u00e9es priv\u00e9es en fran\u00e7ais ! Comment se d\u00e9roule la visite et qu&rsquo;est-ce qui est vu ? Le point de d\u00e9part de la visite est fix\u00e9 avec le guide, dans [&hellip;]<\/p>","protected":false},"author":2,"featured_media":0,"parent":0,"menu_order":0,"comment_status":"closed","ping_status":"closed","template":"page_landing.php","meta":{"om_disable_all_campaigns":true,"_genesis_hide_title":false,"_genesis_hide_breadcrumbs":false,"_genesis_hide_singular_image":false,"_genesis_hide_footer_widgets":false,"_genesis_custom_body_class":"","_genesis_custom_post_class":"","_genesis_layout":"","footnotes":""},"class_list":{"0":"post-1419","1":"page","2":"type-page","3":"status-publish","5":"entry"},"yoast_head":"<!-- This site is optimized with the Yoast SEO plugin v26.5 - https:\/\/yoast.com\/wordpress\/plugins\/seo\/ -->\n<title>\u2013&gt; 20% de r\u00e9duction ici seulement. En refermant cette page, vous n\u2019aurez plus droit \u00e0 cette r\u00e9duction!<\/title>\n<meta name=\"robots\" content=\"noindex, nofollow\" \/>\n<meta property=\"og:locale\" content=\"en_US\" \/>\n<meta property=\"og:type\" content=\"article\" \/>\n<meta property=\"og:title\" content=\"\u2013&gt; 20% de r\u00e9duction ici seulement. En refermant cette page, vous n\u2019aurez plus droit \u00e0 cette r\u00e9duction!\" \/>\n<meta property=\"og:description\" content=\"L&rsquo;incroyable visite du centre historique de Barcelone Vous aimeriez d\u00e9couvrir le meilleur du centre historique de Barcelone en quelques heures seulement ? Nous proposons des visites guid\u00e9es priv\u00e9es en fran\u00e7ais ! Comment se d\u00e9roule la visite et qu&rsquo;est-ce qui est vu ? Le point de d\u00e9part de la visite est fix\u00e9 avec le guide, dans [&hellip;]\" \/>\n<meta property=\"og:url\" content=\"https:\/\/bonjourbarcelone.fr\/en\/follow-up-1-mail\/\" \/>\n<meta property=\"og:site_name\" content=\"Visiter Barcelone\" \/>\n<meta property=\"article:modified_time\" content=\"2025-09-02T10:04:08+00:00\" \/>\n<meta property=\"og:image\" content=\"https:\/\/bonjourbarcelone.fr\/wp-content\/uploads\/2022\/08\/montage-visite-guidee-barcelone-copie.jpg\" \/>\n\t<meta property=\"og:image:width\" content=\"1700\" \/>\n\t<meta property=\"og:image:height\" content=\"1275\" \/>\n\t<meta property=\"og:image:type\" content=\"image\/jpeg\" \/>\n<meta name=\"twitter:card\" content=\"summary_large_image\" \/>\n<meta name=\"twitter:label1\" content=\"Est. reading time\" \/>\n\t<meta name=\"twitter:data1\" content=\"8 minutes\" \/>\n<script type=\"application\/ld+json\" class=\"yoast-schema-graph\">{\"@context\":\"https:\/\/schema.org\",\"@graph\":[{\"@type\":\"WebPage\",\"@id\":\"https:\/\/bonjourbarcelone.fr\/follow-up-1-mail\/\",\"url\":\"https:\/\/bonjourbarcelone.fr\/follow-up-1-mail\/\",\"name\":\"\u2013> 20% de r\u00e9duction ici seulement. En refermant cette page, vous n\u2019aurez plus droit \u00e0 cette r\u00e9duction!\",\"isPartOf\":{\"@id\":\"https:\/\/bonjourbarcelone.fr\/#website\"},\"primaryImageOfPage\":{\"@id\":\"https:\/\/bonjourbarcelone.fr\/follow-up-1-mail\/#primaryimage\"},\"image\":{\"@id\":\"https:\/\/bonjourbarcelone.fr\/follow-up-1-mail\/#primaryimage\"},\"thumbnailUrl\":\"https:\/\/bonjourbarcelone.fr\/wp-content\/uploads\/2022\/08\/montage-visite-guidee-barcelone-copie.jpg\",\"datePublished\":\"2019-03-05T14:53:59+00:00\",\"dateModified\":\"2025-09-02T10:04:08+00:00\",\"breadcrumb\":{\"@id\":\"https:\/\/bonjourbarcelone.fr\/follow-up-1-mail\/#breadcrumb\"},\"inLanguage\":\"en-US\",\"potentialAction\":[{\"@type\":\"ReadAction\",\"target\":[\"https:\/\/bonjourbarcelone.fr\/follow-up-1-mail\/\"]}]},{\"@type\":\"ImageObject\",\"inLanguage\":\"en-US\",\"@id\":\"https:\/\/bonjourbarcelone.fr\/follow-up-1-mail\/#primaryimage\",\"url\":\"https:\/\/bonjourbarcelone.fr\/wp-content\/uploads\/2022\/08\/montage-visite-guidee-barcelone-copie.jpg\",\"contentUrl\":\"https:\/\/bonjourbarcelone.fr\/wp-content\/uploads\/2022\/08\/montage-visite-guidee-barcelone-copie.jpg\"},{\"@type\":\"BreadcrumbList\",\"@id\":\"https:\/\/bonjourbarcelone.fr\/follow-up-1-mail\/#breadcrumb\",\"itemListElement\":[{\"@type\":\"ListItem\",\"position\":1,\"name\":\"Accueil\",\"item\":\"https:\/\/bonjourbarcelone.fr\/\"},{\"@type\":\"ListItem\",\"position\":2,\"name\":\"\u2013> 20% de r\u00e9duction ici seulement. En refermant cette page, vous n\u2019aurez plus droit \u00e0 cette r\u00e9duction!\"}]},{\"@type\":\"WebSite\",\"@id\":\"https:\/\/bonjourbarcelone.fr\/#website\",\"url\":\"https:\/\/bonjourbarcelone.fr\/\",\"name\":\"Visiter Barcelone\",\"description\":\"Tout pour passer un s\u00e9jour inoubliable en 2026 !\",\"potentialAction\":[{\"@type\":\"SearchAction\",\"target\":{\"@type\":\"EntryPoint\",\"urlTemplate\":\"https:\/\/bonjourbarcelone.fr\/?s={search_term_string}\"},\"query-input\":{\"@type\":\"PropertyValueSpecification\",\"valueRequired\":true,\"valueName\":\"search_term_string\"}}],\"inLanguage\":\"en-US\"}]}<\/script>\n<!-- \/ Yoast SEO plugin. -->","yoast_head_json":{"title":"-&gt; 20% discount here only. By closing this page, you will no longer be entitled to this discount!","robots":{"index":"noindex","follow":"nofollow"},"og_locale":"en_US","og_type":"article","og_title":"\u2013> 20% de r\u00e9duction ici seulement. En refermant cette page, vous n\u2019aurez plus droit \u00e0 cette r\u00e9duction!","og_description":"L&rsquo;incroyable visite du centre historique de Barcelone Vous aimeriez d\u00e9couvrir le meilleur du centre historique de Barcelone en quelques heures seulement ? Nous proposons des visites guid\u00e9es priv\u00e9es en fran\u00e7ais ! Comment se d\u00e9roule la visite et qu&rsquo;est-ce qui est vu ? Le point de d\u00e9part de la visite est fix\u00e9 avec le guide, dans [&hellip;]","og_url":"https:\/\/bonjourbarcelone.fr\/en\/follow-up-1-mail\/","og_site_name":"Visiter Barcelone","article_modified_time":"2025-09-02T10:04:08+00:00","og_image":[{"width":1700,"height":1275,"url":"https:\/\/bonjourbarcelone.fr\/wp-content\/uploads\/2022\/08\/montage-visite-guidee-barcelone-copie.jpg","type":"image\/jpeg"}],"twitter_card":"summary_large_image","twitter_misc":{"Est. reading time":"8 minutes"},"schema":{"@context":"https:\/\/schema.org","@graph":[{"@type":"WebPage","@id":"https:\/\/bonjourbarcelone.fr\/follow-up-1-mail\/","url":"https:\/\/bonjourbarcelone.fr\/follow-up-1-mail\/","name":"-&gt; 20% discount here only. By closing this page, you will no longer be entitled to this discount!","isPartOf":{"@id":"https:\/\/bonjourbarcelone.fr\/#website"},"primaryImageOfPage":{"@id":"https:\/\/bonjourbarcelone.fr\/follow-up-1-mail\/#primaryimage"},"image":{"@id":"https:\/\/bonjourbarcelone.fr\/follow-up-1-mail\/#primaryimage"},"thumbnailUrl":"https:\/\/bonjourbarcelone.fr\/wp-content\/uploads\/2022\/08\/montage-visite-guidee-barcelone-copie.jpg","datePublished":"2019-03-05T14:53:59+00:00","dateModified":"2025-09-02T10:04:08+00:00","breadcrumb":{"@id":"https:\/\/bonjourbarcelone.fr\/follow-up-1-mail\/#breadcrumb"},"inLanguage":"en-US","potentialAction":[{"@type":"ReadAction","target":["https:\/\/bonjourbarcelone.fr\/follow-up-1-mail\/"]}]},{"@type":"ImageObject","inLanguage":"en-US","@id":"https:\/\/bonjourbarcelone.fr\/follow-up-1-mail\/#primaryimage","url":"https:\/\/bonjourbarcelone.fr\/wp-content\/uploads\/2022\/08\/montage-visite-guidee-barcelone-copie.jpg","contentUrl":"https:\/\/bonjourbarcelone.fr\/wp-content\/uploads\/2022\/08\/montage-visite-guidee-barcelone-copie.jpg"},{"@type":"BreadcrumbList","@id":"https:\/\/bonjourbarcelone.fr\/follow-up-1-mail\/#breadcrumb","itemListElement":[{"@type":"ListItem","position":1,"name":"Accueil","item":"https:\/\/bonjourbarcelone.fr\/"},{"@type":"ListItem","position":2,"name":"\u2013> 20% de r\u00e9duction ici seulement. En refermant cette page, vous n\u2019aurez plus droit \u00e0 cette r\u00e9duction!"}]},{"@type":"WebSite","@id":"https:\/\/bonjourbarcelone.fr\/#website","url":"https:\/\/bonjourbarcelone.fr\/","name":"Visiting Barcelona","description":"Tout pour passer un s\u00e9jour inoubliable en 2026 !","potentialAction":[{"@type":"SearchAction","target":{"@type":"EntryPoint","urlTemplate":"https:\/\/bonjourbarcelone.fr\/?s={search_term_string}"},"query-input":{"@type":"PropertyValueSpecification","valueRequired":true,"valueName":"search_term_string"}}],"inLanguage":"en-US"}]}},"_links":{"self":[{"href":"https:\/\/bonjourbarcelone.fr\/en\/wp-json\/wp\/v2\/pages\/1419","targetHints":{"allow":["GET"]}}],"collection":[{"href":"https:\/\/bonjourbarcelone.fr\/en\/wp-json\/wp\/v2\/pages"}],"about":[{"href":"https:\/\/bonjourbarcelone.fr\/en\/wp-json\/wp\/v2\/types\/page"}],"author":[{"embeddable":true,"href":"https:\/\/bonjourbarcelone.fr\/en\/wp-json\/wp\/v2\/users\/2"}],"replies":[{"embeddable":true,"href":"https:\/\/bonjourbarcelone.fr\/en\/wp-json\/wp\/v2\/comments?post=1419"}],"version-history":[{"count":11,"href":"https:\/\/bonjourbarcelone.fr\/en\/wp-json\/wp\/v2\/pages\/1419\/revisions"}],"predecessor-version":[{"id":3988,"href":"https:\/\/bonjourbarcelone.fr\/en\/wp-json\/wp\/v2\/pages\/1419\/revisions\/3988"}],"wp:attachment":[{"href":"https:\/\/bonjourbarcelone.fr\/en\/wp-json\/wp\/v2\/media?parent=1419"}],"curies":[{"name":"wp","href":"https:\/\/api.w.org\/{rel}","templated":true}]}}