{"id":1648,"date":"2019-06-15T11:18:50","date_gmt":"2019-06-15T11:18:50","guid":{"rendered":"https:\/\/bonjourbarcelone.fr\/?page_id=1648"},"modified":"2019-08-15T09:05:19","modified_gmt":"2019-08-15T09:05:19","slug":"monuments-and-museums-category","status":"publish","type":"page","link":"https:\/\/bonjourbarcelone.fr\/en\/monuments-and-museums-category\/","title":{"rendered":"Monuments and museums category"},"content":{"rendered":"<p><a href=\"https:\/\/bonjourbarcelone.fr\/en\/sagrada-familia-interior-tickets\/\">La sagrada familia<\/a><br \/>\n<a href=\"https:\/\/bonjourbarcelone.fr\/en\/monument-barcelona\/\">TOP 6 monuments in Barcelona<\/a><br \/>\n<a href=\"https:\/\/bonjourbarcelone.fr\/en\/national-art-museum-of-catalonia\/\">The National Art Museum of Catalonia<\/a><br \/>\n<a href=\"https:\/\/bonjourbarcelone.fr\/en\/aquarium-barcelona\/\">Barcelona Aquarium<\/a><br \/>\n<a href=\"https:\/\/bonjourbarcelone.fr\/en\/zoo-barcelona\/\">Barcelona Zoo<\/a><br \/>\n<a href=\"https:\/\/bonjourbarcelone.fr\/en\/poble-espanyol\/\">Poble Espanyol<\/a><br \/>\n<a href=\"https:\/\/bonjourbarcelone.fr\/en\/miro-foundation-barcelona\/\">Miro Foundation<\/a><br \/>\n<a href=\"https:\/\/bonjourbarcelone.fr\/en\/parc-guell-barcelona\/\">Gu\u00ebll Park<\/a><br \/>\n<a href=\"https:\/\/bonjourbarcelone.fr\/en\/casa-mila-barcelona-pedrera\/\">La casa Mila (pedreda)<\/a><br \/>\n<a href=\"https:\/\/bonjourbarcelone.fr\/en\/casa-batllo-barcelona\/\">La casa Batllo<\/a><br \/>\n<a href=\"https:\/\/bonjourbarcelone.fr\/en\/palace-of-catalan-music\/\">The palace of Catalan music<\/a><br \/>\n<a href=\"https:\/\/bonjourbarcelone.fr\/en\/picasso-museum-barcelona\/\">The Picasso Museum<\/a><br \/>\n<a href=\"https:\/\/bonjourbarcelone.fr\/en\/saint-cross-cathedral-barcelona\/\">Holy Cross Cathedral<\/a><br \/>\n<a href=\"https:\/\/bonjourbarcelone.fr\/en\/cosmocaixa\/\">CosmoCaixa<\/a><\/p>","protected":false},"excerpt":{"rendered":"<p>La sagrada familia TOP 6 monuments de Barcelone Le mus\u00e9e national d&rsquo;art de Catalogne L&rsquo;aquarium de Barcelone Le zoo de Barcelone Poble Espanyol Fondation Miro Le parc Gu\u00ebll La casa Mila (pedreda) La casa Batllo Le palais de la musique catalane Le mus\u00e9e Picasso La cath\u00e9drale Sainte Croix CosmoCaixa<\/p>","protected":false},"author":2,"featured_media":0,"parent":0,"menu_order":0,"comment_status":"closed","ping_status":"closed","template":"","meta":{"om_disable_all_campaigns":false,"_genesis_hide_title":false,"_genesis_hide_breadcrumbs":false,"_genesis_hide_singular_image":false,"_genesis_hide_footer_widgets":false,"_genesis_custom_body_class":"","_genesis_custom_post_class":"","_genesis_layout":"","footnotes":""},"class_list":{"0":"post-1648","1":"page","2":"type-page","3":"status-publish","5":"entry"},"yoast_head":"<!-- This site is optimized with the Yoast SEO plugin v26.5 - https:\/\/yoast.com\/wordpress\/plugins\/seo\/ -->\n<title>Cat\u00e9gorie monuments et mus\u00e9es<\/title>\n<meta name=\"robots\" content=\"index, follow, max-snippet:-1, max-image-preview:large, max-video-preview:-1\" \/>\n<link rel=\"canonical\" href=\"https:\/\/bonjourbarcelone.fr\/en\/monuments-and-museums-category\/\" \/>\n<meta property=\"og:locale\" content=\"en_US\" \/>\n<meta property=\"og:type\" content=\"article\" \/>\n<meta property=\"og:title\" content=\"Cat\u00e9gorie monuments et mus\u00e9es\" \/>\n<meta property=\"og:description\" content=\"La sagrada familia TOP 6 monuments de Barcelone Le mus\u00e9e national d&rsquo;art de Catalogne L&rsquo;aquarium de Barcelone Le zoo de Barcelone Poble Espanyol Fondation Miro Le parc Gu\u00ebll La casa Mila (pedreda) La casa Batllo Le palais de la musique catalane Le mus\u00e9e Picasso La cath\u00e9drale Sainte Croix CosmoCaixa\" \/>\n<meta property=\"og:url\" content=\"https:\/\/bonjourbarcelone.fr\/en\/monuments-and-museums-category\/\" \/>\n<meta property=\"og:site_name\" content=\"Visiter Barcelone\" \/>\n<meta property=\"article:modified_time\" content=\"2019-08-15T09:05:19+00:00\" \/>\n<meta name=\"twitter:card\" content=\"summary_large_image\" \/>\n<script type=\"application\/ld+json\" class=\"yoast-schema-graph\">{\"@context\":\"https:\/\/schema.org\",\"@graph\":[{\"@type\":\"WebPage\",\"@id\":\"https:\/\/bonjourbarcelone.fr\/categorie-monuments-et-musees\/\",\"url\":\"https:\/\/bonjourbarcelone.fr\/categorie-monuments-et-musees\/\",\"name\":\"Cat\u00e9gorie monuments et mus\u00e9es\",\"isPartOf\":{\"@id\":\"https:\/\/bonjourbarcelone.fr\/#website\"},\"datePublished\":\"2019-06-15T11:18:50+00:00\",\"dateModified\":\"2019-08-15T09:05:19+00:00\",\"breadcrumb\":{\"@id\":\"https:\/\/bonjourbarcelone.fr\/categorie-monuments-et-musees\/#breadcrumb\"},\"inLanguage\":\"en-US\",\"potentialAction\":[{\"@type\":\"ReadAction\",\"target\":[\"https:\/\/bonjourbarcelone.fr\/categorie-monuments-et-musees\/\"]}]},{\"@type\":\"BreadcrumbList\",\"@id\":\"https:\/\/bonjourbarcelone.fr\/categorie-monuments-et-musees\/#breadcrumb\",\"itemListElement\":[{\"@type\":\"ListItem\",\"position\":1,\"name\":\"Accueil\",\"item\":\"https:\/\/bonjourbarcelone.fr\/\"},{\"@type\":\"ListItem\",\"position\":2,\"name\":\"Cat\u00e9gorie monuments et mus\u00e9es\"}]},{\"@type\":\"WebSite\",\"@id\":\"https:\/\/bonjourbarcelone.fr\/#website\",\"url\":\"https:\/\/bonjourbarcelone.fr\/\",\"name\":\"Visiter Barcelone\",\"description\":\"Tout pour passer un s\u00e9jour inoubliable en 2026 !\",\"potentialAction\":[{\"@type\":\"SearchAction\",\"target\":{\"@type\":\"EntryPoint\",\"urlTemplate\":\"https:\/\/bonjourbarcelone.fr\/?s={search_term_string}\"},\"query-input\":{\"@type\":\"PropertyValueSpecification\",\"valueRequired\":true,\"valueName\":\"search_term_string\"}}],\"inLanguage\":\"en-US\"}]}<\/script>\n<!-- \/ Yoast SEO plugin. -->","yoast_head_json":{"title":"Monuments and museums category","robots":{"index":"index","follow":"follow","max-snippet":"max-snippet:-1","max-image-preview":"max-image-preview:large","max-video-preview":"max-video-preview:-1"},"canonical":"https:\/\/bonjourbarcelone.fr\/en\/monuments-and-museums-category\/","og_locale":"en_US","og_type":"article","og_title":"Cat\u00e9gorie monuments et mus\u00e9es","og_description":"La sagrada familia TOP 6 monuments de Barcelone Le mus\u00e9e national d&rsquo;art de Catalogne L&rsquo;aquarium de Barcelone Le zoo de Barcelone Poble Espanyol Fondation Miro Le parc Gu\u00ebll La casa Mila (pedreda) La casa Batllo Le palais de la musique catalane Le mus\u00e9e Picasso La cath\u00e9drale Sainte Croix CosmoCaixa","og_url":"https:\/\/bonjourbarcelone.fr\/en\/monuments-and-museums-category\/","og_site_name":"Visiter Barcelone","article_modified_time":"2019-08-15T09:05:19+00:00","twitter_card":"summary_large_image","schema":{"@context":"https:\/\/schema.org","@graph":[{"@type":"WebPage","@id":"https:\/\/bonjourbarcelone.fr\/categorie-monuments-et-musees\/","url":"https:\/\/bonjourbarcelone.fr\/categorie-monuments-et-musees\/","name":"Monuments and museums category","isPartOf":{"@id":"https:\/\/bonjourbarcelone.fr\/#website"},"datePublished":"2019-06-15T11:18:50+00:00","dateModified":"2019-08-15T09:05:19+00:00","breadcrumb":{"@id":"https:\/\/bonjourbarcelone.fr\/categorie-monuments-et-musees\/#breadcrumb"},"inLanguage":"en-US","potentialAction":[{"@type":"ReadAction","target":["https:\/\/bonjourbarcelone.fr\/categorie-monuments-et-musees\/"]}]},{"@type":"BreadcrumbList","@id":"https:\/\/bonjourbarcelone.fr\/categorie-monuments-et-musees\/#breadcrumb","itemListElement":[{"@type":"ListItem","position":1,"name":"Accueil","item":"https:\/\/bonjourbarcelone.fr\/"},{"@type":"ListItem","position":2,"name":"Cat\u00e9gorie monuments et mus\u00e9es"}]},{"@type":"WebSite","@id":"https:\/\/bonjourbarcelone.fr\/#website","url":"https:\/\/bonjourbarcelone.fr\/","name":"Visiting Barcelona","description":"Tout pour passer un s\u00e9jour inoubliable en 2026 !","potentialAction":[{"@type":"SearchAction","target":{"@type":"EntryPoint","urlTemplate":"https:\/\/bonjourbarcelone.fr\/?s={search_term_string}"},"query-input":{"@type":"PropertyValueSpecification","valueRequired":true,"valueName":"search_term_string"}}],"inLanguage":"en-US"}]}},"_links":{"self":[{"href":"https:\/\/bonjourbarcelone.fr\/en\/wp-json\/wp\/v2\/pages\/1648","targetHints":{"allow":["GET"]}}],"collection":[{"href":"https:\/\/bonjourbarcelone.fr\/en\/wp-json\/wp\/v2\/pages"}],"about":[{"href":"https:\/\/bonjourbarcelone.fr\/en\/wp-json\/wp\/v2\/types\/page"}],"author":[{"embeddable":true,"href":"https:\/\/bonjourbarcelone.fr\/en\/wp-json\/wp\/v2\/users\/2"}],"replies":[{"embeddable":true,"href":"https:\/\/bonjourbarcelone.fr\/en\/wp-json\/wp\/v2\/comments?post=1648"}],"version-history":[{"count":0,"href":"https:\/\/bonjourbarcelone.fr\/en\/wp-json\/wp\/v2\/pages\/1648\/revisions"}],"wp:attachment":[{"href":"https:\/\/bonjourbarcelone.fr\/en\/wp-json\/wp\/v2\/media?parent=1648"}],"curies":[{"name":"wp","href":"https:\/\/api.w.org\/{rel}","templated":true}]}}