{"id":3656,"date":"2024-03-06T14:28:14","date_gmt":"2024-03-06T14:28:14","guid":{"rendered":"https:\/\/bonjourbarcelone.fr\/?page_id=3656"},"modified":"2025-10-13T13:36:05","modified_gmt":"2025-10-13T13:36:05","slug":"transfer-from-city-center-to-airport-in-french","status":"publish","type":"page","link":"https:\/\/bonjourbarcelone.fr\/en\/transfer-from-city-center-to-airport-in-french\/","title":{"rendered":"Transfer from the city center to the airport in French!"},"content":{"rendered":"<p>Bonjour Barcelone's partner offers <strong>your return trip from your accommodation or anywhere in the city center to the airport<\/strong>.<\/p>\n<aside class=\"block-note\">\n<p class=\"block-offer-desc\">\n<strong>Our guides have unique advantages<\/strong>:<\/p>\n<ul>\n<li>they <strong>speak French<\/strong> which makes communication easy<\/li>\n<li>they'll be waiting for you at the bottom of your hotel\/furniture <strong>avoid waiting<\/strong> a cab in the street<\/li>\n<li>they <strong>help you<\/strong> with the suitcases to save you effort<\/li>\n<li>the <strong>price is fixed<\/strong>to avoid any possible scams<\/li>\n<\/ul>\n<\/aside>\n<h4><strong>Here are a few testimonials:<\/strong><\/h4>\n<blockquote><p>Super service! We arrived in Barcelona on September 23rd, Paul was already waiting for us, we got lots of good advice on the way and even a stop to take full advantage of a superb view of Barcelona!<br \/>\nWe had the impression of being welcomed by a friend who gave us all the information we needed.<br \/>\nSo we booked the return trip, and even the 4:00 a.m. time didn't scare him off!<br \/>\nThanks again Paul for the great welcome, very important when we arrived. We'll be back in Barcelona for sure!<\/p>\n<p style=\"text-align: right;\">Isa and Steph<\/p>\n<p>Thank you Bonjour Barcelone! And thank you Paul! Very easy with the site and the booking form....<br \/>\nWe arrived on August 16th. Paul met us at the airport and took us to our rental. Everything was great. Lots of little tips during the trip.<\/p>\n<p>So, for the return trip, we decided not to worry.... and asked him to pick us up as well and accompany us to the airport.<\/p>\n<p>Highly recommended!<\/p>\n<p style=\"text-align: right;\">Muriel<\/p>\n<p>Despite an hour's wait to collect our luggage, our driver Paul was on time. On the way, he gave us a few ideas of things to do.<br \/>\nI highly recommend using this very useful, inexpensive and practical service. The driver was welcoming and friendly.<\/p>\n<p style=\"text-align: right;\">Da Rocha<\/p>\n<p>Excellent transfer service, peace of mind as we had also booked the return trip to the airport when we arrived in Barcelona.<br \/>\nI recommend !!!!!<br \/>\nThank you<\/p>\n<p style=\"text-align: right;\">Corinne<\/p>\n<\/blockquote>\n<div class=\"su-box su-box-style-default\" id=\"\" style=\"border-color:#017520;border-radius:3px;\"><div class=\"su-box-title\" style=\"background-color:#34A853;color:#FFFFFF;border-top-left-radius:1px;border-top-right-radius:1px\">Reservation<\/div><div class=\"su-box-content su-u-clearfix su-u-trim\" style=\"border-bottom-left-radius:1px;border-bottom-right-radius:1px\">\n<strong>Fixed rate<\/strong>:<br \/>\nFrom 1 to 3 people: \u20ac59<br \/>\nFor 4 to 6 people: \u20ac69<br \/>\n7-8 people: \u20ac99<\/p>\n<p><strong>Example<\/strong>If there are 2 of you, the total price is \u20ac59.<\/p>\n<p>Payment is made in cash at the end of your transfer.<br \/>\n<\/div><\/div>","protected":false},"excerpt":{"rendered":"<p>Bonjour Barcelone's partner can take you from your accommodation or anywhere in the city center to the airport. Our escorts have unique advantages: they speak French, which makes communication easy they wait for you downstairs from your hotel\/apartment so you don't have to wait for a cab on the street they help you [...].<\/p>","protected":false},"author":2,"featured_media":0,"parent":0,"menu_order":0,"comment_status":"closed","ping_status":"closed","template":"page_landing.php","meta":{"om_disable_all_campaigns":false,"_genesis_hide_title":false,"_genesis_hide_breadcrumbs":false,"_genesis_hide_singular_image":false,"_genesis_hide_footer_widgets":false,"_genesis_custom_body_class":"","_genesis_custom_post_class":"","_genesis_layout":"","footnotes":""},"class_list":{"0":"post-3656","1":"page","2":"type-page","3":"status-publish","5":"entry"},"yoast_head":"<!-- This site is optimized with the Yoast SEO plugin v26.5 - https:\/\/yoast.com\/wordpress\/plugins\/seo\/ -->\n<title>Transfert depuis le centre-ville vers l&#039;a\u00e9roport en fran\u00e7ais !<\/title>\n<meta name=\"robots\" content=\"noindex, nofollow\" \/>\n<meta property=\"og:locale\" content=\"en_US\" \/>\n<meta property=\"og:type\" content=\"article\" \/>\n<meta property=\"og:title\" content=\"Transfert depuis le centre-ville vers l&#039;a\u00e9roport en fran\u00e7ais !\" \/>\n<meta property=\"og:description\" content=\"Le partenaire de Bonjour Barcelone propose d&rsquo;effectuer votre retour depuis votre h\u00e9bergement ou n&rsquo;importe quel endroit en centre-ville jusqu&rsquo;\u00e0 l&rsquo;a\u00e9roport. Nos accompagnateurs ont des avantages uniques: ils parlent fran\u00e7ais ce qui rend la communication facile ils vous attendent en bas de votre h\u00f4tel\/immeuble pour vous \u00e9viter d&rsquo;attendre un taxi dans la rue ils vous aident [&hellip;]\" \/>\n<meta property=\"og:url\" content=\"https:\/\/bonjourbarcelone.fr\/en\/transfer-from-city-center-to-airport-in-french\/\" \/>\n<meta property=\"og:site_name\" content=\"Visiter Barcelone\" \/>\n<meta property=\"article:modified_time\" content=\"2025-10-13T13:36:05+00:00\" \/>\n<meta name=\"twitter:card\" content=\"summary_large_image\" \/>\n<meta name=\"twitter:label1\" content=\"Est. reading time\" \/>\n\t<meta name=\"twitter:data1\" content=\"1 minute\" \/>\n<script type=\"application\/ld+json\" class=\"yoast-schema-graph\">{\"@context\":\"https:\/\/schema.org\",\"@graph\":[{\"@type\":\"WebPage\",\"@id\":\"https:\/\/bonjourbarcelone.fr\/transfert-depuis-le-centre-ville-vers-un-aeroport-en-francais\/\",\"url\":\"https:\/\/bonjourbarcelone.fr\/transfert-depuis-le-centre-ville-vers-un-aeroport-en-francais\/\",\"name\":\"Transfert depuis le centre-ville vers l'a\u00e9roport en fran\u00e7ais !\",\"isPartOf\":{\"@id\":\"https:\/\/bonjourbarcelone.fr\/#website\"},\"datePublished\":\"2024-03-06T14:28:14+00:00\",\"dateModified\":\"2025-10-13T13:36:05+00:00\",\"breadcrumb\":{\"@id\":\"https:\/\/bonjourbarcelone.fr\/transfert-depuis-le-centre-ville-vers-un-aeroport-en-francais\/#breadcrumb\"},\"inLanguage\":\"en-US\",\"potentialAction\":[{\"@type\":\"ReadAction\",\"target\":[\"https:\/\/bonjourbarcelone.fr\/transfert-depuis-le-centre-ville-vers-un-aeroport-en-francais\/\"]}]},{\"@type\":\"BreadcrumbList\",\"@id\":\"https:\/\/bonjourbarcelone.fr\/transfert-depuis-le-centre-ville-vers-un-aeroport-en-francais\/#breadcrumb\",\"itemListElement\":[{\"@type\":\"ListItem\",\"position\":1,\"name\":\"Accueil\",\"item\":\"https:\/\/bonjourbarcelone.fr\/\"},{\"@type\":\"ListItem\",\"position\":2,\"name\":\"Transfert depuis le centre-ville vers l&rsquo;a\u00e9roport en fran\u00e7ais !\"}]},{\"@type\":\"WebSite\",\"@id\":\"https:\/\/bonjourbarcelone.fr\/#website\",\"url\":\"https:\/\/bonjourbarcelone.fr\/\",\"name\":\"Visiter Barcelone\",\"description\":\"Tout pour passer un s\u00e9jour inoubliable en 2026 !\",\"potentialAction\":[{\"@type\":\"SearchAction\",\"target\":{\"@type\":\"EntryPoint\",\"urlTemplate\":\"https:\/\/bonjourbarcelone.fr\/?s={search_term_string}\"},\"query-input\":{\"@type\":\"PropertyValueSpecification\",\"valueRequired\":true,\"valueName\":\"search_term_string\"}}],\"inLanguage\":\"en-US\"}]}<\/script>\n<!-- \/ Yoast SEO plugin. -->","yoast_head_json":{"title":"Transfer from the city center to the airport in French!","robots":{"index":"noindex","follow":"nofollow"},"og_locale":"en_US","og_type":"article","og_title":"Transfert depuis le centre-ville vers l'a\u00e9roport en fran\u00e7ais !","og_description":"Le partenaire de Bonjour Barcelone propose d&rsquo;effectuer votre retour depuis votre h\u00e9bergement ou n&rsquo;importe quel endroit en centre-ville jusqu&rsquo;\u00e0 l&rsquo;a\u00e9roport. Nos accompagnateurs ont des avantages uniques: ils parlent fran\u00e7ais ce qui rend la communication facile ils vous attendent en bas de votre h\u00f4tel\/immeuble pour vous \u00e9viter d&rsquo;attendre un taxi dans la rue ils vous aident [&hellip;]","og_url":"https:\/\/bonjourbarcelone.fr\/en\/transfer-from-city-center-to-airport-in-french\/","og_site_name":"Visiter Barcelone","article_modified_time":"2025-10-13T13:36:05+00:00","twitter_card":"summary_large_image","twitter_misc":{"Est. reading time":"1 minute"},"schema":{"@context":"https:\/\/schema.org","@graph":[{"@type":"WebPage","@id":"https:\/\/bonjourbarcelone.fr\/transfert-depuis-le-centre-ville-vers-un-aeroport-en-francais\/","url":"https:\/\/bonjourbarcelone.fr\/transfert-depuis-le-centre-ville-vers-un-aeroport-en-francais\/","name":"Transfer from the city center to the airport in French!","isPartOf":{"@id":"https:\/\/bonjourbarcelone.fr\/#website"},"datePublished":"2024-03-06T14:28:14+00:00","dateModified":"2025-10-13T13:36:05+00:00","breadcrumb":{"@id":"https:\/\/bonjourbarcelone.fr\/transfert-depuis-le-centre-ville-vers-un-aeroport-en-francais\/#breadcrumb"},"inLanguage":"en-US","potentialAction":[{"@type":"ReadAction","target":["https:\/\/bonjourbarcelone.fr\/transfert-depuis-le-centre-ville-vers-un-aeroport-en-francais\/"]}]},{"@type":"BreadcrumbList","@id":"https:\/\/bonjourbarcelone.fr\/transfert-depuis-le-centre-ville-vers-un-aeroport-en-francais\/#breadcrumb","itemListElement":[{"@type":"ListItem","position":1,"name":"Accueil","item":"https:\/\/bonjourbarcelone.fr\/"},{"@type":"ListItem","position":2,"name":"Transfert depuis le centre-ville vers l&rsquo;a\u00e9roport en fran\u00e7ais !"}]},{"@type":"WebSite","@id":"https:\/\/bonjourbarcelone.fr\/#website","url":"https:\/\/bonjourbarcelone.fr\/","name":"Visiting Barcelona","description":"Tout pour passer un s\u00e9jour inoubliable en 2026 !","potentialAction":[{"@type":"SearchAction","target":{"@type":"EntryPoint","urlTemplate":"https:\/\/bonjourbarcelone.fr\/?s={search_term_string}"},"query-input":{"@type":"PropertyValueSpecification","valueRequired":true,"valueName":"search_term_string"}}],"inLanguage":"en-US"}]}},"_links":{"self":[{"href":"https:\/\/bonjourbarcelone.fr\/en\/wp-json\/wp\/v2\/pages\/3656","targetHints":{"allow":["GET"]}}],"collection":[{"href":"https:\/\/bonjourbarcelone.fr\/en\/wp-json\/wp\/v2\/pages"}],"about":[{"href":"https:\/\/bonjourbarcelone.fr\/en\/wp-json\/wp\/v2\/types\/page"}],"author":[{"embeddable":true,"href":"https:\/\/bonjourbarcelone.fr\/en\/wp-json\/wp\/v2\/users\/2"}],"replies":[{"embeddable":true,"href":"https:\/\/bonjourbarcelone.fr\/en\/wp-json\/wp\/v2\/comments?post=3656"}],"version-history":[{"count":6,"href":"https:\/\/bonjourbarcelone.fr\/en\/wp-json\/wp\/v2\/pages\/3656\/revisions"}],"predecessor-version":[{"id":3990,"href":"https:\/\/bonjourbarcelone.fr\/en\/wp-json\/wp\/v2\/pages\/3656\/revisions\/3990"}],"wp:attachment":[{"href":"https:\/\/bonjourbarcelone.fr\/en\/wp-json\/wp\/v2\/media?parent=3656"}],"curies":[{"name":"wp","href":"https:\/\/api.w.org\/{rel}","templated":true}]}}