{"id":3665,"date":"2024-03-06T14:45:37","date_gmt":"2024-03-06T14:45:37","guid":{"rendered":"https:\/\/bonjourbarcelone.fr\/?page_id=3665"},"modified":"2024-03-06T14:45:37","modified_gmt":"2024-03-06T14:45:37","slug":"airport-transfer-request-taken-into-account","status":"publish","type":"page","link":"https:\/\/bonjourbarcelone.fr\/en\/airport-transfer-request-taken-into-account\/","title":{"rendered":"Transfer request to airport taken into account"},"content":{"rendered":"<p>Thank you!<br \/>\nYour transfer request from your accommodation to the airport is <strong>taken into account.<\/strong>.<br \/>\nWe will contact you as soon as possible to confirm your reservation.<\/p>\n<p style=\"color:#FF0000\"><font size=\"6\"> -&gt; 20% discount here only. By closing this page, you will no longer be entitled to this discount!<\/font><\/p>\n<p><strong><\/p>\n<h2>An incredible tour of Barcelona's historic center<\/strong><\/h2>\n<p>Would you like to discover the best of Barcelona's historic center in just a few hours?<\/p>\n<p><strong><\/p>\n<h2>We offer private guided tours in French!<\/strong><\/h2>\n<p><img decoding=\"async\" src=\"https:\/\/bonjourbarcelone.fr\/wp-content\/uploads\/2022\/08\/montage-visite-guidee-barcelone-copie.jpg\" alt=\"assembly guided tour barcelona\" width=\"1700\" height=\"1275\" class=\"alignnone size-full wp-image-1724\" srcset=\"https:\/\/bonjourbarcelone.fr\/wp-content\/uploads\/2022\/08\/montage-visite-guidee-barcelone-copie.jpg 1700w, https:\/\/bonjourbarcelone.fr\/wp-content\/uploads\/2022\/08\/montage-visite-guidee-barcelone-copie-300x225.jpg 300w, https:\/\/bonjourbarcelone.fr\/wp-content\/uploads\/2022\/08\/montage-visite-guidee-barcelone-copie-1024x768.jpg 1024w, https:\/\/bonjourbarcelone.fr\/wp-content\/uploads\/2022\/08\/montage-visite-guidee-barcelone-copie-768x576.jpg 768w, https:\/\/bonjourbarcelone.fr\/wp-content\/uploads\/2022\/08\/montage-visite-guidee-barcelone-copie-1536x1152.jpg 1536w\" sizes=\"(max-width: 1700px) 100vw, 1700px\" \/><br \/>\n<img decoding=\"async\" class=\"img-full\" title=\"seen on\" src=\"https:\/\/bonjourbarcelone.fr\/wp-content\/uploads\/2024\/03\/banniere_logos_soccial.png\" alt=\"seen on\" \/><\/p>\n<p><strong><\/p>\n<h3>How is the visit organized and what is seen?<\/strong><\/h3>\n<p>The starting point for the tour is agreed with the guide, in the historic center.<\/p>\n<aside class=\"block-note\">\n<p class=\"block-offer-desc\">Here are a few <strong>benefits<\/strong> to book a visit with us:<\/p>\n<ul>\n<li>Your guide <strong>speak perfect French<\/strong>so that there are no communication problems<\/li>\n<li>It will show you <strong>typical places<\/strong>that still retain their authenticity<\/li>\n<li>He'll tell you <strong>anecdotes and stories<\/strong> that will make the places you visit fascinating<\/li>\n<li>It will show you <strong>the most beautiful places<\/strong> Barcelona<\/li>\n<li>It will show you <strong>secret places<\/strong>that are not in any guidebook and that Catalans don't want to share with tourists.<\/li>\n<li>He'll make you a <strong>personalized tour<\/strong> to suit your tastes and walking pace<\/li>\n<li>Bonus: he'll take the time to <strong>create a personalized program for the rest of your stay<\/strong> (monuments, activities, restaurants, places to go out...)<\/li>\n<\/ul>\n<\/aside>\n<h3><strong>Tour itinerary<\/strong><\/h3>\n<p>This is the proposed itinerary for your visit. Occasionally, it may be modified slightly, in order to offer you the best possible experience. <strong>best possible experience<\/strong> !<\/p>\n<p><strong>1) The gotico district<\/strong><br \/>\nYou'll have the pleasure of discovering the <strong>prestigious<\/strong> Barcelona's Holy Cross Cathedral and its history (including the legend of Santa Eulalia, patron saint of Barcelona).<\/p>\n<p>Stroll through the <strong>wonderful<\/strong> Jewish quarter and its narrow streets, pass through pla\u00e7a Reial, pla\u00e7a san Jaume and pla\u00e7a del Rei, 3 very different squares, but all of them <strong>beautiful<\/strong>!<br \/>\n<img decoding=\"async\" src=\"https:\/\/bonjourbarcelone.fr\/wp-content\/uploads\/2023\/10\/placa-reial-1024x576.jpg\" alt=\"placa reial\" width=\"1024\" height=\"576\" class=\"alignnone size-large wp-image-3198\" srcset=\"https:\/\/bonjourbarcelone.fr\/wp-content\/uploads\/2023\/10\/placa-reial-1024x576.jpg 1024w, https:\/\/bonjourbarcelone.fr\/wp-content\/uploads\/2023\/10\/placa-reial-300x169.jpg 300w, https:\/\/bonjourbarcelone.fr\/wp-content\/uploads\/2023\/10\/placa-reial-768x432.jpg 768w, https:\/\/bonjourbarcelone.fr\/wp-content\/uploads\/2023\/10\/placa-reial.jpg 1365w\" sizes=\"(max-width: 1024px) 100vw, 1024px\" \/><br \/>\n<strong>2) The El Born district<\/strong><br \/>\nA must-see neighbourhood!<\/p>\n<p>With <strong>its distinctive alleyways<\/strong> whose names recall trading activities in medieval times.<br \/>\n<img decoding=\"async\" src=\"https:\/\/bonjourbarcelone.fr\/wp-content\/uploads\/2023\/10\/basilique-Santa-Maria-del-Mar-1024x830.jpg\" alt=\"basilica santa maria\" width=\"1024\" height=\"830\" class=\"alignnone size-large wp-image-3199\" srcset=\"https:\/\/bonjourbarcelone.fr\/wp-content\/uploads\/2023\/10\/basilique-Santa-Maria-del-Mar-1024x830.jpg 1024w, https:\/\/bonjourbarcelone.fr\/wp-content\/uploads\/2023\/10\/basilique-Santa-Maria-del-Mar-300x243.jpg 300w, https:\/\/bonjourbarcelone.fr\/wp-content\/uploads\/2023\/10\/basilique-Santa-Maria-del-Mar-768x623.jpg 768w, https:\/\/bonjourbarcelone.fr\/wp-content\/uploads\/2023\/10\/basilique-Santa-Maria-del-Mar.jpg 1137w\" sizes=\"(max-width: 1024px) 100vw, 1024px\" \/><br \/>\nYou'll see a basilica <strong>not to be missed<\/strong>Santa Maria del Mar basilica, and Carrer Moncada, one of the most intriguing streets with its former merchant palaces.<\/p>\n<p><strong>3) The El Raval district<\/strong><br \/>\n<img decoding=\"async\" src=\"https:\/\/bonjourbarcelone.fr\/wp-content\/uploads\/2023\/10\/raval-1024x775.jpg\" alt=\"raval\" width=\"1024\" height=\"775\" class=\"alignnone size-large wp-image-3197\" srcset=\"https:\/\/bonjourbarcelone.fr\/wp-content\/uploads\/2023\/10\/raval-1024x775.jpg 1024w, https:\/\/bonjourbarcelone.fr\/wp-content\/uploads\/2023\/10\/raval-300x227.jpg 300w, https:\/\/bonjourbarcelone.fr\/wp-content\/uploads\/2023\/10\/raval-768x581.jpg 768w, https:\/\/bonjourbarcelone.fr\/wp-content\/uploads\/2023\/10\/raval.jpg 1400w\" sizes=\"(max-width: 1024px) 100vw, 1024px\" \/><br \/>\nThis is THE <strong>atypical neighborhood<\/strong> with its distinctive little streets.<\/p>\n<p>On the program: ancient monasteries, Keith Haring's mural, the National Library of Catalonia and the rambla (Barcelona's most famous street!).<\/p>\n<p>It's simple, you'll see the <strong>best of the old town<\/strong> from Barcelona!<\/p>\n<p>This itinerary has been designed to show you both the<strong>unmissable<\/strong> but also the unusual, the \"hidden\", interesting stories and unique anecdotes that you won't find anywhere else. <strong>nowhere else<\/strong>.<\/p>\n<p>Here are a few examples of feedback from travelers who have visited the historic center with us:<\/p>\n<blockquote><p>We had a wonderful time with Antonio, a fascinating and enthusiastic guide. He made us discover his city, its history, its anecdotes ... we highly recommend him with his impeccable French!<br \/>\nTHANK YOU to him<\/p>\n<p style=\"text-align: right;\">Jean-Pierre Challier<\/p>\n<p>Great visit with Tony, who is very accessible and perfectly adapted to our pace. Thanks to him for all his tips and tricks, which came in very handy during the rest of our stay.<br \/>\nA visit to make without question!!!<br \/>\nThank you!!!<\/p>\n<p style=\"text-align: right;\">Claire D.<\/p>\n<p>3 magical hours in Tony's company! A patient, cultured guide who listens to his customers.<br \/>\nA guided tour to immerse yourself in the city's culture! Unusual, improbable places, .... that would have been hard to discover on your own... just one word of advice: make a reservation as soon as you arrive, so you can take full advantage of all the good addresses you'll be given.<br \/>\nMany thanks .... and bravo for your professionalism!<\/p>\n<p style=\"text-align: right;\">Ciomei<\/p>\n<p>We would like to thank our super guide (J\u00e9r\u00e9my) for showing us around Barcelona.<br \/>\nat our own pace and with lots of anecdotes and good humor. There are many places we would never have discovered without his help.<br \/>\nHe even made us a schedule with the best addresses for the other days.<br \/>\nThere were 4 of us and we highly recommend your services as they are well worth it.<br \/>\nThis was our first stay in Barcelona but we'll be back.<br \/>\nBonne continuation.<\/p>\n<p style=\"text-align: right;\">Lardinois Christiane<\/p>\n<p>We spent a wonderful afternoon with Tania, who showed us around her city and places we wouldn't have been able to find on our own, and we highly recommend this way of discovering Barcelona. Special thanks to Tania for her knowledge, her way of sharing it and her kindness.<\/p>\n<p style=\"text-align: right;\">Philippe Cabanel<\/p>\n<p>We really enjoyed our guided tour with Tony, it was really fascinating... If you want to discover Barcelona, it's an essential visit. What's more, he gives you lots of good restaurant addresses (so you don't get taken in by touristy restaurants). It was our best memory! Many thanks again ....<\/p>\n<p style=\"text-align: right;\">Christine Troux<\/p>\n<p>Freshly arrived in Barcelona, we continued our guided tour with Antonio. We had a delightful time, wandering through the different districts of Barcelona. We benefited from his immense experience, his great culture, and his many anecdotes, which added a touch of fantasy to the tour! Thank you Antonio, and future travelers, don't hesitate, choose this formula!<\/p>\n<p style=\"text-align: right;\">Nathalie RELAND<\/p>\n<p>A visit with Jeremy left us with very good memories: he listened to us, was very erudite, thanks to him we discovered places we wouldn't have visited on our own and his good humor won us over !!!!<br \/>\nI recommend this site to my family and friends.<br \/>\nThanks again for the good times.<\/p>\n<p style=\"text-align: right;\"> Chassagne <\/p>\n<p>Thanks to J\u00e9r\u00e9mie for this superb tour of Barcelona, with his enthusiasm for the city! Thanks to his knowledge, he showed us lots of beautiful spots and views.<br \/>\nHe also helped us plan other visits for the following days of our stay. We recommend him. Gracias!<\/p>\n<p style=\"text-align: right;\"> Deschampsch <\/p>\n<\/blockquote>\n<p><strong><\/p>\n<h3>How long does the tour last?<\/strong><\/h3>\n<p>It's a walking tour that lasts about 3 hours.<\/p>\n<p><strong><\/p>\n<h3>Will others be joining us?<\/strong><\/h3>\n<p>No, <strong>the visit is quite private<\/strong>.<br \/>\nWe only offer this type of tour if you want to <strong>the best possible experience<\/strong> and be as close as possible to your guide.<\/p>\n<p>Your guide will adapt to you, sharing a wealth of information, stories, secrets and anecdotes that you won't find anywhere else...<br \/>\nAnd you can <strong>ask all the questions you want<\/strong> !<\/p>\n<h3><strong> How can we offer you a personalized tour of Barcelona like a true Catalan? <\/strong><\/h3>\n<p><strong>Here are some important facts about us:<\/strong><\/p>\n<ul>\n<li>The Bonjour Barcelone website was created in 2016 and has become the <strong>reference<\/strong> on the internet for French-speaking travellers to Barcelona<\/li>\n<li>We have supported nearly <strong>5,000 passengers<\/strong> who made us <strong>trust<\/strong> and have booked a <strong>personalized guided tour with us<\/strong><\/li>\n<li>The Bonjour Barcelone website is visited by more than <strong>300,000 passengers<\/strong> every year<\/li>\n<li>We are a team of 7 people at your service to help you discover Barcelona like a Catalan.<\/li>\n<li>The Bonjour Barcelone website has been <strong>recommended by the Guide du Routard<\/strong><\/li>\n<\/ul>\n<p><img decoding=\"async\" src=\"https:\/\/bonjourbarcelone.fr\/wp-content\/uploads\/2024\/01\/logo-recommandation-routard.png\" alt=\"routard recommendation logo\" width=\"300\" height=\"170\" class=\"aligncenter size-medium wp-image-1937\" \/><\/p>\n<h3><strong>UNIQUE warranty<\/strong><\/h3>\n<p>If you didn't enjoy your visit, you simply don't pay and we promise to give you \u20ac50 to compensate you for your \"lost time\" (<strong>warranty valid only<\/strong> if you have completed the entire tour and explained to your guide what you didn't like and why you were disappointed).<\/p>\n<p>So you don't have <strong>no risk<\/strong> book a tour with us and you're sure to have a great time!<\/p>\n<p><strong><\/p>\n<h3>How much does a private tour cost? (-20% discount on this page)<\/strong><\/h3>\n<p>The private tour costs just 129\u20ac for 1 or 2 people (instead of <del datetime=\"2018-01-29T10:10:04+00:00\">169<\/del>\u20ac normally), +15\u20ac\/additional person for more than 2 people. Free for children under 10.<br \/>\n<strong>Example<\/strong>If you are 2, the total price is 129\u20ac. If you are 4, the total price is 159\u20ac.<\/p>\n<p>EDIT: as a reminder, the visit is private, you will have a guide just for you. <strong>for you<\/strong>.<\/p>\n<p><strong><\/p>\n<h3>How do I make a reservation?<\/strong><\/h3>\n<p>Simply fill in the following form.<\/p>\n<p>Your guide will then send you a message to confirm your visit and give you the exact meeting point.<\/p>\n<p>You can fill in the form below:<\/p>\n<div data-tf-widget=\"tTml6tMW\" data-tf-inline-on-mobile data-tf-iframe-props=\"title=Demande visite guidee barcelone (-20%)\" data-tf-medium=\"snippet\" style=\"width:100%;height:400px;\"><\/div>\n<p><script src=\"\/\/embed.typeform.com\/next\/embed.js\"><\/script><\/p>\n<p><strong><\/p>\n<h3>FAQ<\/strong><\/h3>\n<p><strong><\/p>\n<h4>Do I need to book far in advance?<\/strong><\/h4>\n<p>Once you've made your decision to visit with us, please book as soon as possible, as we only have limited availability. This is particularly true at weekends and during school vacations.<br \/>\n<strong><\/p>\n<h4>Do you offer group tours?<\/strong><\/h4>\n<p>No, we only offer private guided tours to give you the best possible experience.<br \/>\n<strong><\/p>\n<h4>What happens in bad weather?<\/strong><\/h4>\n<p>Normally, the tour will go ahead. But your guide may decide to cancel if the weather is really bad, and suggest another day if possible.<br \/>\n<strong><\/p>\n<h4>Is a tour suitable for children?<\/strong><\/h4>\n<p>Your guide is always adaptable and manages to captivate even the youngest visitors, so yes!<br \/>\nYour guide will suggest more breaks to avoid tiring them too much. However, they do need to be capable of walking for several hours.<br \/>\n<strong><\/p>\n<h4>I'm already familiar with the city, is the tour interesting for me?<\/strong><\/h4>\n<p>The answer is yes! You can always rediscover the city from a different angle, a new aspect, with anecdotes and stories you've never heard before.<br \/>\nYou can specify this in the \"Additional information if required\" field, or at the very beginning of the tour, for example, so that your guide can adapt.<br \/>\n<strong><\/p>\n<h4>Is it possible to pay by any means other than cash at the end of the tour?<\/strong><\/h4>\n<p>Yes, you can check this directly by e-mail with your guide after making your request.<br \/>\n<strong><\/p>\n<h4>Is it possible to get an invoice for this visit?<\/strong><\/h4>\n<p>Yes, you can also view this directly by e-mail with your guide after making your request.<\/p>\n<p><strong><\/p>\n<h3>What if I have more questions?<\/strong><\/h3>\n<p>You can send them to bonjourbarcelone.marie@gmail.com and Marie will get back to you as soon as possible.<br \/>\nPlease also remember to leave your phone number if possible, as we may contact you by phone\/WhatsApp to better answer your questions.<\/p>\n<p>See you soon and enjoy your visit!<\/p>","protected":false},"excerpt":{"rendered":"<p>Merci ! Votre demande de transfert depuis votre logement vers l&rsquo;a\u00e9roport est prise en compte.. Nous vous contacterons dans les plus brefs d\u00e9lais pour confirmer votre r\u00e9servation. \u2013> 20% de r\u00e9duction ici seulement. En refermant cette page, vous n\u2019aurez plus droit \u00e0 cette r\u00e9duction! L&rsquo;incroyable visite du centre historique de Barcelone Vous aimeriez d\u00e9couvrir le [&hellip;]<\/p>","protected":false},"author":2,"featured_media":0,"parent":0,"menu_order":0,"comment_status":"closed","ping_status":"closed","template":"page_landing.php","meta":{"om_disable_all_campaigns":false,"_genesis_hide_title":false,"_genesis_hide_breadcrumbs":false,"_genesis_hide_singular_image":false,"_genesis_hide_footer_widgets":false,"_genesis_custom_body_class":"","_genesis_custom_post_class":"","_genesis_layout":"","footnotes":""},"class_list":{"0":"post-3665","1":"page","2":"type-page","3":"status-publish","5":"entry"},"yoast_head":"<!-- This site is optimized with the Yoast SEO plugin v26.5 - https:\/\/yoast.com\/wordpress\/plugins\/seo\/ -->\n<title>Demande de transfert vers a\u00e9roport prise en compte<\/title>\n<meta name=\"robots\" content=\"index, follow, max-snippet:-1, max-image-preview:large, max-video-preview:-1\" \/>\n<link rel=\"canonical\" href=\"https:\/\/bonjourbarcelone.fr\/en\/airport-transfer-request-taken-into-account\/\" \/>\n<meta property=\"og:locale\" content=\"en_US\" \/>\n<meta property=\"og:type\" content=\"article\" \/>\n<meta property=\"og:title\" content=\"Demande de transfert vers a\u00e9roport prise en compte\" \/>\n<meta property=\"og:description\" content=\"Merci ! Votre demande de transfert depuis votre logement vers l&rsquo;a\u00e9roport est prise en compte.. Nous vous contacterons dans les plus brefs d\u00e9lais pour confirmer votre r\u00e9servation. \u2013&gt; 20% de r\u00e9duction ici seulement. En refermant cette page, vous n\u2019aurez plus droit \u00e0 cette r\u00e9duction! L&rsquo;incroyable visite du centre historique de Barcelone Vous aimeriez d\u00e9couvrir le [&hellip;]\" \/>\n<meta property=\"og:url\" content=\"https:\/\/bonjourbarcelone.fr\/en\/airport-transfer-request-taken-into-account\/\" \/>\n<meta property=\"og:site_name\" content=\"Visiter Barcelone\" \/>\n<meta property=\"og:image\" content=\"https:\/\/bonjourbarcelone.fr\/wp-content\/uploads\/2022\/08\/montage-visite-guidee-barcelone-copie.jpg\" \/>\n<meta name=\"twitter:card\" content=\"summary_large_image\" \/>\n<script type=\"application\/ld+json\" class=\"yoast-schema-graph\">{\"@context\":\"https:\/\/schema.org\",\"@graph\":[{\"@type\":\"WebPage\",\"@id\":\"https:\/\/bonjourbarcelone.fr\/demande-de-transfert-vers-aeroport-prise-en-compte\/\",\"url\":\"https:\/\/bonjourbarcelone.fr\/demande-de-transfert-vers-aeroport-prise-en-compte\/\",\"name\":\"Demande de transfert vers a\u00e9roport prise en compte\",\"isPartOf\":{\"@id\":\"https:\/\/bonjourbarcelone.fr\/#website\"},\"primaryImageOfPage\":{\"@id\":\"https:\/\/bonjourbarcelone.fr\/demande-de-transfert-vers-aeroport-prise-en-compte\/#primaryimage\"},\"image\":{\"@id\":\"https:\/\/bonjourbarcelone.fr\/demande-de-transfert-vers-aeroport-prise-en-compte\/#primaryimage\"},\"thumbnailUrl\":\"https:\/\/bonjourbarcelone.fr\/wp-content\/uploads\/2022\/08\/montage-visite-guidee-barcelone-copie.jpg\",\"datePublished\":\"2024-03-06T14:45:37+00:00\",\"breadcrumb\":{\"@id\":\"https:\/\/bonjourbarcelone.fr\/demande-de-transfert-vers-aeroport-prise-en-compte\/#breadcrumb\"},\"inLanguage\":\"en-US\",\"potentialAction\":[{\"@type\":\"ReadAction\",\"target\":[\"https:\/\/bonjourbarcelone.fr\/demande-de-transfert-vers-aeroport-prise-en-compte\/\"]}]},{\"@type\":\"ImageObject\",\"inLanguage\":\"en-US\",\"@id\":\"https:\/\/bonjourbarcelone.fr\/demande-de-transfert-vers-aeroport-prise-en-compte\/#primaryimage\",\"url\":\"https:\/\/bonjourbarcelone.fr\/wp-content\/uploads\/2022\/08\/montage-visite-guidee-barcelone-copie.jpg\",\"contentUrl\":\"https:\/\/bonjourbarcelone.fr\/wp-content\/uploads\/2022\/08\/montage-visite-guidee-barcelone-copie.jpg\"},{\"@type\":\"BreadcrumbList\",\"@id\":\"https:\/\/bonjourbarcelone.fr\/demande-de-transfert-vers-aeroport-prise-en-compte\/#breadcrumb\",\"itemListElement\":[{\"@type\":\"ListItem\",\"position\":1,\"name\":\"Accueil\",\"item\":\"https:\/\/bonjourbarcelone.fr\/\"},{\"@type\":\"ListItem\",\"position\":2,\"name\":\"Demande de transfert vers a\u00e9roport prise en compte\"}]},{\"@type\":\"WebSite\",\"@id\":\"https:\/\/bonjourbarcelone.fr\/#website\",\"url\":\"https:\/\/bonjourbarcelone.fr\/\",\"name\":\"Visiter Barcelone\",\"description\":\"Tout pour passer un s\u00e9jour inoubliable en 2026 !\",\"potentialAction\":[{\"@type\":\"SearchAction\",\"target\":{\"@type\":\"EntryPoint\",\"urlTemplate\":\"https:\/\/bonjourbarcelone.fr\/?s={search_term_string}\"},\"query-input\":{\"@type\":\"PropertyValueSpecification\",\"valueRequired\":true,\"valueName\":\"search_term_string\"}}],\"inLanguage\":\"en-US\"}]}<\/script>\n<!-- \/ Yoast SEO plugin. -->","yoast_head_json":{"title":"Transfer request to airport taken into account","robots":{"index":"index","follow":"follow","max-snippet":"max-snippet:-1","max-image-preview":"max-image-preview:large","max-video-preview":"max-video-preview:-1"},"canonical":"https:\/\/bonjourbarcelone.fr\/en\/airport-transfer-request-taken-into-account\/","og_locale":"en_US","og_type":"article","og_title":"Demande de transfert vers a\u00e9roport prise en compte","og_description":"Merci ! Votre demande de transfert depuis votre logement vers l&rsquo;a\u00e9roport est prise en compte.. Nous vous contacterons dans les plus brefs d\u00e9lais pour confirmer votre r\u00e9servation. \u2013> 20% de r\u00e9duction ici seulement. En refermant cette page, vous n\u2019aurez plus droit \u00e0 cette r\u00e9duction! L&rsquo;incroyable visite du centre historique de Barcelone Vous aimeriez d\u00e9couvrir le [&hellip;]","og_url":"https:\/\/bonjourbarcelone.fr\/en\/airport-transfer-request-taken-into-account\/","og_site_name":"Visiter Barcelone","og_image":[{"url":"https:\/\/bonjourbarcelone.fr\/wp-content\/uploads\/2022\/08\/montage-visite-guidee-barcelone-copie.jpg","type":"","width":"","height":""}],"twitter_card":"summary_large_image","schema":{"@context":"https:\/\/schema.org","@graph":[{"@type":"WebPage","@id":"https:\/\/bonjourbarcelone.fr\/demande-de-transfert-vers-aeroport-prise-en-compte\/","url":"https:\/\/bonjourbarcelone.fr\/demande-de-transfert-vers-aeroport-prise-en-compte\/","name":"Transfer request to airport taken into account","isPartOf":{"@id":"https:\/\/bonjourbarcelone.fr\/#website"},"primaryImageOfPage":{"@id":"https:\/\/bonjourbarcelone.fr\/demande-de-transfert-vers-aeroport-prise-en-compte\/#primaryimage"},"image":{"@id":"https:\/\/bonjourbarcelone.fr\/demande-de-transfert-vers-aeroport-prise-en-compte\/#primaryimage"},"thumbnailUrl":"https:\/\/bonjourbarcelone.fr\/wp-content\/uploads\/2022\/08\/montage-visite-guidee-barcelone-copie.jpg","datePublished":"2024-03-06T14:45:37+00:00","breadcrumb":{"@id":"https:\/\/bonjourbarcelone.fr\/demande-de-transfert-vers-aeroport-prise-en-compte\/#breadcrumb"},"inLanguage":"en-US","potentialAction":[{"@type":"ReadAction","target":["https:\/\/bonjourbarcelone.fr\/demande-de-transfert-vers-aeroport-prise-en-compte\/"]}]},{"@type":"ImageObject","inLanguage":"en-US","@id":"https:\/\/bonjourbarcelone.fr\/demande-de-transfert-vers-aeroport-prise-en-compte\/#primaryimage","url":"https:\/\/bonjourbarcelone.fr\/wp-content\/uploads\/2022\/08\/montage-visite-guidee-barcelone-copie.jpg","contentUrl":"https:\/\/bonjourbarcelone.fr\/wp-content\/uploads\/2022\/08\/montage-visite-guidee-barcelone-copie.jpg"},{"@type":"BreadcrumbList","@id":"https:\/\/bonjourbarcelone.fr\/demande-de-transfert-vers-aeroport-prise-en-compte\/#breadcrumb","itemListElement":[{"@type":"ListItem","position":1,"name":"Accueil","item":"https:\/\/bonjourbarcelone.fr\/"},{"@type":"ListItem","position":2,"name":"Demande de transfert vers a\u00e9roport prise en compte"}]},{"@type":"WebSite","@id":"https:\/\/bonjourbarcelone.fr\/#website","url":"https:\/\/bonjourbarcelone.fr\/","name":"Visiting Barcelona","description":"Tout pour passer un s\u00e9jour inoubliable en 2026 !","potentialAction":[{"@type":"SearchAction","target":{"@type":"EntryPoint","urlTemplate":"https:\/\/bonjourbarcelone.fr\/?s={search_term_string}"},"query-input":{"@type":"PropertyValueSpecification","valueRequired":true,"valueName":"search_term_string"}}],"inLanguage":"en-US"}]}},"_links":{"self":[{"href":"https:\/\/bonjourbarcelone.fr\/en\/wp-json\/wp\/v2\/pages\/3665","targetHints":{"allow":["GET"]}}],"collection":[{"href":"https:\/\/bonjourbarcelone.fr\/en\/wp-json\/wp\/v2\/pages"}],"about":[{"href":"https:\/\/bonjourbarcelone.fr\/en\/wp-json\/wp\/v2\/types\/page"}],"author":[{"embeddable":true,"href":"https:\/\/bonjourbarcelone.fr\/en\/wp-json\/wp\/v2\/users\/2"}],"replies":[{"embeddable":true,"href":"https:\/\/bonjourbarcelone.fr\/en\/wp-json\/wp\/v2\/comments?post=3665"}],"version-history":[{"count":1,"href":"https:\/\/bonjourbarcelone.fr\/en\/wp-json\/wp\/v2\/pages\/3665\/revisions"}],"predecessor-version":[{"id":3667,"href":"https:\/\/bonjourbarcelone.fr\/en\/wp-json\/wp\/v2\/pages\/3665\/revisions\/3667"}],"wp:attachment":[{"href":"https:\/\/bonjourbarcelone.fr\/en\/wp-json\/wp\/v2\/media?parent=3665"}],"curies":[{"name":"wp","href":"https:\/\/api.w.org\/{rel}","templated":true}]}}