{"id":520,"date":"2025-12-07T10:52:31","date_gmt":"2025-12-07T10:52:31","guid":{"rendered":"http:\/\/thibaut.wpengine.com\/?page_id=520"},"modified":"2025-12-26T18:30:36","modified_gmt":"2025-12-26T18:30:36","slug":"camp-nou-barcelona","status":"publish","type":"page","link":"https:\/\/bonjourbarcelone.fr\/en\/camp-nou-barcelona\/","title":{"rendered":"Camp Nou Barcelone : guide complet pour la visite du stade [2026]"},"content":{"rendered":"<p>Pour les fans de foot,<strong> le Camp Nou de Barcelone est un stade mythique. <\/strong>Ensemble, nous d\u00e9couvrir le th\u00e9\u00e2tre des <strong>greatest soccer matches<\/strong> de la plan\u00e8te !<\/p>\n<p>Dans cet article, vous apprendrez notamment :<\/p>\n<ul>\n<li>L&rsquo;histoire du plus grand stade de Barcelone<\/li>\n<li>Pourquoi le Camp Nou est si c\u00e9l\u00e8bre<\/li>\n<li>Comment le visiter<\/li>\n<li>Ce qu&rsquo;il est possible de voir et de faire \u00e0 l&rsquo;int\u00e9rieur<\/li>\n<li>Comment assister \u00e0 un match du FC Barcelone<\/li>\n<li>Et bien d&rsquo;autres choses !<\/li>\n<\/ul>\n<p>The works of <strong>Antoni Gaudi<\/strong> and the <strong>FC Barcelona<\/strong> sont probablement les deux premi\u00e8res choses qui nous viennent \u00e0 l\u2019esprit quand on \u00e9voque la ville de Barcelone ! Vous voulez en savoir plus ?<\/p>\n<p>Follow the guide!<\/p>\n<p><a href=\"https:\/\/bonjourbarcelone.fr\/wp-content\/uploads\/2025\/12\/camp-nou.jpg\"><img decoding=\"async\" class=\"aligncenter size-full wp-image-4075\" src=\"https:\/\/bonjourbarcelone.fr\/wp-content\/uploads\/2025\/12\/camp-nou.jpg\" alt=\"new camp\" width=\"600\" height=\"400\" srcset=\"https:\/\/bonjourbarcelone.fr\/wp-content\/uploads\/2025\/12\/camp-nou.jpg 600w, https:\/\/bonjourbarcelone.fr\/wp-content\/uploads\/2025\/12\/camp-nou-300x200.jpg 300w, https:\/\/bonjourbarcelone.fr\/wp-content\/uploads\/2025\/12\/camp-nou-18x12.jpg 18w\" sizes=\"(max-width: 600px) 100vw, 600px\" \/><\/a><\/p>\n<h2 class=\"summary-title\">Camp Nou Barcelone : sommaire de l&rsquo;article<\/h2>\n<div class=\"summary-box\">\n<ul class=\"summary-list\">\n<li><a href=\"#1\">Le Camp Nou, terrain de jeux du Bar\u00e7a<br \/>\n<\/a><\/li>\n<li><a href=\"#2\">Que voir en visitant le Camp Nou ?<br \/>\n<\/a><\/li>\n<li><a href=\"#3\">Camp Nou Barcelone : informations pratiques pour les visites et FAQ <\/a><\/li>\n<li><a href=\"#4\">Comment se rendre au stade Camp Nou ?<br \/>\n<\/a><\/li>\n<li><a href=\"#5\">Description and history of FC Barcelona and its Camp Nou stadium<br \/>\n<\/a><\/li>\n<\/ul>\n<\/div>\n<p><a name=\"1\"><\/a><\/p>\n<h2><strong>Le Camp Nou, terrain de jeux du Bar\u00e7a\u00a0<\/strong><\/h2>\n<p>FC Barcelona, also known by the nickname <strong>\"Bar\u00e7a<\/strong> in popular parlance is, if it needs further clarification, <strong>one of the world's biggest soccer clubs<\/strong> and the <strong>porte-drapeau de la Catalogne<\/strong>.<\/p>\n<p><img decoding=\"async\" class=\"alignright size-medium wp-image-315\" src=\"https:\/\/bonjourbarcelone.fr\/wp-content\/uploads\/2017\/07\/Messi-221x300.jpg\" alt=\"Messi camp nou\" width=\"221\" height=\"300\" srcset=\"https:\/\/bonjourbarcelone.fr\/wp-content\/uploads\/2017\/07\/Messi-221x300.jpg 221w, https:\/\/bonjourbarcelone.fr\/wp-content\/uploads\/2017\/07\/Messi.jpg 472w\" sizes=\"(max-width: 221px) 100vw, 221px\" \/>The team from the Catalan capital, also nicknamed \" <strong>More than a club<\/strong> \"(More than a club), is known for its famous \" <strong>blaugrana<\/strong> \"(garnet and blue) that it has used since its creation in 1899.<\/p>\n<p>The club with <strong>5 champions leagues<\/strong> led by some of the best players on the planet, has as its stronghold the \" <strong>Camp Nou<\/strong> \"(which means \"new ground\" in Catalan).<\/p>\n<p><strong>N\u2019h\u00e9sitez pas \u00e0 vous rendre \u00e0 leur stade mythique \u00e0 Barcelone : le Camp Nou !<\/strong><br \/>\n<a name=\"2\"><\/a><\/p>\n<h2><strong>Que voir en visitant le Camp Nou ?\u00a0<\/strong><\/h2>\n<p>Voici ce qui attend les visiteurs du stade. Simple curieux ou f\u00e9rus des blaugrana, vous serez conquis par cette d\u00e9couverte \u00e9tonnante.<\/p>\n<p><strong>Bon \u00e0 savoir :<\/strong> le stade est a \u00e9t\u00e9 rebaptis\u00e9 <strong>Spotify Camp Nou<\/strong> suite \u00e0 un accord de sponsorisation avec le g\u00e9ant de la musique. De gros travaux ont \u00e9t\u00e9 entrepris pour augmenter sa capacit\u00e9 et le rendre plus moderne que jamais.<\/p>\n<h3 class=\"block-title-name\"><strong>Visit the stadium and its museum!<\/strong><\/h3>\n<p>For all soccer fans, and even for newcomers to the sport, it's possible to <strong>visit the Camp Nou and its museum<\/strong>, un des plus garnis du monde.<\/p>\n<p>M\u00eame si vous n\u2019\u00eates pas supporters du club (personne n\u2019est parfait !), rendez-vous dans l\u2019enceinte pour vous rendre compte de <strong>immensity <\/strong>of what is the <strong>Europe's largest stadium <\/strong>today (more than <strong>100.000 places<\/strong> !!)<\/p>\n<p>Vous pourrez fermer les yeux et revoir les exploits des l\u00e9gendes r\u00e9centes, comme <strong>Messi, Suarez<\/strong> and other <strong>Iniesta !\u00a0<\/strong><\/p>\n<p><img decoding=\"async\" class=\"img-full\" title=\"lionel messi\" src=\"https:\/\/bonjourbarcelone.fr\/wp-content\/uploads\/2017\/07\/Camp-nou-3.jpg\" alt=\"lionel messi\" \/><\/p>\n<h3 class=\"block-title-name\"><strong>Even better? Go and see a match!<\/strong><\/h3>\n<p>Si l&rsquo;envie vous prend d\u2019aller voir les Yamal, Pedri et autre Raphinnha \u00a0dans leurs \u0153uvres, sachez que vous verrez un des plus grands spectacles sportifs de la plan\u00e8te, <a href=\"https:\/\/bonjourbarcelone.fr\/en\/barcelona-match\/\">en assistant \u00e0 un match au Camp Nou.\u00a0<\/a><\/p>\n<p>Et si par miracle, vous pouvez trouver des places pour un des matchs de <b>Ligue des champions<\/b>\u00a0against the big names in Europe, or against arch-rivals Real Madrid for the <strong>\"clasico<\/strong>, vous serez un grand chanceux\u202f!<\/p>\n<div class=\"block-quote\"><b>Please note<\/b> : You have to be <strong>patience<\/strong>of <strong>chance<\/strong> and above all its <strong>portefeuille, car<\/strong> le prix des billets pour les grosses affiches europ\u00e9ennes et le clasico peut s\u2019envoler tr\u00e8s (trop) rapidement.<\/div>\n<p><a name=\"3\"><\/a><\/p>\n<h2><strong>Camp Nou Barcelone : informations pratiques pour les visites\u00a0<\/strong><\/h2>\n<p>The \"Experience Tour\" consists of the <strong>Museum visit<\/strong> FC Barcelona and a <strong>stadium tour<\/strong> Camp Nou.<\/p>\n<h3><strong>Visite du Mus\u00e9e du FC Barcelone<\/strong><\/h3>\n<p><img decoding=\"async\" class=\"img-full\" title=\"mus\u00e9e camp nou\" src=\"https:\/\/bonjourbarcelone.fr\/wp-content\/uploads\/2017\/07\/Camp-nou-mus\u00e9e-2.jpg\" alt=\"mus\u00e9e camp nou\" \/><\/p>\n<p>Discover <strong>the history of FC Barcelona<\/strong>its <strong>legendary players<\/strong>its legendary matches and countless <strong>trophies<\/strong> !<\/p>\n<p>An audiovisual area has been set up, featuring hundreds of images and videos retracing the club's history.<\/p>\n<p>For fans of the Argentinian genius, FC Barcelona has also created an area dedicated to the prodigy. <strong>Lionel Messi<\/strong>, le quintuple ballon d\u2019or et meilleur buteur de l\u2019histoire du club, sacr\u00e9 en 2025 avec l&rsquo;Inter Miami en MLS.<\/p>\n<h3><strong>Camp Nou stadium tour<\/strong><\/h3>\n<p><img decoding=\"async\" class=\"img-full\" title=\"corridor camp nou\" src=\"https:\/\/bonjourbarcelone.fr\/wp-content\/uploads\/2017\/07\/Camp-Nou-4.jpg\" alt=\"corridor camp nou\" \/><\/p>\n<p><strong>Put yourself in the shoes of the greatest players<\/strong> of the club by visiting <strong>the FC Barcelona stadium!<\/strong><\/p>\n<aside class=\"block-note\">\n<p class=\"block-offer-desc\"><strong>You will have access to the following sections:<\/strong><\/p>\n<ul>\n<li>Forums<\/li>\n<li>Lawn<\/li>\n<li>Benches<\/li>\n<li>Visitors' changing rooms<\/li>\n<li>Checkroom tunnel<\/li>\n<li>Press room and mixed zone<\/li>\n<li>Press booths<\/li>\n<\/ul>\n<\/aside>\n<p><strong>Schedule<\/strong><\/p>\n<p>The stadium and museum are open to the public all year round (except on match days and other events) at the following times:<\/p>\n<ul>\n<li>du 2 janvier au 2 avril: du lundi au samedi de 10h \u00e0 18h, Dimanche de 10h \u00e0 15h<\/li>\n<li>12 avril \/ 12 octobre du lundi au dimanche de 9h30 \u00e0 19h<\/li>\n<li>13 octobre au 31 d\u00e9cembre : Du lundi au samedi de 10h \u00e0 18h, Dimanche de 10h \u00e0 15h<\/li>\n<li>ferm\u00e9 le 25 d\u00e9cembre et le 1er janvier<\/li>\n<\/ul>\n<p><strong>Rates<\/strong><\/p>\n<aside class=\"block-note\">\n<p class=\"block-offer-desc\"><strong>Experience Tour rates<\/strong><\/p>\n<ul>\n<li><strong>Standard rate<\/strong> : \u00e0 partir de 28 euros<\/li>\n<li><strong>Plus de 65 ans<\/strong> \/ <strong>Enfants de 4 \u00e0 10ans<\/strong> : 21 euros<\/li>\n<li><strong>Enfants de moins de 4 ans <\/strong>Free of charge<\/li>\n<li><strong>Personnes handicap\u00e9es &lt; 33\u202f%\u00a0<\/strong>r\u00e9duction de 50 % pour le sujet et son accompagnateur\u00a0 (Consultez l&rsquo;article Bonjour Barcelone sur comment visiter la ville <a href=\"https:\/\/bonjourbarcelone.fr\/en\/barcelone-en-situation-handicap\/\">en situation de handicap<\/a>)<\/li>\n<\/ul>\n<\/aside>\n<h3><strong>Comment assister \u00e0 une rencontre du FC Barcelone ?\u00a0 (Astuces Bonjour Barcelone)<\/strong><\/h3>\n<p><img decoding=\"async\" class=\"img-full\" title=\"mus\u00e9e camp nou\" src=\"https:\/\/bonjourbarcelone.fr\/wp-content\/uploads\/2017\/07\/5673790722_daf1b13006_z.jpg\" alt=\"mus\u00e9e camp nou\" \/><\/p>\n<h4><strong>Attend a Champions League match<\/strong><\/h4>\n<p>Le club \u00e9tant quasiment chaque ann\u00e9e qualifi\u00e9 pour la Ligue des champions (comp\u00e9tition reine en Europe), vous pourrez assister aux rencontres contre <strong>the greatest teams on the old continent<\/strong>.<\/p>\n<p>Please note that matches take place on <strong>Tuesday or Wednesday at 8:45pm <\/strong>local time, from October to May.<\/p>\n<div class=\"block-quote\">\u00c0 savoir : Les tarifs pour la Ligue des champions sont en g\u00e9n\u00e9ral plus \u00e9lev\u00e9s que le championnat d&rsquo;Espagne<\/div>\n<p><strong>Attend a Spanish Championship match<\/strong><\/p>\n<p>Championship matches are usually played at weekends:<a href=\"https:\/\/www.footballticketsbarcelona.fr\/billetterie\/prochaine-saison\/\" target=\"_blank\" rel=\"nofollow noopener noreferrer\"> click here to see this year's match dates.<\/a><\/p>\n<div class=\"block-quote\"><strong>Tip Bonjour Barcelone\u00a0<\/strong><\/div>\n<div><\/div>\n<div class=\"block-quote\">If your <strong>budget<\/strong> is <strong>reduced<\/strong> I advise you to go to a championship match <strong>against a \"weaker\" team<\/strong> (class\u00e9e entre la 5\u1d49 et la 20\u1d49 place).<\/div>\n<div><\/div>\n<div class=\"block-quote\"><strong>Tickets will be more accessible and less expensive! <\/strong>And, barring any accidents, it will be a chance to see <strong>lots of goals <\/strong>believe me!<\/div>\n<h4><strong>O\u00f9 acheter vos billets au Camp Nou ?\u00a0<\/strong><\/h4>\n<p>Mieux vaut acheter les billets en ligne, pour ne pas \u00eatre prix au d\u00e9pourvu si le stade est plein le jour J. Vous pouvez le faire via le site officiel du Fc Barcelone : &gt;&gt; <a href=\"https:\/\/www.fcbarcelona.fr\/billets\/choses-a-faire-barcelone\" target=\"_blank\" rel=\"nofollow noopener noreferrer\">click here to buy your tickets<\/a><br \/>\n<a name=\"4\"><\/a><\/p>\n<h2><strong>Comment se rendre au stade Camp Nou ?\u00a0<\/strong><\/h2>\n<p>FC Barcelona's stadium is <strong>easily accessible<\/strong> by metro from any part of the city.<\/p>\n<p>The following metro lines serve the Camp Nou stadium:<\/p>\n<ul>\n<li>Blue line <strong>L5 <\/strong>stations <strong>Badal and Collblanc<\/strong><\/li>\n<li>Green line <strong>L3<\/strong> station <strong>Palau Reial<\/strong><\/li>\n<\/ul>\n<p>You can also go there directly from the<a href=\"https:\/\/bonjourbarcelone.fr\/en\/barcelona-airport\/\" target=\"_blank\" rel=\"noopener noreferrer\">Barcelona airport<\/a>.<\/p>\n<div class=\"block-quote\">Pour plus d\u2019informations sur les transports de la ville de Barcelone, je vous recommande de consulter <a href=\"https:\/\/bonjourbarcelone.fr\/en\/public-transport-barcelona\/\">l&rsquo;article d\u00e9di\u00e9 de Bonjour Barcelone<\/a><\/div>\n<p><a name=\"5\"><\/a><\/p>\n<h2><strong>Description and history of FC Barcelona and its Camp Nou stadium<\/strong><\/h2>\n<p>Barcelona Football Club (\" <strong>Futbol Club Barcelona<\/strong> \"has been <strong>founded in 1899<\/strong>.<\/p>\n<p>FC Barcelona is one of Europe's most successful clubs and <strong>le plus titr\u00e9 du XXI\u1d49 si\u00e8cle<\/strong>.<\/p>\n<p>It appears on the <strong>troisi\u00e8me rang des plus grands clubs du XX\u1d49 si\u00e8cle<\/strong> behind Real Madrid and Juventus.<\/p>\n<div class=\"block-quote\">Anectode : Il est l\u2019un des trois seuls clubs avec l\u2019ennemi jur\u00e9 du Real de Madrid et l\u2019Athletic Bilbao \u00e0 avoir particip\u00e9 \u00e0 <strong>every season of the Spanish championship since its inception<\/strong><\/div>\n<p>The club's popularity <strong>goes beyond borders <\/strong>de la r\u00e9gion catalane et de l\u2019Espagne. En effet, c\u2019est l\u2019un des clubs comptant <strong>the most fans in the world<\/strong>.<\/p>\n<p><img decoding=\"async\" class=\"img-full\" title=\"FCB sextuplet\" src=\"https:\/\/bonjourbarcelone.fr\/wp-content\/uploads\/2017\/07\/Camp-nou-mus\u00e9\uf020-4.jpg\" alt=\"FCB sextuplet\" \/><br \/>\nSince 2009, his legend has been further enriched by a previously unreleased <strong>sextuple<\/strong> (Spanish Championship, Spanish Cup, Spanish Supercup, Champions League, European Supercup and Club World Cup) and <strong>the arrival at the top of the game of a certain Lionel Messi<\/strong>.<\/p>\n<p>The incalculable number of titles he has won (including 4 Champions Leagues in 10 years) and his \" <strong>Barcelona style<\/strong> This year's new \"Football for Life\" campaign won over soccer fans young and old alike.<\/p>\n<aside class=\"block-note\">\n<h3 class=\"block-offer-desc\"><strong>The rivalry with Real Madrid<\/strong><\/h3>\n<p>La rivalit\u00e9 avec Madrid est connue dans le monde entier ! On ne peut pas mentionner l&rsquo;un sans l&rsquo;autre !<\/p>\n<p>The rivalry came to a head in the early 2010s, headlined by the duels between <strong>Lionel Messi \/ Cristiano Ronaldo<\/strong> in the field and <strong>Jos\u00e9 Mourinho\/Josep Guardiola<\/strong> on the bench.<\/p>\n<p>The match, better known as the \" <strong>clasico<\/strong> \"is one of the world's <strong>in the world<\/strong> (plusieurs centaines de millions de t\u00e9l\u00e9spectateurs). Y assister est tout simplement le <strong>graal<\/strong> pour un amoureux de football\u202f!<\/p>\n<\/aside>\n<h3><strong>Club awards<\/strong><\/h3>\n<ul>\n<li>28 championnats d\u2019Espagne<\/li>\n<li>32 coupes du Roi)<\/li>\n<li>5 Champions League<\/li>\n<li>3 Club World Cups<\/li>\n<\/ul>\n<h3><strong>Famous players<\/strong><\/h3>\n<ul>\n<li>Lionel Messi (Argentina)<\/li>\n<li>Xavi Hernandez (Spain)<\/li>\n<li>Andr\u00e8s Iniesta (Spain)<\/li>\n<li>Gerard Piqu\u00e9 (Spain)<\/li>\n<li>Carles Puyol (Spain)<\/li>\n<li>Ronaldinho (Brazil)<\/li>\n<li>Rivaldo (Brazil)<\/li>\n<li>Ronaldo (Brazil)<\/li>\n<li>Diego Armando Maradona (Argentina)<\/li>\n<li>Johan Cruyff (Netherlands)<\/li>\n<li>Thierry Henry (France)<\/li>\n<li>Parmi de nombreux autres !!<\/li>\n<\/ul>\n<div class=\"block-quote\"><strong>A little anecdote<\/strong> The <strong>Brazilian Ronaldo<\/strong>before becoming a <strong>Real de Madrid<\/strong>went through the <strong>FC Barcelona <\/strong>in the late 1990s.<\/div>\n<div><\/div>\n<div class=\"block-quote\">Don't confuse it with its Portuguese namesake <strong>Cristiano Ronaldo<\/strong>, plus grand joueur de l\u2019ennemi jur\u00e9, sous peine de vous faire quelque peu <strong>\"teased\" by local fans<\/strong> ;)<\/div>\n<div><\/div>\n<div>PS : si vous aimez les anecdotes captivantes et les l\u00e9gendes locales, n&rsquo;h\u00e9sitez pas \u00e0 d\u00e9couvrir <a href=\"https:\/\/bonjourbarcelone.fr\/en\/guided-tour-barcelona\/\">les visites guid\u00e9es de Bonjour Barcelone !\u00a0<\/a><\/div>\n<h3><strong>Camp Nou and its capacity<\/strong><\/h3>\n<p>Camp Nou has a capacity of <strong>105 000 places<\/strong>which makes it <strong>le plus grand stade d\u2019Europe <\/strong>at present.<\/p>\n<p>The stadium has been <strong>built in 1957 <\/strong>by the architects <strong>Francesc Mitjans Mir\u00f3, Josep Soteras Mauri and Lorenzo Garc\u00eda Barb\u00f3n.<\/strong><\/p>\n<p>\u00c9tant \u00e0 l\u2019origine <strong>a popular nickname<\/strong>the name \" <strong>Camp Nou<\/strong> \u00bb a \u00e9t\u00e9 officialis\u00e9 apr\u00e8s un vote en 2000. Le stade \u00e9tait appel\u00e9 \u00e0 l\u2019origine \u00ab <strong>Stade des Corts<\/strong> \"<\/p>\n<div class=\"block-quote\"><strong>Anectode<\/strong> The Camp Nou stadium also welcomed Pope John Paul II on November 7, 1982.<\/div>\n<div><img decoding=\"async\" class=\"img-full aligncenter\" title=\"ronaldinho\" src=\"https:\/\/bonjourbarcelone.fr\/wp-content\/uploads\/2017\/07\/Camp-Nou-vu-du-ciel.jpg\" alt=\"ronaldinho\" \/><\/div>\n<h3><strong>Un Nouveau Camp Nou pour la fin de l&rsquo;ann\u00e9e 2026<\/strong><\/h3>\n<p>En travaux depuis 2023, le Camp Nou (<strong>d\u00e9sormais Spotify Camps Nou<\/strong>) a partiellement rouvert ses portes en 2025. Les travaux seront termin\u00e9s d&rsquo;ici \u00e0 la fin de l&rsquo;ann\u00e9e 2026 et les joueurs \u00e9volueront dans un stade plus grand, plus moderne, plus impressionnant encore.<\/p>\n<p>La capacit\u00e9 passe \u00e0 105 000 places (contre 99 000 auparavant), on trouve un \u00e9cran \u00e0 360\u00b0 et des panneaux solaires sur le toit&#8230;<strong>On a h\u00e2te !<\/strong><\/p>\n<p>Bonne visite \u00e0 tous !<\/p>","protected":false},"excerpt":{"rendered":"<p>Pour les fans de foot, le Camp Nou de Barcelone est un stade mythique. Ensemble, nous d\u00e9couvrir le th\u00e9\u00e2tre des plus grands matchs de football de la plan\u00e8te ! Dans cet article, vous apprendrez notamment : L&rsquo;histoire du plus grand stade de Barcelone Pourquoi le Camp Nou est si c\u00e9l\u00e8bre Comment le visiter Ce qu&rsquo;il [&hellip;]<\/p>","protected":false},"author":2,"featured_media":308,"parent":0,"menu_order":0,"comment_status":"open","ping_status":"closed","template":"","meta":{"om_disable_all_campaigns":false,"_genesis_hide_title":false,"_genesis_hide_breadcrumbs":false,"_genesis_hide_singular_image":false,"_genesis_hide_footer_widgets":false,"_genesis_custom_body_class":"","_genesis_custom_post_class":"","_genesis_layout":"","footnotes":""},"class_list":{"0":"post-520","1":"page","2":"type-page","3":"status-publish","4":"has-post-thumbnail","6":"entry"},"yoast_head":"<!-- This site is optimized with the Yoast SEO plugin v26.5 - https:\/\/yoast.com\/wordpress\/plugins\/seo\/ -->\n<title>Camp Nou Barcelone : guide complet pour la visite du stade [2026]<\/title>\n<meta name=\"description\" content=\"Voici le guide complet pour visiter le stade Cam Nou \u00e0 Barcelone. Informations pratiques, visite du stade, voir un match, tout y est !\" \/>\n<meta name=\"robots\" content=\"index, follow, max-snippet:-1, max-image-preview:large, max-video-preview:-1\" \/>\n<link rel=\"canonical\" href=\"https:\/\/bonjourbarcelone.fr\/en\/camp-nou-barcelona\/\" \/>\n<meta property=\"og:locale\" content=\"en_US\" \/>\n<meta property=\"og:type\" content=\"article\" \/>\n<meta property=\"og:title\" content=\"Camp Nou Barcelone : guide complet pour la visite du stade [2026]\" \/>\n<meta property=\"og:description\" content=\"Voici le guide complet pour visiter le stade Cam Nou \u00e0 Barcelone. Informations pratiques, visite du stade, voir un match, tout y est !\" \/>\n<meta property=\"og:url\" content=\"https:\/\/bonjourbarcelone.fr\/en\/camp-nou-barcelona\/\" \/>\n<meta property=\"og:site_name\" content=\"Visiter Barcelone\" \/>\n<meta property=\"article:modified_time\" content=\"2025-12-26T18:30:36+00:00\" \/>\n<meta property=\"og:image\" content=\"https:\/\/bonjourbarcelone.fr\/wp-content\/uploads\/2017\/07\/Camp-nou-3-e1550159994381.jpg\" \/>\n\t<meta property=\"og:image:width\" content=\"280\" \/>\n\t<meta property=\"og:image:height\" content=\"210\" \/>\n\t<meta property=\"og:image:type\" content=\"image\/jpeg\" \/>\n<meta name=\"twitter:card\" content=\"summary_large_image\" \/>\n<meta name=\"twitter:label1\" content=\"Est. reading time\" \/>\n\t<meta name=\"twitter:data1\" content=\"11 minutes\" \/>\n<script type=\"application\/ld+json\" class=\"yoast-schema-graph\">{\"@context\":\"https:\/\/schema.org\",\"@graph\":[{\"@type\":\"WebPage\",\"@id\":\"https:\/\/bonjourbarcelone.fr\/camp-nou-barcelone\/\",\"url\":\"https:\/\/bonjourbarcelone.fr\/camp-nou-barcelone\/\",\"name\":\"Camp Nou Barcelone : guide complet pour la visite du stade [2026]\",\"isPartOf\":{\"@id\":\"https:\/\/bonjourbarcelone.fr\/#website\"},\"primaryImageOfPage\":{\"@id\":\"https:\/\/bonjourbarcelone.fr\/camp-nou-barcelone\/#primaryimage\"},\"image\":{\"@id\":\"https:\/\/bonjourbarcelone.fr\/camp-nou-barcelone\/#primaryimage\"},\"thumbnailUrl\":\"https:\/\/bonjourbarcelone.fr\/wp-content\/uploads\/2017\/07\/Camp-nou-3-e1550159994381.jpg\",\"datePublished\":\"2025-12-07T10:52:31+00:00\",\"dateModified\":\"2025-12-26T18:30:36+00:00\",\"description\":\"Voici le guide complet pour visiter le stade Cam Nou \u00e0 Barcelone. Informations pratiques, visite du stade, voir un match, tout y est !\",\"breadcrumb\":{\"@id\":\"https:\/\/bonjourbarcelone.fr\/camp-nou-barcelone\/#breadcrumb\"},\"inLanguage\":\"en-US\",\"potentialAction\":[{\"@type\":\"ReadAction\",\"target\":[\"https:\/\/bonjourbarcelone.fr\/camp-nou-barcelone\/\"]}]},{\"@type\":\"ImageObject\",\"inLanguage\":\"en-US\",\"@id\":\"https:\/\/bonjourbarcelone.fr\/camp-nou-barcelone\/#primaryimage\",\"url\":\"https:\/\/bonjourbarcelone.fr\/wp-content\/uploads\/2017\/07\/Camp-nou-3-e1550159994381.jpg\",\"contentUrl\":\"https:\/\/bonjourbarcelone.fr\/wp-content\/uploads\/2017\/07\/Camp-nou-3-e1550159994381.jpg\",\"width\":280,\"height\":210,\"caption\":\"Camp nou 3\"},{\"@type\":\"BreadcrumbList\",\"@id\":\"https:\/\/bonjourbarcelone.fr\/camp-nou-barcelone\/#breadcrumb\",\"itemListElement\":[{\"@type\":\"ListItem\",\"position\":1,\"name\":\"Accueil\",\"item\":\"https:\/\/bonjourbarcelone.fr\/\"},{\"@type\":\"ListItem\",\"position\":2,\"name\":\"Camp Nou Barcelone : guide complet pour la visite du stade [2026]\"}]},{\"@type\":\"WebSite\",\"@id\":\"https:\/\/bonjourbarcelone.fr\/#website\",\"url\":\"https:\/\/bonjourbarcelone.fr\/\",\"name\":\"Visiter Barcelone\",\"description\":\"Tout pour passer un s\u00e9jour inoubliable en 2026 !\",\"potentialAction\":[{\"@type\":\"SearchAction\",\"target\":{\"@type\":\"EntryPoint\",\"urlTemplate\":\"https:\/\/bonjourbarcelone.fr\/?s={search_term_string}\"},\"query-input\":{\"@type\":\"PropertyValueSpecification\",\"valueRequired\":true,\"valueName\":\"search_term_string\"}}],\"inLanguage\":\"en-US\"}]}<\/script>\n<!-- \/ Yoast SEO plugin. -->","yoast_head_json":{"title":"Camp Nou Barcelone : guide complet pour la visite du stade [2026]","description":"Here's the complete guide to visiting Barcelona's Cam Nou stadium. Practical information, a tour of the stadium, seeing a match - it's all here!","robots":{"index":"index","follow":"follow","max-snippet":"max-snippet:-1","max-image-preview":"max-image-preview:large","max-video-preview":"max-video-preview:-1"},"canonical":"https:\/\/bonjourbarcelone.fr\/en\/camp-nou-barcelona\/","og_locale":"en_US","og_type":"article","og_title":"Camp Nou Barcelone : guide complet pour la visite du stade [2026]","og_description":"Voici le guide complet pour visiter le stade Cam Nou \u00e0 Barcelone. Informations pratiques, visite du stade, voir un match, tout y est !","og_url":"https:\/\/bonjourbarcelone.fr\/en\/camp-nou-barcelona\/","og_site_name":"Visiter Barcelone","article_modified_time":"2025-12-26T18:30:36+00:00","og_image":[{"width":280,"height":210,"url":"https:\/\/bonjourbarcelone.fr\/wp-content\/uploads\/2017\/07\/Camp-nou-3-e1550159994381.jpg","type":"image\/jpeg"}],"twitter_card":"summary_large_image","twitter_misc":{"Est. reading time":"11 minutes"},"schema":{"@context":"https:\/\/schema.org","@graph":[{"@type":"WebPage","@id":"https:\/\/bonjourbarcelone.fr\/camp-nou-barcelone\/","url":"https:\/\/bonjourbarcelone.fr\/camp-nou-barcelone\/","name":"Camp Nou Barcelone : guide complet pour la visite du stade [2026]","isPartOf":{"@id":"https:\/\/bonjourbarcelone.fr\/#website"},"primaryImageOfPage":{"@id":"https:\/\/bonjourbarcelone.fr\/camp-nou-barcelone\/#primaryimage"},"image":{"@id":"https:\/\/bonjourbarcelone.fr\/camp-nou-barcelone\/#primaryimage"},"thumbnailUrl":"https:\/\/bonjourbarcelone.fr\/wp-content\/uploads\/2017\/07\/Camp-nou-3-e1550159994381.jpg","datePublished":"2025-12-07T10:52:31+00:00","dateModified":"2025-12-26T18:30:36+00:00","description":"Here's the complete guide to visiting Barcelona's Cam Nou stadium. Practical information, a tour of the stadium, seeing a match - it's all here!","breadcrumb":{"@id":"https:\/\/bonjourbarcelone.fr\/camp-nou-barcelone\/#breadcrumb"},"inLanguage":"en-US","potentialAction":[{"@type":"ReadAction","target":["https:\/\/bonjourbarcelone.fr\/camp-nou-barcelone\/"]}]},{"@type":"ImageObject","inLanguage":"en-US","@id":"https:\/\/bonjourbarcelone.fr\/camp-nou-barcelone\/#primaryimage","url":"https:\/\/bonjourbarcelone.fr\/wp-content\/uploads\/2017\/07\/Camp-nou-3-e1550159994381.jpg","contentUrl":"https:\/\/bonjourbarcelone.fr\/wp-content\/uploads\/2017\/07\/Camp-nou-3-e1550159994381.jpg","width":280,"height":210,"caption":"Camp nou 3"},{"@type":"BreadcrumbList","@id":"https:\/\/bonjourbarcelone.fr\/camp-nou-barcelone\/#breadcrumb","itemListElement":[{"@type":"ListItem","position":1,"name":"Accueil","item":"https:\/\/bonjourbarcelone.fr\/"},{"@type":"ListItem","position":2,"name":"Camp Nou Barcelone : guide complet pour la visite du stade [2026]"}]},{"@type":"WebSite","@id":"https:\/\/bonjourbarcelone.fr\/#website","url":"https:\/\/bonjourbarcelone.fr\/","name":"Visiting Barcelona","description":"Tout pour passer un s\u00e9jour inoubliable en 2026 !","potentialAction":[{"@type":"SearchAction","target":{"@type":"EntryPoint","urlTemplate":"https:\/\/bonjourbarcelone.fr\/?s={search_term_string}"},"query-input":{"@type":"PropertyValueSpecification","valueRequired":true,"valueName":"search_term_string"}}],"inLanguage":"en-US"}]}},"_links":{"self":[{"href":"https:\/\/bonjourbarcelone.fr\/en\/wp-json\/wp\/v2\/pages\/520","targetHints":{"allow":["GET"]}}],"collection":[{"href":"https:\/\/bonjourbarcelone.fr\/en\/wp-json\/wp\/v2\/pages"}],"about":[{"href":"https:\/\/bonjourbarcelone.fr\/en\/wp-json\/wp\/v2\/types\/page"}],"author":[{"embeddable":true,"href":"https:\/\/bonjourbarcelone.fr\/en\/wp-json\/wp\/v2\/users\/2"}],"replies":[{"embeddable":true,"href":"https:\/\/bonjourbarcelone.fr\/en\/wp-json\/wp\/v2\/comments?post=520"}],"version-history":[{"count":4,"href":"https:\/\/bonjourbarcelone.fr\/en\/wp-json\/wp\/v2\/pages\/520\/revisions"}],"predecessor-version":[{"id":4114,"href":"https:\/\/bonjourbarcelone.fr\/en\/wp-json\/wp\/v2\/pages\/520\/revisions\/4114"}],"wp:featuredmedia":[{"embeddable":true,"href":"https:\/\/bonjourbarcelone.fr\/en\/wp-json\/wp\/v2\/media\/308"}],"wp:attachment":[{"href":"https:\/\/bonjourbarcelone.fr\/en\/wp-json\/wp\/v2\/media?parent=520"}],"curies":[{"name":"wp","href":"https:\/\/api.w.org\/{rel}","templated":true}]}}