{"id":793,"date":"2025-12-14T13:33:32","date_gmt":"2025-12-14T13:33:32","guid":{"rendered":"http:\/\/thibaut.wpengine.com\/?page_id=793"},"modified":"2025-12-26T18:31:56","modified_gmt":"2025-12-26T18:31:56","slug":"palace-of-catalan-music","status":"publish","type":"page","link":"https:\/\/bonjourbarcelone.fr\/en\/palace-of-catalan-music\/","title":{"rendered":"Palais de la musique catalane : le guide complet [2026]"},"content":{"rendered":"<p>In this article, I present<strong> le Palais de la musique catalane<\/strong> (Palau de musica catalana) install\u00e9 \u00e0 Barcelone. Pour les m\u00e9lomanes et les amateurs d&rsquo;architecture, c&rsquo;est une visite \u00e0 ne pas manquer.<\/p>\n<p>Vous trouverez notamment :<\/p>\n<ul>\n<li>Une pr\u00e9sentation de ce palais de la musique catalane<\/li>\n<li>Ce qu&rsquo;on peut voir et faire en le visitant<\/li>\n<li>Comment le rejoindre ?<\/li>\n<li>Comment assister \u00e0 un concert ?<\/li>\n<li>Des informations pratiques : tarifs, horaires, r\u00e9servation<\/li>\n<li>Et bien d&rsquo;autres choses !<\/li>\n<\/ul>\n<p>Si vous souhaitez tout savoir sur ce palais de la musique catalane de Barcelone, vous aller adorer cet article.<\/p>\n<p>Follow the guide!<\/p>\n<p><a href=\"https:\/\/bonjourbarcelone.fr\/wp-content\/uploads\/2025\/12\/Palau-da-musica-catalana.jpg\"><img decoding=\"async\" class=\"aligncenter size-full wp-image-4096\" src=\"https:\/\/bonjourbarcelone.fr\/wp-content\/uploads\/2025\/12\/Palau-da-musica-catalana.jpg\" alt=\"Palau da musica catalana\" width=\"600\" height=\"400\" srcset=\"https:\/\/bonjourbarcelone.fr\/wp-content\/uploads\/2025\/12\/Palau-da-musica-catalana.jpg 600w, https:\/\/bonjourbarcelone.fr\/wp-content\/uploads\/2025\/12\/Palau-da-musica-catalana-300x200.jpg 300w, https:\/\/bonjourbarcelone.fr\/wp-content\/uploads\/2025\/12\/Palau-da-musica-catalana-18x12.jpg 18w\" sizes=\"(max-width: 600px) 100vw, 600px\" \/><\/a><\/p>\n<h2 class=\"summary-title\">Palais de la musique catalane : sommaire de l&rsquo;article<\/h2>\n<div class=\"summary-box\">\n<ul class=\"summary-list\">\n<li><a href=\"#1\">Palais de la musique catalane : le plus bel exemple de modernisme catalan<br \/>\n<\/a><\/li>\n<li><a href=\"#2\">Le palais de la musique catalane : informations utiles (tarifs, horaires, concerts)<br \/>\n<\/a><\/li>\n<li><a href=\"#3\">How to get to the Palace of Catalan Music<br \/>\n<\/a><\/li>\n<li><a href=\"#4\">The history of the Palace of Catalan Music<br \/>\n<\/a><\/li>\n<li><a href=\"#5\">La visite du Palais de la musique catalane : \u00e0 quoi s\u2019attendre ?<br \/>\n<\/a><\/li>\n<li><a href=\"#6\">Que voir et que faire dans les environs ?<br \/>\n<\/a><\/li>\n<\/ul>\n<\/div>\n<p><a name=\"1\"><\/a><\/p>\n<h2><strong>Palais de la musique catalane : le plus bel exemple de modernisme catalan\u00a0<\/strong><\/h2>\n<p>Visit<strong> Palace of Catalan Music<\/strong> est, <a href=\"https:\/\/bonjourbarcelone.fr\/en\/what-to-do-in-barcelona\/\">in Barcelona<\/a>, <strong>the finest example of modernist art<\/strong> but also the<strong>one of the most popular monuments<\/strong> for its representation of Spanish decorative arts.<\/p>\n<p>This palace is the pride and joy of the Catalan people. <strong>dedicated solely to the art of music<\/strong>.<\/p>\n<p>There's a large concert hall, as well as a restaurant and a store for aficionados... Everything inspires creation and invites the ear to stretch and educate itself to the sweet melodies that escape from this enchanting monument.<\/p>\n<p>This place also moves by <strong>its architecture and decoration<\/strong> which, now over a hundred years old, continue to surprise visitors, whether they come to watch performances or simply admire the building.<\/p>\n<p>Les murs du palais de la musique catalane ont tant de choses \u00e0 nous raconter\u2026 !<\/p>\n<p><img decoding=\"async\" class=\"img-full\" title=\"image name\" src=\"https:\/\/bonjourbarcelone.fr\/wp-content\/uploads\/2017\/07\/Palais-de-la-musique-catalane-fac\u0327ade.jpg\" alt=\"image name\" \/><br \/>\n<a name=\"2\"><\/a><\/p>\n<h2><strong>Le palais de la musique catalane : informations utiles (tarifs, horaires, concerts)<\/strong><\/h2>\n<p>Voici des informations \u00e0 conna\u00eetre pour visiter le palais de la Musique catalane dans les meilleures conditions.<\/p>\n<h3><strong>Opening hours of the Palace of Catalan Music<\/strong><\/h3>\n<ul>\n<li>En \u00e9t\u00e9: du lundi au dimanche de 10 h \u00e0 18 h.<\/li>\n<li>En hiver : du lundi au dimanche de 10 h \u00e0 15 h 30<\/li>\n<\/ul>\n<h3><strong>Admission to the Palace of Catalan Music<\/strong><\/h3>\n<p>Plusieurs options s&rsquo;offrent aux visiteurs pour d\u00e9couvrir le <em>Palau :<\/em><\/p>\n<ul>\n<li>Visite autoguid\u00e9e (sans guide audio) : 18 euros<\/li>\n<li>Visite avec guide audio : 22 euros<\/li>\n<li>Visite guid\u00e9e : 22 euros<\/li>\n<\/ul>\n<p>En plus de ces options classiques, diverses visites sp\u00e9ciales peuvent \u00eatre r\u00e9serv\u00e9es, pour d\u00e9couvrir des zones exclusives du Palais ou suivre un parcours \u00e0 th\u00e8me (ex : <a href=\"https:\/\/bonjourbarcelone.fr\/en\/antoni-gaudi-structures\/\">Gaud\u00ed<\/a>, fleurs, femmes, etc.)<\/p>\n<p><strong>Buy your tickets online<\/strong> : <a href=\"https:\/\/www.palaumusica.cat\/fr\/visites\/visites-et-tickets_1159168\" target=\"_blank\" rel=\"nofollow noopener noreferrer\">cliquez ici pour aller vers la page de r\u00e9servation officielle<\/a><\/p>\n<p><strong>Discounts are available for<\/strong> :<\/p>\n<ul>\n<li>Subscribers to the Palais de la musique catalane<\/li>\n<li>Residents of Catalonia<\/li>\n<li>Groups (25 people or more)<\/li>\n<li>Large families<\/li>\n<li><a href=\"https:\/\/bonjourbarcelone.fr\/en\/barcelone-en-situation-handicap\/\">Les personnes en situation de handicap<\/a><\/li>\n<li>Les d\u00e9tenteurs de tickets Aerobus, Barcelone Touristic Bus, <a href=\"https:\/\/bonjourbarcelone.fr\/en\/barcelona-card\/\">Barcelona Card<\/a>, City Tours, Route du Modernisme et Walking Tours<\/li>\n<li>Free for children under 10 accompanied by a family member<\/li>\n<\/ul>\n<p><img decoding=\"async\" class=\"img-full\" title=\"artist\" src=\"https:\/\/bonjourbarcelone.fr\/wp-content\/uploads\/2017\/07\/Palais-de-la-musique-catalane-artiste.jpg\" alt=\"artist\" \/><\/p>\n<h3><strong>Peut-on assister \u00e0 un concert au Palais de la musique Catalane ? <\/strong><\/h3>\n<p class=\"block-offer-desc\">Oui, le palais est aussi une c\u00e9l\u00e8bre salle de concert et, tout au long de l&rsquo;ann\u00e9e, des concerts s&rsquo;y tiennent. <strong>La programmation est assez \u00e9clectique<\/strong>, avec de la musique classique, des <a href=\"https:\/\/bonjourbarcelone.fr\/en\/flamenco-barcelona\/\">spectacles de Flamenco<\/a>, des chorales, de la vari\u00e9t\u00e9 espagnole ou encore des concerts-cin\u00e9 avec orchestre symphonique.<\/p>\n<p>Il faut g\u00e9n\u00e9ralement r\u00e9server vos billets \u00e0 l&rsquo;avance pour en profiter. D\u00e9couvrez les tarifs et la programmation compl\u00e8te 2025\/2026 <a href=\"https:\/\/www.palaumusica.cat\/en\/programme_1158636\" target=\"_blank\" rel=\"noopener\">sur cette page<\/a>.<\/p>\n<h3><strong>Contact<\/strong><\/h3>\n<ul>\n<li>\u260e\ufe0f (+34) 902 442 882<\/li>\n<li>site officiel : <a href=\"https:\/\/www.palaumusica.cat\/en\" target=\"_blank\" rel=\"noopener\">https:\/\/www.palaumusica.cat\/en<\/a><\/li>\n<\/ul>\n<p><a name=\"3\"><\/a><\/p>\n<h2><strong>How to get to the Palace of Catalan Music<\/strong><\/h2>\n<p>Le palais se trouve \u00e0 l&rsquo;adresse suivante : Carrer Palau de la M\u00fasica, 4-6 (08003) Barcelone<\/p>\n<p>C&rsquo;est en plein c\u0153ur de <a href=\"https:\/\/bonjourbarcelone.fr\/en\/old-town-barcelona\/\">la vieille ville<\/a>, que vous pourrez parcourir lors de votre passage. Il s&rsquo;agit d&rsquo;une des zones les plus charmantes de Barcelone.<\/p>\n<ul>\n<li><strong>Metro<\/strong> Line 1 (green) and Line 4 (yellow) - Urquinaona station<\/li>\n<li><strong>Bus<\/strong> : 45, V15 and V17<\/li>\n<li>A pied, en marchant 5 minutes depuis <a href=\"https:\/\/bonjourbarcelone.fr\/en\/place-catalunya-barcelona\/\">Pla\u00e7a Catalunya<\/a><\/li>\n<\/ul>\n<aside class=\"block-note\">\n<p class=\"block-offer-desc\"><strong>Information pratique : <\/strong>Pour consulter la page Bonjour Barcelone d\u00e9di\u00e9e aux transports \u00e0 Barcelone<strong>, <\/strong><a href=\"https:\/\/bonjourbarcelone.fr\/en\/public-transport-barcelona\/\" target=\"_blank\" rel=\"noopener noreferrer\">c&rsquo;est ici !<\/a><\/p>\n<\/aside>\n<p><a name=\"4\"><\/a><\/p>\n<h2><strong>The history of the Palace of Catalan Music<\/strong><\/h2>\n<p><img decoding=\"async\" class=\"img-full\" title=\"palace of catalan music architecture\" src=\"https:\/\/bonjourbarcelone.fr\/wp-content\/uploads\/2017\/07\/Palais-de-la-musique-catalane-architecture.jpg\" alt=\"palace of catalan music architecture\" \/><\/p>\n<p><strong>Centenary<\/strong>the construction of the Palace of Catalan Music was initiated by <strong>Llu\u00eds Dom\u00e8nech i Montaner<\/strong>, <strong>modernist architect<\/strong> (he was responsible for the Sant Pau hospital), and lasted 3 years (<strong>between 1905 and 1908<\/strong>), at the request of the Catalan Music Society, <strong>Orfe\u00f3 Catal\u00e0<\/strong>.<\/p>\n<p>Ce monument a fait l\u2019objet de travaux de r\u00e9habilitation en 1983, sous l\u2019\u0153il attentif d\u2019\u00d3scar Tusquets et a \u00e9t\u00e9 \u00e9rig\u00e9 au rang de monument <strong>listed as a Unesco World Heritage Site on December 4, 1997<\/strong>.<\/p>\n<aside class=\"block-note\">\n<p class=\"block-offer-desc\"><strong>In 2002, Spain awarded the establishment the Gold Medal of Merit for Fine Arts, the ultimate distinction.<\/strong><\/p>\n<\/aside>\n<p>In addition to its function as a venue for musical concerts and song recitals, the main hall has also hosted cultural events such as theatrical performances and political events.<\/p>\n<p>Malgr\u00e9 l\u2019accueil de repr\u00e9sentations peu glorieuses durant la dictature et l\u2019amiti\u00e9 hispano-germanique durant la Seconde Guerre mondiale, le palais de la Musique catalane est l\u2019un des monuments les plus embl\u00e9matiques de Barcelone, du fait de sa fonction <strong>educational and artistic<\/strong>.<\/p>\n<p>Il fait partie de la vie des Catalans et \u00e9volue avec eux : <strong>all styles of music are played<\/strong>.<br \/>\n<a name=\"5\"><\/a><\/p>\n<h2><strong>La visite du Palais de la musique catalane : \u00e0 quoi s&rsquo;attendre ?\u00a0<\/strong><\/h2>\n<p>The Palau de la M\u00fasica Catalana is located in a <strong>historic district<\/strong>, qui accorde une place importante \u00e0 la mise en valeur de la culture et de la conservation des arts en g\u00e9n\u00e9ral.<\/p>\n<p>That's why we're hardly surprised by the importance attached to the architecture and meticulous decoration that adorn the premises.<\/p>\n<p><strong>The overall structure of the building is impressive<\/strong> A central metal skeleton adorned with glass.<\/p>\n<p><strong>The tour begins <\/strong>from the outside with <strong>the Palais facade<\/strong> : d\u00e9j\u00e0 l\u00e0, on s&rsquo;aper\u00e7oit de <strong>the incredible work<\/strong> by architects and workers.<\/p>\n<p>La couleur majoritaire est le rouge brique afin de rendre une dimension exceptionnelle et particuli\u00e8re \u00e0 ce b\u00e2timent, au milieu des autres. Tout dans la fa\u00e7ade rappelle les grandes figures de la musique : les sculptures, la mosa\u00efque et la c\u00e9ramique repr\u00e9sentent soit des compositeurs, soit des chanteurs, soit des artistes influents de l\u2019\u00e9poque.<\/p>\n<p><img decoding=\"async\" class=\"img-full\" title=\"palace of catalan music\" src=\"https:\/\/bonjourbarcelone.fr\/wp-content\/uploads\/2017\/07\/Palais-de-la-musique-catalane.jpg\" alt=\"palace of catalan music\" \/><\/p>\n<p><strong>The tour continues<\/strong> with the <strong>main concert hall<\/strong> : <strong>sublime, unique and grandiose. <\/strong>These are the words that can be attributed to it, in view of the difficulty that the architect had to face in order to render this magical dimension incomparable: <strong>natural light illuminates the premises<\/strong>.<\/p>\n<p>It's the only example in Europe, and it's in Barcelona!<\/p>\n<p><img decoding=\"async\" class=\"img-full\" title=\"stained glass\" src=\"https:\/\/bonjourbarcelone.fr\/wp-content\/uploads\/2017\/07\/Palais-de-la-musique-catalane-vitraux.jpg\" alt=\"stained glass\" \/><\/p>\n<p>Une pluralit\u00e9 de mati\u00e8res se retrouve sur les murs et les plafonds : sculpture, m\u00e9tal forg\u00e9, mosa\u00efque, vitrail\u2026 Y sont repr\u00e9sent\u00e9es, par exemple, <strong>les Walkyries de Wagner.<\/strong><\/p>\n<p>The Llu\u00eds Millet room, dedicated to the artist of the same name and founder of the Orfe\u00f3 Catal\u00e0 foundation, serves as a resting place and is also particularly well decorated.<\/p>\n<h3><strong>Combien de temps dure la visite du palais de la musique Catalane ?\u00a0<\/strong><\/h3>\n<p>Les visites guid\u00e9es durent environ 55 minutes, donc pr\u00e9voyez une bonne heure dans votre programme.<\/p>\n<p>Seul, vous pouvez tabler sur 1h\/1h30 en prenant le temps d&rsquo;admirer les d\u00e9tails architecturaux, qui ne manquent pas !<\/p>\n<h3><strong>Faut-il visiter ce palais de la musique lors d&rsquo;un s\u00e9jour \u00e0 Barcelone ?\u00a0<\/strong><\/h3>\n<p>S&rsquo;il y a <a href=\"https:\/\/bonjourbarcelone.fr\/en\/monument-barcelona\/\" target=\"_blank\" rel=\"noopener\">des incontournables<\/a>, \u00e0 visiter en priorit\u00e9 \u00e0 Barcelone, la visite du palais de la Musique Catalane ne vous d\u00e9cevra pas. <strong>L&rsquo;endroit est unique en son genre<\/strong> et il impressionnera sans mal tous ceux qui le d\u00e9couvriront.<\/p>\n<p>Mieux, si vous pouvez assister \u00e0 un concert, vous serez charm\u00e9s !<br \/>\n<a name=\"6\"><\/a><\/p>\n<h2><strong>Que voir et que faire dans les environs ?<\/strong><\/h2>\n<p>Voici les suggestions de visites de Bonjour Barcelone, pour que vous puissiez continuer \u00e0 explorer la ville depuis ce palais :<\/p>\n<ul>\n<li>Marcher jusqu&rsquo;\u00e0 la <a href=\"https:\/\/bonjourbarcelone.fr\/en\/saint-cross-cathedral-barcelona\/\">superbe cath\u00e9drale de Barcelone<\/a>, \u00e0 5 minutes \u00e0 pied<\/li>\n<li>D\u00e9couvrir l<a href=\"https:\/\/bonjourbarcelone.fr\/en\/casa-batllo-barcelona\/\">a casa Battl\u00f3<\/a>, \u0153uvre phare de Gaudi<\/li>\n<li>Contact <a href=\"https:\/\/bonjourbarcelone.fr\/en\/picasso-museum-barcelona\/\">le mus\u00e9e Picasso de Barcelone<\/a><\/li>\n<\/ul>\n<p>Bonne visite \u00e0 tous !<\/p>","protected":false},"excerpt":{"rendered":"<p>Dans cet article, je vous pr\u00e9sente le Palais de la musique catalane (Palau de musica catalana) install\u00e9 \u00e0 Barcelone. Pour les m\u00e9lomanes et les amateurs d&rsquo;architecture, c&rsquo;est une visite \u00e0 ne pas manquer. Vous trouverez notamment : Une pr\u00e9sentation de ce palais de la musique catalane Ce qu&rsquo;on peut voir et faire en le visitant [&hellip;]<\/p>","protected":false},"author":2,"featured_media":657,"parent":0,"menu_order":0,"comment_status":"open","ping_status":"closed","template":"","meta":{"om_disable_all_campaigns":false,"_genesis_hide_title":false,"_genesis_hide_breadcrumbs":false,"_genesis_hide_singular_image":false,"_genesis_hide_footer_widgets":false,"_genesis_custom_body_class":"","_genesis_custom_post_class":"","_genesis_layout":"","footnotes":""},"class_list":{"0":"post-793","1":"page","2":"type-page","3":"status-publish","4":"has-post-thumbnail","6":"entry"},"yoast_head":"<!-- This site is optimized with the Yoast SEO plugin v26.5 - https:\/\/yoast.com\/wordpress\/plugins\/seo\/ -->\n<title>Palais de la musique catalane : le guide complet [2026]<\/title>\n<meta name=\"description\" content=\"Voici l&#039;article complet avec toutes les informations pratiques pour d\u00e9couvrir le palais de la musique catalane !\" \/>\n<meta name=\"robots\" content=\"index, follow, max-snippet:-1, max-image-preview:large, max-video-preview:-1\" \/>\n<link rel=\"canonical\" href=\"https:\/\/bonjourbarcelone.fr\/en\/palace-of-catalan-music\/\" \/>\n<meta property=\"og:locale\" content=\"en_US\" \/>\n<meta property=\"og:type\" content=\"article\" \/>\n<meta property=\"og:title\" content=\"Palais de la musique catalane : le guide complet [2026]\" \/>\n<meta property=\"og:description\" content=\"Voici l&#039;article complet avec toutes les informations pratiques pour d\u00e9couvrir le palais de la musique catalane !\" \/>\n<meta property=\"og:url\" content=\"https:\/\/bonjourbarcelone.fr\/en\/palace-of-catalan-music\/\" \/>\n<meta property=\"og:site_name\" content=\"Visiter Barcelone\" \/>\n<meta property=\"article:modified_time\" content=\"2025-12-26T18:31:56+00:00\" \/>\n<meta property=\"og:image\" content=\"https:\/\/bonjourbarcelone.fr\/wp-content\/uploads\/2017\/07\/Palais-de-la-musique-catalane.jpg\" \/>\n\t<meta property=\"og:image:width\" content=\"640\" \/>\n\t<meta property=\"og:image:height\" content=\"427\" \/>\n\t<meta property=\"og:image:type\" content=\"image\/jpeg\" \/>\n<meta name=\"twitter:card\" content=\"summary_large_image\" \/>\n<meta name=\"twitter:label1\" content=\"Est. reading time\" \/>\n\t<meta name=\"twitter:data1\" content=\"9 minutes\" \/>\n<script type=\"application\/ld+json\" class=\"yoast-schema-graph\">{\"@context\":\"https:\/\/schema.org\",\"@graph\":[{\"@type\":\"WebPage\",\"@id\":\"https:\/\/bonjourbarcelone.fr\/palais-de-la-musique-catalane\/\",\"url\":\"https:\/\/bonjourbarcelone.fr\/palais-de-la-musique-catalane\/\",\"name\":\"Palais de la musique catalane : le guide complet [2026]\",\"isPartOf\":{\"@id\":\"https:\/\/bonjourbarcelone.fr\/#website\"},\"primaryImageOfPage\":{\"@id\":\"https:\/\/bonjourbarcelone.fr\/palais-de-la-musique-catalane\/#primaryimage\"},\"image\":{\"@id\":\"https:\/\/bonjourbarcelone.fr\/palais-de-la-musique-catalane\/#primaryimage\"},\"thumbnailUrl\":\"https:\/\/bonjourbarcelone.fr\/wp-content\/uploads\/2017\/07\/Palais-de-la-musique-catalane.jpg\",\"datePublished\":\"2025-12-14T13:33:32+00:00\",\"dateModified\":\"2025-12-26T18:31:56+00:00\",\"description\":\"Voici l'article complet avec toutes les informations pratiques pour d\u00e9couvrir le palais de la musique catalane !\",\"breadcrumb\":{\"@id\":\"https:\/\/bonjourbarcelone.fr\/palais-de-la-musique-catalane\/#breadcrumb\"},\"inLanguage\":\"en-US\",\"potentialAction\":[{\"@type\":\"ReadAction\",\"target\":[\"https:\/\/bonjourbarcelone.fr\/palais-de-la-musique-catalane\/\"]}]},{\"@type\":\"ImageObject\",\"inLanguage\":\"en-US\",\"@id\":\"https:\/\/bonjourbarcelone.fr\/palais-de-la-musique-catalane\/#primaryimage\",\"url\":\"https:\/\/bonjourbarcelone.fr\/wp-content\/uploads\/2017\/07\/Palais-de-la-musique-catalane.jpg\",\"contentUrl\":\"https:\/\/bonjourbarcelone.fr\/wp-content\/uploads\/2017\/07\/Palais-de-la-musique-catalane.jpg\",\"width\":640,\"height\":427},{\"@type\":\"BreadcrumbList\",\"@id\":\"https:\/\/bonjourbarcelone.fr\/palais-de-la-musique-catalane\/#breadcrumb\",\"itemListElement\":[{\"@type\":\"ListItem\",\"position\":1,\"name\":\"Accueil\",\"item\":\"https:\/\/bonjourbarcelone.fr\/\"},{\"@type\":\"ListItem\",\"position\":2,\"name\":\"Palais de la musique catalane : le guide complet [2026]\"}]},{\"@type\":\"WebSite\",\"@id\":\"https:\/\/bonjourbarcelone.fr\/#website\",\"url\":\"https:\/\/bonjourbarcelone.fr\/\",\"name\":\"Visiter Barcelone\",\"description\":\"Tout pour passer un s\u00e9jour inoubliable en 2026 !\",\"potentialAction\":[{\"@type\":\"SearchAction\",\"target\":{\"@type\":\"EntryPoint\",\"urlTemplate\":\"https:\/\/bonjourbarcelone.fr\/?s={search_term_string}\"},\"query-input\":{\"@type\":\"PropertyValueSpecification\",\"valueRequired\":true,\"valueName\":\"search_term_string\"}}],\"inLanguage\":\"en-US\"}]}<\/script>\n<!-- \/ Yoast SEO plugin. -->","yoast_head_json":{"title":"Palais de la musique catalane : le guide complet [2026]","description":"Here's the full article with all the practical information you need to discover the palace of Catalan music!","robots":{"index":"index","follow":"follow","max-snippet":"max-snippet:-1","max-image-preview":"max-image-preview:large","max-video-preview":"max-video-preview:-1"},"canonical":"https:\/\/bonjourbarcelone.fr\/en\/palace-of-catalan-music\/","og_locale":"en_US","og_type":"article","og_title":"Palais de la musique catalane : le guide complet [2026]","og_description":"Voici l'article complet avec toutes les informations pratiques pour d\u00e9couvrir le palais de la musique catalane !","og_url":"https:\/\/bonjourbarcelone.fr\/en\/palace-of-catalan-music\/","og_site_name":"Visiter Barcelone","article_modified_time":"2025-12-26T18:31:56+00:00","og_image":[{"width":640,"height":427,"url":"https:\/\/bonjourbarcelone.fr\/wp-content\/uploads\/2017\/07\/Palais-de-la-musique-catalane.jpg","type":"image\/jpeg"}],"twitter_card":"summary_large_image","twitter_misc":{"Est. reading time":"9 minutes"},"schema":{"@context":"https:\/\/schema.org","@graph":[{"@type":"WebPage","@id":"https:\/\/bonjourbarcelone.fr\/palais-de-la-musique-catalane\/","url":"https:\/\/bonjourbarcelone.fr\/palais-de-la-musique-catalane\/","name":"Palais de la musique catalane : le guide complet [2026]","isPartOf":{"@id":"https:\/\/bonjourbarcelone.fr\/#website"},"primaryImageOfPage":{"@id":"https:\/\/bonjourbarcelone.fr\/palais-de-la-musique-catalane\/#primaryimage"},"image":{"@id":"https:\/\/bonjourbarcelone.fr\/palais-de-la-musique-catalane\/#primaryimage"},"thumbnailUrl":"https:\/\/bonjourbarcelone.fr\/wp-content\/uploads\/2017\/07\/Palais-de-la-musique-catalane.jpg","datePublished":"2025-12-14T13:33:32+00:00","dateModified":"2025-12-26T18:31:56+00:00","description":"Here's the full article with all the practical information you need to discover the palace of Catalan music!","breadcrumb":{"@id":"https:\/\/bonjourbarcelone.fr\/palais-de-la-musique-catalane\/#breadcrumb"},"inLanguage":"en-US","potentialAction":[{"@type":"ReadAction","target":["https:\/\/bonjourbarcelone.fr\/palais-de-la-musique-catalane\/"]}]},{"@type":"ImageObject","inLanguage":"en-US","@id":"https:\/\/bonjourbarcelone.fr\/palais-de-la-musique-catalane\/#primaryimage","url":"https:\/\/bonjourbarcelone.fr\/wp-content\/uploads\/2017\/07\/Palais-de-la-musique-catalane.jpg","contentUrl":"https:\/\/bonjourbarcelone.fr\/wp-content\/uploads\/2017\/07\/Palais-de-la-musique-catalane.jpg","width":640,"height":427},{"@type":"BreadcrumbList","@id":"https:\/\/bonjourbarcelone.fr\/palais-de-la-musique-catalane\/#breadcrumb","itemListElement":[{"@type":"ListItem","position":1,"name":"Accueil","item":"https:\/\/bonjourbarcelone.fr\/"},{"@type":"ListItem","position":2,"name":"Palais de la musique catalane : le guide complet [2026]"}]},{"@type":"WebSite","@id":"https:\/\/bonjourbarcelone.fr\/#website","url":"https:\/\/bonjourbarcelone.fr\/","name":"Visiting Barcelona","description":"Tout pour passer un s\u00e9jour inoubliable en 2026 !","potentialAction":[{"@type":"SearchAction","target":{"@type":"EntryPoint","urlTemplate":"https:\/\/bonjourbarcelone.fr\/?s={search_term_string}"},"query-input":{"@type":"PropertyValueSpecification","valueRequired":true,"valueName":"search_term_string"}}],"inLanguage":"en-US"}]}},"_links":{"self":[{"href":"https:\/\/bonjourbarcelone.fr\/en\/wp-json\/wp\/v2\/pages\/793","targetHints":{"allow":["GET"]}}],"collection":[{"href":"https:\/\/bonjourbarcelone.fr\/en\/wp-json\/wp\/v2\/pages"}],"about":[{"href":"https:\/\/bonjourbarcelone.fr\/en\/wp-json\/wp\/v2\/types\/page"}],"author":[{"embeddable":true,"href":"https:\/\/bonjourbarcelone.fr\/en\/wp-json\/wp\/v2\/users\/2"}],"replies":[{"embeddable":true,"href":"https:\/\/bonjourbarcelone.fr\/en\/wp-json\/wp\/v2\/comments?post=793"}],"version-history":[{"count":6,"href":"https:\/\/bonjourbarcelone.fr\/en\/wp-json\/wp\/v2\/pages\/793\/revisions"}],"predecessor-version":[{"id":4121,"href":"https:\/\/bonjourbarcelone.fr\/en\/wp-json\/wp\/v2\/pages\/793\/revisions\/4121"}],"wp:featuredmedia":[{"embeddable":true,"href":"https:\/\/bonjourbarcelone.fr\/en\/wp-json\/wp\/v2\/media\/657"}],"wp:attachment":[{"href":"https:\/\/bonjourbarcelone.fr\/en\/wp-json\/wp\/v2\/media?parent=793"}],"curies":[{"name":"wp","href":"https:\/\/api.w.org\/{rel}","templated":true}]}}