{"id":1053,"date":"2017-10-30T19:04:43","date_gmt":"2017-10-30T19:04:43","guid":{"rendered":"http:\/\/thibaut.wpengine.com\/?page_id=1053"},"modified":"2025-10-13T13:35:54","modified_gmt":"2025-10-13T13:35:54","slug":"traslado-aeropuerto-barcelona","status":"publish","type":"page","link":"https:\/\/bonjourbarcelone.fr\/es\/traslado-aeropuerto-barcelona\/","title":{"rendered":"\u00bfEst\u00e1s cometiendo el mismo error que 99% de la gente que visita Barcelona?"},"content":{"rendered":"<p>Nota: si est\u00e1 interesado en regresar al aeropuerto, <a href=\"https:\/\/bonjourbarcelone.fr\/es\/traslado-del-centro-de-la-ciudad-a-un-aeropuerto-en-frances\/\" target=\"_blank\" rel=\"noopener noreferrer\">pulse aqu\u00ed<\/a>.<\/p>\n<p><strong>\u00bfLlega a Barcelona en avi\u00f3n como el 9O% de los viajeros?<\/strong><\/p>\n<p>Sigue leyendo...<\/p>\n<h2><center>La mayor\u00eda de los viajeros cometen el error de coger un taxi a su llegada.<\/center><\/h2>\n<h2><center>O <strong>a\u00fan peor<\/strong>.<\/center><\/h2>\n<h2><center>Cometen el error de coger el transporte p\u00fablico.<\/center><\/h2>\n<p>Tal vez est\u00e9 estudiando la ciudad de Barcelona.<\/p>\n<p>Para saber qu\u00e9 visitar primero.<\/p>\n<p>Moverse por la ciudad.<\/p>\n<p>Encontrar buenas ofertas.<\/p>\n<p>Y <strong>tienes raz\u00f3n<\/strong>.<\/p>\n<p>Yo hago lo mismo cuando viajo.<\/p>\n<p>No hay nada peor que llegar a una ciudad que no conoces...<\/p>\n<p>\u00a1Sin haber preparado nada!<\/p>\n<p>Sin hablar el idioma.<\/p>\n<p>Sin saber lo que nos har\u00e1 ganar (o perder) tiempo.<\/p>\n<h2><center><strong>En su caso<\/strong>:<\/center><\/h2>\n<p>Vas a Barcelona con tus bolsas y maletas.<\/p>\n<p>Llegas del aeropuerto.<\/p>\n<p>Y quieres llegar a tu alojamiento. Lo antes posible, si es posible.<\/p>\n<p>Sin que sea una molestia en un transporte p\u00fablico abarrotado.<\/p>\n<p>Que puede tardar una eternidad en llegar a su alojamiento.<\/p>\n<p>Y lleno de carteristas.<\/p>\n<p><strong>Imag\u00ednese<\/strong>...<\/p>\n<p>Est\u00e1s aqu\u00ed con tus maletas y bolsas.<\/p>\n<p>Corres el riesgo de que te roben.<\/p>\n<p>Tienes todo tu dinero contigo.<\/p>\n<p>Sus pasaportes, sus documentos...<\/p>\n<h2><center>No hay nada peor que empezar un viaje y que te roben el primer d\u00eda.<\/center><\/h2>\n<p>A continuaci\u00f3n, debe llamar a su banco para bloquear sus tarjetas de cr\u00e9dito.<\/p>\n<p>Debe acudir a la polic\u00eda para denunciar el robo.<\/p>\n<p>Debe acudir a la embajada francesa antes de poder regresar a su pa\u00eds con un documento provisional.<\/p>\n<p>En pocas palabras.<\/p>\n<p><strong>Es una pesadilla<\/strong>.<\/p>\n<p>Desgraciadamente, esto les ocurre con bastante frecuencia a los viajeros de transportes p\u00fablicos como el metro o el autob\u00fas.<\/p>\n<h2><center>\u00bfHas pensado en coger un taxi?<\/center><\/h2>\n<p>No es mucho mejor.<\/p>\n<p>Entre taxis falsos.<\/p>\n<p>Taxis que no encienden el veloc\u00edmetro, que dicen que no funciona o que lo cambian para que vaya m\u00e1s r\u00e1pido de lo normal.<\/p>\n<p>Las que te llevan a dar grandes rodeos sin que te des cuenta.<\/p>\n<p>Es f\u00e1cil que te timen.<\/p>\n<p>Una amiga m\u00eda pag\u00f3 m\u00e1s de 100 euros por un trayecto desde el aeropuerto hasta su alojamiento en el centro de la ciudad.<\/p>\n<p><strong>Una gran estafa<\/strong> !<\/p>\n<p>Por no hablar de que a menudo hay que esperar una hora o m\u00e1s para coger un taxi.<\/p>\n<p>De hecho, el verdadero problema es \u00e9ste:<\/p>\n<h2><center><strong>No conoce ning\u00fan medio de transporte que sea fiable, c\u00f3modo y r\u00e1pido<\/strong>.<\/center><\/h2>\n<p>Y o coges un taxi o el transporte p\u00fablico y esperas lo mejor.<\/p>\n<p>Precisamente para evitar estos inconvenientes he decidido ofrecer un servicio perfecto para viajeros como usted.<\/p>\n<h2><center>Con una empresa de traslados de confianza, podemos ofrecerle LE <strong>transferencia ideal<\/strong> para empezar sus vacaciones.<\/center><\/h2>\n<p>Incluso para personas con un presupuesto ajustado.<\/p>\n<aside class=\"block-note\">\n<p class=\"block-offer-desc\"><strong>Nuestros gu\u00edas tienen ventajas \u00fanicas<\/strong>:<\/p>\n<ul>\n<li>hablan <strong>Franc\u00e9s<\/strong> que facilita la comunicaci\u00f3n<\/li>\n<li>Le estar\u00e1n esperando a su llegada al aeropuerto con un cartel con su nombre. <strong>evitar esperas<\/strong> De 1 a 2 horas por taxi<\/li>\n<li>ellos <strong>ayuda con las maletas<\/strong> para no cansarse despu\u00e9s del vuelo<\/li>\n<li>el <strong>precio fijo<\/strong>para evitar posibles estafas<\/li>\n<li>si su avi\u00f3n se retrasa, la azafata le estar\u00e1 esperando <strong>sin coste adicional<\/strong><\/li>\n<li>tu compa\u00f1ero <strong>responde a todas sus preguntas<\/strong> durante el viaje<\/li>\n<li>hay <strong>sillas de coche para beb\u00e9s y ni\u00f1os<\/strong> en caso necesario (que los taxis casi nunca tienen)<\/li>\n<\/ul>\n<\/aside>\n<p>Con nuestro servicio de traslados...<\/p>\n<p>Puede estar seguro de llegar r\u00e1pidamente a su alojamiento.<\/p>\n<p>Sin haber sido robado o estafado.<\/p>\n<p>Y relajado, porque le habremos ayudado con su equipaje.<\/p>\n<p>Y te sentaste c\u00f3modamente en el coche.<\/p>\n<p>He aqu\u00ed algunos ejemplos <strong>opiniones de viajeros que han reservado un traslado con nosotros<\/strong>:<\/p>\n<blockquote><p>Traslado perfecto con Paul, que habla perfectamente franc\u00e9s. Conducci\u00f3n agradable y responde a cualquier pregunta que puedas tener.<br \/>\nSe lo recomendamos.<\/p>\n<p style=\"text-align: right;\">Alexandre y Nathalie<\/p>\n<p>\u00a1Gracias Bonjour Barcelone! Nuestro avi\u00f3n lleg\u00f3 tarde pero la persona estaba all\u00ed esper\u00e1ndonos. S\u00faper amable tambi\u00e9n. Decidimos reservar un vuelo de vuelta enseguida.<\/p>\n<p style=\"text-align: right;\">Jean-Pierre y sus amigos<\/p>\n<p>Traslado perfecto del hotel al aeropuerto. \u00a1Paul lleg\u00f3 temprano a las 4.20am y fue muy amable, conduciendo de forma mucho m\u00e1s agradable que nuestro taxi en el viaje de ida! Recomiendo<\/p>\n<p style=\"text-align: right;\">Jos\u00e9<\/p>\n<p>Quer\u00eda agradecerles todo lo que hicieron por nosotros en relaci\u00f3n con el traslado del aeropuerto al hotel y la visita guiada.<br \/>\nFuimos muy bien recibidos por el conductor y Floriane.<br \/>\nEstamos muy contentos con nuestra estancia, y gracias a vosotros todo fue perfecto.<br \/>\nFloriane era encantadora y agradable y dominaba perfectamente su tema. Gracias a ella, vimos lo que quer\u00edamos ver.<br \/>\nEl conductor tambi\u00e9n fue estupendo y contaremos con \u00e9l el domingo para nuestro regreso a Francia.<br \/>\nEn cualquier caso, no olvidaremos esta estancia y la pr\u00f3xima vez volveremos a recurrir a vosotros, eso seguro.<br \/>\nMuchas gracias por todo y estamos disfrutando de nuestra \u00faltima noche en esta hermosa ciudad de Barcelona.<\/p>\n<p style=\"text-align: right;\">Violette<\/p>\n<p>Muy buen servicio. Especialmente cuando el vuelo llega a medianoche y nos esperan cuando hay un retraso. Sin sorpresas. Gracias a los conductores.<\/p>\n<p style=\"text-align: right;\">SCHOEMANN<\/p>\n<p>Excelente servicio, que he encontrado en su sitio, traslado al aeropuerto impecable con una visita guiada por la ciudad, el conductor era super amable, habr\u00eda sido un taxi con desviaciones la tarifa no habr\u00eda sido la misma, con este servicio no hay sorpresas a la llegada, la tarifa es fija, totalmente recomendable, gracias Paul, hasta pronto.<\/p>\n<p style=\"text-align: right;\">DI PENTIMA MARINA<\/p>\n<p>Servicio VIP de alta gama<br \/>\nPor un precio econ\u00f3mico<br \/>\nEnhorabuena a su empresa y enhorabuena a sus conductores.<br \/>\nGracias de nuevo<\/p>\n<p style=\"text-align: right;\"> Bettioui <\/p>\n<p>Traslado del hotel al aeropuerto por Paul el 26.02, impecable. Puntual delante del hotel, muy servicial, agradable y profesional. Hablaba perfectamente franc\u00e9s.<\/p>\n<p>Realmente recomiendo este servicio.<\/p>\n<p style=\"text-align: right;\"> Magne <\/p>\n<p>Muy agradable y muy profesional. Y extremadamente puntual.<br \/>\nUna actuaci\u00f3n impecable.<br \/>\nRecomendable +++.<\/p>\n<p style=\"text-align: right;\">Herv\u00e9<\/p>\n<p>Un gran agradecimiento a Paul por este traslado impecable! Una acogida muy calurosa y adem\u00e1s en franc\u00e9s. Nos dio muchos peque\u00f1os consejos para nuestra estancia en Barcelona e incluso tuvimos derecho a una visita guiada al mar.<br \/>\nMucha simpat\u00eda y amabilidad.<br \/>\nLo \u00fanico que queremos es volver.<\/p>\n<p style=\"text-align: right;\">Geoffroy<\/p>\n<p>Recomendamos este servicio.<br \/>\nPaul estuvo all\u00ed en cuanto bajamos del avi\u00f3n y fue muy agradable en todo momento. Un conductor muy simp\u00e1tico que nos cont\u00f3 varias an\u00e9cdotas catalanas en un franc\u00e9s impecable.<br \/>\nGracias, Paul.<\/p>\n<p style=\"text-align: right;\">Monteiro<\/p>\n<p>Muy buen servicio. No ten\u00edamos a Paul pero hizo todo lo posible para encontrarnos otro conductor y se asegur\u00f3 de comprobar c\u00f3mo est\u00e1bamos despu\u00e9s de nuestra llegada. El veh\u00edculo era muy c\u00f3modo y limpio. Nuestro conductor fue cort\u00e9s, previsor, puntual y atento a nuestras necesidades. Es muy agradable tener este servicio cuando llegas a un pa\u00eds que no conoces. Un enorme agradecimiento a Gloria y Paul por su saber hacer. Bonne continuation. Patricia et cyrille<\/p>\n<p style=\"text-align: right;\">Patricia Pelletier<\/p>\n<p>Muy buena comunicaci\u00f3n, Paul fue muy amable con nosotros y nos dio consejos... Un servicio muy atento que recomendar\u00eda a 100%.<\/p>\n<p style=\"text-align: right;\">St\u00e9phanie Matias<\/p>\n<p>\u00a1Gracias por el traslado del aeropuerto al hotel y viceversa! \u00a1Impecable! \u00a1Coche muy limpio, conductor muy cort\u00e9s y amable! \u00a1Muy buen franc\u00e9s! \u00a1Es genial llegar a un pa\u00eds desconocido y ser recibido as\u00ed! \u00a1Sin billetes falsos! Recomendamos este servicio.<\/p>\n<p style=\"text-align: right;\">Ragot<\/p>\n<p>Servicio de taxi perfecto, me recibi\u00f3 a mi llegada al aeropuerto un conductor muy amable y profesional, fue muy servicial y me dio buenos consejos para el resto de mi viaje, todo ello en un perfecto franc\u00e9s ;)<br \/>\nMuy recomendable.<\/p>\n<p style=\"text-align: right;\">Ade<\/p>\n<p>Servicio impecable, puntualidad perfecta, nuestros euros mejor gastados de la estancia.<\/p>\n<p>En comparaci\u00f3n, nos encontramos con taxistas que no hablaban ni una palabra de franc\u00e9s, y ah\u00ed es cuando te das cuenta de que el servicio es una gran comodidad.<\/p>\n<p style=\"text-align: right;\">Stevender<\/p>\n<p>Perfecto tanto en el viaje de ida como en el de vuelta. Nuestro amable conductor Paul hablaba un franc\u00e9s impecable y nos dio muchos consejos e informaci\u00f3n. El precio fijo era m\u00e1s que razonable, sobre todo si tu hotel est\u00e1 lejos del aeropuerto. Recomendable +++.<\/p>\n<p style=\"text-align: right;\"> Dominique <\/p>\n<p>El servicio fue muy profesional. Nuestro conductor fue muy amable e incluso nos hizo una visita guiada durante el viaje. Muy agradable y muy profesional. Y extremadamente puntual.<\/p>\n<p style=\"text-align: right;\">Labergere<\/p>\n<\/blockquote>\n<p>Ahora ya sabe que nuestro servicio de traslados es la forma ideal de empezar sus vacaciones en Barcelona.<\/p>\n<p><strong>He aqu\u00ed un c\u00e1lculo sencillo<\/strong>:<\/p>\n<p>Supongamos que sois una pareja y os vais de viaje 4 d\u00edas.<\/p>\n<p>Un viaje cuesta:<br \/>\n- 400,00 euros de alojamiento (100,00 euros por noche en el centro de la ciudad)<br \/>\n- 300,00 euros en avi\u00f3n (150,00 euros por persona el billete de ida y vuelta)<br \/>\n- 240,00 euros en restaurantes (8 restaurantes a 30,00 euros por persona)<\/p>\n<p>Eso ya supone un desembolso de 940,00 euros.<\/p>\n<p>Por no hablar del transporte.<\/p>\n<p>Entradas a monumentos.<\/p>\n<p>Desayunos.<\/p>\n<p>Salidas nocturnas.<\/p>\n<p>Compras in situ.<\/p>\n<p>Los riesgos de posibles estafas.<\/p>\n<p>R\u00e1pidamente llegamos a casi 1.500,00 euros de gastos.<\/p>\n<h2><center>Viajar es una gran inversi\u00f3n.<\/center><\/h2>\n<p>Pero tambi\u00e9n en el tiempo.<\/p>\n<p>Porque no tenemos muchas vacaciones al a\u00f1o.<\/p>\n<p>Y es vital que vayan lo mejor posible.<\/p>\n<h2><center>Por eso es tan importante hacer un traslado con nosotros. <strong>accesible a todos<\/strong>.<\/center><\/h2>\n<p>El precio es de s\u00f3lo 59 euros por un traslado ideal.<\/p>\n<p>Y eso te har\u00e1 <strong>empiece sus vacaciones de la mejor manera posible<\/strong>.<\/p>\n<div class=\"su-box su-box-style-default\" id=\"\" style=\"border-color:#017520;border-radius:3px;\"><div class=\"su-box-title\" style=\"background-color:#34A853;color:#FFFFFF;border-top-left-radius:1px;border-top-right-radius:1px\">Reserva<\/div><div class=\"su-box-content su-u-clearfix su-u-trim\" style=\"border-bottom-left-radius:1px;border-bottom-right-radius:1px\">\n<strong>Tipo fijo<\/strong>:<br \/>\nDe 1 a 3 personas: 59<br \/>\nDe 4 a 6 personas: 69<br \/>\n7-8 personas: 99<\/p>\n<p><strong>Ejemplo<\/strong>Si sois 2, el precio total es de 59 euros.<\/p>\n<p>El pago se realiza en efectivo al final del traslado.<\/p>\n<p><strong>Nota<\/strong>Si est\u00e1 interesado en un vuelo de ida y vuelta al aeropuerto, <a href=\"https:\/\/bonjourbarcelone.fr\/es\/transfert-centre-ville-vers-aeroport\/\" target=\"_blank\" rel=\"noopener noreferrer\">pulse aqu\u00ed<\/a>.<\/p>\n<p>Si no est\u00e1 satisfecho con su transferencia, no paga. Estamos tan seguros de que quedar\u00e1 satisfecho con nuestro servicio que le ofrecemos esto <strong>garant\u00eda de devoluci\u00f3n del dinero<\/strong>. As\u00ed que no est\u00e1s tomando <strong>ning\u00fan riesgo<\/strong> para reservar con nosotros.<\/p>\n<p><strong>RECORDATORIO<\/strong>El traslado es privado. \u00a1Tendr\u00e1s un veh\u00edculo y un gu\u00eda s\u00f3lo para ti!<br \/>\n<\/div><\/div>\n<strong>Rellene el siguiente formulario para reservar su traslado privado en franc\u00e9s:<\/strong><br \/>\n\u2028\u2028<\/p>\n<h4><strong>FAQ (preguntas m\u00e1s frecuentes):<\/strong><\/h4>\n<p><strong>\"Tenemos un beb\u00e9\/ni\u00f1o peque\u00f1o, \u00bftiene un asiento adecuado?\".<\/strong><br \/>\nS\u00ed, por supuesto, s\u00f3lo tiene que especificarlo al rellenar el formulario de reserva.<br \/>\n<strong>\"\u00bfC\u00f3mo podemos estar seguros de encontrar a nuestro conductor?<\/strong><br \/>\nSu gu\u00eda le estar\u00e1 esperando a la salida de pasajeros, as\u00ed que no puede equivocarse.<br \/>\nTendr\u00e1s su n\u00famero de tel\u00e9fono por si acaso, y \u00e9l tambi\u00e9n tendr\u00e1 el tuyo. Acu\u00e9rdate de encender el tel\u00e9fono cuando aterrice el avi\u00f3n.<br \/>\n<strong>\"\u00bfCu\u00e1les son los m\u00e9todos de pago disponibles?<\/strong><br \/>\nEl pago se realiza siempre una vez que haya llegado a su destino, si est\u00e1 satisfecho con el servicio. El pago se realiza en efectivo.<br \/>\n<strong>\"\u00bfEs posible obtener una factura?<\/strong><br \/>\nS\u00ed, por supuesto, s\u00f3lo tienes que preguntarlo cuando rellenes el formulario o a tu acompa\u00f1ante una vez llegues a Barcelona.<\/p>\n<p>&nbsp;<\/p>\n<h4><strong>\u00bfAlguna otra pregunta?<\/strong><\/h4>\n<p>Puede envi\u00e1rnoslos por correo electr\u00f3nico a la siguiente direcci\u00f3n: bonjourbarcelone.marie@gmail.com<br \/>\nNos pondremos en contacto con usted en unas horas.<\/p>","protected":false},"excerpt":{"rendered":"<p>Nota: si est\u00e1 interesado en volver al aeropuerto, haga clic aqu\u00ed. \u00bfLlegas a Barcelona en avi\u00f3n, como el 9O% de los viajeros? Siga leyendo, porque la mayor\u00eda de los viajeros cometen el error de coger un taxi a su llegada. O peor a\u00fan. Cometen el error de coger el transporte p\u00fablico. [...]<\/p>","protected":false},"author":2,"featured_media":3660,"parent":0,"menu_order":0,"comment_status":"closed","ping_status":"closed","template":"page_landing.php","meta":{"om_disable_all_campaigns":false,"_genesis_hide_title":false,"_genesis_hide_breadcrumbs":false,"_genesis_hide_singular_image":false,"_genesis_hide_footer_widgets":false,"_genesis_custom_body_class":"","_genesis_custom_post_class":"","_genesis_layout":"content-sidebar","footnotes":""},"class_list":{"0":"post-1053","1":"page","2":"type-page","3":"status-publish","4":"has-post-thumbnail","6":"entry"},"yoast_head":"<!-- This site is optimized with the Yoast SEO plugin v26.5 - https:\/\/yoast.com\/wordpress\/plugins\/seo\/ -->\n<title>Fa\u00eetes-vous la m\u00eame erreur que 99% des gens qui visitent Barcelone ?<\/title>\n<meta name=\"robots\" content=\"noindex, nofollow\" \/>\n<meta property=\"og:locale\" content=\"es_ES\" \/>\n<meta property=\"og:type\" content=\"article\" \/>\n<meta property=\"og:title\" content=\"Fa\u00eetes-vous la m\u00eame erreur que 99% des gens qui visitent Barcelone ?\" \/>\n<meta property=\"og:description\" content=\"Note: si c&rsquo;est un retour vers l&rsquo;a\u00e9roport qui vous int\u00e9resse, cliquez ici. Vous arrivez \u00e0 Barcelone en avion comme 9O% des voyageurs ? Lisez bien ce qui va suivre\u2026 Car la plupart des voyageurs font l\u2019erreur de prendre un taxi \u00e0 leur arriv\u00e9e. Ou encore pire. Ils font l\u2019erreur de prendre les transports en commun. [&hellip;]\" \/>\n<meta property=\"og:url\" content=\"https:\/\/bonjourbarcelone.fr\/es\/traslado-aeropuerto-barcelona\/\" \/>\n<meta property=\"og:site_name\" content=\"Visiter Barcelone\" \/>\n<meta property=\"article:modified_time\" content=\"2025-10-13T13:35:54+00:00\" \/>\n<meta property=\"og:image\" content=\"https:\/\/bonjourbarcelone.fr\/wp-content\/uploads\/2024\/03\/transfer-aeroport-barcelone.jpeg\" \/>\n\t<meta property=\"og:image:width\" content=\"482\" \/>\n\t<meta property=\"og:image:height\" content=\"319\" \/>\n\t<meta property=\"og:image:type\" content=\"image\/jpeg\" \/>\n<meta name=\"twitter:card\" content=\"summary_large_image\" \/>\n<meta name=\"twitter:label1\" content=\"Tiempo de lectura\" \/>\n\t<meta name=\"twitter:data1\" content=\"6 minutos\" \/>\n<script type=\"application\/ld+json\" class=\"yoast-schema-graph\">{\"@context\":\"https:\/\/schema.org\",\"@graph\":[{\"@type\":\"WebPage\",\"@id\":\"https:\/\/bonjourbarcelone.fr\/transfert-prive-aeroport-barcelone\/\",\"url\":\"https:\/\/bonjourbarcelone.fr\/transfert-prive-aeroport-barcelone\/\",\"name\":\"Fa\u00eetes-vous la m\u00eame erreur que 99% des gens qui visitent Barcelone ?\",\"isPartOf\":{\"@id\":\"https:\/\/bonjourbarcelone.fr\/#website\"},\"primaryImageOfPage\":{\"@id\":\"https:\/\/bonjourbarcelone.fr\/transfert-prive-aeroport-barcelone\/#primaryimage\"},\"image\":{\"@id\":\"https:\/\/bonjourbarcelone.fr\/transfert-prive-aeroport-barcelone\/#primaryimage\"},\"thumbnailUrl\":\"https:\/\/bonjourbarcelone.fr\/wp-content\/uploads\/2024\/03\/transfer-aeroport-barcelone.jpeg\",\"datePublished\":\"2017-10-30T19:04:43+00:00\",\"dateModified\":\"2025-10-13T13:35:54+00:00\",\"breadcrumb\":{\"@id\":\"https:\/\/bonjourbarcelone.fr\/transfert-prive-aeroport-barcelone\/#breadcrumb\"},\"inLanguage\":\"es\",\"potentialAction\":[{\"@type\":\"ReadAction\",\"target\":[\"https:\/\/bonjourbarcelone.fr\/transfert-prive-aeroport-barcelone\/\"]}]},{\"@type\":\"ImageObject\",\"inLanguage\":\"es\",\"@id\":\"https:\/\/bonjourbarcelone.fr\/transfert-prive-aeroport-barcelone\/#primaryimage\",\"url\":\"https:\/\/bonjourbarcelone.fr\/wp-content\/uploads\/2024\/03\/transfer-aeroport-barcelone.jpeg\",\"contentUrl\":\"https:\/\/bonjourbarcelone.fr\/wp-content\/uploads\/2024\/03\/transfer-aeroport-barcelone.jpeg\",\"width\":482,\"height\":319,\"caption\":\"transfer aeroport barcelone\"},{\"@type\":\"BreadcrumbList\",\"@id\":\"https:\/\/bonjourbarcelone.fr\/transfert-prive-aeroport-barcelone\/#breadcrumb\",\"itemListElement\":[{\"@type\":\"ListItem\",\"position\":1,\"name\":\"Accueil\",\"item\":\"https:\/\/bonjourbarcelone.fr\/\"},{\"@type\":\"ListItem\",\"position\":2,\"name\":\"Fa\u00eetes-vous la m\u00eame erreur que 99% des gens qui visitent Barcelone ?\"}]},{\"@type\":\"WebSite\",\"@id\":\"https:\/\/bonjourbarcelone.fr\/#website\",\"url\":\"https:\/\/bonjourbarcelone.fr\/\",\"name\":\"Visiter Barcelone\",\"description\":\"Tout pour passer un s\u00e9jour inoubliable en 2026 !\",\"potentialAction\":[{\"@type\":\"SearchAction\",\"target\":{\"@type\":\"EntryPoint\",\"urlTemplate\":\"https:\/\/bonjourbarcelone.fr\/?s={search_term_string}\"},\"query-input\":{\"@type\":\"PropertyValueSpecification\",\"valueRequired\":true,\"valueName\":\"search_term_string\"}}],\"inLanguage\":\"es\"}]}<\/script>\n<!-- \/ Yoast SEO plugin. -->","yoast_head_json":{"title":"\u00bfEst\u00e1s cometiendo el mismo error que 99% de la gente que visita Barcelona?","robots":{"index":"noindex","follow":"nofollow"},"og_locale":"es_ES","og_type":"article","og_title":"Fa\u00eetes-vous la m\u00eame erreur que 99% des gens qui visitent Barcelone ?","og_description":"Note: si c&rsquo;est un retour vers l&rsquo;a\u00e9roport qui vous int\u00e9resse, cliquez ici. Vous arrivez \u00e0 Barcelone en avion comme 9O% des voyageurs ? Lisez bien ce qui va suivre\u2026 Car la plupart des voyageurs font l\u2019erreur de prendre un taxi \u00e0 leur arriv\u00e9e. Ou encore pire. Ils font l\u2019erreur de prendre les transports en commun. [&hellip;]","og_url":"https:\/\/bonjourbarcelone.fr\/es\/traslado-aeropuerto-barcelona\/","og_site_name":"Visiter Barcelone","article_modified_time":"2025-10-13T13:35:54+00:00","og_image":[{"width":482,"height":319,"url":"https:\/\/bonjourbarcelone.fr\/wp-content\/uploads\/2024\/03\/transfer-aeroport-barcelone.jpeg","type":"image\/jpeg"}],"twitter_card":"summary_large_image","twitter_misc":{"Tiempo de lectura":"6 minutos"},"schema":{"@context":"https:\/\/schema.org","@graph":[{"@type":"WebPage","@id":"https:\/\/bonjourbarcelone.fr\/transfert-prive-aeroport-barcelone\/","url":"https:\/\/bonjourbarcelone.fr\/transfert-prive-aeroport-barcelone\/","name":"\u00bfEst\u00e1s cometiendo el mismo error que 99% de la gente que visita Barcelona?","isPartOf":{"@id":"https:\/\/bonjourbarcelone.fr\/#website"},"primaryImageOfPage":{"@id":"https:\/\/bonjourbarcelone.fr\/transfert-prive-aeroport-barcelone\/#primaryimage"},"image":{"@id":"https:\/\/bonjourbarcelone.fr\/transfert-prive-aeroport-barcelone\/#primaryimage"},"thumbnailUrl":"https:\/\/bonjourbarcelone.fr\/wp-content\/uploads\/2024\/03\/transfer-aeroport-barcelone.jpeg","datePublished":"2017-10-30T19:04:43+00:00","dateModified":"2025-10-13T13:35:54+00:00","breadcrumb":{"@id":"https:\/\/bonjourbarcelone.fr\/transfert-prive-aeroport-barcelone\/#breadcrumb"},"inLanguage":"es","potentialAction":[{"@type":"ReadAction","target":["https:\/\/bonjourbarcelone.fr\/transfert-prive-aeroport-barcelone\/"]}]},{"@type":"ImageObject","inLanguage":"es","@id":"https:\/\/bonjourbarcelone.fr\/transfert-prive-aeroport-barcelone\/#primaryimage","url":"https:\/\/bonjourbarcelone.fr\/wp-content\/uploads\/2024\/03\/transfer-aeroport-barcelone.jpeg","contentUrl":"https:\/\/bonjourbarcelone.fr\/wp-content\/uploads\/2024\/03\/transfer-aeroport-barcelone.jpeg","width":482,"height":319,"caption":"transfer aeroport barcelone"},{"@type":"BreadcrumbList","@id":"https:\/\/bonjourbarcelone.fr\/transfert-prive-aeroport-barcelone\/#breadcrumb","itemListElement":[{"@type":"ListItem","position":1,"name":"Accueil","item":"https:\/\/bonjourbarcelone.fr\/"},{"@type":"ListItem","position":2,"name":"Fa\u00eetes-vous la m\u00eame erreur que 99% des gens qui visitent Barcelone ?"}]},{"@type":"WebSite","@id":"https:\/\/bonjourbarcelone.fr\/#website","url":"https:\/\/bonjourbarcelone.fr\/","name":"Visitar Barcelona","description":"Tout pour passer un s\u00e9jour inoubliable en 2026 !","potentialAction":[{"@type":"SearchAction","target":{"@type":"EntryPoint","urlTemplate":"https:\/\/bonjourbarcelone.fr\/?s={search_term_string}"},"query-input":{"@type":"PropertyValueSpecification","valueRequired":true,"valueName":"search_term_string"}}],"inLanguage":"es"}]}},"_links":{"self":[{"href":"https:\/\/bonjourbarcelone.fr\/es\/wp-json\/wp\/v2\/pages\/1053","targetHints":{"allow":["GET"]}}],"collection":[{"href":"https:\/\/bonjourbarcelone.fr\/es\/wp-json\/wp\/v2\/pages"}],"about":[{"href":"https:\/\/bonjourbarcelone.fr\/es\/wp-json\/wp\/v2\/types\/page"}],"author":[{"embeddable":true,"href":"https:\/\/bonjourbarcelone.fr\/es\/wp-json\/wp\/v2\/users\/2"}],"replies":[{"embeddable":true,"href":"https:\/\/bonjourbarcelone.fr\/es\/wp-json\/wp\/v2\/comments?post=1053"}],"version-history":[{"count":6,"href":"https:\/\/bonjourbarcelone.fr\/es\/wp-json\/wp\/v2\/pages\/1053\/revisions"}],"predecessor-version":[{"id":3992,"href":"https:\/\/bonjourbarcelone.fr\/es\/wp-json\/wp\/v2\/pages\/1053\/revisions\/3992"}],"wp:featuredmedia":[{"embeddable":true,"href":"https:\/\/bonjourbarcelone.fr\/es\/wp-json\/wp\/v2\/media\/3660"}],"wp:attachment":[{"href":"https:\/\/bonjourbarcelone.fr\/es\/wp-json\/wp\/v2\/media?parent=1053"}],"curies":[{"name":"wp","href":"https:\/\/api.w.org\/{rel}","templated":true}]}}