{"id":1074,"date":"2018-01-12T18:11:50","date_gmt":"2018-01-12T18:11:50","guid":{"rendered":"http:\/\/thibaut.wpengine.com\/?page_id=1074"},"modified":"2018-01-12T18:13:01","modified_gmt":"2018-01-12T18:13:01","slug":"cgv","status":"publish","type":"page","link":"https:\/\/bonjourbarcelone.fr\/es\/cgv\/","title":{"rendered":"Condiciones generales de venta y uso"},"content":{"rendered":"<p>1. Al visitar este blog (bonjourbarcelone.fr), usted se compromete a haber le\u00eddo, comprendido y aceptado las condiciones generales de uso de este blog.<\/p>\n<p>&nbsp;<\/p>\n<p>2. Los servicios y consejos que ofrece este blog est\u00e1n dirigidos a todo el mundo. En caso de que la informaci\u00f3n y los consejos proporcionados en este blog se utilicen con fines comerciales, autom\u00e1ticamente deber\u00e1 al autor una compensaci\u00f3n equivalente al 75% de los ingresos generados por el uso de los consejos y la informaci\u00f3n del autor. Cualquier utilizaci\u00f3n, reproducci\u00f3n, reventa o simple comunicaci\u00f3n, escrita u oral, de los productos, servicios y contenidos ofrecidos por este blog est\u00e1 formalmente prohibida sin el consentimiento escrito de este blog y de su representante y ser\u00e1 perseguida sistem\u00e1ticamente.<\/p>\n<p>&nbsp;<\/p>\n<p>3. El contenido de este blog se ofrece como medio para compartir informaci\u00f3n, pensamientos y consejos.<\/p>\n<p>&nbsp;<\/p>\n<p>4. Usted entiende y acepta que la informaci\u00f3n y los consejos ofrecidos por este blog no deben utilizarse con fines ilegales. 5. Usted comprende y acepta que es el \u00fanico responsable de sus actos y de sus consecuencias. Este blog, su representante y sus socios no podr\u00e1n ser considerados responsables en caso de uso inadecuado de su informaci\u00f3n y consejos, ni en general de cualquier consecuencia directa o indirecta de sus acciones. Este blog, su representante y sus socios no garantizan ning\u00fan resultado tras la aplicaci\u00f3n de los consejos dados.<\/p>\n<p>&nbsp;<\/p>\n<p>6. bonjourbarcelone.fr no se responsabiliza de los errores en los contenidos, virus o cualquier otro elemento que pueda afectar a la integridad de su equipo inform\u00e1tico, ni de las posibles consecuencias de un fallo de seguridad en su sistema de pago Paypal\u2122. Usted es el \u00fanico que asume los riesgos asociados a la utilizaci\u00f3n de este blog, as\u00ed como de todos los sitios cuyos enlaces aparecen en este blog.<\/p>\n<p>&nbsp;<\/p>\n<p>7. Usted entiende y aprueba, cuando env\u00eda a este blog un testimonio escrito u oral sobre uno de sus productos o servicios, que \u00e9ste pasa a ser propiedad del blog, lo que implica la cesi\u00f3n del derecho de reproducci\u00f3n, edici\u00f3n y publicaci\u00f3n. Salvo que solicite lo contrario por escrito, esta publicaci\u00f3n podr\u00e1 mencionar su nombre de pila, profesi\u00f3n y lugar de residencia.<\/p>\n<p>&nbsp;<\/p>\n<p>8. Ciertas partes del blog son privadas y el equipo de moderaci\u00f3n se reserva el derecho de entrada. Por lo tanto, es posible que se le deniegue el acceso a estas zonas sin previo aviso ni justificaci\u00f3n.<\/p>\n<p>9. Ni este blog, ni su autor o empresa asociada, se hacen responsables de los acontecimientos que puedan tener lugar en determinados lugares, con determinados servicios o con determinadas personas recomendadas en este blog.<\/p>\n<p>10. Los servicios ofrecidos en este blog no est\u00e1n sujetos a ninguna obligaci\u00f3n de resultado, como tampoco lo est\u00e1n los de los socios y empresas recomendados.<\/p>\n<p>&nbsp;<\/p>\n<p>11. Usted entiende y acepta que, en caso de desacuerdo, los t\u00e9rminos de estas Condiciones Generales de Venta y Uso prevalecer\u00e1n sobre cualquier comunicaci\u00f3n oral o escrita entre usted y uno de los representantes o socios de este blog.<\/p>\n<p>&nbsp;<\/p>\n<p>12. Al suscribirse al bolet\u00edn, acepta recibir art\u00edculos, v\u00eddeos, ofertas comerciales, podcasts y otros consejos que le ayudar\u00e1n a aprovechar al m\u00e1ximo su viaje a Barcelona.<\/p>","protected":false},"excerpt":{"rendered":"<p>1. En visitant ce blog (bonjourbarcelone.fr), vous vous engagez \u00e0 avoir lu, compris et accept\u00e9 les conditions g\u00e9n\u00e9rales d&rsquo;utilisation de ce blog. &nbsp; 2. Les services et les conseils propos\u00e9s par ce blog s&rsquo;adressent \u00e0 tout le monde. En cas d&rsquo;utilisation des informations et conseils prodigu\u00e9s sur ce blog \u00e0 des fins commerciales, vous serez [&hellip;]<\/p>","protected":false},"author":2,"featured_media":0,"parent":0,"menu_order":0,"comment_status":"closed","ping_status":"closed","template":"","meta":{"om_disable_all_campaigns":false,"_genesis_hide_title":false,"_genesis_hide_breadcrumbs":false,"_genesis_hide_singular_image":false,"_genesis_hide_footer_widgets":false,"_genesis_custom_body_class":"","_genesis_custom_post_class":"","_genesis_layout":"","footnotes":""},"class_list":{"0":"post-1074","1":"page","2":"type-page","3":"status-publish","5":"entry"},"yoast_head":"<!-- This site is optimized with the Yoast SEO plugin v26.5 - https:\/\/yoast.com\/wordpress\/plugins\/seo\/ -->\n<title>Conditions g\u00e9n\u00e9rales de vente et d\u2019utilisation<\/title>\n<meta name=\"robots\" content=\"noindex, nofollow\" \/>\n<meta property=\"og:locale\" content=\"es_ES\" \/>\n<meta property=\"og:type\" content=\"article\" \/>\n<meta property=\"og:title\" content=\"Conditions g\u00e9n\u00e9rales de vente et d\u2019utilisation\" \/>\n<meta property=\"og:description\" content=\"1. En visitant ce blog (bonjourbarcelone.fr), vous vous engagez \u00e0 avoir lu, compris et accept\u00e9 les conditions g\u00e9n\u00e9rales d&rsquo;utilisation de ce blog. &nbsp; 2. Les services et les conseils propos\u00e9s par ce blog s&rsquo;adressent \u00e0 tout le monde. En cas d&rsquo;utilisation des informations et conseils prodigu\u00e9s sur ce blog \u00e0 des fins commerciales, vous serez [&hellip;]\" \/>\n<meta property=\"og:url\" content=\"https:\/\/bonjourbarcelone.fr\/es\/cgv\/\" \/>\n<meta property=\"og:site_name\" content=\"Visiter Barcelone\" \/>\n<meta property=\"article:modified_time\" content=\"2018-01-12T18:13:01+00:00\" \/>\n<meta name=\"twitter:card\" content=\"summary_large_image\" \/>\n<meta name=\"twitter:label1\" content=\"Tiempo de lectura\" \/>\n\t<meta name=\"twitter:data1\" content=\"3 minutos\" \/>\n<script type=\"application\/ld+json\" class=\"yoast-schema-graph\">{\"@context\":\"https:\/\/schema.org\",\"@graph\":[{\"@type\":\"WebPage\",\"@id\":\"https:\/\/bonjourbarcelone.fr\/cgv\/\",\"url\":\"https:\/\/bonjourbarcelone.fr\/cgv\/\",\"name\":\"Conditions g\u00e9n\u00e9rales de vente et d\u2019utilisation\",\"isPartOf\":{\"@id\":\"https:\/\/bonjourbarcelone.fr\/#website\"},\"datePublished\":\"2018-01-12T18:11:50+00:00\",\"dateModified\":\"2018-01-12T18:13:01+00:00\",\"breadcrumb\":{\"@id\":\"https:\/\/bonjourbarcelone.fr\/cgv\/#breadcrumb\"},\"inLanguage\":\"es\",\"potentialAction\":[{\"@type\":\"ReadAction\",\"target\":[\"https:\/\/bonjourbarcelone.fr\/cgv\/\"]}]},{\"@type\":\"BreadcrumbList\",\"@id\":\"https:\/\/bonjourbarcelone.fr\/cgv\/#breadcrumb\",\"itemListElement\":[{\"@type\":\"ListItem\",\"position\":1,\"name\":\"Accueil\",\"item\":\"https:\/\/bonjourbarcelone.fr\/\"},{\"@type\":\"ListItem\",\"position\":2,\"name\":\"Conditions g\u00e9n\u00e9rales de vente et d\u2019utilisation\"}]},{\"@type\":\"WebSite\",\"@id\":\"https:\/\/bonjourbarcelone.fr\/#website\",\"url\":\"https:\/\/bonjourbarcelone.fr\/\",\"name\":\"Visiter Barcelone\",\"description\":\"Tout pour passer un s\u00e9jour inoubliable en 2026 !\",\"potentialAction\":[{\"@type\":\"SearchAction\",\"target\":{\"@type\":\"EntryPoint\",\"urlTemplate\":\"https:\/\/bonjourbarcelone.fr\/?s={search_term_string}\"},\"query-input\":{\"@type\":\"PropertyValueSpecification\",\"valueRequired\":true,\"valueName\":\"search_term_string\"}}],\"inLanguage\":\"es\"}]}<\/script>\n<!-- \/ Yoast SEO plugin. -->","yoast_head_json":{"title":"Condiciones generales de venta y uso","robots":{"index":"noindex","follow":"nofollow"},"og_locale":"es_ES","og_type":"article","og_title":"Conditions g\u00e9n\u00e9rales de vente et d\u2019utilisation","og_description":"1. En visitant ce blog (bonjourbarcelone.fr), vous vous engagez \u00e0 avoir lu, compris et accept\u00e9 les conditions g\u00e9n\u00e9rales d&rsquo;utilisation de ce blog. &nbsp; 2. Les services et les conseils propos\u00e9s par ce blog s&rsquo;adressent \u00e0 tout le monde. En cas d&rsquo;utilisation des informations et conseils prodigu\u00e9s sur ce blog \u00e0 des fins commerciales, vous serez [&hellip;]","og_url":"https:\/\/bonjourbarcelone.fr\/es\/cgv\/","og_site_name":"Visiter Barcelone","article_modified_time":"2018-01-12T18:13:01+00:00","twitter_card":"summary_large_image","twitter_misc":{"Tiempo de lectura":"3 minutos"},"schema":{"@context":"https:\/\/schema.org","@graph":[{"@type":"WebPage","@id":"https:\/\/bonjourbarcelone.fr\/cgv\/","url":"https:\/\/bonjourbarcelone.fr\/cgv\/","name":"Condiciones generales de venta y uso","isPartOf":{"@id":"https:\/\/bonjourbarcelone.fr\/#website"},"datePublished":"2018-01-12T18:11:50+00:00","dateModified":"2018-01-12T18:13:01+00:00","breadcrumb":{"@id":"https:\/\/bonjourbarcelone.fr\/cgv\/#breadcrumb"},"inLanguage":"es","potentialAction":[{"@type":"ReadAction","target":["https:\/\/bonjourbarcelone.fr\/cgv\/"]}]},{"@type":"BreadcrumbList","@id":"https:\/\/bonjourbarcelone.fr\/cgv\/#breadcrumb","itemListElement":[{"@type":"ListItem","position":1,"name":"Accueil","item":"https:\/\/bonjourbarcelone.fr\/"},{"@type":"ListItem","position":2,"name":"Conditions g\u00e9n\u00e9rales de vente et d\u2019utilisation"}]},{"@type":"WebSite","@id":"https:\/\/bonjourbarcelone.fr\/#website","url":"https:\/\/bonjourbarcelone.fr\/","name":"Visitar Barcelona","description":"Tout pour passer un s\u00e9jour inoubliable en 2026 !","potentialAction":[{"@type":"SearchAction","target":{"@type":"EntryPoint","urlTemplate":"https:\/\/bonjourbarcelone.fr\/?s={search_term_string}"},"query-input":{"@type":"PropertyValueSpecification","valueRequired":true,"valueName":"search_term_string"}}],"inLanguage":"es"}]}},"_links":{"self":[{"href":"https:\/\/bonjourbarcelone.fr\/es\/wp-json\/wp\/v2\/pages\/1074","targetHints":{"allow":["GET"]}}],"collection":[{"href":"https:\/\/bonjourbarcelone.fr\/es\/wp-json\/wp\/v2\/pages"}],"about":[{"href":"https:\/\/bonjourbarcelone.fr\/es\/wp-json\/wp\/v2\/types\/page"}],"author":[{"embeddable":true,"href":"https:\/\/bonjourbarcelone.fr\/es\/wp-json\/wp\/v2\/users\/2"}],"replies":[{"embeddable":true,"href":"https:\/\/bonjourbarcelone.fr\/es\/wp-json\/wp\/v2\/comments?post=1074"}],"version-history":[{"count":0,"href":"https:\/\/bonjourbarcelone.fr\/es\/wp-json\/wp\/v2\/pages\/1074\/revisions"}],"wp:attachment":[{"href":"https:\/\/bonjourbarcelone.fr\/es\/wp-json\/wp\/v2\/media?parent=1074"}],"curies":[{"name":"wp","href":"https:\/\/api.w.org\/{rel}","templated":true}]}}