{"id":1385,"date":"2019-02-24T19:06:16","date_gmt":"2019-02-24T19:06:16","guid":{"rendered":"https:\/\/bonjourbarcelone.fr\/?page_id=1385"},"modified":"2019-08-15T09:05:40","modified_gmt":"2019-08-15T09:05:40","slug":"todos-los-articulos-de-bonjourbarcelone-es","status":"publish","type":"page","link":"https:\/\/bonjourbarcelone.fr\/es\/todos-los-articulos-de-bonjourbarcelone-es\/","title":{"rendered":"Todos los art\u00edculos de Bonjourbarcelone.fr"},"content":{"rendered":"<p><a href=\"https:\/\/bonjourbarcelone.fr\/es\/visita-guiada-por-barcelona-2\/\">Reserve una visita con nosotros y haga que su estancia sea inolvidable<\/a><\/p>\n<h2>Art\u00edculos esenciales:<\/h2>\n<p><a href=\"https:\/\/bonjourbarcelone.fr\/es\/aeropuerto-de-barcelona\/\">Aeropuerto de Barcelona: c\u00f3mo llegar r\u00e1pidamente al centro<\/a><br \/>\n<a href=\"https:\/\/bonjourbarcelone.fr\/es\/hotel-barcelona-centre\/\">D\u00f3nde dormir en Barcelona<\/a><br \/>\n<a href=\"https:\/\/bonjourbarcelone.fr\/es\/que-hacer-en-barcelona\/\">Qu\u00e9 hacer en Barcelona<\/a><br \/>\n<a href=\"https:\/\/bonjourbarcelone.fr\/es\/restaurante-barcelona\/\">D\u00f3nde comer en Barcelona<\/a><\/p>\n<h2>Monumentos:<\/h2>\n<p><a href=\"https:\/\/bonjourbarcelone.fr\/es\/sagrada-familia-interior-entradas\/\">Sagrada Familia<\/a><br \/>\n<a href=\"https:\/\/bonjourbarcelone.fr\/es\/museo-picasso-barcelona\/\">Museo Picasso<\/a><br \/>\n<a href=\"https:\/\/bonjourbarcelone.fr\/es\/palacio-de-la-musica-catalana\/\">Palacio de la M\u00fasica Catalana<\/a><br \/>\n<a href=\"https:\/\/bonjourbarcelone.fr\/es\/catedral-santa-cruz-barcelona\/\">Catedral de la Santa Cruz<\/a><br \/>\n<a href=\"https:\/\/bonjourbarcelone.fr\/es\/casa-batllo-barcelona\/\">Casa Batll\u00f3<\/a><br \/>\n<a href=\"https:\/\/bonjourbarcelone.fr\/es\/casa-mila-barcelona-pedrera\/\">Casa Mila\/Pedrera<\/a><br \/>\n<a href=\"https:\/\/bonjourbarcelone.fr\/es\/fundacion-miro-barcelona\/\">Fundaci\u00f3n Mir\u00f3<\/a><\/p>\n<h2>Otros art\u00edculos:<\/h2>\n<p><a href=\"https:\/\/bonjourbarcelone.fr\/es\/parque-montjuic-barcelona\/\">Parque de Montjuic<\/a><br \/>\n<a href=\"https:\/\/bonjourbarcelone.fr\/es\/barrio-de-la-barceloneta\/\">Barceloneta<\/a><br \/>\n<a href=\"https:\/\/bonjourbarcelone.fr\/es\/parc-guell-barcelona\/\">Parque G\u00fcell<\/a><br \/>\n<a href=\"https:\/\/bonjourbarcelone.fr\/es\/camp-nou-barcelona\/\">Camp Nou<\/a><br \/>\n<a href=\"https:\/\/bonjourbarcelone.fr\/es\/las-ramblas-barcelona\/\">Las Ramblas<\/a><br \/>\n<a href=\"https:\/\/bonjourbarcelone.fr\/es\/transporte-publico-barcelona\/\">Transporte p\u00fablico<\/a><br \/>\n<a href=\"https:\/\/bonjourbarcelone.fr\/es\/playa-barcelona\/\">Playas de Barcelona<\/a><br \/>\n<a href=\"https:\/\/bonjourbarcelone.fr\/es\/restaurante-vegano-barcelona\/\">D\u00f3nde comer vegano<\/a><br \/>\n<a href=\"https:\/\/bonjourbarcelone.fr\/es\/metro-barcelona\/\">El metro de Barcelona<\/a><br \/>\n<a href=\"https:\/\/bonjourbarcelone.fr\/es\/autobus-barcelona\/\">El autob\u00fas en Barcelona<\/a><br \/>\n<a href=\"https:\/\/bonjourbarcelone.fr\/es\/platos-espanoles\/\">Platos espa\u00f1oles<\/a><br \/>\n<a href=\"https:\/\/bonjourbarcelone.fr\/es\/shopping-barcelona\/\">De compras por Barcelona<\/a><br \/>\n<a href=\"https:\/\/bonjourbarcelone.fr\/es\/fin-de-semana-en-barcelona\/\">Fin de semana en Barcelona<\/a><br \/>\n<a href=\"https:\/\/bonjourbarcelone.fr\/es\/bus-turistico-barcelona\/\">Autob\u00fas tur\u00edstico de Barcelona<\/a><br \/>\n<a href=\"https:\/\/bonjourbarcelone.fr\/es\/la-boqueria\/\">La Boqueria<\/a><br \/>\n<a href=\"https:\/\/bonjourbarcelone.fr\/es\/discoteca-barcelona\/\">Discotecas<\/a><br \/>\n<a href=\"https:\/\/bonjourbarcelone.fr\/es\/negocios-en-barcelona\/\">10 cosas que hacer en Barcelona<\/a><br \/>\n<a href=\"https:\/\/bonjourbarcelone.fr\/es\/buceo-barcelona\/\">Bucear en Barcelona<\/a><br \/>\n<a href=\"https:\/\/bonjourbarcelone.fr\/es\/telefonia-barcelona\/\">Telef\u00e9ricos de Barcelona<\/a><br \/>\n<a href=\"https:\/\/bonjourbarcelone.fr\/es\/taxi-barcelona\/\">Taxis en Barcelona<\/a><br \/>\n<a href=\"https:\/\/bonjourbarcelone.fr\/es\/donde-nadar-las-piscinas-de-barcelona\/\">Piscinas de Barcelona<\/a><br \/>\n<a href=\"https:\/\/bonjourbarcelone.fr\/es\/parking-barcelona\/\">Aparcamientos de Barcelona<\/a><br \/>\n<a href=\"https:\/\/bonjourbarcelone.fr\/es\/tarjeta-barcelona\/\">La Tarjeta Barcelona<\/a><br \/>\n<a href=\"https:\/\/bonjourbarcelone.fr\/es\/barcelona-city-pass\/\">Barcelona City Pass<\/a><br \/>\n<a href=\"https:\/\/bonjourbarcelone.fr\/es\/maraton-barcelona\/\">Marat\u00f3n de Barcelona<\/a><br \/>\n<a href=\"https:\/\/bonjourbarcelone.fr\/es\/zara-barcelona\/\">De compras en Zara en Barcelona<\/a><br \/>\n<a href=\"https:\/\/bonjourbarcelone.fr\/es\/ou-ecouter-de-la-musique-a-barcelone-voici-les-meilleurs-endroits-2019\/\">D\u00f3nde escuchar m\u00fasica en Barcelona<\/a><br \/>\n<a href=\"https:\/\/bonjourbarcelone.fr\/es\/camping-barcelona\/\">Camping Barcelona<\/a><br \/>\n<a href=\"https:\/\/bonjourbarcelone.fr\/es\/primark-barcelona\/\">Primark Barcelona<\/a><br \/>\n<a href=\"https:\/\/bonjourbarcelone.fr\/es\/paella\/\">Paella<\/a><br \/>\n<a href=\"https:\/\/bonjourbarcelone.fr\/es\/albergue-juvenil-barcelona\/\">Los 5 mejores albergues juveniles de Barcelona<\/a><br \/>\n<a href=\"https:\/\/bonjourbarcelone.fr\/es\/parque-de-la-ciutadella\/\">Parque de la Ciutadella<\/a><br \/>\n<a href=\"https:\/\/bonjourbarcelone.fr\/es\/gaudi-barcelona\/\">Gaud\u00ed<\/a><br \/>\n<a href=\"https:\/\/bonjourbarcelone.fr\/es\/paseo-de-gracia\/\">Paseo de Gracia<\/a><br \/>\n<a href=\"https:\/\/bonjourbarcelone.fr\/es\/monumento-barcelona\/\">Los 6 mejores monumentos de Barcelona<\/a><br \/>\n<a href=\"https:\/\/bonjourbarcelone.fr\/es\/partido-de-barcelona\/\">Ver un partido del Barcelona<\/a><br \/>\n<a href=\"https:\/\/bonjourbarcelone.fr\/es\/acuario-barcelona\/\">Acuario de Barcelona<\/a><br \/>\n<a href=\"https:\/\/bonjourbarcelone.fr\/es\/museo-nacional-de-arte-de-cataluna\/\">Museo Nacional de Arte de Catalu\u00f1a<\/a><br \/>\n<a href=\"https:\/\/bonjourbarcelone.fr\/es\/sant-jordi\/\">Sant Jordi<\/a><br \/>\n<a href=\"https:\/\/bonjourbarcelone.fr\/es\/zoo-barcelona\/\">Zoo de Barcelona<\/a><br \/>\n<a href=\"https:\/\/bonjourbarcelone.fr\/es\/barrio-gotico-de-barcelona\/\">Barrio G\u00f3tico de Barcelona<\/a><br \/>\n<a href=\"https:\/\/bonjourbarcelone.fr\/es\/mapa-barcelona\/\">Mapa de Barcelona<\/a><br \/>\n<a href=\"https:\/\/bonjourbarcelone.fr\/es\/merce-barcelona\/\">Merc\u00e9 de Barcelona<\/a><br \/>\n<a href=\"https:\/\/bonjourbarcelone.fr\/es\/poble-espanyol\/\">Poble Espanyol<\/a><br \/>\n<a href=\"https:\/\/bonjourbarcelone.fr\/es\/oficina-de-turismo-de-barcelona\/\">Oficina de Turismo de Barcelona<\/a><br \/>\n<a href=\"https:\/\/bonjourbarcelone.fr\/es\/danza-sardana\/\">La danza sardana<\/a><br \/>\n<a href=\"https:\/\/bonjourbarcelone.fr\/es\/cosmocaixa\/\">CosmoCaixa<\/a><br \/>\n<a href=\"https:\/\/bonjourbarcelone.fr\/es\/maremagnum\/\">Maremagnum<\/a><br \/>\n<a href=\"https:\/\/bonjourbarcelone.fr\/es\/turron\/\">turr\u00f3n<\/a><\/p>\n<h2>En las afueras de Barcelona:<\/h2>\n<p><a href=\"https:\/\/bonjourbarcelone.fr\/es\/tibidabo\/\">Tibidabo<\/a><br \/>\n<a href=\"https:\/\/bonjourbarcelone.fr\/es\/sitges\/\">Sitges<\/a><br \/>\n<a href=\"https:\/\/bonjourbarcelone.fr\/es\/montserrat\/\">Montserrat<\/a><br \/>\n<a href=\"https:\/\/bonjourbarcelone.fr\/es\/portaventura\/\">PortAventura World<\/a><br \/>\n<a href=\"https:\/\/bonjourbarcelone.fr\/es\/tierra-de-ferrari\/\">Ferrari Land<\/a><br \/>\n<a href=\"https:\/\/bonjourbarcelone.fr\/es\/la-roca-village\/\">La Roca Village<\/a><\/p>","protected":false},"excerpt":{"rendered":"<p>R\u00e9server une visite avec nous et rendre votre s\u00e9jour inoubliable Articles essentiels: A\u00e9roport Barcelone: comment rejoindre le centre rapidement O\u00f9 dormir \u00e0 Barcelone Que faire \u00e0 Barcelone O\u00f9 manger \u00e0 Barcelone Monuments: Sagrada Familia Mus\u00e9e Picasso Palais de la musique catalane Cath\u00e9drale Sainte Croix Casa Batllo Casa Mila\/Pedrera Fondation Miro Autres articles: Parc Montjuic Barceloneta [&hellip;]<\/p>","protected":false},"author":2,"featured_media":0,"parent":0,"menu_order":0,"comment_status":"closed","ping_status":"closed","template":"","meta":{"om_disable_all_campaigns":false,"_genesis_hide_title":false,"_genesis_hide_breadcrumbs":false,"_genesis_hide_singular_image":false,"_genesis_hide_footer_widgets":false,"_genesis_custom_body_class":"","_genesis_custom_post_class":"","_genesis_layout":"","footnotes":""},"class_list":{"0":"post-1385","1":"page","2":"type-page","3":"status-publish","5":"entry"},"yoast_head":"<!-- This site is optimized with the Yoast SEO plugin v26.5 - https:\/\/yoast.com\/wordpress\/plugins\/seo\/ -->\n<title>Tous les articles de Bonjourbarcelone.fr<\/title>\n<meta name=\"robots\" content=\"index, follow, max-snippet:-1, max-image-preview:large, max-video-preview:-1\" \/>\n<link rel=\"canonical\" href=\"https:\/\/bonjourbarcelone.fr\/es\/todos-los-articulos-de-bonjourbarcelone-es\/\" \/>\n<meta property=\"og:locale\" content=\"es_ES\" \/>\n<meta property=\"og:type\" content=\"article\" \/>\n<meta property=\"og:title\" content=\"Tous les articles de Bonjourbarcelone.fr\" \/>\n<meta property=\"og:description\" content=\"R\u00e9server une visite avec nous et rendre votre s\u00e9jour inoubliable Articles essentiels: A\u00e9roport Barcelone: comment rejoindre le centre rapidement O\u00f9 dormir \u00e0 Barcelone Que faire \u00e0 Barcelone O\u00f9 manger \u00e0 Barcelone Monuments: Sagrada Familia Mus\u00e9e Picasso Palais de la musique catalane Cath\u00e9drale Sainte Croix Casa Batllo Casa Mila\/Pedrera Fondation Miro Autres articles: Parc Montjuic Barceloneta [&hellip;]\" \/>\n<meta property=\"og:url\" content=\"https:\/\/bonjourbarcelone.fr\/es\/todos-los-articulos-de-bonjourbarcelone-es\/\" \/>\n<meta property=\"og:site_name\" content=\"Visiter Barcelone\" \/>\n<meta property=\"article:modified_time\" content=\"2019-08-15T09:05:40+00:00\" \/>\n<meta name=\"twitter:card\" content=\"summary_large_image\" \/>\n<meta name=\"twitter:label1\" content=\"Tiempo de lectura\" \/>\n\t<meta name=\"twitter:data1\" content=\"1 minuto\" \/>\n<script type=\"application\/ld+json\" class=\"yoast-schema-graph\">{\"@context\":\"https:\/\/schema.org\",\"@graph\":[{\"@type\":\"WebPage\",\"@id\":\"https:\/\/bonjourbarcelone.fr\/tous-les-articles-de-bonjourbarcelone-fr\/\",\"url\":\"https:\/\/bonjourbarcelone.fr\/tous-les-articles-de-bonjourbarcelone-fr\/\",\"name\":\"Tous les articles de Bonjourbarcelone.fr\",\"isPartOf\":{\"@id\":\"https:\/\/bonjourbarcelone.fr\/#website\"},\"datePublished\":\"2019-02-24T19:06:16+00:00\",\"dateModified\":\"2019-08-15T09:05:40+00:00\",\"breadcrumb\":{\"@id\":\"https:\/\/bonjourbarcelone.fr\/tous-les-articles-de-bonjourbarcelone-fr\/#breadcrumb\"},\"inLanguage\":\"es\",\"potentialAction\":[{\"@type\":\"ReadAction\",\"target\":[\"https:\/\/bonjourbarcelone.fr\/tous-les-articles-de-bonjourbarcelone-fr\/\"]}]},{\"@type\":\"BreadcrumbList\",\"@id\":\"https:\/\/bonjourbarcelone.fr\/tous-les-articles-de-bonjourbarcelone-fr\/#breadcrumb\",\"itemListElement\":[{\"@type\":\"ListItem\",\"position\":1,\"name\":\"Accueil\",\"item\":\"https:\/\/bonjourbarcelone.fr\/\"},{\"@type\":\"ListItem\",\"position\":2,\"name\":\"Tous les articles de Bonjourbarcelone.fr\"}]},{\"@type\":\"WebSite\",\"@id\":\"https:\/\/bonjourbarcelone.fr\/#website\",\"url\":\"https:\/\/bonjourbarcelone.fr\/\",\"name\":\"Visiter Barcelone\",\"description\":\"Tout pour passer un s\u00e9jour inoubliable en 2026 !\",\"potentialAction\":[{\"@type\":\"SearchAction\",\"target\":{\"@type\":\"EntryPoint\",\"urlTemplate\":\"https:\/\/bonjourbarcelone.fr\/?s={search_term_string}\"},\"query-input\":{\"@type\":\"PropertyValueSpecification\",\"valueRequired\":true,\"valueName\":\"search_term_string\"}}],\"inLanguage\":\"es\"}]}<\/script>\n<!-- \/ Yoast SEO plugin. -->","yoast_head_json":{"title":"Todos los art\u00edculos de Bonjourbarcelone.fr","robots":{"index":"index","follow":"follow","max-snippet":"max-snippet:-1","max-image-preview":"max-image-preview:large","max-video-preview":"max-video-preview:-1"},"canonical":"https:\/\/bonjourbarcelone.fr\/es\/todos-los-articulos-de-bonjourbarcelone-es\/","og_locale":"es_ES","og_type":"article","og_title":"Tous les articles de Bonjourbarcelone.fr","og_description":"R\u00e9server une visite avec nous et rendre votre s\u00e9jour inoubliable Articles essentiels: A\u00e9roport Barcelone: comment rejoindre le centre rapidement O\u00f9 dormir \u00e0 Barcelone Que faire \u00e0 Barcelone O\u00f9 manger \u00e0 Barcelone Monuments: Sagrada Familia Mus\u00e9e Picasso Palais de la musique catalane Cath\u00e9drale Sainte Croix Casa Batllo Casa Mila\/Pedrera Fondation Miro Autres articles: Parc Montjuic Barceloneta [&hellip;]","og_url":"https:\/\/bonjourbarcelone.fr\/es\/todos-los-articulos-de-bonjourbarcelone-es\/","og_site_name":"Visiter Barcelone","article_modified_time":"2019-08-15T09:05:40+00:00","twitter_card":"summary_large_image","twitter_misc":{"Tiempo de lectura":"1 minuto"},"schema":{"@context":"https:\/\/schema.org","@graph":[{"@type":"WebPage","@id":"https:\/\/bonjourbarcelone.fr\/tous-les-articles-de-bonjourbarcelone-fr\/","url":"https:\/\/bonjourbarcelone.fr\/tous-les-articles-de-bonjourbarcelone-fr\/","name":"Todos los art\u00edculos de Bonjourbarcelone.fr","isPartOf":{"@id":"https:\/\/bonjourbarcelone.fr\/#website"},"datePublished":"2019-02-24T19:06:16+00:00","dateModified":"2019-08-15T09:05:40+00:00","breadcrumb":{"@id":"https:\/\/bonjourbarcelone.fr\/tous-les-articles-de-bonjourbarcelone-fr\/#breadcrumb"},"inLanguage":"es","potentialAction":[{"@type":"ReadAction","target":["https:\/\/bonjourbarcelone.fr\/tous-les-articles-de-bonjourbarcelone-fr\/"]}]},{"@type":"BreadcrumbList","@id":"https:\/\/bonjourbarcelone.fr\/tous-les-articles-de-bonjourbarcelone-fr\/#breadcrumb","itemListElement":[{"@type":"ListItem","position":1,"name":"Accueil","item":"https:\/\/bonjourbarcelone.fr\/"},{"@type":"ListItem","position":2,"name":"Tous les articles de Bonjourbarcelone.fr"}]},{"@type":"WebSite","@id":"https:\/\/bonjourbarcelone.fr\/#website","url":"https:\/\/bonjourbarcelone.fr\/","name":"Visitar Barcelona","description":"Tout pour passer un s\u00e9jour inoubliable en 2026 !","potentialAction":[{"@type":"SearchAction","target":{"@type":"EntryPoint","urlTemplate":"https:\/\/bonjourbarcelone.fr\/?s={search_term_string}"},"query-input":{"@type":"PropertyValueSpecification","valueRequired":true,"valueName":"search_term_string"}}],"inLanguage":"es"}]}},"_links":{"self":[{"href":"https:\/\/bonjourbarcelone.fr\/es\/wp-json\/wp\/v2\/pages\/1385","targetHints":{"allow":["GET"]}}],"collection":[{"href":"https:\/\/bonjourbarcelone.fr\/es\/wp-json\/wp\/v2\/pages"}],"about":[{"href":"https:\/\/bonjourbarcelone.fr\/es\/wp-json\/wp\/v2\/types\/page"}],"author":[{"embeddable":true,"href":"https:\/\/bonjourbarcelone.fr\/es\/wp-json\/wp\/v2\/users\/2"}],"replies":[{"embeddable":true,"href":"https:\/\/bonjourbarcelone.fr\/es\/wp-json\/wp\/v2\/comments?post=1385"}],"version-history":[{"count":0,"href":"https:\/\/bonjourbarcelone.fr\/es\/wp-json\/wp\/v2\/pages\/1385\/revisions"}],"wp:attachment":[{"href":"https:\/\/bonjourbarcelone.fr\/es\/wp-json\/wp\/v2\/media?parent=1385"}],"curies":[{"name":"wp","href":"https:\/\/api.w.org\/{rel}","templated":true}]}}