{"id":1648,"date":"2019-06-15T11:18:50","date_gmt":"2019-06-15T11:18:50","guid":{"rendered":"https:\/\/bonjourbarcelone.fr\/?page_id=1648"},"modified":"2019-08-15T09:05:19","modified_gmt":"2019-08-15T09:05:19","slug":"categoria-monumentos-y-museos","status":"publish","type":"page","link":"https:\/\/bonjourbarcelone.fr\/es\/categoria-monumentos-y-museos\/","title":{"rendered":"Categor\u00eda de monumentos y museos"},"content":{"rendered":"<p><a href=\"https:\/\/bonjourbarcelone.fr\/es\/sagrada-familia-interior-entradas\/\">La sagrada familia<\/a><br \/>\n<a href=\"https:\/\/bonjourbarcelone.fr\/es\/monumento-barcelona\/\">Los 6 mejores monumentos de Barcelona<\/a><br \/>\n<a href=\"https:\/\/bonjourbarcelone.fr\/es\/museo-nacional-de-arte-de-cataluna\/\">Museo Nacional de Arte de Catalu\u00f1a<\/a><br \/>\n<a href=\"https:\/\/bonjourbarcelone.fr\/es\/acuario-barcelona\/\">Acuario de Barcelona<\/a><br \/>\n<a href=\"https:\/\/bonjourbarcelone.fr\/es\/zoo-barcelona\/\">Zoo de Barcelona<\/a><br \/>\n<a href=\"https:\/\/bonjourbarcelone.fr\/es\/poble-espanyol\/\">Poble Espanyol<\/a><br \/>\n<a href=\"https:\/\/bonjourbarcelone.fr\/es\/fundacion-miro-barcelona\/\">Fundaci\u00f3n Mir\u00f3<\/a><br \/>\n<a href=\"https:\/\/bonjourbarcelone.fr\/es\/parc-guell-barcelona\/\">Parque Gu\u00ebll<\/a><br \/>\n<a href=\"https:\/\/bonjourbarcelone.fr\/es\/casa-mila-barcelona-pedrera\/\">La casa Mila (pedreda)<\/a><br \/>\n<a href=\"https:\/\/bonjourbarcelone.fr\/es\/casa-batllo-barcelona\/\">Casa Batll\u00f3<\/a><br \/>\n<a href=\"https:\/\/bonjourbarcelone.fr\/es\/palacio-de-la-musica-catalana\/\">El palacio de la m\u00fasica catalana<\/a><br \/>\n<a href=\"https:\/\/bonjourbarcelone.fr\/es\/museo-picasso-barcelona\/\">Museo Picasso<\/a><br \/>\n<a href=\"https:\/\/bonjourbarcelone.fr\/es\/catedral-santa-cruz-barcelona\/\">Catedral de la Santa Cruz<\/a><br \/>\n<a href=\"https:\/\/bonjourbarcelone.fr\/es\/cosmocaixa\/\">CosmoCaixa<\/a><\/p>","protected":false},"excerpt":{"rendered":"<p>La sagrada familia TOP 6 monuments de Barcelone Le mus\u00e9e national d&rsquo;art de Catalogne L&rsquo;aquarium de Barcelone Le zoo de Barcelone Poble Espanyol Fondation Miro Le parc Gu\u00ebll La casa Mila (pedreda) La casa Batllo Le palais de la musique catalane Le mus\u00e9e Picasso La cath\u00e9drale Sainte Croix CosmoCaixa<\/p>","protected":false},"author":2,"featured_media":0,"parent":0,"menu_order":0,"comment_status":"closed","ping_status":"closed","template":"","meta":{"om_disable_all_campaigns":false,"_genesis_hide_title":false,"_genesis_hide_breadcrumbs":false,"_genesis_hide_singular_image":false,"_genesis_hide_footer_widgets":false,"_genesis_custom_body_class":"","_genesis_custom_post_class":"","_genesis_layout":"","footnotes":""},"class_list":{"0":"post-1648","1":"page","2":"type-page","3":"status-publish","5":"entry"},"yoast_head":"<!-- This site is optimized with the Yoast SEO plugin v26.5 - https:\/\/yoast.com\/wordpress\/plugins\/seo\/ -->\n<title>Cat\u00e9gorie monuments et mus\u00e9es<\/title>\n<meta name=\"robots\" content=\"index, follow, max-snippet:-1, max-image-preview:large, max-video-preview:-1\" \/>\n<link rel=\"canonical\" href=\"https:\/\/bonjourbarcelone.fr\/es\/categoria-monumentos-y-museos\/\" \/>\n<meta property=\"og:locale\" content=\"es_ES\" \/>\n<meta property=\"og:type\" content=\"article\" \/>\n<meta property=\"og:title\" content=\"Cat\u00e9gorie monuments et mus\u00e9es\" \/>\n<meta property=\"og:description\" content=\"La sagrada familia TOP 6 monuments de Barcelone Le mus\u00e9e national d&rsquo;art de Catalogne L&rsquo;aquarium de Barcelone Le zoo de Barcelone Poble Espanyol Fondation Miro Le parc Gu\u00ebll La casa Mila (pedreda) La casa Batllo Le palais de la musique catalane Le mus\u00e9e Picasso La cath\u00e9drale Sainte Croix CosmoCaixa\" \/>\n<meta property=\"og:url\" content=\"https:\/\/bonjourbarcelone.fr\/es\/categoria-monumentos-y-museos\/\" \/>\n<meta property=\"og:site_name\" content=\"Visiter Barcelone\" \/>\n<meta property=\"article:modified_time\" content=\"2019-08-15T09:05:19+00:00\" \/>\n<meta name=\"twitter:card\" content=\"summary_large_image\" \/>\n<script type=\"application\/ld+json\" class=\"yoast-schema-graph\">{\"@context\":\"https:\/\/schema.org\",\"@graph\":[{\"@type\":\"WebPage\",\"@id\":\"https:\/\/bonjourbarcelone.fr\/categorie-monuments-et-musees\/\",\"url\":\"https:\/\/bonjourbarcelone.fr\/categorie-monuments-et-musees\/\",\"name\":\"Cat\u00e9gorie monuments et mus\u00e9es\",\"isPartOf\":{\"@id\":\"https:\/\/bonjourbarcelone.fr\/#website\"},\"datePublished\":\"2019-06-15T11:18:50+00:00\",\"dateModified\":\"2019-08-15T09:05:19+00:00\",\"breadcrumb\":{\"@id\":\"https:\/\/bonjourbarcelone.fr\/categorie-monuments-et-musees\/#breadcrumb\"},\"inLanguage\":\"es\",\"potentialAction\":[{\"@type\":\"ReadAction\",\"target\":[\"https:\/\/bonjourbarcelone.fr\/categorie-monuments-et-musees\/\"]}]},{\"@type\":\"BreadcrumbList\",\"@id\":\"https:\/\/bonjourbarcelone.fr\/categorie-monuments-et-musees\/#breadcrumb\",\"itemListElement\":[{\"@type\":\"ListItem\",\"position\":1,\"name\":\"Accueil\",\"item\":\"https:\/\/bonjourbarcelone.fr\/\"},{\"@type\":\"ListItem\",\"position\":2,\"name\":\"Cat\u00e9gorie monuments et mus\u00e9es\"}]},{\"@type\":\"WebSite\",\"@id\":\"https:\/\/bonjourbarcelone.fr\/#website\",\"url\":\"https:\/\/bonjourbarcelone.fr\/\",\"name\":\"Visiter Barcelone\",\"description\":\"Tout pour passer un s\u00e9jour inoubliable en 2026 !\",\"potentialAction\":[{\"@type\":\"SearchAction\",\"target\":{\"@type\":\"EntryPoint\",\"urlTemplate\":\"https:\/\/bonjourbarcelone.fr\/?s={search_term_string}\"},\"query-input\":{\"@type\":\"PropertyValueSpecification\",\"valueRequired\":true,\"valueName\":\"search_term_string\"}}],\"inLanguage\":\"es\"}]}<\/script>\n<!-- \/ Yoast SEO plugin. -->","yoast_head_json":{"title":"Categor\u00eda de monumentos y museos","robots":{"index":"index","follow":"follow","max-snippet":"max-snippet:-1","max-image-preview":"max-image-preview:large","max-video-preview":"max-video-preview:-1"},"canonical":"https:\/\/bonjourbarcelone.fr\/es\/categoria-monumentos-y-museos\/","og_locale":"es_ES","og_type":"article","og_title":"Cat\u00e9gorie monuments et mus\u00e9es","og_description":"La sagrada familia TOP 6 monuments de Barcelone Le mus\u00e9e national d&rsquo;art de Catalogne L&rsquo;aquarium de Barcelone Le zoo de Barcelone Poble Espanyol Fondation Miro Le parc Gu\u00ebll La casa Mila (pedreda) La casa Batllo Le palais de la musique catalane Le mus\u00e9e Picasso La cath\u00e9drale Sainte Croix CosmoCaixa","og_url":"https:\/\/bonjourbarcelone.fr\/es\/categoria-monumentos-y-museos\/","og_site_name":"Visiter Barcelone","article_modified_time":"2019-08-15T09:05:19+00:00","twitter_card":"summary_large_image","schema":{"@context":"https:\/\/schema.org","@graph":[{"@type":"WebPage","@id":"https:\/\/bonjourbarcelone.fr\/categorie-monuments-et-musees\/","url":"https:\/\/bonjourbarcelone.fr\/categorie-monuments-et-musees\/","name":"Categor\u00eda de monumentos y museos","isPartOf":{"@id":"https:\/\/bonjourbarcelone.fr\/#website"},"datePublished":"2019-06-15T11:18:50+00:00","dateModified":"2019-08-15T09:05:19+00:00","breadcrumb":{"@id":"https:\/\/bonjourbarcelone.fr\/categorie-monuments-et-musees\/#breadcrumb"},"inLanguage":"es","potentialAction":[{"@type":"ReadAction","target":["https:\/\/bonjourbarcelone.fr\/categorie-monuments-et-musees\/"]}]},{"@type":"BreadcrumbList","@id":"https:\/\/bonjourbarcelone.fr\/categorie-monuments-et-musees\/#breadcrumb","itemListElement":[{"@type":"ListItem","position":1,"name":"Accueil","item":"https:\/\/bonjourbarcelone.fr\/"},{"@type":"ListItem","position":2,"name":"Cat\u00e9gorie monuments et mus\u00e9es"}]},{"@type":"WebSite","@id":"https:\/\/bonjourbarcelone.fr\/#website","url":"https:\/\/bonjourbarcelone.fr\/","name":"Visitar Barcelona","description":"Tout pour passer un s\u00e9jour inoubliable en 2026 !","potentialAction":[{"@type":"SearchAction","target":{"@type":"EntryPoint","urlTemplate":"https:\/\/bonjourbarcelone.fr\/?s={search_term_string}"},"query-input":{"@type":"PropertyValueSpecification","valueRequired":true,"valueName":"search_term_string"}}],"inLanguage":"es"}]}},"_links":{"self":[{"href":"https:\/\/bonjourbarcelone.fr\/es\/wp-json\/wp\/v2\/pages\/1648","targetHints":{"allow":["GET"]}}],"collection":[{"href":"https:\/\/bonjourbarcelone.fr\/es\/wp-json\/wp\/v2\/pages"}],"about":[{"href":"https:\/\/bonjourbarcelone.fr\/es\/wp-json\/wp\/v2\/types\/page"}],"author":[{"embeddable":true,"href":"https:\/\/bonjourbarcelone.fr\/es\/wp-json\/wp\/v2\/users\/2"}],"replies":[{"embeddable":true,"href":"https:\/\/bonjourbarcelone.fr\/es\/wp-json\/wp\/v2\/comments?post=1648"}],"version-history":[{"count":0,"href":"https:\/\/bonjourbarcelone.fr\/es\/wp-json\/wp\/v2\/pages\/1648\/revisions"}],"wp:attachment":[{"href":"https:\/\/bonjourbarcelone.fr\/es\/wp-json\/wp\/v2\/media?parent=1648"}],"curies":[{"name":"wp","href":"https:\/\/api.w.org\/{rel}","templated":true}]}}