{"id":3656,"date":"2024-03-06T14:28:14","date_gmt":"2024-03-06T14:28:14","guid":{"rendered":"https:\/\/bonjourbarcelone.fr\/?page_id=3656"},"modified":"2025-10-13T13:36:05","modified_gmt":"2025-10-13T13:36:05","slug":"traslado-del-centro-de-la-ciudad-a-un-aeropuerto-en-frances","status":"publish","type":"page","link":"https:\/\/bonjourbarcelone.fr\/es\/traslado-del-centro-de-la-ciudad-a-un-aeropuerto-en-frances\/","title":{"rendered":"Traslado del centro de la ciudad al aeropuerto en franc\u00e9s"},"content":{"rendered":"<p>Ofertas para socios de Bonjour Barcelone <strong>el viaje de vuelta desde su alojamiento o desde cualquier punto del centro de la ciudad hasta el aeropuerto<\/strong>.<\/p>\n<aside class=\"block-note\">\n<p class=\"block-offer-desc\">\n<strong>Nuestros gu\u00edas tienen ventajas \u00fanicas<\/strong>:<\/p>\n<ul>\n<li>ellos <strong>hablar franc\u00e9s<\/strong> que facilita la comunicaci\u00f3n<\/li>\n<li>te estar\u00e1n esperando en la planta baja de tu hotel o edificio <strong>evitar esperas<\/strong> un taxi en la calle<\/li>\n<li>ellos <strong>ayudarle<\/strong> con las maletas para ahorrarte esfuerzo<\/li>\n<li>el <strong>precio fijo<\/strong>para evitar posibles estafas<\/li>\n<\/ul>\n<\/aside>\n<h4><strong>He aqu\u00ed algunos testimonios:<\/strong><\/h4>\n<blockquote><p>Un servicio estupendo Llegamos a Barcelona el 23 de septiembre y Paul ya nos estaba esperando. Nos dio un mont\u00f3n de buenos consejos por el camino e incluso se detuvo para disfrutar de una magn\u00edfica vista de Barcelona.<br \/>\nTuvimos la impresi\u00f3n de ser recibidos por un amigo que nos dio toda la informaci\u00f3n que necesit\u00e1bamos.<br \/>\nAs\u00ed que reservamos el viaje de vuelta, \u00a1y ni siquiera la hora de las 4.00 de la ma\u00f1ana le asust\u00f3!<br \/>\nGracias de nuevo Paul por tu c\u00e1lida bienvenida, que fue muy importante para nosotros cuando llegamos. \u00a1Definitivamente volveremos a Barcelona!<\/p>\n<p style=\"text-align: right;\">Isa y Steph<\/p>\n<p>\u00a1Gracias Bonjour Barcelone! \u00a1Y gracias Paul! Muy f\u00e1cil con el sitio web y el formulario de reserva....<br \/>\nLlegamos el 16 de agosto. Paul nos recibi\u00f3 en el aeropuerto y nos llev\u00f3 a nuestro alquiler. Todo fue estupendo. Muchos peque\u00f1os consejos durante el viaje.<\/p>\n<p>As\u00ed que, para el viaje de vuelta, decidimos no preocuparnos.... y le pedimos que tambi\u00e9n nos recogiera y nos acompa\u00f1ara al aeropuerto.<\/p>\n<p>Muy recomendable.<\/p>\n<p style=\"text-align: right;\">Muriel<\/p>\n<p>A pesar de una hora de espera para recoger nuestro equipaje, nuestro conductor Paul fue puntual. Durante el trayecto, nos dio algunas ideas de cosas que hacer.<br \/>\nRecomiendo encarecidamente utilizar este servicio tan \u00fatil, econ\u00f3mico y pr\u00e1ctico. El conductor fue amable y acogedor.<\/p>\n<p style=\"text-align: right;\">Da Rocha<\/p>\n<p>Excelente servicio de transfer, tranquilidad ya que hab\u00edamos reservado tambi\u00e9n el viaje de vuelta al aeropuerto cuando llegamos a Barcelona.<br \/>\n\u00a1\u00a1\u00a1\u00a1\u00a1Recomiendo !!!!!<br \/>\nGracias<\/p>\n<p style=\"text-align: right;\">Corinne<\/p>\n<\/blockquote>\n<div class=\"su-box su-box-style-default\" id=\"\" style=\"border-color:#017520;border-radius:3px;\"><div class=\"su-box-title\" style=\"background-color:#34A853;color:#FFFFFF;border-top-left-radius:1px;border-top-right-radius:1px\">Reserva<\/div><div class=\"su-box-content su-u-clearfix su-u-trim\" style=\"border-bottom-left-radius:1px;border-bottom-right-radius:1px\">\n<strong>Tipo fijo<\/strong>:<br \/>\nDe 1 a 3 personas: 59<br \/>\nDe 4 a 6 personas: 69<br \/>\n7-8 personas: 99<\/p>\n<p><strong>Ejemplo<\/strong>Si sois 2, el precio total es de 59 euros.<\/p>\n<p>El pago se realiza en efectivo al final del traslado.<br \/>\n<\/div><\/div>","protected":false},"excerpt":{"rendered":"<p>El socio de Bonjour Barcelona puede llevarle desde su alojamiento o desde cualquier lugar del centro de la ciudad hasta el aeropuerto. Nuestros acompa\u00f1antes tienen ventajas \u00fanicas: hablan franc\u00e9s, lo que facilita la comunicaci\u00f3n te esperan al pie de tu bloque de hoteles\/apartamentos para que no tengas que esperar un taxi en la calle te ayudan [...]<\/p>","protected":false},"author":2,"featured_media":0,"parent":0,"menu_order":0,"comment_status":"closed","ping_status":"closed","template":"page_landing.php","meta":{"om_disable_all_campaigns":false,"_genesis_hide_title":false,"_genesis_hide_breadcrumbs":false,"_genesis_hide_singular_image":false,"_genesis_hide_footer_widgets":false,"_genesis_custom_body_class":"","_genesis_custom_post_class":"","_genesis_layout":"","footnotes":""},"class_list":{"0":"post-3656","1":"page","2":"type-page","3":"status-publish","5":"entry"},"yoast_head":"<!-- This site is optimized with the Yoast SEO plugin v26.5 - https:\/\/yoast.com\/wordpress\/plugins\/seo\/ -->\n<title>Transfert depuis le centre-ville vers l&#039;a\u00e9roport en fran\u00e7ais !<\/title>\n<meta name=\"robots\" content=\"noindex, nofollow\" \/>\n<meta property=\"og:locale\" content=\"es_ES\" \/>\n<meta property=\"og:type\" content=\"article\" \/>\n<meta property=\"og:title\" content=\"Transfert depuis le centre-ville vers l&#039;a\u00e9roport en fran\u00e7ais !\" \/>\n<meta property=\"og:description\" content=\"Le partenaire de Bonjour Barcelone propose d&rsquo;effectuer votre retour depuis votre h\u00e9bergement ou n&rsquo;importe quel endroit en centre-ville jusqu&rsquo;\u00e0 l&rsquo;a\u00e9roport. Nos accompagnateurs ont des avantages uniques: ils parlent fran\u00e7ais ce qui rend la communication facile ils vous attendent en bas de votre h\u00f4tel\/immeuble pour vous \u00e9viter d&rsquo;attendre un taxi dans la rue ils vous aident [&hellip;]\" \/>\n<meta property=\"og:url\" content=\"https:\/\/bonjourbarcelone.fr\/es\/traslado-del-centro-de-la-ciudad-a-un-aeropuerto-en-frances\/\" \/>\n<meta property=\"og:site_name\" content=\"Visiter Barcelone\" \/>\n<meta property=\"article:modified_time\" content=\"2025-10-13T13:36:05+00:00\" \/>\n<meta name=\"twitter:card\" content=\"summary_large_image\" \/>\n<meta name=\"twitter:label1\" content=\"Tiempo de lectura\" \/>\n\t<meta name=\"twitter:data1\" content=\"1 minuto\" \/>\n<script type=\"application\/ld+json\" class=\"yoast-schema-graph\">{\"@context\":\"https:\/\/schema.org\",\"@graph\":[{\"@type\":\"WebPage\",\"@id\":\"https:\/\/bonjourbarcelone.fr\/transfert-depuis-le-centre-ville-vers-un-aeroport-en-francais\/\",\"url\":\"https:\/\/bonjourbarcelone.fr\/transfert-depuis-le-centre-ville-vers-un-aeroport-en-francais\/\",\"name\":\"Transfert depuis le centre-ville vers l'a\u00e9roport en fran\u00e7ais !\",\"isPartOf\":{\"@id\":\"https:\/\/bonjourbarcelone.fr\/#website\"},\"datePublished\":\"2024-03-06T14:28:14+00:00\",\"dateModified\":\"2025-10-13T13:36:05+00:00\",\"breadcrumb\":{\"@id\":\"https:\/\/bonjourbarcelone.fr\/transfert-depuis-le-centre-ville-vers-un-aeroport-en-francais\/#breadcrumb\"},\"inLanguage\":\"es\",\"potentialAction\":[{\"@type\":\"ReadAction\",\"target\":[\"https:\/\/bonjourbarcelone.fr\/transfert-depuis-le-centre-ville-vers-un-aeroport-en-francais\/\"]}]},{\"@type\":\"BreadcrumbList\",\"@id\":\"https:\/\/bonjourbarcelone.fr\/transfert-depuis-le-centre-ville-vers-un-aeroport-en-francais\/#breadcrumb\",\"itemListElement\":[{\"@type\":\"ListItem\",\"position\":1,\"name\":\"Accueil\",\"item\":\"https:\/\/bonjourbarcelone.fr\/\"},{\"@type\":\"ListItem\",\"position\":2,\"name\":\"Transfert depuis le centre-ville vers l&rsquo;a\u00e9roport en fran\u00e7ais !\"}]},{\"@type\":\"WebSite\",\"@id\":\"https:\/\/bonjourbarcelone.fr\/#website\",\"url\":\"https:\/\/bonjourbarcelone.fr\/\",\"name\":\"Visiter Barcelone\",\"description\":\"Tout pour passer un s\u00e9jour inoubliable en 2026 !\",\"potentialAction\":[{\"@type\":\"SearchAction\",\"target\":{\"@type\":\"EntryPoint\",\"urlTemplate\":\"https:\/\/bonjourbarcelone.fr\/?s={search_term_string}\"},\"query-input\":{\"@type\":\"PropertyValueSpecification\",\"valueRequired\":true,\"valueName\":\"search_term_string\"}}],\"inLanguage\":\"es\"}]}<\/script>\n<!-- \/ Yoast SEO plugin. -->","yoast_head_json":{"title":"Traslado del centro de la ciudad al aeropuerto en franc\u00e9s","robots":{"index":"noindex","follow":"nofollow"},"og_locale":"es_ES","og_type":"article","og_title":"Transfert depuis le centre-ville vers l'a\u00e9roport en fran\u00e7ais !","og_description":"Le partenaire de Bonjour Barcelone propose d&rsquo;effectuer votre retour depuis votre h\u00e9bergement ou n&rsquo;importe quel endroit en centre-ville jusqu&rsquo;\u00e0 l&rsquo;a\u00e9roport. Nos accompagnateurs ont des avantages uniques: ils parlent fran\u00e7ais ce qui rend la communication facile ils vous attendent en bas de votre h\u00f4tel\/immeuble pour vous \u00e9viter d&rsquo;attendre un taxi dans la rue ils vous aident [&hellip;]","og_url":"https:\/\/bonjourbarcelone.fr\/es\/traslado-del-centro-de-la-ciudad-a-un-aeropuerto-en-frances\/","og_site_name":"Visiter Barcelone","article_modified_time":"2025-10-13T13:36:05+00:00","twitter_card":"summary_large_image","twitter_misc":{"Tiempo de lectura":"1 minuto"},"schema":{"@context":"https:\/\/schema.org","@graph":[{"@type":"WebPage","@id":"https:\/\/bonjourbarcelone.fr\/transfert-depuis-le-centre-ville-vers-un-aeroport-en-francais\/","url":"https:\/\/bonjourbarcelone.fr\/transfert-depuis-le-centre-ville-vers-un-aeroport-en-francais\/","name":"Traslado del centro de la ciudad al aeropuerto en franc\u00e9s","isPartOf":{"@id":"https:\/\/bonjourbarcelone.fr\/#website"},"datePublished":"2024-03-06T14:28:14+00:00","dateModified":"2025-10-13T13:36:05+00:00","breadcrumb":{"@id":"https:\/\/bonjourbarcelone.fr\/transfert-depuis-le-centre-ville-vers-un-aeroport-en-francais\/#breadcrumb"},"inLanguage":"es","potentialAction":[{"@type":"ReadAction","target":["https:\/\/bonjourbarcelone.fr\/transfert-depuis-le-centre-ville-vers-un-aeroport-en-francais\/"]}]},{"@type":"BreadcrumbList","@id":"https:\/\/bonjourbarcelone.fr\/transfert-depuis-le-centre-ville-vers-un-aeroport-en-francais\/#breadcrumb","itemListElement":[{"@type":"ListItem","position":1,"name":"Accueil","item":"https:\/\/bonjourbarcelone.fr\/"},{"@type":"ListItem","position":2,"name":"Transfert depuis le centre-ville vers l&rsquo;a\u00e9roport en fran\u00e7ais !"}]},{"@type":"WebSite","@id":"https:\/\/bonjourbarcelone.fr\/#website","url":"https:\/\/bonjourbarcelone.fr\/","name":"Visitar Barcelona","description":"Tout pour passer un s\u00e9jour inoubliable en 2026 !","potentialAction":[{"@type":"SearchAction","target":{"@type":"EntryPoint","urlTemplate":"https:\/\/bonjourbarcelone.fr\/?s={search_term_string}"},"query-input":{"@type":"PropertyValueSpecification","valueRequired":true,"valueName":"search_term_string"}}],"inLanguage":"es"}]}},"_links":{"self":[{"href":"https:\/\/bonjourbarcelone.fr\/es\/wp-json\/wp\/v2\/pages\/3656","targetHints":{"allow":["GET"]}}],"collection":[{"href":"https:\/\/bonjourbarcelone.fr\/es\/wp-json\/wp\/v2\/pages"}],"about":[{"href":"https:\/\/bonjourbarcelone.fr\/es\/wp-json\/wp\/v2\/types\/page"}],"author":[{"embeddable":true,"href":"https:\/\/bonjourbarcelone.fr\/es\/wp-json\/wp\/v2\/users\/2"}],"replies":[{"embeddable":true,"href":"https:\/\/bonjourbarcelone.fr\/es\/wp-json\/wp\/v2\/comments?post=3656"}],"version-history":[{"count":6,"href":"https:\/\/bonjourbarcelone.fr\/es\/wp-json\/wp\/v2\/pages\/3656\/revisions"}],"predecessor-version":[{"id":3990,"href":"https:\/\/bonjourbarcelone.fr\/es\/wp-json\/wp\/v2\/pages\/3656\/revisions\/3990"}],"wp:attachment":[{"href":"https:\/\/bonjourbarcelone.fr\/es\/wp-json\/wp\/v2\/media?parent=3656"}],"curies":[{"name":"wp","href":"https:\/\/api.w.org\/{rel}","templated":true}]}}