{"id":3665,"date":"2024-03-06T14:45:37","date_gmt":"2024-03-06T14:45:37","guid":{"rendered":"https:\/\/bonjourbarcelone.fr\/?page_id=3665"},"modified":"2024-03-06T14:45:37","modified_gmt":"2024-03-06T14:45:37","slug":"solicitud-de-traslado-al-aeropuerto-tenida-en-cuenta","status":"publish","type":"page","link":"https:\/\/bonjourbarcelone.fr\/es\/solicitud-de-traslado-al-aeropuerto-tenida-en-cuenta\/","title":{"rendered":"Solicitud de traslado al aeropuerto tenida en cuenta"},"content":{"rendered":"<p>\u00a1Muchas gracias!<br \/>\nSu solicitud de traslado desde su alojamiento al aeropuerto es <strong>en cuenta.<\/strong>.<br \/>\nNos pondremos en contacto con usted lo antes posible para confirmar su reserva.<\/p>\n<p style=\"color:#FF0000\"><font size=\"6\"> -&gt; 20% descuento s\u00f3lo aqu\u00ed. Al cerrar esta p\u00e1gina, ya no tendr\u00e1 derecho a este descuento.<\/font><\/p>\n<p><strong><\/p>\n<h2>El incre\u00edble recorrido por el centro hist\u00f3rico de Barcelona<\/strong><\/h2>\n<p>\u00bfLe gustar\u00eda ver lo mejor del centro hist\u00f3rico de Barcelona en s\u00f3lo unas horas?<\/p>\n<p><strong><\/p>\n<h2>Ofrecemos visitas guiadas privadas en franc\u00e9s.<\/strong><\/h2>\n<p><img decoding=\"async\" src=\"https:\/\/bonjourbarcelone.fr\/wp-content\/uploads\/2022\/08\/montage-visite-guidee-barcelone-copie.jpg\" alt=\"montaje visita guiada barcelona\" width=\"1700\" height=\"1275\" class=\"alignnone size-full wp-image-1724\" srcset=\"https:\/\/bonjourbarcelone.fr\/wp-content\/uploads\/2022\/08\/montage-visite-guidee-barcelone-copie.jpg 1700w, https:\/\/bonjourbarcelone.fr\/wp-content\/uploads\/2022\/08\/montage-visite-guidee-barcelone-copie-300x225.jpg 300w, https:\/\/bonjourbarcelone.fr\/wp-content\/uploads\/2022\/08\/montage-visite-guidee-barcelone-copie-1024x768.jpg 1024w, https:\/\/bonjourbarcelone.fr\/wp-content\/uploads\/2022\/08\/montage-visite-guidee-barcelone-copie-768x576.jpg 768w, https:\/\/bonjourbarcelone.fr\/wp-content\/uploads\/2022\/08\/montage-visite-guidee-barcelone-copie-1536x1152.jpg 1536w\" sizes=\"(max-width: 1700px) 100vw, 1700px\" \/><br \/>\n<img decoding=\"async\" class=\"img-full\" title=\"visto en\" src=\"https:\/\/bonjourbarcelone.fr\/wp-content\/uploads\/2024\/03\/banniere_logos_soccial.png\" alt=\"visto en\" \/><\/p>\n<p><strong><\/p>\n<h3>\u00bfC\u00f3mo se organiza la visita y qu\u00e9 se ve?<\/strong><\/h3>\n<p>El punto de partida de la visita se acuerda con el gu\u00eda, en el centro hist\u00f3rico.<\/p>\n<aside class=\"block-note\">\n<p class=\"block-offer-desc\">He aqu\u00ed algunos ejemplos <strong>beneficios<\/strong> para reservar una visita con nosotros:<\/p>\n<ul>\n<li>Su gu\u00eda <strong>hablar un franc\u00e9s perfecto<\/strong>para que no haya problemas de comunicaci\u00f3n<\/li>\n<li>Le mostrar\u00e1 <strong>lugares t\u00edpicos<\/strong>que a\u00fan conservan su autenticidad<\/li>\n<li>\u00c9l te dir\u00e1 <strong>an\u00e9cdotas e historias<\/strong> que har\u00e1n fascinantes los lugares que visite<\/li>\n<li>Le mostrar\u00e1 <strong>los lugares m\u00e1s bellos<\/strong> de Barcelona<\/li>\n<li>Le mostrar\u00e1 <strong>lugares secretos<\/strong>Aquellos que no aparecen en ninguna gu\u00eda y que los catalanes no quieren compartir con los turistas.<\/li>\n<li>Le dar\u00e1 una <strong>visita personalizada<\/strong> para adaptarse a sus gustos y a su ritmo de marcha<\/li>\n<li>Bonificaci\u00f3n: se tomar\u00e1 el tiempo para <strong>elaborar un programa personalizado para el resto de su estancia<\/strong> (monumentos, actividades, restaurantes, lugares para salir...)<\/li>\n<\/ul>\n<\/aside>\n<h3><strong>Itinerario<\/strong><\/h3>\n<p>Este es el itinerario propuesto para su visita. Ocasionalmente, puede sufrir ligeras modificaciones, con el fin de ofrecerle el mejor servicio posible. <strong>la mejor experiencia posible<\/strong> !<\/p>\n<p><strong>1) El barrio G\u00f3tico<\/strong><br \/>\nTendr\u00e1 el placer de descubrir la <strong>prestigioso<\/strong> La Catedral de la Santa Cruz de Barcelona y su historia (incluida la leyenda de Santa Eulalia, patrona de la ciudad de Barcelona).<\/p>\n<p>D\u00e9 un paseo por el <strong>maravilloso<\/strong> Barrio jud\u00edo y sus callejuelas, pasar\u00e1s por la pla\u00e7a Reial, la pla\u00e7a san Jaume y la pla\u00e7a del Rei, 3 plazas muy distintas, pero todas muy diferentes. <strong>magn\u00edfico<\/strong>!<br \/>\n<img decoding=\"async\" src=\"https:\/\/bonjourbarcelone.fr\/wp-content\/uploads\/2023\/10\/placa-reial-1024x576.jpg\" alt=\"placa reial\" width=\"1024\" height=\"576\" class=\"alignnone size-large wp-image-3198\" srcset=\"https:\/\/bonjourbarcelone.fr\/wp-content\/uploads\/2023\/10\/placa-reial-1024x576.jpg 1024w, https:\/\/bonjourbarcelone.fr\/wp-content\/uploads\/2023\/10\/placa-reial-300x169.jpg 300w, https:\/\/bonjourbarcelone.fr\/wp-content\/uploads\/2023\/10\/placa-reial-768x432.jpg 768w, https:\/\/bonjourbarcelone.fr\/wp-content\/uploads\/2023\/10\/placa-reial.jpg 1365w\" sizes=\"(max-width: 1024px) 100vw, 1024px\" \/><br \/>\n<strong>2) El barrio de El Born<\/strong><br \/>\n\u00a1Una zona de visita obligada!<\/p>\n<p>Con <strong>sus caracter\u00edsticos callejones<\/strong> cuyos nombres recuerdan las actividades comerciales de la \u00e9poca medieval.<br \/>\n<img decoding=\"async\" src=\"https:\/\/bonjourbarcelone.fr\/wp-content\/uploads\/2023\/10\/basilique-Santa-Maria-del-Mar-1024x830.jpg\" alt=\"bas\u00edlica de santa mar\u00eda\" width=\"1024\" height=\"830\" class=\"alignnone size-large wp-image-3199\" srcset=\"https:\/\/bonjourbarcelone.fr\/wp-content\/uploads\/2023\/10\/basilique-Santa-Maria-del-Mar-1024x830.jpg 1024w, https:\/\/bonjourbarcelone.fr\/wp-content\/uploads\/2023\/10\/basilique-Santa-Maria-del-Mar-300x243.jpg 300w, https:\/\/bonjourbarcelone.fr\/wp-content\/uploads\/2023\/10\/basilique-Santa-Maria-del-Mar-768x623.jpg 768w, https:\/\/bonjourbarcelone.fr\/wp-content\/uploads\/2023\/10\/basilique-Santa-Maria-del-Mar.jpg 1137w\" sizes=\"(max-width: 1024px) 100vw, 1024px\" \/><br \/>\nVer\u00e1s una bas\u00edlica <strong>no se lo pierda<\/strong>La calle Moncada es una de las m\u00e1s intrigantes de la ciudad, con sus antiguos palacios de mercaderes.<\/p>\n<p><strong>3) El barrio de El Raval<\/strong><br \/>\n<img decoding=\"async\" src=\"https:\/\/bonjourbarcelone.fr\/wp-content\/uploads\/2023\/10\/raval-1024x775.jpg\" alt=\"raval\" width=\"1024\" height=\"775\" class=\"alignnone size-large wp-image-3197\" srcset=\"https:\/\/bonjourbarcelone.fr\/wp-content\/uploads\/2023\/10\/raval-1024x775.jpg 1024w, https:\/\/bonjourbarcelone.fr\/wp-content\/uploads\/2023\/10\/raval-300x227.jpg 300w, https:\/\/bonjourbarcelone.fr\/wp-content\/uploads\/2023\/10\/raval-768x581.jpg 768w, https:\/\/bonjourbarcelone.fr\/wp-content\/uploads\/2023\/10\/raval.jpg 1400w\" sizes=\"(max-width: 1024px) 100vw, 1024px\" \/><br \/>\nEste es EL <strong>barrio at\u00edpico<\/strong> con sus diferentes callejuelas.<\/p>\n<p>El programa incluye visitas a antiguos monasterios, al mural de Keith Haring, a la Biblioteca Nacional de Catalu\u00f1a y a la rambla (\u00a1la calle m\u00e1s famosa de Barcelona!).<\/p>\n<p>Es sencillo, ver\u00e1s el <strong>lo mejor del casco antiguo<\/strong> \u00a1de Barcelona!<\/p>\n<p>Este itinerario ha sido dise\u00f1ado para mostrarle tanto el<strong>imperdible<\/strong> en Barcelona, sino tambi\u00e9n lo ins\u00f3lito, lo oculto, historias interesantes y an\u00e9cdotas \u00fanicas que no encontrar\u00e1 en ning\u00fan otro sitio. <strong>en ninguna otra parte<\/strong>.<\/p>\n<p>He aqu\u00ed algunos ejemplos de opiniones de viajeros que han visitado el centro hist\u00f3rico con nosotros:<\/p>\n<blockquote><p>Lo pasamos de maravilla con Antonio, que fue un gu\u00eda fascinante y entusiasta. Nos hizo descubrir su ciudad, su historia, sus an\u00e9cdotas... \u00a1lo recomendamos encarecidamente con su franc\u00e9s impecable!<br \/>\nGRACIAS<\/p>\n<p style=\"text-align: right;\">Jean-Pierre Challier<\/p>\n<p>Gran visita con Tony, que era muy accesible y perfectamente capaz de adaptarse a nuestro ritmo. Me gustar\u00eda agradecerle todos sus consejos y trucos, que nos resultaron muy \u00fatiles durante el resto de nuestra estancia.<br \/>\nVisita obligada<br \/>\n\u00a1\u00a1\u00a1Gracias!!!<\/p>\n<p style=\"text-align: right;\">Claire D.<\/p>\n<p>\u00a13 horas m\u00e1gicas en compa\u00f1\u00eda de Tony! Es un gu\u00eda paciente y culto que escucha a sus clientes.<br \/>\n\u00a1Una visita guiada para sumergirse en la cultura de la ciudad! Lugares ins\u00f3litos, inveros\u00edmiles, .... dif\u00edciles de descubrir por su cuenta... S\u00f3lo un consejo: reserve en cuanto llegue para poder aprovechar al m\u00e1ximo las buenas direcciones que le dar\u00e1n.<br \/>\nMuchas gracias .... y enhorabuena por su profesionalidad.<\/p>\n<p style=\"text-align: right;\">Ciomei<\/p>\n<p>Queremos dar las gracias a nuestro supergu\u00eda (J\u00e9r\u00e9my) por ense\u00f1arnos Barcelona.<br \/>\na nuestro ritmo y con muchas an\u00e9cdotas y buen humor. Hay muchos lugares que nunca habr\u00edamos descubierto sin su ayuda.<br \/>\nIncluso elabor\u00f3 un horario con las mejores direcciones para los dem\u00e1s d\u00edas.<br \/>\n\u00c9ramos 4 personas y recomendamos encarecidamente utilizar sus servicios, ya que realmente merece la pena.<br \/>\nHa sido nuestra primera estancia en Barcelona pero volveremos.<br \/>\nLe deseo lo mejor.<\/p>\n<p style=\"text-align: right;\">Christiane Lardinois<\/p>\n<p>Pasamos una tarde maravillosa en compa\u00f1\u00eda de Tania, que nos ense\u00f1\u00f3 su ciudad y nos mostr\u00f3 lugares que no habr\u00edamos podido encontrar por nuestra cuenta, y recomendamos encarecidamente esta forma de descubrir Barcelona. Un agradecimiento especial a Tania por sus conocimientos, su forma de compartirlos y su amabilidad.<\/p>\n<p style=\"text-align: right;\">Philippe Cabanel<\/p>\n<p>Disfrutamos mucho de nuestra visita guiada con Tony, fue realmente fascinante... Si quieres descubrir Barcelona, es una visita imprescindible. Adem\u00e1s, te da muchas direcciones de buenos restaurantes (para que no te dejes enga\u00f1ar por los restaurantes tur\u00edsticos). \u00a1Fue nuestro mejor recuerdo! Muchas gracias de nuevo ....<\/p>\n<p style=\"text-align: right;\">Christine Troux<\/p>\n<p>Reci\u00e9n llegados a Barcelona, continuamos nuestra visita guiada con Antonio. Lo pasamos de maravilla, paseando por los diferentes barrios de Barcelona. Nos beneficiamos de su vasta experiencia, su cultura y sus muchas an\u00e9cdotas, \u00a1que a\u00f1adieron un toque de fantas\u00eda a la visita! Gracias Antonio, y futuros viajeros, no lo dud\u00e9is, \u00a1elegid esta opci\u00f3n!<\/p>\n<p style=\"text-align: right;\">Nathalie RELAND<\/p>\n<p>\u00a1\u00a1\u00a1\u00a1La visita con Jeremy nos dej\u00f3 muy buenos recuerdos: nos escuch\u00f3, fue muy erudito, gracias a \u00e9l descubrimos lugares que no habr\u00edamos visitado por nuestra cuenta y su buen humor nos conquist\u00f3 !!!!<br \/>\nRecomiendo este sitio a mi familia y amigos.<br \/>\nGracias de nuevo por pasarlo tan bien.<\/p>\n<p style=\"text-align: right;\"> Chassagne <\/p>\n<p>Gracias a J\u00e9r\u00e9mie por este magn\u00edfico recorrido por Barcelona, con todo su entusiasmo por la ciudad. Gracias a sus conocimientos, nos ense\u00f1\u00f3 un mont\u00f3n de lugares y monumentos preciosos.<br \/>\nTambi\u00e9n nos ayud\u00f3 a planificar otras visitas para los siguientes d\u00edas de nuestra estancia. Le recomendar\u00edamos. \u00a1Gracias!<\/p>\n<p style=\"text-align: right;\"> Deschampsch <\/p>\n<\/blockquote>\n<p><strong><\/p>\n<h3>\u00bfCu\u00e1nto dura la visita?<\/strong><\/h3>\n<p>Es un recorrido a pie que dura unas 3 horas.<\/p>\n<p><strong><\/p>\n<h3>\u00bfNos acompa\u00f1ar\u00e1n otras personas?<\/strong><\/h3>\n<p>No, <strong>la visita es muy privada<\/strong>.<br \/>\nS\u00f3lo ofrecemos este tipo de visita si desea <strong>la mejor experiencia posible<\/strong> y estar lo m\u00e1s cerca posible de tu gu\u00eda.<\/p>\n<p>Su gu\u00eda se adaptar\u00e1 a usted, compartiendo una gran cantidad de informaci\u00f3n, historias, secretos y an\u00e9cdotas que no encontrar\u00e1 en ning\u00fan otro lugar...<br \/>\nY puedes <strong>haz todas las preguntas que quieras<\/strong> !<\/p>\n<h3><strong> \u00bfC\u00f3mo podemos ofrecerle un recorrido personalizado por Barcelona como un aut\u00e9ntico catal\u00e1n? <\/strong><\/h3>\n<p><strong>He aqu\u00ed algunos datos y cifras importantes sobre nosotros:<\/strong><\/p>\n<ul>\n<li>La web Bonjour Barcelone se cre\u00f3 en 2016 y se ha convertido en el <strong>referencia<\/strong> en Internet para los viajeros franc\u00f3fonos que visitan Barcelona<\/li>\n<li>Hemos ayudado a casi <strong>5.000 pasajeros<\/strong> que nos hizo <strong>conf\u00ede en<\/strong> que han reservado un <strong>una visita guiada personalizada con nosotros<\/strong><\/li>\n<li>El sitio web de Bonjour Barcelone es consultado por m\u00e1s de <strong>300.000 pasajeros<\/strong> cada a\u00f1o<\/li>\n<li>Somos un equipo de 7 personas a tu servicio para ayudarte a descubrir Barcelona como un catal\u00e1n m\u00e1s.<\/li>\n<li>La p\u00e1gina web de Bonjour Barcelone ha sido <strong>recomendado por la Guide du Routard<\/strong><\/li>\n<\/ul>\n<p><img decoding=\"async\" src=\"https:\/\/bonjourbarcelone.fr\/wp-content\/uploads\/2024\/01\/logo-recommandation-routard.png\" alt=\"logotipo de recomendaci\u00f3n de routard\" width=\"300\" height=\"170\" class=\"aligncenter size-medium wp-image-1937\" \/><\/p>\n<h3><strong>Garant\u00eda \u00daNICA<\/strong><\/h3>\n<p>Si no disfrut\u00f3 de su visita, simplemente no pague y nos comprometemos a darle 50 euros para compensarle por el \"tiempo perdido\" (<strong>garant\u00eda v\u00e1lida \u00fanicamente<\/strong> si ha completado todo el recorrido y ha explicado a su gu\u00eda lo que no le ha gustado y por qu\u00e9 le ha decepcionado).<\/p>\n<p>As\u00ed que no tienes <strong>ning\u00fan riesgo<\/strong> \u00a1reserve una visita con nosotros y seguro que se lo pasa en grande!<\/p>\n<p><strong><\/p>\n<h3>\u00bfCu\u00e1nto cuesta una visita privada? (-20% descuento en esta p\u00e1gina)<\/strong><\/h3>\n<p>La visita privada cuesta s\u00f3lo 129 euros para 1 o 2 personas (en lugar de 129 euros para 1 persona). <del datetime=\"2018-01-29T10:10:04+00:00\">169<\/del>15\/persona adicional para m\u00e1s de 2 personas. Gratis para menores de 10 a\u00f1os.<br \/>\n<strong>Ejemplo<\/strong>Si sois 2, el precio total es de 129 euros. Si sois 4, el precio total es de 159 \u20ac.<\/p>\n<p>EDIT: como recordatorio, se trata de una visita privada, y tendr\u00e1 un gu\u00eda s\u00f3lo para usted. <strong>para ti<\/strong>.<\/p>\n<p><strong><\/p>\n<h3>\u00bfC\u00f3mo hago una reserva?<\/strong><\/h3>\n<p>S\u00f3lo tiene que rellenar el siguiente formulario.<\/p>\n<p>A continuaci\u00f3n, su gu\u00eda le enviar\u00e1 un mensaje para confirmar su visita e indicarle el punto de encuentro exacto.<\/p>\n<p>Puede rellenar el siguiente formulario:<\/p>\n<div data-tf-widget=\"tTml6tMW\" data-tf-inline-on-mobile data-tf-iframe-props=\"title=Demande visite guidee barcelone (-20%)\" data-tf-medium=\"snippet\" style=\"width:100%;height:400px;\"><\/div>\n<p><script src=\"\/\/embed.typeform.com\/next\/embed.js\"><\/script><\/p>\n<p><strong><\/p>\n<h3>PREGUNTAS FRECUENTES<\/strong><\/h3>\n<p><strong><\/p>\n<h4>\u00bfEs necesario reservar con mucha antelaci\u00f3n?<\/strong><\/h4>\n<p>Una vez que haya decidido visitarnos, le rogamos que reserve lo antes posible, ya que nuestra disponibilidad es muy limitada. Esto es especialmente cierto los fines de semana y durante las vacaciones escolares.<br \/>\n<strong><\/p>\n<h4>\u00bfOrganizan visitas en grupo?<\/strong><\/h4>\n<p>No, s\u00f3lo ofrecemos visitas guiadas privadas para ofrecerle la mejor experiencia posible.<br \/>\n<strong><\/p>\n<h4>\u00bfQu\u00e9 pasa si hace mal tiempo?<\/strong><\/h4>\n<p>Normalmente, la excursi\u00f3n seguir\u00e1 adelante. Sin embargo, si el tiempo es realmente malo, su gu\u00eda puede decidir cancelarla y ofrecerle otro d\u00eda, siempre que sea posible.<br \/>\n<strong><\/p>\n<h4>\u00bfLas visitas son aptas para ni\u00f1os?<\/strong><\/h4>\n<p>Su gu\u00eda siempre se adapta y consigue cautivar a los visitantes m\u00e1s j\u00f3venes, \u00a1as\u00ed que s\u00ed!<br \/>\nSu gu\u00eda le sugerir\u00e1 m\u00e1s descansos para no cansarles demasiado. No obstante, deben ser capaces de caminar durante varias horas.<br \/>\n<strong><\/p>\n<h4>Ya conozco la ciudad, \u00bfme interesa la visita?<\/strong><\/h4>\n<p>La respuesta es s\u00ed, y siempre hay tiempo para redescubrir la ciudad desde un nuevo \u00e1ngulo, con an\u00e9cdotas e historias que nunca antes hab\u00eda o\u00eddo.<br \/>\nPuede especificarlo en el campo \"Informaci\u00f3n adicional si es necesario\" o al principio de la visita, por ejemplo, para que su gu\u00eda pueda adaptarse.<br \/>\n<strong><\/p>\n<h4>\u00bfEs posible pagar de otra forma que no sea en efectivo al final de la visita?<\/strong><\/h4>\n<p>S\u00ed, puede comprobarlo directamente por correo electr\u00f3nico con su gu\u00eda despu\u00e9s de hacer su solicitud.<br \/>\n<strong><\/p>\n<h4>\u00bfEs posible obtener una factura de esta visita?<\/strong><\/h4>\n<p>S\u00ed, tambi\u00e9n puede comprobarlo directamente por correo electr\u00f3nico con su gu\u00eda despu\u00e9s de hacer su solicitud.<\/p>\n<p><strong><\/p>\n<h3>\u00bfY si tengo alguna otra pregunta?<\/strong><\/h3>\n<p>Puede enviar sus preguntas a bonjourbarcelone.marie@gmail.com y Marie se pondr\u00e1 en contacto con usted lo antes posible.<br \/>\nRecuerde tambi\u00e9n dejar su n\u00famero de tel\u00e9fono si es posible, ya que podemos ponernos en contacto con usted por tel\u00e9fono\/WhatsApp para ayudarnos a responder a sus preguntas.<\/p>\n<p>Hasta pronto y disfrute de su visita.<\/p>","protected":false},"excerpt":{"rendered":"<p>Merci ! Votre demande de transfert depuis votre logement vers l&rsquo;a\u00e9roport est prise en compte.. Nous vous contacterons dans les plus brefs d\u00e9lais pour confirmer votre r\u00e9servation. \u2013> 20% de r\u00e9duction ici seulement. En refermant cette page, vous n\u2019aurez plus droit \u00e0 cette r\u00e9duction! L&rsquo;incroyable visite du centre historique de Barcelone Vous aimeriez d\u00e9couvrir le [&hellip;]<\/p>","protected":false},"author":2,"featured_media":0,"parent":0,"menu_order":0,"comment_status":"closed","ping_status":"closed","template":"page_landing.php","meta":{"om_disable_all_campaigns":false,"_genesis_hide_title":false,"_genesis_hide_breadcrumbs":false,"_genesis_hide_singular_image":false,"_genesis_hide_footer_widgets":false,"_genesis_custom_body_class":"","_genesis_custom_post_class":"","_genesis_layout":"","footnotes":""},"class_list":{"0":"post-3665","1":"page","2":"type-page","3":"status-publish","5":"entry"},"yoast_head":"<!-- This site is optimized with the Yoast SEO plugin v26.5 - https:\/\/yoast.com\/wordpress\/plugins\/seo\/ -->\n<title>Demande de transfert vers a\u00e9roport prise en compte<\/title>\n<meta name=\"robots\" content=\"index, follow, max-snippet:-1, max-image-preview:large, max-video-preview:-1\" \/>\n<link rel=\"canonical\" href=\"https:\/\/bonjourbarcelone.fr\/es\/solicitud-de-traslado-al-aeropuerto-tenida-en-cuenta\/\" \/>\n<meta property=\"og:locale\" content=\"es_ES\" \/>\n<meta property=\"og:type\" content=\"article\" \/>\n<meta property=\"og:title\" content=\"Demande de transfert vers a\u00e9roport prise en compte\" \/>\n<meta property=\"og:description\" content=\"Merci ! Votre demande de transfert depuis votre logement vers l&rsquo;a\u00e9roport est prise en compte.. Nous vous contacterons dans les plus brefs d\u00e9lais pour confirmer votre r\u00e9servation. \u2013&gt; 20% de r\u00e9duction ici seulement. En refermant cette page, vous n\u2019aurez plus droit \u00e0 cette r\u00e9duction! L&rsquo;incroyable visite du centre historique de Barcelone Vous aimeriez d\u00e9couvrir le [&hellip;]\" \/>\n<meta property=\"og:url\" content=\"https:\/\/bonjourbarcelone.fr\/es\/solicitud-de-traslado-al-aeropuerto-tenida-en-cuenta\/\" \/>\n<meta property=\"og:site_name\" content=\"Visiter Barcelone\" \/>\n<meta property=\"og:image\" content=\"https:\/\/bonjourbarcelone.fr\/wp-content\/uploads\/2022\/08\/montage-visite-guidee-barcelone-copie.jpg\" \/>\n<meta name=\"twitter:card\" content=\"summary_large_image\" \/>\n<script type=\"application\/ld+json\" class=\"yoast-schema-graph\">{\"@context\":\"https:\/\/schema.org\",\"@graph\":[{\"@type\":\"WebPage\",\"@id\":\"https:\/\/bonjourbarcelone.fr\/demande-de-transfert-vers-aeroport-prise-en-compte\/\",\"url\":\"https:\/\/bonjourbarcelone.fr\/demande-de-transfert-vers-aeroport-prise-en-compte\/\",\"name\":\"Demande de transfert vers a\u00e9roport prise en compte\",\"isPartOf\":{\"@id\":\"https:\/\/bonjourbarcelone.fr\/#website\"},\"primaryImageOfPage\":{\"@id\":\"https:\/\/bonjourbarcelone.fr\/demande-de-transfert-vers-aeroport-prise-en-compte\/#primaryimage\"},\"image\":{\"@id\":\"https:\/\/bonjourbarcelone.fr\/demande-de-transfert-vers-aeroport-prise-en-compte\/#primaryimage\"},\"thumbnailUrl\":\"https:\/\/bonjourbarcelone.fr\/wp-content\/uploads\/2022\/08\/montage-visite-guidee-barcelone-copie.jpg\",\"datePublished\":\"2024-03-06T14:45:37+00:00\",\"breadcrumb\":{\"@id\":\"https:\/\/bonjourbarcelone.fr\/demande-de-transfert-vers-aeroport-prise-en-compte\/#breadcrumb\"},\"inLanguage\":\"es\",\"potentialAction\":[{\"@type\":\"ReadAction\",\"target\":[\"https:\/\/bonjourbarcelone.fr\/demande-de-transfert-vers-aeroport-prise-en-compte\/\"]}]},{\"@type\":\"ImageObject\",\"inLanguage\":\"es\",\"@id\":\"https:\/\/bonjourbarcelone.fr\/demande-de-transfert-vers-aeroport-prise-en-compte\/#primaryimage\",\"url\":\"https:\/\/bonjourbarcelone.fr\/wp-content\/uploads\/2022\/08\/montage-visite-guidee-barcelone-copie.jpg\",\"contentUrl\":\"https:\/\/bonjourbarcelone.fr\/wp-content\/uploads\/2022\/08\/montage-visite-guidee-barcelone-copie.jpg\"},{\"@type\":\"BreadcrumbList\",\"@id\":\"https:\/\/bonjourbarcelone.fr\/demande-de-transfert-vers-aeroport-prise-en-compte\/#breadcrumb\",\"itemListElement\":[{\"@type\":\"ListItem\",\"position\":1,\"name\":\"Accueil\",\"item\":\"https:\/\/bonjourbarcelone.fr\/\"},{\"@type\":\"ListItem\",\"position\":2,\"name\":\"Demande de transfert vers a\u00e9roport prise en compte\"}]},{\"@type\":\"WebSite\",\"@id\":\"https:\/\/bonjourbarcelone.fr\/#website\",\"url\":\"https:\/\/bonjourbarcelone.fr\/\",\"name\":\"Visiter Barcelone\",\"description\":\"Tout pour passer un s\u00e9jour inoubliable en 2026 !\",\"potentialAction\":[{\"@type\":\"SearchAction\",\"target\":{\"@type\":\"EntryPoint\",\"urlTemplate\":\"https:\/\/bonjourbarcelone.fr\/?s={search_term_string}\"},\"query-input\":{\"@type\":\"PropertyValueSpecification\",\"valueRequired\":true,\"valueName\":\"search_term_string\"}}],\"inLanguage\":\"es\"}]}<\/script>\n<!-- \/ Yoast SEO plugin. -->","yoast_head_json":{"title":"Solicitud de traslado al aeropuerto tenida en cuenta","robots":{"index":"index","follow":"follow","max-snippet":"max-snippet:-1","max-image-preview":"max-image-preview:large","max-video-preview":"max-video-preview:-1"},"canonical":"https:\/\/bonjourbarcelone.fr\/es\/solicitud-de-traslado-al-aeropuerto-tenida-en-cuenta\/","og_locale":"es_ES","og_type":"article","og_title":"Demande de transfert vers a\u00e9roport prise en compte","og_description":"Merci ! Votre demande de transfert depuis votre logement vers l&rsquo;a\u00e9roport est prise en compte.. Nous vous contacterons dans les plus brefs d\u00e9lais pour confirmer votre r\u00e9servation. \u2013> 20% de r\u00e9duction ici seulement. En refermant cette page, vous n\u2019aurez plus droit \u00e0 cette r\u00e9duction! L&rsquo;incroyable visite du centre historique de Barcelone Vous aimeriez d\u00e9couvrir le [&hellip;]","og_url":"https:\/\/bonjourbarcelone.fr\/es\/solicitud-de-traslado-al-aeropuerto-tenida-en-cuenta\/","og_site_name":"Visiter Barcelone","og_image":[{"url":"https:\/\/bonjourbarcelone.fr\/wp-content\/uploads\/2022\/08\/montage-visite-guidee-barcelone-copie.jpg","type":"","width":"","height":""}],"twitter_card":"summary_large_image","schema":{"@context":"https:\/\/schema.org","@graph":[{"@type":"WebPage","@id":"https:\/\/bonjourbarcelone.fr\/demande-de-transfert-vers-aeroport-prise-en-compte\/","url":"https:\/\/bonjourbarcelone.fr\/demande-de-transfert-vers-aeroport-prise-en-compte\/","name":"Solicitud de traslado al aeropuerto tenida en cuenta","isPartOf":{"@id":"https:\/\/bonjourbarcelone.fr\/#website"},"primaryImageOfPage":{"@id":"https:\/\/bonjourbarcelone.fr\/demande-de-transfert-vers-aeroport-prise-en-compte\/#primaryimage"},"image":{"@id":"https:\/\/bonjourbarcelone.fr\/demande-de-transfert-vers-aeroport-prise-en-compte\/#primaryimage"},"thumbnailUrl":"https:\/\/bonjourbarcelone.fr\/wp-content\/uploads\/2022\/08\/montage-visite-guidee-barcelone-copie.jpg","datePublished":"2024-03-06T14:45:37+00:00","breadcrumb":{"@id":"https:\/\/bonjourbarcelone.fr\/demande-de-transfert-vers-aeroport-prise-en-compte\/#breadcrumb"},"inLanguage":"es","potentialAction":[{"@type":"ReadAction","target":["https:\/\/bonjourbarcelone.fr\/demande-de-transfert-vers-aeroport-prise-en-compte\/"]}]},{"@type":"ImageObject","inLanguage":"es","@id":"https:\/\/bonjourbarcelone.fr\/demande-de-transfert-vers-aeroport-prise-en-compte\/#primaryimage","url":"https:\/\/bonjourbarcelone.fr\/wp-content\/uploads\/2022\/08\/montage-visite-guidee-barcelone-copie.jpg","contentUrl":"https:\/\/bonjourbarcelone.fr\/wp-content\/uploads\/2022\/08\/montage-visite-guidee-barcelone-copie.jpg"},{"@type":"BreadcrumbList","@id":"https:\/\/bonjourbarcelone.fr\/demande-de-transfert-vers-aeroport-prise-en-compte\/#breadcrumb","itemListElement":[{"@type":"ListItem","position":1,"name":"Accueil","item":"https:\/\/bonjourbarcelone.fr\/"},{"@type":"ListItem","position":2,"name":"Demande de transfert vers a\u00e9roport prise en compte"}]},{"@type":"WebSite","@id":"https:\/\/bonjourbarcelone.fr\/#website","url":"https:\/\/bonjourbarcelone.fr\/","name":"Visitar Barcelona","description":"Tout pour passer un s\u00e9jour inoubliable en 2026 !","potentialAction":[{"@type":"SearchAction","target":{"@type":"EntryPoint","urlTemplate":"https:\/\/bonjourbarcelone.fr\/?s={search_term_string}"},"query-input":{"@type":"PropertyValueSpecification","valueRequired":true,"valueName":"search_term_string"}}],"inLanguage":"es"}]}},"_links":{"self":[{"href":"https:\/\/bonjourbarcelone.fr\/es\/wp-json\/wp\/v2\/pages\/3665","targetHints":{"allow":["GET"]}}],"collection":[{"href":"https:\/\/bonjourbarcelone.fr\/es\/wp-json\/wp\/v2\/pages"}],"about":[{"href":"https:\/\/bonjourbarcelone.fr\/es\/wp-json\/wp\/v2\/types\/page"}],"author":[{"embeddable":true,"href":"https:\/\/bonjourbarcelone.fr\/es\/wp-json\/wp\/v2\/users\/2"}],"replies":[{"embeddable":true,"href":"https:\/\/bonjourbarcelone.fr\/es\/wp-json\/wp\/v2\/comments?post=3665"}],"version-history":[{"count":1,"href":"https:\/\/bonjourbarcelone.fr\/es\/wp-json\/wp\/v2\/pages\/3665\/revisions"}],"predecessor-version":[{"id":3667,"href":"https:\/\/bonjourbarcelone.fr\/es\/wp-json\/wp\/v2\/pages\/3665\/revisions\/3667"}],"wp:attachment":[{"href":"https:\/\/bonjourbarcelone.fr\/es\/wp-json\/wp\/v2\/media?parent=3665"}],"curies":[{"name":"wp","href":"https:\/\/api.w.org\/{rel}","templated":true}]}}