{"id":496,"date":"2025-12-09T16:19:09","date_gmt":"2025-12-09T16:19:09","guid":{"rendered":"http:\/\/thibaut.wpengine.com\/?page_id=496"},"modified":"2025-12-26T18:31:17","modified_gmt":"2025-12-26T18:31:17","slug":"fundacion-miro-barcelona","status":"publish","type":"page","link":"https:\/\/bonjourbarcelone.fr\/es\/fundacion-miro-barcelona\/","title":{"rendered":"Fondation Miro Barcelone : Guide complet et infos utiles [2026]"},"content":{"rendered":"<p>D\u00e9couvrons ensemble <strong>la fondation Joan Mir\u00f3 \u00e0 Barcelone<\/strong>, qui regroupe des \u0153uvres de l&rsquo;un des artistes contemporains les plus influents.<\/p>\n<p>Dans cet article, vous trouverez notamment :<\/p>\n<ul>\n<li>Une pr\u00e9sentation de la fondation Mir\u00f3<\/li>\n<li>Comment y acc\u00e9der<\/li>\n<li>Ce qu&rsquo;on peut voir en la visitant<\/li>\n<li>Des informations et des conseils pratiques : tarifs, horaires, r\u00e9servation<\/li>\n<li>Et bien d&rsquo;autres choses !<\/li>\n<\/ul>\n<p>La Fundaci\u00f3n Joan Mir\u00f3 es <strong>LA visita imprescindible<\/strong> cuando vaya al <strong>Parque MontJu\u00efc<\/strong>. Si vous souhaitez en savoir plus, vous allez adorer cet article.<\/p>\n<p><strong>D\u00e9jese guiar por Bonjour Barcelone.<\/strong><\/p>\n<p><a href=\"https:\/\/bonjourbarcelone.fr\/wp-content\/uploads\/2025\/12\/fundacio-joan-miro.jpg\"><img decoding=\"async\" class=\"aligncenter size-full wp-image-4089\" src=\"https:\/\/bonjourbarcelone.fr\/wp-content\/uploads\/2025\/12\/fundacio-joan-miro.jpg\" alt=\"fundation-joan-miro barcelone\" width=\"600\" height=\"400\" srcset=\"https:\/\/bonjourbarcelone.fr\/wp-content\/uploads\/2025\/12\/fundacio-joan-miro.jpg 600w, https:\/\/bonjourbarcelone.fr\/wp-content\/uploads\/2025\/12\/fundacio-joan-miro-300x200.jpg 300w, https:\/\/bonjourbarcelone.fr\/wp-content\/uploads\/2025\/12\/fundacio-joan-miro-18x12.jpg 18w\" sizes=\"(max-width: 600px) 100vw, 600px\" \/><\/a><\/p>\n<h2 class=\"summary-title\">Fondation Miro Barcelone : sommaire de l&rsquo;article<\/h2>\n<div class=\"summary-box\">\n<ul class=\"summary-list\">\n<li><a href=\"#1\">Fondation Miro Barcelone : pour d\u00e9couvrir le g\u00e9nie du catalan international<br \/>\n<\/a><\/li>\n<li><a href=\"#2\">Informations utiles sur la fondation Miro Barcelone : tarifs, horaires, contacts<br \/>\n<\/a><\/li>\n<li><a href=\"#3\">Comment se rendre \u00e0 la fondation MIR\u00d3 ? <\/a><\/li>\n<li><a href=\"#4\">La historia de la Fundaci\u00f3n Mir\u00f3 en Barcelona<\/a><\/li>\n<li><a href=\"#5\">Visita a la Fundaci\u00f3n Mir\u00f3<\/a><\/li>\n<li><a href=\"#6\">Astuces de Bonjour Barcelone concernant la fondation Miro + FAQ <\/a><\/li>\n<\/ul>\n<\/div>\n<p><a name=\"1\"><\/a><\/p>\n<h2><strong>Fondation Miro Barcelone : pour d\u00e9couvrir le g\u00e9nie du catalan international\u00a0<\/strong><\/h2>\n<p>Los informados, e incluso los no iniciados, saben perfectamente que Joan Mir\u00f3 es uno de los artistas m\u00e1s importantes del mundo. <strong>emblem\u00e1tico<\/strong> de <strong>Arte contempor\u00e1neo espa\u00f1ol<\/strong>y, en particular, el movimiento surrealista que le dio fama mundial.<\/p>\n<p><img decoding=\"async\" class=\"wp-image-1497 size-medium alignright\" src=\"https:\/\/bonjourbarcelone.fr\/wp-content\/uploads\/2019\/04\/Devant-Fondation-Juan-Miro-500x300-300x180.jpg\" alt=\"\" width=\"300\" height=\"180\" srcset=\"https:\/\/bonjourbarcelone.fr\/wp-content\/uploads\/2019\/04\/Devant-Fondation-Juan-Miro-500x300-300x180.jpg 300w, https:\/\/bonjourbarcelone.fr\/wp-content\/uploads\/2019\/04\/Devant-Fondation-Juan-Miro-500x300.jpg 500w\" sizes=\"(max-width: 300px) 100vw, 300px\" \/>La fundaci\u00f3n se encuentra en Barcelona por una sencilla pero importante raz\u00f3n: <strong>donde naci\u00f3 y vivi\u00f3 gran parte de su vida<\/strong>.<\/p>\n<p><strong>Muy apegado a sus ra\u00edces<\/strong>, dont il exprime son amour dans nombre de ses \u0153uvres, c\u2019est \u00e0 l\u2019\u00e2ge de <strong>80 a\u00f1os<\/strong> inaugur\u00f3 la fundaci\u00f3n hom\u00f3nima. Este centro re\u00fane <strong>la mayor colecci\u00f3n<\/strong> por el artista.<\/p>\n<p>Innegablemente <strong>cerca de la cultura francesa<\/strong>Se trata de <strong>Par\u00eds <\/strong>All\u00ed entabl\u00f3 algunos de los mejores encuentros art\u00edsticos y amistades de su carrera: Masson, Breton, Aragon, Jacob, \u00c9luard, Artaud, Leiris, Tzara, <a href=\"https:\/\/bonjourbarcelone.fr\/es\/museo-picasso-barcelona\/\" target=\"_blank\" rel=\"noopener noreferrer\">Picasso<\/a>\u2026 C\u2019est \u00e9galement en France, \u00e0 Paris, bouillon de cr\u00e9ativit\u00e9 et d\u2019inventivit\u00e9, que son art s\u2019est enrichi et structur\u00e9.<\/p>\n<p>Por \u00faltimo, la isla de <strong>Mallorca<\/strong> fue su hogar en la vejez, lo que le permiti\u00f3 desprenderse por completo de las influencias y exigencias de sus contempor\u00e1neos y dedicarse \u00fanicamente a su arte.<\/p>\n<p><strong>Pintura, collage, escultura, grabado, litograf\u00eda, cer\u00e1mica...<\/strong> la obra de Joan Mir\u00f3 es <strong>excepcional<\/strong>. Les lieux accueillant cette exposition permanente sont particuli\u00e8rement admirables et valent en eux-m\u00eames le coup d\u2019\u0153il.<\/p>\n<div class=\"su-button-center\"><a href=\"https:\/\/www.tiqets.com\/fr\/billets-fundacio-joan-miro-l145489\/?partner=bonjourbarcelone\" class=\"su-button su-button-style-default\" style=\"color:#FFFFFF;background-color:#659A16;border-color:#517c12;border-radius:9px\" target=\"_blank\" rel=\"nofollow noopener noreferrer\"><span style=\"color:#FFFFFF;padding:8px 24px;font-size:18px;line-height:27px;border-color:#94b95c;border-radius:9px;text-shadow:none\"><i class=\"sui sui-long-arrow-right\" style=\"font-size:18px;color:#FFFFFF\"><\/i> Cliquez ici pour r\u00e9server vos places pour la fondation Miro au meilleur tarif <\/span><\/a><\/div>\n<p>&nbsp;<\/p>\n<p><img decoding=\"async\" class=\"img-full\" title=\"nombre de la imagen\" src=\"https:\/\/bonjourbarcelone.fr\/wp-content\/uploads\/2017\/07\/Jardins-de-la-fondation-Juan-Miro\u0301.jpg\" alt=\"nombre de la imagen\" \/><br \/>\n<a name=\"2\"><\/a><\/p>\n<h2><strong>Informations utiles sur la fondation Miro Barcelone : tarifs, horaires, contacts\u00a0<\/strong><\/h2>\n<p>Voici les informations \u00e0 conna\u00eetre pour bien pr\u00e9parer votre visite de la fondation Miro de Barcelone.<\/p>\n<h3><strong>Horario<\/strong><\/h3>\n<ul>\n<li>Du mardi au samedi : 10h -19h (entre novembre et mars) \/ 10h &#8211; 20h (d&rsquo;avril \u00e0 octobre)<\/li>\n<li>Cerrado: lunes excepto festivos<\/li>\n<li>\u00daltima admisi\u00f3n: 30 minutos antes del cierre<\/li>\n<\/ul>\n<div class=\"block-quote\"><strong>A tener en cuenta <\/strong>ces horaires peuvent \u00eatre soumis \u00e0 modification en cas d\u2019\u00e9v\u00e8nements organis\u00e9s par la direction des visites.<\/div>\n<h3><strong>Tarifas<\/strong><\/h3>\n<ul>\n<li>Tarif normal : 18 euros (acc\u00e8s collection Joan Mir\u00f3 + expositions temporaires)<\/li>\n<li>\u00c9l\u00e8ves et \u00e9tudiants de 13 \u00e0 25 ans \/ plus de 65 ans : 12 euros<\/li>\n<li>Gratuit pour les moins de 12 ans<\/li>\n<\/ul>\n<p>Pour gagner du temps et recevoir vos billets coupe-file imm\u00e9diatement, je vous invite \u00e0 les r\u00e9server en ligne.<\/p>\n<div class=\"su-button-center\"><a href=\"https:\/\/www.tiqets.com\/fr\/billets-fundacio-joan-miro-l145489\/?partner=bonjourbarcelone\" class=\"su-button su-button-style-default\" style=\"color:#FFFFFF;background-color:#659A16;border-color:#517c12;border-radius:9px\" target=\"_blank\" rel=\"nofollow noopener noreferrer\"><span style=\"color:#FFFFFF;padding:8px 24px;font-size:18px;line-height:27px;border-color:#94b95c;border-radius:9px;text-shadow:none\"><i class=\"sui sui-long-arrow-right\" style=\"font-size:18px;color:#FFFFFF\"><\/i> Cliquez ici pour r\u00e9server vos places pour la fondation Miro au meilleur tarif <\/span><\/a><\/div>\n<h4><strong>Contactos<\/strong><\/h4>\n<ul>\n<li><strong>Tel\u00e9fono<\/strong> : (+34) 934 439 470<\/li>\n<li><b>site officiel : <\/b><a href=\"https:\/\/www.fmirobcn.org\/fr\/\" target=\"_blank\" rel=\"noopener\">https:\/\/www.fmirobcn.org\/fr\/\u00a0<\/a><\/li>\n<\/ul>\n<p><a name=\"3\"><\/a><\/p>\n<h2><strong>Comment se rendre \u00e0 la fondation MIR\u00d3 ?\u00a0<\/strong><\/h2>\n<p>La fondation Miro se trouve dans <a href=\"https:\/\/bonjourbarcelone.fr\/es\/parque-montjuic-barcelona\/\">le Parc de Montju\u00efc<\/a> (08038) \u00e0 Barcelone. Pour y acc\u00e9der facilement, vous pouvez emprunter les services suivants :<\/p>\n<ul>\n<li><strong>Autob\u00fas<\/strong> : 13, 55, et 150 (tr\u00e8s conseill\u00e9, arr\u00eat juste devant l\u2019entr\u00e9e du parc)<\/li>\n<li><strong>Metro<\/strong> L\u00ednea 1 (roja), L\u00ednea 3 (verde) (parada alejada de la entrada, no recomendada)<\/li>\n<li><strong>A pie<\/strong>, via les sentiers de randonn\u00e9e qu&rsquo;offre la colline de Montju\u00efc<\/li>\n<\/ul>\n<div class=\"block-quote\"><strong>Atenci\u00f3n<\/strong> No hay aparcamiento privado, por lo que se recomienda llegar en coche. <a href=\"https:\/\/bonjourbarcelone.fr\/es\/transporte-publico-barcelona\/\" target=\"_blank\" rel=\"noopener noreferrer\">transporte p\u00fablico<\/a> o en taxi<\/div>\n<p><a name=\"4\"><\/a><\/p>\n<h2><strong>La historia de la Fundaci\u00f3n Mir\u00f3 en Barcelona<\/strong><\/h2>\n<p><a href=\"https:\/\/bonjourbarcelone.fr\/wp-content\/uploads\/2017\/07\/Juan-Miro\u0301.jpg\"><img decoding=\"async\" class=\"alignright size-medium wp-image-373\" src=\"https:\/\/bonjourbarcelone.fr\/wp-content\/uploads\/2017\/07\/Juan-Miro\u0301-236x300.jpg\" alt=\"Juan Mir\u00f3\" width=\"236\" height=\"300\" srcset=\"https:\/\/bonjourbarcelone.fr\/wp-content\/uploads\/2017\/07\/Juan-Miro\u0301-236x300.jpg 236w, https:\/\/bonjourbarcelone.fr\/wp-content\/uploads\/2017\/07\/Juan-Miro\u0301.jpg 640w\" sizes=\"(max-width: 236px) 100vw, 236px\" \/><\/a>Inaugurado en 1975 por <strong>el propio artista<\/strong>La fundaci\u00f3n est\u00e1 situada en una de las colinas de Barcelona, en el <strong>Parque MontJu\u00efc<\/strong>Un lugar para actos culturales y festivos, as\u00ed como para relajarse.<\/p>\n<p>Les lieux sont l\u2019\u0153uvre de l\u2019architecte <strong>Joseph Llu\u00eds Sert<\/strong>cerca de Mir\u00f3.<\/p>\n<p>Tr\u00e8s modernes, en majorit\u00e9 peints en blanc pour faire ressortir l\u2019\u00e9motion pure des \u0153uvres de l\u2019artiste consacr\u00e9, ils ont \u00e9t\u00e9 pens\u00e9s pour permettre \u00e0 la lumi\u00e8re naturelle d\u2019entrer le plus possible \u00e0 l\u2019int\u00e9rieur des pi\u00e8ces pour ne pas d\u00e9naturer lesdites \u0153uvres.<\/p>\n<p>Permiten al visitante comprender instintivamente el desarrollo del arte de Mir\u00f3, siguiendo la evoluci\u00f3n cronol\u00f3gica de la obra del artista. <strong>diferentes etapas de su vida<\/strong>.<\/p>\n<h3><strong>Miro&#8230;mais pas que !\u00a0<\/strong><\/h3>\n<p>L\u2019ensemble des lieux n\u2019est pas qu\u2019enti\u00e8rement consacr\u00e9 \u00e0 Mir\u00f3. Ce dernier a aussi voulu mettre en avant <strong>otros artistas<\/strong>Trabajamos con artistas j\u00f3venes, conocidos y menos conocidos, para dar a la fundaci\u00f3n un toque atemporal y vanguardista.<\/p>\n<p>As\u00ed que puede visitar el <strong>exposiciones temporales<\/strong> renouvel\u00e9es tout au long de<a href=\"https:\/\/bonjourbarcelone.fr\/wp-content\/uploads\/2017\/07\/La-Fondation-Juan-Miro\u0301-Barcelone.jpg\"><img decoding=\"async\" class=\"alignright size-medium wp-image-374\" src=\"https:\/\/bonjourbarcelone.fr\/wp-content\/uploads\/2017\/07\/La-Fondation-Juan-Miro\u0301-Barcelone-200x300.jpg\" alt=\"miro barcelona\" width=\"200\" height=\"300\" srcset=\"https:\/\/bonjourbarcelone.fr\/wp-content\/uploads\/2017\/07\/La-Fondation-Juan-Miro\u0301-Barcelone-200x300.jpg 200w, https:\/\/bonjourbarcelone.fr\/wp-content\/uploads\/2017\/07\/La-Fondation-Juan-Miro\u0301-Barcelone.jpg 640w\" sizes=\"(max-width: 200px) 100vw, 200px\" \/><\/a> l\u2019ann\u00e9e !<\/p>\n<p>Adem\u00e1s <strong>actividades acad\u00e9micas y art\u00edsticas<\/strong> se organizan en la fundaci\u00f3n, en consonancia con el deseo de Mir\u00f3 de extender el arte y la cultura al mayor n\u00famero de personas posible.<\/p>\n<p>Les \u0153uvres expos\u00e9es dans la fondation sont en grande partie issues de dons priv\u00e9s, dont la majorit\u00e9 ont \u00e9t\u00e9 <strong>donado por el propio artista <\/strong>ya que es el hombre detr\u00e1s del proyecto.<\/p>\n<p>Il faut noter que la fondation est l\u2019un des uniques exemples de nos jours qui montre un parfait \u00e9quilibre entre l\u2019artiste, point central, et l\u2019architecte. <strong>Ce dialogue entre les deux amis laisse d\u00e9couvrir un univers tout \u00e0 fait particulier.<\/strong><br \/>\n<a name=\"5\"><\/a><\/p>\n<h2><strong>Visita a la Fundaci\u00f3n Mir\u00f3<\/strong><\/h2>\n<p>Como ya se ha mencionado, la visita se realiza en el siguiente orden <strong>cronol\u00f3gico<\/strong> para que quienes descubran la exposici\u00f3n puedan sentirse <strong>evoluci\u00f3n art\u00edstica<\/strong> de un Mir\u00f3 que, en sus primeros a\u00f1os como pintor, se inspir\u00f3 en <strong>Impresionismo<\/strong>entonces el <strong>cubismo<\/strong> y finalmente el <strong>surrealismo<\/strong>.<\/p>\n<p>Estos diferentes \u00e1ngulos han contribuido a crear su arte, reconocible al instante. Este lado \"ingenuo\" no deja mucho que desear. <strong>persona indiferente<\/strong>.<\/p>\n<p>Adem\u00e1s de la pintura, se dedica mucho espacio a la <strong>escultura<\/strong> y <strong>grabado<\/strong>. A lo largo de su vida, Mir\u00f3 se desvincul\u00f3 en ocasiones de la pintura, e incluso luch\u00f3 abiertamente contra este arte, del que lleg\u00f3 a decir que sent\u00eda un \"profundo desprecio\".<\/p>\n<p>Sin embargo, es a trav\u00e9s de sus cuadros como mejor le conocemos y, sobre todo, le reconocemos.<\/p>\n<aside class=\"block-note\">\n<p class=\"block-offer-desc\">En <strong>\u0153uvres principales <\/strong>que descubrir por el camino:<\/p>\n<ul>\n<li>El guante blanco (1925)<\/li>\n<li>Pintura a partir de un collage (1933)<\/li>\n<li>El lucero del alba (1940)<\/li>\n<li>Mujer que sue\u00f1a con escapar (1945)<\/li>\n<li>Autorretrato (1937-1960)<\/li>\n<li>Pintura (1963)<\/li>\n<li>Campesino catal\u00e1n a la luz de la luna (1968)<\/li>\n<li>Sonrisa de una l\u00e1grima (1973)<\/li>\n<li>Tr\u00edptico de L'Espoir du condamn\u00e9 \u00e0 mort (1974)<\/li>\n<li>El s\u00f3tano de la fundaci\u00f3n est\u00e1 dedicado al homenaje al artista Mir\u00f3.<\/li>\n<\/ul>\n<\/aside>\n<p>Esta base nos ayuda a comprender su dedicaci\u00f3n a la <strong>Cultura espa\u00f1ola<\/strong>en particular <strong>catal\u00e1n<\/strong> y su aspiraci\u00f3n por otras culturas y otros movimientos que le han permitido legitimar su arte en la escena internacional.<br \/>\n<a name=\"6\"><\/a><\/p>\n<h2><strong>Astuces de Bonjour Barcelone concernant la fondation Miro + FAQ<\/strong><\/h2>\n<ul>\n<li>Le <strong>mejor momento <\/strong>del d\u00eda para visitar : <strong>ma\u00f1anas entre semana<\/strong> en la inauguraci\u00f3n del monumento<\/li>\n<li>No dude en <strong>la audiogu\u00eda<\/strong> pour ne rien rater et pour bien comprendre la vie et la signification des \u0153uvres de Mir\u00f3<\/li>\n<li>No olvide visitar <strong>la terraza y los jardines<\/strong> que contiene preciosas creaciones de Mir\u00f3 y otros artistas.<\/li>\n<li>Toma el <strong>funicular<\/strong> ir de <a href=\"https:\/\/bonjourbarcelone.fr\/es\/barrio-de-la-barceloneta\/\" target=\"_blank\" rel=\"noopener noreferrer\">Barceloneta<\/a> a MontJu\u00efc ! Il s\u2019agit du Telef\u00e9rico del Puerto<\/li>\n<li>Algunos monumentos y museos ofrecen a menudo <strong>reducciones<\/strong> si compra <strong>en ligne, <\/strong>notamment via <a href=\"https:\/\/bonjourbarcelone.fr\/es\/barcelona-city-pass\/\">le Pass Barcelone<\/a>... \u00a1No nos lo vamos a perder!<\/li>\n<\/ul>\n<div class=\"su-button-center\"><a href=\"https:\/\/www.tiqets.com\/fr\/billets-fundacio-joan-miro-l145489\/?partner=bonjourbarcelone\" class=\"su-button su-button-style-default\" style=\"color:#FFFFFF;background-color:#659A16;border-color:#517c12;border-radius:9px\" target=\"_blank\" rel=\"nofollow noopener noreferrer\"><span style=\"color:#FFFFFF;padding:8px 24px;font-size:18px;line-height:27px;border-color:#94b95c;border-radius:9px;text-shadow:none\"><i class=\"sui sui-long-arrow-right\" style=\"font-size:18px;color:#FFFFFF\"><\/i> Cliquez ici pour r\u00e9server vos places pour la fondation Miro au meilleur tarif <\/span><\/a><\/div>\n<p>&nbsp;<\/p>\n<h3 class=\"JlqpRe\"><strong><span class=\"JCzEY tNxQIb\"><span class=\"CSkcDe\">Quelle est la dur\u00e9e moyenne d&rsquo;une visite compl\u00e8te de la Fondation Joan Mir\u00f3 ?<\/span><\/span><\/strong><\/h3>\n<p>Vous pourrez passer <strong>une \u00e0 deux heures<\/strong> au sein de la fondation Mir\u00f3, selon le temps durant lequel vous vous attardez sur chaque \u0153uvre. Avec des expositions temporaires souvent tr\u00e8s int\u00e9ressantes, c&rsquo;est le minimum !<\/p>\n<h3><strong>Trouve-t-on d&rsquo;autres lieux en rapport \u00e0 Mir\u00f3 \u00e0 Barcelone ?\u00a0<\/strong><\/h3>\n<p>Oui, vous pouvez visiter le Parc Joan Mir\u00f3, dont on vous parle plus en d\u00e9tail au sein de <a href=\"https:\/\/bonjourbarcelone.fr\/es\/parque-joan-miro\/\">cet article d\u00e9taill\u00e9 de Bonjour Barcelone<\/a>. C&rsquo;est un lieu agr\u00e9able \u00e0 parcourir, entre design et biodiversit\u00e9.<\/p>\n<p>Bonne visite \u00e0 tous !<\/p>","protected":false},"excerpt":{"rendered":"<p>D\u00e9couvrons ensemble la fondation Joan Mir\u00f3 \u00e0 Barcelone, qui regroupe des \u0153uvres de l&rsquo;un des artistes contemporains les plus influents. Dans cet article, vous trouverez notamment : Une pr\u00e9sentation de la fondation Mir\u00f3 Comment y acc\u00e9der Ce qu&rsquo;on peut voir en la visitant Des informations et des conseils pratiques : tarifs, horaires, r\u00e9servation Et bien [&hellip;]<\/p>","protected":false},"author":2,"featured_media":1497,"parent":0,"menu_order":0,"comment_status":"open","ping_status":"closed","template":"","meta":{"om_disable_all_campaigns":false,"_genesis_hide_title":false,"_genesis_hide_breadcrumbs":false,"_genesis_hide_singular_image":false,"_genesis_hide_footer_widgets":false,"_genesis_custom_body_class":"","_genesis_custom_post_class":"","_genesis_layout":"","footnotes":""},"class_list":{"0":"post-496","1":"page","2":"type-page","3":"status-publish","4":"has-post-thumbnail","6":"entry"},"yoast_head":"<!-- This site is optimized with the Yoast SEO plugin v26.5 - https:\/\/yoast.com\/wordpress\/plugins\/seo\/ -->\n<title>Fondation Miro Barcelone : Guide complet et infos utiles [2026]<\/title>\n<meta name=\"description\" content=\"Voici le guide complet pour visiter la fondation Joan Miro \u00e0 Barcelone ! Informations pratiques, comment s&#039;y rendre, tout y est !\" \/>\n<meta name=\"robots\" content=\"index, follow, max-snippet:-1, max-image-preview:large, max-video-preview:-1\" \/>\n<link rel=\"canonical\" href=\"https:\/\/bonjourbarcelone.fr\/es\/fundacion-miro-barcelona\/\" \/>\n<meta property=\"og:locale\" content=\"es_ES\" \/>\n<meta property=\"og:type\" content=\"article\" \/>\n<meta property=\"og:title\" content=\"Fondation Miro Barcelone : Guide complet et infos utiles [2026]\" \/>\n<meta property=\"og:description\" content=\"Voici le guide complet pour visiter la fondation Joan Miro \u00e0 Barcelone ! Informations pratiques, comment s&#039;y rendre, tout y est !\" \/>\n<meta property=\"og:url\" content=\"https:\/\/bonjourbarcelone.fr\/es\/fundacion-miro-barcelona\/\" \/>\n<meta property=\"og:site_name\" content=\"Visiter Barcelone\" \/>\n<meta property=\"article:modified_time\" content=\"2025-12-26T18:31:17+00:00\" \/>\n<meta property=\"og:image\" content=\"https:\/\/bonjourbarcelone.fr\/wp-content\/uploads\/2019\/04\/Devant-Fondation-Juan-Miro-500x300.jpg\" \/>\n\t<meta property=\"og:image:width\" content=\"500\" \/>\n\t<meta property=\"og:image:height\" content=\"300\" \/>\n\t<meta property=\"og:image:type\" content=\"image\/jpeg\" \/>\n<meta name=\"twitter:card\" content=\"summary_large_image\" \/>\n<meta name=\"twitter:label1\" content=\"Tiempo de lectura\" \/>\n\t<meta name=\"twitter:data1\" content=\"9 minutos\" \/>\n<script type=\"application\/ld+json\" class=\"yoast-schema-graph\">{\"@context\":\"https:\/\/schema.org\",\"@graph\":[{\"@type\":\"WebPage\",\"@id\":\"https:\/\/bonjourbarcelone.fr\/fondation-miro-barcelone\/\",\"url\":\"https:\/\/bonjourbarcelone.fr\/fondation-miro-barcelone\/\",\"name\":\"Fondation Miro Barcelone : Guide complet et infos utiles [2026]\",\"isPartOf\":{\"@id\":\"https:\/\/bonjourbarcelone.fr\/#website\"},\"primaryImageOfPage\":{\"@id\":\"https:\/\/bonjourbarcelone.fr\/fondation-miro-barcelone\/#primaryimage\"},\"image\":{\"@id\":\"https:\/\/bonjourbarcelone.fr\/fondation-miro-barcelone\/#primaryimage\"},\"thumbnailUrl\":\"https:\/\/bonjourbarcelone.fr\/wp-content\/uploads\/2019\/04\/Devant-Fondation-Juan-Miro-500x300.jpg\",\"datePublished\":\"2025-12-09T16:19:09+00:00\",\"dateModified\":\"2025-12-26T18:31:17+00:00\",\"description\":\"Voici le guide complet pour visiter la fondation Joan Miro \u00e0 Barcelone ! Informations pratiques, comment s'y rendre, tout y est !\",\"breadcrumb\":{\"@id\":\"https:\/\/bonjourbarcelone.fr\/fondation-miro-barcelone\/#breadcrumb\"},\"inLanguage\":\"es\",\"potentialAction\":[{\"@type\":\"ReadAction\",\"target\":[\"https:\/\/bonjourbarcelone.fr\/fondation-miro-barcelone\/\"]}]},{\"@type\":\"ImageObject\",\"inLanguage\":\"es\",\"@id\":\"https:\/\/bonjourbarcelone.fr\/fondation-miro-barcelone\/#primaryimage\",\"url\":\"https:\/\/bonjourbarcelone.fr\/wp-content\/uploads\/2019\/04\/Devant-Fondation-Juan-Miro-500x300.jpg\",\"contentUrl\":\"https:\/\/bonjourbarcelone.fr\/wp-content\/uploads\/2019\/04\/Devant-Fondation-Juan-Miro-500x300.jpg\",\"width\":500,\"height\":300},{\"@type\":\"BreadcrumbList\",\"@id\":\"https:\/\/bonjourbarcelone.fr\/fondation-miro-barcelone\/#breadcrumb\",\"itemListElement\":[{\"@type\":\"ListItem\",\"position\":1,\"name\":\"Accueil\",\"item\":\"https:\/\/bonjourbarcelone.fr\/\"},{\"@type\":\"ListItem\",\"position\":2,\"name\":\"Fondation Miro Barcelone : Guide complet et infos utiles [2026]\"}]},{\"@type\":\"WebSite\",\"@id\":\"https:\/\/bonjourbarcelone.fr\/#website\",\"url\":\"https:\/\/bonjourbarcelone.fr\/\",\"name\":\"Visiter Barcelone\",\"description\":\"Tout pour passer un s\u00e9jour inoubliable en 2026 !\",\"potentialAction\":[{\"@type\":\"SearchAction\",\"target\":{\"@type\":\"EntryPoint\",\"urlTemplate\":\"https:\/\/bonjourbarcelone.fr\/?s={search_term_string}\"},\"query-input\":{\"@type\":\"PropertyValueSpecification\",\"valueRequired\":true,\"valueName\":\"search_term_string\"}}],\"inLanguage\":\"es\"}]}<\/script>\n<!-- \/ Yoast SEO plugin. -->","yoast_head_json":{"title":"Fondation Miro Barcelone : Guide complet et infos utiles [2026]","description":"Aqu\u00ed tiene la gu\u00eda completa para visitar la Fundaci\u00f3n Joan Mir\u00f3 de Barcelona. Informaci\u00f3n pr\u00e1ctica, c\u00f3mo llegar, \u00a1todo est\u00e1 aqu\u00ed!","robots":{"index":"index","follow":"follow","max-snippet":"max-snippet:-1","max-image-preview":"max-image-preview:large","max-video-preview":"max-video-preview:-1"},"canonical":"https:\/\/bonjourbarcelone.fr\/es\/fundacion-miro-barcelona\/","og_locale":"es_ES","og_type":"article","og_title":"Fondation Miro Barcelone : Guide complet et infos utiles [2026]","og_description":"Voici le guide complet pour visiter la fondation Joan Miro \u00e0 Barcelone ! Informations pratiques, comment s'y rendre, tout y est !","og_url":"https:\/\/bonjourbarcelone.fr\/es\/fundacion-miro-barcelona\/","og_site_name":"Visiter Barcelone","article_modified_time":"2025-12-26T18:31:17+00:00","og_image":[{"width":500,"height":300,"url":"https:\/\/bonjourbarcelone.fr\/wp-content\/uploads\/2019\/04\/Devant-Fondation-Juan-Miro-500x300.jpg","type":"image\/jpeg"}],"twitter_card":"summary_large_image","twitter_misc":{"Tiempo de lectura":"9 minutos"},"schema":{"@context":"https:\/\/schema.org","@graph":[{"@type":"WebPage","@id":"https:\/\/bonjourbarcelone.fr\/fondation-miro-barcelone\/","url":"https:\/\/bonjourbarcelone.fr\/fondation-miro-barcelone\/","name":"Fondation Miro Barcelone : Guide complet et infos utiles [2026]","isPartOf":{"@id":"https:\/\/bonjourbarcelone.fr\/#website"},"primaryImageOfPage":{"@id":"https:\/\/bonjourbarcelone.fr\/fondation-miro-barcelone\/#primaryimage"},"image":{"@id":"https:\/\/bonjourbarcelone.fr\/fondation-miro-barcelone\/#primaryimage"},"thumbnailUrl":"https:\/\/bonjourbarcelone.fr\/wp-content\/uploads\/2019\/04\/Devant-Fondation-Juan-Miro-500x300.jpg","datePublished":"2025-12-09T16:19:09+00:00","dateModified":"2025-12-26T18:31:17+00:00","description":"Aqu\u00ed tiene la gu\u00eda completa para visitar la Fundaci\u00f3n Joan Mir\u00f3 de Barcelona. Informaci\u00f3n pr\u00e1ctica, c\u00f3mo llegar, \u00a1todo est\u00e1 aqu\u00ed!","breadcrumb":{"@id":"https:\/\/bonjourbarcelone.fr\/fondation-miro-barcelone\/#breadcrumb"},"inLanguage":"es","potentialAction":[{"@type":"ReadAction","target":["https:\/\/bonjourbarcelone.fr\/fondation-miro-barcelone\/"]}]},{"@type":"ImageObject","inLanguage":"es","@id":"https:\/\/bonjourbarcelone.fr\/fondation-miro-barcelone\/#primaryimage","url":"https:\/\/bonjourbarcelone.fr\/wp-content\/uploads\/2019\/04\/Devant-Fondation-Juan-Miro-500x300.jpg","contentUrl":"https:\/\/bonjourbarcelone.fr\/wp-content\/uploads\/2019\/04\/Devant-Fondation-Juan-Miro-500x300.jpg","width":500,"height":300},{"@type":"BreadcrumbList","@id":"https:\/\/bonjourbarcelone.fr\/fondation-miro-barcelone\/#breadcrumb","itemListElement":[{"@type":"ListItem","position":1,"name":"Accueil","item":"https:\/\/bonjourbarcelone.fr\/"},{"@type":"ListItem","position":2,"name":"Fondation Miro Barcelone : Guide complet et infos utiles [2026]"}]},{"@type":"WebSite","@id":"https:\/\/bonjourbarcelone.fr\/#website","url":"https:\/\/bonjourbarcelone.fr\/","name":"Visitar Barcelona","description":"Tout pour passer un s\u00e9jour inoubliable en 2026 !","potentialAction":[{"@type":"SearchAction","target":{"@type":"EntryPoint","urlTemplate":"https:\/\/bonjourbarcelone.fr\/?s={search_term_string}"},"query-input":{"@type":"PropertyValueSpecification","valueRequired":true,"valueName":"search_term_string"}}],"inLanguage":"es"}]}},"_links":{"self":[{"href":"https:\/\/bonjourbarcelone.fr\/es\/wp-json\/wp\/v2\/pages\/496","targetHints":{"allow":["GET"]}}],"collection":[{"href":"https:\/\/bonjourbarcelone.fr\/es\/wp-json\/wp\/v2\/pages"}],"about":[{"href":"https:\/\/bonjourbarcelone.fr\/es\/wp-json\/wp\/v2\/types\/page"}],"author":[{"embeddable":true,"href":"https:\/\/bonjourbarcelone.fr\/es\/wp-json\/wp\/v2\/users\/2"}],"replies":[{"embeddable":true,"href":"https:\/\/bonjourbarcelone.fr\/es\/wp-json\/wp\/v2\/comments?post=496"}],"version-history":[{"count":5,"href":"https:\/\/bonjourbarcelone.fr\/es\/wp-json\/wp\/v2\/pages\/496\/revisions"}],"predecessor-version":[{"id":4118,"href":"https:\/\/bonjourbarcelone.fr\/es\/wp-json\/wp\/v2\/pages\/496\/revisions\/4118"}],"wp:featuredmedia":[{"embeddable":true,"href":"https:\/\/bonjourbarcelone.fr\/es\/wp-json\/wp\/v2\/media\/1497"}],"wp:attachment":[{"href":"https:\/\/bonjourbarcelone.fr\/es\/wp-json\/wp\/v2\/media?parent=496"}],"curies":[{"name":"wp","href":"https:\/\/api.w.org\/{rel}","templated":true}]}}