{"id":983,"date":"2017-09-07T11:22:35","date_gmt":"2017-09-07T11:22:35","guid":{"rendered":"http:\/\/thibaut.wpengine.com\/?page_id=983"},"modified":"2018-01-12T18:12:27","modified_gmt":"2018-01-12T18:12:27","slug":"informacion-legal","status":"publish","type":"page","link":"https:\/\/bonjourbarcelone.fr\/es\/informacion-legal\/","title":{"rendered":"Informaci\u00f3n jur\u00eddica"},"content":{"rendered":"<p>Las presentes condiciones generales establecen las condiciones de uso del servicio web http:\/\/thibaut.wpengine.com.<br \/>\nEl usuario reconoce haber le\u00eddo este documento y acepta la totalidad de esta informaci\u00f3n, tanto si el uso es personal como profesional. Si este uso se hace a t\u00edtulo profesional, el usuario garantiza que dispone de los poderes necesarios para aceptar las presentes condiciones generales en el seno de su organizaci\u00f3n.<\/p>\n<p><strong>Editor del sitio<\/strong><br \/>\nEste sitio web est\u00e1 editado por Thibaut Pakiry.<br \/>\nEmpresa asociada: Thibaut Pakiry Unipessoal Lda.<br \/>\nImpuesto de matriculaci\u00f3n: 513 876 707<\/p>\n<p><strong>Alojamiento<\/strong><br \/>\nEste sitio est\u00e1 alojado en Rainmaker digital, LLC :<\/p>\n<p><strong>Responsabilidad<\/strong><br \/>\nEl editor del sitio ofrece una amplia gama de contenidos informativos gratuitos. Se esfuerza constantemente por garantizar la calidad de estos contenidos. Sin embargo, es responsabilidad del usuario asegurarse de que esta informaci\u00f3n es pertinente para su situaci\u00f3n. Por tanto, el usuario se compromete a utilizar esta informaci\u00f3n por su cuenta y riesgo y exime al editor de cualquier responsabilidad al respecto.<\/p>\n<p><strong>Propiedad intelectual<\/strong><br \/>\nLa estructura general, los textos, las im\u00e1genes, los v\u00eddeos, los conocimientos t\u00e9cnicos y todos los dem\u00e1s elementos que componen el sitio son propiedad exclusiva del editor del sitio, salvo que se indique lo contrario.<\/p>\n<p>Toda representaci\u00f3n total o parcial de este sitio por cualquier persona sin la autorizaci\u00f3n expresa del editor est\u00e1 prohibida y constituir\u00eda una infracci\u00f3n sancionada por los art\u00edculos L. 335-2 y siguientes del C\u00f3digo franc\u00e9s de la Propiedad Intelectual. Dicho esto, de conformidad con el art\u00edculo L. 122-5 del C\u00f3digo franc\u00e9s de la Propiedad Intelectual, se autorizan breves citas del contenido, siempre que se indiquen claramente el nombre del autor y la fuente, mediante un enlace a una de las p\u00e1ginas de este sitio web.<\/p>\n<p><strong>Responsabilidad por el uso del servicio<\/strong><br \/>\nEl usuario se compromete a no perturbar en modo alguno el funcionamiento del servicio ofrecido en http:\/\/thibaut.wpengine.com.<br \/>\nEn particular, los usuarios se comprometen a abstenerse de publicar mensajes il\u00edcitos, difamatorios o insultantes en la totalidad o parte del sitio.<\/p>\n<p>Los comentarios publicados por los internautas reflejan exclusivamente la opini\u00f3n de sus autores y quedan bajo su responsabilidad. Al publicar comentarios en el sitio, los internautas se comprometen a respetar la legislaci\u00f3n francesa e internacional.<\/p>\n<p>Los administradores del sitio se reservan el derecho de moderar, modificar o suprimir los comentarios que consideren contrarios a estas leyes.<\/p>\n<p><strong>Cookies<\/strong><br \/>\nSe informa a los usuarios de que pueden instalarse cookies en su navegador. En todos los casos, los usuarios son libres de eliminar las cookies de su navegador.<\/p>\n<p><strong>Afiliaci\u00f3n\/sociedad<\/strong><br \/>\nMi principal objetivo con este blog es proporcionarle todo el valor posible, de forma gratuita. Para ello, mantengo una relaci\u00f3n de afiliaci\u00f3n\/colaboraci\u00f3n con determinados proveedores de los bienes y servicios de los que hablo en este blog. Por tanto, puedo recibir una compensaci\u00f3n cuando compras un bien o servicio de estos proveedores, sin que ello suponga un aumento del precio final que pagas. Estas comisiones me permiten ofrecerte cada vez m\u00e1s contenidos de forma gratuita, as\u00ed que \u00a1gracias si pasas por mis enlaces\/socios! Ten en cuenta que, por integridad intelectual y profesional, nunca recomendar\u00e9 un producto que no crea sinceramente que es de alta calidad.<\/p>\n<p><strong>Propiedad<\/strong><br \/>\nEste sitio es propiedad exclusiva de Thibaut Pakiry.<\/p>","protected":false},"excerpt":{"rendered":"<p>Les pr\u00e9sentes conditions g\u00e9n\u00e9rales fixent les modalit\u00e9s d\u2019utilisation du service web http:\/\/thibaut.wpengine.com. L\u2019utilisateur reconnait avoir pris connaissance de ce document et accept\u00e9 l\u2019ensemble de ces informations, que cet usage soit fait \u00e0 titre personnel ou professionnel. Si cet usage est fait \u00e0 titre professionnel, l\u2019utilisateur garantit d\u00e9tenir les pouvoirs n\u00e9cessaires pour accepter ces conditions g\u00e9n\u00e9rales [&hellip;]<\/p>","protected":false},"author":2,"featured_media":0,"parent":0,"menu_order":0,"comment_status":"closed","ping_status":"closed","template":"","meta":{"om_disable_all_campaigns":false,"_genesis_hide_title":false,"_genesis_hide_breadcrumbs":false,"_genesis_hide_singular_image":false,"_genesis_hide_footer_widgets":false,"_genesis_custom_body_class":"","_genesis_custom_post_class":"","_genesis_layout":"","footnotes":""},"class_list":{"0":"post-983","1":"page","2":"type-page","3":"status-publish","5":"entry"},"yoast_head":"<!-- This site is optimized with the Yoast SEO plugin v26.5 - https:\/\/yoast.com\/wordpress\/plugins\/seo\/ -->\n<title>Mentions l\u00e9gales<\/title>\n<meta name=\"robots\" content=\"noindex, nofollow\" \/>\n<meta property=\"og:locale\" content=\"es_ES\" \/>\n<meta property=\"og:type\" content=\"article\" \/>\n<meta property=\"og:title\" content=\"Mentions l\u00e9gales\" \/>\n<meta property=\"og:description\" content=\"Les pr\u00e9sentes conditions g\u00e9n\u00e9rales fixent les modalit\u00e9s d\u2019utilisation du service web http:\/\/thibaut.wpengine.com. L\u2019utilisateur reconnait avoir pris connaissance de ce document et accept\u00e9 l\u2019ensemble de ces informations, que cet usage soit fait \u00e0 titre personnel ou professionnel. Si cet usage est fait \u00e0 titre professionnel, l\u2019utilisateur garantit d\u00e9tenir les pouvoirs n\u00e9cessaires pour accepter ces conditions g\u00e9n\u00e9rales [&hellip;]\" \/>\n<meta property=\"og:url\" content=\"https:\/\/bonjourbarcelone.fr\/es\/informacion-legal\/\" \/>\n<meta property=\"og:site_name\" content=\"Visiter Barcelone\" \/>\n<meta property=\"article:modified_time\" content=\"2018-01-12T18:12:27+00:00\" \/>\n<meta name=\"twitter:card\" content=\"summary_large_image\" \/>\n<meta name=\"twitter:label1\" content=\"Tiempo de lectura\" \/>\n\t<meta name=\"twitter:data1\" content=\"3 minutos\" \/>\n<script type=\"application\/ld+json\" class=\"yoast-schema-graph\">{\"@context\":\"https:\/\/schema.org\",\"@graph\":[{\"@type\":\"WebPage\",\"@id\":\"https:\/\/bonjourbarcelone.fr\/mentions-legales\/\",\"url\":\"https:\/\/bonjourbarcelone.fr\/mentions-legales\/\",\"name\":\"Mentions l\u00e9gales\",\"isPartOf\":{\"@id\":\"https:\/\/bonjourbarcelone.fr\/#website\"},\"datePublished\":\"2017-09-07T11:22:35+00:00\",\"dateModified\":\"2018-01-12T18:12:27+00:00\",\"breadcrumb\":{\"@id\":\"https:\/\/bonjourbarcelone.fr\/mentions-legales\/#breadcrumb\"},\"inLanguage\":\"es\",\"potentialAction\":[{\"@type\":\"ReadAction\",\"target\":[\"https:\/\/bonjourbarcelone.fr\/mentions-legales\/\"]}]},{\"@type\":\"BreadcrumbList\",\"@id\":\"https:\/\/bonjourbarcelone.fr\/mentions-legales\/#breadcrumb\",\"itemListElement\":[{\"@type\":\"ListItem\",\"position\":1,\"name\":\"Accueil\",\"item\":\"https:\/\/bonjourbarcelone.fr\/\"},{\"@type\":\"ListItem\",\"position\":2,\"name\":\"Mentions l\u00e9gales\"}]},{\"@type\":\"WebSite\",\"@id\":\"https:\/\/bonjourbarcelone.fr\/#website\",\"url\":\"https:\/\/bonjourbarcelone.fr\/\",\"name\":\"Visiter Barcelone\",\"description\":\"Tout pour passer un s\u00e9jour inoubliable en 2026 !\",\"potentialAction\":[{\"@type\":\"SearchAction\",\"target\":{\"@type\":\"EntryPoint\",\"urlTemplate\":\"https:\/\/bonjourbarcelone.fr\/?s={search_term_string}\"},\"query-input\":{\"@type\":\"PropertyValueSpecification\",\"valueRequired\":true,\"valueName\":\"search_term_string\"}}],\"inLanguage\":\"es\"}]}<\/script>\n<!-- \/ Yoast SEO plugin. -->","yoast_head_json":{"title":"Informaci\u00f3n jur\u00eddica","robots":{"index":"noindex","follow":"nofollow"},"og_locale":"es_ES","og_type":"article","og_title":"Mentions l\u00e9gales","og_description":"Les pr\u00e9sentes conditions g\u00e9n\u00e9rales fixent les modalit\u00e9s d\u2019utilisation du service web http:\/\/thibaut.wpengine.com. L\u2019utilisateur reconnait avoir pris connaissance de ce document et accept\u00e9 l\u2019ensemble de ces informations, que cet usage soit fait \u00e0 titre personnel ou professionnel. Si cet usage est fait \u00e0 titre professionnel, l\u2019utilisateur garantit d\u00e9tenir les pouvoirs n\u00e9cessaires pour accepter ces conditions g\u00e9n\u00e9rales [&hellip;]","og_url":"https:\/\/bonjourbarcelone.fr\/es\/informacion-legal\/","og_site_name":"Visiter Barcelone","article_modified_time":"2018-01-12T18:12:27+00:00","twitter_card":"summary_large_image","twitter_misc":{"Tiempo de lectura":"3 minutos"},"schema":{"@context":"https:\/\/schema.org","@graph":[{"@type":"WebPage","@id":"https:\/\/bonjourbarcelone.fr\/mentions-legales\/","url":"https:\/\/bonjourbarcelone.fr\/mentions-legales\/","name":"Informaci\u00f3n jur\u00eddica","isPartOf":{"@id":"https:\/\/bonjourbarcelone.fr\/#website"},"datePublished":"2017-09-07T11:22:35+00:00","dateModified":"2018-01-12T18:12:27+00:00","breadcrumb":{"@id":"https:\/\/bonjourbarcelone.fr\/mentions-legales\/#breadcrumb"},"inLanguage":"es","potentialAction":[{"@type":"ReadAction","target":["https:\/\/bonjourbarcelone.fr\/mentions-legales\/"]}]},{"@type":"BreadcrumbList","@id":"https:\/\/bonjourbarcelone.fr\/mentions-legales\/#breadcrumb","itemListElement":[{"@type":"ListItem","position":1,"name":"Accueil","item":"https:\/\/bonjourbarcelone.fr\/"},{"@type":"ListItem","position":2,"name":"Mentions l\u00e9gales"}]},{"@type":"WebSite","@id":"https:\/\/bonjourbarcelone.fr\/#website","url":"https:\/\/bonjourbarcelone.fr\/","name":"Visitar Barcelona","description":"Tout pour passer un s\u00e9jour inoubliable en 2026 !","potentialAction":[{"@type":"SearchAction","target":{"@type":"EntryPoint","urlTemplate":"https:\/\/bonjourbarcelone.fr\/?s={search_term_string}"},"query-input":{"@type":"PropertyValueSpecification","valueRequired":true,"valueName":"search_term_string"}}],"inLanguage":"es"}]}},"_links":{"self":[{"href":"https:\/\/bonjourbarcelone.fr\/es\/wp-json\/wp\/v2\/pages\/983","targetHints":{"allow":["GET"]}}],"collection":[{"href":"https:\/\/bonjourbarcelone.fr\/es\/wp-json\/wp\/v2\/pages"}],"about":[{"href":"https:\/\/bonjourbarcelone.fr\/es\/wp-json\/wp\/v2\/types\/page"}],"author":[{"embeddable":true,"href":"https:\/\/bonjourbarcelone.fr\/es\/wp-json\/wp\/v2\/users\/2"}],"replies":[{"embeddable":true,"href":"https:\/\/bonjourbarcelone.fr\/es\/wp-json\/wp\/v2\/comments?post=983"}],"version-history":[{"count":0,"href":"https:\/\/bonjourbarcelone.fr\/es\/wp-json\/wp\/v2\/pages\/983\/revisions"}],"wp:attachment":[{"href":"https:\/\/bonjourbarcelone.fr\/es\/wp-json\/wp\/v2\/media?parent=983"}],"curies":[{"name":"wp","href":"https:\/\/api.w.org\/{rel}","templated":true}]}}