{"id":1053,"date":"2017-10-30T19:04:43","date_gmt":"2017-10-30T19:04:43","guid":{"rendered":"http:\/\/thibaut.wpengine.com\/?page_id=1053"},"modified":"2025-10-13T13:35:54","modified_gmt":"2025-10-13T13:35:54","slug":"transfert-prive-aeroport-barcelone","status":"publish","type":"page","link":"https:\/\/bonjourbarcelone.fr\/fr\/transfert-prive-aeroport-barcelone\/","title":{"rendered":"Fa\u00eetes-vous la m\u00eame erreur que 99% des gens qui visitent Barcelone ?"},"content":{"rendered":"<p>Note: si c&rsquo;est un retour vers l&rsquo;a\u00e9roport qui vous int\u00e9resse, <a href=\"https:\/\/bonjourbarcelone.fr\/fr\/transfert-depuis-le-centre-ville-vers-un-aeroport-en-francais\/\" target=\"_blank\" rel=\"noopener noreferrer\">cliquez ici<\/a>.<\/p>\n<p><strong>Vous arrivez \u00e0 Barcelone en avion comme 9O% des voyageurs ?<\/strong><\/p>\n<p>Lisez bien ce qui va suivre\u2026<\/p>\n<h2><center>Car la plupart des voyageurs font l\u2019erreur de prendre un taxi \u00e0 leur arriv\u00e9e.<\/center><\/h2>\n<h2><center>Ou <strong>encore pire<\/strong>.<\/center><\/h2>\n<h2><center>Ils font l\u2019erreur de prendre les transports en commun.<\/center><\/h2>\n<p>Peut-\u00eatre que vous \u00eates en train de vous renseigner sur la ville de Barcelone.<\/p>\n<p>Pour savoir ce qu\u2019il faut visiter en priorit\u00e9.<\/p>\n<p>Comment se d\u00e9placer dans la ville.<\/p>\n<p>Trouver des bons plans.<\/p>\n<p>Et <strong>vous avez raison<\/strong>.<\/p>\n<p>Je fais la m\u00eame chose quand je pars en voyage.<\/p>\n<p>Il n\u2019y a rien de pire que d\u2019arriver dans une ville que l\u2019on ne connait pas\u2026<\/p>\n<p>Sans n\u2019avoir rien pr\u00e9par\u00e9 !<\/p>\n<p>Sans parler la langue.<\/p>\n<p>Sans savoir ce qui va nous faire gagner du temps (ou en perdre).<\/p>\n<h2><center><strong>Dans votre cas<\/strong>:<\/center><\/h2>\n<p>Vous allez \u00e0 Barcelone avec vos sacs et vos valises.<\/p>\n<p>Vous arrivez depuis l\u2019a\u00e9roport.<\/p>\n<p>Et vous voulez vous rendre \u00e0 votre h\u00e9bergement. Le plus rapidement possible si possible.<\/p>\n<p>Sans que ce soit une gal\u00e8re dans les transports en commun o\u00f9 vous \u00eates serr\u00e9s.<\/p>\n<p>Qui peuvent mettre une \u00e9ternit\u00e9 pour arriver \u00e0 votre h\u00e9bergement.<\/p>\n<p>Et remplis de pickpockets.<\/p>\n<p><strong>Imaginez<\/strong>\u2026<\/p>\n<p>Vous \u00eates avec vos valises et vos sacs.<\/p>\n<p>Vous avez le risque de vous faire voler.<\/p>\n<p>Vous avez tout votre argent avec vous.<\/p>\n<p>Vos passeports, vos documents\u2026<\/p>\n<h2><center>Il n\u2019y a rien de pire que de commencer un voyage et d\u2019\u00eatre vol\u00e9 d\u00e8s le premier jour.<\/center><\/h2>\n<p>Vous devez ensuite appeler votre banque pour bloquer vos cartes bleues.<\/p>\n<p>Vous devez aller \u00e0 la police faire une d\u00e9claration de vol.<\/p>\n<p>Vous devez aller \u00e0 l\u2019ambassade de France pour pouvoir ensuite rentrer chez vous avec un document provisoire.<\/p>\n<p>Bref.<\/p>\n<p><strong>C\u2019est la gal\u00e8re<\/strong>.<\/p>\n<p>Et malheureusement, cela arrive assez souvent pour les voyageurs qui prennent les transports en commun comme le m\u00e9tro ou le bus.<\/p>\n<h2><center>Vous avez pens\u00e9 prendre un taxi ?<\/center><\/h2>\n<p>Ce n\u2019est pas beaucoup mieux.<\/p>\n<p>Entre les faux taxis.<\/p>\n<p>Les taxis qui n\u2019allument pas le compteur, qui disent qu\u2019il ne marche pas ou quand il est modifi\u00e9 pour qu&rsquo;il avance plus vite que la normale.<\/p>\n<p>Ceux qui vous font des \u00e9normes d\u00e9tours sans que vous vous en aperceviez.<\/p>\n<p>Il est facile de se faire arnaquer.<\/p>\n<p>Une amie \u00e0 moi a pay\u00e9 plus de 100.00 euros pour un trajet depuis l\u2019a\u00e9roport jusqu\u2019\u00e0 son h\u00e9bergement en centre-ville.<\/p>\n<p><strong>Une belle arnaque<\/strong> !<\/p>\n<p>Sans compter qu\u2019il y a souvent 1 heure d\u2019attente voire plus pour avoir un taxi.<\/p>\n<p>En fait, le vrai probl\u00e8me c\u2019est celui-ci:<\/p>\n<h2><center><strong>Vous ne connaissez aucun moyen de transport qui soit fiable, confortable et rapide<\/strong>.<\/center><\/h2>\n<p>Et vous prenez soit un taxi soit les transports en commun en esp\u00e9rant que tout se passe bien.<\/p>\n<p>C\u2019est exactement pour \u00e9viter ces d\u00e9sagr\u00e9ments que j\u2019ai d\u00e9cid\u00e9 de proposer un service qui est parfait pour les voyageurs comme vous.<\/p>\n<h2><center>Avec une entreprise de transfert de confiance, nous vous proposons LE <strong>transfert id\u00e9al<\/strong> pour commencer vos vacances.<\/center><\/h2>\n<p>M\u00eame pour les personnes qui n\u2019ont pas beaucoup de budget.<\/p>\n<aside class=\"block-note\">\n<p class=\"block-offer-desc\"><strong>Nos accompagnateurs ont des avantages uniques<\/strong>:<\/p>\n<ul>\n<li>ils parlent <strong>fran\u00e7ais<\/strong> ce qui rend la communication facile<\/li>\n<li>ils vous attendent \u00e0 votre arriv\u00e9e \u00e0 l&rsquo;a\u00e9roport avec une pancarte \u00e0 votre nom pour vous <strong>\u00e9viter d&rsquo;attendre<\/strong> 1 \u00e0 2 heures un taxi<\/li>\n<li>ils vous <strong>aident avec les valises<\/strong> pour vous \u00e9viter de vous fatiguer apr\u00e8s votre\u00a0vol<\/li>\n<li>le <strong>prix est fixe<\/strong>, ce qui \u00e9vite toute arnaque possible<\/li>\n<li>si votre avion a du retard, l&rsquo;accompagnateur vous attend <strong>sans surco\u00fbt<\/strong><\/li>\n<li>votre accompagnateur <strong>r\u00e9pond \u00e0 toutes vos questions<\/strong> durant le trajet<\/li>\n<li>il y a des <strong>si\u00e8ges-auto pour b\u00e9b\u00e9\/enfant<\/strong> si besoin (ce que n&rsquo;ont quasiment jamais les taxis)<\/li>\n<\/ul>\n<\/aside>\n<p>Avec notre service de transfert\u2026<\/p>\n<p>Vous \u00eates s\u00fbrs d\u2019arriver rapidement \u00e0 votre h\u00e9bergement.<\/p>\n<p>Sans avoir \u00e9t\u00e9 vol\u00e9 ou arnaqu\u00e9.<\/p>\n<p>Et d\u00e9tendus car on vous aura aid\u00e9 avec les valises.<\/p>\n<p>Et vous \u00eates juste rest\u00e9s assis confortablement dans la voiture.<\/p>\n<p>Voici quelques <strong>retours de voyageurs qui ont r\u00e9serv\u00e9 un transfert avec nous<\/strong>:<\/p>\n<blockquote><p>Transfert impeccable avec Paul, qui parle parfaitement fran\u00e7ais. Conduite agr\u00e9able et il r\u00e9pond \u00e0 vos questions.<br \/>\nOn recommande !<\/p>\n<p style=\"text-align: right;\">Alexandre et Nathalie<\/p>\n<p>Merci Bonjour Barcelone ! Notre avion avait du retard mais la personne \u00e9tait bien l\u00e0 \u00e0 nous attendre. Super sympa en plus. Nous avons d\u00e9cid\u00e9 de r\u00e9server un retour dans la foul\u00e9e.<\/p>\n<p style=\"text-align: right;\">Jean-Pierre et ses amis<\/p>\n<p>Transfert parfait de l\u2019h\u00f4tel a l\u2019a\u00e9roport. Paul \u00e9tait en avance \u00e0 4h20 du mat!! et a \u00e9t\u00e9 tr\u00e8s sympathique avec une conduite bcp plus agr\u00e9able que notre taxi \u00e0 l\u2019aller !!! Je recommande<\/p>\n<p style=\"text-align: right;\">Jos\u00e9<\/p>\n<p>Je tenais \u00e0 vous remercier pour ce que vous avez fait pour nous concernant le transfert de l&rsquo;a\u00e9roport \u00e0 l&rsquo;h\u00f4tel et la visite guid\u00e9e.<br \/>\nNous avons \u00e9t\u00e9 tr\u00e8s bien accueilli par le chauffeur et Floriane.<br \/>\nNous sommes tr\u00e8s content de notre s\u00e9jour, et gr\u00e2ce \u00e0 vous tout a \u00e9t\u00e9 parfait.<br \/>\nFloriane a \u00e9t\u00e9 charmante et agr\u00e9able et ma\u00eetrise super bien son sujet et gr\u00e2ce \u00e0 elle nous avons vu ce que nous voulions.<br \/>\nLe chauffeur aussi \u00e9tait g\u00e9nial et nous l&rsquo;aurons dimanche pour notre retour en France.<br \/>\nEn tout cas nous n&rsquo;oublirons pas se s\u00e9jour et la prochaine fois nous ferons appel \u00e0 vous, \u00e7a c&rsquo;est s\u00fbr.<br \/>\nMilles mercis pour tout et nous profitons de notre derni\u00e8re soir\u00e9e dans cette belle ville de Barcelone.<\/p>\n<p style=\"text-align: right;\">Violette<\/p>\n<p>Tr\u00e8s bon service. Surtout quand le vol arrive \u00e0 minuit et ils nous attendent quand il y a du retard. Pas de surprise. Merci aux chauffeurs.<\/p>\n<p style=\"text-align: right;\">SCHOEMANN<\/p>\n<p>Excellent service, que j\u2019ai connu sur votre site , transfert a\u00e9roport impeccable avec en surplus visite guid\u00e9e de la ville, le chauffeur super sympathique, ce serait un taxi avec les d\u00e9viations le tarif n\u2019aurait pas \u00e9t\u00e9 pareil, avec ce service pas de surprise \u00e0 l\u2019arriv\u00e9e, tarif est fixe, \u00e0 recommander pleinement, merci Paul.A bient\u00f4t<\/p>\n<p style=\"text-align: right;\">DI PENTIMA MARINA<\/p>\n<p>Service haut de gamme VIP<br \/>\nPour un prix low-cost<br \/>\nBravo \u00e0 votre compagnie et bravo \u00e0 vos chauffeurs<br \/>\nEncore merci<\/p>\n<p style=\"text-align: right;\"> Bettioui <\/p>\n<p>Transfert retour H\u00f4tel vers a\u00e9roport effectu\u00e9 par Paul le 26.02, impeccable. A l\u2019heure pr\u00e9cise devant l\u2019h\u00f4tel, tr\u00e8s serviable, agr\u00e9able et professionnel. Il parle parfaitement le fran\u00e7ais.<\/p>\n<p>Je conseille vraiment ce service.<\/p>\n<p style=\"text-align: right;\"> Magn\u00e9 <\/p>\n<p>Tr\u00e8s agr\u00e9able et tr\u00e8s professionnel. Et extr\u00eamement ponctuel.<br \/>\nun sans faute !<br \/>\n\u00c0 recommander +++<\/p>\n<p style=\"text-align: right;\">Herv\u00e9<\/p>\n<p>Un grand merci \u00e0 Paul pour ce transfert impeccable !Un accueil tr\u00e8s chaleureux et en plus en francais . Il nous a donn\u00e9 plein de petites infos pour notre s\u00e9jour \u00e0 Barcelone et nous avons m\u00eame eu droit \u00e0 une visite guid\u00e9e jusqu\u2019\u00e0 la mer .<br \/>\nBeaucoup de convivialit\u00e9 et de gentillesse .<br \/>\nNous n avons qu une envie , revenir !<\/p>\n<p style=\"text-align: right;\">Geoffroy<\/p>\n<p>Nous recommandons ce service.<br \/>\nPaul \u00e9tait pr\u00e9sent d\u00e8s la sortie de l\u2019avion et a \u00e9t\u00e9 tr\u00e8s agr\u00e9able tout au long de la course. Chauffeur tr\u00e8s sympa qui nous a racont\u00e9 plusieurs anecdotes catalanes dans un fran\u00e7ais impeccable.<br \/>\nMerci Paul !!<\/p>\n<p style=\"text-align: right;\">Monteiro<\/p>\n<p>Service de tr\u00e8s bonne qualit\u00e9. Nous n\u2019avons pas eu Paul mais ce dernier a tout fait pour nous trouver un autre chauffeur et a pris soin de prendre de nos nouvelles apr\u00e8s notre arriv\u00e9e. V\u00e9hicule tr\u00e8s confortable et propre . Notre chauffeur a \u00e9t\u00e9 courtois, prevoyant, ponctuel et \u00e0 notre \u00e9coute.C\u2019est tr\u00e8s agr\u00e9able d\u2019avoir ce service qd on arrive dans un pays que l\u2019on ne connait pas . Un \u00e9norme merci \u00e0 Gloria et Paul pour leur savoir \u00eatre et faire. Bonne continuation. Patricia et cyrille<\/p>\n<p style=\"text-align: right;\">Patricia Pelletier<\/p>\n<p>Une tr\u00e8s bonne communication, Paul a \u00e9t\u00e9 adorable avec nous et nous a conseille\u2026 Service au petit soin que je recommande \u00e0 100%<\/p>\n<p style=\"text-align: right;\">St\u00e9phanie Matias<\/p>\n<p>Merci pour le transfert aller et retour de l\u2019a\u00e9roport \u00e0 l\u2019h\u00f4tel ! Impeccable ! Voiture tr\u00e8s propre, chauffeur tr\u00e8s courtois et tr\u00e8s gentil ! Parlant tr\u00e8s bien fran\u00e7ais ! Cela fait du bien d\u2019arriver dans un pays inconnu et d\u2019\u00eatre accueilli de la sorte ! Aucune fausse note ! Nous recommandons ce service .<\/p>\n<p style=\"text-align: right;\">Ragot<\/p>\n<p>Service de taxi parfait, j\u2019ai \u00e9t\u00e9 accueilli \u00e0 mon arriv\u00e9e \u00e0 l\u2019a\u00e9roport par un chauffeur qui a fait preuve d\u2019une grande amabilit\u00e9 et d\u2019un grand professionnalisme, il m\u2019a \u00e9t\u00e9 d\u2019une grande d\u2019aide et m\u2019a donn\u00e9 de bons conseils pour la suite de mon voyage, le tout dans un fran\u00e7ais parfait ;)<br \/>\nA recommander !<\/p>\n<p style=\"text-align: right;\">Ade<\/p>\n<p>Service impeccable , ponctualit\u00e9 parfaite , nos euros les mieux d\u00e9pens\u00e9s du s\u00e9jour .<\/p>\n<p>En comparaison nous sommes tomb\u00e9s sur des chauffeurs de taxi ne parlant pas un mot de francais  et c\u2019est la qu\u2019on se rend compte que le service apporte un confort appr\u00e9ciable .<\/p>\n<p style=\"text-align: right;\">Stevender<\/p>\n<p>Parfait, \u00e0 l\u2019aller comme au retour. Notre sympathique chauffeur Paul parlait un fran\u00e7ais irr\u00e9prochable, il nous a donn\u00e9 beaucoup de conseils et informations. Prix fixe plus que raisonnable, surtout si votre h\u00f4tel se trouve loin de l\u2019a\u00e9roport. \u00c0 recommander +++<\/p>\n<p style=\"text-align: right;\"> Dominique <\/p>\n<p>Le service est tr\u00e8s professionnel. Notre chauffeur a \u00e9t\u00e9 vraiment tr\u00e8s gentil nous faisant m\u00eame une petite visite guid\u00e9e le temps du trajet. Tr\u00e8s agr\u00e9able et tr\u00e8s professionnel. Et extr\u00eamement ponctuel.<\/p>\n<p style=\"text-align: right;\">Labergere<\/p>\n<\/blockquote>\n<p>Vous savez maintenant que notre service de transfert est le moyen id\u00e9al pour commencer ses vacances \u00e0 Barcelone.<\/p>\n<p><strong>Voici un calcul simple<\/strong>:<\/p>\n<p>Supposons que vous \u00eates un couple et que vous partez 4 jours.<\/p>\n<p>Un voyage co\u00fbte:<br \/>\n&#8211; 400.00 euros en h\u00e9bergement (100.00 euros la nuit dans le centre-ville)<br \/>\n&#8211; 300.00 euros en avion (150.00 euros par personne pour un aller-retour)<br \/>\n&#8211; 240.00 euros en restaurants (8 restaurants \u00e0 30.00 euros par personne)<\/p>\n<p>Cela revient d\u00e9j\u00e0 \u00e0 940,00 euros de d\u00e9penses.<\/p>\n<p>Sans compter les transports.<\/p>\n<p>Le prix des entr\u00e9es dans les monuments.<\/p>\n<p>Les petits-d\u00e9jeuners.<\/p>\n<p>Les sorties le soir.<\/p>\n<p>Les achats sur place.<\/p>\n<p>Les risques d\u2019arnaque possible.<\/p>\n<p>On arrive vite \u00e0 pr\u00e8s de 1.500,00 euros de d\u00e9penses.<\/p>\n<h2><center>Voyager repr\u00e9sente un gros investissement en argent.<\/center><\/h2>\n<p>Mais aussi en temps.<\/p>\n<p>Car on a peu de vacances dans l\u2019ann\u00e9e.<\/p>\n<p>Et il faut absolument qu\u2019elles se passent de la meilleure fa\u00e7on possible.\u2028<\/p>\n<h2><center>C\u2019est pour cela que prendre un transfert avec nous est <strong>accessible \u00e0 tout le monde<\/strong>.<\/center><\/h2>\n<p>Le prix est de 59\u20ac seulement pour avoir un transfert id\u00e9al.<\/p>\n<p>Et qui vous fera <strong>d\u00e9buter vos vacances de la meilleure fa\u00e7on qui soit<\/strong>.<\/p>\n<div class=\"su-box su-box-style-default\" id=\"\" style=\"border-color:#017520;border-radius:3px;\"><div class=\"su-box-title\" style=\"background-color:#34A853;color:#FFFFFF;border-top-left-radius:1px;border-top-right-radius:1px\">R\u00e9servation<\/div><div class=\"su-box-content su-u-clearfix su-u-trim\" style=\"border-bottom-left-radius:1px;border-bottom-right-radius:1px\">\n<strong>Tarif fixe<\/strong>:<br \/>\nDe 1 \u00e0 3 personnes: 59\u20ac<br \/>\nDe 4 \u00e0 6 personnes: 69\u20ac<br \/>\n7-8 personnes: 99\u20ac<\/p>\n<p><strong>Exemple<\/strong>: si vous \u00eates 2, le tarif total est bien de 59\u20ac.<\/p>\n<p>Le paiement se fait en esp\u00e8ces \u00e0 la fin de votre transfert.<\/p>\n<p><strong>Note<\/strong>: si c&rsquo;est un retour vers l&rsquo;a\u00e9roport qui vous int\u00e9resse, <a href=\"https:\/\/bonjourbarcelone.fr\/transfert-centre-ville-vers-aeroport\/\" target=\"_blank\" rel=\"noopener noreferrer\">cliquez ici<\/a>.<\/p>\n<p>Si vous n&rsquo;\u00eates pas satisfait de votre transfert, vous ne payez pas. Nous sommes tellement s\u00fbr que notre service va vous satisfaire que nous proposons cette <strong>garantie satisfait ou rembours\u00e9<\/strong>. Vous ne prenez donc <strong>aucun risque<\/strong> \u00e0 r\u00e9server avec nous.<\/p>\n<p><strong>RAPPEL<\/strong>: le transfert est bien priv\u00e9. Vous aurez un v\u00e9hicule et un accompagnateur rien que pour vous !<br \/>\n<\/div><\/div>\n<strong>Remplissez le formulaire ci-dessous pour r\u00e9server votre transfert priv\u00e9 en fran\u00e7ais:<\/strong><br \/>\n\u2028\u2028<\/p>\n<h4><strong>FAQ (questions fr\u00e9quemment pos\u00e9es):<\/strong><\/h4>\n<p><strong>\u00ab\u00a0Nous avons un b\u00e9b\u00e9\/enfant en bas \u00e2ge, avez-vous un si\u00e8ge adapt\u00e9 ?\u00a0\u00bb<\/strong><br \/>\nOui bien s\u00fbr, il suffit de le pr\u00e9ciser lorsque vous remplissez le formulaire de r\u00e9servation.<br \/>\n<strong>\u00ab\u00a0Comment \u00eatre s\u00fbr de retrouver notre chauffeur ?\u00a0\u00bb<\/strong><br \/>\nVotre accompagnateur vous attendra \u00e0 la sortie des passagers, vous ne pourrez pas vous tromper.<br \/>\nVous aurez son num\u00e9ro de t\u00e9l\u00e9phone au cas o\u00f9, et il aura le votre \u00e9galement. Pensez \u00e0 bien allumer votre t\u00e9l\u00e9phone lorsque l&rsquo;avion a atterrit.<br \/>\n<strong>\u00ab\u00a0Quels sont les moyens de paiement\u00a0\u00bb<\/strong><br \/>\nLe paiement s&rsquo;effectue toujours une fois arriv\u00e9s \u00e0 destination, si vous \u00eates satisfaits du service. Le r\u00e8glement s&rsquo;effectue en esp\u00e8ces.<br \/>\n<strong>\u00ab\u00a0Est-il possible d&rsquo;avoir une facture ?\u00a0\u00bb<\/strong><br \/>\nOui bien s\u00fbr, il suffit de le demander lorsque vous remplissez le formulaire ou \u00e0 votre accompagnateur une fois \u00e0 Barcelone.<\/p>\n<p>&nbsp;<\/p>\n<h4><strong>Vous avez d&rsquo;autres questions ?<\/strong><\/h4>\n<p>Vous pouvez nous les envoyer en envoyant un mail \u00e0 l&rsquo;adresse suivante: bonjourbarcelone.marie@gmail.com<br \/>\nNous vous r\u00e9pondrons dans les heures qui suivent.<\/p>\n","protected":false},"excerpt":{"rendered":"<p>Note: si c&rsquo;est un retour vers l&rsquo;a\u00e9roport qui vous int\u00e9resse, cliquez ici. Vous arrivez \u00e0 Barcelone en avion comme 9O% des voyageurs ? Lisez bien ce qui va suivre\u2026 Car la plupart des voyageurs font l\u2019erreur de prendre un taxi \u00e0 leur arriv\u00e9e. Ou encore pire. Ils font l\u2019erreur de prendre les transports en commun. [&hellip;]<\/p>\n","protected":false},"author":2,"featured_media":3660,"parent":0,"menu_order":0,"comment_status":"closed","ping_status":"closed","template":"page_landing.php","meta":{"om_disable_all_campaigns":false,"_genesis_hide_title":false,"_genesis_hide_breadcrumbs":false,"_genesis_hide_singular_image":false,"_genesis_hide_footer_widgets":false,"_genesis_custom_body_class":"","_genesis_custom_post_class":"","_genesis_layout":"content-sidebar","footnotes":""},"class_list":{"0":"post-1053","1":"page","2":"type-page","3":"status-publish","4":"has-post-thumbnail","6":"entry"},"yoast_head":"<!-- This site is optimized with the Yoast SEO plugin v26.5 - https:\/\/yoast.com\/wordpress\/plugins\/seo\/ -->\n<title>Fa\u00eetes-vous la m\u00eame erreur que 99% des gens qui visitent Barcelone ?<\/title>\n<meta name=\"robots\" content=\"noindex, nofollow\" \/>\n<meta property=\"og:locale\" content=\"fr_FR\" \/>\n<meta property=\"og:type\" content=\"article\" \/>\n<meta property=\"og:title\" content=\"Fa\u00eetes-vous la m\u00eame erreur que 99% des gens qui visitent Barcelone ?\" \/>\n<meta property=\"og:description\" content=\"Note: si c&rsquo;est un retour vers l&rsquo;a\u00e9roport qui vous int\u00e9resse, cliquez ici. Vous arrivez \u00e0 Barcelone en avion comme 9O% des voyageurs ? Lisez bien ce qui va suivre\u2026 Car la plupart des voyageurs font l\u2019erreur de prendre un taxi \u00e0 leur arriv\u00e9e. Ou encore pire. Ils font l\u2019erreur de prendre les transports en commun. [&hellip;]\" \/>\n<meta property=\"og:url\" content=\"https:\/\/bonjourbarcelone.fr\/fr\/transfert-prive-aeroport-barcelone\/\" \/>\n<meta property=\"og:site_name\" content=\"Visiter Barcelone\" \/>\n<meta property=\"article:modified_time\" content=\"2025-10-13T13:35:54+00:00\" \/>\n<meta property=\"og:image\" content=\"https:\/\/bonjourbarcelone.fr\/wp-content\/uploads\/2024\/03\/transfer-aeroport-barcelone.jpeg\" \/>\n\t<meta property=\"og:image:width\" content=\"482\" \/>\n\t<meta property=\"og:image:height\" content=\"319\" \/>\n\t<meta property=\"og:image:type\" content=\"image\/jpeg\" \/>\n<meta name=\"twitter:card\" content=\"summary_large_image\" \/>\n<meta name=\"twitter:label1\" content=\"Dur\u00e9e de lecture estim\u00e9e\" \/>\n\t<meta name=\"twitter:data1\" content=\"6 minutes\" \/>\n<script type=\"application\/ld+json\" class=\"yoast-schema-graph\">{\"@context\":\"https:\/\/schema.org\",\"@graph\":[{\"@type\":\"WebPage\",\"@id\":\"https:\/\/bonjourbarcelone.fr\/transfert-prive-aeroport-barcelone\/\",\"url\":\"https:\/\/bonjourbarcelone.fr\/transfert-prive-aeroport-barcelone\/\",\"name\":\"Fa\u00eetes-vous la m\u00eame erreur que 99% des gens qui visitent Barcelone ?\",\"isPartOf\":{\"@id\":\"https:\/\/bonjourbarcelone.fr\/#website\"},\"primaryImageOfPage\":{\"@id\":\"https:\/\/bonjourbarcelone.fr\/transfert-prive-aeroport-barcelone\/#primaryimage\"},\"image\":{\"@id\":\"https:\/\/bonjourbarcelone.fr\/transfert-prive-aeroport-barcelone\/#primaryimage\"},\"thumbnailUrl\":\"https:\/\/bonjourbarcelone.fr\/wp-content\/uploads\/2024\/03\/transfer-aeroport-barcelone.jpeg\",\"datePublished\":\"2017-10-30T19:04:43+00:00\",\"dateModified\":\"2025-10-13T13:35:54+00:00\",\"breadcrumb\":{\"@id\":\"https:\/\/bonjourbarcelone.fr\/transfert-prive-aeroport-barcelone\/#breadcrumb\"},\"inLanguage\":\"fr-FR\",\"potentialAction\":[{\"@type\":\"ReadAction\",\"target\":[\"https:\/\/bonjourbarcelone.fr\/transfert-prive-aeroport-barcelone\/\"]}]},{\"@type\":\"ImageObject\",\"inLanguage\":\"fr-FR\",\"@id\":\"https:\/\/bonjourbarcelone.fr\/transfert-prive-aeroport-barcelone\/#primaryimage\",\"url\":\"https:\/\/bonjourbarcelone.fr\/wp-content\/uploads\/2024\/03\/transfer-aeroport-barcelone.jpeg\",\"contentUrl\":\"https:\/\/bonjourbarcelone.fr\/wp-content\/uploads\/2024\/03\/transfer-aeroport-barcelone.jpeg\",\"width\":482,\"height\":319,\"caption\":\"transfer aeroport barcelone\"},{\"@type\":\"BreadcrumbList\",\"@id\":\"https:\/\/bonjourbarcelone.fr\/transfert-prive-aeroport-barcelone\/#breadcrumb\",\"itemListElement\":[{\"@type\":\"ListItem\",\"position\":1,\"name\":\"Accueil\",\"item\":\"https:\/\/bonjourbarcelone.fr\/\"},{\"@type\":\"ListItem\",\"position\":2,\"name\":\"Fa\u00eetes-vous la m\u00eame erreur que 99% des gens qui visitent Barcelone ?\"}]},{\"@type\":\"WebSite\",\"@id\":\"https:\/\/bonjourbarcelone.fr\/#website\",\"url\":\"https:\/\/bonjourbarcelone.fr\/\",\"name\":\"Visiter Barcelone\",\"description\":\"Tout pour passer un s\u00e9jour inoubliable en 2026 !\",\"potentialAction\":[{\"@type\":\"SearchAction\",\"target\":{\"@type\":\"EntryPoint\",\"urlTemplate\":\"https:\/\/bonjourbarcelone.fr\/?s={search_term_string}\"},\"query-input\":{\"@type\":\"PropertyValueSpecification\",\"valueRequired\":true,\"valueName\":\"search_term_string\"}}],\"inLanguage\":\"fr-FR\"}]}<\/script>\n<!-- \/ Yoast SEO plugin. -->","yoast_head_json":{"title":"Fa\u00eetes-vous la m\u00eame erreur que 99% des gens qui visitent Barcelone ?","robots":{"index":"noindex","follow":"nofollow"},"og_locale":"fr_FR","og_type":"article","og_title":"Fa\u00eetes-vous la m\u00eame erreur que 99% des gens qui visitent Barcelone ?","og_description":"Note: si c&rsquo;est un retour vers l&rsquo;a\u00e9roport qui vous int\u00e9resse, cliquez ici. Vous arrivez \u00e0 Barcelone en avion comme 9O% des voyageurs ? Lisez bien ce qui va suivre\u2026 Car la plupart des voyageurs font l\u2019erreur de prendre un taxi \u00e0 leur arriv\u00e9e. Ou encore pire. Ils font l\u2019erreur de prendre les transports en commun. [&hellip;]","og_url":"https:\/\/bonjourbarcelone.fr\/fr\/transfert-prive-aeroport-barcelone\/","og_site_name":"Visiter Barcelone","article_modified_time":"2025-10-13T13:35:54+00:00","og_image":[{"width":482,"height":319,"url":"https:\/\/bonjourbarcelone.fr\/wp-content\/uploads\/2024\/03\/transfer-aeroport-barcelone.jpeg","type":"image\/jpeg"}],"twitter_card":"summary_large_image","twitter_misc":{"Dur\u00e9e de lecture estim\u00e9e":"6 minutes"},"schema":{"@context":"https:\/\/schema.org","@graph":[{"@type":"WebPage","@id":"https:\/\/bonjourbarcelone.fr\/transfert-prive-aeroport-barcelone\/","url":"https:\/\/bonjourbarcelone.fr\/transfert-prive-aeroport-barcelone\/","name":"Fa\u00eetes-vous la m\u00eame erreur que 99% des gens qui visitent Barcelone ?","isPartOf":{"@id":"https:\/\/bonjourbarcelone.fr\/#website"},"primaryImageOfPage":{"@id":"https:\/\/bonjourbarcelone.fr\/transfert-prive-aeroport-barcelone\/#primaryimage"},"image":{"@id":"https:\/\/bonjourbarcelone.fr\/transfert-prive-aeroport-barcelone\/#primaryimage"},"thumbnailUrl":"https:\/\/bonjourbarcelone.fr\/wp-content\/uploads\/2024\/03\/transfer-aeroport-barcelone.jpeg","datePublished":"2017-10-30T19:04:43+00:00","dateModified":"2025-10-13T13:35:54+00:00","breadcrumb":{"@id":"https:\/\/bonjourbarcelone.fr\/transfert-prive-aeroport-barcelone\/#breadcrumb"},"inLanguage":"fr-FR","potentialAction":[{"@type":"ReadAction","target":["https:\/\/bonjourbarcelone.fr\/transfert-prive-aeroport-barcelone\/"]}]},{"@type":"ImageObject","inLanguage":"fr-FR","@id":"https:\/\/bonjourbarcelone.fr\/transfert-prive-aeroport-barcelone\/#primaryimage","url":"https:\/\/bonjourbarcelone.fr\/wp-content\/uploads\/2024\/03\/transfer-aeroport-barcelone.jpeg","contentUrl":"https:\/\/bonjourbarcelone.fr\/wp-content\/uploads\/2024\/03\/transfer-aeroport-barcelone.jpeg","width":482,"height":319,"caption":"transfer aeroport barcelone"},{"@type":"BreadcrumbList","@id":"https:\/\/bonjourbarcelone.fr\/transfert-prive-aeroport-barcelone\/#breadcrumb","itemListElement":[{"@type":"ListItem","position":1,"name":"Accueil","item":"https:\/\/bonjourbarcelone.fr\/"},{"@type":"ListItem","position":2,"name":"Fa\u00eetes-vous la m\u00eame erreur que 99% des gens qui visitent Barcelone ?"}]},{"@type":"WebSite","@id":"https:\/\/bonjourbarcelone.fr\/#website","url":"https:\/\/bonjourbarcelone.fr\/","name":"Visiter Barcelone","description":"Tout pour passer un s\u00e9jour inoubliable en 2026 !","potentialAction":[{"@type":"SearchAction","target":{"@type":"EntryPoint","urlTemplate":"https:\/\/bonjourbarcelone.fr\/?s={search_term_string}"},"query-input":{"@type":"PropertyValueSpecification","valueRequired":true,"valueName":"search_term_string"}}],"inLanguage":"fr-FR"}]}},"_links":{"self":[{"href":"https:\/\/bonjourbarcelone.fr\/fr\/wp-json\/wp\/v2\/pages\/1053","targetHints":{"allow":["GET"]}}],"collection":[{"href":"https:\/\/bonjourbarcelone.fr\/fr\/wp-json\/wp\/v2\/pages"}],"about":[{"href":"https:\/\/bonjourbarcelone.fr\/fr\/wp-json\/wp\/v2\/types\/page"}],"author":[{"embeddable":true,"href":"https:\/\/bonjourbarcelone.fr\/fr\/wp-json\/wp\/v2\/users\/2"}],"replies":[{"embeddable":true,"href":"https:\/\/bonjourbarcelone.fr\/fr\/wp-json\/wp\/v2\/comments?post=1053"}],"version-history":[{"count":6,"href":"https:\/\/bonjourbarcelone.fr\/fr\/wp-json\/wp\/v2\/pages\/1053\/revisions"}],"predecessor-version":[{"id":3992,"href":"https:\/\/bonjourbarcelone.fr\/fr\/wp-json\/wp\/v2\/pages\/1053\/revisions\/3992"}],"wp:featuredmedia":[{"embeddable":true,"href":"https:\/\/bonjourbarcelone.fr\/fr\/wp-json\/wp\/v2\/media\/3660"}],"wp:attachment":[{"href":"https:\/\/bonjourbarcelone.fr\/fr\/wp-json\/wp\/v2\/media?parent=1053"}],"curies":[{"name":"wp","href":"https:\/\/api.w.org\/{rel}","templated":true}]}}