{"id":1074,"date":"2018-01-12T18:11:50","date_gmt":"2018-01-12T18:11:50","guid":{"rendered":"http:\/\/thibaut.wpengine.com\/?page_id=1074"},"modified":"2018-01-12T18:13:01","modified_gmt":"2018-01-12T18:13:01","slug":"cgv","status":"publish","type":"page","link":"https:\/\/bonjourbarcelone.fr\/fr\/cgv\/","title":{"rendered":"Conditions g\u00e9n\u00e9rales de vente et d\u2019utilisation"},"content":{"rendered":"<p>1. En visitant ce blog (bonjourbarcelone.fr), vous vous engagez \u00e0 avoir lu, compris et accept\u00e9 les conditions g\u00e9n\u00e9rales d&rsquo;utilisation de ce blog.<\/p>\n<p>&nbsp;<\/p>\n<p>2. Les services et les conseils propos\u00e9s par ce blog s&rsquo;adressent \u00e0 tout le monde. En cas d&rsquo;utilisation des informations et conseils prodigu\u00e9s sur ce blog \u00e0 des fins commerciales, vous serez de plein droit d\u00e9biteur envers son auteur d&rsquo;une indemnit\u00e9 d&rsquo;un montant \u00e9gal \u00e0 75% des recettes g\u00e9n\u00e9r\u00e9es \u00e0 raison de l&rsquo;utilisation des conseils et informations de l&rsquo;auteur. Toute utilisation, reproduction, revente, ou simple communication, \u00e9crite ou orale, des produits, services et contenus propos\u00e9s par ce blog est formellement interdite sans le consentement \u00e9crit de ce blog et de son repr\u00e9sentant et fera syst\u00e9matiquement l\u2019objet de poursuites.<\/p>\n<p>&nbsp;<\/p>\n<p>3. Le contenu de ce blog est propos\u00e9 \u00e0 titre de partage d&rsquo;informations, de r\u00e9flexions et de conseils.<\/p>\n<p>&nbsp;<\/p>\n<p>4. Vous comprenez et approuvez que les informations et conseils propos\u00e9s par ce blog ne doivent pas \u00eatre utilis\u00e9s \u00e0 des fins ill\u00e9gales. Vous comprenez et approuvez \u00eatre seul responsable de vos actions et de leurs cons\u00e9quences. Ce blog, son repr\u00e9sentant et ses partenaires ne pourront \u00eatre tenus responsables dans le cas d\u2019un usage inappropri\u00e9 de ses informations et conseils, ni plus g\u00e9n\u00e9ralement de toute cons\u00e9quence directe ou indirecte de vos actions.\u00a0Ce blog, son repr\u00e9sentant et ses partenaires ne garantissent aucun r\u00e9sultat suite \u00e0 l&rsquo;application de conseils prodigu\u00e9s.<\/p>\n<p>&nbsp;<\/p>\n<p>6. bonjourbarcelone.fr ne pourra \u00eatre tenu responsable des erreurs de contenu, ni des virus ou de tout autre \u00e9l\u00e9ment pouvant porter atteinte \u00e0 l\u2019int\u00e9grit\u00e9 de vos mat\u00e9riels informatiques, ni des \u00e9ventuels cons\u00e9quences d\u2019une faille de s\u00e9curit\u00e9 de son syst\u00e8me de paiement Paypal\u2122. Vous assumez seul les risques li\u00e9s \u00e0 l\u2019utilisation de ce blog ainsi qu\u2019\u00e0 l\u2019ensemble des sites dont les liens figurent sur ce blog.<\/p>\n<p>&nbsp;<\/p>\n<p>7. Vous comprenez et approuvez, lorsque vous transmettez \u00e0 ce blog un t\u00e9moignage \u00e9crit ou oral sur un de ses produits ou services, que celui-ci devient la propri\u00e9t\u00e9 du blog, ce qui implique la cession du droit de reproduction, d\u2019\u00e9dition, et de publication. Sauf demande \u00e9crite de votre part, cette publication pourra faire mention de votre pr\u00e9nom, ainsi que de votre profession et de votre lieu d\u2019habitation.<\/p>\n<p>&nbsp;<\/p>\n<p>8. Certaines parties du blog sont priv\u00e9es et l\u2019\u00e9quipe de mod\u00e9ration se r\u00e9serve le droit d\u2019entr\u00e9e. L\u2019acc\u00e8s \u00e0 ces parties pourra donc vous \u00eatre refus\u00e9 sans avertissement ni justification.<\/p>\n<p>9. Ce blog, ni son auteur ou son entreprise associ\u00e9e, n&rsquo;est responsable des \u00e9v\u00e8nements qui peuvent se d\u00e9rouler \u00e0 des endroits, avec certains services ou avec certaines personnes recommand\u00e9es sur ce blog.<\/p>\n<p>10. Les services propos\u00e9s sur ce blog n&rsquo;ont pas d&rsquo;obligation de r\u00e9sultat, ni ceux des partenaires et entreprises recommand\u00e9s.<\/p>\n<p>&nbsp;<\/p>\n<p>11. Vous comprenez et approuvez qu\u2019en cas de d\u00e9saccord, les termes de ces Conditions G\u00e9n\u00e9rales de ventes et d&rsquo;utilisation pr\u00e9valent sur toute communication orale ou \u00e9crite \u00e9tablie entre vous et l\u2019un des repr\u00e9sentants ou partenaires de ce blog.<\/p>\n<p>&nbsp;<\/p>\n<p>12. En vous inscrivant \u00e0 la newsletter, vous acceptez de recevoir des articles, vid\u00e9os, offres commerciales, podcasts et autres conseils pour vous aider \u00e0 mieux profiter de votre voyage \u00e0 Barcelone.<\/p>\n","protected":false},"excerpt":{"rendered":"<p>1. En visitant ce blog (bonjourbarcelone.fr), vous vous engagez \u00e0 avoir lu, compris et accept\u00e9 les conditions g\u00e9n\u00e9rales d&rsquo;utilisation de ce blog. &nbsp; 2. Les services et les conseils propos\u00e9s par ce blog s&rsquo;adressent \u00e0 tout le monde. En cas d&rsquo;utilisation des informations et conseils prodigu\u00e9s sur ce blog \u00e0 des fins commerciales, vous serez [&hellip;]<\/p>\n","protected":false},"author":2,"featured_media":0,"parent":0,"menu_order":0,"comment_status":"closed","ping_status":"closed","template":"","meta":{"om_disable_all_campaigns":false,"_genesis_hide_title":false,"_genesis_hide_breadcrumbs":false,"_genesis_hide_singular_image":false,"_genesis_hide_footer_widgets":false,"_genesis_custom_body_class":"","_genesis_custom_post_class":"","_genesis_layout":"","footnotes":""},"class_list":{"0":"post-1074","1":"page","2":"type-page","3":"status-publish","5":"entry"},"yoast_head":"<!-- This site is optimized with the Yoast SEO plugin v26.5 - https:\/\/yoast.com\/wordpress\/plugins\/seo\/ -->\n<title>Conditions g\u00e9n\u00e9rales de vente et d\u2019utilisation<\/title>\n<meta name=\"robots\" content=\"noindex, nofollow\" \/>\n<meta property=\"og:locale\" content=\"fr_FR\" \/>\n<meta property=\"og:type\" content=\"article\" \/>\n<meta property=\"og:title\" content=\"Conditions g\u00e9n\u00e9rales de vente et d\u2019utilisation\" \/>\n<meta property=\"og:description\" content=\"1. En visitant ce blog (bonjourbarcelone.fr), vous vous engagez \u00e0 avoir lu, compris et accept\u00e9 les conditions g\u00e9n\u00e9rales d&rsquo;utilisation de ce blog. &nbsp; 2. Les services et les conseils propos\u00e9s par ce blog s&rsquo;adressent \u00e0 tout le monde. En cas d&rsquo;utilisation des informations et conseils prodigu\u00e9s sur ce blog \u00e0 des fins commerciales, vous serez [&hellip;]\" \/>\n<meta property=\"og:url\" content=\"https:\/\/bonjourbarcelone.fr\/fr\/cgv\/\" \/>\n<meta property=\"og:site_name\" content=\"Visiter Barcelone\" \/>\n<meta property=\"article:modified_time\" content=\"2018-01-12T18:13:01+00:00\" \/>\n<meta name=\"twitter:card\" content=\"summary_large_image\" \/>\n<meta name=\"twitter:label1\" content=\"Dur\u00e9e de lecture estim\u00e9e\" \/>\n\t<meta name=\"twitter:data1\" content=\"3 minutes\" \/>\n<script type=\"application\/ld+json\" class=\"yoast-schema-graph\">{\"@context\":\"https:\/\/schema.org\",\"@graph\":[{\"@type\":\"WebPage\",\"@id\":\"https:\/\/bonjourbarcelone.fr\/cgv\/\",\"url\":\"https:\/\/bonjourbarcelone.fr\/cgv\/\",\"name\":\"Conditions g\u00e9n\u00e9rales de vente et d\u2019utilisation\",\"isPartOf\":{\"@id\":\"https:\/\/bonjourbarcelone.fr\/#website\"},\"datePublished\":\"2018-01-12T18:11:50+00:00\",\"dateModified\":\"2018-01-12T18:13:01+00:00\",\"breadcrumb\":{\"@id\":\"https:\/\/bonjourbarcelone.fr\/cgv\/#breadcrumb\"},\"inLanguage\":\"fr-FR\",\"potentialAction\":[{\"@type\":\"ReadAction\",\"target\":[\"https:\/\/bonjourbarcelone.fr\/cgv\/\"]}]},{\"@type\":\"BreadcrumbList\",\"@id\":\"https:\/\/bonjourbarcelone.fr\/cgv\/#breadcrumb\",\"itemListElement\":[{\"@type\":\"ListItem\",\"position\":1,\"name\":\"Accueil\",\"item\":\"https:\/\/bonjourbarcelone.fr\/\"},{\"@type\":\"ListItem\",\"position\":2,\"name\":\"Conditions g\u00e9n\u00e9rales de vente et d\u2019utilisation\"}]},{\"@type\":\"WebSite\",\"@id\":\"https:\/\/bonjourbarcelone.fr\/#website\",\"url\":\"https:\/\/bonjourbarcelone.fr\/\",\"name\":\"Visiter Barcelone\",\"description\":\"Tout pour passer un s\u00e9jour inoubliable en 2026 !\",\"potentialAction\":[{\"@type\":\"SearchAction\",\"target\":{\"@type\":\"EntryPoint\",\"urlTemplate\":\"https:\/\/bonjourbarcelone.fr\/?s={search_term_string}\"},\"query-input\":{\"@type\":\"PropertyValueSpecification\",\"valueRequired\":true,\"valueName\":\"search_term_string\"}}],\"inLanguage\":\"fr-FR\"}]}<\/script>\n<!-- \/ Yoast SEO plugin. -->","yoast_head_json":{"title":"Conditions g\u00e9n\u00e9rales de vente et d\u2019utilisation","robots":{"index":"noindex","follow":"nofollow"},"og_locale":"fr_FR","og_type":"article","og_title":"Conditions g\u00e9n\u00e9rales de vente et d\u2019utilisation","og_description":"1. En visitant ce blog (bonjourbarcelone.fr), vous vous engagez \u00e0 avoir lu, compris et accept\u00e9 les conditions g\u00e9n\u00e9rales d&rsquo;utilisation de ce blog. &nbsp; 2. Les services et les conseils propos\u00e9s par ce blog s&rsquo;adressent \u00e0 tout le monde. En cas d&rsquo;utilisation des informations et conseils prodigu\u00e9s sur ce blog \u00e0 des fins commerciales, vous serez [&hellip;]","og_url":"https:\/\/bonjourbarcelone.fr\/fr\/cgv\/","og_site_name":"Visiter Barcelone","article_modified_time":"2018-01-12T18:13:01+00:00","twitter_card":"summary_large_image","twitter_misc":{"Dur\u00e9e de lecture estim\u00e9e":"3 minutes"},"schema":{"@context":"https:\/\/schema.org","@graph":[{"@type":"WebPage","@id":"https:\/\/bonjourbarcelone.fr\/cgv\/","url":"https:\/\/bonjourbarcelone.fr\/cgv\/","name":"Conditions g\u00e9n\u00e9rales de vente et d\u2019utilisation","isPartOf":{"@id":"https:\/\/bonjourbarcelone.fr\/#website"},"datePublished":"2018-01-12T18:11:50+00:00","dateModified":"2018-01-12T18:13:01+00:00","breadcrumb":{"@id":"https:\/\/bonjourbarcelone.fr\/cgv\/#breadcrumb"},"inLanguage":"fr-FR","potentialAction":[{"@type":"ReadAction","target":["https:\/\/bonjourbarcelone.fr\/cgv\/"]}]},{"@type":"BreadcrumbList","@id":"https:\/\/bonjourbarcelone.fr\/cgv\/#breadcrumb","itemListElement":[{"@type":"ListItem","position":1,"name":"Accueil","item":"https:\/\/bonjourbarcelone.fr\/"},{"@type":"ListItem","position":2,"name":"Conditions g\u00e9n\u00e9rales de vente et d\u2019utilisation"}]},{"@type":"WebSite","@id":"https:\/\/bonjourbarcelone.fr\/#website","url":"https:\/\/bonjourbarcelone.fr\/","name":"Visiter Barcelone","description":"Tout pour passer un s\u00e9jour inoubliable en 2026 !","potentialAction":[{"@type":"SearchAction","target":{"@type":"EntryPoint","urlTemplate":"https:\/\/bonjourbarcelone.fr\/?s={search_term_string}"},"query-input":{"@type":"PropertyValueSpecification","valueRequired":true,"valueName":"search_term_string"}}],"inLanguage":"fr-FR"}]}},"_links":{"self":[{"href":"https:\/\/bonjourbarcelone.fr\/fr\/wp-json\/wp\/v2\/pages\/1074","targetHints":{"allow":["GET"]}}],"collection":[{"href":"https:\/\/bonjourbarcelone.fr\/fr\/wp-json\/wp\/v2\/pages"}],"about":[{"href":"https:\/\/bonjourbarcelone.fr\/fr\/wp-json\/wp\/v2\/types\/page"}],"author":[{"embeddable":true,"href":"https:\/\/bonjourbarcelone.fr\/fr\/wp-json\/wp\/v2\/users\/2"}],"replies":[{"embeddable":true,"href":"https:\/\/bonjourbarcelone.fr\/fr\/wp-json\/wp\/v2\/comments?post=1074"}],"version-history":[{"count":0,"href":"https:\/\/bonjourbarcelone.fr\/fr\/wp-json\/wp\/v2\/pages\/1074\/revisions"}],"wp:attachment":[{"href":"https:\/\/bonjourbarcelone.fr\/fr\/wp-json\/wp\/v2\/media?parent=1074"}],"curies":[{"name":"wp","href":"https:\/\/api.w.org\/{rel}","templated":true}]}}