{"id":1385,"date":"2019-02-24T19:06:16","date_gmt":"2019-02-24T19:06:16","guid":{"rendered":"https:\/\/bonjourbarcelone.fr\/?page_id=1385"},"modified":"2019-08-15T09:05:40","modified_gmt":"2019-08-15T09:05:40","slug":"tous-les-articles-de-bonjourbarcelone-fr","status":"publish","type":"page","link":"https:\/\/bonjourbarcelone.fr\/fr\/tous-les-articles-de-bonjourbarcelone-fr\/","title":{"rendered":"Tous les articles de Bonjourbarcelone.fr"},"content":{"rendered":"<p><a href=\"https:\/\/bonjourbarcelone.fr\/visite-guidee-a-barcelone\/\">R\u00e9server une visite avec nous et rendre votre s\u00e9jour inoubliable<\/a><\/p>\n<h2>Articles essentiels:<\/h2>\n<p><a href=\"https:\/\/bonjourbarcelone.fr\/aeroport-barcelone\/\">A\u00e9roport Barcelone: comment rejoindre le centre rapidement<\/a><br \/>\n<a href=\"https:\/\/bonjourbarcelone.fr\/hotel-barcelone-centre\/\">O\u00f9 dormir \u00e0 Barcelone<\/a><br \/>\n<a href=\"https:\/\/bonjourbarcelone.fr\/que-faire-a-barcelone\/\">Que faire \u00e0 Barcelone<\/a><br \/>\n<a href=\"https:\/\/bonjourbarcelone.fr\/restaurant-barcelone\/\">O\u00f9 manger \u00e0 Barcelone<\/a><\/p>\n<h2>Monuments:<\/h2>\n<p><a href=\"https:\/\/bonjourbarcelone.fr\/sagrada-familia-interieur-tickets\/\">Sagrada Familia<\/a><br \/>\n<a href=\"https:\/\/bonjourbarcelone.fr\/musee-picasso-barcelone\/\">Mus\u00e9e Picasso<\/a><br \/>\n<a href=\"https:\/\/bonjourbarcelone.fr\/palais-de-la-musique-catalane\/\">Palais de la musique catalane<\/a><br \/>\n<a href=\"https:\/\/bonjourbarcelone.fr\/cathedrale-sainte-croix-barcelone\/\">Cath\u00e9drale Sainte Croix<\/a><br \/>\n<a href=\"https:\/\/bonjourbarcelone.fr\/casa-batllo-barcelone\/\">Casa Batllo<\/a><br \/>\n<a href=\"https:\/\/bonjourbarcelone.fr\/casa-mila-barcelone-pedrera\/\">Casa Mila\/Pedrera<\/a><br \/>\n<a href=\"https:\/\/bonjourbarcelone.fr\/fondation-miro-barcelone\/\">Fondation Miro<\/a><\/p>\n<h2>Autres articles:<\/h2>\n<p><a href=\"https:\/\/bonjourbarcelone.fr\/parc-montjuic-barcelone\/\">Parc Montjuic<\/a><br \/>\n<a href=\"https:\/\/bonjourbarcelone.fr\/barceloneta-quartier\/\">Barceloneta<\/a><br \/>\n<a href=\"https:\/\/bonjourbarcelone.fr\/parc-guell-barcelone\/\">Parc Guell<\/a><br \/>\n<a href=\"https:\/\/bonjourbarcelone.fr\/camp-nou-barcelone\/\">Camp Nou<\/a><br \/>\n<a href=\"https:\/\/bonjourbarcelone.fr\/las-ramblas-barcelone\/\">Las Ramblas<\/a><br \/>\n<a href=\"https:\/\/bonjourbarcelone.fr\/transport-commun-barcelone\/\">Les transport en commun<\/a><br \/>\n<a href=\"https:\/\/bonjourbarcelone.fr\/plage-barcelone\/\">Les plages de Barcelone<\/a><br \/>\n<a href=\"https:\/\/bonjourbarcelone.fr\/restaurant-vegan-barcelone\/\">O\u00f9 manger vegan<\/a><br \/>\n<a href=\"https:\/\/bonjourbarcelone.fr\/metro-barcelone\/\">Le m\u00e9tro \u00e0 Barcelone<\/a><br \/>\n<a href=\"https:\/\/bonjourbarcelone.fr\/bus-barcelone\/\">Le bus \u00e0 Barcelone<\/a><br \/>\n<a href=\"https:\/\/bonjourbarcelone.fr\/plats-espagnols\/\">Les plats espagnols<\/a><br \/>\n<a href=\"https:\/\/bonjourbarcelone.fr\/shopping-barcelone\/\">Shopping \u00e0 Barcelone<\/a><br \/>\n<a href=\"https:\/\/bonjourbarcelone.fr\/week-end-barcelone\/\">Week-end \u00e0 Barcelone<\/a><br \/>\n<a href=\"https:\/\/bonjourbarcelone.fr\/bus-touristique-barcelone\/\">Bus touristique de Barcelone<\/a><br \/>\n<a href=\"https:\/\/bonjourbarcelone.fr\/la-boqueria\/\">La Boqueria<\/a><br \/>\n<a href=\"https:\/\/bonjourbarcelone.fr\/boite-de-nuit-barcelone\/\">Les bo\u00eetes de nuit<\/a><br \/>\n<a href=\"https:\/\/bonjourbarcelone.fr\/activite-barcelone\/\">10 activit\u00e9s \u00e0 faire \u00e0 Barcelone<\/a><br \/>\n<a href=\"https:\/\/bonjourbarcelone.fr\/plongee-barcelone\/\">Faire de la plong\u00e9e \u00e0 Barcelone<\/a><br \/>\n<a href=\"https:\/\/bonjourbarcelone.fr\/telepherique-barcelone\/\">Les t\u00e9l\u00e9ph\u00e9riques de Barcelone<\/a><br \/>\n<a href=\"https:\/\/bonjourbarcelone.fr\/taxi-barcelone\/\">Les taxis \u00e0 Barcelone<\/a><br \/>\n<a href=\"https:\/\/bonjourbarcelone.fr\/ou-se-baigner-les-piscines-de-barcelone\/\">Les piscines de Barcelone<\/a><br \/>\n<a href=\"https:\/\/bonjourbarcelone.fr\/parking-barcelone\/\">Les parking de Barcelone<\/a><br \/>\n<a href=\"https:\/\/bonjourbarcelone.fr\/barcelona-card\/\">La Barcelona Card<\/a><br \/>\n<a href=\"https:\/\/bonjourbarcelone.fr\/barcelona-city-pass\/\">Le Barcelona City Pass<\/a><br \/>\n<a href=\"https:\/\/bonjourbarcelone.fr\/marathon-barcelone\/\">Le marathon de Barcelone<\/a><br \/>\n<a href=\"https:\/\/bonjourbarcelone.fr\/zara-barcelone\/\">Faire du shopping \u00e0 Zara \u00e0 Barcelone<\/a><br \/>\n<a href=\"https:\/\/bonjourbarcelone.fr\/ou-ecouter-de-la-musique-a-barcelone-voici-les-meilleurs-endroits-2019\/\">O\u00f9 \u00e9couter de la musique \u00e0 Barcelone<\/a><br \/>\n<a href=\"https:\/\/bonjourbarcelone.fr\/camping-barcelone\/\">Camping Barcelone<\/a><br \/>\n<a href=\"https:\/\/bonjourbarcelone.fr\/primark-barcelone\/\">Primark Barcelone<\/a><br \/>\n<a href=\"https:\/\/bonjourbarcelone.fr\/paella\/\">La pa\u00eblla<\/a><br \/>\n<a href=\"https:\/\/bonjourbarcelone.fr\/auberge-de-jeunesse-barcelone\/\">5 meilleures auberges de jeunesse \u00e0 Barcelone<\/a><br \/>\n<a href=\"https:\/\/bonjourbarcelone.fr\/parc-de-la-ciutadella\/\">Parc de la Ciutadella<\/a><br \/>\n<a href=\"https:\/\/bonjourbarcelone.fr\/gaudi-barcelone\/\">Gaudi<\/a><br \/>\n<a href=\"https:\/\/bonjourbarcelone.fr\/passeig-de-gracia\/\">Passeig de Gracia<\/a><br \/>\n<a href=\"https:\/\/bonjourbarcelone.fr\/monument-barcelone\/\">TOP 6 monuments \u00e0 Barcelone<\/a><br \/>\n<a href=\"https:\/\/bonjourbarcelone.fr\/match-barcelone\/\">Aller voir un match du FC Barcelone<\/a><br \/>\n<a href=\"https:\/\/bonjourbarcelone.fr\/aquarium-barcelone\/\">L&rsquo;aquarium de Barcelone<\/a><br \/>\n<a href=\"https:\/\/bonjourbarcelone.fr\/musee-national-d-art-de-catalogne\/\">Mus\u00e9e National d\u2019Art de Catalogne<\/a><br \/>\n<a href=\"https:\/\/bonjourbarcelone.fr\/sant-jordi\/\">Sant Jordi<\/a><br \/>\n<a href=\"https:\/\/bonjourbarcelone.fr\/zoo-barcelone\/\">Le zoo de Barcelone<\/a><br \/>\n<a href=\"https:\/\/bonjourbarcelone.fr\/quartier-gothique-barcelone\/\">Le quartier gothique de Barcelone<\/a><br \/>\n<a href=\"https:\/\/bonjourbarcelone.fr\/plan-barcelone-carte\/\">Plan de Barcelone<\/a><br \/>\n<a href=\"https:\/\/bonjourbarcelone.fr\/merce-barcelone\/\">Merc\u00e9 de Barcelone<\/a><br \/>\n<a href=\"https:\/\/bonjourbarcelone.fr\/poble-espanyol\/\">Poble Espanyol<\/a><br \/>\n<a href=\"https:\/\/bonjourbarcelone.fr\/office-de-tourisme-barcelone\/\">L&rsquo;office de tourisme de Barcelone<\/a><br \/>\n<a href=\"https:\/\/bonjourbarcelone.fr\/danse-sardane\/\">La danse sardana<\/a><br \/>\n<a href=\"https:\/\/bonjourbarcelone.fr\/cosmocaixa\/\">CosmoCaixa<\/a><br \/>\n<a href=\"https:\/\/bonjourbarcelone.fr\/maremagnum\/\">Maremagnum<\/a><br \/>\n<a href=\"https:\/\/bonjourbarcelone.fr\/turron\/\">turron<\/a><\/p>\n<h2>En p\u00e9riph\u00e9rie de Barcelone:<\/h2>\n<p><a href=\"https:\/\/bonjourbarcelone.fr\/tibidabo\/\">Tibidabo<\/a><br \/>\n<a href=\"https:\/\/bonjourbarcelone.fr\/sitges\/\">Sitges<\/a><br \/>\n<a href=\"https:\/\/bonjourbarcelone.fr\/montserrat\/\">Montserrat<\/a><br \/>\n<a href=\"https:\/\/bonjourbarcelone.fr\/portaventura\/\">PortAventura World<\/a><br \/>\n<a href=\"https:\/\/bonjourbarcelone.fr\/ferrari-land\/\">Ferrari Land<\/a><br \/>\n<a href=\"https:\/\/bonjourbarcelone.fr\/la-roca-village\/\">La Roca Village<\/a><\/p>\n","protected":false},"excerpt":{"rendered":"<p>R\u00e9server une visite avec nous et rendre votre s\u00e9jour inoubliable Articles essentiels: A\u00e9roport Barcelone: comment rejoindre le centre rapidement O\u00f9 dormir \u00e0 Barcelone Que faire \u00e0 Barcelone O\u00f9 manger \u00e0 Barcelone Monuments: Sagrada Familia Mus\u00e9e Picasso Palais de la musique catalane Cath\u00e9drale Sainte Croix Casa Batllo Casa Mila\/Pedrera Fondation Miro Autres articles: Parc Montjuic Barceloneta [&hellip;]<\/p>\n","protected":false},"author":2,"featured_media":0,"parent":0,"menu_order":0,"comment_status":"closed","ping_status":"closed","template":"","meta":{"om_disable_all_campaigns":false,"_genesis_hide_title":false,"_genesis_hide_breadcrumbs":false,"_genesis_hide_singular_image":false,"_genesis_hide_footer_widgets":false,"_genesis_custom_body_class":"","_genesis_custom_post_class":"","_genesis_layout":"","footnotes":""},"class_list":{"0":"post-1385","1":"page","2":"type-page","3":"status-publish","5":"entry"},"yoast_head":"<!-- This site is optimized with the Yoast SEO plugin v26.5 - https:\/\/yoast.com\/wordpress\/plugins\/seo\/ -->\n<title>Tous les articles de Bonjourbarcelone.fr<\/title>\n<meta name=\"robots\" content=\"index, follow, max-snippet:-1, max-image-preview:large, max-video-preview:-1\" \/>\n<link rel=\"canonical\" href=\"https:\/\/bonjourbarcelone.fr\/fr\/tous-les-articles-de-bonjourbarcelone-fr\/\" \/>\n<meta property=\"og:locale\" content=\"fr_FR\" \/>\n<meta property=\"og:type\" content=\"article\" \/>\n<meta property=\"og:title\" content=\"Tous les articles de Bonjourbarcelone.fr\" \/>\n<meta property=\"og:description\" content=\"R\u00e9server une visite avec nous et rendre votre s\u00e9jour inoubliable Articles essentiels: A\u00e9roport Barcelone: comment rejoindre le centre rapidement O\u00f9 dormir \u00e0 Barcelone Que faire \u00e0 Barcelone O\u00f9 manger \u00e0 Barcelone Monuments: Sagrada Familia Mus\u00e9e Picasso Palais de la musique catalane Cath\u00e9drale Sainte Croix Casa Batllo Casa Mila\/Pedrera Fondation Miro Autres articles: Parc Montjuic Barceloneta [&hellip;]\" \/>\n<meta property=\"og:url\" content=\"https:\/\/bonjourbarcelone.fr\/fr\/tous-les-articles-de-bonjourbarcelone-fr\/\" \/>\n<meta property=\"og:site_name\" content=\"Visiter Barcelone\" \/>\n<meta property=\"article:modified_time\" content=\"2019-08-15T09:05:40+00:00\" \/>\n<meta name=\"twitter:card\" content=\"summary_large_image\" \/>\n<meta name=\"twitter:label1\" content=\"Dur\u00e9e de lecture estim\u00e9e\" \/>\n\t<meta name=\"twitter:data1\" content=\"1 minute\" \/>\n<script type=\"application\/ld+json\" class=\"yoast-schema-graph\">{\"@context\":\"https:\/\/schema.org\",\"@graph\":[{\"@type\":\"WebPage\",\"@id\":\"https:\/\/bonjourbarcelone.fr\/tous-les-articles-de-bonjourbarcelone-fr\/\",\"url\":\"https:\/\/bonjourbarcelone.fr\/tous-les-articles-de-bonjourbarcelone-fr\/\",\"name\":\"Tous les articles de Bonjourbarcelone.fr\",\"isPartOf\":{\"@id\":\"https:\/\/bonjourbarcelone.fr\/#website\"},\"datePublished\":\"2019-02-24T19:06:16+00:00\",\"dateModified\":\"2019-08-15T09:05:40+00:00\",\"breadcrumb\":{\"@id\":\"https:\/\/bonjourbarcelone.fr\/tous-les-articles-de-bonjourbarcelone-fr\/#breadcrumb\"},\"inLanguage\":\"fr-FR\",\"potentialAction\":[{\"@type\":\"ReadAction\",\"target\":[\"https:\/\/bonjourbarcelone.fr\/tous-les-articles-de-bonjourbarcelone-fr\/\"]}]},{\"@type\":\"BreadcrumbList\",\"@id\":\"https:\/\/bonjourbarcelone.fr\/tous-les-articles-de-bonjourbarcelone-fr\/#breadcrumb\",\"itemListElement\":[{\"@type\":\"ListItem\",\"position\":1,\"name\":\"Accueil\",\"item\":\"https:\/\/bonjourbarcelone.fr\/\"},{\"@type\":\"ListItem\",\"position\":2,\"name\":\"Tous les articles de Bonjourbarcelone.fr\"}]},{\"@type\":\"WebSite\",\"@id\":\"https:\/\/bonjourbarcelone.fr\/#website\",\"url\":\"https:\/\/bonjourbarcelone.fr\/\",\"name\":\"Visiter Barcelone\",\"description\":\"Tout pour passer un s\u00e9jour inoubliable en 2026 !\",\"potentialAction\":[{\"@type\":\"SearchAction\",\"target\":{\"@type\":\"EntryPoint\",\"urlTemplate\":\"https:\/\/bonjourbarcelone.fr\/?s={search_term_string}\"},\"query-input\":{\"@type\":\"PropertyValueSpecification\",\"valueRequired\":true,\"valueName\":\"search_term_string\"}}],\"inLanguage\":\"fr-FR\"}]}<\/script>\n<!-- \/ Yoast SEO plugin. -->","yoast_head_json":{"title":"Tous les articles de Bonjourbarcelone.fr","robots":{"index":"index","follow":"follow","max-snippet":"max-snippet:-1","max-image-preview":"max-image-preview:large","max-video-preview":"max-video-preview:-1"},"canonical":"https:\/\/bonjourbarcelone.fr\/fr\/tous-les-articles-de-bonjourbarcelone-fr\/","og_locale":"fr_FR","og_type":"article","og_title":"Tous les articles de Bonjourbarcelone.fr","og_description":"R\u00e9server une visite avec nous et rendre votre s\u00e9jour inoubliable Articles essentiels: A\u00e9roport Barcelone: comment rejoindre le centre rapidement O\u00f9 dormir \u00e0 Barcelone Que faire \u00e0 Barcelone O\u00f9 manger \u00e0 Barcelone Monuments: Sagrada Familia Mus\u00e9e Picasso Palais de la musique catalane Cath\u00e9drale Sainte Croix Casa Batllo Casa Mila\/Pedrera Fondation Miro Autres articles: Parc Montjuic Barceloneta [&hellip;]","og_url":"https:\/\/bonjourbarcelone.fr\/fr\/tous-les-articles-de-bonjourbarcelone-fr\/","og_site_name":"Visiter Barcelone","article_modified_time":"2019-08-15T09:05:40+00:00","twitter_card":"summary_large_image","twitter_misc":{"Dur\u00e9e de lecture estim\u00e9e":"1 minute"},"schema":{"@context":"https:\/\/schema.org","@graph":[{"@type":"WebPage","@id":"https:\/\/bonjourbarcelone.fr\/tous-les-articles-de-bonjourbarcelone-fr\/","url":"https:\/\/bonjourbarcelone.fr\/tous-les-articles-de-bonjourbarcelone-fr\/","name":"Tous les articles de Bonjourbarcelone.fr","isPartOf":{"@id":"https:\/\/bonjourbarcelone.fr\/#website"},"datePublished":"2019-02-24T19:06:16+00:00","dateModified":"2019-08-15T09:05:40+00:00","breadcrumb":{"@id":"https:\/\/bonjourbarcelone.fr\/tous-les-articles-de-bonjourbarcelone-fr\/#breadcrumb"},"inLanguage":"fr-FR","potentialAction":[{"@type":"ReadAction","target":["https:\/\/bonjourbarcelone.fr\/tous-les-articles-de-bonjourbarcelone-fr\/"]}]},{"@type":"BreadcrumbList","@id":"https:\/\/bonjourbarcelone.fr\/tous-les-articles-de-bonjourbarcelone-fr\/#breadcrumb","itemListElement":[{"@type":"ListItem","position":1,"name":"Accueil","item":"https:\/\/bonjourbarcelone.fr\/"},{"@type":"ListItem","position":2,"name":"Tous les articles de Bonjourbarcelone.fr"}]},{"@type":"WebSite","@id":"https:\/\/bonjourbarcelone.fr\/#website","url":"https:\/\/bonjourbarcelone.fr\/","name":"Visiter Barcelone","description":"Tout pour passer un s\u00e9jour inoubliable en 2026 !","potentialAction":[{"@type":"SearchAction","target":{"@type":"EntryPoint","urlTemplate":"https:\/\/bonjourbarcelone.fr\/?s={search_term_string}"},"query-input":{"@type":"PropertyValueSpecification","valueRequired":true,"valueName":"search_term_string"}}],"inLanguage":"fr-FR"}]}},"_links":{"self":[{"href":"https:\/\/bonjourbarcelone.fr\/fr\/wp-json\/wp\/v2\/pages\/1385","targetHints":{"allow":["GET"]}}],"collection":[{"href":"https:\/\/bonjourbarcelone.fr\/fr\/wp-json\/wp\/v2\/pages"}],"about":[{"href":"https:\/\/bonjourbarcelone.fr\/fr\/wp-json\/wp\/v2\/types\/page"}],"author":[{"embeddable":true,"href":"https:\/\/bonjourbarcelone.fr\/fr\/wp-json\/wp\/v2\/users\/2"}],"replies":[{"embeddable":true,"href":"https:\/\/bonjourbarcelone.fr\/fr\/wp-json\/wp\/v2\/comments?post=1385"}],"version-history":[{"count":0,"href":"https:\/\/bonjourbarcelone.fr\/fr\/wp-json\/wp\/v2\/pages\/1385\/revisions"}],"wp:attachment":[{"href":"https:\/\/bonjourbarcelone.fr\/fr\/wp-json\/wp\/v2\/media?parent=1385"}],"curies":[{"name":"wp","href":"https:\/\/api.w.org\/{rel}","templated":true}]}}