{"id":3656,"date":"2024-03-06T14:28:14","date_gmt":"2024-03-06T14:28:14","guid":{"rendered":"https:\/\/bonjourbarcelone.fr\/?page_id=3656"},"modified":"2025-10-13T13:36:05","modified_gmt":"2025-10-13T13:36:05","slug":"transfert-depuis-le-centre-ville-vers-un-aeroport-en-francais","status":"publish","type":"page","link":"https:\/\/bonjourbarcelone.fr\/fr\/transfert-depuis-le-centre-ville-vers-un-aeroport-en-francais\/","title":{"rendered":"Transfert depuis le centre-ville vers l&rsquo;a\u00e9roport en fran\u00e7ais !"},"content":{"rendered":"<p>Le partenaire de Bonjour Barcelone propose d&rsquo;effectuer <strong>votre retour depuis votre h\u00e9bergement ou n&rsquo;importe quel endroit en centre-ville jusqu&rsquo;\u00e0 l&rsquo;a\u00e9roport<\/strong>.<\/p>\n<aside class=\"block-note\">\n<p class=\"block-offer-desc\">\n<strong>Nos accompagnateurs ont des avantages uniques<\/strong>:<\/p>\n<ul>\n<li>ils <strong>parlent fran\u00e7ais<\/strong> ce qui rend la communication facile<\/li>\n<li>ils vous attendent en bas de votre h\u00f4tel\/immeuble pour vous <strong>\u00e9viter d&rsquo;attendre<\/strong> un taxi dans la rue<\/li>\n<li>ils <strong>vous aident<\/strong> avec les valises pour vous \u00e9viter de vous fatiguer<\/li>\n<li>le <strong>prix est fixe<\/strong>, ce qui \u00e9vite toute arnaque possible<\/li>\n<\/ul>\n<\/aside>\n<h4><strong>Quelques t\u00e9moignages:<\/strong><\/h4>\n<blockquote><p>Super service ! Nous sommes arriv\u00e9s \u00e0 Barcelone le 23 Septembre, Paul nous attendais d\u00e9j\u00e0, nous avons eu droit \u00e0 plein de bon conseil pendant le trajet et m\u00eame un arr\u00eat pour pouvoir profiter pleinement d\u2019une superbe vue de Barcelone !<br \/>\nNous avons eu l\u2019impression d\u2019\u00eatre accueilli par un ami qui nous donne toutes les infos n\u00e9cessaires.<br \/>\nDu coup nous avons r\u00e9serv\u00e9 pour le retour, m\u00eame l\u2019horaire \u00e0 4H00 du matin ne lui a pas fait peur !<br \/>\nMerci encore Paul pour ce super accueil, tr\u00e8s important lors de notre arriv\u00e9e. Nous reviendrons \u00e0 Barcelone, c\u2019est s\u00fbr !<\/p>\n<p style=\"text-align: right;\">Isa et Steph<\/p>\n<p>Merci Bonjour Barcelone ! Et merci Paul ! Tr\u00e8s facile avec le site et le formulaire de r\u00e9server\u2026.<br \/>\nNous sommes arriv\u00e9s le 16 Ao\u00fbt. Paul nous a accueilli \u00e0 l\u2019a\u00e9roport et amen\u00e9s jusqu\u2019\u00e0 notre location. Tout \u00e9tait super. Plein de petits conseils pendant le voyage.<\/p>\n<p>Du coup, pour le retour, nous avons d\u00e9cid\u00e9 de ne pas nous prendre la t\u00eate\u2026.et nous lui avons demand\u00e9 de venir nous chercher \u00e9galement et de nous accompagner \u00e0 l\u2019a\u00e9roport.<\/p>\n<p>A recommander !<\/p>\n<p style=\"text-align: right;\">Muriel<\/p>\n<p>Malgr\u00e9, une attente d\u2019une heure pour r\u00e9cup\u00e8rer nos valises, notre chauffeur Paul \u00e9tait au rendez-vous. Pendant le trajet, il nous a donn\u00e9 quelques id\u00e9es de choses \u00e0 faire .<br \/>\nJe recommande vivement d\u2019utiliser ce service tr\u00e9s utile, peu couteux et tr\u00e9s pratique. Le chauffeur \u00e9tait accueillant et sympathique.<\/p>\n<p style=\"text-align: right;\">Da Rocha<\/p>\n<p>Excellent service de transfert, tranquillit\u00e9 d\u2019esprit car nous avions aussi r\u00e9serv\u00e9 pour le retour jusqu\u2019\u00e0 l.aeroport au moment de notre arriv\u00e9e \u00e0 Barcelone.<br \/>\nJe recommande !!!!!<br \/>\nMerci<\/p>\n<p style=\"text-align: right;\">Corinne<\/p>\n<\/blockquote>\n<div class=\"su-box su-box-style-default\" id=\"\" style=\"border-color:#017520;border-radius:3px;\"><div class=\"su-box-title\" style=\"background-color:#34A853;color:#FFFFFF;border-top-left-radius:1px;border-top-right-radius:1px\">R\u00e9servation<\/div><div class=\"su-box-content su-u-clearfix su-u-trim\" style=\"border-bottom-left-radius:1px;border-bottom-right-radius:1px\">\n<strong>Tarif fixe<\/strong>:<br \/>\nDe 1 \u00e0 3 personnes: 59\u20ac<br \/>\nDe 4 \u00e0 6 personnes: 69\u20ac<br \/>\n7-8 personnes: 99\u20ac<\/p>\n<p><strong>Exemple<\/strong>: si vous \u00eates 2, le tarif total est bien de 59\u20ac.<\/p>\n<p>Le paiement se fait en esp\u00e8ces \u00e0 la fin de votre transfert.<br \/>\n<\/div><\/div>\n","protected":false},"excerpt":{"rendered":"<p>Le partenaire de Bonjour Barcelone propose d&rsquo;effectuer votre retour depuis votre h\u00e9bergement ou n&rsquo;importe quel endroit en centre-ville jusqu&rsquo;\u00e0 l&rsquo;a\u00e9roport. Nos accompagnateurs ont des avantages uniques: ils parlent fran\u00e7ais ce qui rend la communication facile ils vous attendent en bas de votre h\u00f4tel\/immeuble pour vous \u00e9viter d&rsquo;attendre un taxi dans la rue ils vous aident [&hellip;]<\/p>\n","protected":false},"author":2,"featured_media":0,"parent":0,"menu_order":0,"comment_status":"closed","ping_status":"closed","template":"page_landing.php","meta":{"om_disable_all_campaigns":false,"_genesis_hide_title":false,"_genesis_hide_breadcrumbs":false,"_genesis_hide_singular_image":false,"_genesis_hide_footer_widgets":false,"_genesis_custom_body_class":"","_genesis_custom_post_class":"","_genesis_layout":"","footnotes":""},"class_list":{"0":"post-3656","1":"page","2":"type-page","3":"status-publish","5":"entry"},"yoast_head":"<!-- This site is optimized with the Yoast SEO plugin v26.5 - https:\/\/yoast.com\/wordpress\/plugins\/seo\/ -->\n<title>Transfert depuis le centre-ville vers l&#039;a\u00e9roport en fran\u00e7ais !<\/title>\n<meta name=\"robots\" content=\"noindex, nofollow\" \/>\n<meta property=\"og:locale\" content=\"fr_FR\" \/>\n<meta property=\"og:type\" content=\"article\" \/>\n<meta property=\"og:title\" content=\"Transfert depuis le centre-ville vers l&#039;a\u00e9roport en fran\u00e7ais !\" \/>\n<meta property=\"og:description\" content=\"Le partenaire de Bonjour Barcelone propose d&rsquo;effectuer votre retour depuis votre h\u00e9bergement ou n&rsquo;importe quel endroit en centre-ville jusqu&rsquo;\u00e0 l&rsquo;a\u00e9roport. Nos accompagnateurs ont des avantages uniques: ils parlent fran\u00e7ais ce qui rend la communication facile ils vous attendent en bas de votre h\u00f4tel\/immeuble pour vous \u00e9viter d&rsquo;attendre un taxi dans la rue ils vous aident [&hellip;]\" \/>\n<meta property=\"og:url\" content=\"https:\/\/bonjourbarcelone.fr\/fr\/transfert-depuis-le-centre-ville-vers-un-aeroport-en-francais\/\" \/>\n<meta property=\"og:site_name\" content=\"Visiter Barcelone\" \/>\n<meta property=\"article:modified_time\" content=\"2025-10-13T13:36:05+00:00\" \/>\n<meta name=\"twitter:card\" content=\"summary_large_image\" \/>\n<meta name=\"twitter:label1\" content=\"Dur\u00e9e de lecture estim\u00e9e\" \/>\n\t<meta name=\"twitter:data1\" content=\"1 minute\" \/>\n<script type=\"application\/ld+json\" class=\"yoast-schema-graph\">{\"@context\":\"https:\/\/schema.org\",\"@graph\":[{\"@type\":\"WebPage\",\"@id\":\"https:\/\/bonjourbarcelone.fr\/transfert-depuis-le-centre-ville-vers-un-aeroport-en-francais\/\",\"url\":\"https:\/\/bonjourbarcelone.fr\/transfert-depuis-le-centre-ville-vers-un-aeroport-en-francais\/\",\"name\":\"Transfert depuis le centre-ville vers l'a\u00e9roport en fran\u00e7ais !\",\"isPartOf\":{\"@id\":\"https:\/\/bonjourbarcelone.fr\/#website\"},\"datePublished\":\"2024-03-06T14:28:14+00:00\",\"dateModified\":\"2025-10-13T13:36:05+00:00\",\"breadcrumb\":{\"@id\":\"https:\/\/bonjourbarcelone.fr\/transfert-depuis-le-centre-ville-vers-un-aeroport-en-francais\/#breadcrumb\"},\"inLanguage\":\"fr-FR\",\"potentialAction\":[{\"@type\":\"ReadAction\",\"target\":[\"https:\/\/bonjourbarcelone.fr\/transfert-depuis-le-centre-ville-vers-un-aeroport-en-francais\/\"]}]},{\"@type\":\"BreadcrumbList\",\"@id\":\"https:\/\/bonjourbarcelone.fr\/transfert-depuis-le-centre-ville-vers-un-aeroport-en-francais\/#breadcrumb\",\"itemListElement\":[{\"@type\":\"ListItem\",\"position\":1,\"name\":\"Accueil\",\"item\":\"https:\/\/bonjourbarcelone.fr\/\"},{\"@type\":\"ListItem\",\"position\":2,\"name\":\"Transfert depuis le centre-ville vers l&rsquo;a\u00e9roport en fran\u00e7ais !\"}]},{\"@type\":\"WebSite\",\"@id\":\"https:\/\/bonjourbarcelone.fr\/#website\",\"url\":\"https:\/\/bonjourbarcelone.fr\/\",\"name\":\"Visiter Barcelone\",\"description\":\"Tout pour passer un s\u00e9jour inoubliable en 2026 !\",\"potentialAction\":[{\"@type\":\"SearchAction\",\"target\":{\"@type\":\"EntryPoint\",\"urlTemplate\":\"https:\/\/bonjourbarcelone.fr\/?s={search_term_string}\"},\"query-input\":{\"@type\":\"PropertyValueSpecification\",\"valueRequired\":true,\"valueName\":\"search_term_string\"}}],\"inLanguage\":\"fr-FR\"}]}<\/script>\n<!-- \/ Yoast SEO plugin. -->","yoast_head_json":{"title":"Transfert depuis le centre-ville vers l'a\u00e9roport en fran\u00e7ais !","robots":{"index":"noindex","follow":"nofollow"},"og_locale":"fr_FR","og_type":"article","og_title":"Transfert depuis le centre-ville vers l'a\u00e9roport en fran\u00e7ais !","og_description":"Le partenaire de Bonjour Barcelone propose d&rsquo;effectuer votre retour depuis votre h\u00e9bergement ou n&rsquo;importe quel endroit en centre-ville jusqu&rsquo;\u00e0 l&rsquo;a\u00e9roport. Nos accompagnateurs ont des avantages uniques: ils parlent fran\u00e7ais ce qui rend la communication facile ils vous attendent en bas de votre h\u00f4tel\/immeuble pour vous \u00e9viter d&rsquo;attendre un taxi dans la rue ils vous aident [&hellip;]","og_url":"https:\/\/bonjourbarcelone.fr\/fr\/transfert-depuis-le-centre-ville-vers-un-aeroport-en-francais\/","og_site_name":"Visiter Barcelone","article_modified_time":"2025-10-13T13:36:05+00:00","twitter_card":"summary_large_image","twitter_misc":{"Dur\u00e9e de lecture estim\u00e9e":"1 minute"},"schema":{"@context":"https:\/\/schema.org","@graph":[{"@type":"WebPage","@id":"https:\/\/bonjourbarcelone.fr\/transfert-depuis-le-centre-ville-vers-un-aeroport-en-francais\/","url":"https:\/\/bonjourbarcelone.fr\/transfert-depuis-le-centre-ville-vers-un-aeroport-en-francais\/","name":"Transfert depuis le centre-ville vers l'a\u00e9roport en fran\u00e7ais !","isPartOf":{"@id":"https:\/\/bonjourbarcelone.fr\/#website"},"datePublished":"2024-03-06T14:28:14+00:00","dateModified":"2025-10-13T13:36:05+00:00","breadcrumb":{"@id":"https:\/\/bonjourbarcelone.fr\/transfert-depuis-le-centre-ville-vers-un-aeroport-en-francais\/#breadcrumb"},"inLanguage":"fr-FR","potentialAction":[{"@type":"ReadAction","target":["https:\/\/bonjourbarcelone.fr\/transfert-depuis-le-centre-ville-vers-un-aeroport-en-francais\/"]}]},{"@type":"BreadcrumbList","@id":"https:\/\/bonjourbarcelone.fr\/transfert-depuis-le-centre-ville-vers-un-aeroport-en-francais\/#breadcrumb","itemListElement":[{"@type":"ListItem","position":1,"name":"Accueil","item":"https:\/\/bonjourbarcelone.fr\/"},{"@type":"ListItem","position":2,"name":"Transfert depuis le centre-ville vers l&rsquo;a\u00e9roport en fran\u00e7ais !"}]},{"@type":"WebSite","@id":"https:\/\/bonjourbarcelone.fr\/#website","url":"https:\/\/bonjourbarcelone.fr\/","name":"Visiter Barcelone","description":"Tout pour passer un s\u00e9jour inoubliable en 2026 !","potentialAction":[{"@type":"SearchAction","target":{"@type":"EntryPoint","urlTemplate":"https:\/\/bonjourbarcelone.fr\/?s={search_term_string}"},"query-input":{"@type":"PropertyValueSpecification","valueRequired":true,"valueName":"search_term_string"}}],"inLanguage":"fr-FR"}]}},"_links":{"self":[{"href":"https:\/\/bonjourbarcelone.fr\/fr\/wp-json\/wp\/v2\/pages\/3656","targetHints":{"allow":["GET"]}}],"collection":[{"href":"https:\/\/bonjourbarcelone.fr\/fr\/wp-json\/wp\/v2\/pages"}],"about":[{"href":"https:\/\/bonjourbarcelone.fr\/fr\/wp-json\/wp\/v2\/types\/page"}],"author":[{"embeddable":true,"href":"https:\/\/bonjourbarcelone.fr\/fr\/wp-json\/wp\/v2\/users\/2"}],"replies":[{"embeddable":true,"href":"https:\/\/bonjourbarcelone.fr\/fr\/wp-json\/wp\/v2\/comments?post=3656"}],"version-history":[{"count":6,"href":"https:\/\/bonjourbarcelone.fr\/fr\/wp-json\/wp\/v2\/pages\/3656\/revisions"}],"predecessor-version":[{"id":3990,"href":"https:\/\/bonjourbarcelone.fr\/fr\/wp-json\/wp\/v2\/pages\/3656\/revisions\/3990"}],"wp:attachment":[{"href":"https:\/\/bonjourbarcelone.fr\/fr\/wp-json\/wp\/v2\/media?parent=3656"}],"curies":[{"name":"wp","href":"https:\/\/api.w.org\/{rel}","templated":true}]}}