{"id":503,"date":"2025-12-08T11:13:04","date_gmt":"2025-12-08T11:13:04","guid":{"rendered":"http:\/\/thibaut.wpengine.com\/?page_id=503"},"modified":"2025-12-26T18:31:06","modified_gmt":"2025-12-26T18:31:06","slug":"cathedrale-sainte-croix-barcelone","status":"publish","type":"page","link":"https:\/\/bonjourbarcelone.fr\/fr\/cathedrale-sainte-croix-barcelone\/","title":{"rendered":"Cath\u00e9drale Sainte Croix Barcelone : Guide complet [2026]"},"content":{"rendered":"<p>Je vous pr\u00e9sente la <strong>cath\u00e9drale Sainte Croix Barcelone,<\/strong> monumentale, que vous pourriez vouloir visiter lors de votre s\u00e9jour dans la capitale catalane.<\/p>\n<p>Dans cet article, vous apprendrez notamment :<\/p>\n<ul>\n<li>Une pr\u00e9sentation de la cath\u00e9drale et de ses sp\u00e9cificit\u00e9s<\/li>\n<li><strong>Pourquoi la visiter ?\u00a0<\/strong><\/li>\n<li>Des informations pratiques : tarifs, horaires, conseils<\/li>\n<li>Comment la rejoindre facilement ?<\/li>\n<li>Et bien d&rsquo;autres choses !<\/li>\n<\/ul>\n<p>Vous voulez en savoir plus sur la cath\u00e9drale Sainte-Croix de Barcelone ? Vous allez adorer cet article.<\/p>\n<p>Suivez le guide !<\/p>\n<p><a href=\"https:\/\/bonjourbarcelone.fr\/wp-content\/uploads\/2025\/12\/Cathedrale-Sainte-Croix-Barcelone.jpg\"><img decoding=\"async\" class=\"aligncenter size-full wp-image-4085\" src=\"https:\/\/bonjourbarcelone.fr\/wp-content\/uploads\/2025\/12\/Cathedrale-Sainte-Croix-Barcelone.jpg\" alt=\"Cath\u00e9drale Sainte Croix Barcelone\" width=\"600\" height=\"400\" srcset=\"https:\/\/bonjourbarcelone.fr\/wp-content\/uploads\/2025\/12\/Cathedrale-Sainte-Croix-Barcelone.jpg 600w, https:\/\/bonjourbarcelone.fr\/wp-content\/uploads\/2025\/12\/Cathedrale-Sainte-Croix-Barcelone-300x200.jpg 300w, https:\/\/bonjourbarcelone.fr\/wp-content\/uploads\/2025\/12\/Cathedrale-Sainte-Croix-Barcelone-18x12.jpg 18w\" sizes=\"(max-width: 600px) 100vw, 600px\" \/><\/a><\/p>\n<h2 class=\"summary-title\">Cath\u00e9drale Sainte Croix Barcelone: sommaire de l&rsquo;article<\/h2>\n<div class=\"summary-box\">\n<ul class=\"summary-list\">\n<li><a href=\"#1\">Cath\u00e9drale Sainte Croix de Barcelone, la merveille gothique de Barcelone<br \/>\n<\/a><\/li>\n<li><a href=\"#2\">Cath\u00e9drale Sainte Croix: informations utiles<br \/>\n<\/a><\/li>\n<li><a href=\"#3\">Comment se rendre \u00e0 la Cath\u00e9drale Sainte-Croix<br \/>\n<\/a><\/li>\n<li><a href=\"#4\">L\u2019histoire de la Cath\u00e9drale Sainte-Croix \u00e0 Barcelone<br \/>\n<\/a><\/li>\n<li><a href=\"#5\">Cath\u00e9drale Sainte Croix : Astuces et conseils de Bonjour Barcelone + FAQ<br \/>\n<\/a><\/li>\n<\/ul>\n<\/div>\n<p><a name=\"1\"><\/a><\/p>\n<h2><strong>Cath\u00e9drale Sainte Croix de Barcelone, la merveille gothique de Barcelone\u00a0<\/strong><\/h2>\n<p>Situ\u00e9e dans l\u2019un des quartiers les plus embl\u00e9matiques de Barcelone, <a href=\"https:\/\/bonjourbarcelone.fr\/quartier-gothique-barcelone\/\"><strong>le Barri G\u00f2tic<\/strong><\/a>, non loin de La Rambla, la Cath\u00e9drale <strong>Sainte-Croix ou Santa Creu<\/strong> est l\u2019un des monuments phares de la capitale catalane.<\/p>\n<p><strong>Pourquoi visiter cette cath\u00e9drale en particulier ?<\/strong><\/p>\n<p>Il s\u2019agit d\u2019un monument dont l\u2019<strong>histoire<\/strong>, l\u2019<strong>architecture<\/strong> et la <strong>dimension religieuse<\/strong> ont une <strong>place particuli\u00e8rement importante<\/strong>.<\/p>\n<p>D\u2019inspiration <strong>gothique<\/strong>, elle s\u2019int\u00e8gre parfaitement dans l\u2019esprit du quartier et nombre des connaisseurs la consid\u00e8rent comme une construction \u00ab\u00a0<strong>d\u2019une beaut\u00e9 conceptuelle rarement \u00e9gal\u00e9e<\/strong>\u00a0\u00bb.<\/p>\n<p><strong>Je vous recommande fortement de visiter la Cath\u00e9drale <\/strong><strong>!<\/strong><\/p>\n<p><strong>Bon \u00e0 savoir<\/strong> : Bonjour Barcelone propose les meilleures visites guid\u00e9es pour arpenter les quartiers majeurs de la ville. Vous souhaitez \u00eatre accompagn\u00e9 ? <a href=\"https:\/\/bonjourbarcelone.fr\/visite-guidee-a-barcelone\/\">&gt;&gt; Cliquez ici d\u00e9couvrir ces visites !\u00a0<\/a><\/p>\n<p><a href=\"https:\/\/bonjourbarcelone.fr\/wp-content\/uploads\/2025\/12\/Cathedrale-Sainte-Croix-Barcelone-2.jpg\"><img decoding=\"async\" class=\"aligncenter size-full wp-image-4086\" src=\"https:\/\/bonjourbarcelone.fr\/wp-content\/uploads\/2025\/12\/Cathedrale-Sainte-Croix-Barcelone-2.jpg\" alt=\"Cath\u00e9drale Sainte Croix Barcelone 2\" width=\"600\" height=\"400\" srcset=\"https:\/\/bonjourbarcelone.fr\/wp-content\/uploads\/2025\/12\/Cathedrale-Sainte-Croix-Barcelone-2.jpg 600w, https:\/\/bonjourbarcelone.fr\/wp-content\/uploads\/2025\/12\/Cathedrale-Sainte-Croix-Barcelone-2-300x200.jpg 300w, https:\/\/bonjourbarcelone.fr\/wp-content\/uploads\/2025\/12\/Cathedrale-Sainte-Croix-Barcelone-2-18x12.jpg 18w\" sizes=\"(max-width: 600px) 100vw, 600px\" \/><\/a><br \/>\n<a name=\"2\"><\/a><\/p>\n<h2><strong>Cath\u00e9drale Sainte Croix: informations utiles<\/strong><\/h2>\n<p>Voici tout ce qu&rsquo;il faut savoir pour d\u00e9couvrir la cath\u00e9drale de Barcelone (aussi d\u00e9sign\u00e9e comme Seu en catalan), dans les meilleures conditions.<\/p>\n<h3><strong>Horaires visite gratuite<\/strong><\/h3>\n<ul>\n<li><strong>Du lundi au vendredi<\/strong> : de 8 heures \u00e0 12h45 &#8211; de 17h45 \u00e0 19h30<\/li>\n<li><strong>Le samedi<\/strong> : de 8 heures \u00e0 12h45 &#8211; de 17h15 \u00e0 20h<\/li>\n<li><strong>Le dimanche et jours f\u00e9ri\u00e9s<\/strong> : de 8 heures \u00e0 13h45 &#8211; de 17h15 \u00e0 20h<\/li>\n<\/ul>\n<h3><strong>Horaires visite payante<\/strong><\/h3>\n<ul>\n<li><strong>Entr\u00e9e payante<\/strong> : visite du temple, du clo\u00eetre, du ch\u0153ur, des terrasses, mus\u00e9e de la salle capitulaire<\/li>\n<li><strong>Du lundi au vendredi <\/strong>: de 9h \u00e0 18h30<\/li>\n<li><strong>Le samedi <\/strong>: de 9h30h \u00e0 1715h<\/li>\n<li><strong>Le dimanche et jours f\u00e9ri\u00e9s<\/strong> : de 14h \u00e0 17h<\/li>\n<li><strong>Fermeture <\/strong>: les visites touristiques sont ferm\u00e9es le 1er janvier, \u00e0 p\u00e2ques et le 25 d\u00e9cembre<\/li>\n<\/ul>\n<h3><strong>Tarifs<\/strong><\/h3>\n<ul>\n<li>16 \u20ac entr\u00e9e individuelle simple<\/li>\n<li>14 \u20ac \u00c9tudiants jusqu&rsquo;\u00e0 25 ans<\/li>\n<li>Des r\u00e9ductions sont accord\u00e9es pour les groupes et les enfants de moins de 10 ans \/ l&rsquo;entr\u00e9e est gratuite pour <a href=\"https:\/\/bonjourbarcelone.fr\/barcelone-en-situation-handicap\/\">les personnes en situation de handicap\u00a0<\/a><\/li>\n<\/ul>\n<h3><strong>O\u00f9 acheter les billets pour la cath\u00e9drale Sante Croix de Barcelone ?<\/strong><\/h3>\n<p>Vous pouvez vous procurer les billets sur place ou, pour ceux qui aiment ne pas perdre de temps en file d&rsquo;attente, les r\u00e9server en ligne <a href=\"https:\/\/tickets.catedralbcn.org\/en\" target=\"_blank\" rel=\"noopener\">via le site officiel<\/a>.<\/p>\n<h3><strong>Contacts<\/strong><\/h3>\n<ul>\n<li><strong>T\u00e9l\u00e9phone<\/strong> : (+34) 933 428 262<\/li>\n<li>Site officle : <a href=\"https:\/\/catedralbcn.org\/\" target=\"_blank\" rel=\"noopener\">https:\/\/catedralbcn.org\/\u00a0<\/a><\/li>\n<\/ul>\n<p><a name=\"3\"><\/a><\/p>\n<h2><strong>Comment se rendre \u00e0 la Cath\u00e9drale Sainte-Croix<\/strong><\/h2>\n<p><strong>Adresse<\/strong> : Pla de la Seu (08002) Barcelona<\/p>\n<p>C&rsquo;est en <a href=\"https:\/\/bonjourbarcelone.fr\/centre-ville-barcelone\/\">plein centre-ville de Barcelone <\/a>! Profitez-en pour faire un tour dans le quartier, qui est l&rsquo;un des plus int\u00e9ressants de la cit\u00e9 catalane !<\/p>\n<p><strong>Comment s\u2019y rendre<\/strong> :<\/p>\n<ul>\n<li><strong>M\u00e9tro<\/strong> : Ligne 3 (verte) et Ligne 4 (jaune)<\/li>\n<li><strong>Bus<\/strong> : 17, 19, 40, 45, 100 V15, V17 et N8<\/li>\n<\/ul>\n<p><strong>Bon \u00e0 savoir<\/strong>\u00a0: si vous comptez emprunter les transports en commun \u00e0 Barcelone, je vous invite \u00e0 lire l\u2019article de Bonjour Barcelone consacr\u00e9 \u00e0\u00a0<a href=\"https:\/\/bonjourbarcelone.fr\/hola-bcn\/\">la carte Hola BCN<\/a>, qui vous fera \u00e9conomiser.<br \/>\n<a name=\"4\"><\/a><\/p>\n<h2><strong>L\u2019histoire de la Cath\u00e9drale Sainte-Croix \u00e0 Barcelone<\/strong><\/h2>\n<p><img decoding=\"async\" class=\"img-full\" title=\"Cath\u00e9drale Sainte-Croix \u00e0 Barcelone\" src=\"https:\/\/bonjourbarcelone.fr\/wp-content\/uploads\/2017\/07\/Le-cloi\u0302tre-de-la-Cathe\u0301drale-de-Barcelone-1.jpg\" alt=\"Cath\u00e9drale Sainte-Croix \u00e0 Barcelone\" \/><\/p>\n<p>B\u00e2tie sur le m\u00eame emplacement que deux anciens sites religieux, une basilique pal\u00e9ochr\u00e9tienne (IIIe- VIe si\u00e8cle apr\u00e8s JC) puis une \u00e9glise romano wisigothique (VIIIe si\u00e8cle apr\u00e8s JC), dont les restes ont totalement \u00e9t\u00e9 d\u00e9truits par l\u2019invasion arabe, <strong>la construction de la cath\u00e9drale Sainte-Croix aura dur\u00e9 plus de 150 ans.<\/strong><\/p>\n<h4><strong>D\u00e9di\u00e9e \u00e0 Sainte Eulalie (sainte patronne de Barcelone), 3 temps furent n\u00e9cessaires \u00e0 sa construction :<\/strong><\/h4>\n<ul>\n<li><strong>De 1298 \u00e0 1460<\/strong> : construction de l\u2019\u00e9difice.<br \/>\nLes grands travaux ont \u00e9t\u00e9 initi\u00e9s lors du r\u00e8gne de Jaime II de Arag\u00f3n, dit \u00ab\u00a0Le Juste\u00a0\u00bb et se sont achev\u00e9s lors du r\u00e8gne d\u2019Arag\u00f3n Alfonso V<\/li>\n<li><strong>En 1870<\/strong> : ajout de la fa\u00e7ade gr\u00e2ce au donateur Manuel Girona Agrafel<\/li>\n<li><strong>En 1913<\/strong> : installation de la lanterne et de la fl\u00e8che sur ordre des fils du m\u00eame pr\u00e9cepteur<\/li>\n<\/ul>\n<p>Dans l\u2019histoire de la cath\u00e9drale et plus g\u00e9n\u00e9ralement de Barcelone, il est important de pr\u00e9ciser que c\u2019est l\u2019un des seuls monuments <strong>qui a r\u00e9sist\u00e9 <\/strong>au mouvement destructeur des anarchistes lors de la<strong> guerre civile des ann\u00e9es 30<\/strong>.<\/p>\n<p>La cath\u00e9drale Sainte-Croix est donc un monument qui a surv\u00e9cu aux \u00e9v\u00e8nements politiques et aux \u00e9poques parfois sombres de l\u2019histoire espagnole.<\/p>\n<h3><strong>L\u2019architecture du monument<\/strong><\/h3>\n<p>Comme indiqu\u00e9 plus haut, l\u2019architecture du monument renferme <strong>plusieurs styles <\/strong>car construit \u00e0 <strong>plusieurs \u00e9poques<\/strong>. N\u00e9anmoins, une ligne directrice est mise en avant : le <strong>style gothique<\/strong>.<\/p>\n<p><strong>L&rsquo;Int\u00e9rieur<\/strong><\/p>\n<p><img decoding=\"async\" class=\"img-full\" title=\"Int\u00e9rieur\" src=\"https:\/\/bonjourbarcelone.fr\/wp-content\/uploads\/2017\/07\/La-Cathe\u0301drale-de-Barcelone-Inte\u0301rieur-1.jpg\" alt=\"Int\u00e9rieur\" \/><\/p>\n<p>Trois nefs dont une centrale, une abside et un d\u00e9ambulatoire. Les piliers, les arcs et les vo\u00fbtes embrassent <strong>une ambiance tr\u00e8s particuli\u00e8re<\/strong> infus\u00e9e par la lumi\u00e8re et la structure g\u00e9n\u00e9rale. Une beaut\u00e9 extraordinaire ! Autour de la nef principale, 28 chapelles vous feront d\u00e9couvrir des peintures m\u00e9di\u00e9vales.<\/p>\n<p><strong>Les chapelles<\/strong><\/p>\n<p>Au nombre de 28, l\u2019une d\u2019elles contient le c\u00e9l\u00e8bre crucifix du \u00ab Christ de L\u00e9pante \u00bb. Vous pourrez \u00e9galement admirer des stalles datant du XV\u1d49 si\u00e8cle ainsi que le retable de Bernat Martorell.<\/p>\n<p>Dans l\u2019une d\u2019entre elles, on peut apercevoir <strong>les tombeaux du comte et de la comtesse de Barcelone<\/strong>.<\/p>\n<p>Selon la l\u00e9gende, les premiers Indiens d\u2019Am\u00e9rique auraient \u00e9t\u00e9 c\u00e9r\u00e9moni\u00e9s dans les fonts baptismaux de la cath\u00e9drale.<\/p>\n<p><strong>Les chapelles principales<\/strong> : Capilla de Santa Luc\u00eda, Capilla del Sant\u00edsimo y del Santo Cristo de Lepanto.<\/p>\n<p><strong>Le ch\u0153ur\u00a0<\/strong><\/p>\n<p>De position centrale comme son nom l\u2019indique, il est taill\u00e9 finement de bois. L\u2019\u00e9v\u00eaque Ramon d\u2019Escales est l\u2019initiateur de ce chef-d&rsquo;\u0153uvre qui impressionne tant par sa richesse d\u2019ornementation que par sa beaut\u00e9 d\u2019ex\u00e9cution. Mais c\u2019est le p\u00e8re Sanglada qui a effectu\u00e9 toutes les \u0153uvres.<\/p>\n<p>Vous pourrez notamment y admirer <strong>les blasons des chevaliers de la Toison d\u2019or<\/strong> qui encerclent le ch\u0153ur de la cath\u00e9drale.<\/p>\n<p><strong>La crypte <\/strong><\/p>\n<p>Situ\u00e9e derri\u00e8re le ch\u0153ur, elle renferme <strong>l\u2019impressionnant sarcophage de Sainte Eulalie<\/strong>. Cette derni\u00e8re fut une vierge martyre, tortur\u00e9e par les pa\u00efens romains au IV\u1d49 si\u00e8cle, sacr\u00e9e sainte en raison des miracles qu\u2019elle a provoqu\u00e9s apr\u00e8s sa mort.<\/p>\n<p>On peut notamment distinguer, sur son tombeau, les sc\u00e8nes qui ont marqu\u00e9 sa vie.<\/p>\n<p><strong>Le clo\u00eetre\u00a0<\/strong><\/p>\n<p><img decoding=\"async\" class=\"img-full\" title=\"clo\u00eetre\" src=\"https:\/\/bonjourbarcelone.fr\/wp-content\/uploads\/2017\/07\/Les-pilliers-du-cloi\u0302tre-1.jpg\" alt=\"clo\u00eetre\" \/><\/p>\n<p>Pi\u00e8ce ma\u00eetresse de la visite, <strong>c\u2019est un lieu tout \u00e0 fait atypique et tr\u00e8s agr\u00e9able.<\/strong> Construit au XV\u00e8 si\u00e8cle et situ\u00e9 \u00e0 droite du ch\u0153ur, ce lieu est tr\u00e8s apaisant.<\/p>\n<p>Des arbres fruitiers y prennent vie, des fleurs et des plantes ornent les lieux. Tr\u00e8s lumineux, on ne se lasse pas d\u2019admirer les chapelles qui entourent le clo\u00eetre de trois c\u00f4t\u00e9s, ainsi que les fontaines en son coeur. Pour l\u2019anecdote, <strong>13 oies d\u00e9ambulent dans le clo\u00eetre en m\u00e9moire de Sainte-Eulalie qui avait 13 ans lors de son martyre<\/strong>.<\/p>\n<p><strong>Le mus\u00e9e\u00a0<\/strong><\/p>\n<p>Accol\u00e9 au clo\u00eetre, il est possible de le visiter de 13h \u00e0 16h30 (compris dans le billet d\u2019entr\u00e9e). On peut y admirer diverses peintures.<\/p>\n<p><strong>Les terrasses\u00a0<\/strong><\/p>\n<p>Elles offrent, comme on l&rsquo;imagine, <strong>une vue imprenable sur Barcelone, <\/strong>avec une\u00a0hauteur d\u2019environ 50 m\u00e8tres du sol.<br \/>\n<a name=\"5\"><\/a><\/p>\n<h2><strong>Cath\u00e9drale Sainte Croix : Astuces et conseils de Bonjour Barcelone + FAQ\u00a0<\/strong><\/h2>\n<p>Voici quelques informations additionnelles pour profiter de votre visite de la cath\u00e9drale Sainte-Croix \u00e0 Barcelone.<\/p>\n<ul>\n<li>Il est fortement conseill\u00e9 de prendre <strong>une entr\u00e9e payante<\/strong> afin de visiter la cath\u00e9drale sans souffrir de la foule<\/li>\n<li>Attention aux \u00e9paules nues, torses nus, casquettes et shorts\u2026 <strong>interdits<\/strong> !<\/li>\n<li>Sur la petite place situ\u00e9e devant l\u2019\u00e9difice, vous pouvez assister, les samedi \u00e0 18h et les dimanches \u00e0 11h, \u00e0 des spectacles de rue (notamment de la <strong>danse sardane<\/strong>)<\/li>\n<\/ul>\n<h3><strong>Est-il possible de visiter la cath\u00e9drale de Barcelone gratuitement ?<\/strong><\/h3>\n<p>Oui, la cath\u00e9drale est ouverte au public en journ\u00e9e, mais l&rsquo;acc\u00e8s est limit\u00e9 aux parties publiques. Pour d\u00e9couvrir l&rsquo;ensemble de ses tr\u00e9sors, il faut se procurer un billet.<\/p>\n<h3 class=\"JlqpRe\"><strong><span class=\"JCzEY tNxQIb\"><span class=\"CSkcDe\">La cath\u00e9drale de Barcelone vaut-elle le d\u00e9tour ?<\/span><\/span><\/strong><\/h3>\n<p>Bien s\u00fbr ! C&rsquo;est <strong>une merveille architecturale<\/strong> et arpenter l&rsquo;int\u00e9rieur a quelque chose d&rsquo;envoutant. Il se d\u00e9gage une atmosph\u00e8re quasi mystique de cet \u00e9difice !<\/p>\n<div class=\"p8Jhnd\">\n<h3 class=\"aj35ze\"><strong>Quelle est la plus belle cath\u00e9drale de Barcelone ?<\/strong><\/h3>\n<p>Vous le savez : il y a \u00e0 Barcelone une autre cath\u00e9drale pour le moins majestueuse : <a href=\"https:\/\/bonjourbarcelone.fr\/sagrada-familia-interieur-tickets\/\">la Sagrada Familia !<\/a> Sans entrer dans le jeu des comparaisons, cette derni\u00e8re est <strong>\u00e0 couper le souffle<\/strong> et elle m\u00e9rite, \u00e9videmment, que vous preniez le temps de la visiter.<\/p>\n<p>Bonne d\u00e9couverte \u00e0 tous !<\/p>\n<\/div>\n","protected":false},"excerpt":{"rendered":"<p>Je vous pr\u00e9sente la cath\u00e9drale Sainte Croix Barcelone, monumentale, que vous pourriez vouloir visiter lors de votre s\u00e9jour dans la capitale catalane. Dans cet article, vous apprendrez notamment : Une pr\u00e9sentation de la cath\u00e9drale et de ses sp\u00e9cificit\u00e9s Pourquoi la visiter ?\u00a0 Des informations pratiques : tarifs, horaires, conseils Comment la rejoindre facilement ? Et [&hellip;]<\/p>\n","protected":false},"author":2,"featured_media":585,"parent":0,"menu_order":0,"comment_status":"open","ping_status":"closed","template":"","meta":{"om_disable_all_campaigns":false,"_genesis_hide_title":false,"_genesis_hide_breadcrumbs":false,"_genesis_hide_singular_image":false,"_genesis_hide_footer_widgets":false,"_genesis_custom_body_class":"","_genesis_custom_post_class":"","_genesis_layout":"","footnotes":""},"class_list":{"0":"post-503","1":"page","2":"type-page","3":"status-publish","4":"has-post-thumbnail","6":"entry"},"yoast_head":"<!-- This site is optimized with the Yoast SEO plugin v26.5 - https:\/\/yoast.com\/wordpress\/plugins\/seo\/ -->\n<title>Cath\u00e9drale Sainte Croix Barcelone : Guide complet [2026]<\/title>\n<meta name=\"description\" content=\"Voici le guide complet pour visiter la Cath\u00e9drale Sainte Croix \u00e0 Barcelone. Toutes les informations pratiques y sont !\" \/>\n<meta name=\"robots\" content=\"index, follow, max-snippet:-1, max-image-preview:large, max-video-preview:-1\" \/>\n<link rel=\"canonical\" href=\"https:\/\/bonjourbarcelone.fr\/fr\/cathedrale-sainte-croix-barcelone\/\" \/>\n<meta property=\"og:locale\" content=\"fr_FR\" \/>\n<meta property=\"og:type\" content=\"article\" \/>\n<meta property=\"og:title\" content=\"Cath\u00e9drale Sainte Croix Barcelone : Guide complet [2026]\" \/>\n<meta property=\"og:description\" content=\"Voici le guide complet pour visiter la Cath\u00e9drale Sainte Croix \u00e0 Barcelone. Toutes les informations pratiques y sont !\" \/>\n<meta property=\"og:url\" content=\"https:\/\/bonjourbarcelone.fr\/fr\/cathedrale-sainte-croix-barcelone\/\" \/>\n<meta property=\"og:site_name\" content=\"Visiter Barcelone\" \/>\n<meta property=\"article:modified_time\" content=\"2025-12-26T18:31:06+00:00\" \/>\n<meta property=\"og:image\" content=\"https:\/\/bonjourbarcelone.fr\/wp-content\/uploads\/2017\/07\/La-Cathe\u0301drale-de-Barcelone-1-e1550160115530.jpg\" \/>\n\t<meta property=\"og:image:width\" content=\"280\" \/>\n\t<meta property=\"og:image:height\" content=\"187\" \/>\n\t<meta property=\"og:image:type\" content=\"image\/jpeg\" \/>\n<meta name=\"twitter:card\" content=\"summary_large_image\" \/>\n<meta name=\"twitter:label1\" content=\"Dur\u00e9e de lecture estim\u00e9e\" \/>\n\t<meta name=\"twitter:data1\" content=\"9 minutes\" \/>\n<script type=\"application\/ld+json\" class=\"yoast-schema-graph\">{\"@context\":\"https:\/\/schema.org\",\"@graph\":[{\"@type\":\"WebPage\",\"@id\":\"https:\/\/bonjourbarcelone.fr\/cathedrale-sainte-croix-barcelone\/\",\"url\":\"https:\/\/bonjourbarcelone.fr\/cathedrale-sainte-croix-barcelone\/\",\"name\":\"Cath\u00e9drale Sainte Croix Barcelone : Guide complet [2026]\",\"isPartOf\":{\"@id\":\"https:\/\/bonjourbarcelone.fr\/#website\"},\"primaryImageOfPage\":{\"@id\":\"https:\/\/bonjourbarcelone.fr\/cathedrale-sainte-croix-barcelone\/#primaryimage\"},\"image\":{\"@id\":\"https:\/\/bonjourbarcelone.fr\/cathedrale-sainte-croix-barcelone\/#primaryimage\"},\"thumbnailUrl\":\"https:\/\/bonjourbarcelone.fr\/wp-content\/uploads\/2017\/07\/La-Cathe\u0301drale-de-Barcelone-1-e1550160115530.jpg\",\"datePublished\":\"2025-12-08T11:13:04+00:00\",\"dateModified\":\"2025-12-26T18:31:06+00:00\",\"description\":\"Voici le guide complet pour visiter la Cath\u00e9drale Sainte Croix \u00e0 Barcelone. Toutes les informations pratiques y sont !\",\"breadcrumb\":{\"@id\":\"https:\/\/bonjourbarcelone.fr\/cathedrale-sainte-croix-barcelone\/#breadcrumb\"},\"inLanguage\":\"fr-FR\",\"potentialAction\":[{\"@type\":\"ReadAction\",\"target\":[\"https:\/\/bonjourbarcelone.fr\/cathedrale-sainte-croix-barcelone\/\"]}]},{\"@type\":\"ImageObject\",\"inLanguage\":\"fr-FR\",\"@id\":\"https:\/\/bonjourbarcelone.fr\/cathedrale-sainte-croix-barcelone\/#primaryimage\",\"url\":\"https:\/\/bonjourbarcelone.fr\/wp-content\/uploads\/2017\/07\/La-Cathe\u0301drale-de-Barcelone-1-e1550160115530.jpg\",\"contentUrl\":\"https:\/\/bonjourbarcelone.fr\/wp-content\/uploads\/2017\/07\/La-Cathe\u0301drale-de-Barcelone-1-e1550160115530.jpg\",\"width\":280,\"height\":187},{\"@type\":\"BreadcrumbList\",\"@id\":\"https:\/\/bonjourbarcelone.fr\/cathedrale-sainte-croix-barcelone\/#breadcrumb\",\"itemListElement\":[{\"@type\":\"ListItem\",\"position\":1,\"name\":\"Accueil\",\"item\":\"https:\/\/bonjourbarcelone.fr\/\"},{\"@type\":\"ListItem\",\"position\":2,\"name\":\"Cath\u00e9drale Sainte Croix Barcelone : Guide complet [2026]\"}]},{\"@type\":\"WebSite\",\"@id\":\"https:\/\/bonjourbarcelone.fr\/#website\",\"url\":\"https:\/\/bonjourbarcelone.fr\/\",\"name\":\"Visiter Barcelone\",\"description\":\"Tout pour passer un s\u00e9jour inoubliable en 2026 !\",\"potentialAction\":[{\"@type\":\"SearchAction\",\"target\":{\"@type\":\"EntryPoint\",\"urlTemplate\":\"https:\/\/bonjourbarcelone.fr\/?s={search_term_string}\"},\"query-input\":{\"@type\":\"PropertyValueSpecification\",\"valueRequired\":true,\"valueName\":\"search_term_string\"}}],\"inLanguage\":\"fr-FR\"}]}<\/script>\n<!-- \/ Yoast SEO plugin. -->","yoast_head_json":{"title":"Cath\u00e9drale Sainte Croix Barcelone : Guide complet [2026]","description":"Voici le guide complet pour visiter la Cath\u00e9drale Sainte Croix \u00e0 Barcelone. Toutes les informations pratiques y sont !","robots":{"index":"index","follow":"follow","max-snippet":"max-snippet:-1","max-image-preview":"max-image-preview:large","max-video-preview":"max-video-preview:-1"},"canonical":"https:\/\/bonjourbarcelone.fr\/fr\/cathedrale-sainte-croix-barcelone\/","og_locale":"fr_FR","og_type":"article","og_title":"Cath\u00e9drale Sainte Croix Barcelone : Guide complet [2026]","og_description":"Voici le guide complet pour visiter la Cath\u00e9drale Sainte Croix \u00e0 Barcelone. Toutes les informations pratiques y sont !","og_url":"https:\/\/bonjourbarcelone.fr\/fr\/cathedrale-sainte-croix-barcelone\/","og_site_name":"Visiter Barcelone","article_modified_time":"2025-12-26T18:31:06+00:00","og_image":[{"width":280,"height":187,"url":"https:\/\/bonjourbarcelone.fr\/wp-content\/uploads\/2017\/07\/La-Cathe\u0301drale-de-Barcelone-1-e1550160115530.jpg","type":"image\/jpeg"}],"twitter_card":"summary_large_image","twitter_misc":{"Dur\u00e9e de lecture estim\u00e9e":"9 minutes"},"schema":{"@context":"https:\/\/schema.org","@graph":[{"@type":"WebPage","@id":"https:\/\/bonjourbarcelone.fr\/cathedrale-sainte-croix-barcelone\/","url":"https:\/\/bonjourbarcelone.fr\/cathedrale-sainte-croix-barcelone\/","name":"Cath\u00e9drale Sainte Croix Barcelone : Guide complet [2026]","isPartOf":{"@id":"https:\/\/bonjourbarcelone.fr\/#website"},"primaryImageOfPage":{"@id":"https:\/\/bonjourbarcelone.fr\/cathedrale-sainte-croix-barcelone\/#primaryimage"},"image":{"@id":"https:\/\/bonjourbarcelone.fr\/cathedrale-sainte-croix-barcelone\/#primaryimage"},"thumbnailUrl":"https:\/\/bonjourbarcelone.fr\/wp-content\/uploads\/2017\/07\/La-Cathe\u0301drale-de-Barcelone-1-e1550160115530.jpg","datePublished":"2025-12-08T11:13:04+00:00","dateModified":"2025-12-26T18:31:06+00:00","description":"Voici le guide complet pour visiter la Cath\u00e9drale Sainte Croix \u00e0 Barcelone. Toutes les informations pratiques y sont !","breadcrumb":{"@id":"https:\/\/bonjourbarcelone.fr\/cathedrale-sainte-croix-barcelone\/#breadcrumb"},"inLanguage":"fr-FR","potentialAction":[{"@type":"ReadAction","target":["https:\/\/bonjourbarcelone.fr\/cathedrale-sainte-croix-barcelone\/"]}]},{"@type":"ImageObject","inLanguage":"fr-FR","@id":"https:\/\/bonjourbarcelone.fr\/cathedrale-sainte-croix-barcelone\/#primaryimage","url":"https:\/\/bonjourbarcelone.fr\/wp-content\/uploads\/2017\/07\/La-Cathe\u0301drale-de-Barcelone-1-e1550160115530.jpg","contentUrl":"https:\/\/bonjourbarcelone.fr\/wp-content\/uploads\/2017\/07\/La-Cathe\u0301drale-de-Barcelone-1-e1550160115530.jpg","width":280,"height":187},{"@type":"BreadcrumbList","@id":"https:\/\/bonjourbarcelone.fr\/cathedrale-sainte-croix-barcelone\/#breadcrumb","itemListElement":[{"@type":"ListItem","position":1,"name":"Accueil","item":"https:\/\/bonjourbarcelone.fr\/"},{"@type":"ListItem","position":2,"name":"Cath\u00e9drale Sainte Croix Barcelone : Guide complet [2026]"}]},{"@type":"WebSite","@id":"https:\/\/bonjourbarcelone.fr\/#website","url":"https:\/\/bonjourbarcelone.fr\/","name":"Visiter Barcelone","description":"Tout pour passer un s\u00e9jour inoubliable en 2026 !","potentialAction":[{"@type":"SearchAction","target":{"@type":"EntryPoint","urlTemplate":"https:\/\/bonjourbarcelone.fr\/?s={search_term_string}"},"query-input":{"@type":"PropertyValueSpecification","valueRequired":true,"valueName":"search_term_string"}}],"inLanguage":"fr-FR"}]}},"_links":{"self":[{"href":"https:\/\/bonjourbarcelone.fr\/fr\/wp-json\/wp\/v2\/pages\/503","targetHints":{"allow":["GET"]}}],"collection":[{"href":"https:\/\/bonjourbarcelone.fr\/fr\/wp-json\/wp\/v2\/pages"}],"about":[{"href":"https:\/\/bonjourbarcelone.fr\/fr\/wp-json\/wp\/v2\/types\/page"}],"author":[{"embeddable":true,"href":"https:\/\/bonjourbarcelone.fr\/fr\/wp-json\/wp\/v2\/users\/2"}],"replies":[{"embeddable":true,"href":"https:\/\/bonjourbarcelone.fr\/fr\/wp-json\/wp\/v2\/comments?post=503"}],"version-history":[{"count":5,"href":"https:\/\/bonjourbarcelone.fr\/fr\/wp-json\/wp\/v2\/pages\/503\/revisions"}],"predecessor-version":[{"id":4117,"href":"https:\/\/bonjourbarcelone.fr\/fr\/wp-json\/wp\/v2\/pages\/503\/revisions\/4117"}],"wp:featuredmedia":[{"embeddable":true,"href":"https:\/\/bonjourbarcelone.fr\/fr\/wp-json\/wp\/v2\/media\/585"}],"wp:attachment":[{"href":"https:\/\/bonjourbarcelone.fr\/fr\/wp-json\/wp\/v2\/media?parent=503"}],"curies":[{"name":"wp","href":"https:\/\/api.w.org\/{rel}","templated":true}]}}