{"id":763,"date":"2025-12-14T17:12:46","date_gmt":"2025-12-14T17:12:46","guid":{"rendered":"http:\/\/thibaut.wpengine.com\/?page_id=763"},"modified":"2025-12-26T18:32:04","modified_gmt":"2025-12-26T18:32:04","slug":"parc-guell-barcelone","status":"publish","type":"page","link":"https:\/\/bonjourbarcelone.fr\/fr\/parc-guell-barcelone\/","title":{"rendered":"Parc Guell Barcelone : guide complet et informations utiles [2026]"},"content":{"rendered":"<p>Dans cet article, je vous pr\u00e9sente<strong> le Parc Guell<\/strong> (ou park G\u00fcell), l&rsquo;un des monuments phares de la ville, incontournable quand on passe quelques jours \u00e0 Barcelone !<\/p>\n<p>Vous trouverez notamment :<\/p>\n<ul>\n<li>Une pr\u00e9sentation de ce Parc G\u00fcell<\/li>\n<li>Ce qu&rsquo;on peut voir \u00e0 l&rsquo;int\u00e9rieur<\/li>\n<li>Comment le visiter ?<\/li>\n<li>Comment le rejoindre ?<\/li>\n<li>Des informations pratiques : tarifs horaires, r\u00e9servation, etc.<\/li>\n<li>Que voir et que faire autour<\/li>\n<li>Et bien d&rsquo;autres choses !<\/li>\n<\/ul>\n<p>Si vous cherchez des informations sur le Parc Guell de Barcelone, vous allez adorer cet article.<\/p>\n<p>Suivez le guide !<\/p>\n<p><a href=\"https:\/\/bonjourbarcelone.fr\/wp-content\/uploads\/2025\/12\/Parc-Guell-Barcelone.jpg\"><img decoding=\"async\" class=\"aligncenter size-full wp-image-4099\" src=\"https:\/\/bonjourbarcelone.fr\/wp-content\/uploads\/2025\/12\/Parc-Guell-Barcelone.jpg\" alt=\"Parc Guell Barcelone\" width=\"600\" height=\"388\" srcset=\"https:\/\/bonjourbarcelone.fr\/wp-content\/uploads\/2025\/12\/Parc-Guell-Barcelone.jpg 600w, https:\/\/bonjourbarcelone.fr\/wp-content\/uploads\/2025\/12\/Parc-Guell-Barcelone-300x194.jpg 300w, https:\/\/bonjourbarcelone.fr\/wp-content\/uploads\/2025\/12\/Parc-Guell-Barcelone-18x12.jpg 18w\" sizes=\"(max-width: 600px) 100vw, 600px\" \/><\/a><\/p>\n<h2 class=\"summary-title\">Parc Guell Barcelone : sommaire de l&rsquo;article<\/h2>\n<div class=\"summary-box\">\n<ul class=\"summary-list\">\n<li><a href=\"#1\">Parc G\u00fcell \u00e0 Barcelone : une des merveilles de Gaudi<br \/>\n<\/a><\/li>\n<li><a href=\"#2\">Comment se rendre au Park G\u00fcell <\/a><\/li>\n<li><a href=\"#3\">Description et histoire du Park G\u00fcell <\/a><\/li>\n<li><a href=\"#4\">Parc Guell Barcelone: informations pratiques (tarifs, condition d&rsquo;entr\u00e9e, r\u00e9servation)<br \/>\n<\/a><\/li>\n<li><a href=\"#5\">Parc G\u00fcell : conseils, recommandations et FAQ<br \/>\n<\/a><\/li>\n<li><a href=\"#6\">Que voir et que faire dans les environs du Parc G\u00fcell ?<br \/>\n<\/a><\/li>\n<\/ul>\n<\/div>\n<p><a name=\"1\"><\/a><\/p>\n<h2><strong>Parc G\u00fcell \u00e0 Barcelone : une des merveilles de Gaudi\u00a0<\/strong><\/h2>\n<p>En 1910, l\u2019industriel <strong>Eusebio Gu\u00ebll<\/strong> commanda \u00e0 l\u2019architecte <a href=\"https:\/\/bonjourbarcelone.fr\/antoni-gaudi-structures\/\">Antoni Gaudi<\/a> une zone r\u00e9sidentielle priv\u00e9e sur la colline de Sobranceira \u00e0 Barcelone.<\/p>\n<p>Le plan \u00e9tait de construire <strong>une mini ville-jardin<\/strong> avec une soixantaine de b\u00e2tisses, des \u00e9quipements communs, des aires de loisir et des structures d\u00e9coratives. <strong>Au final seules trois b\u00e2tisses furent construites \u00e0 peine.<\/strong>Mais ce qu\u2019il resta apr\u00e8s l\u2019abandon du projet est <strong>l\u2019un des espaces publics les plus originaux jamais construits !\u00a0<\/strong><\/p>\n<aside class=\"block-note\">\n<p class=\"block-offer-desc\">Le park Gu\u00ebll, \u00e9difi\u00e9 entre 1900 et 1914, est inscrit au <strong>patrimoine mondial de l\u2019UNESCO <\/strong>depuis 1984.<\/p>\n<\/aside>\n<p class=\"block-offer-desc\">C&rsquo;est un id\u00e9al pour se balader, seule, en couple ou en famille, car l<strong>a vue est magnifique et qu&rsquo;il s&rsquo;agit d&rsquo;un des lieux les plus atypiques de la cit\u00e9 catalane !<\/strong><\/p>\n<p class=\"block-offer-desc\"><img decoding=\"async\" class=\"img-full aligncenter\" title=\"park guell\" src=\"https:\/\/bonjourbarcelone.fr\/wp-content\/uploads\/2017\/07\/park-guell-2.jpg\" alt=\"park guell\" \/><\/p>\n<p><strong>Bon \u00e0 savoir<\/strong> : vous souhaitez \u00eatre accompagn\u00e9 dans votre visite des lieux majeurs de Barcelone ? Sachez que Bonjour Barcelone propose les meilleures visites guid\u00e9es en fran\u00e7ais, pour d\u00e9couvrir les merveilles de la ville. <a href=\"https:\/\/bonjourbarcelone.fr\/fr\/visite-guidee-a-barcelone\/\">&gt;&gt; Cliquez ici pour en savoir plus !\u00a0<\/a><br \/>\n<a name=\"2\"><\/a><\/p>\n<h2><strong>Comment se rendre au Park G\u00fcell<\/strong><\/h2>\n<p>Le parc G\u00fcell se trouve \u00e0 l&rsquo;adresse suivante : Carrer d&rsquo;Olot, s\/n, 08024 Barcelone<\/p>\n<p>C&rsquo;est au nord du centre-ville, dans <a href=\"https:\/\/bonjourbarcelone.fr\/quartier-gracia-barcelone\/\">le quartier de Gracia<\/a>. Pour le rejoindre, vous pourrez emprunter :<\/p>\n<ul>\n<li><strong>Le M\u00e9tro<\/strong> : L3 arr\u00eat Vallcarca ou Lesseps<\/li>\n<li><strong>Le Bus<\/strong> : lignes H6 et D40<\/li>\n<li>La voiture, avec un parking priv\u00e9 sur place<\/li>\n<li>Un taxi \/ Uber<\/li>\n<\/ul>\n<p>Notez que si vous comptez utiliser les transports en commun \u00e0 Barcelone, il peut \u00eatre utile de se procurer la carte Hola BCN. Lisez l&rsquo;article de Bonjour Barcelone sur <a href=\"https:\/\/bonjourbarcelone.fr\/hola-bcn\/\">ce Pass Transport illimit\u00e9<\/a>, pour tout savoir.<br \/>\n<a name=\"3\"><\/a><\/p>\n<h2><strong>Description et histoire du Park G\u00fcell<\/strong><\/h2>\n<p>Ce parc assez fou poss\u00e8de une histoire int\u00e9ressante et des caract\u00e9ristiques surprenantes, qu&rsquo;on peut retracer en quelques faits et anecdotes marquants :<\/p>\n<ul>\n<li>Les constructions de Gaud\u00ed ont \u00e9t\u00e9 r\u00e9alis\u00e9es entre <strong>1910 et 1914<\/strong><\/li>\n<li>La disposition est bas\u00e9e sur le sanctuaire de Apolo en Delfos<\/li>\n<li>Le parc et sa vue exceptionnelle sur la mer et la capitale catalane, est situ\u00e9 sur le terrain achet\u00e9 par l\u2019industriel <strong>Eusebio Gu\u00ebll en 1895<\/strong><\/li>\n<li>Le projet initial \u00e9tait de construire 60 b\u00e2tisses, mais uniquement 3 furent construites !<\/li>\n<li><strong>La ville de Barcelone a repris possession de la zone en 1923 pour y faire un parc<\/strong><\/li>\n<\/ul>\n<p><img decoding=\"async\" class=\"img-full aligncenter\" title=\"park guell autre\" src=\"https:\/\/bonjourbarcelone.fr\/wp-content\/uploads\/2017\/07\/park-guell-11.jpg\" alt=\"park guell autre\" \/><\/p>\n<p>Le point principal du parc est la <strong>grande terrasse<\/strong>, avec ses colonnes et des bancs sinueux inspir\u00e9s du corps humain. On peut y\u00a0des \u00ab <strong>azulejos<\/strong> \u00bb (fa\u00efence) brillants.<\/p>\n<aside class=\"block-note\">\n<p class=\"block-offer-desc\"><strong>Anecdote surprenante<\/strong> : L\u2019artiste <strong>Salvador Dali<\/strong> s\u2019est dit envahi d\u2019une angoisse inoubliable en se promenant dans le parc Gu\u00ebll<\/p>\n<\/aside>\n<p>Le parc G\u00fcell, d&rsquo;une superficie de 17 hectares est principalement un <strong>jardin<\/strong>, \u00e9tant donn\u00e9 que seules quelques constructions \u00e0 l&rsquo;int\u00e9rieur du parc y ont \u00e9t\u00e9 achev\u00e9es. Parmi elles, les deux maisons en forme de champignon encadrant l&rsquo;entr\u00e9e.<\/p>\n<p><img decoding=\"async\" class=\"img-full\" title=\"nom de l\u2019image\" src=\"https:\/\/bonjourbarcelone.fr\/wp-content\/uploads\/2017\/07\/park-guell-3.jpg\" alt=\"nom de l\u2019image\" \/><\/p>\n<p>Une fois entr\u00e9, vous vous trouverez devant des escaliers avec des \u00eelots-fontaine au centre, en particulier, une des trois fontaines, <strong>l&#8217;embl\u00e9matique fontaine en forme de salamandre<\/strong>.<\/p>\n<p><img decoding=\"async\" class=\"img-full aligncenter\" title=\"nom de l\u2019image\" src=\"https:\/\/bonjourbarcelone.fr\/wp-content\/uploads\/2017\/07\/park-guell-9.jpg\" alt=\"nom de l\u2019image\" \/><\/p>\n<p><a href=\"https:\/\/bonjourbarcelone.fr\/fr\/gaudi-barcelone\/\">Gaud\u00ed<\/a> s&rsquo;est efforc\u00e9 de conserver le relief naturel, <strong>les colonnes des all\u00e9es simulant par exemple des troncs d&rsquo;arbres<\/strong>. Cette fontaine, la plus connue des trois, est interpr\u00e9t\u00e9e comme la salamandre embl\u00e8me de N\u00eemes, ville o\u00f9 Gaud\u00ed passa une partie de sa jeunesse et dont les jardins de la Fontaine lui inspir\u00e8rent ce parc.<\/p>\n<p>Sur \u00ab\u00a0La place de la nature\u00a0\u00bb vous d\u00e9couvrirez <strong>le plus long banc ondul\u00e9 du monde (110 m)<\/strong>. Ce banc est exceptionnel : assis dans une boucle, on est \u00e0 la fois dans un espace intime et ouvert sur les voisins et sur la place.<br \/>\n<a name=\"4\"><\/a><\/p>\n<h2><strong>Parc Guell Barcelone: informations pratiques (prix, r\u00e9servations, condition d&rsquo;entr\u00e9e)<\/strong><\/h2>\n<p>Voici tout ce qu&rsquo;il faut savoir pour planifier votre visite du Parc Guell \u00e0 Barcelone.<\/p>\n<h3><strong>Tarifs et r\u00e9servation\u00a0<\/strong><\/h3>\n<ul>\n<li>Billet classique : 18 euros<\/li>\n<li>Tarif r\u00e9duit pour les enfants de 7 \u00e0 12 ans \/ les seniors (+ de 65 ans) : 13,50 euros<\/li>\n<li>Gratuit pour les 6 ans et moins \/ l<a href=\"https:\/\/bonjourbarcelone.fr\/barcelone-en-situation-handicap\/\">es personnes en situation de handicap\u00a0<\/a><\/li>\n<\/ul>\n<p>Ces billets vous permettent de visiter librement le parc Guell, sans guide.<\/p>\n<ul>\n<li>Billet avec visite guid\u00e9e : 35\u00a0euros<\/li>\n<li>Tarif r\u00e9duit pour les enfants de 7 \u00e0 12 ans \/ les seniors (+ de 65 ans) : 30,50 euros<\/li>\n<li>Personne en situation de handicap : 17 euros<\/li>\n<li>Gratuit pour les 6 ans et moins<\/li>\n<\/ul>\n<p>Avec ces billets, vous serez accompagn\u00e9s d&rsquo;un guide local. Ces visites se font en catalan, en espagnol, en anglais et en fran\u00e7ais. Vous choisirez le jour, la langue et l&rsquo;horaire \u00e0 la r\u00e9servation.<\/p>\n<h4><strong>O\u00f9 acheter des billets pour le parc G\u00fcell ?\u00a0<\/strong><\/h4>\n<p>Pour acheter vos billets, deux options s&rsquo;offrent \u00e0 vous : en ligne\u00a0\/ sur place au guichet.<\/p>\n<div class=\"su-button-center\"><a href=\"https:\/\/www.tiqets.com\/fr\/billets-parc-guell-l141902\/?partner=bonjourbarcelone\" class=\"su-button su-button-style-default\" style=\"color:#FFFFFF;background-color:#659A16;border-color:#517c12;border-radius:9px\" target=\"_blank\" rel=\"nofollow noopener noreferrer\"><span style=\"color:#FFFFFF;padding:8px 24px;font-size:18px;line-height:27px;border-color:#94b95c;border-radius:9px;text-shadow:none\"><i class=\"sui sui-long-arrow-right\" style=\"font-size:18px;color:#FFFFFF\"><\/i> Cliquez ici pour voir les offres pour le parc Guell au meilleur prix <\/span><\/a><\/div>\n<p>&nbsp;<\/p>\n<h4><strong>Peut-on visiter le parc Guell sans r\u00e9servation ?<\/strong><\/h4>\n<p>La r\u00e9servation n&rsquo;est pas obligatoire mais elle est tr\u00e8s fortement conseill\u00e9e. En effet, en cas de forte affluence, <strong>l&rsquo;entr\u00e9e aux visiteurs sans tickets n&rsquo;est pas garantie. <\/strong><\/p>\n<p>Si vous n&rsquo;\u00eates \u00e0 Barcelone que quelques jours, il serait dommage de devoir bouleverser vos plans pour revenir le lendemain !<\/p>\n<h3><strong>Horaires\u00a0<\/strong><\/h3>\n<p>En g\u00e9n\u00e9ral, le parc est ouvert au public de 9h\/9h30 \u00e0 20h\/22h. Toutefois, les horaires varient selon les saisons et il est toujours judicieux de les consulter <a href=\"https:\/\/parkguell.barcelona\/fr\/planifiez-votre-visite\/horaires-et-tarifs\" target=\"_blank\" rel=\"noopener\">via la page officielle du parc<\/a>.<\/p>\n<p>On notera que la billetterie peut fermer \u00e0 17h30, heure du dernier acc\u00e8s, donc, mais qu&rsquo;il est possible de rester dans le parc plus tarD.<\/p>\n<p>Le Park G\u00fcell est<strong> ouvert tous les jours de l\u2019ann\u00e9e.<\/strong><\/p>\n<h3><strong>Contact\u00a0<\/strong><\/h3>\n<ul>\n<li>Mail : <b>parkguell@bsmsa.cat<\/b><\/li>\n<li><a href=\"https:\/\/parkguell.barcelona\/fr\/contact\" target=\"_blank\" rel=\"noopener\">Formulaire de contact en ligne\u00a0<\/a><\/li>\n<\/ul>\n<p><img decoding=\"async\" class=\"img-full aligncenter\" title=\"park guell barcelone\" src=\"https:\/\/bonjourbarcelone.fr\/wp-content\/uploads\/2017\/07\/park-guell-5.jpg\" alt=\"park guell barcelone\" \/><br \/>\n<a name=\"5\"><\/a><\/p>\n<h2><strong>Parc G\u00fcell : conseils, recommandations et FAQ<\/strong><\/h2>\n<p>Voici quelques informations pratiques \u00e0 connaitre, et les r\u00e9ponses aux questions courantes sur ce parc, pour faciliter votre visite.<\/p>\n<h3><strong>Est-ce qu&rsquo;il y a un audioguide pour le parc Guell ?<\/strong><\/h3>\n<p>Oui, un audio-guide, sous forme d&rsquo;application mobile, est disponible. Elle se nomme <em><span class=\"AfwdI\">Park G\u00fcell Visita Inclusiva <\/span><\/em><span class=\"AfwdI\">et vous la trouverez sur les Store.\u00a0<\/span><\/p>\n<h3 class=\"JlqpRe\"><strong><span class=\"JCzEY tNxQIb\"><span class=\"CSkcDe\">Quelle est la particularit\u00e9 du Parc G\u00fcell ?<\/span><\/span><\/strong><\/h3>\n<p>Ce parc est extr\u00eamement original et il s&rsquo;en d\u00e9gage quelque chose de magique, presque irr\u00e9el. C&rsquo;est une visite immanquable, qui ira de pair avec celles <a href=\"https:\/\/bonjourbarcelone.fr\/casas-gaudi\/\">des maisons de Gaud\u00ed<\/a> si vous souhaitez plonger dans l&rsquo;univers de l&rsquo;artiste.<\/p>\n<div class=\"p8Jhnd\">\n<div class=\"aj35ze\">\n<h3 class=\"JlqpRe\"><strong><span class=\"JCzEY tNxQIb\"><span class=\"CSkcDe\">\u00c0 quelle heure visiter le Parc G\u00fcell ?<\/span><\/span><\/strong><\/h3>\n<p>Le Parc G\u00fcell est tr\u00e8s populaire et en journ\u00e9e, il est souvent pris d&rsquo;assaut. Pour le visite en toute qui\u00e9tude, on vous conseille de venir t\u00f4t le matin, ou en toute fin de journ\u00e9e.<\/p>\n<div class=\"su-button-center\"><a href=\"https:\/\/www.tiqets.com\/fr\/billets-parc-guell-l141902\/?partner=bonjourbarcelone\" class=\"su-button su-button-style-default\" style=\"color:#FFFFFF;background-color:#659A16;border-color:#517c12;border-radius:9px\" target=\"_blank\" rel=\"nofollow noopener noreferrer\"><span style=\"color:#FFFFFF;padding:8px 24px;font-size:18px;line-height:27px;border-color:#94b95c;border-radius:9px;text-shadow:none\"><i class=\"sui sui-long-arrow-right\" style=\"font-size:18px;color:#FFFFFF\"><\/i> Cliquez ici pour voir r\u00e9server vos billets pour le parc Guell au meilleur prix <\/span><\/a><\/div>\n<\/div>\n<\/div>\n<p><a name=\"6\"><\/a><\/p>\n<h2><strong>Que voir et que faire dans les environs du Parc G\u00fcell ?<\/strong><\/h2>\n<p>Pour continuer la visite dans ce quartier, voici les suggestions de Bonjour Barcelone :<\/p>\n<ul>\n<li>D\u00e9couvrir <strong>la Gaudi Experience<\/strong>, un mus\u00e9e interactif moderne avec un film 4D tr\u00e8s immersif. (<a href=\"https:\/\/www.tiqets.com\/fr\/billets-gaudi-experience-l145858\/?partner=bonjourbarcelone\" target=\"_blank\" rel=\"nofollow noopener noreferrer\">Cliquez ici pour voir les offres disponibles aux meilleurs tarifs<\/a>)<\/li>\n<li>Redescendre vers le c\u0153ur <strong>du quartier de Gr\u00e0cia<\/strong>, pour faire du shopping, savourer un petit caf\u00e9 dans une atmosph\u00e8re relaxante et d\u00e9couvrir, encore et toujours, l&rsquo;ar nouveau sign\u00e9 Gaud\u00ed qui d\u00e9core les avenues\u00a0 !<\/li>\n<\/ul>\n<p>Bonne visite \u00e0 tous !<\/p>\n","protected":false},"excerpt":{"rendered":"<p>Dans cet article, je vous pr\u00e9sente le Parc Guell (ou park G\u00fcell), l&rsquo;un des monuments phares de la ville, incontournable quand on passe quelques jours \u00e0 Barcelone ! Vous trouverez notamment : Une pr\u00e9sentation de ce Parc G\u00fcell Ce qu&rsquo;on peut voir \u00e0 l&rsquo;int\u00e9rieur Comment le visiter ? Comment le rejoindre ? Des informations pratiques [&hellip;]<\/p>\n","protected":false},"author":2,"featured_media":753,"parent":0,"menu_order":0,"comment_status":"open","ping_status":"closed","template":"","meta":{"om_disable_all_campaigns":false,"_genesis_hide_title":false,"_genesis_hide_breadcrumbs":false,"_genesis_hide_singular_image":false,"_genesis_hide_footer_widgets":false,"_genesis_custom_body_class":"","_genesis_custom_post_class":"","_genesis_layout":"","footnotes":""},"class_list":{"0":"post-763","1":"page","2":"type-page","3":"status-publish","4":"has-post-thumbnail","6":"entry"},"yoast_head":"<!-- This site is optimized with the Yoast SEO plugin v26.5 - https:\/\/yoast.com\/wordpress\/plugins\/seo\/ -->\n<title>Parc Guell Barcelone : guide complet et informations utiles [2026]<\/title>\n<meta name=\"description\" content=\"Voici le guide complet pour visiter le parc Guell \u00e0 Barcelone. Informations pratiques, comment s&#039;y rendre, quoi y faire, tout y est !\" \/>\n<meta name=\"robots\" content=\"index, follow, max-snippet:-1, max-image-preview:large, max-video-preview:-1\" \/>\n<link rel=\"canonical\" href=\"https:\/\/bonjourbarcelone.fr\/fr\/parc-guell-barcelone\/\" \/>\n<meta property=\"og:locale\" content=\"fr_FR\" \/>\n<meta property=\"og:type\" content=\"article\" \/>\n<meta property=\"og:title\" content=\"Parc Guell Barcelone : guide complet et informations utiles [2026]\" \/>\n<meta property=\"og:description\" content=\"Voici le guide complet pour visiter le parc Guell \u00e0 Barcelone. Informations pratiques, comment s&#039;y rendre, quoi y faire, tout y est !\" \/>\n<meta property=\"og:url\" content=\"https:\/\/bonjourbarcelone.fr\/fr\/parc-guell-barcelone\/\" \/>\n<meta property=\"og:site_name\" content=\"Visiter Barcelone\" \/>\n<meta property=\"article:modified_time\" content=\"2025-12-26T18:32:04+00:00\" \/>\n<meta property=\"og:image\" content=\"https:\/\/bonjourbarcelone.fr\/wp-content\/uploads\/2017\/07\/park-guell-9-e1550160163560.jpg\" \/>\n\t<meta property=\"og:image:width\" content=\"280\" \/>\n\t<meta property=\"og:image:height\" content=\"210\" \/>\n\t<meta property=\"og:image:type\" content=\"image\/jpeg\" \/>\n<meta name=\"twitter:card\" content=\"summary_large_image\" \/>\n<meta name=\"twitter:label1\" content=\"Dur\u00e9e de lecture estim\u00e9e\" \/>\n\t<meta name=\"twitter:data1\" content=\"9 minutes\" \/>\n<script type=\"application\/ld+json\" class=\"yoast-schema-graph\">{\"@context\":\"https:\/\/schema.org\",\"@graph\":[{\"@type\":\"WebPage\",\"@id\":\"https:\/\/bonjourbarcelone.fr\/parc-guell-barcelone\/\",\"url\":\"https:\/\/bonjourbarcelone.fr\/parc-guell-barcelone\/\",\"name\":\"Parc Guell Barcelone : guide complet et informations utiles [2026]\",\"isPartOf\":{\"@id\":\"https:\/\/bonjourbarcelone.fr\/#website\"},\"primaryImageOfPage\":{\"@id\":\"https:\/\/bonjourbarcelone.fr\/parc-guell-barcelone\/#primaryimage\"},\"image\":{\"@id\":\"https:\/\/bonjourbarcelone.fr\/parc-guell-barcelone\/#primaryimage\"},\"thumbnailUrl\":\"https:\/\/bonjourbarcelone.fr\/wp-content\/uploads\/2017\/07\/park-guell-9-e1550160163560.jpg\",\"datePublished\":\"2025-12-14T17:12:46+00:00\",\"dateModified\":\"2025-12-26T18:32:04+00:00\",\"description\":\"Voici le guide complet pour visiter le parc Guell \u00e0 Barcelone. Informations pratiques, comment s'y rendre, quoi y faire, tout y est !\",\"breadcrumb\":{\"@id\":\"https:\/\/bonjourbarcelone.fr\/parc-guell-barcelone\/#breadcrumb\"},\"inLanguage\":\"fr-FR\",\"potentialAction\":[{\"@type\":\"ReadAction\",\"target\":[\"https:\/\/bonjourbarcelone.fr\/parc-guell-barcelone\/\"]}]},{\"@type\":\"ImageObject\",\"inLanguage\":\"fr-FR\",\"@id\":\"https:\/\/bonjourbarcelone.fr\/parc-guell-barcelone\/#primaryimage\",\"url\":\"https:\/\/bonjourbarcelone.fr\/wp-content\/uploads\/2017\/07\/park-guell-9-e1550160163560.jpg\",\"contentUrl\":\"https:\/\/bonjourbarcelone.fr\/wp-content\/uploads\/2017\/07\/park-guell-9-e1550160163560.jpg\",\"width\":280,\"height\":210},{\"@type\":\"BreadcrumbList\",\"@id\":\"https:\/\/bonjourbarcelone.fr\/parc-guell-barcelone\/#breadcrumb\",\"itemListElement\":[{\"@type\":\"ListItem\",\"position\":1,\"name\":\"Accueil\",\"item\":\"https:\/\/bonjourbarcelone.fr\/\"},{\"@type\":\"ListItem\",\"position\":2,\"name\":\"Parc Guell Barcelone : guide complet et informations utiles [2026]\"}]},{\"@type\":\"WebSite\",\"@id\":\"https:\/\/bonjourbarcelone.fr\/#website\",\"url\":\"https:\/\/bonjourbarcelone.fr\/\",\"name\":\"Visiter Barcelone\",\"description\":\"Tout pour passer un s\u00e9jour inoubliable en 2026 !\",\"potentialAction\":[{\"@type\":\"SearchAction\",\"target\":{\"@type\":\"EntryPoint\",\"urlTemplate\":\"https:\/\/bonjourbarcelone.fr\/?s={search_term_string}\"},\"query-input\":{\"@type\":\"PropertyValueSpecification\",\"valueRequired\":true,\"valueName\":\"search_term_string\"}}],\"inLanguage\":\"fr-FR\"}]}<\/script>\n<!-- \/ Yoast SEO plugin. -->","yoast_head_json":{"title":"Parc Guell Barcelone : guide complet et informations utiles [2026]","description":"Voici le guide complet pour visiter le parc Guell \u00e0 Barcelone. Informations pratiques, comment s'y rendre, quoi y faire, tout y est !","robots":{"index":"index","follow":"follow","max-snippet":"max-snippet:-1","max-image-preview":"max-image-preview:large","max-video-preview":"max-video-preview:-1"},"canonical":"https:\/\/bonjourbarcelone.fr\/fr\/parc-guell-barcelone\/","og_locale":"fr_FR","og_type":"article","og_title":"Parc Guell Barcelone : guide complet et informations utiles [2026]","og_description":"Voici le guide complet pour visiter le parc Guell \u00e0 Barcelone. Informations pratiques, comment s'y rendre, quoi y faire, tout y est !","og_url":"https:\/\/bonjourbarcelone.fr\/fr\/parc-guell-barcelone\/","og_site_name":"Visiter Barcelone","article_modified_time":"2025-12-26T18:32:04+00:00","og_image":[{"width":280,"height":210,"url":"https:\/\/bonjourbarcelone.fr\/wp-content\/uploads\/2017\/07\/park-guell-9-e1550160163560.jpg","type":"image\/jpeg"}],"twitter_card":"summary_large_image","twitter_misc":{"Dur\u00e9e de lecture estim\u00e9e":"9 minutes"},"schema":{"@context":"https:\/\/schema.org","@graph":[{"@type":"WebPage","@id":"https:\/\/bonjourbarcelone.fr\/parc-guell-barcelone\/","url":"https:\/\/bonjourbarcelone.fr\/parc-guell-barcelone\/","name":"Parc Guell Barcelone : guide complet et informations utiles [2026]","isPartOf":{"@id":"https:\/\/bonjourbarcelone.fr\/#website"},"primaryImageOfPage":{"@id":"https:\/\/bonjourbarcelone.fr\/parc-guell-barcelone\/#primaryimage"},"image":{"@id":"https:\/\/bonjourbarcelone.fr\/parc-guell-barcelone\/#primaryimage"},"thumbnailUrl":"https:\/\/bonjourbarcelone.fr\/wp-content\/uploads\/2017\/07\/park-guell-9-e1550160163560.jpg","datePublished":"2025-12-14T17:12:46+00:00","dateModified":"2025-12-26T18:32:04+00:00","description":"Voici le guide complet pour visiter le parc Guell \u00e0 Barcelone. Informations pratiques, comment s'y rendre, quoi y faire, tout y est !","breadcrumb":{"@id":"https:\/\/bonjourbarcelone.fr\/parc-guell-barcelone\/#breadcrumb"},"inLanguage":"fr-FR","potentialAction":[{"@type":"ReadAction","target":["https:\/\/bonjourbarcelone.fr\/parc-guell-barcelone\/"]}]},{"@type":"ImageObject","inLanguage":"fr-FR","@id":"https:\/\/bonjourbarcelone.fr\/parc-guell-barcelone\/#primaryimage","url":"https:\/\/bonjourbarcelone.fr\/wp-content\/uploads\/2017\/07\/park-guell-9-e1550160163560.jpg","contentUrl":"https:\/\/bonjourbarcelone.fr\/wp-content\/uploads\/2017\/07\/park-guell-9-e1550160163560.jpg","width":280,"height":210},{"@type":"BreadcrumbList","@id":"https:\/\/bonjourbarcelone.fr\/parc-guell-barcelone\/#breadcrumb","itemListElement":[{"@type":"ListItem","position":1,"name":"Accueil","item":"https:\/\/bonjourbarcelone.fr\/"},{"@type":"ListItem","position":2,"name":"Parc Guell Barcelone : guide complet et informations utiles [2026]"}]},{"@type":"WebSite","@id":"https:\/\/bonjourbarcelone.fr\/#website","url":"https:\/\/bonjourbarcelone.fr\/","name":"Visiter Barcelone","description":"Tout pour passer un s\u00e9jour inoubliable en 2026 !","potentialAction":[{"@type":"SearchAction","target":{"@type":"EntryPoint","urlTemplate":"https:\/\/bonjourbarcelone.fr\/?s={search_term_string}"},"query-input":{"@type":"PropertyValueSpecification","valueRequired":true,"valueName":"search_term_string"}}],"inLanguage":"fr-FR"}]}},"_links":{"self":[{"href":"https:\/\/bonjourbarcelone.fr\/fr\/wp-json\/wp\/v2\/pages\/763","targetHints":{"allow":["GET"]}}],"collection":[{"href":"https:\/\/bonjourbarcelone.fr\/fr\/wp-json\/wp\/v2\/pages"}],"about":[{"href":"https:\/\/bonjourbarcelone.fr\/fr\/wp-json\/wp\/v2\/types\/page"}],"author":[{"embeddable":true,"href":"https:\/\/bonjourbarcelone.fr\/fr\/wp-json\/wp\/v2\/users\/2"}],"replies":[{"embeddable":true,"href":"https:\/\/bonjourbarcelone.fr\/fr\/wp-json\/wp\/v2\/comments?post=763"}],"version-history":[{"count":4,"href":"https:\/\/bonjourbarcelone.fr\/fr\/wp-json\/wp\/v2\/pages\/763\/revisions"}],"predecessor-version":[{"id":4123,"href":"https:\/\/bonjourbarcelone.fr\/fr\/wp-json\/wp\/v2\/pages\/763\/revisions\/4123"}],"wp:featuredmedia":[{"embeddable":true,"href":"https:\/\/bonjourbarcelone.fr\/fr\/wp-json\/wp\/v2\/media\/753"}],"wp:attachment":[{"href":"https:\/\/bonjourbarcelone.fr\/fr\/wp-json\/wp\/v2\/media?parent=763"}],"curies":[{"name":"wp","href":"https:\/\/api.w.org\/{rel}","templated":true}]}}