{"id":983,"date":"2017-09-07T11:22:35","date_gmt":"2017-09-07T11:22:35","guid":{"rendered":"http:\/\/thibaut.wpengine.com\/?page_id=983"},"modified":"2018-01-12T18:12:27","modified_gmt":"2018-01-12T18:12:27","slug":"mentions-legales","status":"publish","type":"page","link":"https:\/\/bonjourbarcelone.fr\/fr\/mentions-legales\/","title":{"rendered":"Mentions l\u00e9gales"},"content":{"rendered":"<p>Les pr\u00e9sentes conditions g\u00e9n\u00e9rales fixent les modalit\u00e9s d\u2019utilisation du service web http:\/\/thibaut.wpengine.com.<br \/>\nL\u2019utilisateur reconnait avoir pris connaissance de ce document et accept\u00e9 l\u2019ensemble de ces informations, que cet usage soit fait \u00e0 titre personnel ou professionnel. Si cet usage est fait \u00e0 titre professionnel, l\u2019utilisateur garantit d\u00e9tenir les pouvoirs n\u00e9cessaires pour accepter ces conditions g\u00e9n\u00e9rales au sein de son organisation.<\/p>\n<p><strong>\u00c9diteur du site<\/strong><br \/>\nCe site est \u00e9dit\u00e9 par Thibaut Pakiry.<br \/>\nEntreprise associ\u00e9e: Thibaut Pakiry Unipessoal Lda.<br \/>\nTax. reg.: 513 876 707<\/p>\n<p><strong>H\u00e9bergement<\/strong><br \/>\nCe site est h\u00e9berg\u00e9 par la soci\u00e9t\u00e9 Rainmaker digital, LLC :<\/p>\n<p><strong>Responsabilit\u00e9<\/strong><br \/>\nL\u2019\u00e9diteur du site met \u00e0 disposition un large contenu d\u2019informations gratuit. Il s\u2019assure en permanence de mettre les moyens \u00e0 sa disposition pour s\u2019assurer de la qualit\u00e9 de ces contenus. Toutefois, il advient \u00e0 l\u2019utilisateur de s\u2019assurer de la pertinence de ces informations au regard de sa situation. L\u2019utilisateur s\u2019engage donc \u00e0 utiliser ces informations sous son enti\u00e8re responsabilit\u00e9 et d\u00e9gage l\u2019\u00e9diteur de toute responsabilit\u00e9 \u00e0 cet \u00e9gard.<\/p>\n<p><strong>Propri\u00e9t\u00e9 intellectuelle<\/strong><br \/>\nLa structure g\u00e9n\u00e9rale ainsi que les textes, images et vid\u00e9os, son savoir-faire et tous les autres \u00e9l\u00e9ments composant le site sont la propri\u00e9t\u00e9 exclusive de l\u2019\u00e9diteur du site, sauf mention contraire.<\/p>\n<p>Toute repr\u00e9sentation totale ou partielle de ce site par quelle que personne que ce soit, sans l\u2019autorisation expresse de l\u2019\u00e9diteur est interdite et constituerait une contrefa\u00e7on sanctionn\u00e9e par les articles L. 335-2 et suivants du Code de la propri\u00e9t\u00e9 intellectuelle. Cela dit, conform\u00e9ment \u00e0 l\u2019article L. 122-5 du Code de la propri\u00e9t\u00e9 intellectuelle, les courtes citations du contenu sont autoris\u00e9es, sous r\u00e9serve que soient indiqu\u00e9s clairement le nom de l\u2019auteur et de la source, par un lien vers une des pages de ce site web.<\/p>\n<p><strong>Responsabilit\u00e9 dans l\u2019utilisation du service<\/strong><br \/>\nL\u2019utilisateur s\u2019engage \u00e0 ne pas perturber le fonctionnement du service offert sur http:\/\/thibaut.wpengine.com de quelque mani\u00e8re que ce soit.<br \/>\nEn particulier, l\u2019utilisateur s\u2019engage \u00e0 s\u2019abstenir de poster des messages illicites, diffamants ou insultants sur tout ou partie du site.<\/p>\n<p>Les commentaires d\u00e9pos\u00e9s par les internautes refl\u00e8tent exclusivement l\u2019avis de leurs auteurs et demeurent sous leur responsabilit\u00e9. En \u00e9crivant des commentaires sur le site, l\u2019internaute accepte de se soumettre aux lois fran\u00e7aises et internationales.<\/p>\n<p>Les administrateurs du site se r\u00e9servent le droit de mod\u00e9rer, modifier ou supprimer tout commentaire qu\u2019ils jugeraient contraire \u00e0 ces lois.<\/p>\n<p><strong>Cookies<\/strong><br \/>\nL\u2019utilisateur est inform\u00e9 que des cookies peuvent s\u2019installer sur son navigateur. Dans tous les cas l\u2019utilisateur peut librement effacer ses cookies de son navigateur.<\/p>\n<p><strong>Affiliation\/partenariat<\/strong><br \/>\nPar ce blog, je cherche avant tout \u00e0 vous apporter le maximum de valeur, de fa\u00e7on gratuite. Pour ce faire, j\u2019ai une relation d\u2019affili\u00e9\/partenariat avec certains fournisseurs de biens et de services dont je parle dans ce blog. Je peux donc recevoir une compensation quand vous achetez un bien ou un service \u00e0 ces fournisseurs, sans que cela augmente le prix final que vous allez payer. Ces commissions me permettent de vous offrir toujours plus de contenu gratuitement, donc merci si vous passez par mes liens\/partenaires ! Sachez que par int\u00e9grit\u00e9 intellectuelle et professionnelle, je ne recommanderai jamais un produit que je n\u2019estime pas sinc\u00e8rement \u00eatre de qualit\u00e9.<\/p>\n<p><strong>Propri\u00e9t\u00e9<\/strong><br \/>\nCe site est la propri\u00e9t\u00e9 exclusive de Thibaut Pakiry.<\/p>\n","protected":false},"excerpt":{"rendered":"<p>Les pr\u00e9sentes conditions g\u00e9n\u00e9rales fixent les modalit\u00e9s d\u2019utilisation du service web http:\/\/thibaut.wpengine.com. L\u2019utilisateur reconnait avoir pris connaissance de ce document et accept\u00e9 l\u2019ensemble de ces informations, que cet usage soit fait \u00e0 titre personnel ou professionnel. Si cet usage est fait \u00e0 titre professionnel, l\u2019utilisateur garantit d\u00e9tenir les pouvoirs n\u00e9cessaires pour accepter ces conditions g\u00e9n\u00e9rales [&hellip;]<\/p>\n","protected":false},"author":2,"featured_media":0,"parent":0,"menu_order":0,"comment_status":"closed","ping_status":"closed","template":"","meta":{"om_disable_all_campaigns":false,"_genesis_hide_title":false,"_genesis_hide_breadcrumbs":false,"_genesis_hide_singular_image":false,"_genesis_hide_footer_widgets":false,"_genesis_custom_body_class":"","_genesis_custom_post_class":"","_genesis_layout":"","footnotes":""},"class_list":{"0":"post-983","1":"page","2":"type-page","3":"status-publish","5":"entry"},"yoast_head":"<!-- This site is optimized with the Yoast SEO plugin v26.5 - https:\/\/yoast.com\/wordpress\/plugins\/seo\/ -->\n<title>Mentions l\u00e9gales<\/title>\n<meta name=\"robots\" content=\"noindex, nofollow\" \/>\n<meta property=\"og:locale\" content=\"fr_FR\" \/>\n<meta property=\"og:type\" content=\"article\" \/>\n<meta property=\"og:title\" content=\"Mentions l\u00e9gales\" \/>\n<meta property=\"og:description\" content=\"Les pr\u00e9sentes conditions g\u00e9n\u00e9rales fixent les modalit\u00e9s d\u2019utilisation du service web http:\/\/thibaut.wpengine.com. L\u2019utilisateur reconnait avoir pris connaissance de ce document et accept\u00e9 l\u2019ensemble de ces informations, que cet usage soit fait \u00e0 titre personnel ou professionnel. Si cet usage est fait \u00e0 titre professionnel, l\u2019utilisateur garantit d\u00e9tenir les pouvoirs n\u00e9cessaires pour accepter ces conditions g\u00e9n\u00e9rales [&hellip;]\" \/>\n<meta property=\"og:url\" content=\"https:\/\/bonjourbarcelone.fr\/fr\/mentions-legales\/\" \/>\n<meta property=\"og:site_name\" content=\"Visiter Barcelone\" \/>\n<meta property=\"article:modified_time\" content=\"2018-01-12T18:12:27+00:00\" \/>\n<meta name=\"twitter:card\" content=\"summary_large_image\" \/>\n<meta name=\"twitter:label1\" content=\"Dur\u00e9e de lecture estim\u00e9e\" \/>\n\t<meta name=\"twitter:data1\" content=\"3 minutes\" \/>\n<script type=\"application\/ld+json\" class=\"yoast-schema-graph\">{\"@context\":\"https:\/\/schema.org\",\"@graph\":[{\"@type\":\"WebPage\",\"@id\":\"https:\/\/bonjourbarcelone.fr\/mentions-legales\/\",\"url\":\"https:\/\/bonjourbarcelone.fr\/mentions-legales\/\",\"name\":\"Mentions l\u00e9gales\",\"isPartOf\":{\"@id\":\"https:\/\/bonjourbarcelone.fr\/#website\"},\"datePublished\":\"2017-09-07T11:22:35+00:00\",\"dateModified\":\"2018-01-12T18:12:27+00:00\",\"breadcrumb\":{\"@id\":\"https:\/\/bonjourbarcelone.fr\/mentions-legales\/#breadcrumb\"},\"inLanguage\":\"fr-FR\",\"potentialAction\":[{\"@type\":\"ReadAction\",\"target\":[\"https:\/\/bonjourbarcelone.fr\/mentions-legales\/\"]}]},{\"@type\":\"BreadcrumbList\",\"@id\":\"https:\/\/bonjourbarcelone.fr\/mentions-legales\/#breadcrumb\",\"itemListElement\":[{\"@type\":\"ListItem\",\"position\":1,\"name\":\"Accueil\",\"item\":\"https:\/\/bonjourbarcelone.fr\/\"},{\"@type\":\"ListItem\",\"position\":2,\"name\":\"Mentions l\u00e9gales\"}]},{\"@type\":\"WebSite\",\"@id\":\"https:\/\/bonjourbarcelone.fr\/#website\",\"url\":\"https:\/\/bonjourbarcelone.fr\/\",\"name\":\"Visiter Barcelone\",\"description\":\"Tout pour passer un s\u00e9jour inoubliable en 2026 !\",\"potentialAction\":[{\"@type\":\"SearchAction\",\"target\":{\"@type\":\"EntryPoint\",\"urlTemplate\":\"https:\/\/bonjourbarcelone.fr\/?s={search_term_string}\"},\"query-input\":{\"@type\":\"PropertyValueSpecification\",\"valueRequired\":true,\"valueName\":\"search_term_string\"}}],\"inLanguage\":\"fr-FR\"}]}<\/script>\n<!-- \/ Yoast SEO plugin. -->","yoast_head_json":{"title":"Mentions l\u00e9gales","robots":{"index":"noindex","follow":"nofollow"},"og_locale":"fr_FR","og_type":"article","og_title":"Mentions l\u00e9gales","og_description":"Les pr\u00e9sentes conditions g\u00e9n\u00e9rales fixent les modalit\u00e9s d\u2019utilisation du service web http:\/\/thibaut.wpengine.com. L\u2019utilisateur reconnait avoir pris connaissance de ce document et accept\u00e9 l\u2019ensemble de ces informations, que cet usage soit fait \u00e0 titre personnel ou professionnel. Si cet usage est fait \u00e0 titre professionnel, l\u2019utilisateur garantit d\u00e9tenir les pouvoirs n\u00e9cessaires pour accepter ces conditions g\u00e9n\u00e9rales [&hellip;]","og_url":"https:\/\/bonjourbarcelone.fr\/fr\/mentions-legales\/","og_site_name":"Visiter Barcelone","article_modified_time":"2018-01-12T18:12:27+00:00","twitter_card":"summary_large_image","twitter_misc":{"Dur\u00e9e de lecture estim\u00e9e":"3 minutes"},"schema":{"@context":"https:\/\/schema.org","@graph":[{"@type":"WebPage","@id":"https:\/\/bonjourbarcelone.fr\/mentions-legales\/","url":"https:\/\/bonjourbarcelone.fr\/mentions-legales\/","name":"Mentions l\u00e9gales","isPartOf":{"@id":"https:\/\/bonjourbarcelone.fr\/#website"},"datePublished":"2017-09-07T11:22:35+00:00","dateModified":"2018-01-12T18:12:27+00:00","breadcrumb":{"@id":"https:\/\/bonjourbarcelone.fr\/mentions-legales\/#breadcrumb"},"inLanguage":"fr-FR","potentialAction":[{"@type":"ReadAction","target":["https:\/\/bonjourbarcelone.fr\/mentions-legales\/"]}]},{"@type":"BreadcrumbList","@id":"https:\/\/bonjourbarcelone.fr\/mentions-legales\/#breadcrumb","itemListElement":[{"@type":"ListItem","position":1,"name":"Accueil","item":"https:\/\/bonjourbarcelone.fr\/"},{"@type":"ListItem","position":2,"name":"Mentions l\u00e9gales"}]},{"@type":"WebSite","@id":"https:\/\/bonjourbarcelone.fr\/#website","url":"https:\/\/bonjourbarcelone.fr\/","name":"Visiter Barcelone","description":"Tout pour passer un s\u00e9jour inoubliable en 2026 !","potentialAction":[{"@type":"SearchAction","target":{"@type":"EntryPoint","urlTemplate":"https:\/\/bonjourbarcelone.fr\/?s={search_term_string}"},"query-input":{"@type":"PropertyValueSpecification","valueRequired":true,"valueName":"search_term_string"}}],"inLanguage":"fr-FR"}]}},"_links":{"self":[{"href":"https:\/\/bonjourbarcelone.fr\/fr\/wp-json\/wp\/v2\/pages\/983","targetHints":{"allow":["GET"]}}],"collection":[{"href":"https:\/\/bonjourbarcelone.fr\/fr\/wp-json\/wp\/v2\/pages"}],"about":[{"href":"https:\/\/bonjourbarcelone.fr\/fr\/wp-json\/wp\/v2\/types\/page"}],"author":[{"embeddable":true,"href":"https:\/\/bonjourbarcelone.fr\/fr\/wp-json\/wp\/v2\/users\/2"}],"replies":[{"embeddable":true,"href":"https:\/\/bonjourbarcelone.fr\/fr\/wp-json\/wp\/v2\/comments?post=983"}],"version-history":[{"count":0,"href":"https:\/\/bonjourbarcelone.fr\/fr\/wp-json\/wp\/v2\/pages\/983\/revisions"}],"wp:attachment":[{"href":"https:\/\/bonjourbarcelone.fr\/fr\/wp-json\/wp\/v2\/media?parent=983"}],"curies":[{"name":"wp","href":"https:\/\/api.w.org\/{rel}","templated":true}]}}