{"id":1074,"date":"2018-01-12T18:11:50","date_gmt":"2018-01-12T18:11:50","guid":{"rendered":"http:\/\/thibaut.wpengine.com\/?page_id=1074"},"modified":"2018-01-12T18:13:01","modified_gmt":"2018-01-12T18:13:01","slug":"cgv","status":"publish","type":"page","link":"https:\/\/bonjourbarcelone.fr\/it\/cgv\/","title":{"rendered":"Condizioni generali di vendita e di utilizzo"},"content":{"rendered":"<p>1. Visitando questo blog (bonjourbarcelone.fr), l'utente si impegna a leggere, comprendere e accettare le condizioni generali di utilizzo di questo blog.<\/p>\n<p>&nbsp;<\/p>\n<p>2. I servizi e i consigli offerti da questo blog sono rivolti a tutti. Nel caso in cui le informazioni e i consigli forniti da questo blog vengano utilizzati a fini commerciali, l'utente dovr\u00e0 automaticamente all'autore un compenso pari al 75% dei ricavi generati dall'utilizzo dei consigli e delle informazioni dell'autore. Qualsiasi utilizzo, riproduzione, rivendita o semplice comunicazione, scritta o orale, dei prodotti, dei servizi e dei contenuti offerti da questo blog \u00e8 formalmente vietata senza il consenso scritto di questo blog e del suo rappresentante e sar\u00e0 sistematicamente perseguita.<\/p>\n<p>&nbsp;<\/p>\n<p>3. Il contenuto di questo blog \u00e8 offerto come mezzo per condividere informazioni, pensieri e consigli.<\/p>\n<p>&nbsp;<\/p>\n<p>4. L'utente comprende e accetta che le informazioni e i consigli offerti da questo blog non devono essere utilizzati per scopi illegali. L'utente \u00e8 consapevole e accetta di essere l'unico responsabile delle proprie azioni e delle loro conseguenze. Questo blog, il suo rappresentante e i suoi partner non possono essere ritenuti responsabili in caso di uso inappropriato delle sue informazioni e dei suoi consigli, n\u00e9 pi\u00f9 in generale per qualsiasi conseguenza diretta o indiretta delle vostre azioni. Questo blog, il suo rappresentante e i suoi partner non garantiscono alcun risultato in seguito all'applicazione dei consigli forniti.<\/p>\n<p>&nbsp;<\/p>\n<p>6. bonjourbarcelone.fr non pu\u00f2 essere ritenuto responsabile di errori nei contenuti, di virus o di qualsiasi altro elemento che possa compromettere l'integrit\u00e0 del vostro computer, n\u00e9 delle possibili conseguenze di una violazione della sicurezza del suo sistema di pagamento Paypal\u2122. L'utente \u00e8 il solo ad assumersi i rischi associati all'uso di questo blog e di tutti i siti i cui link compaiono su questo blog.<\/p>\n<p>&nbsp;<\/p>\n<p>7. L'utente comprende e approva che, quando invia a questo blog una testimonianza scritta o orale su uno dei suoi prodotti o servizi, questa diventi di propriet\u00e0 del blog, il che implica il trasferimento del diritto di riproduzione, redazione e pubblicazione. A meno che l'utente non richieda diversamente per iscritto, questa pubblicazione potr\u00e0 menzionare il suo nome di battesimo, la sua professione e il suo luogo di residenza.<\/p>\n<p>&nbsp;<\/p>\n<p>8. Alcune parti del blog sono private e il team di moderazione si riserva il diritto di accesso. L'accesso a queste aree pu\u00f2 quindi essere rifiutato senza preavviso o giustificazione.<\/p>\n<p>9. N\u00e9 questo blog, n\u00e9 il suo autore o societ\u00e0 associata, \u00e8 responsabile di eventi che possono verificarsi in determinati luoghi, con determinati servizi o con determinate persone raccomandate in questo blog.<\/p>\n<p>10. I servizi offerti su questo blog non sono soggetti ad alcun obbligo di risultato, n\u00e9 lo sono quelli dei partner e delle aziende raccomandate.<\/p>\n<p>&nbsp;<\/p>\n<p>11. L'utente comprende e accetta che, in caso di disaccordo, i termini delle presenti Condizioni generali di vendita e utilizzo prevarranno su qualsiasi comunicazione orale o scritta tra l'utente e uno dei rappresentanti o partner di questo blog.<\/p>\n<p>&nbsp;<\/p>\n<p>12. Iscrivendovi alla newsletter, accettate di ricevere articoli, video, offerte commerciali, podcast e altri consigli per aiutarvi a sfruttare al meglio il vostro viaggio a Barcellona.<\/p>","protected":false},"excerpt":{"rendered":"<p>1. En visitant ce blog (bonjourbarcelone.fr), vous vous engagez \u00e0 avoir lu, compris et accept\u00e9 les conditions g\u00e9n\u00e9rales d&rsquo;utilisation de ce blog. &nbsp; 2. Les services et les conseils propos\u00e9s par ce blog s&rsquo;adressent \u00e0 tout le monde. En cas d&rsquo;utilisation des informations et conseils prodigu\u00e9s sur ce blog \u00e0 des fins commerciales, vous serez [&hellip;]<\/p>","protected":false},"author":2,"featured_media":0,"parent":0,"menu_order":0,"comment_status":"closed","ping_status":"closed","template":"","meta":{"om_disable_all_campaigns":false,"_genesis_hide_title":false,"_genesis_hide_breadcrumbs":false,"_genesis_hide_singular_image":false,"_genesis_hide_footer_widgets":false,"_genesis_custom_body_class":"","_genesis_custom_post_class":"","_genesis_layout":"","footnotes":""},"class_list":{"0":"post-1074","1":"page","2":"type-page","3":"status-publish","5":"entry"},"yoast_head":"<!-- This site is optimized with the Yoast SEO plugin v26.5 - https:\/\/yoast.com\/wordpress\/plugins\/seo\/ -->\n<title>Conditions g\u00e9n\u00e9rales de vente et d\u2019utilisation<\/title>\n<meta name=\"robots\" content=\"noindex, nofollow\" \/>\n<meta property=\"og:locale\" content=\"it_IT\" \/>\n<meta property=\"og:type\" content=\"article\" \/>\n<meta property=\"og:title\" content=\"Conditions g\u00e9n\u00e9rales de vente et d\u2019utilisation\" \/>\n<meta property=\"og:description\" content=\"1. En visitant ce blog (bonjourbarcelone.fr), vous vous engagez \u00e0 avoir lu, compris et accept\u00e9 les conditions g\u00e9n\u00e9rales d&rsquo;utilisation de ce blog. &nbsp; 2. Les services et les conseils propos\u00e9s par ce blog s&rsquo;adressent \u00e0 tout le monde. En cas d&rsquo;utilisation des informations et conseils prodigu\u00e9s sur ce blog \u00e0 des fins commerciales, vous serez [&hellip;]\" \/>\n<meta property=\"og:url\" content=\"https:\/\/bonjourbarcelone.fr\/it\/cgv\/\" \/>\n<meta property=\"og:site_name\" content=\"Visiter Barcelone\" \/>\n<meta property=\"article:modified_time\" content=\"2018-01-12T18:13:01+00:00\" \/>\n<meta name=\"twitter:card\" content=\"summary_large_image\" \/>\n<meta name=\"twitter:label1\" content=\"Tempo di lettura stimato\" \/>\n\t<meta name=\"twitter:data1\" content=\"3 minuti\" \/>\n<script type=\"application\/ld+json\" class=\"yoast-schema-graph\">{\"@context\":\"https:\/\/schema.org\",\"@graph\":[{\"@type\":\"WebPage\",\"@id\":\"https:\/\/bonjourbarcelone.fr\/cgv\/\",\"url\":\"https:\/\/bonjourbarcelone.fr\/cgv\/\",\"name\":\"Conditions g\u00e9n\u00e9rales de vente et d\u2019utilisation\",\"isPartOf\":{\"@id\":\"https:\/\/bonjourbarcelone.fr\/#website\"},\"datePublished\":\"2018-01-12T18:11:50+00:00\",\"dateModified\":\"2018-01-12T18:13:01+00:00\",\"breadcrumb\":{\"@id\":\"https:\/\/bonjourbarcelone.fr\/cgv\/#breadcrumb\"},\"inLanguage\":\"it-IT\",\"potentialAction\":[{\"@type\":\"ReadAction\",\"target\":[\"https:\/\/bonjourbarcelone.fr\/cgv\/\"]}]},{\"@type\":\"BreadcrumbList\",\"@id\":\"https:\/\/bonjourbarcelone.fr\/cgv\/#breadcrumb\",\"itemListElement\":[{\"@type\":\"ListItem\",\"position\":1,\"name\":\"Accueil\",\"item\":\"https:\/\/bonjourbarcelone.fr\/\"},{\"@type\":\"ListItem\",\"position\":2,\"name\":\"Conditions g\u00e9n\u00e9rales de vente et d\u2019utilisation\"}]},{\"@type\":\"WebSite\",\"@id\":\"https:\/\/bonjourbarcelone.fr\/#website\",\"url\":\"https:\/\/bonjourbarcelone.fr\/\",\"name\":\"Visiter Barcelone\",\"description\":\"Tout pour passer un s\u00e9jour inoubliable en 2026 !\",\"potentialAction\":[{\"@type\":\"SearchAction\",\"target\":{\"@type\":\"EntryPoint\",\"urlTemplate\":\"https:\/\/bonjourbarcelone.fr\/?s={search_term_string}\"},\"query-input\":{\"@type\":\"PropertyValueSpecification\",\"valueRequired\":true,\"valueName\":\"search_term_string\"}}],\"inLanguage\":\"it-IT\"}]}<\/script>\n<!-- \/ Yoast SEO plugin. -->","yoast_head_json":{"title":"Condizioni generali di vendita e di utilizzo","robots":{"index":"noindex","follow":"nofollow"},"og_locale":"it_IT","og_type":"article","og_title":"Conditions g\u00e9n\u00e9rales de vente et d\u2019utilisation","og_description":"1. En visitant ce blog (bonjourbarcelone.fr), vous vous engagez \u00e0 avoir lu, compris et accept\u00e9 les conditions g\u00e9n\u00e9rales d&rsquo;utilisation de ce blog. &nbsp; 2. Les services et les conseils propos\u00e9s par ce blog s&rsquo;adressent \u00e0 tout le monde. En cas d&rsquo;utilisation des informations et conseils prodigu\u00e9s sur ce blog \u00e0 des fins commerciales, vous serez [&hellip;]","og_url":"https:\/\/bonjourbarcelone.fr\/it\/cgv\/","og_site_name":"Visiter Barcelone","article_modified_time":"2018-01-12T18:13:01+00:00","twitter_card":"summary_large_image","twitter_misc":{"Tempo di lettura stimato":"3 minuti"},"schema":{"@context":"https:\/\/schema.org","@graph":[{"@type":"WebPage","@id":"https:\/\/bonjourbarcelone.fr\/cgv\/","url":"https:\/\/bonjourbarcelone.fr\/cgv\/","name":"Condizioni generali di vendita e di utilizzo","isPartOf":{"@id":"https:\/\/bonjourbarcelone.fr\/#website"},"datePublished":"2018-01-12T18:11:50+00:00","dateModified":"2018-01-12T18:13:01+00:00","breadcrumb":{"@id":"https:\/\/bonjourbarcelone.fr\/cgv\/#breadcrumb"},"inLanguage":"it-IT","potentialAction":[{"@type":"ReadAction","target":["https:\/\/bonjourbarcelone.fr\/cgv\/"]}]},{"@type":"BreadcrumbList","@id":"https:\/\/bonjourbarcelone.fr\/cgv\/#breadcrumb","itemListElement":[{"@type":"ListItem","position":1,"name":"Accueil","item":"https:\/\/bonjourbarcelone.fr\/"},{"@type":"ListItem","position":2,"name":"Conditions g\u00e9n\u00e9rales de vente et d\u2019utilisation"}]},{"@type":"WebSite","@id":"https:\/\/bonjourbarcelone.fr\/#website","url":"https:\/\/bonjourbarcelone.fr\/","name":"Visitare Barcellona","description":"Tout pour passer un s\u00e9jour inoubliable en 2026 !","potentialAction":[{"@type":"SearchAction","target":{"@type":"EntryPoint","urlTemplate":"https:\/\/bonjourbarcelone.fr\/?s={search_term_string}"},"query-input":{"@type":"PropertyValueSpecification","valueRequired":true,"valueName":"search_term_string"}}],"inLanguage":"it-IT"}]}},"_links":{"self":[{"href":"https:\/\/bonjourbarcelone.fr\/it\/wp-json\/wp\/v2\/pages\/1074","targetHints":{"allow":["GET"]}}],"collection":[{"href":"https:\/\/bonjourbarcelone.fr\/it\/wp-json\/wp\/v2\/pages"}],"about":[{"href":"https:\/\/bonjourbarcelone.fr\/it\/wp-json\/wp\/v2\/types\/page"}],"author":[{"embeddable":true,"href":"https:\/\/bonjourbarcelone.fr\/it\/wp-json\/wp\/v2\/users\/2"}],"replies":[{"embeddable":true,"href":"https:\/\/bonjourbarcelone.fr\/it\/wp-json\/wp\/v2\/comments?post=1074"}],"version-history":[{"count":0,"href":"https:\/\/bonjourbarcelone.fr\/it\/wp-json\/wp\/v2\/pages\/1074\/revisions"}],"wp:attachment":[{"href":"https:\/\/bonjourbarcelone.fr\/it\/wp-json\/wp\/v2\/media?parent=1074"}],"curies":[{"name":"wp","href":"https:\/\/api.w.org\/{rel}","templated":true}]}}