{"id":1385,"date":"2019-02-24T19:06:16","date_gmt":"2019-02-24T19:06:16","guid":{"rendered":"https:\/\/bonjourbarcelone.fr\/?page_id=1385"},"modified":"2019-08-15T09:05:40","modified_gmt":"2019-08-15T09:05:40","slug":"tutti-gli-articoli-di-bonjourbarcelone-it","status":"publish","type":"page","link":"https:\/\/bonjourbarcelone.fr\/it\/tutti-gli-articoli-di-bonjourbarcelone-it\/","title":{"rendered":"Tutti gli articoli di Bonjourbarcelone.fr"},"content":{"rendered":"<p><a href=\"https:\/\/bonjourbarcelone.fr\/it\/visita-guidata-di-barcellona\/\">Prenotate una visita con noi e rendete il vostro soggiorno indimenticabile<\/a><\/p>\n<h2>Articoli essenziali:<\/h2>\n<p><a href=\"https:\/\/bonjourbarcelone.fr\/it\/aeroporto-di-barcellona\/\">Aeroporto di Barcellona: come raggiungere rapidamente il centro<\/a><br \/>\n<a href=\"https:\/\/bonjourbarcelone.fr\/it\/hotel-barcellona-centro\/\">Dove dormire a Barcellona<\/a><br \/>\n<a href=\"https:\/\/bonjourbarcelone.fr\/it\/cosa-fare-a-barcellona\/\">Cosa fare a Barcellona<\/a><br \/>\n<a href=\"https:\/\/bonjourbarcelone.fr\/it\/ristorante-barcellona\/\">Dove mangiare a Barcellona<\/a><\/p>\n<h2>Monumenti:<\/h2>\n<p><a href=\"https:\/\/bonjourbarcelone.fr\/it\/biglietti-interni-sagrada-familia\/\">Sagrada Familia<\/a><br \/>\n<a href=\"https:\/\/bonjourbarcelone.fr\/it\/museo-picasso-barcellona\/\">Museo Picasso<\/a><br \/>\n<a href=\"https:\/\/bonjourbarcelone.fr\/it\/palazzo-della-musica-catalana\/\">Palazzo della Musica Catalana<\/a><br \/>\n<a href=\"https:\/\/bonjourbarcelone.fr\/it\/cattedrale-di-santa-croce-barcellona\/\">Cattedrale di Santa Croce<\/a><br \/>\n<a href=\"https:\/\/bonjourbarcelone.fr\/it\/casa-batllo-barcellona\/\">Casa Batllo<\/a><br \/>\n<a href=\"https:\/\/bonjourbarcelone.fr\/it\/casa-mila-barcellona-pedrera\/\">Casa Mila\/Pedrera<\/a><br \/>\n<a href=\"https:\/\/bonjourbarcelone.fr\/it\/fondazione-miro-barcellona\/\">Fondazione Miro<\/a><\/p>\n<h2>Altri articoli:<\/h2>\n<p><a href=\"https:\/\/bonjourbarcelone.fr\/it\/parco-montjuic-barcellona\/\">Parco di Montjuic<\/a><br \/>\n<a href=\"https:\/\/bonjourbarcelone.fr\/it\/distretto-di-barceloneta\/\">Barceloneta<\/a><br \/>\n<a href=\"https:\/\/bonjourbarcelone.fr\/it\/parc-guell-barcellona\/\">Parc Guell<\/a><br \/>\n<a href=\"https:\/\/bonjourbarcelone.fr\/it\/camp-nou-barcellona\/\">Camp Nou<\/a><br \/>\n<a href=\"https:\/\/bonjourbarcelone.fr\/it\/las-ramblas-barcellona\/\">Le Ramblas<\/a><br \/>\n<a href=\"https:\/\/bonjourbarcelone.fr\/it\/trasporto-pubblico-barcellona\/\">Trasporto pubblico<\/a><br \/>\n<a href=\"https:\/\/bonjourbarcelone.fr\/it\/spiaggia-di-barcellona\/\">Le spiagge di Barcellona<\/a><br \/>\n<a href=\"https:\/\/bonjourbarcelone.fr\/it\/ristorante-vegano-barcellona\/\">Dove mangiare vegano<\/a><br \/>\n<a href=\"https:\/\/bonjourbarcelone.fr\/it\/metropolitana-di-barcellona\/\">La metropolitana di Barcellona<\/a><br \/>\n<a href=\"https:\/\/bonjourbarcelone.fr\/it\/autobus-barcellona\/\">L'autobus a Barcellona<\/a><br \/>\n<a href=\"https:\/\/bonjourbarcelone.fr\/it\/piatti-spagnoli\/\">Piatti spagnoli<\/a><br \/>\n<a href=\"https:\/\/bonjourbarcelone.fr\/it\/shopping-a-barcellona\/\">Shopping a Barcellona<\/a><br \/>\n<a href=\"https:\/\/bonjourbarcelone.fr\/it\/weekend-a-barcellona\/\">Weekend a Barcellona<\/a><br \/>\n<a href=\"https:\/\/bonjourbarcelone.fr\/it\/autobus-turistico-barcellona\/\">Autobus turistico di Barcellona<\/a><br \/>\n<a href=\"https:\/\/bonjourbarcelone.fr\/it\/la-boqueria\/\">La Boqueria<\/a><br \/>\n<a href=\"https:\/\/bonjourbarcelone.fr\/it\/discoteca-barcellona\/\">Discoteche<\/a><br \/>\n<a href=\"https:\/\/bonjourbarcelone.fr\/it\/affari-a-barcellona\/\">10 cose da fare a Barcellona<\/a><br \/>\n<a href=\"https:\/\/bonjourbarcelone.fr\/it\/immersioni-a-barcellona\/\">Immersioni a Barcellona<\/a><br \/>\n<a href=\"https:\/\/bonjourbarcelone.fr\/it\/telefonia-barcellona\/\">Le funivie di Barcellona<\/a><br \/>\n<a href=\"https:\/\/bonjourbarcelone.fr\/it\/taxi-barcellona\/\">Taxi a Barcellona<\/a><br \/>\n<a href=\"https:\/\/bonjourbarcelone.fr\/it\/dove-nuotare-le-piscine-di-barcellona\/\">Le piscine di Barcellona<\/a><br \/>\n<a href=\"https:\/\/bonjourbarcelone.fr\/it\/parcheggio-barcellona\/\">Parcheggi a Barcellona<\/a><br \/>\n<a href=\"https:\/\/bonjourbarcelone.fr\/it\/scheda-barcellona\/\">La carta di Barcellona<\/a><br \/>\n<a href=\"https:\/\/bonjourbarcelone.fr\/it\/pass-per-la-citta-di-barcellona\/\">Barcellona City Pass<\/a><br \/>\n<a href=\"https:\/\/bonjourbarcelone.fr\/it\/maratona-di-barcellona\/\">Maratona di Barcellona<\/a><br \/>\n<a href=\"https:\/\/bonjourbarcelone.fr\/it\/zara-barcellona\/\">Shopping da Zara a Barcellona<\/a><br \/>\n<a href=\"https:\/\/bonjourbarcelone.fr\/it\/ou-ecouter-de-la-musique-a-barcelone-voici-les-meilleurs-endroits-2019\/\">Dove ascoltare musica a Barcellona<\/a><br \/>\n<a href=\"https:\/\/bonjourbarcelone.fr\/it\/campeggio-barcellona\/\">Campeggio Barcellona<\/a><br \/>\n<a href=\"https:\/\/bonjourbarcelone.fr\/it\/primark-barcellona\/\">Primark Barcellona<\/a><br \/>\n<a href=\"https:\/\/bonjourbarcelone.fr\/it\/paella\/\">Paella<\/a><br \/>\n<a href=\"https:\/\/bonjourbarcelone.fr\/it\/ostello-della-gioventu-barcellona\/\">I 5 migliori ostelli della giovent\u00f9 a Barcellona<\/a><br \/>\n<a href=\"https:\/\/bonjourbarcelone.fr\/it\/parco-della-ciutadella\/\">Parco della Ciutadella<\/a><br \/>\n<a href=\"https:\/\/bonjourbarcelone.fr\/it\/gaudi-barcellona\/\">Gaud\u00ec<\/a><br \/>\n<a href=\"https:\/\/bonjourbarcelone.fr\/it\/passeig-de-gracia\/\">Passeig de Gracia<\/a><br \/>\n<a href=\"https:\/\/bonjourbarcelone.fr\/it\/monumento-barcellona\/\">I 6 principali monumenti di Barcellona<\/a><br \/>\n<a href=\"https:\/\/bonjourbarcelone.fr\/it\/partita-di-barcellona\/\">Vedere una partita del Barcellona<\/a><br \/>\n<a href=\"https:\/\/bonjourbarcelone.fr\/it\/acquario-di-barcellona\/\">Acquario di Barcellona<\/a><br \/>\n<a href=\"https:\/\/bonjourbarcelone.fr\/it\/museo-nazionale-darte-della-catalonia\/\">Museo Nazionale d'Arte della Catalogna<\/a><br \/>\n<a href=\"https:\/\/bonjourbarcelone.fr\/it\/sant-jordi\/\">Sant Jordi<\/a><br \/>\n<a href=\"https:\/\/bonjourbarcelone.fr\/it\/zoo-di-barcellona\/\">Zoo di Barcellona<\/a><br \/>\n<a href=\"https:\/\/bonjourbarcelone.fr\/it\/il-quartiere-gotico-di-barcellona\/\">Il quartiere gotico di Barcellona<\/a><br \/>\n<a href=\"https:\/\/bonjourbarcelone.fr\/it\/mappa-barcellona\/\">Mappa di Barcellona<\/a><br \/>\n<a href=\"https:\/\/bonjourbarcelone.fr\/it\/merce-barcellona\/\">Merc\u00e9 di Barcellona<\/a><br \/>\n<a href=\"https:\/\/bonjourbarcelone.fr\/it\/poble-espanyol\/\">Poble Espanyol<\/a><br \/>\n<a href=\"https:\/\/bonjourbarcelone.fr\/it\/ufficio-del-turismo-di-barcellona\/\">Ufficio del Turismo di Barcellona<\/a><br \/>\n<a href=\"https:\/\/bonjourbarcelone.fr\/it\/danza-sardana\/\">La danza sardana<\/a><br \/>\n<a href=\"https:\/\/bonjourbarcelone.fr\/it\/cosmocaixa\/\">CosmoCaixa<\/a><br \/>\n<a href=\"https:\/\/bonjourbarcelone.fr\/it\/maremagnum\/\">Maremagnum<\/a><br \/>\n<a href=\"https:\/\/bonjourbarcelone.fr\/it\/turrone\/\">turrone<\/a><\/p>\n<h2>Alla periferia di Barcellona:<\/h2>\n<p><a href=\"https:\/\/bonjourbarcelone.fr\/it\/tibidabo\/\">Tibidabo<\/a><br \/>\n<a href=\"https:\/\/bonjourbarcelone.fr\/it\/sitges\/\">Sitges<\/a><br \/>\n<a href=\"https:\/\/bonjourbarcelone.fr\/it\/montserrat\/\">Montserrat<\/a><br \/>\n<a href=\"https:\/\/bonjourbarcelone.fr\/it\/portaventura\/\">Mondo PortAventura<\/a><br \/>\n<a href=\"https:\/\/bonjourbarcelone.fr\/it\/terra-ferrari\/\">Terreno Ferrari<\/a><br \/>\n<a href=\"https:\/\/bonjourbarcelone.fr\/it\/villaggio-la-roca\/\">Villaggio La Roca<\/a><\/p>","protected":false},"excerpt":{"rendered":"<p>R\u00e9server une visite avec nous et rendre votre s\u00e9jour inoubliable Articles essentiels: A\u00e9roport Barcelone: comment rejoindre le centre rapidement O\u00f9 dormir \u00e0 Barcelone Que faire \u00e0 Barcelone O\u00f9 manger \u00e0 Barcelone Monuments: Sagrada Familia Mus\u00e9e Picasso Palais de la musique catalane Cath\u00e9drale Sainte Croix Casa Batllo Casa Mila\/Pedrera Fondation Miro Autres articles: Parc Montjuic Barceloneta [&hellip;]<\/p>","protected":false},"author":2,"featured_media":0,"parent":0,"menu_order":0,"comment_status":"closed","ping_status":"closed","template":"","meta":{"om_disable_all_campaigns":false,"_genesis_hide_title":false,"_genesis_hide_breadcrumbs":false,"_genesis_hide_singular_image":false,"_genesis_hide_footer_widgets":false,"_genesis_custom_body_class":"","_genesis_custom_post_class":"","_genesis_layout":"","footnotes":""},"class_list":{"0":"post-1385","1":"page","2":"type-page","3":"status-publish","5":"entry"},"yoast_head":"<!-- This site is optimized with the Yoast SEO plugin v26.5 - https:\/\/yoast.com\/wordpress\/plugins\/seo\/ -->\n<title>Tous les articles de Bonjourbarcelone.fr<\/title>\n<meta name=\"robots\" content=\"index, follow, max-snippet:-1, max-image-preview:large, max-video-preview:-1\" \/>\n<link rel=\"canonical\" href=\"https:\/\/bonjourbarcelone.fr\/it\/tutti-gli-articoli-di-bonjourbarcelone-it\/\" \/>\n<meta property=\"og:locale\" content=\"it_IT\" \/>\n<meta property=\"og:type\" content=\"article\" \/>\n<meta property=\"og:title\" content=\"Tous les articles de Bonjourbarcelone.fr\" \/>\n<meta property=\"og:description\" content=\"R\u00e9server une visite avec nous et rendre votre s\u00e9jour inoubliable Articles essentiels: A\u00e9roport Barcelone: comment rejoindre le centre rapidement O\u00f9 dormir \u00e0 Barcelone Que faire \u00e0 Barcelone O\u00f9 manger \u00e0 Barcelone Monuments: Sagrada Familia Mus\u00e9e Picasso Palais de la musique catalane Cath\u00e9drale Sainte Croix Casa Batllo Casa Mila\/Pedrera Fondation Miro Autres articles: Parc Montjuic Barceloneta [&hellip;]\" \/>\n<meta property=\"og:url\" content=\"https:\/\/bonjourbarcelone.fr\/it\/tutti-gli-articoli-di-bonjourbarcelone-it\/\" \/>\n<meta property=\"og:site_name\" content=\"Visiter Barcelone\" \/>\n<meta property=\"article:modified_time\" content=\"2019-08-15T09:05:40+00:00\" \/>\n<meta name=\"twitter:card\" content=\"summary_large_image\" \/>\n<meta name=\"twitter:label1\" content=\"Tempo di lettura stimato\" \/>\n\t<meta name=\"twitter:data1\" content=\"1 minuto\" \/>\n<script type=\"application\/ld+json\" class=\"yoast-schema-graph\">{\"@context\":\"https:\/\/schema.org\",\"@graph\":[{\"@type\":\"WebPage\",\"@id\":\"https:\/\/bonjourbarcelone.fr\/tous-les-articles-de-bonjourbarcelone-fr\/\",\"url\":\"https:\/\/bonjourbarcelone.fr\/tous-les-articles-de-bonjourbarcelone-fr\/\",\"name\":\"Tous les articles de Bonjourbarcelone.fr\",\"isPartOf\":{\"@id\":\"https:\/\/bonjourbarcelone.fr\/#website\"},\"datePublished\":\"2019-02-24T19:06:16+00:00\",\"dateModified\":\"2019-08-15T09:05:40+00:00\",\"breadcrumb\":{\"@id\":\"https:\/\/bonjourbarcelone.fr\/tous-les-articles-de-bonjourbarcelone-fr\/#breadcrumb\"},\"inLanguage\":\"it-IT\",\"potentialAction\":[{\"@type\":\"ReadAction\",\"target\":[\"https:\/\/bonjourbarcelone.fr\/tous-les-articles-de-bonjourbarcelone-fr\/\"]}]},{\"@type\":\"BreadcrumbList\",\"@id\":\"https:\/\/bonjourbarcelone.fr\/tous-les-articles-de-bonjourbarcelone-fr\/#breadcrumb\",\"itemListElement\":[{\"@type\":\"ListItem\",\"position\":1,\"name\":\"Accueil\",\"item\":\"https:\/\/bonjourbarcelone.fr\/\"},{\"@type\":\"ListItem\",\"position\":2,\"name\":\"Tous les articles de Bonjourbarcelone.fr\"}]},{\"@type\":\"WebSite\",\"@id\":\"https:\/\/bonjourbarcelone.fr\/#website\",\"url\":\"https:\/\/bonjourbarcelone.fr\/\",\"name\":\"Visiter Barcelone\",\"description\":\"Tout pour passer un s\u00e9jour inoubliable en 2026 !\",\"potentialAction\":[{\"@type\":\"SearchAction\",\"target\":{\"@type\":\"EntryPoint\",\"urlTemplate\":\"https:\/\/bonjourbarcelone.fr\/?s={search_term_string}\"},\"query-input\":{\"@type\":\"PropertyValueSpecification\",\"valueRequired\":true,\"valueName\":\"search_term_string\"}}],\"inLanguage\":\"it-IT\"}]}<\/script>\n<!-- \/ Yoast SEO plugin. -->","yoast_head_json":{"title":"Tutti gli articoli di Bonjourbarcelone.fr","robots":{"index":"index","follow":"follow","max-snippet":"max-snippet:-1","max-image-preview":"max-image-preview:large","max-video-preview":"max-video-preview:-1"},"canonical":"https:\/\/bonjourbarcelone.fr\/it\/tutti-gli-articoli-di-bonjourbarcelone-it\/","og_locale":"it_IT","og_type":"article","og_title":"Tous les articles de Bonjourbarcelone.fr","og_description":"R\u00e9server une visite avec nous et rendre votre s\u00e9jour inoubliable Articles essentiels: A\u00e9roport Barcelone: comment rejoindre le centre rapidement O\u00f9 dormir \u00e0 Barcelone Que faire \u00e0 Barcelone O\u00f9 manger \u00e0 Barcelone Monuments: Sagrada Familia Mus\u00e9e Picasso Palais de la musique catalane Cath\u00e9drale Sainte Croix Casa Batllo Casa Mila\/Pedrera Fondation Miro Autres articles: Parc Montjuic Barceloneta [&hellip;]","og_url":"https:\/\/bonjourbarcelone.fr\/it\/tutti-gli-articoli-di-bonjourbarcelone-it\/","og_site_name":"Visiter Barcelone","article_modified_time":"2019-08-15T09:05:40+00:00","twitter_card":"summary_large_image","twitter_misc":{"Tempo di lettura stimato":"1 minuto"},"schema":{"@context":"https:\/\/schema.org","@graph":[{"@type":"WebPage","@id":"https:\/\/bonjourbarcelone.fr\/tous-les-articles-de-bonjourbarcelone-fr\/","url":"https:\/\/bonjourbarcelone.fr\/tous-les-articles-de-bonjourbarcelone-fr\/","name":"Tutti gli articoli di Bonjourbarcelone.fr","isPartOf":{"@id":"https:\/\/bonjourbarcelone.fr\/#website"},"datePublished":"2019-02-24T19:06:16+00:00","dateModified":"2019-08-15T09:05:40+00:00","breadcrumb":{"@id":"https:\/\/bonjourbarcelone.fr\/tous-les-articles-de-bonjourbarcelone-fr\/#breadcrumb"},"inLanguage":"it-IT","potentialAction":[{"@type":"ReadAction","target":["https:\/\/bonjourbarcelone.fr\/tous-les-articles-de-bonjourbarcelone-fr\/"]}]},{"@type":"BreadcrumbList","@id":"https:\/\/bonjourbarcelone.fr\/tous-les-articles-de-bonjourbarcelone-fr\/#breadcrumb","itemListElement":[{"@type":"ListItem","position":1,"name":"Accueil","item":"https:\/\/bonjourbarcelone.fr\/"},{"@type":"ListItem","position":2,"name":"Tous les articles de Bonjourbarcelone.fr"}]},{"@type":"WebSite","@id":"https:\/\/bonjourbarcelone.fr\/#website","url":"https:\/\/bonjourbarcelone.fr\/","name":"Visitare Barcellona","description":"Tout pour passer un s\u00e9jour inoubliable en 2026 !","potentialAction":[{"@type":"SearchAction","target":{"@type":"EntryPoint","urlTemplate":"https:\/\/bonjourbarcelone.fr\/?s={search_term_string}"},"query-input":{"@type":"PropertyValueSpecification","valueRequired":true,"valueName":"search_term_string"}}],"inLanguage":"it-IT"}]}},"_links":{"self":[{"href":"https:\/\/bonjourbarcelone.fr\/it\/wp-json\/wp\/v2\/pages\/1385","targetHints":{"allow":["GET"]}}],"collection":[{"href":"https:\/\/bonjourbarcelone.fr\/it\/wp-json\/wp\/v2\/pages"}],"about":[{"href":"https:\/\/bonjourbarcelone.fr\/it\/wp-json\/wp\/v2\/types\/page"}],"author":[{"embeddable":true,"href":"https:\/\/bonjourbarcelone.fr\/it\/wp-json\/wp\/v2\/users\/2"}],"replies":[{"embeddable":true,"href":"https:\/\/bonjourbarcelone.fr\/it\/wp-json\/wp\/v2\/comments?post=1385"}],"version-history":[{"count":0,"href":"https:\/\/bonjourbarcelone.fr\/it\/wp-json\/wp\/v2\/pages\/1385\/revisions"}],"wp:attachment":[{"href":"https:\/\/bonjourbarcelone.fr\/it\/wp-json\/wp\/v2\/media?parent=1385"}],"curies":[{"name":"wp","href":"https:\/\/api.w.org\/{rel}","templated":true}]}}