{"id":1418,"date":"2019-03-05T14:24:29","date_gmt":"2019-03-05T14:24:29","guid":{"rendered":"https:\/\/bonjourbarcelone.fr\/?page_id=1418"},"modified":"2025-09-02T10:04:22","modified_gmt":"2025-09-02T10:04:22","slug":"grazie","status":"publish","type":"page","link":"https:\/\/bonjourbarcelone.fr\/it\/grazie\/","title":{"rendered":"<p style=\"color:#FF0000\"><font size=\"6\"> -&gt; Sconto 20% solo qui. Chiudendo questa pagina, non avrete pi\u00f9 diritto a questo sconto!<\/font><\/p>"},"content":{"rendered":"<div class=\"su-animate\" style=\"opacity:0;-webkit-animation-duration:1s;-webkit-animation-delay:0s;animation-duration:1s;animation-delay:0s;\" data-animation=\"bounceIn\" data-duration=\"1\" data-delay=\"0\"><\/div>In 7 minuti riceverete la guida speciale di Barcellona via e-mail.<\/p>\n<p><strong>Leggere quanto segue<\/strong> nel frattempo, poich\u00e9 sar\u00e0 di vostro interesse:<br \/>\n<strong><\/p>\n<h2>L'incredibile tour del centro storico di Barcellona<\/strong><\/h2>\n<p>Volete vedere il meglio del centro storico di Barcellona in poche ore?<\/p>\n<p><strong><\/p>\n<h2>Offriamo visite guidate private in francese!<\/strong><\/h2>\n<p><img decoding=\"async\" src=\"https:\/\/bonjourbarcelone.fr\/wp-content\/uploads\/2022\/08\/montage-visite-guidee-barcelone-copie.jpg\" alt=\"visita guidata in assemblea a barcellona\" width=\"1700\" height=\"1275\" class=\"alignnone size-full wp-image-1724\" srcset=\"https:\/\/bonjourbarcelone.fr\/wp-content\/uploads\/2022\/08\/montage-visite-guidee-barcelone-copie.jpg 1700w, https:\/\/bonjourbarcelone.fr\/wp-content\/uploads\/2022\/08\/montage-visite-guidee-barcelone-copie-300x225.jpg 300w, https:\/\/bonjourbarcelone.fr\/wp-content\/uploads\/2022\/08\/montage-visite-guidee-barcelone-copie-1024x768.jpg 1024w, https:\/\/bonjourbarcelone.fr\/wp-content\/uploads\/2022\/08\/montage-visite-guidee-barcelone-copie-768x576.jpg 768w, https:\/\/bonjourbarcelone.fr\/wp-content\/uploads\/2022\/08\/montage-visite-guidee-barcelone-copie-1536x1152.jpg 1536w\" sizes=\"(max-width: 1700px) 100vw, 1700px\" \/><br \/>\n<img decoding=\"async\" class=\"img-full\" title=\"visto su\" src=\"https:\/\/bonjourbarcelone.fr\/wp-content\/uploads\/2024\/04\/2_banniere_logos_soccial.png\" alt=\"visto su\" \/><\/p>\n<div style=\"padding:56.25% 0 0 0;position:relative;\"><iframe src=\"https:\/\/player.vimeo.com\/video\/946937016?h=e069d40e81&amp;badge=0&amp;autopause=0&amp;player_id=0&amp;app_id=58479\" frameborder=\"0\" allow=\"autoplay; fullscreen; picture-in-picture; clipboard-write\" style=\"position:absolute;top:0;left:0;width:100%;height:100%;\" title=\"Visita guidata di Barcellona in francese\"><\/iframe><\/div>\n<p><script src=\"https:\/\/player.vimeo.com\/api\/player.js\"><\/script><br \/>\n<strong><\/p>\n<h3>Come viene organizzata la visita e cosa si vede?<\/strong><\/h3>\n<p>Il punto di partenza del tour viene concordato con la guida, nel centro storico.<\/p>\n<aside class=\"block-note\">\n<p class=\"block-offer-desc\">Ecco alcuni esempi <strong>benefici<\/strong> per prenotare una visita con noi:<\/p>\n<ul>\n<li>La vostra guida <strong>parlare perfettamente il francese<\/strong>in modo che non ci siano problemi di comunicazione<\/li>\n<li>Vi mostrer\u00e0 <strong>luoghi tipici<\/strong>che hanno mantenuto la loro autenticit\u00e0<\/li>\n<li>Vi dir\u00e0 <strong>aneddoti e storie<\/strong> che renderanno affascinanti i luoghi che visiterete<\/li>\n<li>Vi mostrer\u00e0 <strong>i luoghi pi\u00f9 belli<\/strong> di Barcellona<\/li>\n<li>Vi mostrer\u00e0 <strong>luoghi segreti<\/strong>Quelli che non compaiono in nessuna guida e che i catalani non vogliono condividere con i turisti.<\/li>\n<li>Vi dar\u00e0 un <strong>tour personalizzato<\/strong> in base ai vostri gusti e al vostro ritmo di marcia<\/li>\n<li>Bonus: si prender\u00e0 il tempo di <strong>creare un programma personalizzato per il resto del vostro soggiorno<\/strong> (monumenti, attivit\u00e0, ristoranti, luoghi per uscire...)<\/li>\n<\/ul>\n<\/aside>\n<h3><strong>Itinerario del tour<\/strong><\/h3>\n<p>Questo \u00e8 l'itinerario proposto per la vostra visita. A volte pu\u00f2 essere leggermente modificato per offrirvi il miglior servizio possibile. <strong>la migliore esperienza possibile<\/strong> !<\/p>\n<p><strong>1) Il quartiere Gotico<\/strong><br \/>\nAvrete il piacere di scoprire la <strong>prestigioso<\/strong> La Cattedrale della Santa Croce di Barcellona e la sua storia (compresa la leggenda di Santa Eulalia, patrona della citt\u00e0 di Barcellona).<\/p>\n<p>Passeggiate nel parco <strong>meraviglioso<\/strong> Il quartiere ebraico e le sue strette vie, passeranno per pla\u00e7a Reial, pla\u00e7a san Jaume e pla\u00e7a del Rei, tre piazze molto diverse tra loro, ma tutte molto diverse. <strong>magnifico<\/strong>!<br \/>\n<img decoding=\"async\" src=\"https:\/\/bonjourbarcelone.fr\/wp-content\/uploads\/2023\/10\/placa-reial-1024x576.jpg\" alt=\"placa reial\" width=\"1024\" height=\"576\" class=\"alignnone size-large wp-image-3198\" srcset=\"https:\/\/bonjourbarcelone.fr\/wp-content\/uploads\/2023\/10\/placa-reial-1024x576.jpg 1024w, https:\/\/bonjourbarcelone.fr\/wp-content\/uploads\/2023\/10\/placa-reial-300x169.jpg 300w, https:\/\/bonjourbarcelone.fr\/wp-content\/uploads\/2023\/10\/placa-reial-768x432.jpg 768w, https:\/\/bonjourbarcelone.fr\/wp-content\/uploads\/2023\/10\/placa-reial.jpg 1365w\" sizes=\"(max-width: 1024px) 100vw, 1024px\" \/><br \/>\n<strong>2) Il quartiere El Born<\/strong><br \/>\nUn'area da non perdere!<\/p>\n<p>Con <strong>i suoi caratteristici vicoli<\/strong> i cui nomi ricordano le attivit\u00e0 commerciali dell'epoca medievale.<br \/>\n<img decoding=\"async\" src=\"https:\/\/bonjourbarcelone.fr\/wp-content\/uploads\/2023\/10\/basilique-Santa-Maria-del-Mar-1024x830.jpg\" alt=\"basilica di santa maria\" width=\"1024\" height=\"830\" class=\"alignnone size-large wp-image-3199\" srcset=\"https:\/\/bonjourbarcelone.fr\/wp-content\/uploads\/2023\/10\/basilique-Santa-Maria-del-Mar-1024x830.jpg 1024w, https:\/\/bonjourbarcelone.fr\/wp-content\/uploads\/2023\/10\/basilique-Santa-Maria-del-Mar-300x243.jpg 300w, https:\/\/bonjourbarcelone.fr\/wp-content\/uploads\/2023\/10\/basilique-Santa-Maria-del-Mar-768x623.jpg 768w, https:\/\/bonjourbarcelone.fr\/wp-content\/uploads\/2023\/10\/basilique-Santa-Maria-del-Mar.jpg 1137w\" sizes=\"(max-width: 1024px) 100vw, 1024px\" \/><br \/>\nVedrete una basilica <strong>da non perdere<\/strong>Carrer Moncada \u00e8 una delle vie pi\u00f9 intriganti della citt\u00e0, con i suoi antichi palazzi di mercanti.<\/p>\n<p><strong>3) Il quartiere di El Raval<\/strong><br \/>\n<img decoding=\"async\" src=\"https:\/\/bonjourbarcelone.fr\/wp-content\/uploads\/2023\/10\/raval-1024x775.jpg\" alt=\"raval\" width=\"1024\" height=\"775\" class=\"alignnone size-large wp-image-3197\" srcset=\"https:\/\/bonjourbarcelone.fr\/wp-content\/uploads\/2023\/10\/raval-1024x775.jpg 1024w, https:\/\/bonjourbarcelone.fr\/wp-content\/uploads\/2023\/10\/raval-300x227.jpg 300w, https:\/\/bonjourbarcelone.fr\/wp-content\/uploads\/2023\/10\/raval-768x581.jpg 768w, https:\/\/bonjourbarcelone.fr\/wp-content\/uploads\/2023\/10\/raval.jpg 1400w\" sizes=\"(max-width: 1024px) 100vw, 1024px\" \/><br \/>\nQuesto \u00e8 IL <strong>distretto atipico<\/strong> con le sue diverse stradine.<\/p>\n<p>Il programma prevede visite ad antichi monasteri, al murale di Keith Haring, alla Biblioteca Nazionale della Catalogna e alla rambla (la strada pi\u00f9 famosa di Barcellona!).<\/p>\n<p>\u00c8 semplice, vedrete il <strong>il meglio del centro storico<\/strong> da Barcellona!<\/p>\n<p>Questo itinerario \u00e8 stato progettato per mostrarvi sia la<strong>imperdibile<\/strong> di Barcellona, ma anche l'insolito, il nascosto, le storie interessanti e gli aneddoti unici che non troverete da nessun'altra parte. <strong>da nessun'altra parte<\/strong>.<\/p>\n<p>Ecco alcuni esempi di feedback di viaggiatori che hanno visitato il centro storico con noi:<\/p>\n<blockquote><p>Super visite du quartier gothique. Val\u00e9rie a \u00e9t\u00e9 tr\u00e8s int\u00e9ressante et m\u00eame passionnante tout au long de nos d\u00e9ambulations \u00e0 travers l histoire de ce quartier. Elle a r\u00e9pondu \u00e0 toutes nos questions, en nous montrant m\u00eame des documents de temps en temps. On n a pas vu le temps pass\u00e9 ni les quelques kilom\u00e8tres parcourus tout en douceur. Et m\u00eame les enfants de 9 et 12 ans ont ador\u00e9 cette promenade cont\u00e9e, qui pour eux \u00e9tait la meilleure visite guid\u00e9e de la semaine. En plus, nous sommes reparti avec plein de bons plans et de bonnes adresses pour le reste de notre s\u00e9jour. Encore un grand merci!<\/p>\n<p style=\"text-align: right;\">Emelyne<\/p>\n<p>Volevamo ringraziarvi per la visita guidata del centro storico di Barcellona. La nostra guida Val\u00e9rie \u00e8 stata perfetta e ha saputo adattare il tour alle dimensioni del nostro piccolo gruppo. Molto competente e piacevole. Abbiamo imparato molto e scoperto la storia di questo quartiere.<\/p>\n<p style=\"text-align: right;\">Conchita<\/p>\n<p>La visita con la nostra guida, Val\u00e9rie, \u00e8 andata molto bene. Ci siamo divertiti molto e abbiamo fatto una bella passeggiata per le strade della citt\u00e0.<br \/>\nConoscevamo gi\u00e0 un po' la citt\u00e0, ma abbiamo scoperto e imparato molto.<br \/>\nCi ha dato molti buoni indirizzi.<br \/>\nConsiglio di fare una visita guidata con Bonjour Barcelone. <\/p>\n<p style=\"text-align: right;\"> H\u00e9l\u00e8ne <\/p>\n<p>Val\u00e9rie est tr\u00e8s sympathique elle a su s&rsquo;adapter \u00e0 nos demandes. Tr\u00e8s professionnelle.<br \/>\nNous avons pass\u00e9 un agr\u00e9able moment. Nous la recommanderons sans h\u00e9sitation pour une visite du centre de Barcelone.<\/p>\n<p style=\"text-align: right;\">Corinne<\/p>\n<p>M\u00eame si nous avions \u00e9t\u00e9 de nombreuses fois \u00e0 Barcelone, ville que nous arpentons d\u2019habitude seules et o\u00f9 nous continuons \u00e0 d\u00e9couvrir de nouvelles choses. Cette fois, nous avions d\u00e9cid\u00e9 de nous offrir un tour \u00ab like a friend \u00bb avec l\u2019\u00e9quipe de Bonjour Barcelone.<br \/>\nVal\u00e9rie notre guide a vraiment \u00e9t\u00e9 top nous aimons beaucoup le street art alors elle nous a fait un tour sp\u00e9cial pour nous faire d\u00e9couvrir les \u0153uvres sur les mur de la ville. Nous sommes \u00e9galement rentr\u00e9 dans un atelier d\u2019artistes ou une petite dizaine d\u2019artistes de diff\u00e9rentes nationalit\u00e9s cr\u00e9\u00e9s c\u2019\u00e9tait top.<br \/>\nBien s\u00fbr elle nous a parl\u00e9 des moments de la ville et de ce qui fait qu\u2019elle aime Barcelone.<br \/>\nFranchement une super exp\u00e9rience riche culturellement et humainement.<br \/>\nUn grand merci \u00e0 Val\u00e9rie et \u00e0 Bonjour Barcelone<\/p>\n<p style=\"text-align: right;\">Pegla<\/p>\n<p>Nous avons \u00e9t\u00e9 enchant\u00e9s par notre visite! Val\u00e9rie est une guide merveilleuse et tr\u00e8s g\u00e9n\u00e9reuse! Elle nous a amen\u00e9s dans des recoins o\u00f9 nous ne nous serions pas aventur\u00e9s. Ses expos\u00e9s \u00e9taient tr\u00e8s int\u00e9ressants et bien dos\u00e9s. Elle a aimablement r\u00e9pondu \u00e0 toutes nos questions, elle nous a donn\u00e9 des informations tr\u00e8s pertinentes et elle nous a recommand\u00e9 de bons restos. Les trois heures ont pass\u00e9 tr\u00e8s vites! Nous recommandons tr\u00e8s fortement cette visite! Elle nous a \u00e9t\u00e9 tr\u00e8s utile pour le reste de notre s\u00e9jour, surtout que nous habitions dans le quartier El Born. Merci Val\u00e9rie!<\/p>\n<p style=\"text-align: right;\">Dany<\/p>\n<p>Val\u00e9rie a \u00e9t\u00e9 une guide vraiment tr\u00e8s sympathique et pro. avec une grande connaissance de l&rsquo;histoire de Barcelone. la visite nous a permis d&rsquo;aller hors des \u00ab\u00a0sentiers battus\u00a0\u00bb touristiques, nous avons vraiment aim\u00e9 ce parcours. de plus Val\u00e9rie nous a indiqu\u00e9 de bonnes adresses de restaurants typiques. Nous recommandons cette visite.<\/p>\n<p style=\"text-align: right;\">Laurent<\/p>\n<p>Val\u00e9rie est une super guide qui a su s&rsquo;adapter \u00e0 nos envies (2 ados filles 17 et 13 ans) avec des int\u00e9r\u00eats sur pleins d&rsquo;anecdotes historiques, de l&rsquo;architecture, du street-art, des sp\u00e9cialit\u00e9s culinaires et du shopping. Une visite qu&rsquo;on n&rsquo;oubliera pas, merci Val\u00e9rie et bravo \u00ab\u00a0Bonjour Barcelonne\u00a0\u00bb pour le concept qu&rsquo;on ne manquera pas de r\u00e9it\u00e9rer dans une autre ville !<\/p>\n<p style=\"text-align: right;\"> Virginie <\/p>\n<\/blockquote>\n<p><strong><\/p>\n<h3>Quanto dura il tour?<\/strong><\/h3>\n<p>\u00c8 un tour a piedi che dura circa 3 ore.<\/p>\n<p><strong><\/p>\n<h3>Si uniranno a noi altre persone?<\/strong><\/h3>\n<p>No, <strong>la visita \u00e8 molto riservata<\/strong>.<br \/>\nOffriamo questo tipo di visita solo se desiderate <strong>la migliore esperienza possibile<\/strong> e stare il pi\u00f9 vicino possibile alla guida.<\/p>\n<p>La vostra guida si adatter\u00e0 a voi, condividendo una ricchezza di informazioni, storie, segreti e aneddoti che non troverete da nessun'altra parte...<br \/>\nE si pu\u00f2 <strong>fate tutte le domande che volete<\/strong> !<\/p>\n<h3><strong> Come possiamo offrirvi un tour personalizzato di Barcellona come un vero catalano? <\/strong><\/h3>\n<p><strong>Ecco alcuni fatti e cifre importanti che ci riguardano:<\/strong><\/p>\n<ul>\n<li>Il sito web di Bonjour Barcelone \u00e8 stato creato nel 2016 ed \u00e8 diventato la <strong>riferimento<\/strong> su internet per i viaggiatori di lingua francese che visitano Barcellona<\/li>\n<li>Abbiamo sostenuto quasi <strong>5.000 passeggeri<\/strong> che ci ha fatto <strong>fiducia<\/strong> che hanno prenotato un <strong>una visita guidata personalizzata con noi<\/strong><\/li>\n<li>Il sito web di Bonjour Barcelone viene consultato da pi\u00f9 di <strong>300.000 passeggeri<\/strong> ogni anno<\/li>\n<li>Siamo un team di 7 persone al vostro servizio per aiutarvi a scoprire Barcellona come un catalano.<\/li>\n<li>Il sito web di Bonjour Barcelone \u00e8 stato <strong>raccomandato dalla Guide du Routard<\/strong><\/li>\n<\/ul>\n<p><img decoding=\"async\" src=\"https:\/\/bonjourbarcelone.fr\/wp-content\/uploads\/2024\/01\/logo-recommandation-routard.png\" alt=\"logo di raccomandazione routard\" width=\"300\" height=\"170\" class=\"aligncenter size-medium wp-image-1937\" \/><\/p>\n<h3><strong>Garanzia UNICA<\/strong><\/h3>\n<p>Se la visita non vi \u00e8 piaciuta, semplicemente non pagate e vi promettiamo di darvi 50 euro per compensarvi del \"tempo perso\" (<strong>Garanzia valida solo per<\/strong> se avete completato l'intero tour e avete spiegato alla guida cosa non vi \u00e8 piaciuto e perch\u00e9 siete rimasti delusi).<\/p>\n<p>Quindi non avete <strong>nessun rischio<\/strong> prenotate una visita con noi e vi divertirete sicuramente!<\/p>\n<p><strong><\/p>\n<h3>Quanto costa un tour privato? (Sconto 20% in questa pagina)<\/strong><\/h3>\n<p>Il tour privato costa solo 129 euro per 1 o 2 persone (invece di 129 euro per 1 persona). <del datetime=\"2018-01-29T10:10:04+00:00\">169<\/del>15\/persona aggiuntiva per pi\u00f9 di 2 persone. Gratuito per i bambini sotto i 10 anni.<br \/>\n<strong>Esempio<\/strong>Se siete in 2, il prezzo totale \u00e8 di 129 euro. Se siete in 4, il prezzo totale \u00e8 di 159 euro.<\/p>\n<p>EDIT: come promemoria, questa \u00e8 una visita privata e avrete una guida solo per voi. <strong>per voi<\/strong>.<\/p>\n<p><strong><\/p>\n<h3>Come si effettua una prenotazione?<\/strong><\/h3>\n<p>\u00c8 sufficiente compilare il seguente modulo.<\/p>\n<p>La guida vi invier\u00e0 quindi un messaggio per confermare la visita e indicarvi il punto d'incontro esatto.<\/p>\n<p>\u00c8 possibile compilare il modulo sottostante:<\/p>\n<div data-tf-widget=\"tTml6tMW\" data-tf-inline-on-mobile data-tf-iframe-props=\"title=Demande visite guidee barcelone (-20%)\" data-tf-medium=\"snippet\" style=\"width:100%;height:400px;\"><\/div>\n<p><script src=\"\/\/embed.typeform.com\/next\/embed.js\"><\/script><\/p>\n<p><strong><\/p>\n<h3>FAQ<\/strong><\/h3>\n<p><strong><\/p>\n<h4>\u00c8 necessario prenotare con largo anticipo?<\/strong><\/h4>\n<p>Una volta deciso di visitarci, vi preghiamo di prenotare il prima possibile, poich\u00e9 la disponibilit\u00e0 \u00e8 molto limitata. Questo vale soprattutto per i fine settimana e durante le vacanze scolastiche.<br \/>\n<strong><\/p>\n<h4>Organizzate visite di gruppo?<\/strong><\/h4>\n<p>No, offriamo solo visite guidate private per offrirvi la migliore esperienza possibile.<br \/>\n<strong><\/p>\n<h4>Cosa succede se il tempo \u00e8 brutto?<\/strong><\/h4>\n<p>Di norma, il tour viene effettuato. Tuttavia, se il tempo \u00e8 veramente brutto, la guida pu\u00f2 decidere di annullare l'escursione e proporvi un altro giorno, se possibile.<br \/>\n<strong><\/p>\n<h4>I tour sono adatti ai bambini?<\/strong><\/h4>\n<p>La vostra guida \u00e8 sempre adattabile e riesce a catturare i visitatori pi\u00f9 giovani, quindi s\u00ec!<br \/>\nLa guida suggerir\u00e0 pi\u00f9 pause per non affaticarli troppo. Tuttavia, devono essere in grado di camminare per diverse ore.<br \/>\n<strong><\/p>\n<h4>Conosco gi\u00e0 la citt\u00e0, la visita \u00e8 interessante per me?<\/strong><\/h4>\n<p>La risposta \u00e8 s\u00ec, e c'\u00e8 sempre tempo per riscoprire la citt\u00e0 da una nuova angolazione, con aneddoti e storie mai sentite prima.<br \/>\n\u00c8 possibile specificarlo nel campo \"Informazioni aggiuntive se richieste\" o all'inizio della visita, ad esempio, in modo che la guida possa adattarsi.<br \/>\n<strong><\/p>\n<h4>\u00c8 possibile pagare in modo diverso da quello in contanti alla fine della visita?<\/strong><\/h4>\n<p>S\u00ec, \u00e8 possibile verificarlo direttamente via e-mail con la guida dopo aver effettuato la richiesta.<br \/>\n<strong><\/p>\n<h4>\u00c8 possibile ottenere una fattura per questa visita?<\/strong><\/h4>\n<p>S\u00ec, \u00e8 possibile verificarlo direttamente via e-mail con la guida dopo aver effettuato la richiesta.<\/p>\n<p><strong><\/p>\n<h3>E se ho altre domande?<\/strong><\/h3>\n<p>Potete inviare le vostre domande a bonjourbarcelone.marie@gmail.com e Marie vi risponder\u00e0 al pi\u00f9 presto.<br \/>\nSe possibile, ricordate anche di lasciare il vostro numero di telefono, in quanto potremmo contattarvi per telefono\/WhatsApp per aiutarci a rispondere alle vostre domande.<\/p>\n<p>A presto e buona visita!<\/p>","protected":false},"excerpt":{"rendered":"<p>Dans 7 minutes, vous allez recevoir le guide sp\u00e9cial Barcelone par email. Lisez ce qui suit en attendant car cela va vous int\u00e9resser: L&rsquo;incroyable visite du centre historique de Barcelone Vous aimeriez d\u00e9couvrir le meilleur du centre historique de Barcelone en quelques heures seulement ? Nous proposons des visites guid\u00e9es priv\u00e9es en fran\u00e7ais ! Comment [&hellip;]<\/p>","protected":false},"author":2,"featured_media":0,"parent":0,"menu_order":0,"comment_status":"open","ping_status":"closed","template":"page_landing.php","meta":{"om_disable_all_campaigns":true,"_genesis_hide_title":false,"_genesis_hide_breadcrumbs":false,"_genesis_hide_singular_image":false,"_genesis_hide_footer_widgets":false,"_genesis_custom_body_class":"","_genesis_custom_post_class":"","_genesis_layout":"","footnotes":""},"class_list":{"0":"post-1418","1":"page","2":"type-page","3":"status-publish","5":"entry"},"yoast_head":"<!-- This site is optimized with the Yoast SEO plugin v26.5 - https:\/\/yoast.com\/wordpress\/plugins\/seo\/ -->\n<title>\u2013&gt; 20% de r\u00e9duction ici seulement. En refermant cette page, vous n\u2019aurez plus droit \u00e0 cette r\u00e9duction!<\/title>\n<meta name=\"robots\" content=\"noindex, nofollow\" \/>\n<meta property=\"og:locale\" content=\"it_IT\" \/>\n<meta property=\"og:type\" content=\"article\" \/>\n<meta property=\"og:title\" content=\"\u2013&gt; 20% de r\u00e9duction ici seulement. En refermant cette page, vous n\u2019aurez plus droit \u00e0 cette r\u00e9duction!\" \/>\n<meta property=\"og:description\" content=\"Dans 7 minutes, vous allez recevoir le guide sp\u00e9cial Barcelone par email. Lisez ce qui suit en attendant car cela va vous int\u00e9resser: L&rsquo;incroyable visite du centre historique de Barcelone Vous aimeriez d\u00e9couvrir le meilleur du centre historique de Barcelone en quelques heures seulement ? Nous proposons des visites guid\u00e9es priv\u00e9es en fran\u00e7ais ! Comment [&hellip;]\" \/>\n<meta property=\"og:url\" content=\"https:\/\/bonjourbarcelone.fr\/it\/grazie\/\" \/>\n<meta property=\"og:site_name\" content=\"Visiter Barcelone\" \/>\n<meta property=\"article:modified_time\" content=\"2025-09-02T10:04:22+00:00\" \/>\n<meta property=\"og:image\" content=\"https:\/\/bonjourbarcelone.fr\/wp-content\/uploads\/2022\/08\/montage-visite-guidee-barcelone-copie.jpg\" \/>\n\t<meta property=\"og:image:width\" content=\"1700\" \/>\n\t<meta property=\"og:image:height\" content=\"1275\" \/>\n\t<meta property=\"og:image:type\" content=\"image\/jpeg\" \/>\n<meta name=\"twitter:card\" content=\"summary_large_image\" \/>\n<meta name=\"twitter:label1\" content=\"Tempo di lettura stimato\" \/>\n\t<meta name=\"twitter:data1\" content=\"8 minuti\" \/>\n<script type=\"application\/ld+json\" class=\"yoast-schema-graph\">{\"@context\":\"https:\/\/schema.org\",\"@graph\":[{\"@type\":\"WebPage\",\"@id\":\"https:\/\/bonjourbarcelone.fr\/merci\/\",\"url\":\"https:\/\/bonjourbarcelone.fr\/merci\/\",\"name\":\"\u2013> 20% de r\u00e9duction ici seulement. En refermant cette page, vous n\u2019aurez plus droit \u00e0 cette r\u00e9duction!\",\"isPartOf\":{\"@id\":\"https:\/\/bonjourbarcelone.fr\/#website\"},\"primaryImageOfPage\":{\"@id\":\"https:\/\/bonjourbarcelone.fr\/merci\/#primaryimage\"},\"image\":{\"@id\":\"https:\/\/bonjourbarcelone.fr\/merci\/#primaryimage\"},\"thumbnailUrl\":\"https:\/\/bonjourbarcelone.fr\/wp-content\/uploads\/2022\/08\/montage-visite-guidee-barcelone-copie.jpg\",\"datePublished\":\"2019-03-05T14:24:29+00:00\",\"dateModified\":\"2025-09-02T10:04:22+00:00\",\"breadcrumb\":{\"@id\":\"https:\/\/bonjourbarcelone.fr\/merci\/#breadcrumb\"},\"inLanguage\":\"it-IT\",\"potentialAction\":[{\"@type\":\"ReadAction\",\"target\":[\"https:\/\/bonjourbarcelone.fr\/merci\/\"]}]},{\"@type\":\"ImageObject\",\"inLanguage\":\"it-IT\",\"@id\":\"https:\/\/bonjourbarcelone.fr\/merci\/#primaryimage\",\"url\":\"https:\/\/bonjourbarcelone.fr\/wp-content\/uploads\/2022\/08\/montage-visite-guidee-barcelone-copie.jpg\",\"contentUrl\":\"https:\/\/bonjourbarcelone.fr\/wp-content\/uploads\/2022\/08\/montage-visite-guidee-barcelone-copie.jpg\"},{\"@type\":\"BreadcrumbList\",\"@id\":\"https:\/\/bonjourbarcelone.fr\/merci\/#breadcrumb\",\"itemListElement\":[{\"@type\":\"ListItem\",\"position\":1,\"name\":\"Accueil\",\"item\":\"https:\/\/bonjourbarcelone.fr\/\"},{\"@type\":\"ListItem\",\"position\":2,\"name\":\"\u2013> 20% de r\u00e9duction ici seulement. En refermant cette page, vous n\u2019aurez plus droit \u00e0 cette r\u00e9duction!\"}]},{\"@type\":\"WebSite\",\"@id\":\"https:\/\/bonjourbarcelone.fr\/#website\",\"url\":\"https:\/\/bonjourbarcelone.fr\/\",\"name\":\"Visiter Barcelone\",\"description\":\"Tout pour passer un s\u00e9jour inoubliable en 2026 !\",\"potentialAction\":[{\"@type\":\"SearchAction\",\"target\":{\"@type\":\"EntryPoint\",\"urlTemplate\":\"https:\/\/bonjourbarcelone.fr\/?s={search_term_string}\"},\"query-input\":{\"@type\":\"PropertyValueSpecification\",\"valueRequired\":true,\"valueName\":\"search_term_string\"}}],\"inLanguage\":\"it-IT\"}]}<\/script>\n<!-- \/ Yoast SEO plugin. -->","yoast_head_json":{"title":"-&gt; Sconto 20% solo qui. Chiudendo questa pagina, non avrete pi\u00f9 diritto a questo sconto!","robots":{"index":"noindex","follow":"nofollow"},"og_locale":"it_IT","og_type":"article","og_title":"\u2013> 20% de r\u00e9duction ici seulement. En refermant cette page, vous n\u2019aurez plus droit \u00e0 cette r\u00e9duction!","og_description":"Dans 7 minutes, vous allez recevoir le guide sp\u00e9cial Barcelone par email. Lisez ce qui suit en attendant car cela va vous int\u00e9resser: L&rsquo;incroyable visite du centre historique de Barcelone Vous aimeriez d\u00e9couvrir le meilleur du centre historique de Barcelone en quelques heures seulement ? Nous proposons des visites guid\u00e9es priv\u00e9es en fran\u00e7ais ! Comment [&hellip;]","og_url":"https:\/\/bonjourbarcelone.fr\/it\/grazie\/","og_site_name":"Visiter Barcelone","article_modified_time":"2025-09-02T10:04:22+00:00","og_image":[{"width":1700,"height":1275,"url":"https:\/\/bonjourbarcelone.fr\/wp-content\/uploads\/2022\/08\/montage-visite-guidee-barcelone-copie.jpg","type":"image\/jpeg"}],"twitter_card":"summary_large_image","twitter_misc":{"Tempo di lettura stimato":"8 minuti"},"schema":{"@context":"https:\/\/schema.org","@graph":[{"@type":"WebPage","@id":"https:\/\/bonjourbarcelone.fr\/merci\/","url":"https:\/\/bonjourbarcelone.fr\/merci\/","name":"-&gt; Sconto 20% solo qui. Chiudendo questa pagina, non avrete pi\u00f9 diritto a questo sconto!","isPartOf":{"@id":"https:\/\/bonjourbarcelone.fr\/#website"},"primaryImageOfPage":{"@id":"https:\/\/bonjourbarcelone.fr\/merci\/#primaryimage"},"image":{"@id":"https:\/\/bonjourbarcelone.fr\/merci\/#primaryimage"},"thumbnailUrl":"https:\/\/bonjourbarcelone.fr\/wp-content\/uploads\/2022\/08\/montage-visite-guidee-barcelone-copie.jpg","datePublished":"2019-03-05T14:24:29+00:00","dateModified":"2025-09-02T10:04:22+00:00","breadcrumb":{"@id":"https:\/\/bonjourbarcelone.fr\/merci\/#breadcrumb"},"inLanguage":"it-IT","potentialAction":[{"@type":"ReadAction","target":["https:\/\/bonjourbarcelone.fr\/merci\/"]}]},{"@type":"ImageObject","inLanguage":"it-IT","@id":"https:\/\/bonjourbarcelone.fr\/merci\/#primaryimage","url":"https:\/\/bonjourbarcelone.fr\/wp-content\/uploads\/2022\/08\/montage-visite-guidee-barcelone-copie.jpg","contentUrl":"https:\/\/bonjourbarcelone.fr\/wp-content\/uploads\/2022\/08\/montage-visite-guidee-barcelone-copie.jpg"},{"@type":"BreadcrumbList","@id":"https:\/\/bonjourbarcelone.fr\/merci\/#breadcrumb","itemListElement":[{"@type":"ListItem","position":1,"name":"Accueil","item":"https:\/\/bonjourbarcelone.fr\/"},{"@type":"ListItem","position":2,"name":"\u2013> 20% de r\u00e9duction ici seulement. En refermant cette page, vous n\u2019aurez plus droit \u00e0 cette r\u00e9duction!"}]},{"@type":"WebSite","@id":"https:\/\/bonjourbarcelone.fr\/#website","url":"https:\/\/bonjourbarcelone.fr\/","name":"Visitare Barcellona","description":"Tout pour passer un s\u00e9jour inoubliable en 2026 !","potentialAction":[{"@type":"SearchAction","target":{"@type":"EntryPoint","urlTemplate":"https:\/\/bonjourbarcelone.fr\/?s={search_term_string}"},"query-input":{"@type":"PropertyValueSpecification","valueRequired":true,"valueName":"search_term_string"}}],"inLanguage":"it-IT"}]}},"_links":{"self":[{"href":"https:\/\/bonjourbarcelone.fr\/it\/wp-json\/wp\/v2\/pages\/1418","targetHints":{"allow":["GET"]}}],"collection":[{"href":"https:\/\/bonjourbarcelone.fr\/it\/wp-json\/wp\/v2\/pages"}],"about":[{"href":"https:\/\/bonjourbarcelone.fr\/it\/wp-json\/wp\/v2\/types\/page"}],"author":[{"embeddable":true,"href":"https:\/\/bonjourbarcelone.fr\/it\/wp-json\/wp\/v2\/users\/2"}],"replies":[{"embeddable":true,"href":"https:\/\/bonjourbarcelone.fr\/it\/wp-json\/wp\/v2\/comments?post=1418"}],"version-history":[{"count":12,"href":"https:\/\/bonjourbarcelone.fr\/it\/wp-json\/wp\/v2\/pages\/1418\/revisions"}],"predecessor-version":[{"id":3989,"href":"https:\/\/bonjourbarcelone.fr\/it\/wp-json\/wp\/v2\/pages\/1418\/revisions\/3989"}],"wp:attachment":[{"href":"https:\/\/bonjourbarcelone.fr\/it\/wp-json\/wp\/v2\/media?parent=1418"}],"curies":[{"name":"wp","href":"https:\/\/api.w.org\/{rel}","templated":true}]}}