{"id":1714,"date":"2022-08-09T14:29:21","date_gmt":"2022-08-09T14:29:21","guid":{"rendered":"https:\/\/bonjourbarcelone.fr\/?page_id=1714"},"modified":"2024-01-29T12:24:09","modified_gmt":"2024-01-29T12:24:09","slug":"indispensabile-grazie","status":"publish","type":"page","link":"https:\/\/bonjourbarcelone.fr\/it\/indispensabile-grazie\/","title":{"rendered":"<p style=\"color:#FF0000\"><font size=\"6\"> Elementi essenziali per il viaggio a Barcellona<\/font><\/p>"},"content":{"rendered":"<div class=\"su-animate\" style=\"opacity:0;-webkit-animation-duration:1s;-webkit-animation-delay:0s;animation-duration:1s;animation-delay:0s;\" data-animation=\"bounceIn\" data-duration=\"1\" data-delay=\"0\">In 7 minuti riceverete la guida speciale di Barcellona via e-mail.<\/p>\n<p><strong>Leggere quanto segue<\/strong> nel frattempo, poich\u00e9 sar\u00e0 di vostro interesse:<\/div>\n<div class=\"su-box su-box-style-default\" id=\"\" style=\"border-color:#bd4d4d;border-radius:3px;\"><div class=\"su-box-title\" style=\"background-color:#F08080;color:#FFFFFF;border-top-left-radius:1px;border-top-right-radius:1px\">Le nostre visite guidate private in francese<\/div><div class=\"su-box-content su-u-clearfix su-u-trim\" style=\"border-bottom-left-radius:1px;border-bottom-right-radius:1px\">\n<img decoding=\"async\" src=\"https:\/\/bonjourbarcelone.fr\/wp-content\/uploads\/2022\/08\/montage-visite-guidee-barcelone-copie.jpg\" alt=\"visita guidata in assemblea a barcellona\" width=\"1700\" height=\"1275\" class=\"alignnone size-full wp-image-1724\" srcset=\"https:\/\/bonjourbarcelone.fr\/wp-content\/uploads\/2022\/08\/montage-visite-guidee-barcelone-copie.jpg 1700w, https:\/\/bonjourbarcelone.fr\/wp-content\/uploads\/2022\/08\/montage-visite-guidee-barcelone-copie-300x225.jpg 300w, https:\/\/bonjourbarcelone.fr\/wp-content\/uploads\/2022\/08\/montage-visite-guidee-barcelone-copie-1024x768.jpg 1024w, https:\/\/bonjourbarcelone.fr\/wp-content\/uploads\/2022\/08\/montage-visite-guidee-barcelone-copie-768x576.jpg 768w, https:\/\/bonjourbarcelone.fr\/wp-content\/uploads\/2022\/08\/montage-visite-guidee-barcelone-copie-1536x1152.jpg 1536w\" sizes=\"(max-width: 1700px) 100vw, 1700px\" \/><br \/>\n&#8211;> <a href=\"https:\/\/bonjourbarcelone.fr\/it\/grazie\/\" rel=\"noopener\" target=\"_blank\">Visita guidata in francese per vedere il meglio della citt\u00e0 in sole 3 ore<\/a> (-20% tramite questo link)<br \/>\n<\/div><\/div>\n<div class=\"su-box su-box-style-default\" id=\"\" style=\"border-color:#37279a;border-radius:3px;\"><div class=\"su-box-title\" style=\"background-color:#6A5ACD;color:#FFFFFF;border-top-left-radius:1px;border-top-right-radius:1px\">Ecco i monumenti pi\u00f9 popolari per i visitatori francesi di Barcellona:<\/div><div class=\"su-box-content su-u-clearfix su-u-trim\" style=\"border-bottom-left-radius:1px;border-bottom-right-radius:1px\">\n<img decoding=\"async\" src=\"https:\/\/bonjourbarcelone.fr\/wp-content\/uploads\/2022\/08\/sagrada.jpg\" alt=\"fotomontaggio porto\" width=\"1024\" height=\"576\" class=\"alignnone size-full wp-image-1452\" \/><br \/>\n&#8211;> <a href=\"https:\/\/www.tiqets.com\/fr\/billets-la-sagrada-familia-l133161\/?partner=bonjourbarcelone\" rel=\"noopener\" target=\"_blank\">Biglietto per la Sagrada Familia<\/a> <\/p>\n<p>&#8211;> <a href=\"https:\/\/www.tiqets.com\/fr\/activites-attractions-barcelone-c66342\/billets-pour-pass-barcelone-p1012495\/?partner=bonjourbarcelone\" rel=\"noopener\" target=\"_blank\">Pass digitale di Barcellona<\/a>  (ingresso alla Sagrada Familia, al Parc G\u00fcell e uso illimitato dell'autobus turistico)<\/p>\n<p>&#8211;> <a href=\"https:\/\/www.tiqets.com\/fr\/billets-casa-batllo-l141895\/?partner=bonjourbarcelone\" rel=\"noopener\" target=\"_blank\">Biglietti online per Casa Batll\u00f3<\/a>  <\/p>\n<p>&#8211;> <a href=\"https:\/\/www.tiqets.com\/fr\/billets-casa-mila-la-pedrera-l145464\/?partner=bonjourbarcelone\" rel=\"noopener\" target=\"_blank\">Biglietto per la Casa Mila (=La Pedrera)<\/a><\/p>\n<p>&#8211;> <a href=\"https:\/\/www.tiqets.com\/fr\/billets-park-guell-l141902\/?partner=bonjourbarcelone\" rel=\"noopener\" target=\"_blank\">Biglietti online per Parc G\u00fcell<\/a><br \/>\n<\/div><\/div>\n<p>Se avete domande sui biglietti online o sulle nostre visite guidate, contattate bonjourbarcelone.marie@gmail.com.<\/p>\n<p>Soggiorno eccellente a Barcellona!<\/p>","protected":false},"excerpt":{"rendered":"<p>E se avete domande sui biglietti online o sulle nostre visite guidate, potete contattarci direttamente a bonjourbarcelone.marie@gmail.com Ottimo soggiorno a Barcellona!<\/p>","protected":false},"author":2,"featured_media":0,"parent":0,"menu_order":0,"comment_status":"closed","ping_status":"closed","template":"page_landing.php","meta":{"om_disable_all_campaigns":true,"_genesis_hide_title":false,"_genesis_hide_breadcrumbs":false,"_genesis_hide_singular_image":false,"_genesis_hide_footer_widgets":false,"_genesis_custom_body_class":"","_genesis_custom_post_class":"","_genesis_layout":"","footnotes":""},"class_list":{"0":"post-1714","1":"page","2":"type-page","3":"status-publish","5":"entry"},"yoast_head":"<!-- This site is optimized with the Yoast SEO plugin v26.5 - https:\/\/yoast.com\/wordpress\/plugins\/seo\/ -->\n<title>Les indispensables pour un voyage \u00e0 Barcelone<\/title>\n<meta name=\"robots\" content=\"index, follow, max-snippet:-1, max-image-preview:large, max-video-preview:-1\" \/>\n<link rel=\"canonical\" href=\"https:\/\/bonjourbarcelone.fr\/it\/indispensabile-grazie\/\" \/>\n<meta property=\"og:locale\" content=\"it_IT\" \/>\n<meta property=\"og:type\" content=\"article\" \/>\n<meta property=\"og:title\" content=\"Les indispensables pour un voyage \u00e0 Barcelone\" \/>\n<meta property=\"og:description\" content=\"Et si vous avez la moindre question concernant les billets en ligne ou nos visites guid\u00e9es, vous pouvez la poser directement \u00e0 bonjourbarcelone.marie@gmail.com Excellent s\u00e9jour \u00e0 Barcelone !\" \/>\n<meta property=\"og:url\" content=\"https:\/\/bonjourbarcelone.fr\/it\/indispensabile-grazie\/\" \/>\n<meta property=\"og:site_name\" content=\"Visiter Barcelone\" \/>\n<meta property=\"article:modified_time\" content=\"2024-01-29T12:24:09+00:00\" \/>\n<meta property=\"og:image\" content=\"https:\/\/bonjourbarcelone.fr\/wp-content\/uploads\/2022\/08\/montage-visite-guidee-barcelone-copie.jpg\" \/>\n<meta name=\"twitter:card\" content=\"summary_large_image\" \/>\n<meta name=\"twitter:label1\" content=\"Tempo di lettura stimato\" \/>\n\t<meta name=\"twitter:data1\" content=\"2 minuti\" \/>\n<script type=\"application\/ld+json\" class=\"yoast-schema-graph\">{\"@context\":\"https:\/\/schema.org\",\"@graph\":[{\"@type\":\"WebPage\",\"@id\":\"https:\/\/bonjourbarcelone.fr\/merci-indispensables\/\",\"url\":\"https:\/\/bonjourbarcelone.fr\/merci-indispensables\/\",\"name\":\"Les indispensables pour un voyage \u00e0 Barcelone\",\"isPartOf\":{\"@id\":\"https:\/\/bonjourbarcelone.fr\/#website\"},\"primaryImageOfPage\":{\"@id\":\"https:\/\/bonjourbarcelone.fr\/merci-indispensables\/#primaryimage\"},\"image\":{\"@id\":\"https:\/\/bonjourbarcelone.fr\/merci-indispensables\/#primaryimage\"},\"thumbnailUrl\":\"https:\/\/bonjourbarcelone.fr\/wp-content\/uploads\/2022\/08\/montage-visite-guidee-barcelone-copie.jpg\",\"datePublished\":\"2022-08-09T14:29:21+00:00\",\"dateModified\":\"2024-01-29T12:24:09+00:00\",\"breadcrumb\":{\"@id\":\"https:\/\/bonjourbarcelone.fr\/merci-indispensables\/#breadcrumb\"},\"inLanguage\":\"it-IT\",\"potentialAction\":[{\"@type\":\"ReadAction\",\"target\":[\"https:\/\/bonjourbarcelone.fr\/merci-indispensables\/\"]}]},{\"@type\":\"ImageObject\",\"inLanguage\":\"it-IT\",\"@id\":\"https:\/\/bonjourbarcelone.fr\/merci-indispensables\/#primaryimage\",\"url\":\"https:\/\/bonjourbarcelone.fr\/wp-content\/uploads\/2022\/08\/montage-visite-guidee-barcelone-copie.jpg\",\"contentUrl\":\"https:\/\/bonjourbarcelone.fr\/wp-content\/uploads\/2022\/08\/montage-visite-guidee-barcelone-copie.jpg\"},{\"@type\":\"BreadcrumbList\",\"@id\":\"https:\/\/bonjourbarcelone.fr\/merci-indispensables\/#breadcrumb\",\"itemListElement\":[{\"@type\":\"ListItem\",\"position\":1,\"name\":\"Accueil\",\"item\":\"https:\/\/bonjourbarcelone.fr\/\"},{\"@type\":\"ListItem\",\"position\":2,\"name\":\"Les indispensables pour un voyage \u00e0 Barcelone\"}]},{\"@type\":\"WebSite\",\"@id\":\"https:\/\/bonjourbarcelone.fr\/#website\",\"url\":\"https:\/\/bonjourbarcelone.fr\/\",\"name\":\"Visiter Barcelone\",\"description\":\"Tout pour passer un s\u00e9jour inoubliable en 2026 !\",\"potentialAction\":[{\"@type\":\"SearchAction\",\"target\":{\"@type\":\"EntryPoint\",\"urlTemplate\":\"https:\/\/bonjourbarcelone.fr\/?s={search_term_string}\"},\"query-input\":{\"@type\":\"PropertyValueSpecification\",\"valueRequired\":true,\"valueName\":\"search_term_string\"}}],\"inLanguage\":\"it-IT\"}]}<\/script>\n<!-- \/ Yoast SEO plugin. -->","yoast_head_json":{"title":"Elementi essenziali per il viaggio a Barcellona","robots":{"index":"index","follow":"follow","max-snippet":"max-snippet:-1","max-image-preview":"max-image-preview:large","max-video-preview":"max-video-preview:-1"},"canonical":"https:\/\/bonjourbarcelone.fr\/it\/indispensabile-grazie\/","og_locale":"it_IT","og_type":"article","og_title":"Les indispensables pour un voyage \u00e0 Barcelone","og_description":"Et si vous avez la moindre question concernant les billets en ligne ou nos visites guid\u00e9es, vous pouvez la poser directement \u00e0 bonjourbarcelone.marie@gmail.com Excellent s\u00e9jour \u00e0 Barcelone !","og_url":"https:\/\/bonjourbarcelone.fr\/it\/indispensabile-grazie\/","og_site_name":"Visiter Barcelone","article_modified_time":"2024-01-29T12:24:09+00:00","og_image":[{"url":"https:\/\/bonjourbarcelone.fr\/wp-content\/uploads\/2022\/08\/montage-visite-guidee-barcelone-copie.jpg","type":"","width":"","height":""}],"twitter_card":"summary_large_image","twitter_misc":{"Tempo di lettura stimato":"2 minuti"},"schema":{"@context":"https:\/\/schema.org","@graph":[{"@type":"WebPage","@id":"https:\/\/bonjourbarcelone.fr\/merci-indispensables\/","url":"https:\/\/bonjourbarcelone.fr\/merci-indispensables\/","name":"Elementi essenziali per il viaggio a Barcellona","isPartOf":{"@id":"https:\/\/bonjourbarcelone.fr\/#website"},"primaryImageOfPage":{"@id":"https:\/\/bonjourbarcelone.fr\/merci-indispensables\/#primaryimage"},"image":{"@id":"https:\/\/bonjourbarcelone.fr\/merci-indispensables\/#primaryimage"},"thumbnailUrl":"https:\/\/bonjourbarcelone.fr\/wp-content\/uploads\/2022\/08\/montage-visite-guidee-barcelone-copie.jpg","datePublished":"2022-08-09T14:29:21+00:00","dateModified":"2024-01-29T12:24:09+00:00","breadcrumb":{"@id":"https:\/\/bonjourbarcelone.fr\/merci-indispensables\/#breadcrumb"},"inLanguage":"it-IT","potentialAction":[{"@type":"ReadAction","target":["https:\/\/bonjourbarcelone.fr\/merci-indispensables\/"]}]},{"@type":"ImageObject","inLanguage":"it-IT","@id":"https:\/\/bonjourbarcelone.fr\/merci-indispensables\/#primaryimage","url":"https:\/\/bonjourbarcelone.fr\/wp-content\/uploads\/2022\/08\/montage-visite-guidee-barcelone-copie.jpg","contentUrl":"https:\/\/bonjourbarcelone.fr\/wp-content\/uploads\/2022\/08\/montage-visite-guidee-barcelone-copie.jpg"},{"@type":"BreadcrumbList","@id":"https:\/\/bonjourbarcelone.fr\/merci-indispensables\/#breadcrumb","itemListElement":[{"@type":"ListItem","position":1,"name":"Accueil","item":"https:\/\/bonjourbarcelone.fr\/"},{"@type":"ListItem","position":2,"name":"Les indispensables pour un voyage \u00e0 Barcelone"}]},{"@type":"WebSite","@id":"https:\/\/bonjourbarcelone.fr\/#website","url":"https:\/\/bonjourbarcelone.fr\/","name":"Visitare Barcellona","description":"Tout pour passer un s\u00e9jour inoubliable en 2026 !","potentialAction":[{"@type":"SearchAction","target":{"@type":"EntryPoint","urlTemplate":"https:\/\/bonjourbarcelone.fr\/?s={search_term_string}"},"query-input":{"@type":"PropertyValueSpecification","valueRequired":true,"valueName":"search_term_string"}}],"inLanguage":"it-IT"}]}},"_links":{"self":[{"href":"https:\/\/bonjourbarcelone.fr\/it\/wp-json\/wp\/v2\/pages\/1714","targetHints":{"allow":["GET"]}}],"collection":[{"href":"https:\/\/bonjourbarcelone.fr\/it\/wp-json\/wp\/v2\/pages"}],"about":[{"href":"https:\/\/bonjourbarcelone.fr\/it\/wp-json\/wp\/v2\/types\/page"}],"author":[{"embeddable":true,"href":"https:\/\/bonjourbarcelone.fr\/it\/wp-json\/wp\/v2\/users\/2"}],"replies":[{"embeddable":true,"href":"https:\/\/bonjourbarcelone.fr\/it\/wp-json\/wp\/v2\/comments?post=1714"}],"version-history":[{"count":1,"href":"https:\/\/bonjourbarcelone.fr\/it\/wp-json\/wp\/v2\/pages\/1714\/revisions"}],"predecessor-version":[{"id":3605,"href":"https:\/\/bonjourbarcelone.fr\/it\/wp-json\/wp\/v2\/pages\/1714\/revisions\/3605"}],"wp:attachment":[{"href":"https:\/\/bonjourbarcelone.fr\/it\/wp-json\/wp\/v2\/media?parent=1714"}],"curies":[{"name":"wp","href":"https:\/\/api.w.org\/{rel}","templated":true}]}}