{"id":3656,"date":"2024-03-06T14:28:14","date_gmt":"2024-03-06T14:28:14","guid":{"rendered":"https:\/\/bonjourbarcelone.fr\/?page_id=3656"},"modified":"2025-10-13T13:36:05","modified_gmt":"2025-10-13T13:36:05","slug":"trasferimento-dal-centro-citta-allaeroporto-in-francese","status":"publish","type":"page","link":"https:\/\/bonjourbarcelone.fr\/it\/trasferimento-dal-centro-citta-allaeroporto-in-francese\/","title":{"rendered":"Trasferimento dal centro citt\u00e0 all'aeroporto in francese!"},"content":{"rendered":"<p>Offerte partner di Bonjour Barcelone <strong>il viaggio di andata e ritorno dal vostro alloggio o da qualsiasi punto del centro citt\u00e0 all'aeroporto<\/strong>.<\/p>\n<aside class=\"block-note\">\n<p class=\"block-offer-desc\">\n<strong>Le nostre guide hanno vantaggi unici<\/strong>:<\/p>\n<ul>\n<li>essi <strong>parlare francese<\/strong> che facilita la comunicazione<\/li>\n<li>vi aspetteranno in fondo all'hotel o all'edificio in cui vivete. <strong>evitare l'attesa<\/strong> un taxi in strada<\/li>\n<li>essi <strong>aiutarvi<\/strong> con le valigie per risparmiare fatica<\/li>\n<li>il <strong>il prezzo \u00e8 fisso<\/strong>per evitare eventuali truffe<\/li>\n<\/ul>\n<\/aside>\n<h4><strong>Ecco alcune testimonianze:<\/strong><\/h4>\n<blockquote><p>Servizio super! Siamo arrivati a Barcellona il 23 settembre e Paul ci stava gi\u00e0 aspettando. Ci ha dato molti buoni consigli durante il tragitto e si \u00e8 anche fermato per ammirare una superba vista di Barcellona!<br \/>\nAbbiamo avuto l'impressione di essere accolti da un amico che ci ha dato tutte le informazioni di cui avevamo bisogno.<br \/>\nCos\u00ec abbiamo prenotato il viaggio di ritorno e nemmeno l'orario delle 4.00 del mattino lo ha spaventato!<br \/>\nGrazie ancora Paul per la tua calorosa accoglienza, che \u00e8 stata molto importante per noi quando siamo arrivati. Torneremo sicuramente a Barcellona!<\/p>\n<p style=\"text-align: right;\">Isa e Steph<\/p>\n<p>Grazie Bonjour Barcelone! E grazie a Paul! Molto facile con il sito web e il modulo di prenotazione....<br \/>\nSiamo arrivati il 16 agosto. Paul ci ha accolti all'aeroporto e ci ha accompagnati al nostro noleggio. \u00c8 stato tutto fantastico. Tanti piccoli consigli durante il viaggio.<\/p>\n<p>Cos\u00ec, per il viaggio di ritorno, abbiamo deciso di non preoccuparci di .... e gli abbiamo chiesto di venire a prendere anche noi e di accompagnarci all'aeroporto.<\/p>\n<p>Altamente raccomandato!<\/p>\n<p style=\"text-align: right;\">Muriel<\/p>\n<p>Nonostante un'ora di attesa per il ritiro dei bagagli, il nostro autista Paul \u00e8 stato puntuale. Durante il viaggio ci ha dato alcune idee sulle cose da fare.<br \/>\nConsiglio vivamente di utilizzare questo servizio molto utile, economico e pratico. L'autista \u00e8 stato cordiale e accogliente.<\/p>\n<p style=\"text-align: right;\">Da Rocha<\/p>\n<p>Servizio di trasferimento eccellente, tranquillit\u00e0 perch\u00e9 avevamo prenotato anche il viaggio di ritorno all'aeroporto quando siamo arrivati a Barcellona.<br \/>\nRaccomando !!!!!<br \/>\nGrazie<\/p>\n<p style=\"text-align: right;\">Corinne<\/p>\n<\/blockquote>\n<div class=\"su-box su-box-style-default\" id=\"\" style=\"border-color:#017520;border-radius:3px;\"><div class=\"su-box-title\" style=\"background-color:#34A853;color:#FFFFFF;border-top-left-radius:1px;border-top-right-radius:1px\">Prenotazione<\/div><div class=\"su-box-content su-u-clearfix su-u-trim\" style=\"border-bottom-left-radius:1px;border-bottom-right-radius:1px\">\n<strong>Tasso fisso<\/strong>:<br \/>\nDa 1 a 3 persone: 59 \u20ac<br \/>\nPer 4-6 persone: 69 \u20ac<br \/>\n7-8 persone: \u20ac99<\/p>\n<p><strong>Esempio<\/strong>Se siete in 2, il prezzo totale \u00e8 di 59 euro.<\/p>\n<p>Il pagamento viene effettuato in contanti al termine del trasferimento.<br \/>\n<\/div><\/div>","protected":false},"excerpt":{"rendered":"<p>Il partner di Bonjour Barcelona pu\u00f2 accompagnarvi dal vostro alloggio o da qualsiasi punto del centro citt\u00e0 fino all'aeroporto. I nostri accompagnatori hanno dei vantaggi unici: parlano francese, il che facilita la comunicazione vi aspettano in fondo al vostro hotel\/appartamento in modo che non dobbiate aspettare un taxi per strada vi aiutano [...]<\/p>","protected":false},"author":2,"featured_media":0,"parent":0,"menu_order":0,"comment_status":"closed","ping_status":"closed","template":"page_landing.php","meta":{"om_disable_all_campaigns":false,"_genesis_hide_title":false,"_genesis_hide_breadcrumbs":false,"_genesis_hide_singular_image":false,"_genesis_hide_footer_widgets":false,"_genesis_custom_body_class":"","_genesis_custom_post_class":"","_genesis_layout":"","footnotes":""},"class_list":{"0":"post-3656","1":"page","2":"type-page","3":"status-publish","5":"entry"},"yoast_head":"<!-- This site is optimized with the Yoast SEO plugin v26.5 - https:\/\/yoast.com\/wordpress\/plugins\/seo\/ -->\n<title>Transfert depuis le centre-ville vers l&#039;a\u00e9roport en fran\u00e7ais !<\/title>\n<meta name=\"robots\" content=\"noindex, nofollow\" \/>\n<meta property=\"og:locale\" content=\"it_IT\" \/>\n<meta property=\"og:type\" content=\"article\" \/>\n<meta property=\"og:title\" content=\"Transfert depuis le centre-ville vers l&#039;a\u00e9roport en fran\u00e7ais !\" \/>\n<meta property=\"og:description\" content=\"Le partenaire de Bonjour Barcelone propose d&rsquo;effectuer votre retour depuis votre h\u00e9bergement ou n&rsquo;importe quel endroit en centre-ville jusqu&rsquo;\u00e0 l&rsquo;a\u00e9roport. Nos accompagnateurs ont des avantages uniques: ils parlent fran\u00e7ais ce qui rend la communication facile ils vous attendent en bas de votre h\u00f4tel\/immeuble pour vous \u00e9viter d&rsquo;attendre un taxi dans la rue ils vous aident [&hellip;]\" \/>\n<meta property=\"og:url\" content=\"https:\/\/bonjourbarcelone.fr\/it\/trasferimento-dal-centro-citta-allaeroporto-in-francese\/\" \/>\n<meta property=\"og:site_name\" content=\"Visiter Barcelone\" \/>\n<meta property=\"article:modified_time\" content=\"2025-10-13T13:36:05+00:00\" \/>\n<meta name=\"twitter:card\" content=\"summary_large_image\" \/>\n<meta name=\"twitter:label1\" content=\"Tempo di lettura stimato\" \/>\n\t<meta name=\"twitter:data1\" content=\"1 minuto\" \/>\n<script type=\"application\/ld+json\" class=\"yoast-schema-graph\">{\"@context\":\"https:\/\/schema.org\",\"@graph\":[{\"@type\":\"WebPage\",\"@id\":\"https:\/\/bonjourbarcelone.fr\/transfert-depuis-le-centre-ville-vers-un-aeroport-en-francais\/\",\"url\":\"https:\/\/bonjourbarcelone.fr\/transfert-depuis-le-centre-ville-vers-un-aeroport-en-francais\/\",\"name\":\"Transfert depuis le centre-ville vers l'a\u00e9roport en fran\u00e7ais !\",\"isPartOf\":{\"@id\":\"https:\/\/bonjourbarcelone.fr\/#website\"},\"datePublished\":\"2024-03-06T14:28:14+00:00\",\"dateModified\":\"2025-10-13T13:36:05+00:00\",\"breadcrumb\":{\"@id\":\"https:\/\/bonjourbarcelone.fr\/transfert-depuis-le-centre-ville-vers-un-aeroport-en-francais\/#breadcrumb\"},\"inLanguage\":\"it-IT\",\"potentialAction\":[{\"@type\":\"ReadAction\",\"target\":[\"https:\/\/bonjourbarcelone.fr\/transfert-depuis-le-centre-ville-vers-un-aeroport-en-francais\/\"]}]},{\"@type\":\"BreadcrumbList\",\"@id\":\"https:\/\/bonjourbarcelone.fr\/transfert-depuis-le-centre-ville-vers-un-aeroport-en-francais\/#breadcrumb\",\"itemListElement\":[{\"@type\":\"ListItem\",\"position\":1,\"name\":\"Accueil\",\"item\":\"https:\/\/bonjourbarcelone.fr\/\"},{\"@type\":\"ListItem\",\"position\":2,\"name\":\"Transfert depuis le centre-ville vers l&rsquo;a\u00e9roport en fran\u00e7ais !\"}]},{\"@type\":\"WebSite\",\"@id\":\"https:\/\/bonjourbarcelone.fr\/#website\",\"url\":\"https:\/\/bonjourbarcelone.fr\/\",\"name\":\"Visiter Barcelone\",\"description\":\"Tout pour passer un s\u00e9jour inoubliable en 2026 !\",\"potentialAction\":[{\"@type\":\"SearchAction\",\"target\":{\"@type\":\"EntryPoint\",\"urlTemplate\":\"https:\/\/bonjourbarcelone.fr\/?s={search_term_string}\"},\"query-input\":{\"@type\":\"PropertyValueSpecification\",\"valueRequired\":true,\"valueName\":\"search_term_string\"}}],\"inLanguage\":\"it-IT\"}]}<\/script>\n<!-- \/ Yoast SEO plugin. -->","yoast_head_json":{"title":"Trasferimento dal centro citt\u00e0 all'aeroporto in francese!","robots":{"index":"noindex","follow":"nofollow"},"og_locale":"it_IT","og_type":"article","og_title":"Transfert depuis le centre-ville vers l'a\u00e9roport en fran\u00e7ais !","og_description":"Le partenaire de Bonjour Barcelone propose d&rsquo;effectuer votre retour depuis votre h\u00e9bergement ou n&rsquo;importe quel endroit en centre-ville jusqu&rsquo;\u00e0 l&rsquo;a\u00e9roport. Nos accompagnateurs ont des avantages uniques: ils parlent fran\u00e7ais ce qui rend la communication facile ils vous attendent en bas de votre h\u00f4tel\/immeuble pour vous \u00e9viter d&rsquo;attendre un taxi dans la rue ils vous aident [&hellip;]","og_url":"https:\/\/bonjourbarcelone.fr\/it\/trasferimento-dal-centro-citta-allaeroporto-in-francese\/","og_site_name":"Visiter Barcelone","article_modified_time":"2025-10-13T13:36:05+00:00","twitter_card":"summary_large_image","twitter_misc":{"Tempo di lettura stimato":"1 minuto"},"schema":{"@context":"https:\/\/schema.org","@graph":[{"@type":"WebPage","@id":"https:\/\/bonjourbarcelone.fr\/transfert-depuis-le-centre-ville-vers-un-aeroport-en-francais\/","url":"https:\/\/bonjourbarcelone.fr\/transfert-depuis-le-centre-ville-vers-un-aeroport-en-francais\/","name":"Trasferimento dal centro citt\u00e0 all'aeroporto in francese!","isPartOf":{"@id":"https:\/\/bonjourbarcelone.fr\/#website"},"datePublished":"2024-03-06T14:28:14+00:00","dateModified":"2025-10-13T13:36:05+00:00","breadcrumb":{"@id":"https:\/\/bonjourbarcelone.fr\/transfert-depuis-le-centre-ville-vers-un-aeroport-en-francais\/#breadcrumb"},"inLanguage":"it-IT","potentialAction":[{"@type":"ReadAction","target":["https:\/\/bonjourbarcelone.fr\/transfert-depuis-le-centre-ville-vers-un-aeroport-en-francais\/"]}]},{"@type":"BreadcrumbList","@id":"https:\/\/bonjourbarcelone.fr\/transfert-depuis-le-centre-ville-vers-un-aeroport-en-francais\/#breadcrumb","itemListElement":[{"@type":"ListItem","position":1,"name":"Accueil","item":"https:\/\/bonjourbarcelone.fr\/"},{"@type":"ListItem","position":2,"name":"Transfert depuis le centre-ville vers l&rsquo;a\u00e9roport en fran\u00e7ais !"}]},{"@type":"WebSite","@id":"https:\/\/bonjourbarcelone.fr\/#website","url":"https:\/\/bonjourbarcelone.fr\/","name":"Visitare Barcellona","description":"Tout pour passer un s\u00e9jour inoubliable en 2026 !","potentialAction":[{"@type":"SearchAction","target":{"@type":"EntryPoint","urlTemplate":"https:\/\/bonjourbarcelone.fr\/?s={search_term_string}"},"query-input":{"@type":"PropertyValueSpecification","valueRequired":true,"valueName":"search_term_string"}}],"inLanguage":"it-IT"}]}},"_links":{"self":[{"href":"https:\/\/bonjourbarcelone.fr\/it\/wp-json\/wp\/v2\/pages\/3656","targetHints":{"allow":["GET"]}}],"collection":[{"href":"https:\/\/bonjourbarcelone.fr\/it\/wp-json\/wp\/v2\/pages"}],"about":[{"href":"https:\/\/bonjourbarcelone.fr\/it\/wp-json\/wp\/v2\/types\/page"}],"author":[{"embeddable":true,"href":"https:\/\/bonjourbarcelone.fr\/it\/wp-json\/wp\/v2\/users\/2"}],"replies":[{"embeddable":true,"href":"https:\/\/bonjourbarcelone.fr\/it\/wp-json\/wp\/v2\/comments?post=3656"}],"version-history":[{"count":6,"href":"https:\/\/bonjourbarcelone.fr\/it\/wp-json\/wp\/v2\/pages\/3656\/revisions"}],"predecessor-version":[{"id":3990,"href":"https:\/\/bonjourbarcelone.fr\/it\/wp-json\/wp\/v2\/pages\/3656\/revisions\/3990"}],"wp:attachment":[{"href":"https:\/\/bonjourbarcelone.fr\/it\/wp-json\/wp\/v2\/media?parent=3656"}],"curies":[{"name":"wp","href":"https:\/\/api.w.org\/{rel}","templated":true}]}}