{"id":3662,"date":"2024-03-06T14:38:55","date_gmt":"2024-03-06T14:38:55","guid":{"rendered":"https:\/\/bonjourbarcelone.fr\/?page_id=3662"},"modified":"2025-09-20T16:14:51","modified_gmt":"2025-09-20T16:14:51","slug":"richiesta-di-trasferimento-presa-in-considerazione","status":"publish","type":"page","link":"https:\/\/bonjourbarcelone.fr\/it\/richiesta-di-trasferimento-presa-in-considerazione\/","title":{"rendered":"Richiesta di trasferimento presa in considerazione"},"content":{"rendered":"<p>Grazie mille!<br \/>\nLa vostra richiesta di trasferimento dall'aeroporto al vostro alloggio verr\u00e0 elaborata.<br \/>\nVi contatteremo al pi\u00f9 presto per confermare la vostra prenotazione.<\/p>\n<h2><strong>Torna a<\/strong>Ora potete prenotare il vostro volo di ritorno all'aeroporto:<\/h2>\n<p><strong>Si paga solo quando si arriva a destinazione<\/strong>. <\/p>\n<p><strong>Tasso fisso <\/strong>:<br \/>\nDa 1 a 3 persone: 59 \u20ac<br \/>\nPer 4-6 persone: 69 \u20ac<br \/>\n7-8 persone: \u20ac99<\/p>\n<p><strong>Esempio<\/strong>Se siete in 2, il prezzo totale \u00e8 di 59 euro.<\/p>\n<p>Il pagamento viene effettuato in contanti o con carta di credito al termine del trasferimento.<\/p>\n<p><strong>Potete richiedere il vostro trasferimento di ritorno compilando il modulo sottostante:<\/strong><\/p>","protected":false},"excerpt":{"rendered":"<p>Merci ! Votre demande de transfert depuis l\u2019a\u00e9roport vers votre logement est prise en compte. Nous vous contacterons dans les plus brefs d\u00e9lais pour confirmer votre r\u00e9servation. Retour: vous pouvez d\u00e8s maintenant r\u00e9server votre retour vers l&rsquo;a\u00e9roport: Vous ne payez qu&rsquo;une fois arriv\u00e9s \u00e0 destination. Tarif fixe : De 1 \u00e0 3 personnes: 59\u20ac De [&hellip;]<\/p>","protected":false},"author":2,"featured_media":0,"parent":0,"menu_order":0,"comment_status":"closed","ping_status":"closed","template":"page_landing.php","meta":{"om_disable_all_campaigns":false,"_genesis_hide_title":false,"_genesis_hide_breadcrumbs":false,"_genesis_hide_singular_image":false,"_genesis_hide_footer_widgets":false,"_genesis_custom_body_class":"","_genesis_custom_post_class":"","_genesis_layout":"","footnotes":""},"class_list":{"0":"post-3662","1":"page","2":"type-page","3":"status-publish","5":"entry"},"yoast_head":"<!-- This site is optimized with the Yoast SEO plugin v26.5 - https:\/\/yoast.com\/wordpress\/plugins\/seo\/ -->\n<title>Demande de transfert prise en compte<\/title>\n<meta name=\"robots\" content=\"index, follow, max-snippet:-1, max-image-preview:large, max-video-preview:-1\" \/>\n<link rel=\"canonical\" href=\"https:\/\/bonjourbarcelone.fr\/it\/richiesta-di-trasferimento-presa-in-considerazione\/\" \/>\n<meta property=\"og:locale\" content=\"it_IT\" \/>\n<meta property=\"og:type\" content=\"article\" \/>\n<meta property=\"og:title\" content=\"Demande de transfert prise en compte\" \/>\n<meta property=\"og:description\" content=\"Merci ! Votre demande de transfert depuis l\u2019a\u00e9roport vers votre logement est prise en compte. Nous vous contacterons dans les plus brefs d\u00e9lais pour confirmer votre r\u00e9servation. Retour: vous pouvez d\u00e8s maintenant r\u00e9server votre retour vers l&rsquo;a\u00e9roport: Vous ne payez qu&rsquo;une fois arriv\u00e9s \u00e0 destination. Tarif fixe : De 1 \u00e0 3 personnes: 59\u20ac De [&hellip;]\" \/>\n<meta property=\"og:url\" content=\"https:\/\/bonjourbarcelone.fr\/it\/richiesta-di-trasferimento-presa-in-considerazione\/\" \/>\n<meta property=\"og:site_name\" content=\"Visiter Barcelone\" \/>\n<meta property=\"article:modified_time\" content=\"2025-09-20T16:14:51+00:00\" \/>\n<meta name=\"twitter:card\" content=\"summary_large_image\" \/>\n<meta name=\"twitter:label1\" content=\"Tempo di lettura stimato\" \/>\n\t<meta name=\"twitter:data1\" content=\"1 minuto\" \/>\n<script type=\"application\/ld+json\" class=\"yoast-schema-graph\">{\"@context\":\"https:\/\/schema.org\",\"@graph\":[{\"@type\":\"WebPage\",\"@id\":\"https:\/\/bonjourbarcelone.fr\/demande-transfert-prise-en-compte\/\",\"url\":\"https:\/\/bonjourbarcelone.fr\/demande-transfert-prise-en-compte\/\",\"name\":\"Demande de transfert prise en compte\",\"isPartOf\":{\"@id\":\"https:\/\/bonjourbarcelone.fr\/#website\"},\"datePublished\":\"2024-03-06T14:38:55+00:00\",\"dateModified\":\"2025-09-20T16:14:51+00:00\",\"breadcrumb\":{\"@id\":\"https:\/\/bonjourbarcelone.fr\/demande-transfert-prise-en-compte\/#breadcrumb\"},\"inLanguage\":\"it-IT\",\"potentialAction\":[{\"@type\":\"ReadAction\",\"target\":[\"https:\/\/bonjourbarcelone.fr\/demande-transfert-prise-en-compte\/\"]}]},{\"@type\":\"BreadcrumbList\",\"@id\":\"https:\/\/bonjourbarcelone.fr\/demande-transfert-prise-en-compte\/#breadcrumb\",\"itemListElement\":[{\"@type\":\"ListItem\",\"position\":1,\"name\":\"Accueil\",\"item\":\"https:\/\/bonjourbarcelone.fr\/\"},{\"@type\":\"ListItem\",\"position\":2,\"name\":\"Demande de transfert prise en compte\"}]},{\"@type\":\"WebSite\",\"@id\":\"https:\/\/bonjourbarcelone.fr\/#website\",\"url\":\"https:\/\/bonjourbarcelone.fr\/\",\"name\":\"Visiter Barcelone\",\"description\":\"Tout pour passer un s\u00e9jour inoubliable en 2026 !\",\"potentialAction\":[{\"@type\":\"SearchAction\",\"target\":{\"@type\":\"EntryPoint\",\"urlTemplate\":\"https:\/\/bonjourbarcelone.fr\/?s={search_term_string}\"},\"query-input\":{\"@type\":\"PropertyValueSpecification\",\"valueRequired\":true,\"valueName\":\"search_term_string\"}}],\"inLanguage\":\"it-IT\"}]}<\/script>\n<!-- \/ Yoast SEO plugin. -->","yoast_head_json":{"title":"Richiesta di trasferimento presa in considerazione","robots":{"index":"index","follow":"follow","max-snippet":"max-snippet:-1","max-image-preview":"max-image-preview:large","max-video-preview":"max-video-preview:-1"},"canonical":"https:\/\/bonjourbarcelone.fr\/it\/richiesta-di-trasferimento-presa-in-considerazione\/","og_locale":"it_IT","og_type":"article","og_title":"Demande de transfert prise en compte","og_description":"Merci ! Votre demande de transfert depuis l\u2019a\u00e9roport vers votre logement est prise en compte. Nous vous contacterons dans les plus brefs d\u00e9lais pour confirmer votre r\u00e9servation. Retour: vous pouvez d\u00e8s maintenant r\u00e9server votre retour vers l&rsquo;a\u00e9roport: Vous ne payez qu&rsquo;une fois arriv\u00e9s \u00e0 destination. Tarif fixe : De 1 \u00e0 3 personnes: 59\u20ac De [&hellip;]","og_url":"https:\/\/bonjourbarcelone.fr\/it\/richiesta-di-trasferimento-presa-in-considerazione\/","og_site_name":"Visiter Barcelone","article_modified_time":"2025-09-20T16:14:51+00:00","twitter_card":"summary_large_image","twitter_misc":{"Tempo di lettura stimato":"1 minuto"},"schema":{"@context":"https:\/\/schema.org","@graph":[{"@type":"WebPage","@id":"https:\/\/bonjourbarcelone.fr\/demande-transfert-prise-en-compte\/","url":"https:\/\/bonjourbarcelone.fr\/demande-transfert-prise-en-compte\/","name":"Richiesta di trasferimento presa in considerazione","isPartOf":{"@id":"https:\/\/bonjourbarcelone.fr\/#website"},"datePublished":"2024-03-06T14:38:55+00:00","dateModified":"2025-09-20T16:14:51+00:00","breadcrumb":{"@id":"https:\/\/bonjourbarcelone.fr\/demande-transfert-prise-en-compte\/#breadcrumb"},"inLanguage":"it-IT","potentialAction":[{"@type":"ReadAction","target":["https:\/\/bonjourbarcelone.fr\/demande-transfert-prise-en-compte\/"]}]},{"@type":"BreadcrumbList","@id":"https:\/\/bonjourbarcelone.fr\/demande-transfert-prise-en-compte\/#breadcrumb","itemListElement":[{"@type":"ListItem","position":1,"name":"Accueil","item":"https:\/\/bonjourbarcelone.fr\/"},{"@type":"ListItem","position":2,"name":"Demande de transfert prise en compte"}]},{"@type":"WebSite","@id":"https:\/\/bonjourbarcelone.fr\/#website","url":"https:\/\/bonjourbarcelone.fr\/","name":"Visitare Barcellona","description":"Tout pour passer un s\u00e9jour inoubliable en 2026 !","potentialAction":[{"@type":"SearchAction","target":{"@type":"EntryPoint","urlTemplate":"https:\/\/bonjourbarcelone.fr\/?s={search_term_string}"},"query-input":{"@type":"PropertyValueSpecification","valueRequired":true,"valueName":"search_term_string"}}],"inLanguage":"it-IT"}]}},"_links":{"self":[{"href":"https:\/\/bonjourbarcelone.fr\/it\/wp-json\/wp\/v2\/pages\/3662","targetHints":{"allow":["GET"]}}],"collection":[{"href":"https:\/\/bonjourbarcelone.fr\/it\/wp-json\/wp\/v2\/pages"}],"about":[{"href":"https:\/\/bonjourbarcelone.fr\/it\/wp-json\/wp\/v2\/types\/page"}],"author":[{"embeddable":true,"href":"https:\/\/bonjourbarcelone.fr\/it\/wp-json\/wp\/v2\/users\/2"}],"replies":[{"embeddable":true,"href":"https:\/\/bonjourbarcelone.fr\/it\/wp-json\/wp\/v2\/comments?post=3662"}],"version-history":[{"count":3,"href":"https:\/\/bonjourbarcelone.fr\/it\/wp-json\/wp\/v2\/pages\/3662\/revisions"}],"predecessor-version":[{"id":3993,"href":"https:\/\/bonjourbarcelone.fr\/it\/wp-json\/wp\/v2\/pages\/3662\/revisions\/3993"}],"wp:attachment":[{"href":"https:\/\/bonjourbarcelone.fr\/it\/wp-json\/wp\/v2\/media?parent=3662"}],"curies":[{"name":"wp","href":"https:\/\/api.w.org\/{rel}","templated":true}]}}