{"id":3665,"date":"2024-03-06T14:45:37","date_gmt":"2024-03-06T14:45:37","guid":{"rendered":"https:\/\/bonjourbarcelone.fr\/?page_id=3665"},"modified":"2024-03-06T14:45:37","modified_gmt":"2024-03-06T14:45:37","slug":"richiesta-di-trasferimento-allaeroporto-presa-in-considerazione","status":"publish","type":"page","link":"https:\/\/bonjourbarcelone.fr\/it\/richiesta-di-trasferimento-allaeroporto-presa-in-considerazione\/","title":{"rendered":"Richiesta di trasferimento all'aeroporto presa in considerazione"},"content":{"rendered":"<p>Grazie mille!<br \/>\nLa vostra richiesta di trasferimento dalla vostra struttura ricettiva all'aeroporto \u00e8 <strong>presi in considerazione.<\/strong>.<br \/>\nVi contatteremo al pi\u00f9 presto per confermare la vostra prenotazione.<\/p>\n<p style=\"color:#FF0000\"><font size=\"6\"> -&gt; Sconto 20% solo qui. Chiudendo questa pagina, non avrete pi\u00f9 diritto a questo sconto!<\/font><\/p>\n<p><strong><\/p>\n<h2>L'incredibile tour del centro storico di Barcellona<\/strong><\/h2>\n<p>Volete vedere il meglio del centro storico di Barcellona in poche ore?<\/p>\n<p><strong><\/p>\n<h2>Offriamo visite guidate private in francese!<\/strong><\/h2>\n<p><img decoding=\"async\" src=\"https:\/\/bonjourbarcelone.fr\/wp-content\/uploads\/2022\/08\/montage-visite-guidee-barcelone-copie.jpg\" alt=\"visita guidata in assemblea a barcellona\" width=\"1700\" height=\"1275\" class=\"alignnone size-full wp-image-1724\" srcset=\"https:\/\/bonjourbarcelone.fr\/wp-content\/uploads\/2022\/08\/montage-visite-guidee-barcelone-copie.jpg 1700w, https:\/\/bonjourbarcelone.fr\/wp-content\/uploads\/2022\/08\/montage-visite-guidee-barcelone-copie-300x225.jpg 300w, https:\/\/bonjourbarcelone.fr\/wp-content\/uploads\/2022\/08\/montage-visite-guidee-barcelone-copie-1024x768.jpg 1024w, https:\/\/bonjourbarcelone.fr\/wp-content\/uploads\/2022\/08\/montage-visite-guidee-barcelone-copie-768x576.jpg 768w, https:\/\/bonjourbarcelone.fr\/wp-content\/uploads\/2022\/08\/montage-visite-guidee-barcelone-copie-1536x1152.jpg 1536w\" sizes=\"(max-width: 1700px) 100vw, 1700px\" \/><br \/>\n<img decoding=\"async\" class=\"img-full\" title=\"visto su\" src=\"https:\/\/bonjourbarcelone.fr\/wp-content\/uploads\/2024\/03\/banniere_logos_soccial.png\" alt=\"visto su\" \/><\/p>\n<p><strong><\/p>\n<h3>Come viene organizzata la visita e cosa si vede?<\/strong><\/h3>\n<p>Il punto di partenza del tour viene concordato con la guida, nel centro storico.<\/p>\n<aside class=\"block-note\">\n<p class=\"block-offer-desc\">Ecco alcuni esempi <strong>benefici<\/strong> per prenotare una visita con noi:<\/p>\n<ul>\n<li>La vostra guida <strong>parlare perfettamente il francese<\/strong>in modo che non ci siano problemi di comunicazione<\/li>\n<li>Vi mostrer\u00e0 <strong>luoghi tipici<\/strong>che hanno mantenuto la loro autenticit\u00e0<\/li>\n<li>Vi dir\u00e0 <strong>aneddoti e storie<\/strong> che renderanno affascinanti i luoghi che visiterete<\/li>\n<li>Vi mostrer\u00e0 <strong>i luoghi pi\u00f9 belli<\/strong> di Barcellona<\/li>\n<li>Vi mostrer\u00e0 <strong>luoghi segreti<\/strong>Quelli che non compaiono in nessuna guida e che i catalani non vogliono condividere con i turisti.<\/li>\n<li>Vi dar\u00e0 un <strong>tour personalizzato<\/strong> in base ai vostri gusti e al vostro ritmo di marcia<\/li>\n<li>Bonus: si prender\u00e0 il tempo di <strong>creare un programma personalizzato per il resto del vostro soggiorno<\/strong> (monumenti, attivit\u00e0, ristoranti, luoghi per uscire...)<\/li>\n<\/ul>\n<\/aside>\n<h3><strong>Itinerario del tour<\/strong><\/h3>\n<p>Questo \u00e8 l'itinerario proposto per la vostra visita. A volte pu\u00f2 essere leggermente modificato per offrirvi il miglior servizio possibile. <strong>la migliore esperienza possibile<\/strong> !<\/p>\n<p><strong>1) Il quartiere Gotico<\/strong><br \/>\nAvrete il piacere di scoprire la <strong>prestigioso<\/strong> La Cattedrale della Santa Croce di Barcellona e la sua storia (compresa la leggenda di Santa Eulalia, patrona della citt\u00e0 di Barcellona).<\/p>\n<p>Passeggiate nel parco <strong>meraviglioso<\/strong> Il quartiere ebraico e le sue strette vie, passeranno per pla\u00e7a Reial, pla\u00e7a san Jaume e pla\u00e7a del Rei, tre piazze molto diverse tra loro, ma tutte molto diverse. <strong>magnifico<\/strong>!<br \/>\n<img decoding=\"async\" src=\"https:\/\/bonjourbarcelone.fr\/wp-content\/uploads\/2023\/10\/placa-reial-1024x576.jpg\" alt=\"placa reial\" width=\"1024\" height=\"576\" class=\"alignnone size-large wp-image-3198\" srcset=\"https:\/\/bonjourbarcelone.fr\/wp-content\/uploads\/2023\/10\/placa-reial-1024x576.jpg 1024w, https:\/\/bonjourbarcelone.fr\/wp-content\/uploads\/2023\/10\/placa-reial-300x169.jpg 300w, https:\/\/bonjourbarcelone.fr\/wp-content\/uploads\/2023\/10\/placa-reial-768x432.jpg 768w, https:\/\/bonjourbarcelone.fr\/wp-content\/uploads\/2023\/10\/placa-reial.jpg 1365w\" sizes=\"(max-width: 1024px) 100vw, 1024px\" \/><br \/>\n<strong>2) Il quartiere El Born<\/strong><br \/>\nUn'area da non perdere!<\/p>\n<p>Con <strong>i suoi caratteristici vicoli<\/strong> i cui nomi ricordano le attivit\u00e0 commerciali dell'epoca medievale.<br \/>\n<img decoding=\"async\" src=\"https:\/\/bonjourbarcelone.fr\/wp-content\/uploads\/2023\/10\/basilique-Santa-Maria-del-Mar-1024x830.jpg\" alt=\"basilica di santa maria\" width=\"1024\" height=\"830\" class=\"alignnone size-large wp-image-3199\" srcset=\"https:\/\/bonjourbarcelone.fr\/wp-content\/uploads\/2023\/10\/basilique-Santa-Maria-del-Mar-1024x830.jpg 1024w, https:\/\/bonjourbarcelone.fr\/wp-content\/uploads\/2023\/10\/basilique-Santa-Maria-del-Mar-300x243.jpg 300w, https:\/\/bonjourbarcelone.fr\/wp-content\/uploads\/2023\/10\/basilique-Santa-Maria-del-Mar-768x623.jpg 768w, https:\/\/bonjourbarcelone.fr\/wp-content\/uploads\/2023\/10\/basilique-Santa-Maria-del-Mar.jpg 1137w\" sizes=\"(max-width: 1024px) 100vw, 1024px\" \/><br \/>\nVedrete una basilica <strong>da non perdere<\/strong>Carrer Moncada \u00e8 una delle vie pi\u00f9 intriganti della citt\u00e0, con i suoi antichi palazzi di mercanti.<\/p>\n<p><strong>3) Il quartiere di El Raval<\/strong><br \/>\n<img decoding=\"async\" src=\"https:\/\/bonjourbarcelone.fr\/wp-content\/uploads\/2023\/10\/raval-1024x775.jpg\" alt=\"raval\" width=\"1024\" height=\"775\" class=\"alignnone size-large wp-image-3197\" srcset=\"https:\/\/bonjourbarcelone.fr\/wp-content\/uploads\/2023\/10\/raval-1024x775.jpg 1024w, https:\/\/bonjourbarcelone.fr\/wp-content\/uploads\/2023\/10\/raval-300x227.jpg 300w, https:\/\/bonjourbarcelone.fr\/wp-content\/uploads\/2023\/10\/raval-768x581.jpg 768w, https:\/\/bonjourbarcelone.fr\/wp-content\/uploads\/2023\/10\/raval.jpg 1400w\" sizes=\"(max-width: 1024px) 100vw, 1024px\" \/><br \/>\nQuesto \u00e8 IL <strong>distretto atipico<\/strong> con le sue diverse stradine.<\/p>\n<p>Il programma prevede visite ad antichi monasteri, al murale di Keith Haring, alla Biblioteca Nazionale della Catalogna e alla rambla (la strada pi\u00f9 famosa di Barcellona!).<\/p>\n<p>\u00c8 semplice, vedrete il <strong>il meglio del centro storico<\/strong> da Barcellona!<\/p>\n<p>Questo itinerario \u00e8 stato progettato per mostrarvi sia la<strong>imperdibile<\/strong> di Barcellona, ma anche l'insolito, il nascosto, le storie interessanti e gli aneddoti unici che non troverete da nessun'altra parte. <strong>da nessun'altra parte<\/strong>.<\/p>\n<p>Ecco alcuni esempi di feedback di viaggiatori che hanno visitato il centro storico con noi:<\/p>\n<blockquote><p>Ci siamo trovati benissimo con Antonio, che \u00e8 stato una guida affascinante ed entusiasta. Ci ha fatto scoprire la sua citt\u00e0, la sua storia, i suoi aneddoti... lo consigliamo vivamente con il suo impeccabile francese!<br \/>\nGRAZIE a lui<\/p>\n<p style=\"text-align: right;\">Jean-Pierre Challier<\/p>\n<p>Ottima visita con Tony, molto disponibile e perfettamente in grado di adattarsi ai nostri ritmi. Vorrei ringraziarlo per tutti i suoi consigli e suggerimenti, che ci sono stati molto utili durante il resto del nostro soggiorno.<br \/>\nUna visita da non perdere!<br \/>\nGrazie!!!<\/p>\n<p style=\"text-align: right;\">Claire D.<\/p>\n<p>3 ore magiche in compagnia di Tony! \u00c8 una guida paziente e colta che ascolta i suoi clienti.<br \/>\nUna visita guidata per immergersi nella cultura della citt\u00e0! Luoghi insoliti, improbabili, .... che sarebbe stato difficile scoprire da soli... un solo consiglio: prenotate appena arrivati per poter approfittare al meglio dei buoni indirizzi che vi verranno dati.<br \/>\nGrazie mille .... e complimenti per la vostra professionalit\u00e0!<\/p>\n<p style=\"text-align: right;\">Ciomei<\/p>\n<p>Vorremmo ringraziare la nostra super guida (J\u00e9r\u00e9my) per averci mostrato Barcellona.<br \/>\nal nostro ritmo e con molti aneddoti e buonumore. Ci sono molti luoghi che non avremmo mai scoperto senza il suo aiuto.<br \/>\nHa anche stilato un calendario con gli indirizzi migliori per gli altri giorni.<br \/>\nEravamo in 4 e consigliamo vivamente di utilizzare i vostri servizi perch\u00e9 ne vale davvero la pena.<br \/>\nQuesto \u00e8 stato il nostro primo soggiorno a Barcellona, ma ci torneremo.<br \/>\nTutto il meglio.<\/p>\n<p style=\"text-align: right;\">Lardinois Christiane<\/p>\n<p>Abbiamo trascorso un pomeriggio meraviglioso in compagnia di Tania, che ci ha fatto visitare la sua citt\u00e0 e ci ha mostrato luoghi che non avremmo potuto trovare da soli, e consigliamo vivamente questo modo di scoprire Barcellona. Un ringraziamento speciale a Tania per le sue conoscenze, il suo modo di condividerle e la sua gentilezza.<\/p>\n<p style=\"text-align: right;\">Philippe Cabanel<\/p>\n<p>La visita guidata con Tony ci \u00e8 piaciuta molto, \u00e8 stata davvero affascinante... Se volete scoprire Barcellona, \u00e8 una visita essenziale. Inoltre, vi d\u00e0 molti indirizzi di buoni ristoranti (cos\u00ec non vi fate abbindolare dai ristoranti turistici). \u00c8 stato il nostro miglior ricordo di sempre! Grazie ancora ....<\/p>\n<p style=\"text-align: right;\">Christine Troux<\/p>\n<p>Appena arrivati a Barcellona, abbiamo continuato la nostra visita guidata con Antonio. Ci siamo divertiti molto, girando per i diversi quartieri di Barcellona. Abbiamo beneficiato della sua vasta esperienza, della sua cultura e dei suoi numerosi aneddoti, che hanno aggiunto un tocco di fantasia al tour! Grazie Antonio, e futuri viaggiatori, non esitate, scegliete questa opzione!<\/p>\n<p style=\"text-align: right;\">Nathalie RELAND<\/p>\n<p>La visita con Jeremy ci ha lasciato ottimi ricordi: ci ha ascoltato, \u00e8 stato molto erudito, grazie a lui abbiamo scoperto luoghi che non avremmo visitato da soli e il suo buon umore ci ha conquistati !!!!<br \/>\nRaccomando questo sito alla mia famiglia e ai miei amici.<br \/>\nGrazie ancora per la bella serata.<\/p>\n<p style=\"text-align: right;\"> Chassagne <\/p>\n<p>Grazie a J\u00e9r\u00e9mie per questo superbo tour di Barcellona, con tutto il suo entusiasmo per la citt\u00e0! Grazie alle sue conoscenze, ci ha mostrato molti luoghi e attrazioni bellissime.<br \/>\nCi ha anche aiutato a pianificare altre visite per i giorni successivi del nostro soggiorno. Lo raccomandiamo. Gracias!<\/p>\n<p style=\"text-align: right;\"> Deschampsch <\/p>\n<\/blockquote>\n<p><strong><\/p>\n<h3>Quanto dura il tour?<\/strong><\/h3>\n<p>\u00c8 un tour a piedi che dura circa 3 ore.<\/p>\n<p><strong><\/p>\n<h3>Si uniranno a noi altre persone?<\/strong><\/h3>\n<p>No, <strong>la visita \u00e8 molto riservata<\/strong>.<br \/>\nOffriamo questo tipo di visita solo se desiderate <strong>la migliore esperienza possibile<\/strong> e stare il pi\u00f9 vicino possibile alla guida.<\/p>\n<p>La vostra guida si adatter\u00e0 a voi, condividendo una ricchezza di informazioni, storie, segreti e aneddoti che non troverete da nessun'altra parte...<br \/>\nE si pu\u00f2 <strong>fate tutte le domande che volete<\/strong> !<\/p>\n<h3><strong> Come possiamo offrirvi un tour personalizzato di Barcellona come un vero catalano? <\/strong><\/h3>\n<p><strong>Ecco alcuni fatti e cifre importanti che ci riguardano:<\/strong><\/p>\n<ul>\n<li>Il sito web di Bonjour Barcelone \u00e8 stato creato nel 2016 ed \u00e8 diventato la <strong>riferimento<\/strong> su internet per i viaggiatori di lingua francese che visitano Barcellona<\/li>\n<li>Abbiamo sostenuto quasi <strong>5.000 passeggeri<\/strong> che ci ha fatto <strong>fiducia<\/strong> che hanno prenotato un <strong>una visita guidata personalizzata con noi<\/strong><\/li>\n<li>Il sito web di Bonjour Barcelone viene consultato da pi\u00f9 di <strong>300.000 passeggeri<\/strong> ogni anno<\/li>\n<li>Siamo un team di 7 persone al vostro servizio per aiutarvi a scoprire Barcellona come un catalano.<\/li>\n<li>Il sito web di Bonjour Barcelone \u00e8 stato <strong>raccomandato dalla Guide du Routard<\/strong><\/li>\n<\/ul>\n<p><img decoding=\"async\" src=\"https:\/\/bonjourbarcelone.fr\/wp-content\/uploads\/2024\/01\/logo-recommandation-routard.png\" alt=\"logo di raccomandazione routard\" width=\"300\" height=\"170\" class=\"aligncenter size-medium wp-image-1937\" \/><\/p>\n<h3><strong>Garanzia UNICA<\/strong><\/h3>\n<p>Se la visita non vi \u00e8 piaciuta, semplicemente non pagate e vi promettiamo di darvi 50 euro per compensarvi del \"tempo perso\" (<strong>Garanzia valida solo per<\/strong> se avete completato l'intero tour e avete spiegato alla guida cosa non vi \u00e8 piaciuto e perch\u00e9 siete rimasti delusi).<\/p>\n<p>Quindi non avete <strong>nessun rischio<\/strong> prenotate una visita con noi e vi divertirete sicuramente!<\/p>\n<p><strong><\/p>\n<h3>Quanto costa un tour privato? (Sconto 20% in questa pagina)<\/strong><\/h3>\n<p>Il tour privato costa solo 129 euro per 1 o 2 persone (invece di 129 euro per 1 persona). <del datetime=\"2018-01-29T10:10:04+00:00\">169<\/del>15\/persona aggiuntiva per pi\u00f9 di 2 persone. Gratuito per i bambini sotto i 10 anni.<br \/>\n<strong>Esempio<\/strong>Se siete in 2, il prezzo totale \u00e8 di 129 euro. Se siete in 4, il prezzo totale \u00e8 di 159 euro.<\/p>\n<p>EDIT: come promemoria, questa \u00e8 una visita privata e avrete una guida solo per voi. <strong>per voi<\/strong>.<\/p>\n<p><strong><\/p>\n<h3>Come si effettua una prenotazione?<\/strong><\/h3>\n<p>\u00c8 sufficiente compilare il seguente modulo.<\/p>\n<p>La guida vi invier\u00e0 quindi un messaggio per confermare la visita e indicarvi il punto d'incontro esatto.<\/p>\n<p>\u00c8 possibile compilare il modulo sottostante:<\/p>\n<div data-tf-widget=\"tTml6tMW\" data-tf-inline-on-mobile data-tf-iframe-props=\"title=Demande visite guidee barcelone (-20%)\" data-tf-medium=\"snippet\" style=\"width:100%;height:400px;\"><\/div>\n<p><script src=\"\/\/embed.typeform.com\/next\/embed.js\"><\/script><\/p>\n<p><strong><\/p>\n<h3>FAQ<\/strong><\/h3>\n<p><strong><\/p>\n<h4>\u00c8 necessario prenotare con largo anticipo?<\/strong><\/h4>\n<p>Una volta deciso di visitarci, vi preghiamo di prenotare il prima possibile, poich\u00e9 la disponibilit\u00e0 \u00e8 molto limitata. Questo vale soprattutto per i fine settimana e durante le vacanze scolastiche.<br \/>\n<strong><\/p>\n<h4>Organizzate visite di gruppo?<\/strong><\/h4>\n<p>No, offriamo solo visite guidate private per offrirvi la migliore esperienza possibile.<br \/>\n<strong><\/p>\n<h4>Cosa succede se il tempo \u00e8 brutto?<\/strong><\/h4>\n<p>Di norma, il tour viene effettuato. Tuttavia, se il tempo \u00e8 veramente brutto, la guida pu\u00f2 decidere di annullare l'escursione e proporvi un altro giorno, se possibile.<br \/>\n<strong><\/p>\n<h4>I tour sono adatti ai bambini?<\/strong><\/h4>\n<p>La vostra guida \u00e8 sempre adattabile e riesce a catturare i visitatori pi\u00f9 giovani, quindi s\u00ec!<br \/>\nLa guida suggerir\u00e0 pi\u00f9 pause per non affaticarli troppo. Tuttavia, devono essere in grado di camminare per diverse ore.<br \/>\n<strong><\/p>\n<h4>Conosco gi\u00e0 la citt\u00e0, la visita \u00e8 interessante per me?<\/strong><\/h4>\n<p>La risposta \u00e8 s\u00ec, e c'\u00e8 sempre tempo per riscoprire la citt\u00e0 da una nuova angolazione, con aneddoti e storie mai sentite prima.<br \/>\n\u00c8 possibile specificarlo nel campo \"Informazioni aggiuntive se richieste\" o all'inizio della visita, ad esempio, in modo che la guida possa adattarsi.<br \/>\n<strong><\/p>\n<h4>\u00c8 possibile pagare in modo diverso da quello in contanti alla fine della visita?<\/strong><\/h4>\n<p>S\u00ec, \u00e8 possibile verificarlo direttamente via e-mail con la guida dopo aver effettuato la richiesta.<br \/>\n<strong><\/p>\n<h4>\u00c8 possibile ottenere una fattura per questa visita?<\/strong><\/h4>\n<p>S\u00ec, \u00e8 possibile verificarlo direttamente via e-mail con la guida dopo aver effettuato la richiesta.<\/p>\n<p><strong><\/p>\n<h3>E se ho altre domande?<\/strong><\/h3>\n<p>Potete inviare le vostre domande a bonjourbarcelone.marie@gmail.com e Marie vi risponder\u00e0 al pi\u00f9 presto.<br \/>\nSe possibile, ricordate anche di lasciare il vostro numero di telefono, in quanto potremmo contattarvi per telefono\/WhatsApp per aiutarci a rispondere alle vostre domande.<\/p>\n<p>A presto e buona visita!<\/p>","protected":false},"excerpt":{"rendered":"<p>Merci ! Votre demande de transfert depuis votre logement vers l&rsquo;a\u00e9roport est prise en compte.. Nous vous contacterons dans les plus brefs d\u00e9lais pour confirmer votre r\u00e9servation. \u2013> 20% de r\u00e9duction ici seulement. En refermant cette page, vous n\u2019aurez plus droit \u00e0 cette r\u00e9duction! L&rsquo;incroyable visite du centre historique de Barcelone Vous aimeriez d\u00e9couvrir le [&hellip;]<\/p>","protected":false},"author":2,"featured_media":0,"parent":0,"menu_order":0,"comment_status":"closed","ping_status":"closed","template":"page_landing.php","meta":{"om_disable_all_campaigns":false,"_genesis_hide_title":false,"_genesis_hide_breadcrumbs":false,"_genesis_hide_singular_image":false,"_genesis_hide_footer_widgets":false,"_genesis_custom_body_class":"","_genesis_custom_post_class":"","_genesis_layout":"","footnotes":""},"class_list":{"0":"post-3665","1":"page","2":"type-page","3":"status-publish","5":"entry"},"yoast_head":"<!-- This site is optimized with the Yoast SEO plugin v26.5 - https:\/\/yoast.com\/wordpress\/plugins\/seo\/ -->\n<title>Demande de transfert vers a\u00e9roport prise en compte<\/title>\n<meta name=\"robots\" content=\"index, follow, max-snippet:-1, max-image-preview:large, max-video-preview:-1\" \/>\n<link rel=\"canonical\" href=\"https:\/\/bonjourbarcelone.fr\/it\/richiesta-di-trasferimento-allaeroporto-presa-in-considerazione\/\" \/>\n<meta property=\"og:locale\" content=\"it_IT\" \/>\n<meta property=\"og:type\" content=\"article\" \/>\n<meta property=\"og:title\" content=\"Demande de transfert vers a\u00e9roport prise en compte\" \/>\n<meta property=\"og:description\" content=\"Merci ! Votre demande de transfert depuis votre logement vers l&rsquo;a\u00e9roport est prise en compte.. Nous vous contacterons dans les plus brefs d\u00e9lais pour confirmer votre r\u00e9servation. \u2013&gt; 20% de r\u00e9duction ici seulement. En refermant cette page, vous n\u2019aurez plus droit \u00e0 cette r\u00e9duction! L&rsquo;incroyable visite du centre historique de Barcelone Vous aimeriez d\u00e9couvrir le [&hellip;]\" \/>\n<meta property=\"og:url\" content=\"https:\/\/bonjourbarcelone.fr\/it\/richiesta-di-trasferimento-allaeroporto-presa-in-considerazione\/\" \/>\n<meta property=\"og:site_name\" content=\"Visiter Barcelone\" \/>\n<meta property=\"og:image\" content=\"https:\/\/bonjourbarcelone.fr\/wp-content\/uploads\/2022\/08\/montage-visite-guidee-barcelone-copie.jpg\" \/>\n<meta name=\"twitter:card\" content=\"summary_large_image\" \/>\n<script type=\"application\/ld+json\" class=\"yoast-schema-graph\">{\"@context\":\"https:\/\/schema.org\",\"@graph\":[{\"@type\":\"WebPage\",\"@id\":\"https:\/\/bonjourbarcelone.fr\/demande-de-transfert-vers-aeroport-prise-en-compte\/\",\"url\":\"https:\/\/bonjourbarcelone.fr\/demande-de-transfert-vers-aeroport-prise-en-compte\/\",\"name\":\"Demande de transfert vers a\u00e9roport prise en compte\",\"isPartOf\":{\"@id\":\"https:\/\/bonjourbarcelone.fr\/#website\"},\"primaryImageOfPage\":{\"@id\":\"https:\/\/bonjourbarcelone.fr\/demande-de-transfert-vers-aeroport-prise-en-compte\/#primaryimage\"},\"image\":{\"@id\":\"https:\/\/bonjourbarcelone.fr\/demande-de-transfert-vers-aeroport-prise-en-compte\/#primaryimage\"},\"thumbnailUrl\":\"https:\/\/bonjourbarcelone.fr\/wp-content\/uploads\/2022\/08\/montage-visite-guidee-barcelone-copie.jpg\",\"datePublished\":\"2024-03-06T14:45:37+00:00\",\"breadcrumb\":{\"@id\":\"https:\/\/bonjourbarcelone.fr\/demande-de-transfert-vers-aeroport-prise-en-compte\/#breadcrumb\"},\"inLanguage\":\"it-IT\",\"potentialAction\":[{\"@type\":\"ReadAction\",\"target\":[\"https:\/\/bonjourbarcelone.fr\/demande-de-transfert-vers-aeroport-prise-en-compte\/\"]}]},{\"@type\":\"ImageObject\",\"inLanguage\":\"it-IT\",\"@id\":\"https:\/\/bonjourbarcelone.fr\/demande-de-transfert-vers-aeroport-prise-en-compte\/#primaryimage\",\"url\":\"https:\/\/bonjourbarcelone.fr\/wp-content\/uploads\/2022\/08\/montage-visite-guidee-barcelone-copie.jpg\",\"contentUrl\":\"https:\/\/bonjourbarcelone.fr\/wp-content\/uploads\/2022\/08\/montage-visite-guidee-barcelone-copie.jpg\"},{\"@type\":\"BreadcrumbList\",\"@id\":\"https:\/\/bonjourbarcelone.fr\/demande-de-transfert-vers-aeroport-prise-en-compte\/#breadcrumb\",\"itemListElement\":[{\"@type\":\"ListItem\",\"position\":1,\"name\":\"Accueil\",\"item\":\"https:\/\/bonjourbarcelone.fr\/\"},{\"@type\":\"ListItem\",\"position\":2,\"name\":\"Demande de transfert vers a\u00e9roport prise en compte\"}]},{\"@type\":\"WebSite\",\"@id\":\"https:\/\/bonjourbarcelone.fr\/#website\",\"url\":\"https:\/\/bonjourbarcelone.fr\/\",\"name\":\"Visiter Barcelone\",\"description\":\"Tout pour passer un s\u00e9jour inoubliable en 2026 !\",\"potentialAction\":[{\"@type\":\"SearchAction\",\"target\":{\"@type\":\"EntryPoint\",\"urlTemplate\":\"https:\/\/bonjourbarcelone.fr\/?s={search_term_string}\"},\"query-input\":{\"@type\":\"PropertyValueSpecification\",\"valueRequired\":true,\"valueName\":\"search_term_string\"}}],\"inLanguage\":\"it-IT\"}]}<\/script>\n<!-- \/ Yoast SEO plugin. -->","yoast_head_json":{"title":"Richiesta di trasferimento all'aeroporto presa in considerazione","robots":{"index":"index","follow":"follow","max-snippet":"max-snippet:-1","max-image-preview":"max-image-preview:large","max-video-preview":"max-video-preview:-1"},"canonical":"https:\/\/bonjourbarcelone.fr\/it\/richiesta-di-trasferimento-allaeroporto-presa-in-considerazione\/","og_locale":"it_IT","og_type":"article","og_title":"Demande de transfert vers a\u00e9roport prise en compte","og_description":"Merci ! Votre demande de transfert depuis votre logement vers l&rsquo;a\u00e9roport est prise en compte.. Nous vous contacterons dans les plus brefs d\u00e9lais pour confirmer votre r\u00e9servation. \u2013> 20% de r\u00e9duction ici seulement. En refermant cette page, vous n\u2019aurez plus droit \u00e0 cette r\u00e9duction! L&rsquo;incroyable visite du centre historique de Barcelone Vous aimeriez d\u00e9couvrir le [&hellip;]","og_url":"https:\/\/bonjourbarcelone.fr\/it\/richiesta-di-trasferimento-allaeroporto-presa-in-considerazione\/","og_site_name":"Visiter Barcelone","og_image":[{"url":"https:\/\/bonjourbarcelone.fr\/wp-content\/uploads\/2022\/08\/montage-visite-guidee-barcelone-copie.jpg","type":"","width":"","height":""}],"twitter_card":"summary_large_image","schema":{"@context":"https:\/\/schema.org","@graph":[{"@type":"WebPage","@id":"https:\/\/bonjourbarcelone.fr\/demande-de-transfert-vers-aeroport-prise-en-compte\/","url":"https:\/\/bonjourbarcelone.fr\/demande-de-transfert-vers-aeroport-prise-en-compte\/","name":"Richiesta di trasferimento all'aeroporto presa in considerazione","isPartOf":{"@id":"https:\/\/bonjourbarcelone.fr\/#website"},"primaryImageOfPage":{"@id":"https:\/\/bonjourbarcelone.fr\/demande-de-transfert-vers-aeroport-prise-en-compte\/#primaryimage"},"image":{"@id":"https:\/\/bonjourbarcelone.fr\/demande-de-transfert-vers-aeroport-prise-en-compte\/#primaryimage"},"thumbnailUrl":"https:\/\/bonjourbarcelone.fr\/wp-content\/uploads\/2022\/08\/montage-visite-guidee-barcelone-copie.jpg","datePublished":"2024-03-06T14:45:37+00:00","breadcrumb":{"@id":"https:\/\/bonjourbarcelone.fr\/demande-de-transfert-vers-aeroport-prise-en-compte\/#breadcrumb"},"inLanguage":"it-IT","potentialAction":[{"@type":"ReadAction","target":["https:\/\/bonjourbarcelone.fr\/demande-de-transfert-vers-aeroport-prise-en-compte\/"]}]},{"@type":"ImageObject","inLanguage":"it-IT","@id":"https:\/\/bonjourbarcelone.fr\/demande-de-transfert-vers-aeroport-prise-en-compte\/#primaryimage","url":"https:\/\/bonjourbarcelone.fr\/wp-content\/uploads\/2022\/08\/montage-visite-guidee-barcelone-copie.jpg","contentUrl":"https:\/\/bonjourbarcelone.fr\/wp-content\/uploads\/2022\/08\/montage-visite-guidee-barcelone-copie.jpg"},{"@type":"BreadcrumbList","@id":"https:\/\/bonjourbarcelone.fr\/demande-de-transfert-vers-aeroport-prise-en-compte\/#breadcrumb","itemListElement":[{"@type":"ListItem","position":1,"name":"Accueil","item":"https:\/\/bonjourbarcelone.fr\/"},{"@type":"ListItem","position":2,"name":"Demande de transfert vers a\u00e9roport prise en compte"}]},{"@type":"WebSite","@id":"https:\/\/bonjourbarcelone.fr\/#website","url":"https:\/\/bonjourbarcelone.fr\/","name":"Visitare Barcellona","description":"Tout pour passer un s\u00e9jour inoubliable en 2026 !","potentialAction":[{"@type":"SearchAction","target":{"@type":"EntryPoint","urlTemplate":"https:\/\/bonjourbarcelone.fr\/?s={search_term_string}"},"query-input":{"@type":"PropertyValueSpecification","valueRequired":true,"valueName":"search_term_string"}}],"inLanguage":"it-IT"}]}},"_links":{"self":[{"href":"https:\/\/bonjourbarcelone.fr\/it\/wp-json\/wp\/v2\/pages\/3665","targetHints":{"allow":["GET"]}}],"collection":[{"href":"https:\/\/bonjourbarcelone.fr\/it\/wp-json\/wp\/v2\/pages"}],"about":[{"href":"https:\/\/bonjourbarcelone.fr\/it\/wp-json\/wp\/v2\/types\/page"}],"author":[{"embeddable":true,"href":"https:\/\/bonjourbarcelone.fr\/it\/wp-json\/wp\/v2\/users\/2"}],"replies":[{"embeddable":true,"href":"https:\/\/bonjourbarcelone.fr\/it\/wp-json\/wp\/v2\/comments?post=3665"}],"version-history":[{"count":1,"href":"https:\/\/bonjourbarcelone.fr\/it\/wp-json\/wp\/v2\/pages\/3665\/revisions"}],"predecessor-version":[{"id":3667,"href":"https:\/\/bonjourbarcelone.fr\/it\/wp-json\/wp\/v2\/pages\/3665\/revisions\/3667"}],"wp:attachment":[{"href":"https:\/\/bonjourbarcelone.fr\/it\/wp-json\/wp\/v2\/media?parent=3665"}],"curies":[{"name":"wp","href":"https:\/\/api.w.org\/{rel}","templated":true}]}}