{"id":496,"date":"2025-12-09T16:19:09","date_gmt":"2025-12-09T16:19:09","guid":{"rendered":"http:\/\/thibaut.wpengine.com\/?page_id=496"},"modified":"2025-12-26T18:31:17","modified_gmt":"2025-12-26T18:31:17","slug":"fondazione-miro-barcellona","status":"publish","type":"page","link":"https:\/\/bonjourbarcelone.fr\/it\/fondazione-miro-barcellona\/","title":{"rendered":"Fondation Miro Barcelone : Guide complet et infos utiles [2026]"},"content":{"rendered":"<p>D\u00e9couvrons ensemble <strong>la fondation Joan Mir\u00f3 \u00e0 Barcelone<\/strong>, qui regroupe des \u0153uvres de l&rsquo;un des artistes contemporains les plus influents.<\/p>\n<p>Dans cet article, vous trouverez notamment :<\/p>\n<ul>\n<li>Une pr\u00e9sentation de la fondation Mir\u00f3<\/li>\n<li>Comment y acc\u00e9der<\/li>\n<li>Ce qu&rsquo;on peut voir en la visitant<\/li>\n<li>Des informations et des conseils pratiques : tarifs, horaires, r\u00e9servation<\/li>\n<li>Et bien d&rsquo;autres choses !<\/li>\n<\/ul>\n<p>La Fondazione Joan Mir\u00f3 \u00e8 <strong>La visita essenziale<\/strong> quando si va al <strong>Parco di MontJu\u00efc<\/strong>. Si vous souhaitez en savoir plus, vous allez adorer cet article.<\/p>\n<p><strong>Lasciate che Bonjour Barcelone sia la vostra guida!<\/strong><\/p>\n<p><a href=\"https:\/\/bonjourbarcelone.fr\/wp-content\/uploads\/2025\/12\/fundacio-joan-miro.jpg\"><img decoding=\"async\" class=\"aligncenter size-full wp-image-4089\" src=\"https:\/\/bonjourbarcelone.fr\/wp-content\/uploads\/2025\/12\/fundacio-joan-miro.jpg\" alt=\"fundation-joan-miro barcelone\" width=\"600\" height=\"400\" srcset=\"https:\/\/bonjourbarcelone.fr\/wp-content\/uploads\/2025\/12\/fundacio-joan-miro.jpg 600w, https:\/\/bonjourbarcelone.fr\/wp-content\/uploads\/2025\/12\/fundacio-joan-miro-300x200.jpg 300w, https:\/\/bonjourbarcelone.fr\/wp-content\/uploads\/2025\/12\/fundacio-joan-miro-18x12.jpg 18w\" sizes=\"(max-width: 600px) 100vw, 600px\" \/><\/a><\/p>\n<h2 class=\"summary-title\">Fondation Miro Barcelone : sommaire de l&rsquo;article<\/h2>\n<div class=\"summary-box\">\n<ul class=\"summary-list\">\n<li><a href=\"#1\">Fondation Miro Barcelone : pour d\u00e9couvrir le g\u00e9nie du catalan international<br \/>\n<\/a><\/li>\n<li><a href=\"#2\">Informations utiles sur la fondation Miro Barcelone : tarifs, horaires, contacts<br \/>\n<\/a><\/li>\n<li><a href=\"#3\">Comment se rendre \u00e0 la fondation MIR\u00d3 ? <\/a><\/li>\n<li><a href=\"#4\">La storia della Fondazione Mir\u00f2 a Barcellona<\/a><\/li>\n<li><a href=\"#5\">Visita alla Fondazione Mir\u00f2<\/a><\/li>\n<li><a href=\"#6\">Astuces de Bonjour Barcelone concernant la fondation Miro + FAQ <\/a><\/li>\n<\/ul>\n<\/div>\n<p><a name=\"1\"><\/a><\/p>\n<h2><strong>Fondation Miro Barcelone : pour d\u00e9couvrir le g\u00e9nie du catalan international\u00a0<\/strong><\/h2>\n<p>Gli informati e anche i non addetti ai lavori sanno bene che Joan Mir\u00f3 \u00e8 uno degli artisti pi\u00f9 importanti del mondo. <strong>emblematico<\/strong> da <strong>Arte contemporanea spagnola<\/strong>e, in particolare, il movimento surrealista che lo ha reso famoso in tutto il mondo.<\/p>\n<p><img decoding=\"async\" class=\"wp-image-1497 size-medium alignright\" src=\"https:\/\/bonjourbarcelone.fr\/wp-content\/uploads\/2019\/04\/Devant-Fondation-Juan-Miro-500x300-300x180.jpg\" alt=\"\" width=\"300\" height=\"180\" srcset=\"https:\/\/bonjourbarcelone.fr\/wp-content\/uploads\/2019\/04\/Devant-Fondation-Juan-Miro-500x300-300x180.jpg 300w, https:\/\/bonjourbarcelone.fr\/wp-content\/uploads\/2019\/04\/Devant-Fondation-Juan-Miro-500x300.jpg 500w\" sizes=\"(max-width: 300px) 100vw, 300px\" \/>La fondazione si trova a Barcellona per un motivo semplice ma importante: <strong>dove \u00e8 nato e ha vissuto molti momenti della sua vita.<\/strong>.<\/p>\n<p><strong>Molto legato alle sue radici<\/strong>, dont il exprime son amour dans nombre de ses \u0153uvres, c\u2019est \u00e0 l\u2019\u00e2ge de <strong>80 anni<\/strong> ha inaugurato l'omonima fondazione. Questo centro riunisce <strong>la pi\u00f9 grande collezione<\/strong> dall'artista.<\/p>\n<p>Innegabilmente <strong>vicino alla cultura francese<\/strong>Si tratta di <strong>Parigi <\/strong>ha fatto alcuni dei migliori incontri e amicizie artistiche della sua carriera: Masson, Breton, Aragon, Jacob, \u00c9luard, Artaud, Leiris, Tzara, <a href=\"https:\/\/bonjourbarcelone.fr\/it\/museo-picasso-barcellona\/\" target=\"_blank\" rel=\"noopener noreferrer\">Picasso<\/a>\u2026 C\u2019est \u00e9galement en France, \u00e0 Paris, bouillon de cr\u00e9ativit\u00e9 et d\u2019inventivit\u00e9, que son art s\u2019est enrichi et structur\u00e9.<\/p>\n<p>Infine, l'isola di <strong>Maiorca<\/strong> La sua casa in vecchiaia gli consentir\u00e0 di staccarsi completamente dalle influenze e dalle richieste dei suoi contemporanei e di dedicarsi esclusivamente alla sua arte.<\/p>\n<p><strong>Pittura, collage, scultura, incisione, litografia, ceramica...<\/strong> l'opera di Joan Mir\u00f3 \u00e8 <strong>eccezionale<\/strong>. Les lieux accueillant cette exposition permanente sont particuli\u00e8rement admirables et valent en eux-m\u00eames le coup d\u2019\u0153il.<\/p>\n<div class=\"su-button-center\"><a href=\"https:\/\/www.tiqets.com\/fr\/billets-fundacio-joan-miro-l145489\/?partner=bonjourbarcelone\" class=\"su-button su-button-style-default\" style=\"color:#FFFFFF;background-color:#659A16;border-color:#517c12;border-radius:9px\" target=\"_blank\" rel=\"nofollow noopener noreferrer\"><span style=\"color:#FFFFFF;padding:8px 24px;font-size:18px;line-height:27px;border-color:#94b95c;border-radius:9px;text-shadow:none\"><i class=\"sui sui-long-arrow-right\" style=\"font-size:18px;color:#FFFFFF\"><\/i> Cliquez ici pour r\u00e9server vos places pour la fondation Miro au meilleur tarif <\/span><\/a><\/div>\n<p>&nbsp;<\/p>\n<p><img decoding=\"async\" class=\"img-full\" title=\"nome dell&#039;immagine\" src=\"https:\/\/bonjourbarcelone.fr\/wp-content\/uploads\/2017\/07\/Jardins-de-la-fondation-Juan-Miro\u0301.jpg\" alt=\"nome dell&#039;immagine\" \/><br \/>\n<a name=\"2\"><\/a><\/p>\n<h2><strong>Informations utiles sur la fondation Miro Barcelone : tarifs, horaires, contacts\u00a0<\/strong><\/h2>\n<p>Voici les informations \u00e0 conna\u00eetre pour bien pr\u00e9parer votre visite de la fondation Miro de Barcelone.<\/p>\n<h3><strong>Orario<\/strong><\/h3>\n<ul>\n<li>Du mardi au samedi : 10h -19h (entre novembre et mars) \/ 10h &#8211; 20h (d&rsquo;avril \u00e0 octobre)<\/li>\n<li>Chiuso: luned\u00ec, eccetto i giorni festivi<\/li>\n<li>Ultimo ingresso: 30 minuti prima della chiusura<\/li>\n<\/ul>\n<div class=\"block-quote\"><strong>Da notare <\/strong>ces horaires peuvent \u00eatre soumis \u00e0 modification en cas d\u2019\u00e9v\u00e8nements organis\u00e9s par la direction des visites.<\/div>\n<h3><strong>Tariffe<\/strong><\/h3>\n<ul>\n<li>Tarif normal : 18 euros (acc\u00e8s collection Joan Mir\u00f3 + expositions temporaires)<\/li>\n<li>\u00c9l\u00e8ves et \u00e9tudiants de 13 \u00e0 25 ans \/ plus de 65 ans : 12 euros<\/li>\n<li>Gratuit pour les moins de 12 ans<\/li>\n<\/ul>\n<p>Pour gagner du temps et recevoir vos billets coupe-file imm\u00e9diatement, je vous invite \u00e0 les r\u00e9server en ligne.<\/p>\n<div class=\"su-button-center\"><a href=\"https:\/\/www.tiqets.com\/fr\/billets-fundacio-joan-miro-l145489\/?partner=bonjourbarcelone\" class=\"su-button su-button-style-default\" style=\"color:#FFFFFF;background-color:#659A16;border-color:#517c12;border-radius:9px\" target=\"_blank\" rel=\"nofollow noopener noreferrer\"><span style=\"color:#FFFFFF;padding:8px 24px;font-size:18px;line-height:27px;border-color:#94b95c;border-radius:9px;text-shadow:none\"><i class=\"sui sui-long-arrow-right\" style=\"font-size:18px;color:#FFFFFF\"><\/i> Cliquez ici pour r\u00e9server vos places pour la fondation Miro au meilleur tarif <\/span><\/a><\/div>\n<h4><strong>Contatti<\/strong><\/h4>\n<ul>\n<li><strong>Telefono<\/strong> : (+34) 934 439 470<\/li>\n<li><b>site officiel : <\/b><a href=\"https:\/\/www.fmirobcn.org\/fr\/\" target=\"_blank\" rel=\"noopener\">https:\/\/www.fmirobcn.org\/fr\/\u00a0<\/a><\/li>\n<\/ul>\n<p><a name=\"3\"><\/a><\/p>\n<h2><strong>Comment se rendre \u00e0 la fondation MIR\u00d3 ?\u00a0<\/strong><\/h2>\n<p>La fondation Miro se trouve dans <a href=\"https:\/\/bonjourbarcelone.fr\/it\/parco-montjuic-barcellona\/\">le Parc de Montju\u00efc<\/a> (08038) \u00e0 Barcelone. Pour y acc\u00e9der facilement, vous pouvez emprunter les services suivants :<\/p>\n<ul>\n<li><strong>Autobus<\/strong> : 13, 55, et 150 (tr\u00e8s conseill\u00e9, arr\u00eat juste devant l\u2019entr\u00e9e du parc)<\/li>\n<li><strong>Metro<\/strong> Linea 1 (rossa), Linea 3 (verde) (fermata lontana dall'ingresso, non consigliata)<\/li>\n<li><strong>A piedi<\/strong>, via les sentiers de randonn\u00e9e qu&rsquo;offre la colline de Montju\u00efc<\/li>\n<\/ul>\n<div class=\"block-quote\"><strong>Attenzione<\/strong> Non c'\u00e8 un parcheggio privato e vi consiglio di arrivarci in auto. <a href=\"https:\/\/bonjourbarcelone.fr\/it\/trasporto-pubblico-barcellona\/\" target=\"_blank\" rel=\"noopener noreferrer\">trasporto pubblico<\/a> o in taxi<\/div>\n<p><a name=\"4\"><\/a><\/p>\n<h2><strong>La storia della Fondazione Mir\u00f2 a Barcellona<\/strong><\/h2>\n<p><a href=\"https:\/\/bonjourbarcelone.fr\/wp-content\/uploads\/2017\/07\/Juan-Miro\u0301.jpg\"><img decoding=\"async\" class=\"alignright size-medium wp-image-373\" src=\"https:\/\/bonjourbarcelone.fr\/wp-content\/uploads\/2017\/07\/Juan-Miro\u0301-236x300.jpg\" alt=\"Juan Mir\u00f3\" width=\"236\" height=\"300\" srcset=\"https:\/\/bonjourbarcelone.fr\/wp-content\/uploads\/2017\/07\/Juan-Miro\u0301-236x300.jpg 236w, https:\/\/bonjourbarcelone.fr\/wp-content\/uploads\/2017\/07\/Juan-Miro\u0301.jpg 640w\" sizes=\"(max-width: 236px) 100vw, 236px\" \/><\/a>Inaugurato nel 1975 da <strong>l'artista stesso<\/strong>La fondazione si trova su una delle colline di Barcellona, nella zona di <strong>Parco di MontJu\u00efc<\/strong>Un luogo di eventi culturali e festivi, ma anche di relax.<\/p>\n<p>Les lieux sont l\u2019\u0153uvre de l\u2019architecte <strong>Giuseppe Llu\u00eds Sert<\/strong>vicino a Mir\u00f3.<\/p>\n<p>Tr\u00e8s modernes, en majorit\u00e9 peints en blanc pour faire ressortir l\u2019\u00e9motion pure des \u0153uvres de l\u2019artiste consacr\u00e9, ils ont \u00e9t\u00e9 pens\u00e9s pour permettre \u00e0 la lumi\u00e8re naturelle d\u2019entrer le plus possible \u00e0 l\u2019int\u00e9rieur des pi\u00e8ces pour ne pas d\u00e9naturer lesdites \u0153uvres.<\/p>\n<p>I visitatori possono comprendere istintivamente lo sviluppo dell'arte di Mir\u00f3, seguendo l'evoluzione cronologica dell'opera dell'artista. <strong>diverse fasi della sua vita<\/strong>.<\/p>\n<h3><strong>Miro&#8230;mais pas que !\u00a0<\/strong><\/h3>\n<p>L\u2019ensemble des lieux n\u2019est pas qu\u2019enti\u00e8rement consacr\u00e9 \u00e0 Mir\u00f3. Ce dernier a aussi voulu mettre en avant <strong>altri artisti<\/strong>Stiamo lavorando con artisti giovani, noti e meno noti, per dare alla fondazione un tocco d'avanguardia e senza tempo.<\/p>\n<p>Cos\u00ec \u00e8 possibile visitare il <strong>mostre temporanee<\/strong> renouvel\u00e9es tout au long de<a href=\"https:\/\/bonjourbarcelone.fr\/wp-content\/uploads\/2017\/07\/La-Fondation-Juan-Miro\u0301-Barcelone.jpg\"><img decoding=\"async\" class=\"alignright size-medium wp-image-374\" src=\"https:\/\/bonjourbarcelone.fr\/wp-content\/uploads\/2017\/07\/La-Fondation-Juan-Miro\u0301-Barcelone-200x300.jpg\" alt=\"miro barcellona\" width=\"200\" height=\"300\" srcset=\"https:\/\/bonjourbarcelone.fr\/wp-content\/uploads\/2017\/07\/La-Fondation-Juan-Miro\u0301-Barcelone-200x300.jpg 200w, https:\/\/bonjourbarcelone.fr\/wp-content\/uploads\/2017\/07\/La-Fondation-Juan-Miro\u0301-Barcelone.jpg 640w\" sizes=\"(max-width: 200px) 100vw, 200px\" \/><\/a> l\u2019ann\u00e9e !<\/p>\n<p>Inoltre <strong>attivit\u00e0 accademiche e artistiche<\/strong> sono organizzati nella fondazione, in linea con il desiderio di Mir\u00f3 di estendere l'arte e la cultura al maggior numero di persone possibile.<\/p>\n<p>Les \u0153uvres expos\u00e9es dans la fondation sont en grande partie issues de dons priv\u00e9s, dont la majorit\u00e9 ont \u00e9t\u00e9 <strong>donato dall'artista stesso <\/strong>poich\u00e9 \u00e8 l'uomo che sta dietro al progetto.<\/p>\n<p>Il faut noter que la fondation est l\u2019un des uniques exemples de nos jours qui montre un parfait \u00e9quilibre entre l\u2019artiste, point central, et l\u2019architecte. <strong>Ce dialogue entre les deux amis laisse d\u00e9couvrir un univers tout \u00e0 fait particulier.<\/strong><br \/>\n<a name=\"5\"><\/a><\/p>\n<h2><strong>Visita alla Fondazione Mir\u00f2<\/strong><\/h2>\n<p>Come gi\u00e0 accennato, la visita si svolge nel seguente ordine <strong>cronologico<\/strong> in modo che chi scopre la mostra possa sentirsi <strong>evoluzione artistica<\/strong> di un Mir\u00f3 che, nei suoi primi anni di attivit\u00e0 pittorica, si \u00e8 ispirato a <strong>Impressionismo<\/strong>allora il <strong>cubismo<\/strong> e infine il <strong>surrealismo<\/strong>.<\/p>\n<p>Queste diverse angolazioni hanno contribuito a creare la sua arte immediatamente riconoscibile. Questo lato \"ingenuo\" non lascia molto a desiderare. <strong>persona indifferente<\/strong>.<\/p>\n<p>Oltre alla pittura, viene dato ampio spazio alla <strong>scultura<\/strong> e <strong>incisione<\/strong>. Nel corso della sua vita, Mir\u00f3 si \u00e8 talvolta distaccato dalla pittura e ha persino combattuto apertamente contro questa forma d'arte, per la quale ha dichiarato di nutrire un \"profondo disprezzo\".<\/p>\n<p>Tuttavia, \u00e8 attraverso i suoi dipinti che lo conosciamo meglio e, soprattutto, lo riconosciamo.<\/p>\n<aside class=\"block-note\">\n<p class=\"block-offer-desc\">Il <strong>\u0153uvres principales <\/strong>da scoprire lungo il percorso:<\/p>\n<ul>\n<li>Il guanto bianco (1925)<\/li>\n<li>Dipinto da un collage (1933)<\/li>\n<li>La stella del mattino (1940)<\/li>\n<li>Donna che sogna la fuga (1945)<\/li>\n<li>Autoritratto (1937-1960)<\/li>\n<li>Pittura (1963)<\/li>\n<li>Contadino catalano al chiaro di luna (1968)<\/li>\n<li>Sorriso di una lacrima (1973)<\/li>\n<li>Trittico di L'Espoir du condamn\u00e9 \u00e0 mort (1974)<\/li>\n<li>Il seminterrato della fondazione \u00e8 dedicato all'omaggio all'artista Mir\u00f3.<\/li>\n<\/ul>\n<\/aside>\n<p>Questo fondamento ci aiuta a comprendere la sua dedizione alla <strong>Cultura spagnola<\/strong>in particolare <strong>catalano<\/strong> e la sua aspirazione verso altre culture e altri movimenti che gli hanno permesso di legittimare la sua arte sulla scena internazionale.<br \/>\n<a name=\"6\"><\/a><\/p>\n<h2><strong>Astuces de Bonjour Barcelone concernant la fondation Miro + FAQ<\/strong><\/h2>\n<ul>\n<li>Le <strong>tempo migliore <\/strong>del giorno per visitare : <strong>mattina dei giorni feriali<\/strong> all'inaugurazione del monumento<\/li>\n<li>Non esitate a <strong>l'audioguida<\/strong> pour ne rien rater et pour bien comprendre la vie et la signification des \u0153uvres de Mir\u00f3<\/li>\n<li>Non dimenticate di visitare <strong>la terrazza e i giardini<\/strong> contenente preziose creazioni di Mir\u00f3 e di altri artisti!<\/li>\n<li>Prendete il <strong>funicolare<\/strong> per passare da <a href=\"https:\/\/bonjourbarcelone.fr\/it\/distretto-di-barceloneta\/\" target=\"_blank\" rel=\"noopener noreferrer\">Barceloneta<\/a> a MontJu\u00efc ! Il s\u2019agit du Telef\u00e9rico del Puerto<\/li>\n<li>Alcuni monumenti e musei offrono spesso <strong>riduzioni<\/strong> se si acquista <strong>en ligne, <\/strong>notamment via <a href=\"https:\/\/bonjourbarcelone.fr\/it\/pass-per-la-citta-di-barcellona\/\">le Pass Barcelone<\/a>... Non ci lasceremo sfuggire l'occasione!<\/li>\n<\/ul>\n<div class=\"su-button-center\"><a href=\"https:\/\/www.tiqets.com\/fr\/billets-fundacio-joan-miro-l145489\/?partner=bonjourbarcelone\" class=\"su-button su-button-style-default\" style=\"color:#FFFFFF;background-color:#659A16;border-color:#517c12;border-radius:9px\" target=\"_blank\" rel=\"nofollow noopener noreferrer\"><span style=\"color:#FFFFFF;padding:8px 24px;font-size:18px;line-height:27px;border-color:#94b95c;border-radius:9px;text-shadow:none\"><i class=\"sui sui-long-arrow-right\" style=\"font-size:18px;color:#FFFFFF\"><\/i> Cliquez ici pour r\u00e9server vos places pour la fondation Miro au meilleur tarif <\/span><\/a><\/div>\n<p>&nbsp;<\/p>\n<h3 class=\"JlqpRe\"><strong><span class=\"JCzEY tNxQIb\"><span class=\"CSkcDe\">Quelle est la dur\u00e9e moyenne d&rsquo;une visite compl\u00e8te de la Fondation Joan Mir\u00f3 ?<\/span><\/span><\/strong><\/h3>\n<p>Vous pourrez passer <strong>une \u00e0 deux heures<\/strong> au sein de la fondation Mir\u00f3, selon le temps durant lequel vous vous attardez sur chaque \u0153uvre. Avec des expositions temporaires souvent tr\u00e8s int\u00e9ressantes, c&rsquo;est le minimum !<\/p>\n<h3><strong>Trouve-t-on d&rsquo;autres lieux en rapport \u00e0 Mir\u00f3 \u00e0 Barcelone ?\u00a0<\/strong><\/h3>\n<p>Oui, vous pouvez visiter le Parc Joan Mir\u00f3, dont on vous parle plus en d\u00e9tail au sein de <a href=\"https:\/\/bonjourbarcelone.fr\/it\/parco-joan-miro\/\">cet article d\u00e9taill\u00e9 de Bonjour Barcelone<\/a>. C&rsquo;est un lieu agr\u00e9able \u00e0 parcourir, entre design et biodiversit\u00e9.<\/p>\n<p>Bonne visite \u00e0 tous !<\/p>","protected":false},"excerpt":{"rendered":"<p>D\u00e9couvrons ensemble la fondation Joan Mir\u00f3 \u00e0 Barcelone, qui regroupe des \u0153uvres de l&rsquo;un des artistes contemporains les plus influents. Dans cet article, vous trouverez notamment : Une pr\u00e9sentation de la fondation Mir\u00f3 Comment y acc\u00e9der Ce qu&rsquo;on peut voir en la visitant Des informations et des conseils pratiques : tarifs, horaires, r\u00e9servation Et bien [&hellip;]<\/p>","protected":false},"author":2,"featured_media":1497,"parent":0,"menu_order":0,"comment_status":"open","ping_status":"closed","template":"","meta":{"om_disable_all_campaigns":false,"_genesis_hide_title":false,"_genesis_hide_breadcrumbs":false,"_genesis_hide_singular_image":false,"_genesis_hide_footer_widgets":false,"_genesis_custom_body_class":"","_genesis_custom_post_class":"","_genesis_layout":"","footnotes":""},"class_list":{"0":"post-496","1":"page","2":"type-page","3":"status-publish","4":"has-post-thumbnail","6":"entry"},"yoast_head":"<!-- This site is optimized with the Yoast SEO plugin v26.5 - https:\/\/yoast.com\/wordpress\/plugins\/seo\/ -->\n<title>Fondation Miro Barcelone : Guide complet et infos utiles [2026]<\/title>\n<meta name=\"description\" content=\"Voici le guide complet pour visiter la fondation Joan Miro \u00e0 Barcelone ! Informations pratiques, comment s&#039;y rendre, tout y est !\" \/>\n<meta name=\"robots\" content=\"index, follow, max-snippet:-1, max-image-preview:large, max-video-preview:-1\" \/>\n<link rel=\"canonical\" href=\"https:\/\/bonjourbarcelone.fr\/it\/fondazione-miro-barcellona\/\" \/>\n<meta property=\"og:locale\" content=\"it_IT\" \/>\n<meta property=\"og:type\" content=\"article\" \/>\n<meta property=\"og:title\" content=\"Fondation Miro Barcelone : Guide complet et infos utiles [2026]\" \/>\n<meta property=\"og:description\" content=\"Voici le guide complet pour visiter la fondation Joan Miro \u00e0 Barcelone ! Informations pratiques, comment s&#039;y rendre, tout y est !\" \/>\n<meta property=\"og:url\" content=\"https:\/\/bonjourbarcelone.fr\/it\/fondazione-miro-barcellona\/\" \/>\n<meta property=\"og:site_name\" content=\"Visiter Barcelone\" \/>\n<meta property=\"article:modified_time\" content=\"2025-12-26T18:31:17+00:00\" \/>\n<meta property=\"og:image\" content=\"https:\/\/bonjourbarcelone.fr\/wp-content\/uploads\/2019\/04\/Devant-Fondation-Juan-Miro-500x300.jpg\" \/>\n\t<meta property=\"og:image:width\" content=\"500\" \/>\n\t<meta property=\"og:image:height\" content=\"300\" \/>\n\t<meta property=\"og:image:type\" content=\"image\/jpeg\" \/>\n<meta name=\"twitter:card\" content=\"summary_large_image\" \/>\n<meta name=\"twitter:label1\" content=\"Tempo di lettura stimato\" \/>\n\t<meta name=\"twitter:data1\" content=\"9 minuti\" \/>\n<script type=\"application\/ld+json\" class=\"yoast-schema-graph\">{\"@context\":\"https:\/\/schema.org\",\"@graph\":[{\"@type\":\"WebPage\",\"@id\":\"https:\/\/bonjourbarcelone.fr\/fondation-miro-barcelone\/\",\"url\":\"https:\/\/bonjourbarcelone.fr\/fondation-miro-barcelone\/\",\"name\":\"Fondation Miro Barcelone : Guide complet et infos utiles [2026]\",\"isPartOf\":{\"@id\":\"https:\/\/bonjourbarcelone.fr\/#website\"},\"primaryImageOfPage\":{\"@id\":\"https:\/\/bonjourbarcelone.fr\/fondation-miro-barcelone\/#primaryimage\"},\"image\":{\"@id\":\"https:\/\/bonjourbarcelone.fr\/fondation-miro-barcelone\/#primaryimage\"},\"thumbnailUrl\":\"https:\/\/bonjourbarcelone.fr\/wp-content\/uploads\/2019\/04\/Devant-Fondation-Juan-Miro-500x300.jpg\",\"datePublished\":\"2025-12-09T16:19:09+00:00\",\"dateModified\":\"2025-12-26T18:31:17+00:00\",\"description\":\"Voici le guide complet pour visiter la fondation Joan Miro \u00e0 Barcelone ! Informations pratiques, comment s'y rendre, tout y est !\",\"breadcrumb\":{\"@id\":\"https:\/\/bonjourbarcelone.fr\/fondation-miro-barcelone\/#breadcrumb\"},\"inLanguage\":\"it-IT\",\"potentialAction\":[{\"@type\":\"ReadAction\",\"target\":[\"https:\/\/bonjourbarcelone.fr\/fondation-miro-barcelone\/\"]}]},{\"@type\":\"ImageObject\",\"inLanguage\":\"it-IT\",\"@id\":\"https:\/\/bonjourbarcelone.fr\/fondation-miro-barcelone\/#primaryimage\",\"url\":\"https:\/\/bonjourbarcelone.fr\/wp-content\/uploads\/2019\/04\/Devant-Fondation-Juan-Miro-500x300.jpg\",\"contentUrl\":\"https:\/\/bonjourbarcelone.fr\/wp-content\/uploads\/2019\/04\/Devant-Fondation-Juan-Miro-500x300.jpg\",\"width\":500,\"height\":300},{\"@type\":\"BreadcrumbList\",\"@id\":\"https:\/\/bonjourbarcelone.fr\/fondation-miro-barcelone\/#breadcrumb\",\"itemListElement\":[{\"@type\":\"ListItem\",\"position\":1,\"name\":\"Accueil\",\"item\":\"https:\/\/bonjourbarcelone.fr\/\"},{\"@type\":\"ListItem\",\"position\":2,\"name\":\"Fondation Miro Barcelone : Guide complet et infos utiles [2026]\"}]},{\"@type\":\"WebSite\",\"@id\":\"https:\/\/bonjourbarcelone.fr\/#website\",\"url\":\"https:\/\/bonjourbarcelone.fr\/\",\"name\":\"Visiter Barcelone\",\"description\":\"Tout pour passer un s\u00e9jour inoubliable en 2026 !\",\"potentialAction\":[{\"@type\":\"SearchAction\",\"target\":{\"@type\":\"EntryPoint\",\"urlTemplate\":\"https:\/\/bonjourbarcelone.fr\/?s={search_term_string}\"},\"query-input\":{\"@type\":\"PropertyValueSpecification\",\"valueRequired\":true,\"valueName\":\"search_term_string\"}}],\"inLanguage\":\"it-IT\"}]}<\/script>\n<!-- \/ Yoast SEO plugin. -->","yoast_head_json":{"title":"Fondation Miro Barcelone : Guide complet et infos utiles [2026]","description":"Ecco la guida completa per visitare la Fondazione Joan Miro a Barcellona! Informazioni pratiche, come arrivare, tutto qui!","robots":{"index":"index","follow":"follow","max-snippet":"max-snippet:-1","max-image-preview":"max-image-preview:large","max-video-preview":"max-video-preview:-1"},"canonical":"https:\/\/bonjourbarcelone.fr\/it\/fondazione-miro-barcellona\/","og_locale":"it_IT","og_type":"article","og_title":"Fondation Miro Barcelone : Guide complet et infos utiles [2026]","og_description":"Voici le guide complet pour visiter la fondation Joan Miro \u00e0 Barcelone ! Informations pratiques, comment s'y rendre, tout y est !","og_url":"https:\/\/bonjourbarcelone.fr\/it\/fondazione-miro-barcellona\/","og_site_name":"Visiter Barcelone","article_modified_time":"2025-12-26T18:31:17+00:00","og_image":[{"width":500,"height":300,"url":"https:\/\/bonjourbarcelone.fr\/wp-content\/uploads\/2019\/04\/Devant-Fondation-Juan-Miro-500x300.jpg","type":"image\/jpeg"}],"twitter_card":"summary_large_image","twitter_misc":{"Tempo di lettura stimato":"9 minuti"},"schema":{"@context":"https:\/\/schema.org","@graph":[{"@type":"WebPage","@id":"https:\/\/bonjourbarcelone.fr\/fondation-miro-barcelone\/","url":"https:\/\/bonjourbarcelone.fr\/fondation-miro-barcelone\/","name":"Fondation Miro Barcelone : Guide complet et infos utiles [2026]","isPartOf":{"@id":"https:\/\/bonjourbarcelone.fr\/#website"},"primaryImageOfPage":{"@id":"https:\/\/bonjourbarcelone.fr\/fondation-miro-barcelone\/#primaryimage"},"image":{"@id":"https:\/\/bonjourbarcelone.fr\/fondation-miro-barcelone\/#primaryimage"},"thumbnailUrl":"https:\/\/bonjourbarcelone.fr\/wp-content\/uploads\/2019\/04\/Devant-Fondation-Juan-Miro-500x300.jpg","datePublished":"2025-12-09T16:19:09+00:00","dateModified":"2025-12-26T18:31:17+00:00","description":"Ecco la guida completa per visitare la Fondazione Joan Miro a Barcellona! Informazioni pratiche, come arrivare, tutto qui!","breadcrumb":{"@id":"https:\/\/bonjourbarcelone.fr\/fondation-miro-barcelone\/#breadcrumb"},"inLanguage":"it-IT","potentialAction":[{"@type":"ReadAction","target":["https:\/\/bonjourbarcelone.fr\/fondation-miro-barcelone\/"]}]},{"@type":"ImageObject","inLanguage":"it-IT","@id":"https:\/\/bonjourbarcelone.fr\/fondation-miro-barcelone\/#primaryimage","url":"https:\/\/bonjourbarcelone.fr\/wp-content\/uploads\/2019\/04\/Devant-Fondation-Juan-Miro-500x300.jpg","contentUrl":"https:\/\/bonjourbarcelone.fr\/wp-content\/uploads\/2019\/04\/Devant-Fondation-Juan-Miro-500x300.jpg","width":500,"height":300},{"@type":"BreadcrumbList","@id":"https:\/\/bonjourbarcelone.fr\/fondation-miro-barcelone\/#breadcrumb","itemListElement":[{"@type":"ListItem","position":1,"name":"Accueil","item":"https:\/\/bonjourbarcelone.fr\/"},{"@type":"ListItem","position":2,"name":"Fondation Miro Barcelone : Guide complet et infos utiles [2026]"}]},{"@type":"WebSite","@id":"https:\/\/bonjourbarcelone.fr\/#website","url":"https:\/\/bonjourbarcelone.fr\/","name":"Visitare Barcellona","description":"Tout pour passer un s\u00e9jour inoubliable en 2026 !","potentialAction":[{"@type":"SearchAction","target":{"@type":"EntryPoint","urlTemplate":"https:\/\/bonjourbarcelone.fr\/?s={search_term_string}"},"query-input":{"@type":"PropertyValueSpecification","valueRequired":true,"valueName":"search_term_string"}}],"inLanguage":"it-IT"}]}},"_links":{"self":[{"href":"https:\/\/bonjourbarcelone.fr\/it\/wp-json\/wp\/v2\/pages\/496","targetHints":{"allow":["GET"]}}],"collection":[{"href":"https:\/\/bonjourbarcelone.fr\/it\/wp-json\/wp\/v2\/pages"}],"about":[{"href":"https:\/\/bonjourbarcelone.fr\/it\/wp-json\/wp\/v2\/types\/page"}],"author":[{"embeddable":true,"href":"https:\/\/bonjourbarcelone.fr\/it\/wp-json\/wp\/v2\/users\/2"}],"replies":[{"embeddable":true,"href":"https:\/\/bonjourbarcelone.fr\/it\/wp-json\/wp\/v2\/comments?post=496"}],"version-history":[{"count":5,"href":"https:\/\/bonjourbarcelone.fr\/it\/wp-json\/wp\/v2\/pages\/496\/revisions"}],"predecessor-version":[{"id":4118,"href":"https:\/\/bonjourbarcelone.fr\/it\/wp-json\/wp\/v2\/pages\/496\/revisions\/4118"}],"wp:featuredmedia":[{"embeddable":true,"href":"https:\/\/bonjourbarcelone.fr\/it\/wp-json\/wp\/v2\/media\/1497"}],"wp:attachment":[{"href":"https:\/\/bonjourbarcelone.fr\/it\/wp-json\/wp\/v2\/media?parent=496"}],"curies":[{"name":"wp","href":"https:\/\/api.w.org\/{rel}","templated":true}]}}