{"id":767,"date":"2025-12-08T10:39:45","date_gmt":"2025-12-08T10:39:45","guid":{"rendered":"http:\/\/thibaut.wpengine.com\/?page_id=767"},"modified":"2025-12-26T18:30:46","modified_gmt":"2025-12-26T18:30:46","slug":"casa-batllo-barcellona","status":"publish","type":"page","link":"https:\/\/bonjourbarcelone.fr\/it\/casa-batllo-barcellona\/","title":{"rendered":"Casa Batllo Barcelone : Guide complet et infos pratiques [2026]"},"content":{"rendered":"<p>Dans cet article, je vous parle de<strong> la Casa Batllo de Barcelone.\u00a0<\/strong>Un \u00e9difice unique en son genre, chef-d&rsquo;\u0153uvre de Gaudi, que vous ne manquerez pas de visiter lors de votre s\u00e9jour dans la capitale catalane !<\/p>\n<p>Vous trouverez notamment :<\/p>\n<ul>\n<li>Des explications sur son int\u00e9rieur, sa fa\u00e7ade, son toit.<\/li>\n<li>Ce qu&rsquo;on peut voir lors de la visite<\/li>\n<li>Come raggiungere Casa Batll\u00f3<\/li>\n<li>Des informations pratiques : tarifs, horaires, r\u00e9servation.<\/li>\n<li>Et bien d&rsquo;autres choses !<\/li>\n<\/ul>\n<p>Si vous cherchez des informations sur la Casa Battlo de Gaudi, vous allez adorer cet article.<\/p>\n<p>Seguite la guida!<\/p>\n<p>&nbsp;<\/p>\n<p><a href=\"https:\/\/bonjourbarcelone.fr\/wp-content\/uploads\/2025\/12\/casa-battlo.jpg\"><img decoding=\"async\" class=\"aligncenter size-full wp-image-4078\" src=\"https:\/\/bonjourbarcelone.fr\/wp-content\/uploads\/2025\/12\/casa-battlo.jpg\" alt=\"casa battl\u00f3 barcelone\" width=\"600\" height=\"400\" srcset=\"https:\/\/bonjourbarcelone.fr\/wp-content\/uploads\/2025\/12\/casa-battlo.jpg 600w, https:\/\/bonjourbarcelone.fr\/wp-content\/uploads\/2025\/12\/casa-battlo-300x200.jpg 300w, https:\/\/bonjourbarcelone.fr\/wp-content\/uploads\/2025\/12\/casa-battlo-18x12.jpg 18w\" sizes=\"(max-width: 600px) 100vw, 600px\" \/><\/a><\/p>\n<h2 class=\"summary-title\">Casa Batllo Barcelone : sommaire de l&rsquo;article<\/h2>\n<div class=\"summary-box\">\n<ul class=\"summary-list\">\n<li><a href=\"#1\">La Casa Battl\u00f3, une merveille de Barcelone sign\u00e9e Gaudi<br \/>\n<\/a><\/li>\n<li><a href=\"#2\">Comment se d\u00e9roule la visite de la Casa Battlo ?<br \/>\n<\/a><\/li>\n<li><a href=\"#3\">Casa Batllo Barcelone: informations pratiques : horaires, tarifs, tickets<br \/>\n<\/a><\/li>\n<li><a href=\"#4\">Come raggiungere Casa Batll\u00f3<br \/>\n<\/a><\/li>\n<li><a href=\"#5\">Description et histoire de la Casa Batll\u00f3 : int\u00e9rieur, fa\u00e7ade, toit<br \/>\n<\/a><\/li>\n<li><a href=\"#6\">Casa Batll\u00f3 Barcelone : conseils pratiques et FAQ<br \/>\n<\/a><\/li>\n<\/ul>\n<\/div>\n<p><a name=\"1\"><\/a><\/p>\n<h2><strong>La Casa Battl\u00f3, une merveille de Barcelone sign\u00e9e Gaudi\u00a0<\/strong><\/h2>\n<p>La <strong>Casa Batll\u00f3<\/strong> \u00e8 un edificio del <strong>modernista<\/strong> progettato e concepito tra il 1904 e il 1906 dal famoso architetto catalano <a href=\"https:\/\/bonjourbarcelone.fr\/it\/strutture-di-antoni-gaudi\/\">Antoni Gaudi.<\/a><\/p>\n<p>La \"casa\" del Batll\u00f3 si trova sulla Illa de la Discordia, sulla famosa <a href=\"https:\/\/bonjourbarcelone.fr\/it\/passeig-de-gracia\/\">Passeig de Gr\u00e0cia<\/a> Barcellona, a due passi da La Pedrera, <strong>nel quartiere dell'Eixample<\/strong>. Il s&rsquo;agit de l&rsquo;une des avenues les plus imposantes de la ville!<\/p>\n<p><img decoding=\"async\" class=\"img-full aligncenter\" title=\"Casa Batllo Barcellona\" src=\"https:\/\/bonjourbarcelone.fr\/wp-content\/uploads\/2017\/07\/Batllo-1.jpg\" alt=\"Casa Batllo Barcellona\" \/><\/p>\n<p>L'edificio \u00e8 stato commissionato da un'azienda tessile, <strong>Josep Batll\u00f3 i Casanovas<\/strong>. M\u00e9lange de fantaisie et de couleurs\u2026 le r\u00e9sulat est <strong>Accattivante<\/strong>! <strong>\u00c8 semplicemente uno spettacolo da vedere!<\/strong><\/p>\n<p>La <strong>facciata<\/strong> dell'edificio \u00e8 la parte pi\u00f9 nota ed \u00e8 considerata la parte pi\u00f9 importante dell'edificio.<strong>una delle opere pi\u00f9 originali di Gaud\u00ec<\/strong>. \u00c8 caratterizzato da pietra, ferro battuto, vetro e ceramica policroma.<\/p>\n<aside class=\"block-note\">\n<p class=\"block-offer-desc\">Vi consiglio di visitare la Casa Batll\u00f3, che \u00e8 una <strong>passaggio quasi obbligato<\/strong> quand on <a href=\"https:\/\/bonjourbarcelone.fr\/it\/guida-di-barcellona\/\">visite Barcelone !<\/a><\/p>\n<\/aside>\n<div class=\"su-button-center\"><a href=\"https:\/\/www.tiqets.com\/fr\/billets-casa-batllo-l141895\/?partner=bonjourbarcelone\" class=\"su-button su-button-style-default\" style=\"color:#FFFFFF;background-color:#659A16;border-color:#517c12;border-radius:9px\" target=\"_blank\" rel=\"nofollow noopener noreferrer\"><span style=\"color:#FFFFFF;padding:8px 24px;font-size:18px;line-height:27px;border-color:#94b95c;border-radius:9px;text-shadow:none\"><i class=\"sui sui-long-arrow-right\" style=\"font-size:18px;color:#FFFFFF\"><\/i> Cliquez ici pour r\u00e9server votre ticket pour la Casa Battlo au meilleur prix <\/span><\/a><\/div>\n<p><a name=\"2\"><\/a><\/p>\n<h2><strong>Comment se d\u00e9roule la visite de la Casa Battlo ?\u00a0<\/strong><\/h2>\n<p>Il tour culturale dura <strong>circa un'ora<\/strong> et elle inclut un audioguide en fran\u00e7ais Vous visiterez un<strong> mito dell'arte<\/strong>,<strong> architettura e modernismo<\/strong>.<\/p>\n<p>La lumi\u00e8re, la couleur et la forme se conjuguent avec le bois, le fer, le verre, la c\u00e9ramique et le gr\u00e8s, de la mani\u00e8re fantastique et surprenante qui caract\u00e9rise <a href=\"https:\/\/bonjourbarcelone.fr\/it\/casas-gaudi\/\">les \u0153uvres de Gaud\u00ed<\/a>.<\/p>\n<p><img decoding=\"async\" class=\"img-full aligncenter\" title=\"Casa Batllo\" src=\"https:\/\/bonjourbarcelone.fr\/wp-content\/uploads\/2017\/07\/Batllo-4.jpg\" alt=\"Casa Batllo\" \/><\/p>\n<p>Iniziare il viaggio attraverso <strong>venti punti di spiegazione<\/strong>, d\u00e9couvrez les multiples d\u00e9tails difficiles \u00e0 percevoir au premier coup d&rsquo;\u0153il, les m\u00e9taphores et repr\u00e9sentations de la nature, en particulier du monde marin, qui vous inspireront et stimuleront vos sens et vos \u00e9motions.<\/p>\n<aside class=\"block-note\">\n<p class=\"block-offer-desc\"><strong>Nouveau : Un guide vid\u00e9o \u00e0 r\u00e9alit\u00e9 augment\u00e9e est disponible dor\u00e9navant! \u00c0 essayer d&rsquo;urgence!<\/strong><\/p>\n<\/aside>\n<p>Vous visiterez l&rsquo;\u00e9tage noble l\u00e9gendaire, ancienne r\u00e9sidence de la famille Batll\u00f3, les greniers qui servaient de d\u00e9barras et de lavoirs, le toit, les chemin\u00e9es mythiques et le fantastique puits de lumi\u00e8re, ancien escalier de voisins privil\u00e9gi\u00e9s.<\/p>\n<p>Et vous ne pouvez pas partir sans appr\u00e9cier le splendide vestibule et l&rsquo;escalier principal !<\/p>\n<p>Comme sp\u00e9cifi\u00e9 sur le site officiel,visiter la Casa Battlo \u00e0 Barcelone, c&rsquo;est s&rsquo;offrir<strong><em>\u00a0Un voyage au coeur du g\u00e9nie !\u00a0<\/em><\/strong><br \/>\n<a name=\"3\"><\/a><\/p>\n<h2><strong>Casa Batllo Barcelone: informations pratiques : horaires, tarifs, tickets<\/strong><\/h2>\n<p>La visita a Casa Batll\u00f3 ha una durata di circa <strong>un'ora<\/strong> e comprende un'audioguida (o <strong>video<\/strong> ora disponibile in diverse lingue (francese, catalano, spagnolo, inglese, italiano, tedesco, cinese, giapponese, russo e portoghese).<\/p>\n<aside class=\"block-note\">\n<p class=\"block-offer-desc\"><strong>Avec cette visite, la Casa Batll\u00f3 de Gaud\u00ed n&rsquo;aura plus aucun secret pour vous !<\/strong><\/p>\n<\/aside>\n<h3><strong>Orari di apertura di Casa Batll\u00f3<\/strong><\/h3>\n<ul>\n<li>Tous les jours de 8h30 \u00e0 22h, avec un dernier acc\u00e8s \u00e0 21h30 \/ une billeterie ouverte jusqu&rsquo;\u00e0 21h.<\/li>\n<\/ul>\n<p><strong>Attenzione<\/strong> : cet horaire peut subir des alt\u00e9rations en raison d\u2019\u00e9v\u00e8nements ponctuels.<\/p>\n<h3><strong>Prezzi d'ingresso a Casa Batll\u00f3<\/strong><\/h3>\n<ul>\n<li><strong>Tariffa adulti<\/strong> : \u00e0 partir de 25 euros<\/li>\n<li><strong>Ragazzi di et\u00e0 compresa tra i 13 e i 17 anni<\/strong> : 19 euros<\/li>\n<li><strong>Bambini sotto i 12 anni<\/strong> ingresso libero<\/li>\n<li><strong>Anziani (oltre 65 anni) <\/strong>: 22 euros<\/li>\n<li><strong>Studente<\/strong> : 19 euros<\/li>\n<li><a href=\"https:\/\/bonjourbarcelone.fr\/it\/barcelone-en-situation-handicap\/\">Personne en situation de handicap<\/a> : 19 euros, gratuit pour l&rsquo;accompagnateur<\/li>\n<\/ul>\n<p>Sachez que des billets pour <strong>des visites matinales \/ nocturnes<\/strong> sont disponibles, pour ceux qui souhaitent \u00e9viter la foule.<\/p>\n<div class=\"block-quote\"><strong>Suggerimento Bonjour Barcelone<\/strong> : si vous achetez vos billets en ligne, <strong>eviterete le code!<\/strong><\/div>\n<div><\/div>\n<div>\n<div class=\"su-button-center\"><a href=\"https:\/\/www.tiqets.com\/fr\/billets-casa-batllo-l141895\/?partner=bonjourbarcelone\" class=\"su-button su-button-style-default\" style=\"color:#FFFFFF;background-color:#659A16;border-color:#517c12;border-radius:9px\" target=\"_blank\" rel=\"nofollow noopener noreferrer\"><span style=\"color:#FFFFFF;padding:8px 24px;font-size:18px;line-height:27px;border-color:#94b95c;border-radius:9px;text-shadow:none\"><i class=\"sui sui-long-arrow-right\" style=\"font-size:18px;color:#FFFFFF\"><\/i> Cliquez ici pour r\u00e9server votre ticket pour la Casa Battlo au meilleur prix <\/span><\/a><\/div>\n<p>&nbsp;<\/p>\n<\/div>\n<h3><strong>Contatti<\/strong><\/h3>\n<ul>\n<li>Telefono: +34 932 160 306<\/li>\n<li>info@casabatllo.cat<\/li>\n<li>site officiel : <a href=\"https:\/\/www.casabatllo.es\/fr\/\" target=\"_blank\" rel=\"noopener\">https:\/\/www.casabatllo.es\/fr\/<\/a><\/li>\n<\/ul>\n<p><a name=\"4\"><\/a><\/p>\n<h2><strong>Come raggiungere Casa Batll\u00f3<\/strong><\/h2>\n<p>La maison se trouve \u00e0 l&rsquo;adresse suivante : Pg. de Gr\u00e0cia, 43, L&rsquo;Eixample, 08007 Barcelone.<\/p>\n<p>Pour la rejoindre, vous pouvez emprunter l&rsquo;un des moyens de transports suivant :<\/p>\n<ul>\n<li><strong>Metro <\/strong>Linea gialla L4, linea viola L2 e linea verde L3 Stazione Passeig de Gracia<\/li>\n<li><strong>Autobus <\/strong>7, 16, 17, 22 e 24<\/li>\n<li><strong>Trains<\/strong> : R2 Nord et R2 Sud:\u00a0<i>Passeig de Gr\u00e0cia \/ R1, R3 et R4:\u00a0Pl. Catalunya\u00a0(10 min. \u00e0 pied)<\/i><\/li>\n<li>L&rsquo;un des <a href=\"https:\/\/bonjourbarcelone.fr\/it\/autobus-turistico-barcellona\/\">bus touristiques de Barcelone<\/a>, qui s&rsquo;y arr\u00eatera<\/li>\n<\/ul>\n<p><strong>Buono a sapersi<\/strong> : si vous comptez emprunter les transports en commun \u00e0 Barcelone, je vous invite \u00e0 lire l&rsquo;article de Bonjour Barcelone consacr\u00e9 \u00e0 <a href=\"https:\/\/bonjourbarcelone.fr\/it\/hola-bcn\/\">la carte Hola BCN<\/a>, qui vous fera \u00e9conomiser.<br \/>\n<a name=\"5\"><\/a><\/p>\n<h2><strong>Description et histoire de la Casa Batll\u00f3 : int\u00e9rieur, fa\u00e7ade, toit<\/strong><\/h2>\n<p><strong>Chef-d&rsquo;\u0153uvre d&rsquo;Antoni Gaud\u00ed<\/strong>, la Casa Batll\u00f3 est une r\u00e9f\u00e9rence du modernisme.<\/p>\n<p>Situ\u00e9 sur le Passeig de Gr\u00e0cia, cet \u00e9difice se remarque entre tous gr\u00e2ce \u00e0 son style et ses couleurs. Chaque passant interpr\u00e8te \u00e0 sa fa\u00e7on les courbes et les couleurs de la b\u00e2tisse, qui repr\u00e9sente un <strong>contrasto totale con il resto dell'arteria<\/strong> dove si trova.<\/p>\n<p><img decoding=\"async\" class=\"img-full aligncenter\" title=\"Casa Batllo notte\" src=\"https:\/\/bonjourbarcelone.fr\/wp-content\/uploads\/2017\/07\/Batllo-6.jpg\" alt=\"Casa Batllo notte\" \/><\/p>\n<aside class=\"block-note\">\n<p class=\"block-offer-desc\"><strong>Casa Batll\u00f3 \u00e8 patrimonio dell'umanit\u00e0 dell'UNESCO. <\/strong><\/p>\n<\/aside>\n<p>L&rsquo;architecte Anton\u00ed Gaud\u00ed profita de la reconstruction d&rsquo;un immeuble de 1875 sur le Passeig de Gr\u00e0cia de Barcelone pour cr\u00e9er une de ses \u0153uvres les plus audacieuses, d\u2019une cr\u00e9ativit\u00e9 exceptionnelle. Gaud\u00ed se fit seconder par les architectes <strong>Josep Maria Jujol e Joan Rubio i Bellver<\/strong>.<\/p>\n<p>L&rsquo;effort d&rsquo;imagination de Gaud\u00ed est essentiel dans la direction du projet, comme l&rsquo;est le travail de d\u00e9coration des artisans. Les cercles polychromes de c\u00e9ramique vitrifi\u00e9e et les fragments en trencadis de verre de couleurs, plac\u00e9s avec pr\u00e9cision, dessinent des fleurs et des n\u00e9nuphars et jouent avec les reflets de la lumi\u00e8re du soleil.<\/p>\n<p><img decoding=\"async\" class=\"img-full\" title=\"Interno di Casa Batllo\" src=\"https:\/\/bonjourbarcelone.fr\/wp-content\/uploads\/2017\/07\/Batllo-3.jpg\" alt=\"Interno di Casa Batllo\" \/><\/p>\n<p>Parfois l&rsquo;\u00e9difice est vu comme la surface d&rsquo;une mer ondulante en plein milieu de Passeig de Gr\u00e0cia.<\/p>\n<p>Al primo piano, un grande balcone in pietra arenaria rivela il piano nobile, mentre gli altri piani presentano ampi balconi a forma di maschera.<\/p>\n<p><img decoding=\"async\" class=\"img-full\" title=\"Tetto di Casa Batllo\" src=\"https:\/\/bonjourbarcelone.fr\/wp-content\/uploads\/2017\/07\/Batllo-7.jpg\" alt=\"Tetto di Casa Batllo\" \/><\/p>\n<p>In cima c'\u00e8 una pelle di ceramica squamata e una torre coronata da una croce a quattro punte.<\/p>\n<p><img decoding=\"async\" class=\"img-full\" title=\"Piano di Casa Batllo\" src=\"https:\/\/bonjourbarcelone.fr\/wp-content\/uploads\/2017\/07\/Batllo-5.jpg\" alt=\"Piano di Casa Batllo\" \/><\/p>\n<p>All'interno di Casa Batll\u00f3 si pu\u00f2 ammirare il meraviglioso cortile rivestito in ceramica e il tetto con i suoi camini colorati.<br \/>\n<a name=\"6\"><\/a><\/p>\n<h2><strong><span class=\"JCzEY tNxQIb\"><span class=\"CSkcDe\">Casa Batll\u00f3 Barcelone : conseils pratiques et FAQ\u00a0<\/span><\/span><\/strong><\/h2>\n<p>Voici quelques informations suppl\u00e9mentaires, des conseils et des recommandations, pour d\u00e9couvrir la Casa Battlo dans les meilleures conditions.<\/p>\n<h3><strong>Quel est le mouvement artistique de la Casa Batll\u00f3 ?<\/strong><\/h3>\n<div>\n<p>Cette Casa Battlo est issu du <strong>Modernisme Catalan<\/strong>, propre \u00e0 la r\u00e9gion, qui s&rsquo;inscrit dans la tendance de l&rsquo;Art Nouveau.<\/p>\n<h3 class=\"JlqpRe\"><strong><span class=\"JCzEY tNxQIb\"><span class=\"CSkcDe\">Quelle est la particularit\u00e9 de la Casa Batll\u00f3 ?<\/span><\/span><\/strong><\/h3>\n<p>Sa fa\u00e7ade en est la partie la plus connue. Mais c&rsquo;est bien <strong>l&rsquo;ensemble architectural<\/strong>, avec des inspirations issues de la nature et de la fantaisie cr\u00e9ative de Gaud\u00ed, qui en font un lieu unique !<\/p>\n<div class=\"su-button-center\"><a href=\"https:\/\/www.tiqets.com\/fr\/billets-casa-batllo-l141895\/?partner=bonjourbarcelone\" class=\"su-button su-button-style-default\" style=\"color:#FFFFFF;background-color:#659A16;border-color:#517c12;border-radius:9px\" target=\"_blank\" rel=\"nofollow noopener noreferrer\"><span style=\"color:#FFFFFF;padding:8px 24px;font-size:18px;line-height:27px;border-color:#94b95c;border-radius:9px;text-shadow:none\"><i class=\"sui sui-long-arrow-right\" style=\"font-size:18px;color:#FFFFFF\"><\/i> Cliquez ici pour r\u00e9server votre ticket pour la Casa Battlo au meilleur tarif <\/span><\/a><\/div>\n<p>&nbsp;<\/p>\n<\/div>\n<div>\n<h3 class=\"JlqpRe\"><strong><span class=\"JCzEY tNxQIb\"><span class=\"CSkcDe\">Quelle \u0153uvre de Gaud\u00ed visiter en priorit\u00e9 \u00e0 Barcelone ?\u00a0<\/span><\/span><\/strong><\/h3>\n<p>Les maisons de Gaudi, comme <a href=\"https:\/\/bonjourbarcelone.fr\/it\/parc-guell-barcellona\/\">Parco Gu\u00ebll<\/a>, sont des \u0153uvres remarquables de Gaudi. Toutefois, s&rsquo;il ne fallait en conseiller qu&rsquo;une seule, il s&rsquo;agirait bien entendu de <strong>la sublime Sagrada Familia<\/strong> ! D\u00e9couvrez <a href=\"https:\/\/bonjourbarcelone.fr\/it\/biglietti-interni-sagrada-familia\/\">l&rsquo;article de Bonjour Barcelone sur cette merveille<\/a>, pour tout savoir !<\/p>\n<\/div>\n<div>\n<div class=\"p8Jhnd\">\n<div class=\"aj35ze\"><\/div>\n<div><\/div>\n<\/div>\n<\/div>\n<div class=\"p8Jhnd\">\n<div class=\"aj35ze\"><\/div>\n<\/div>","protected":false},"excerpt":{"rendered":"<p>Dans cet article, je vous parle de la Casa Batllo de Barcelone.\u00a0Un \u00e9difice unique en son genre, chef-d&rsquo;\u0153uvre de Gaudi, que vous ne manquerez pas de visiter lors de votre s\u00e9jour dans la capitale catalane ! Vous trouverez notamment : Des explications sur son int\u00e9rieur, sa fa\u00e7ade, son toit. Ce qu&rsquo;on peut voir lors de [&hellip;]<\/p>","protected":false},"author":2,"featured_media":726,"parent":0,"menu_order":0,"comment_status":"open","ping_status":"closed","template":"","meta":{"om_disable_all_campaigns":false,"_genesis_hide_title":false,"_genesis_hide_breadcrumbs":false,"_genesis_hide_singular_image":false,"_genesis_hide_footer_widgets":false,"_genesis_custom_body_class":"","_genesis_custom_post_class":"","_genesis_layout":"","footnotes":""},"class_list":{"0":"post-767","1":"page","2":"type-page","3":"status-publish","4":"has-post-thumbnail","6":"entry"},"yoast_head":"<!-- This site is optimized with the Yoast SEO plugin v26.5 - https:\/\/yoast.com\/wordpress\/plugins\/seo\/ -->\n<title>Casa Batllo Barcelone : Guide complet et infos pratiques [2026]<\/title>\n<meta name=\"description\" content=\"Voici le guide complet pour visiter la casa batllo \u00e0 Barcelone. Informations pratiques, comment s&#039;y rendre, quoi voir, tarif, tout y est !\" \/>\n<meta name=\"robots\" content=\"index, follow, max-snippet:-1, max-image-preview:large, max-video-preview:-1\" \/>\n<link rel=\"canonical\" href=\"https:\/\/bonjourbarcelone.fr\/it\/casa-batllo-barcellona\/\" \/>\n<meta property=\"og:locale\" content=\"it_IT\" \/>\n<meta property=\"og:type\" content=\"article\" \/>\n<meta property=\"og:title\" content=\"Casa Batllo Barcelone : Guide complet et infos pratiques [2026]\" \/>\n<meta property=\"og:description\" content=\"Voici le guide complet pour visiter la casa batllo \u00e0 Barcelone. Informations pratiques, comment s&#039;y rendre, quoi voir, tarif, tout y est !\" \/>\n<meta property=\"og:url\" content=\"https:\/\/bonjourbarcelone.fr\/it\/casa-batllo-barcellona\/\" \/>\n<meta property=\"og:site_name\" content=\"Visiter Barcelone\" \/>\n<meta property=\"article:modified_time\" content=\"2025-12-26T18:30:46+00:00\" \/>\n<meta property=\"og:image\" content=\"https:\/\/bonjourbarcelone.fr\/wp-content\/uploads\/2017\/07\/Batllo-3.jpg\" \/>\n\t<meta property=\"og:image:width\" content=\"640\" \/>\n\t<meta property=\"og:image:height\" content=\"427\" \/>\n\t<meta property=\"og:image:type\" content=\"image\/jpeg\" \/>\n<meta name=\"twitter:card\" content=\"summary_large_image\" \/>\n<meta name=\"twitter:label1\" content=\"Tempo di lettura stimato\" \/>\n\t<meta name=\"twitter:data1\" content=\"9 minuti\" \/>\n<script type=\"application\/ld+json\" class=\"yoast-schema-graph\">{\"@context\":\"https:\/\/schema.org\",\"@graph\":[{\"@type\":\"WebPage\",\"@id\":\"https:\/\/bonjourbarcelone.fr\/casa-batllo-barcelone\/\",\"url\":\"https:\/\/bonjourbarcelone.fr\/casa-batllo-barcelone\/\",\"name\":\"Casa Batllo Barcelone : Guide complet et infos pratiques [2026]\",\"isPartOf\":{\"@id\":\"https:\/\/bonjourbarcelone.fr\/#website\"},\"primaryImageOfPage\":{\"@id\":\"https:\/\/bonjourbarcelone.fr\/casa-batllo-barcelone\/#primaryimage\"},\"image\":{\"@id\":\"https:\/\/bonjourbarcelone.fr\/casa-batllo-barcelone\/#primaryimage\"},\"thumbnailUrl\":\"https:\/\/bonjourbarcelone.fr\/wp-content\/uploads\/2017\/07\/Batllo-3.jpg\",\"datePublished\":\"2025-12-08T10:39:45+00:00\",\"dateModified\":\"2025-12-26T18:30:46+00:00\",\"description\":\"Voici le guide complet pour visiter la casa batllo \u00e0 Barcelone. Informations pratiques, comment s'y rendre, quoi voir, tarif, tout y est !\",\"breadcrumb\":{\"@id\":\"https:\/\/bonjourbarcelone.fr\/casa-batllo-barcelone\/#breadcrumb\"},\"inLanguage\":\"it-IT\",\"potentialAction\":[{\"@type\":\"ReadAction\",\"target\":[\"https:\/\/bonjourbarcelone.fr\/casa-batllo-barcelone\/\"]}]},{\"@type\":\"ImageObject\",\"inLanguage\":\"it-IT\",\"@id\":\"https:\/\/bonjourbarcelone.fr\/casa-batllo-barcelone\/#primaryimage\",\"url\":\"https:\/\/bonjourbarcelone.fr\/wp-content\/uploads\/2017\/07\/Batllo-3.jpg\",\"contentUrl\":\"https:\/\/bonjourbarcelone.fr\/wp-content\/uploads\/2017\/07\/Batllo-3.jpg\",\"width\":640,\"height\":427},{\"@type\":\"BreadcrumbList\",\"@id\":\"https:\/\/bonjourbarcelone.fr\/casa-batllo-barcelone\/#breadcrumb\",\"itemListElement\":[{\"@type\":\"ListItem\",\"position\":1,\"name\":\"Accueil\",\"item\":\"https:\/\/bonjourbarcelone.fr\/\"},{\"@type\":\"ListItem\",\"position\":2,\"name\":\"Casa Batllo Barcelone : Guide complet et infos pratiques [2026]\"}]},{\"@type\":\"WebSite\",\"@id\":\"https:\/\/bonjourbarcelone.fr\/#website\",\"url\":\"https:\/\/bonjourbarcelone.fr\/\",\"name\":\"Visiter Barcelone\",\"description\":\"Tout pour passer un s\u00e9jour inoubliable en 2026 !\",\"potentialAction\":[{\"@type\":\"SearchAction\",\"target\":{\"@type\":\"EntryPoint\",\"urlTemplate\":\"https:\/\/bonjourbarcelone.fr\/?s={search_term_string}\"},\"query-input\":{\"@type\":\"PropertyValueSpecification\",\"valueRequired\":true,\"valueName\":\"search_term_string\"}}],\"inLanguage\":\"it-IT\"}]}<\/script>\n<!-- \/ Yoast SEO plugin. -->","yoast_head_json":{"title":"Casa Batllo Barcelone : Guide complet et infos pratiques [2026]","description":"Ecco la guida completa per visitare la Casa Batllo a Barcellona. Informazioni pratiche, come arrivare, cosa vedere, prezzi: tutto qui!","robots":{"index":"index","follow":"follow","max-snippet":"max-snippet:-1","max-image-preview":"max-image-preview:large","max-video-preview":"max-video-preview:-1"},"canonical":"https:\/\/bonjourbarcelone.fr\/it\/casa-batllo-barcellona\/","og_locale":"it_IT","og_type":"article","og_title":"Casa Batllo Barcelone : Guide complet et infos pratiques [2026]","og_description":"Voici le guide complet pour visiter la casa batllo \u00e0 Barcelone. Informations pratiques, comment s'y rendre, quoi voir, tarif, tout y est !","og_url":"https:\/\/bonjourbarcelone.fr\/it\/casa-batllo-barcellona\/","og_site_name":"Visiter Barcelone","article_modified_time":"2025-12-26T18:30:46+00:00","og_image":[{"width":640,"height":427,"url":"https:\/\/bonjourbarcelone.fr\/wp-content\/uploads\/2017\/07\/Batllo-3.jpg","type":"image\/jpeg"}],"twitter_card":"summary_large_image","twitter_misc":{"Tempo di lettura stimato":"9 minuti"},"schema":{"@context":"https:\/\/schema.org","@graph":[{"@type":"WebPage","@id":"https:\/\/bonjourbarcelone.fr\/casa-batllo-barcelone\/","url":"https:\/\/bonjourbarcelone.fr\/casa-batllo-barcelone\/","name":"Casa Batllo Barcelone : Guide complet et infos pratiques [2026]","isPartOf":{"@id":"https:\/\/bonjourbarcelone.fr\/#website"},"primaryImageOfPage":{"@id":"https:\/\/bonjourbarcelone.fr\/casa-batllo-barcelone\/#primaryimage"},"image":{"@id":"https:\/\/bonjourbarcelone.fr\/casa-batllo-barcelone\/#primaryimage"},"thumbnailUrl":"https:\/\/bonjourbarcelone.fr\/wp-content\/uploads\/2017\/07\/Batllo-3.jpg","datePublished":"2025-12-08T10:39:45+00:00","dateModified":"2025-12-26T18:30:46+00:00","description":"Ecco la guida completa per visitare la Casa Batllo a Barcellona. Informazioni pratiche, come arrivare, cosa vedere, prezzi: tutto qui!","breadcrumb":{"@id":"https:\/\/bonjourbarcelone.fr\/casa-batllo-barcelone\/#breadcrumb"},"inLanguage":"it-IT","potentialAction":[{"@type":"ReadAction","target":["https:\/\/bonjourbarcelone.fr\/casa-batllo-barcelone\/"]}]},{"@type":"ImageObject","inLanguage":"it-IT","@id":"https:\/\/bonjourbarcelone.fr\/casa-batllo-barcelone\/#primaryimage","url":"https:\/\/bonjourbarcelone.fr\/wp-content\/uploads\/2017\/07\/Batllo-3.jpg","contentUrl":"https:\/\/bonjourbarcelone.fr\/wp-content\/uploads\/2017\/07\/Batllo-3.jpg","width":640,"height":427},{"@type":"BreadcrumbList","@id":"https:\/\/bonjourbarcelone.fr\/casa-batllo-barcelone\/#breadcrumb","itemListElement":[{"@type":"ListItem","position":1,"name":"Accueil","item":"https:\/\/bonjourbarcelone.fr\/"},{"@type":"ListItem","position":2,"name":"Casa Batllo Barcelone : Guide complet et infos pratiques [2026]"}]},{"@type":"WebSite","@id":"https:\/\/bonjourbarcelone.fr\/#website","url":"https:\/\/bonjourbarcelone.fr\/","name":"Visitare Barcellona","description":"Tout pour passer un s\u00e9jour inoubliable en 2026 !","potentialAction":[{"@type":"SearchAction","target":{"@type":"EntryPoint","urlTemplate":"https:\/\/bonjourbarcelone.fr\/?s={search_term_string}"},"query-input":{"@type":"PropertyValueSpecification","valueRequired":true,"valueName":"search_term_string"}}],"inLanguage":"it-IT"}]}},"_links":{"self":[{"href":"https:\/\/bonjourbarcelone.fr\/it\/wp-json\/wp\/v2\/pages\/767","targetHints":{"allow":["GET"]}}],"collection":[{"href":"https:\/\/bonjourbarcelone.fr\/it\/wp-json\/wp\/v2\/pages"}],"about":[{"href":"https:\/\/bonjourbarcelone.fr\/it\/wp-json\/wp\/v2\/types\/page"}],"author":[{"embeddable":true,"href":"https:\/\/bonjourbarcelone.fr\/it\/wp-json\/wp\/v2\/users\/2"}],"replies":[{"embeddable":true,"href":"https:\/\/bonjourbarcelone.fr\/it\/wp-json\/wp\/v2\/comments?post=767"}],"version-history":[{"count":4,"href":"https:\/\/bonjourbarcelone.fr\/it\/wp-json\/wp\/v2\/pages\/767\/revisions"}],"predecessor-version":[{"id":4115,"href":"https:\/\/bonjourbarcelone.fr\/it\/wp-json\/wp\/v2\/pages\/767\/revisions\/4115"}],"wp:featuredmedia":[{"embeddable":true,"href":"https:\/\/bonjourbarcelone.fr\/it\/wp-json\/wp\/v2\/media\/726"}],"wp:attachment":[{"href":"https:\/\/bonjourbarcelone.fr\/it\/wp-json\/wp\/v2\/media?parent=767"}],"curies":[{"name":"wp","href":"https:\/\/api.w.org\/{rel}","templated":true}]}}