{"id":778,"date":"2025-12-14T11:50:16","date_gmt":"2025-12-14T11:50:16","guid":{"rendered":"http:\/\/thibaut.wpengine.com\/?page_id=778"},"modified":"2025-12-26T18:31:48","modified_gmt":"2025-12-26T18:31:48","slug":"museo-picasso-barcellona","status":"publish","type":"page","link":"https:\/\/bonjourbarcelone.fr\/it\/museo-picasso-barcellona\/","title":{"rendered":"Mus\u00e9e Picasso Barcelone : faut-il le visiter ? [2026]"},"content":{"rendered":"<p>Je vous pr\u00e9sente le<strong> mus\u00e9e Picasso de Barcelone, <\/strong>dans ce\u00a0guide complet avec toutes les informations n\u00e9cessaires pour le visiter !<\/p>\n<p>Vous trouverez notamment :<\/p>\n<ul>\n<li>Une pr\u00e9sentation du mus\u00e9e Picasso<\/li>\n<li>Ce qu&rsquo;on peut voir en le visitant<\/li>\n<li>Des informations pratiques : tarifs, horaires, r\u00e9servation, etc.<\/li>\n<li>M\u00e9rite-t-il le d\u00e9tour ?<\/li>\n<li>Que voir et que faire autour<\/li>\n<li>Et bien d&rsquo;autres choses !<\/li>\n<\/ul>\n<p>Si vous souhaitez en apprendre plus sur ce mus\u00e9e Picasso de Barcelone, vous allez adorer cet article.<\/p>\n<p>Seguite la guida!<\/p>\n<p><a href=\"https:\/\/bonjourbarcelone.fr\/wp-content\/uploads\/2025\/12\/Musee-Picasso-Barcelone-1.jpg\"><img decoding=\"async\" class=\"aligncenter size-full wp-image-4093\" src=\"https:\/\/bonjourbarcelone.fr\/wp-content\/uploads\/2025\/12\/Musee-Picasso-Barcelone-1.jpg\" alt=\"Museo Picasso Barcellona\" width=\"550\" height=\"412\" srcset=\"https:\/\/bonjourbarcelone.fr\/wp-content\/uploads\/2025\/12\/Musee-Picasso-Barcelone-1.jpg 550w, https:\/\/bonjourbarcelone.fr\/wp-content\/uploads\/2025\/12\/Musee-Picasso-Barcelone-1-300x225.jpg 300w, https:\/\/bonjourbarcelone.fr\/wp-content\/uploads\/2025\/12\/Musee-Picasso-Barcelone-1-16x12.jpg 16w\" sizes=\"(max-width: 550px) 100vw, 550px\" \/><\/a><\/p>\n<h2 class=\"summary-title\">Mus\u00e9e Picasso Barcelone : sommaire de l&rsquo;article<\/h2>\n<div class=\"summary-box\">\n<ul class=\"summary-list\">\n<li><a href=\"#1\">Mus\u00e9e Picasso \u00e0 Barcelone : d\u00e9couvrez la p\u00e9riode barcelonaise de l\u2019artiste !<br \/>\n<\/a><\/li>\n<li><a href=\"#2\">Museo Picasso di Barcellona: informazioni pratiche (orari di apertura, prezzi, biglietti)<br \/>\n<\/a><\/li>\n<li><a href=\"#3\">Comment se rendre au Mus\u00e9e Picasso ?<br \/>\n<\/a><\/li>\n<li><a href=\"#4\">Mus\u00e9e Picasso Barcelone: description et histoire<br \/>\n<\/a><\/li>\n<li><a href=\"#5\">Mus\u00e9e Pablo Picasso : \u00e0 quoi s\u2019attendre ?<br \/>\n<\/a><\/li>\n<li><a href=\"#6\">Que voir et que faire autour du mus\u00e9e Picasso de Barcelone ?<br \/>\n<\/a><\/li>\n<\/ul>\n<\/div>\n<p><a name=\"1\"><\/a><\/p>\n<h2><strong>Mus\u00e9e Picasso \u00e0 Barcelone : d\u00e9couvrez la p\u00e9riode barcelonaise de l&rsquo;artiste !<\/strong><\/h2>\n<p><strong>Picasso<\/strong>il pi\u00f9 grande pittore dell'era moderna, \u00e8 partito da <strong>Malaga<\/strong> vivere <strong>Barcellona<\/strong> al suo <strong>14 anni<\/strong>.<\/p>\n<p><strong>Barcellona \u00e8 stata anche la sede della sua prima mostra<\/strong> datant du 1\u1d49\u02b3 f\u00e9vrier 1900 au <strong>cabaret Els Quatre Gats<\/strong>.<\/p>\n<p>Per questo motivo la collezione del museo comprende un gran numero di sue opere. <strong>all'inizio della sua carriera, quando viveva a Barcellona<\/strong>. De plus, ces \u0153uvres \u00e9tant de l&rsquo;\u00e9poque o\u00f9 Picasso vivait \u00e0 Barcelone, la collection refl\u00e8te <strong>la vicinanza dell'artista alla citt\u00e0. <\/strong><\/p>\n<p>La collection du mus\u00e9e Picasso est <strong>concentrandosi sulle diverse fasi della vita<\/strong> e lo sviluppo artistico del pittore, compreso (e soprattutto) il periodo trascorso nella capitale catalana.<\/p>\n<p><img decoding=\"async\" class=\"img-full\" title=\"Palazzo Berenguer d&#039;Aguilar\" src=\"https:\/\/bonjourbarcelone.fr\/wp-content\/uploads\/2017\/07\/Picasso-5.jpg\" alt=\"Palazzo Berenguer d&#039;Aguilar\" \/><\/p>\n<h3><strong>Un cadre somptueux\u00a0<\/strong><\/h3>\n<p><strong>Il museo \u00e8 ospitato nel magnifico Palazzo Berenguer d'Aguilar e in quattro edifici adiacenti.<\/strong><\/p>\n<p>L&rsquo;artiste a toujours eu un lien particulier avec <a href=\"https:\/\/bonjourbarcelone.fr\/it\/cosa-fare-a-barcellona\/\">Barcellona<\/a> et c\u2019est dans un \u00e9difice exceptionnel compos\u00e9 de <strong>ces 5 maisons m\u00e9di\u00e9vales<\/strong> construites \u00e0 des \u00e9poques diff\u00e9rentes mais communicantes que la ville de Barcelone a d\u00e9cid\u00e9 de lui rendre cet hommage unique.<\/p>\n<aside class=\"block-note\">\n<p class=\"block-offer-desc\">Questo \u00e8 un <strong>visite immanquable<\/strong> nelle vicinanze <a href=\"https:\/\/bonjourbarcelone.fr\/it\/el-nato\/\">El Born<\/a>. Il s\u2019agit d\u2019un mus\u00e9e r\u00e9unissant la plus grande collection li\u00e9e aux \u0153uvres et \u00e0 la vie de l\u2019artiste.<\/p>\n<\/aside>\n<p><a name=\"2\"><\/a><\/p>\n<h2><strong>Museo Picasso di Barcellona: informazioni pratiche (orari di apertura, prezzi, biglietti)<\/strong><\/h2>\n<p>Voici tout ce qu&rsquo;il faut savoir pour organiser sa visite au mus\u00e9e Picasso de Barcelone.<\/p>\n<h3><strong>Orari di apertura del Museo Picasso<\/strong><\/h3>\n<ul>\n<li>Du 29 septembre au 29 mars : mardi au dimanche, de 10h \u00e0 19h<\/li>\n<li>Du 31 mars au 27 septembre : mardi, mercredi et dimanche, de 9h \u00e0 20h \/ Jeudi, vendredi et samedi, de 9h \u00e0 21h<\/li>\n<\/ul>\n<p>Ferm\u00e9 tous les lundis, ainsi que le 1er janvier, 1er mai, 24 juin et 25 d\u00e9cembre<\/p>\n<h3><strong>Ingresso al Museo Picasso<\/strong><\/h3>\n<ul>\n<li>Visite normale et exposition temporaire : 15 euros (14 euros en ligne)<\/li>\n<li>Exposition temporaire : 7,50 euros (6,5 euros en ligne)<\/li>\n<li>Tarif r\u00e9duit visite normale et exposition temporaire : 7,5 euros<\/li>\n<li>Tarif r\u00e9duit Exposition temporaire : 4,5 euros<\/li>\n<li>Les visites sont gratuites pour les moins de 18 ans,<\/li>\n<\/ul>\n<p><strong>Importante<\/strong> Tariffa ridotta: la tariffa ridotta si applica agli under 25, agli over 65 e agli abbonamenti scontati.<\/p>\n<h3><strong>O\u00f9 acheter les billets pour le mus\u00e9e Picasso de Barcelone ?\u00a0<\/strong><\/h3>\n<p>Vous pouvez acheter vos billets directement au guichet, ou les r\u00e9server en ligne pour \u00e9viter la file d&rsquo;attente et faire des \u00e9conomies.<\/p>\n<p>Il est \u00e9galement possible de visiter le mus\u00e9e Picasso avec un guide, dans l&rsquo;un des langues suivantes : fran\u00e7ais, allemand, anglais, italien, espagnol<\/p>\n<div class=\"su-button-center\"><a href=\"https:\/\/www.tiqets.com\/fr\/activites-attractions-barcelone-c66342\/billets-pour-musee-picasso-billet-coupe-file-visite-guidee-p1021070\/?partner=bonjourbarcelone\" class=\"su-button su-button-style-default\" style=\"color:#FFFFFF;background-color:#659A16;border-color:#517c12;border-radius:9px\" target=\"_blank\" rel=\"nofollow noopener noreferrer\"><span style=\"color:#FFFFFF;padding:8px 24px;font-size:18px;line-height:27px;border-color:#94b95c;border-radius:9px;text-shadow:none\"><i class=\"sui sui-long-arrow-right\" style=\"font-size:18px;color:#FFFFFF\"><\/i> Cliquez ici pour acheter vos tickets coupe-file + visite guid\u00e9e au meilleur prix <\/span><\/a><\/div>\n<p>&nbsp;<\/p>\n<h3><strong>Contatto\u00a0<\/strong><\/h3>\n<ul>\n<li>N\u00b0 de t\u00e9l\u00e9phone : (+34) 93 256 30 00<\/li>\n<li>Mail : museupicasso@bcn.cat<\/li>\n<li>site officiel : <a href=\"https:\/\/museupicassobcn.cat\/\" target=\"_blank\" rel=\"noopener\">https:\/\/museupicassobcn.cat\/\u00a0<\/a><\/li>\n<\/ul>\n<p><a name=\"3\"><\/a><\/p>\n<h2><strong>Comment se rendre au Mus\u00e9e Picasso ?\u00a0<\/strong><\/h2>\n<p>Le mus\u00e9e Picasso se trouve \u00e0 l&rsquo;adresse suivante : Carrer de Montcada, 15-23, 08003 Barcelone<\/p>\n<p>C&rsquo;est en plein c\u0153ur de la ville, dans l&rsquo;un des quartiers qui composent <a href=\"https:\/\/bonjourbarcelone.fr\/it\/centro-storico-di-barcellona\/\">la vieille ville<\/a>, et vous pourrez ais\u00e9ment vous y rendre via :<\/p>\n<ul>\n<li><strong>Metro<\/strong> : Ligne L4 Station Jaume I \/L1 \u00a0Arc de Triomf<\/li>\n<li><strong>Autobus<\/strong> : 17, 39, 45, 51, 120, V17<\/li>\n<li>Train : arr\u00eat Fran\u00e7a \/Sants<\/li>\n<\/ul>\n<p><strong>Buono a sapersi<\/strong> : si vous comptez emprunter les transports en commun \u00e0 Barcelone, pensez \u00e0 la Hola BCN carte, pour les prendre en illimit\u00e9. Consultez l&rsquo;article Bonjour Barcelone sur <a href=\"https:\/\/bonjourbarcelone.fr\/it\/hola-bcn\/\">cette carte de transport<\/a>, pour en savoir plus !<br \/>\n<a name=\"4\"><\/a><\/p>\n<h2><strong>Mus\u00e9e Picasso Barcelone: description et histoire<\/strong><\/h2>\n<p>Il museo mostra il <strong>forte legame tra l'artista nato a Malaga e la citt\u00e0 di Barcellona<\/strong>.<\/p>\n<p>La collezione permanente \u00e8 composta da <strong>plus de 4 000 tableaux <\/strong>da periodi diversi, da <strong>1890 \u00e0 1967<\/strong>, <strong>ma la maggior parte di essi appartiene agli anni della sua formazione e della giovinezza<\/strong>.<\/p>\n<p><img decoding=\"async\" class=\"img-full\" title=\"meninas\" src=\"https:\/\/bonjourbarcelone.fr\/wp-content\/uploads\/2017\/07\/picasso-meninas.jpg\" alt=\"meninas\" \/><\/p>\n<p>Le mus\u00e9ePicasso montre \u00e9galement au visiteur l&rsquo;extraordinaire s\u00e9rie des M\u00e9nines, de <strong>l'era blu <\/strong>e un ampio programma di mostre temporanee a complemento della collezione permanente.<\/p>\n<aside class=\"block-note\">\n<p class=\"block-offer-desc\">Il Museo Picasso sta intraprendendo un periodo di espansione con l'apertura di nuovi programmi per diventare uno spazio di conoscenza e di educazione, promuovendo al contempo il pensiero critico e la partecipazione dei visitatori.<\/p>\n<\/aside>\n<h3><strong>Pablo Picasso: l'artista in pochi appuntamenti<\/strong><\/h3>\n<p><img decoding=\"async\" class=\"img-full\" title=\"picasso\" src=\"https:\/\/bonjourbarcelone.fr\/wp-content\/uploads\/2017\/07\/Picasso-2.jpg\" alt=\"picasso\" \/><\/p>\n<ul>\n<li>Pablo Picasso \u00e8 nato a Malaga (Spagna) il 25\/10\/1881 ed \u00e8 morto a Mougins (Francia) l'08\/04\/1973.<\/li>\n<li>Grand artiste du XX\u1d49 si\u00e8cle, <strong>pittore, scultore, incisore e ceramista<\/strong>era il leader del <strong>movimento cubista<\/strong>. Il touche \u00e9galement \u00e0 tous les courants : <strong>surrealismo, espressionismo o neoclassicismo<\/strong>ed \u00e8 uno dei <strong>maestri indiscussi dell'arte moderna<\/strong>. <strong>Una precocit\u00e0 senza pari...<\/strong><\/li>\n<li><strong>Picasso peint son premier tableau \u00e0 l\u2019huile \u00e0 l\u2019\u00e2ge de huit ans !<\/strong><\/li>\n<li>Au d\u00e9but du XX\u1d49 si\u00e8cle, il d\u00e9cide d\u2019abandonner le nom de son p\u00e8re (Ruiz Blanco) au profit de celui de sa m\u00e8re : le tr\u00eas c\u00e9l\u00e8bre nom de <strong>Picasso<\/strong>.<\/li>\n<\/ul>\n<h3><strong>Sa p\u00e9riode Bleue (1901-1903)\u00a0<\/strong><\/h3>\n<p>Il periodo blu dell'artista \u00e8 cos\u00ec chiamato perch\u00e9 il colore blu dominava le sue opere.<br \/>\nQuesto blu viene utilizzato per trasmettere la visione del mondo del pittore, una miscela di blu e azzurro. <strong>paura della vecchiaia, della povert\u00e0 e della morte.<\/strong><\/p>\n<h3><strong>Il periodo rosa (1905-1906)<\/strong><\/h3>\n<p>Ispirato al mondo di <strong>circo<\/strong> Tra il 1905 e il 1906, il colore rosa diventa la sua tonalit\u00e0 preferita e le sue tele diventano sempre pi\u00f9 rosa. <strong>geometrico<\/strong>.<\/p>\n<h3><strong>La nascita del cubismo (1906 - 1914)<\/strong><\/h3>\n<p><img decoding=\"async\" class=\"img-full\" title=\"signore\" src=\"https:\/\/bonjourbarcelone.fr\/wp-content\/uploads\/2017\/07\/demoiselles-davignon.jpg\" alt=\"signore\" \/><\/p>\n<p><strong>\u00c0 ses 25 ans, c\u2019est un changement de style qui intervient. <\/strong>L\u2019\u0153uvre la plus c\u00e9l\u00e8bre et qui fera d\u00e9finitivement naitre le cubisme est la toile des <strong>Demoiselles d'Avignon<\/strong> nel 1907.<\/p>\n<h3><strong>Retour au classicisme (1916 \u2013 1924) \/\u00a0<\/strong><strong>La guerra civile spagnola<\/strong><\/h3>\n<p>Nel 1937 Picasso fu profondamente colpito dai bombardamenti sulla citt\u00e0 di Parigi. <strong>Guernica<\/strong>. Il d\u00e9cide de repr\u00e9senter la trag\u00e9die de cette ville o\u00f9 il exprime sa col\u00e8re.<\/p>\n<p><img decoding=\"async\" class=\"img-full\" title=\"guernica\" src=\"https:\/\/bonjourbarcelone.fr\/wp-content\/uploads\/2017\/07\/Picasso-guernica.jpg\" alt=\"guernica\" \/><\/p>\n<p>Fu il primo impegno politico di Picasso. <strong>Questo quadro \u00e8 uno dei pi\u00f9 famosi del pittore<\/strong>.<\/p>\n<p>Nel 1948, l'artista si rivolge a <strong>ceramica<\/strong>. <strong>A met\u00e0 degli anni '50<\/strong> Reinterpreta opere di grandi maestri come Le D\u00e9jeuner sur l'herbe di Manet e Les Femmes d'Alger di Delacroix.<\/p>\n<p>Nel 1961 Picasso si trasferisce a Mougins (Francia). <strong>Mor\u00ec l'8 aprile 1973 all'et\u00e0 di 91 anni in seguito a un'embolia polmonare.<\/strong>.<\/p>\n<p>Oggi si stima che <strong>plus de 30 000 \u0153uvres sign\u00e9es Picasso<\/strong> !<br \/>\n<a name=\"5\"><\/a><\/p>\n<h2><strong>Mus\u00e9e Pablo Picasso : \u00e0 quoi s&rsquo;attendre ?<\/strong><\/h2>\n<p><img decoding=\"async\" class=\"img-full\" title=\"museo\" src=\"https:\/\/bonjourbarcelone.fr\/wp-content\/uploads\/2017\/07\/Picasso-6.jpg\" alt=\"museo\" \/><\/p>\n<p>Il Museo Picasso di Barcellona \u00e8 ospitato in una delle cinque grandi case e palazzi in stile gotico di Calle Montcada (quartiere El Born).<\/p>\n<p><img decoding=\"async\" class=\"img-full\" title=\"tribunale\" src=\"https:\/\/bonjourbarcelone.fr\/wp-content\/uploads\/2017\/07\/Picasso-4.jpg\" alt=\"tribunale\" \/><\/p>\n<p>Un cortile interno con una scala esterna che sale da esso consente di accedere ai piani superiori.<\/p>\n<p>Dopo l'ampliamento della collezione, \u00e8 stato necessario ingrandire il museo.<br \/>\nSi \u00e8 diffuso negli edifici vicini:<\/p>\n<ul>\n<li>L'edificio principale \u00e8 l'ex Palacio Aguilar<\/li>\n<li>Il Palazzo del Barone di Castellet (antico palazzo medievale)<\/li>\n<li>Palazzo Meca<\/li>\n<li>Casa Mauri<\/li>\n<li>Palazzo Finestres<\/li>\n<\/ul>\n<p><strong>La superficie totale du mus\u00e9e est de plus de 10 000 m\u00b2<\/strong><\/p>\n<h3><strong>La collezione Picasso<\/strong><\/h3>\n<p>Il museo nasce da un'idea di <strong>Jaime Sabartes<\/strong> en 1935. Cet ami personnel et secr\u00e9taire de Pablo Picasso offre \u00e0 la ville ses toiles du ma\u00eetre et ce sont les premi\u00e8res \u00e0 \u00eatre expos\u00e9es au mus\u00e9e.<\/p>\n<p>Nel 1968, alla morte di Sabart\u00e9s, Picasso don\u00f2 all'istituzione una serie di 58 cornici delle Meninas, oltre a un ritratto di Sabart\u00e8s del 1901. Si impegn\u00f2 inoltre a fornire altre opere.<\/p>\n<p>En 1970, Picasso fait un nouveau don de 920 toiles de styles et de techniques vari\u00e9es. Les dons continuent, et le mus\u00e9e prend de l&rsquo;importance. Enfin, des particuliers et des galeries d&rsquo;art compl\u00e8tent la collection actuelle de <strong>4.249 opere<\/strong>.<\/p>\n<p><img decoding=\"async\" class=\"img-full\" title=\"tavoli\" src=\"https:\/\/bonjourbarcelone.fr\/wp-content\/uploads\/2017\/07\/Picasso-3.jpg\" alt=\"tavoli\" \/><\/p>\n<p>La maggior parte dei dipinti esposti risale al periodo compreso tra il 1890 e il 1917. I principali sono <strong>Scienza e carit\u00e0<\/strong> (1897) o <strong>l'Arlequin<\/strong>dipinto nel 1917.<\/p>\n<h4><strong>Contenuti della visita al Museo Picasso<\/strong><\/h4>\n<p>La visita alle collezioni \u00e8 organizzata in ordine cronologico:<\/p>\n<ul>\n<li>1 - Malaga<\/li>\n<li>2 - La Coru\u00f1a<\/li>\n<li>3 - Barcellona<\/li>\n<li>4 - Malaga: estati 1896 e 1897<\/li>\n<li>5 - Madrid<\/li>\n<li>6 - Horta de Sant Joan<\/li>\n<li>7 - Barcellona: 1899 \/ 1900<\/li>\n<li>8 - Parigi: 1900 \/ 1901<\/li>\n<li>9 - Periodo blu<\/li>\n<li>10 - Periodo rosa<\/li>\n<li>11 - Barcellona: 1917<\/li>\n<li>12 - 1917 - 1957<\/li>\n<li>13 - Les Menines<\/li>\n<li>14 - Incisioni<\/li>\n<li>15 &#8211; C\u00e9ramiques<\/li>\n<\/ul>\n<h3><strong>Combien de temps dure la visite du mus\u00e9e Picasso ?\u00a0<\/strong><\/h3>\n<p>Comptez entre 1h30 et 2h pour faire le tour de la collection permanente, avec, environ 20 minutes suppl\u00e9mentaires pour d\u00e9couvrir une exposition temporaire.<\/p>\n<h3><strong>Dois-je acheter mes billets pour le mus\u00e9e Picasso \u00e0 l&rsquo;avance \u00e0 Barcelone\u00a0 ?<\/strong><\/h3>\n<p><strong>Le mus\u00e9e recommande de r\u00e9server<\/strong>, car il peut y avoir une forte affluence lors de certaines p\u00e9riodes touristiques. Vous pourrez ainsi choisir la date et l&rsquo;heure de visite, pour avoir la certitude d&rsquo;entrer.<\/p>\n<h3><strong>Faut-il visiter le mus\u00e9e Picasso de Barcelone ?\u00a0<\/strong><\/h3>\n<p>Oui ! C&rsquo;est l&rsquo;occasion id\u00e9ale de se familiariser avec le style des d\u00e9buts de l&rsquo;artiste et de d\u00e9couvrir d&rsquo;autres facettes du travail de Picasso. Si vous aimez l&rsquo;art, que vous \u00eates curieux, vous serez conquis !<br \/>\n<a name=\"6\"><\/a><\/p>\n<h2><strong>Que voir et que faire autour du mus\u00e9e Picasso de Barcelone ?\u00a0<\/strong><\/h2>\n<p>Visita <strong>quelques suggestions de Bonjour Barcelone<\/strong>, pour poursuivre votre d\u00e9couverte de la ville dans les alentours du mus\u00e9e :<\/p>\n<ul>\n<li>D\u00e9couvrir le tr\u00e8s surprenant <a href=\"https:\/\/bonjourbarcelone.fr\/it\/museo-moco-barcellona\/\">mus\u00e9e Moco,<\/a> pour rester dans les arts !<\/li>\n<li>Marcher jusqu&rsquo;au <a href=\"https:\/\/bonjourbarcelone.fr\/it\/parco-della-ciutadella\/\">Parco della Ciutadella<\/a> et arpenter l&rsquo;un des plus beaux espaces verts de la ville<\/li>\n<li>Visita <a href=\"https:\/\/bonjourbarcelone.fr\/it\/chiesa-barcellona\/\" target=\"_blank\" rel=\"noopener\">l&rsquo;\u00c9glise Sainte-Marie-de-la-Mer de Barcelone<\/a><\/li>\n<\/ul>\n<p>Bonne d\u00e9couverte \u00e0 tous !<\/p>","protected":false},"excerpt":{"rendered":"<p>Je vous pr\u00e9sente le mus\u00e9e Picasso de Barcelone, dans ce\u00a0guide complet avec toutes les informations n\u00e9cessaires pour le visiter ! Vous trouverez notamment : Une pr\u00e9sentation du mus\u00e9e Picasso Ce qu&rsquo;on peut voir en le visitant Des informations pratiques : tarifs, horaires, r\u00e9servation, etc. M\u00e9rite-t-il le d\u00e9tour ? Que voir et que faire autour Et [&hellip;]<\/p>","protected":false},"author":2,"featured_media":692,"parent":0,"menu_order":0,"comment_status":"open","ping_status":"closed","template":"","meta":{"om_disable_all_campaigns":false,"_genesis_hide_title":false,"_genesis_hide_breadcrumbs":false,"_genesis_hide_singular_image":false,"_genesis_hide_footer_widgets":false,"_genesis_custom_body_class":"","_genesis_custom_post_class":"","_genesis_layout":"","footnotes":""},"class_list":{"0":"post-778","1":"page","2":"type-page","3":"status-publish","4":"has-post-thumbnail","6":"entry"},"yoast_head":"<!-- This site is optimized with the Yoast SEO plugin v26.5 - https:\/\/yoast.com\/wordpress\/plugins\/seo\/ -->\n<title>Mus\u00e9e Picasso Barcelone : faut-il le visiter ? [2026]<\/title>\n<meta name=\"description\" content=\"Voici le guide complet pour visiter le mus\u00e9e Picasso \u00e0 Barcelone. Informations pratiques, comment s&#039;y rendre, tout y est !\" \/>\n<meta name=\"robots\" content=\"index, follow, max-snippet:-1, max-image-preview:large, max-video-preview:-1\" \/>\n<link rel=\"canonical\" href=\"https:\/\/bonjourbarcelone.fr\/it\/museo-picasso-barcellona\/\" \/>\n<meta property=\"og:locale\" content=\"it_IT\" \/>\n<meta property=\"og:type\" content=\"article\" \/>\n<meta property=\"og:title\" content=\"Mus\u00e9e Picasso Barcelone : faut-il le visiter ? [2026]\" \/>\n<meta property=\"og:description\" content=\"Voici le guide complet pour visiter le mus\u00e9e Picasso \u00e0 Barcelone. Informations pratiques, comment s&#039;y rendre, tout y est !\" \/>\n<meta property=\"og:url\" content=\"https:\/\/bonjourbarcelone.fr\/it\/museo-picasso-barcellona\/\" \/>\n<meta property=\"og:site_name\" content=\"Visiter Barcelone\" \/>\n<meta property=\"article:modified_time\" content=\"2025-12-26T18:31:48+00:00\" \/>\n<meta property=\"og:image\" content=\"https:\/\/bonjourbarcelone.fr\/wp-content\/uploads\/2017\/07\/picasso-meninas.jpg\" \/>\n\t<meta property=\"og:image:width\" content=\"640\" \/>\n\t<meta property=\"og:image:height\" content=\"360\" \/>\n\t<meta property=\"og:image:type\" content=\"image\/jpeg\" \/>\n<meta name=\"twitter:card\" content=\"summary_large_image\" \/>\n<meta name=\"twitter:label1\" content=\"Tempo di lettura stimato\" \/>\n\t<meta name=\"twitter:data1\" content=\"11 minuti\" \/>\n<script type=\"application\/ld+json\" class=\"yoast-schema-graph\">{\"@context\":\"https:\/\/schema.org\",\"@graph\":[{\"@type\":\"WebPage\",\"@id\":\"https:\/\/bonjourbarcelone.fr\/musee-picasso-barcelone\/\",\"url\":\"https:\/\/bonjourbarcelone.fr\/musee-picasso-barcelone\/\",\"name\":\"Mus\u00e9e Picasso Barcelone : faut-il le visiter ? [2026]\",\"isPartOf\":{\"@id\":\"https:\/\/bonjourbarcelone.fr\/#website\"},\"primaryImageOfPage\":{\"@id\":\"https:\/\/bonjourbarcelone.fr\/musee-picasso-barcelone\/#primaryimage\"},\"image\":{\"@id\":\"https:\/\/bonjourbarcelone.fr\/musee-picasso-barcelone\/#primaryimage\"},\"thumbnailUrl\":\"https:\/\/bonjourbarcelone.fr\/wp-content\/uploads\/2017\/07\/picasso-meninas.jpg\",\"datePublished\":\"2025-12-14T11:50:16+00:00\",\"dateModified\":\"2025-12-26T18:31:48+00:00\",\"description\":\"Voici le guide complet pour visiter le mus\u00e9e Picasso \u00e0 Barcelone. Informations pratiques, comment s'y rendre, tout y est !\",\"breadcrumb\":{\"@id\":\"https:\/\/bonjourbarcelone.fr\/musee-picasso-barcelone\/#breadcrumb\"},\"inLanguage\":\"it-IT\",\"potentialAction\":[{\"@type\":\"ReadAction\",\"target\":[\"https:\/\/bonjourbarcelone.fr\/musee-picasso-barcelone\/\"]}]},{\"@type\":\"ImageObject\",\"inLanguage\":\"it-IT\",\"@id\":\"https:\/\/bonjourbarcelone.fr\/musee-picasso-barcelone\/#primaryimage\",\"url\":\"https:\/\/bonjourbarcelone.fr\/wp-content\/uploads\/2017\/07\/picasso-meninas.jpg\",\"contentUrl\":\"https:\/\/bonjourbarcelone.fr\/wp-content\/uploads\/2017\/07\/picasso-meninas.jpg\",\"width\":640,\"height\":360},{\"@type\":\"BreadcrumbList\",\"@id\":\"https:\/\/bonjourbarcelone.fr\/musee-picasso-barcelone\/#breadcrumb\",\"itemListElement\":[{\"@type\":\"ListItem\",\"position\":1,\"name\":\"Accueil\",\"item\":\"https:\/\/bonjourbarcelone.fr\/\"},{\"@type\":\"ListItem\",\"position\":2,\"name\":\"Mus\u00e9e Picasso Barcelone : faut-il le visiter ? [2026]\"}]},{\"@type\":\"WebSite\",\"@id\":\"https:\/\/bonjourbarcelone.fr\/#website\",\"url\":\"https:\/\/bonjourbarcelone.fr\/\",\"name\":\"Visiter Barcelone\",\"description\":\"Tout pour passer un s\u00e9jour inoubliable en 2026 !\",\"potentialAction\":[{\"@type\":\"SearchAction\",\"target\":{\"@type\":\"EntryPoint\",\"urlTemplate\":\"https:\/\/bonjourbarcelone.fr\/?s={search_term_string}\"},\"query-input\":{\"@type\":\"PropertyValueSpecification\",\"valueRequired\":true,\"valueName\":\"search_term_string\"}}],\"inLanguage\":\"it-IT\"}]}<\/script>\n<!-- \/ Yoast SEO plugin. -->","yoast_head_json":{"title":"Mus\u00e9e Picasso Barcelone : faut-il le visiter ? [2026]","description":"Ecco la guida completa alla visita del Museo Picasso di Barcellona. Informazioni pratiche, come arrivare, tutto qui!","robots":{"index":"index","follow":"follow","max-snippet":"max-snippet:-1","max-image-preview":"max-image-preview:large","max-video-preview":"max-video-preview:-1"},"canonical":"https:\/\/bonjourbarcelone.fr\/it\/museo-picasso-barcellona\/","og_locale":"it_IT","og_type":"article","og_title":"Mus\u00e9e Picasso Barcelone : faut-il le visiter ? [2026]","og_description":"Voici le guide complet pour visiter le mus\u00e9e Picasso \u00e0 Barcelone. Informations pratiques, comment s'y rendre, tout y est !","og_url":"https:\/\/bonjourbarcelone.fr\/it\/museo-picasso-barcellona\/","og_site_name":"Visiter Barcelone","article_modified_time":"2025-12-26T18:31:48+00:00","og_image":[{"width":640,"height":360,"url":"https:\/\/bonjourbarcelone.fr\/wp-content\/uploads\/2017\/07\/picasso-meninas.jpg","type":"image\/jpeg"}],"twitter_card":"summary_large_image","twitter_misc":{"Tempo di lettura stimato":"11 minuti"},"schema":{"@context":"https:\/\/schema.org","@graph":[{"@type":"WebPage","@id":"https:\/\/bonjourbarcelone.fr\/musee-picasso-barcelone\/","url":"https:\/\/bonjourbarcelone.fr\/musee-picasso-barcelone\/","name":"Mus\u00e9e Picasso Barcelone : faut-il le visiter ? [2026]","isPartOf":{"@id":"https:\/\/bonjourbarcelone.fr\/#website"},"primaryImageOfPage":{"@id":"https:\/\/bonjourbarcelone.fr\/musee-picasso-barcelone\/#primaryimage"},"image":{"@id":"https:\/\/bonjourbarcelone.fr\/musee-picasso-barcelone\/#primaryimage"},"thumbnailUrl":"https:\/\/bonjourbarcelone.fr\/wp-content\/uploads\/2017\/07\/picasso-meninas.jpg","datePublished":"2025-12-14T11:50:16+00:00","dateModified":"2025-12-26T18:31:48+00:00","description":"Ecco la guida completa alla visita del Museo Picasso di Barcellona. Informazioni pratiche, come arrivare, tutto qui!","breadcrumb":{"@id":"https:\/\/bonjourbarcelone.fr\/musee-picasso-barcelone\/#breadcrumb"},"inLanguage":"it-IT","potentialAction":[{"@type":"ReadAction","target":["https:\/\/bonjourbarcelone.fr\/musee-picasso-barcelone\/"]}]},{"@type":"ImageObject","inLanguage":"it-IT","@id":"https:\/\/bonjourbarcelone.fr\/musee-picasso-barcelone\/#primaryimage","url":"https:\/\/bonjourbarcelone.fr\/wp-content\/uploads\/2017\/07\/picasso-meninas.jpg","contentUrl":"https:\/\/bonjourbarcelone.fr\/wp-content\/uploads\/2017\/07\/picasso-meninas.jpg","width":640,"height":360},{"@type":"BreadcrumbList","@id":"https:\/\/bonjourbarcelone.fr\/musee-picasso-barcelone\/#breadcrumb","itemListElement":[{"@type":"ListItem","position":1,"name":"Accueil","item":"https:\/\/bonjourbarcelone.fr\/"},{"@type":"ListItem","position":2,"name":"Mus\u00e9e Picasso Barcelone : faut-il le visiter ? [2026]"}]},{"@type":"WebSite","@id":"https:\/\/bonjourbarcelone.fr\/#website","url":"https:\/\/bonjourbarcelone.fr\/","name":"Visitare Barcellona","description":"Tout pour passer un s\u00e9jour inoubliable en 2026 !","potentialAction":[{"@type":"SearchAction","target":{"@type":"EntryPoint","urlTemplate":"https:\/\/bonjourbarcelone.fr\/?s={search_term_string}"},"query-input":{"@type":"PropertyValueSpecification","valueRequired":true,"valueName":"search_term_string"}}],"inLanguage":"it-IT"}]}},"_links":{"self":[{"href":"https:\/\/bonjourbarcelone.fr\/it\/wp-json\/wp\/v2\/pages\/778","targetHints":{"allow":["GET"]}}],"collection":[{"href":"https:\/\/bonjourbarcelone.fr\/it\/wp-json\/wp\/v2\/pages"}],"about":[{"href":"https:\/\/bonjourbarcelone.fr\/it\/wp-json\/wp\/v2\/types\/page"}],"author":[{"embeddable":true,"href":"https:\/\/bonjourbarcelone.fr\/it\/wp-json\/wp\/v2\/users\/2"}],"replies":[{"embeddable":true,"href":"https:\/\/bonjourbarcelone.fr\/it\/wp-json\/wp\/v2\/comments?post=778"}],"version-history":[{"count":3,"href":"https:\/\/bonjourbarcelone.fr\/it\/wp-json\/wp\/v2\/pages\/778\/revisions"}],"predecessor-version":[{"id":4120,"href":"https:\/\/bonjourbarcelone.fr\/it\/wp-json\/wp\/v2\/pages\/778\/revisions\/4120"}],"wp:featuredmedia":[{"embeddable":true,"href":"https:\/\/bonjourbarcelone.fr\/it\/wp-json\/wp\/v2\/media\/692"}],"wp:attachment":[{"href":"https:\/\/bonjourbarcelone.fr\/it\/wp-json\/wp\/v2\/media?parent=778"}],"curies":[{"name":"wp","href":"https:\/\/api.w.org\/{rel}","templated":true}]}}