{"id":983,"date":"2017-09-07T11:22:35","date_gmt":"2017-09-07T11:22:35","guid":{"rendered":"http:\/\/thibaut.wpengine.com\/?page_id=983"},"modified":"2018-01-12T18:12:27","modified_gmt":"2018-01-12T18:12:27","slug":"informazioni-legali","status":"publish","type":"page","link":"https:\/\/bonjourbarcelone.fr\/it\/informazioni-legali\/","title":{"rendered":"Informazioni legali"},"content":{"rendered":"<p>I presenti termini e condizioni generali definiscono i termini e le condizioni di utilizzo del servizio web http:\/\/thibaut.wpengine.com.<br \/>\nL'utente riconosce di aver letto il presente documento e di accettarne tutte le informazioni, sia che l'utilizzo avvenga su base personale che professionale. Se l'utilizzo avviene su base professionale, l'utente garantisce di avere i poteri necessari per accettare le presenti condizioni generali all'interno della propria organizzazione.<\/p>\n<p><strong>Editore del sito<\/strong><br \/>\nQuesto sito web \u00e8 pubblicato da Thibaut Pakiry.<br \/>\nAzienda associata: Thibaut Pakiry Unipessoal Lda.<br \/>\nImposta di registro: 513 876 707<\/p>\n<p><strong>Hosting<\/strong><br \/>\nQuesto sito \u00e8 ospitato da Rainmaker digital, LLC :<\/p>\n<p><strong>Responsabilit\u00e0<\/strong><br \/>\nL'editore del sito fornisce un'ampia gamma di contenuti informativi gratuiti. Si impegna costantemente a garantire la qualit\u00e0 di questi contenuti. Tuttavia, \u00e8 responsabilit\u00e0 dell'utente assicurarsi che tali informazioni siano pertinenti alla propria situazione. Gli utenti si impegnano pertanto a utilizzare queste informazioni a proprio rischio e pericolo, esonerando l'editore da qualsiasi responsabilit\u00e0 in merito.<\/p>\n<p><strong>Propriet\u00e0 intellettuale<\/strong><br \/>\nLa struttura generale, i testi, le immagini, i video, il know-how e tutti gli altri elementi che compongono il sito sono di propriet\u00e0 esclusiva dell'editore del sito, salvo diversa indicazione.<\/p>\n<p>Qualsiasi rappresentazione totale o parziale di questo sito, da parte di chiunque, senza l'espressa autorizzazione dell'editore, \u00e8 vietata e costituisce un'infrazione punita dagli articoli L. 335-2 e seguenti del Codice della Propriet\u00e0 Intellettuale francese. Detto questo, in conformit\u00e0 con l'articolo L. 122-5 del Codice della Propriet\u00e0 Intellettuale francese, sono autorizzate brevi citazioni del contenuto, a condizione che il nome dell'autore e la fonte siano chiaramente indicati, mediante un link a una delle pagine di questo sito.<\/p>\n<p><strong>Responsabilit\u00e0 per l'utilizzo del servizio<\/strong><br \/>\nL'utente si impegna a non disturbare in alcun modo il funzionamento del servizio offerto su http:\/\/thibaut.wpengine.com.<br \/>\nIn particolare, gli utenti si impegnano a non pubblicare messaggi illeciti, diffamatori o ingiuriosi su tutto o parte del sito.<\/p>\n<p>I commenti pubblicati dagli utenti di Internet riflettono esclusivamente l'opinione dei loro autori e rimangono sotto la loro responsabilit\u00e0. Pubblicando commenti sul sito, gli utenti di Internet accettano di rispettare il diritto francese e internazionale.<\/p>\n<p>Gli amministratori del sito si riservano il diritto di moderare, modificare o cancellare qualsiasi commento che ritengano in violazione di queste leggi.<\/p>\n<p><strong>Biscotti<\/strong><br \/>\nGli utenti sono informati che i cookie possono essere installati sul loro browser. In ogni caso, gli utenti sono liberi di cancellare i cookie dal proprio browser.<\/p>\n<p><strong>Affiliazione\/partenariato<\/strong><br \/>\nIl mio obiettivo principale con questo blog \u00e8 quello di fornirvi il maggior valore possibile, gratuitamente. A tal fine, ho un rapporto di affiliazione\/partnership con alcuni fornitori di beni e servizi di cui parlo in questo blog. Posso quindi ricevere un compenso quando acquistate un bene o un servizio da questi fornitori, senza che questo aumenti il prezzo finale che pagate. Queste commissioni mi permettono di offrirvi sempre pi\u00f9 contenuti gratuitamente, quindi vi ringrazio se passate attraverso i miei link\/partner! Per integrit\u00e0 intellettuale e professionale, non raccomander\u00f2 mai un prodotto che non ritengo sinceramente di alta qualit\u00e0.<\/p>\n<p><strong>Propriet\u00e0<\/strong><br \/>\nQuesto sito \u00e8 di propriet\u00e0 esclusiva di Thibaut Pakiry.<\/p>","protected":false},"excerpt":{"rendered":"<p>Les pr\u00e9sentes conditions g\u00e9n\u00e9rales fixent les modalit\u00e9s d\u2019utilisation du service web http:\/\/thibaut.wpengine.com. L\u2019utilisateur reconnait avoir pris connaissance de ce document et accept\u00e9 l\u2019ensemble de ces informations, que cet usage soit fait \u00e0 titre personnel ou professionnel. Si cet usage est fait \u00e0 titre professionnel, l\u2019utilisateur garantit d\u00e9tenir les pouvoirs n\u00e9cessaires pour accepter ces conditions g\u00e9n\u00e9rales [&hellip;]<\/p>","protected":false},"author":2,"featured_media":0,"parent":0,"menu_order":0,"comment_status":"closed","ping_status":"closed","template":"","meta":{"om_disable_all_campaigns":false,"_genesis_hide_title":false,"_genesis_hide_breadcrumbs":false,"_genesis_hide_singular_image":false,"_genesis_hide_footer_widgets":false,"_genesis_custom_body_class":"","_genesis_custom_post_class":"","_genesis_layout":"","footnotes":""},"class_list":{"0":"post-983","1":"page","2":"type-page","3":"status-publish","5":"entry"},"yoast_head":"<!-- This site is optimized with the Yoast SEO plugin v26.5 - https:\/\/yoast.com\/wordpress\/plugins\/seo\/ -->\n<title>Mentions l\u00e9gales<\/title>\n<meta name=\"robots\" content=\"noindex, nofollow\" \/>\n<meta property=\"og:locale\" content=\"it_IT\" \/>\n<meta property=\"og:type\" content=\"article\" \/>\n<meta property=\"og:title\" content=\"Mentions l\u00e9gales\" \/>\n<meta property=\"og:description\" content=\"Les pr\u00e9sentes conditions g\u00e9n\u00e9rales fixent les modalit\u00e9s d\u2019utilisation du service web http:\/\/thibaut.wpengine.com. L\u2019utilisateur reconnait avoir pris connaissance de ce document et accept\u00e9 l\u2019ensemble de ces informations, que cet usage soit fait \u00e0 titre personnel ou professionnel. Si cet usage est fait \u00e0 titre professionnel, l\u2019utilisateur garantit d\u00e9tenir les pouvoirs n\u00e9cessaires pour accepter ces conditions g\u00e9n\u00e9rales [&hellip;]\" \/>\n<meta property=\"og:url\" content=\"https:\/\/bonjourbarcelone.fr\/it\/informazioni-legali\/\" \/>\n<meta property=\"og:site_name\" content=\"Visiter Barcelone\" \/>\n<meta property=\"article:modified_time\" content=\"2018-01-12T18:12:27+00:00\" \/>\n<meta name=\"twitter:card\" content=\"summary_large_image\" \/>\n<meta name=\"twitter:label1\" content=\"Tempo di lettura stimato\" \/>\n\t<meta name=\"twitter:data1\" content=\"3 minuti\" \/>\n<script type=\"application\/ld+json\" class=\"yoast-schema-graph\">{\"@context\":\"https:\/\/schema.org\",\"@graph\":[{\"@type\":\"WebPage\",\"@id\":\"https:\/\/bonjourbarcelone.fr\/mentions-legales\/\",\"url\":\"https:\/\/bonjourbarcelone.fr\/mentions-legales\/\",\"name\":\"Mentions l\u00e9gales\",\"isPartOf\":{\"@id\":\"https:\/\/bonjourbarcelone.fr\/#website\"},\"datePublished\":\"2017-09-07T11:22:35+00:00\",\"dateModified\":\"2018-01-12T18:12:27+00:00\",\"breadcrumb\":{\"@id\":\"https:\/\/bonjourbarcelone.fr\/mentions-legales\/#breadcrumb\"},\"inLanguage\":\"it-IT\",\"potentialAction\":[{\"@type\":\"ReadAction\",\"target\":[\"https:\/\/bonjourbarcelone.fr\/mentions-legales\/\"]}]},{\"@type\":\"BreadcrumbList\",\"@id\":\"https:\/\/bonjourbarcelone.fr\/mentions-legales\/#breadcrumb\",\"itemListElement\":[{\"@type\":\"ListItem\",\"position\":1,\"name\":\"Accueil\",\"item\":\"https:\/\/bonjourbarcelone.fr\/\"},{\"@type\":\"ListItem\",\"position\":2,\"name\":\"Mentions l\u00e9gales\"}]},{\"@type\":\"WebSite\",\"@id\":\"https:\/\/bonjourbarcelone.fr\/#website\",\"url\":\"https:\/\/bonjourbarcelone.fr\/\",\"name\":\"Visiter Barcelone\",\"description\":\"Tout pour passer un s\u00e9jour inoubliable en 2026 !\",\"potentialAction\":[{\"@type\":\"SearchAction\",\"target\":{\"@type\":\"EntryPoint\",\"urlTemplate\":\"https:\/\/bonjourbarcelone.fr\/?s={search_term_string}\"},\"query-input\":{\"@type\":\"PropertyValueSpecification\",\"valueRequired\":true,\"valueName\":\"search_term_string\"}}],\"inLanguage\":\"it-IT\"}]}<\/script>\n<!-- \/ Yoast SEO plugin. -->","yoast_head_json":{"title":"Informazioni legali","robots":{"index":"noindex","follow":"nofollow"},"og_locale":"it_IT","og_type":"article","og_title":"Mentions l\u00e9gales","og_description":"Les pr\u00e9sentes conditions g\u00e9n\u00e9rales fixent les modalit\u00e9s d\u2019utilisation du service web http:\/\/thibaut.wpengine.com. L\u2019utilisateur reconnait avoir pris connaissance de ce document et accept\u00e9 l\u2019ensemble de ces informations, que cet usage soit fait \u00e0 titre personnel ou professionnel. Si cet usage est fait \u00e0 titre professionnel, l\u2019utilisateur garantit d\u00e9tenir les pouvoirs n\u00e9cessaires pour accepter ces conditions g\u00e9n\u00e9rales [&hellip;]","og_url":"https:\/\/bonjourbarcelone.fr\/it\/informazioni-legali\/","og_site_name":"Visiter Barcelone","article_modified_time":"2018-01-12T18:12:27+00:00","twitter_card":"summary_large_image","twitter_misc":{"Tempo di lettura stimato":"3 minuti"},"schema":{"@context":"https:\/\/schema.org","@graph":[{"@type":"WebPage","@id":"https:\/\/bonjourbarcelone.fr\/mentions-legales\/","url":"https:\/\/bonjourbarcelone.fr\/mentions-legales\/","name":"Informazioni legali","isPartOf":{"@id":"https:\/\/bonjourbarcelone.fr\/#website"},"datePublished":"2017-09-07T11:22:35+00:00","dateModified":"2018-01-12T18:12:27+00:00","breadcrumb":{"@id":"https:\/\/bonjourbarcelone.fr\/mentions-legales\/#breadcrumb"},"inLanguage":"it-IT","potentialAction":[{"@type":"ReadAction","target":["https:\/\/bonjourbarcelone.fr\/mentions-legales\/"]}]},{"@type":"BreadcrumbList","@id":"https:\/\/bonjourbarcelone.fr\/mentions-legales\/#breadcrumb","itemListElement":[{"@type":"ListItem","position":1,"name":"Accueil","item":"https:\/\/bonjourbarcelone.fr\/"},{"@type":"ListItem","position":2,"name":"Mentions l\u00e9gales"}]},{"@type":"WebSite","@id":"https:\/\/bonjourbarcelone.fr\/#website","url":"https:\/\/bonjourbarcelone.fr\/","name":"Visitare Barcellona","description":"Tout pour passer un s\u00e9jour inoubliable en 2026 !","potentialAction":[{"@type":"SearchAction","target":{"@type":"EntryPoint","urlTemplate":"https:\/\/bonjourbarcelone.fr\/?s={search_term_string}"},"query-input":{"@type":"PropertyValueSpecification","valueRequired":true,"valueName":"search_term_string"}}],"inLanguage":"it-IT"}]}},"_links":{"self":[{"href":"https:\/\/bonjourbarcelone.fr\/it\/wp-json\/wp\/v2\/pages\/983","targetHints":{"allow":["GET"]}}],"collection":[{"href":"https:\/\/bonjourbarcelone.fr\/it\/wp-json\/wp\/v2\/pages"}],"about":[{"href":"https:\/\/bonjourbarcelone.fr\/it\/wp-json\/wp\/v2\/types\/page"}],"author":[{"embeddable":true,"href":"https:\/\/bonjourbarcelone.fr\/it\/wp-json\/wp\/v2\/users\/2"}],"replies":[{"embeddable":true,"href":"https:\/\/bonjourbarcelone.fr\/it\/wp-json\/wp\/v2\/comments?post=983"}],"version-history":[{"count":0,"href":"https:\/\/bonjourbarcelone.fr\/it\/wp-json\/wp\/v2\/pages\/983\/revisions"}],"wp:attachment":[{"href":"https:\/\/bonjourbarcelone.fr\/it\/wp-json\/wp\/v2\/media?parent=983"}],"curies":[{"name":"wp","href":"https:\/\/api.w.org\/{rel}","templated":true}]}}